{"id":5329,"date":"2024-11-13T11:44:25","date_gmt":"2024-11-13T03:44:25","guid":{"rendered":"https:\/\/www.qualitester.com\/?post_type=product&#038;p=5329"},"modified":"2024-12-05T11:27:13","modified_gmt":"2024-12-05T03:27:13","slug":"sale-paper-air-permeance-tester","status":"publish","type":"product","link":"https:\/\/www.qualitester.com\/hu\/termek\/sale-paper-air-permeance-tester\/","title":{"rendered":"TQD-01 leveg\u0151 \u00e1tereszt\u0151k\u00e9pess\u00e9g-ellen\u0151rz\u0151 k\u00e9sz\u00fcl\u00e9k"},"content":{"rendered":"<h2><strong>Bevezet\u00e9s a pap\u00edr l\u00e9g\u00e1tereszt\u0151 k\u00e9pess\u00e9gm\u00e9r\u0151h\u00f6z<\/strong><\/h2>\n<p>A <strong>Pap\u00edr l\u00e9gpermeancia tesztel\u0151<\/strong> alapvet\u0151 eszk\u00f6z a pap\u00edr \u00e9s karton anyagok l\u00e9g\u00e1tereszt\u0151 k\u00e9pess\u00e9g\u00e9nek meghat\u00e1roz\u00e1s\u00e1hoz, ami kulcsfontoss\u00e1g\u00fa az olyan ipar\u00e1gak sz\u00e1m\u00e1ra, mint a csomagol\u00e1s, a pap\u00edrgy\u00e1rt\u00e1s \u00e9s a textilipar. Ez a m\u00e9r\u0151m\u0171szer a Schopper-m\u00f3dszerrel m\u00e9ri a leveg\u0151 \u00e1raml\u00e1s\u00e1t az anyagokon kereszt\u00fcl, pontos \u00e9s megb\u00edzhat\u00f3 eredm\u00e9nyeket szolg\u00e1ltat az 1\u00d710^-2 \u00e9s 1\u00d710\u00b2 \u00b5m\/(Pa-s) k\u00f6z\u00f6tti l\u00e9g\u00e1tereszt\u0151 k\u00e9pess\u00e9g\u0171 pap\u00edrok \u00e9s kartonok eset\u00e9ben. A <strong>pap\u00edr l\u00e9g\u00e1tereszt\u00e9s teszter<\/strong> \u00fagy tervezt\u00e9k, hogy megfeleljen a nemzetk\u00f6zi vizsg\u00e1lati szabv\u00e1nyoknak, biztos\u00edtva, hogy az anyagok megfeleljenek a l\u00e9g\u00e1tereszt\u0151 k\u00e9pess\u00e9gre vonatkoz\u00f3 k\u00fcl\u00f6nleges k\u00f6vetelm\u00e9nyeknek, ami a csomagol\u00e1sban, sz\u0171r\u00e9sben \u00e9s egy\u00e9b alkalmaz\u00e1sokban ny\u00fajtott teljes\u00edtm\u00e9ny\u00fck szempontj\u00e1b\u00f3l kritikus fontoss\u00e1g\u00fa.<\/p>\n<p>A tesztel\u0151 ide\u00e1lis a legk\u00fcl\u00f6nb\u00f6z\u0151bb pap\u00edrt\u00edpusok, p\u00e9ld\u00e1ul m\u00e1sol\u00f3pap\u00edr, cementzs\u00e1kpap\u00edr, ipari sz\u0171r\u0151pap\u00edr \u00e9s pap\u00edrzacsk\u00f3k eset\u00e9ben. Nem alkalmas azonban durva fel\u00fclet\u0171 anyagokhoz, p\u00e9ld\u00e1ul kreppelt vagy hull\u00e1mpap\u00edrokhoz, amelyeket nem lehet biztons\u00e1gosan r\u00f6gz\u00edteni a sziv\u00e1rg\u00e1s megakad\u00e1lyoz\u00e1sa \u00e9rdek\u00e9ben.<\/p>\n<h2><strong>F\u0151 jellemz\u0151k<\/strong><\/h2>\n<ul>\n<li><strong>Pontos m\u00e9r\u00e9s<\/strong>: Pontosan m\u00e9ri a pap\u00edr- \u00e9s kartonanyagok l\u00e9g\u00e1tereszt\u0151 k\u00e9pess\u00e9g\u00e9t.<\/li>\n<li><strong>Schopper m\u00f3dszer<\/strong>: A szabv\u00e1nyos\u00edtott Schopper-m\u00f3dszert haszn\u00e1lja a k\u00f6vetkezetes, megism\u00e9telhet\u0151 eredm\u00e9nyek \u00e9rdek\u00e9ben.<\/li>\n<li><strong>Sz\u00e9lesk\u00f6r\u0171 anyagkompatibilit\u00e1s<\/strong>: Alkalmas a pap\u00edrt\u00edpusok sz\u00e9les sk\u00e1l\u00e1j\u00e1nak vizsg\u00e1lat\u00e1ra, bele\u00e9rtve az ipari sz\u0171r\u0151pap\u00edrt, cementzs\u00e1kokat \u00e9s m\u00e1sol\u00f3pap\u00edrt.<\/li>\n<li><strong>Szabv\u00e1nyoknak val\u00f3 megfelel\u00e9s<\/strong>: Megfelel t\u00f6bb nemzetk\u00f6zi \u00e9s ipari szabv\u00e1nynak a l\u00e9g\u00e1tereszt\u0151 k\u00e9pess\u00e9g vizsg\u00e1lat\u00e1ra.<\/li>\n<li><strong>K\u00f6nny\u0171 haszn\u00e1lat<\/strong>: Egyszer\u0171 \u00e9s intuit\u00edv m\u0171k\u00f6d\u00e9s a gyors tesztel\u00e9shez \u00e9s adatgy\u0171jt\u00e9shez.<\/li>\n<\/ul>\n<h2><strong>Hogyan m\u0171k\u00f6dik a pap\u00edr l\u00e9g\u00e1tereszt\u0151 k\u00e9pess\u00e9g tesztel\u0151je<\/strong><\/h2>\n<p>A <strong>pap\u00edr l\u00e9g\u00e1tereszt\u00e9s teszter<\/strong> \u00fagy m\u0171k\u00f6dik, hogy egy pap\u00edr- vagy kartonmint\u00e1t k\u00e9t l\u00e9gmentes k\u00f6r alak\u00fa t\u00f6m\u00edt\u00e9s k\u00f6z\u00e9 szor\u00edt. A minta egyik oldala l\u00e9gk\u00f6ri nyom\u00e1snak van kit\u00e9ve, mik\u00f6zben a vizsg\u00e1lati ter\u00fcleten kis, szab\u00e1lyozott nyom\u00e1sk\u00fcl\u00f6nbs\u00e9g tarthat\u00f3 fenn. A tesztel\u0151 ezut\u00e1n m\u00e9ri a leveg\u0151 \u00e1raml\u00e1s\u00e1t a mint\u00e1n kereszt\u00fcl ilyen k\u00f6r\u00fclm\u00e9nyek k\u00f6z\u00f6tt, \u00e9s a l\u00e9g\u00e1raml\u00e1si sebess\u00e9g \u00e9s a nyom\u00e1sk\u00fcl\u00f6nbs\u00e9g alapj\u00e1n kisz\u00e1m\u00edtja a leveg\u0151 \u00e1tereszt\u0151k\u00e9pess\u00e9g\u00e9t.<\/p>\n<h3><strong>Vizsg\u00e1lati m\u00f3dszer<\/strong><\/h3>\n<ol>\n<li><strong>Minta el\u0151k\u00e9sz\u00edt\u00e9se<\/strong>: A pap\u00edrmint\u00e1t a k\u00e9t t\u00f6m\u00edt\u00e9s k\u00f6z\u00e9 szor\u00edtjuk, hogy elker\u00fclj\u00fck a sziv\u00e1rg\u00e1st.<\/li>\n<li><strong>Nyom\u00e1sszab\u00e1lyoz\u00e1s<\/strong>: A mint\u00e1n kis, de \u00e1lland\u00f3 nyom\u00e1sk\u00fcl\u00f6nbs\u00e9get alkalmazunk a val\u00f3s k\u00f6r\u00fclm\u00e9nyek szimul\u00e1l\u00e1sa \u00e9rdek\u00e9ben.<\/li>\n<li><strong>M\u00e9r\u00e9s<\/strong>: A vizsg\u00e1l\u00f3berendez\u00e9s egy meghat\u00e1rozott id\u0151 alatt m\u00e9ri a pap\u00edrmint\u00e1n \u00e1t\u00e1raml\u00f3 leveg\u0151 mennyis\u00e9g\u00e9t, \u00e9s kisz\u00e1m\u00edtja a l\u00e9g\u00e1tereszt\u0151 k\u00e9pess\u00e9get mikrom\u00e9ter per pascal m\u00e1sodpercben (\u00b5m\/(Pa-s)).<\/li>\n<\/ol>\n<p>Ez a m\u00f3dszer biztos\u00edtja, hogy az eredm\u00e9nyek megb\u00edzhat\u00f3ak \u00e9s reprezentat\u00edvak legyenek a pap\u00edr val\u00f3di l\u00e9g\u00e1tereszt\u0151 k\u00e9pess\u00e9g\u00e9t illet\u0151en, \u00edgy a <strong>pap\u00edr l\u00e9g\u00e1tereszt\u00e9s teszter<\/strong> az anyagteljes\u00edtm\u00e9ny \u00e9rt\u00e9kel\u00e9s\u00e9nek alapvet\u0151 eszk\u00f6ze.<\/p>\n<h2><strong>A pap\u00edr l\u00e9g\u00e1tereszt\u0151 k\u00e9pess\u00e9g\u00e9nek vizsg\u00e1lat\u00e1ra vonatkoz\u00f3 szabv\u00e1nyok<\/strong><\/h2>\n<p>A <strong>pap\u00edr l\u00e9g\u00e1tereszt\u00e9s teszter<\/strong> sz\u00e1mos kulcsfontoss\u00e1g\u00fa nemzetk\u00f6zi \u00e9s ipar\u00e1gi szabv\u00e1nyt betart, biztos\u00edtva, hogy az \u00d6n tesztel\u00e9si folyamata pontos \u00e9s a glob\u00e1lis legjobb gyakorlatoknak megfelel\u0151 legyen:<\/p>\n<ul>\n<li><a href=\"https:\/\/www.iso.org\/standard\/11719.html\" target=\"_blank\" rel=\"noopener nofollow\"><strong>ISO 5636-2<\/strong><\/a>: Szabv\u00e1ny a pap\u00edr \u00e9s karton l\u00e9g\u00e1tereszt\u0151 k\u00e9pess\u00e9g\u00e9nek Schopper-m\u00f3dszerrel t\u00f6rt\u00e9n\u0151 m\u00e9r\u00e9s\u00e9re.<\/li>\n<li><a href=\"https:\/\/www.iso.org\/standard\/52431.html\" target=\"_blank\" rel=\"noopener nofollow\"><strong>ISO 5636-3<\/strong><\/a>: Meghat\u00e1rozza a k\u00fcl\u00f6nb\u00f6z\u0151 pap\u00edr- \u00e9s kartonanyagok l\u00e9g\u00e1tereszt\u0151 k\u00e9pess\u00e9g\u00e9nek m\u00e9r\u00e9si m\u00f3dszereit.<\/li>\n<li><a href=\"https:\/\/www.iso.org\/standard\/53062.html\" target=\"_blank\" rel=\"noopener nofollow\"><strong>ISO 5636-5<\/strong><\/a>: Tov\u00e1bbi ir\u00e1nyelvek a l\u00e9g\u00e1tereszt\u0151 k\u00e9pess\u00e9g vizsg\u00e1lat\u00e1hoz v\u00e1ltoz\u00f3 k\u00f6rnyezeti felt\u00e9telek mellett.<\/li>\n<li><strong>GB\/T 458<\/strong>: K\u00ednai nemzeti szabv\u00e1ny a pap\u00edr \u00e9s karton l\u00e9g\u00e1tereszt\u0151 k\u00e9pess\u00e9g\u00e9nek meghat\u00e1roz\u00e1s\u00e1ra.<\/li>\n<li><strong>QB\/1667<\/strong>: Ipari szabv\u00e1ny a csomagol\u00f3anyagok l\u00e9g\u00e1tereszt\u0151 k\u00e9pess\u00e9g\u00e9nek vizsg\u00e1lat\u00e1ra.<\/li>\n<\/ul>\n<h3><strong>A szabv\u00e1nyoknak val\u00f3 megfelel\u00e9s fontoss\u00e1ga<\/strong><\/h3>\n<p>Ezen el\u0151\u00edr\u00e1sok betart\u00e1s\u00e1val a <strong>pap\u00edr l\u00e9g\u00e1tereszt\u00e9s teszter<\/strong> biztos\u00edtja, hogy az \u00d6n eredm\u00e9nyei k\u00f6vetkezetesek \u00e9s vil\u00e1gszerte elismertek legyenek. Ez kulcsfontoss\u00e1g\u00fa az olyan ipar\u00e1gak sz\u00e1m\u00e1ra, ahol a jogszab\u00e1lyi megfelel\u00e9s \u00e9s a min\u0151s\u00e9gellen\u0151rz\u00e9s l\u00e9tfontoss\u00e1g\u00fa, p\u00e9ld\u00e1ul az \u00e9lelmiszer- \u00e9s gy\u00f3gyszeriparban haszn\u00e1lt csomagol\u00f3anyagok eset\u00e9ben.<\/p>\n<h2><strong>F\u0151 param\u00e9terek<\/strong><\/h2>\n<table>\n<tbody>\n<tr>\n<td style=\"text-align: center;\" width=\"224\">Teszt tartom\u00e1ny<\/td>\n<td style=\"text-align: center;\" width=\"267\">1\uff5e1000\uff09ml\/min vagy 0~17um\/(Pa.s)<\/td>\n<\/tr>\n<tr>\n<td style=\"text-align: center;\" width=\"224\">Tesztter\u00fclet<\/td>\n<td style=\"text-align: center;\" width=\"267\">10\u00b10.2cm\u00b2<\/td>\n<\/tr>\n<tr>\n<td style=\"text-align: center;\" width=\"224\">Vizsg\u00e1lati ter\u00fclet nyom\u00e1sk\u00fcl\u00f6nbs\u00e9g<\/td>\n<td style=\"text-align: center;\" width=\"267\">1\u00b10,01kpa<\/td>\n<\/tr>\n<tr>\n<td style=\"text-align: center;\" colspan=\"1\" rowspan=\"2\" width=\"224\">Pontoss\u00e1g<\/td>\n<td style=\"text-align: center;\" width=\"267\">&lt;100ml t\u00e9rfogathiba 1ml<\/td>\n<\/tr>\n<tr>\n<td style=\"text-align: center;\" width=\"267\">&gt;100ml t\u00e9rfogathiba 5ml<\/td>\n<\/tr>\n<tr>\n<td style=\"text-align: center;\" width=\"224\">Szor\u00edt\u00f3gy\u0171r\u0171 bels\u0151 \u00e1tm\u00e9r\u0151je<\/td>\n<td style=\"text-align: center;\" width=\"267\">35.68\u00b10.05mm<\/td>\n<\/tr>\n<tr>\n<td style=\"text-align: center;\" width=\"224\">R\u00f6gz\u00edt\u0151gy\u0171r\u0171k k\u00f6z\u00e9pponti koaxialit\u00e1s<\/td>\n<td style=\"text-align: center;\" width=\"267\">&lt;0.05mm<\/td>\n<\/tr>\n<tr>\n<td style=\"text-align: center;\" width=\"224\">M\u00e9retek<\/td>\n<td style=\"text-align: center;\" width=\"267\">400*300*1200mm<\/td>\n<\/tr>\n<\/tbody>\n<\/table>\n<h2><strong>A pap\u00edr l\u00e9gpermeancia-vizsg\u00e1l\u00f3 alkalmaz\u00e1sai<\/strong><\/h2>\n<p>A <strong>pap\u00edr l\u00e9g\u00e1tereszt\u00e9s teszter<\/strong> sz\u00e1mos olyan ipar\u00e1gban sz\u00e9lesk\u00f6r\u0171en alkalmazhat\u00f3, ahol a pap\u00edr alap\u00fa term\u00e9kek l\u00e9g\u00e1tereszt\u0151 k\u00e9pess\u00e9g\u00e9nek pontos m\u00e9r\u00e9s\u00e9re van sz\u00fcks\u00e9g:<\/p>\n<ul>\n<li><strong>Csomagol\u00e1s<\/strong>: Olyan anyagok vizsg\u00e1lat\u00e1ra, mint a pap\u00edrzs\u00e1kok, cementzs\u00e1kok \u00e9s ipari sz\u0171r\u0151pap\u00edrok, amelyek csomagol\u00e1si c\u00e9lokra val\u00f3 alkalmass\u00e1g\u00e1t biztos\u00edtja.<\/li>\n<li><strong>Text\u00edli\u00e1k<\/strong>: A leveg\u0151\u00e1tereszt\u0151 k\u00e9pess\u00e9g m\u00e9r\u00e9se a textilipari alkalmaz\u00e1sokban haszn\u00e1lt pap\u00edranyagokban, p\u00e9ld\u00e1ul pap\u00edr alap\u00fa sz\u0171r\u0151kben.<\/li>\n<li><strong>\u00c9lelmiszerek \u00e9s gy\u00f3gyszerek<\/strong>: Az \u00e9lelmiszer- \u00e9s gy\u00f3gyszeriparban haszn\u00e1lt pap\u00edr csomagol\u00f3anyagok megfelel\u0151 l\u00e9g\u00e1tereszt\u0151 k\u00e9pess\u00e9g\u00e9nek biztos\u00edt\u00e1sa a term\u00e9kek v\u00e9delm\u00e9nek \u00e9s min\u0151s\u00e9g\u00e9nek garant\u00e1l\u00e1sa \u00e9rdek\u00e9ben.<\/li>\n<li><strong>Min\u0151s\u00e9gellen\u0151rz\u00e9s<\/strong>: Annak biztos\u00edt\u00e1sa, hogy minden pap\u00edrterm\u00e9k megfeleljen a tervezett felhaszn\u00e1l\u00e1si ter\u00fcletre vonatkoz\u00f3 l\u00e9g\u00e1tereszt\u00e9si szabv\u00e1nyoknak.<\/li>\n<\/ul>\n<h2><strong>A pap\u00edr l\u00e9g\u00e1tereszt\u0151 k\u00e9pess\u00e9gm\u00e9r\u0151 el\u0151nyei<\/strong><\/h2>\n<ul>\n<li><strong>Precizit\u00e1s \u00e9s pontoss\u00e1g<\/strong>: The <strong>pap\u00edr l\u00e9g\u00e1tereszt\u00e9s teszter<\/strong> megb\u00edzhat\u00f3, megism\u00e9telhet\u0151 eredm\u00e9nyeket biztos\u00edt, seg\u00edtve a gy\u00e1rt\u00f3kat a term\u00e9kmin\u0151s\u00e9g \u00e9s a megfelel\u0151s\u00e9g biztos\u00edt\u00e1s\u00e1ban.<\/li>\n<li><strong>Alkalmaz\u00e1sok sz\u00e9les k\u00f6re<\/strong>: K\u00fcl\u00f6nb\u00f6z\u0151 pap\u00edrt\u00edpusok vizsg\u00e1lat\u00e1ra haszn\u00e1lhat\u00f3, az ipari sz\u0171r\u0151pap\u00edrt\u00f3l a csomagol\u00f3anyagokig.<\/li>\n<li><strong>A szabv\u00e1nyoknak val\u00f3 megfelel\u00e9s<\/strong>: Megfelel a l\u00e9g\u00e1tereszt\u0151 k\u00e9pess\u00e9g vizsg\u00e1lat\u00e1ra vonatkoz\u00f3 nemzetk\u00f6zi szabv\u00e1nyoknak, biztos\u00edtva a k\u00f6vetkezetess\u00e9get \u00e9s megb\u00edzhat\u00f3s\u00e1got.<\/li>\n<li><strong>K\u00f6nny\u0171 kezelhet\u0151s\u00e9g<\/strong>: Egyszer\u0171 \u00e9s felhaszn\u00e1l\u00f3bar\u00e1t kezel\u0151fel\u00fclet a gyors \u00e9s hat\u00e9kony tesztel\u00e9shez b\u00e1rmilyen laborat\u00f3riumi vagy termel\u00e9si k\u00f6rnyezetben.<\/li>\n<\/ul>\n<p>A <strong>Pap\u00edr l\u00e9gpermeancia tesztel\u0151<\/strong> n\u00e9lk\u00fcl\u00f6zhetetlen eszk\u00f6z a gy\u00e1rt\u00f3k, min\u0151s\u00e9gellen\u0151rz\u0151 laborat\u00f3riumok \u00e9s kutat\u00f3int\u00e9zetek sz\u00e1m\u00e1ra, amelyeknek a pap\u00edr- \u00e9s kartonanyagok l\u00e9g\u00e1tereszt\u0151 k\u00e9pess\u00e9g\u00e9t kell m\u00e9rni\u00fck. A Schopper-m\u00f3dszer alkalmaz\u00e1s\u00e1val pontos \u00e9s konzisztens eredm\u00e9nyeket biztos\u00edt, amelyek megfelelnek a nemzetk\u00f6zi vizsg\u00e1lati szabv\u00e1nyoknak. Ak\u00e1r a csomagol\u00f3anyagokkal, text\u00edli\u00e1kkal, \u00e9lelmiszerekkel vagy gy\u00f3gyszerekkel foglalkozik, a <strong>pap\u00edr l\u00e9g\u00e1tereszt\u00e9s teszter<\/strong> alapvet\u0151 teljes\u00edtm\u00e9nyadatokat k\u00edn\u00e1l a pap\u00edr alap\u00fa term\u00e9kek min\u0151s\u00e9g\u00e9nek \u00e9s megb\u00edzhat\u00f3s\u00e1g\u00e1nak garant\u00e1l\u00e1s\u00e1hoz.<\/p>\n<p>K\u00f6nny\u0171 kezelhet\u0151s\u00e9g\u00e9vel, sokoldal\u00fas\u00e1g\u00e1val \u00e9s pontoss\u00e1g\u00e1val ez a tesztel\u0151 \u00e9rt\u00e9kes kieg\u00e9sz\u00edt\u0151je b\u00e1rmely laborat\u00f3riumnak vagy min\u0151s\u00e9gellen\u0151rz\u00e9si folyamatnak, biztos\u00edtva, hogy az anyagok a val\u00f3s k\u00f6r\u00fclm\u00e9nyek k\u00f6z\u00f6tt az elv\u00e1rtaknak megfelel\u0151en teljes\u00edtsenek.<\/p>","protected":false},"excerpt":{"rendered":"<p>A <strong>Pap\u00edr l\u00e9gpermeancia tesztel\u0151<\/strong> alapvet\u0151 eszk\u00f6z a pap\u00edr \u00e9s karton anyagok l\u00e9g\u00e1tereszt\u0151 k\u00e9pess\u00e9g\u00e9nek meghat\u00e1roz\u00e1s\u00e1hoz, ami kulcsfontoss\u00e1g\u00fa az olyan ipar\u00e1gak sz\u00e1m\u00e1ra, mint a csomagol\u00e1s, a pap\u00edrgy\u00e1rt\u00e1s \u00e9s a textilipar. Ez a m\u00e9r\u0151m\u0171szer a Schopper-m\u00f3dszerrel m\u00e9ri a leveg\u0151 \u00e1raml\u00e1s\u00e1t az anyagokon kereszt\u00fcl, pontos \u00e9s megb\u00edzhat\u00f3 eredm\u00e9nyeket szolg\u00e1ltat az 1\u00d710^-2 \u00e9s 1\u00d710\u00b2 \u00b5m\/(Pa-s) k\u00f6z\u00f6tti l\u00e9g\u00e1tereszt\u0151 k\u00e9pess\u00e9g\u0171 pap\u00edrok \u00e9s kartonok eset\u00e9ben. A <strong>pap\u00edr l\u00e9g\u00e1tereszt\u00e9s teszter<\/strong> \u00fagy tervezt\u00e9k, hogy megfeleljen a nemzetk\u00f6zi vizsg\u00e1lati szabv\u00e1nyoknak, biztos\u00edtva, hogy az anyagok megfeleljenek a l\u00e9g\u00e1tereszt\u0151 k\u00e9pess\u00e9gre vonatkoz\u00f3 k\u00fcl\u00f6nleges k\u00f6vetelm\u00e9nyeknek, ami a csomagol\u00e1sban, sz\u0171r\u00e9sben \u00e9s egy\u00e9b alkalmaz\u00e1sokban ny\u00fajtott teljes\u00edtm\u00e9ny\u00fck szempontj\u00e1b\u00f3l kritikus fontoss\u00e1g\u00fa.<\/p>","protected":false},"featured_media":6203,"comment_status":"closed","ping_status":"closed","template":"","meta":{"site-sidebar-layout":"default","site-content-layout":"default","ast-global-header-display":"","ast-main-header-display":"","ast-hfb-above-header-display":"","ast-hfb-below-header-display":"","ast-hfb-mobile-header-display":"","site-post-title":"","ast-breadcrumbs-content":"","ast-featured-img":"","footer-sml-layout":"","theme-transparent-header-meta":"default","adv-header-id-meta":"","stick-header-meta":"","header-above-stick-meta":"","header-main-stick-meta":"","header-below-stick-meta":""},"product_cat":[845,953,956,955,1155,1156,1157,954,957,958,952,959,962,685,44,95],"product_tag":[],"class_list":{"0":"post-5329","1":"product","2":"type-product","3":"status-publish","4":"has-post-thumbnail","6":"product_cat-customization","7":"product_cat-bursting-tester","8":"product_cat-cobb-tester","9":"product_cat-crush-tester","10":"product_cat-iso-5636-2","11":"product_cat-iso-5636-3","12":"product_cat-iso-5636-5","13":"product_cat-paper-tear-tester","14":"product_cat-plybond-tester","15":"product_cat-puncture-tester","16":"product_cat-rub-tester","17":"product_cat-stiffness-tester","18":"product_cat-thickness-gauges","19":"product_cat-thickness-tester","20":"product_cat-paper-and-board-testers","21":"product_cat-products","22":"desktop-align-left","23":"tablet-align-left","24":"mobile-align-left","26":"first","27":"instock","28":"shipping-taxable","29":"product-type-simple"},"_links":{"self":[{"href":"https:\/\/www.qualitester.com\/hu\/wp-json\/wp\/v2\/product\/5329","targetHints":{"allow":["GET"]}}],"collection":[{"href":"https:\/\/www.qualitester.com\/hu\/wp-json\/wp\/v2\/product"}],"about":[{"href":"https:\/\/www.qualitester.com\/hu\/wp-json\/wp\/v2\/types\/product"}],"replies":[{"embeddable":true,"href":"https:\/\/www.qualitester.com\/hu\/wp-json\/wp\/v2\/comments?post=5329"}],"version-history":[{"count":0,"href":"https:\/\/www.qualitester.com\/hu\/wp-json\/wp\/v2\/product\/5329\/revisions"}],"wp:featuredmedia":[{"embeddable":true,"href":"https:\/\/www.qualitester.com\/hu\/wp-json\/wp\/v2\/media\/6203"}],"wp:attachment":[{"href":"https:\/\/www.qualitester.com\/hu\/wp-json\/wp\/v2\/media?parent=5329"}],"wp:term":[{"taxonomy":"product_cat","embeddable":true,"href":"https:\/\/www.qualitester.com\/hu\/wp-json\/wp\/v2\/product_cat?post=5329"},{"taxonomy":"product_tag","embeddable":true,"href":"https:\/\/www.qualitester.com\/hu\/wp-json\/wp\/v2\/product_tag?post=5329"}],"curies":[{"name":"wp","href":"https:\/\/api.w.org\/{rel}","templated":true}]}}