{"id":5324,"date":"2024-11-13T11:36:35","date_gmt":"2024-11-13T03:36:35","guid":{"rendered":"https:\/\/www.qualitester.com\/?post_type=product&#038;p=5324"},"modified":"2024-12-05T11:23:52","modified_gmt":"2024-12-05T03:23:52","slug":"sale-tissue-thickness-gauge","status":"publish","type":"product","link":"https:\/\/www.qualitester.com\/hu\/termek\/sale-tissue-thickness-gauge\/","title":{"rendered":"THD-01 Sz\u00f6vetvastags\u00e1gm\u00e9r\u0151"},"content":{"rendered":"<h2><strong>Bevezet\u00e9s a sz\u00f6vetvastags\u00e1g \u00e9s a sz\u00f6vetvastags\u00e1gm\u00e9r\u0151 vizsg\u00e1lati m\u00f3dszerekbe<\/strong><\/h2>\n<p>A sz\u00f6vetvastags\u00e1g a selyempap\u00edrterm\u00e9kek egyik legfontosabb min\u0151s\u00e9gi jellemz\u0151je, amely befoly\u00e1solja azok szil\u00e1rds\u00e1g\u00e1t, nedvsz\u00edv\u00f3 k\u00e9pess\u00e9g\u00e9t \u00e9s puhas\u00e1g\u00e1t. A sz\u00f6vetvastags\u00e1g pontos m\u00e9r\u00e9se kulcsfontoss\u00e1g\u00fa a gy\u00e1rt\u00f3k sz\u00e1m\u00e1ra a term\u00e9kek konzisztenci\u00e1j\u00e1nak \u00e9s az ipari szabv\u00e1nyoknak val\u00f3 megfelel\u00e9snek a biztos\u00edt\u00e1sa \u00e9rdek\u00e9ben. A vastags\u00e1gvizsg\u00e1lat k\u00fcl\u00f6n\u00f6sen fontos a csomagol\u00e1si, orvosi \u00e9s fogyaszt\u00e1si cikkekben haszn\u00e1lt sz\u00f6vetterm\u00e9kek eset\u00e9ben.<\/p>\n<p>A sz\u00f6vetvastags\u00e1g vizsg\u00e1lata sor\u00e1n a sz\u00f6vetterm\u00e9kek k\u00e9t f\u0151 fel\u00fclete k\u00f6z\u00f6tti t\u00e1vols\u00e1got m\u00e9rik meghat\u00e1rozott nyom\u00e1s alatt. Az eredm\u00e9nyek betekint\u00e9st ny\u00fajtanak a sz\u00f6vetpap\u00edrok t\u00f6m\u00f6rs\u00e9g\u00e9be, szil\u00e1rds\u00e1g\u00e1ba \u00e9s min\u0151s\u00e9g\u00e9be, amelyek k\u00f6zvetlen\u00fcl befoly\u00e1solj\u00e1k a k\u00fcl\u00f6nb\u00f6z\u0151 alkalmaz\u00e1sokban, p\u00e9ld\u00e1ul szalv\u00e9t\u00e1k, arcszalv\u00e9t\u00e1k \u00e9s konyhai tekercspap\u00edrok eset\u00e9ben ny\u00fajtott teljes\u00edtm\u00e9ny\u00fcket.<\/p>\n<h2><strong>A THD-01 sz\u00f6vetvastags\u00e1gm\u00e9r\u0151: A term\u00e9k \u00e1ttekint\u00e9se<\/strong><\/h2>\n<p>A <strong>THD-01 Sz\u00f6vetvastags\u00e1gm\u00e9r\u0151<\/strong>\u00a0egy prec\u00edzi\u00f3s m\u0171szer, amelyet a sz\u00f6vetterm\u00e9kek, p\u00e9ld\u00e1ul szalv\u00e9t\u00e1k, pap\u00edrt\u00f6r\u00fclk\u00f6z\u0151k, zsebkend\u0151k \u00e9s m\u00e1s sz\u00f6vetalap\u00fa term\u00e9kek vastags\u00e1g\u00e1nak \u00e9s t\u00e9rfogatvastags\u00e1g\u00e1nak m\u00e9r\u00e9s\u00e9re terveztek. A k\u00e9sz\u00fcl\u00e9k 2KPa szabv\u00e1nyos\u00edtott nyom\u00e1st haszn\u00e1l, hogy pontos \u00e9s k\u00f6vetkezetes m\u00e9r\u00e9seket biztos\u00edtson mind az egyr\u00e9teg\u0171, mind a lamin\u00e1lt sz\u00f6vetlapok eset\u00e9ben. A k\u00e9sz\u00fcl\u00e9k ide\u00e1lis min\u0151s\u00e9gellen\u0151rz\u00e9si \u00e9s kutat\u00e1si alkalmaz\u00e1sokhoz a zsebkend\u0151pap\u00edr-gy\u00e1rt\u00f3 iparban.<\/p>\n<h2><strong>Hogyan m\u0171k\u00f6dik a THD-01 sz\u00f6vetvastags\u00e1gm\u00e9r\u0151?<\/strong><\/h2>\n<p>A THD-01 sz\u00f6vetvastags\u00e1gm\u00e9r\u0151 a sz\u00f6vetpap\u00edr vastags\u00e1g\u00e1nak m\u00e9r\u00e9s\u00e9nek elv\u00e9n m\u0171k\u00f6dik, k\u00e9t p\u00e1rhuzamos, s\u00edk fel\u00fclet k\u00f6z\u00f6tt egyenletes, 2KPa nyom\u00e1st alkalmazva. A mint\u00e1t az als\u00f3 r\u00f6gz\u00edtett referencialemez \u00e9s egy mozgathat\u00f3 fels\u0151 nyom\u00f3 l\u00e1b k\u00f6z\u00e9 helyezz\u00fck. A nyom\u00f3l\u00e1b 2KPa terhel\u00e9st fejt ki, biztos\u00edtva a szabv\u00e1nyos\u00edtott vizsg\u00e1lati k\u00f6r\u00fclm\u00e9nyeket. A k\u00e9sz\u00fcl\u00e9k ezut\u00e1n megm\u00e9ri a fel\u00fcletek k\u00f6z\u00f6tti t\u00e1vols\u00e1got a sz\u00f6vet vastags\u00e1g\u00e1nak meghat\u00e1roz\u00e1s\u00e1hoz.<\/p>\n<p>Ez a m\u00f3dszer biztos\u00edtja a sz\u00f6vetterm\u00e9kek gy\u00e1rt\u00e1s k\u00f6zbeni \u00e9s a k\u00e9szterm\u00e9kek m\u00e9r\u00e9s\u00e9nek pontoss\u00e1g\u00e1t, megb\u00edzhat\u00f3 adatokat szolg\u00e1ltatva a term\u00e9kmin\u0151s\u00e9g \u00e9rt\u00e9kel\u00e9s\u00e9hez.<\/p>\n<h2><strong>F\u0151bb jellemz\u0151k \u00e9s el\u0151ny\u00f6k<\/strong><\/h2>\n<ul>\n<li>\n<h3><strong>Precizit\u00e1s \u00e9s pontoss\u00e1g<\/strong><\/h3>\n<ul>\n<li><strong>Felbont\u00e1s<\/strong>: 0,001 mm a rendk\u00edv\u00fcl pontos vastags\u00e1gm\u00e9r\u00e9shez.<\/li>\n<li><strong>Hiba jelz\u00e9s Hiba<\/strong>: \u00b10,05% a pontos leolvas\u00e1s \u00e9rdek\u00e9ben minim\u00e1lis elt\u00e9r\u00e9ssel.<\/li>\n<\/ul>\n<\/li>\n<li>\n<h3><strong>Egys\u00e9ges vizsg\u00e1lati felt\u00e9telek<\/strong><\/h3>\n<ul>\n<li><strong>Kapcsolatfelv\u00e9tel nyom\u00e1s<\/strong>: Fenntartja a 2,0 \u00b1 0,1 KPa nyom\u00e1st, biztos\u00edtva, hogy minden minta m\u00e9r\u00e9se azonos szabv\u00e1nyos\u00edtott nyom\u00e1son t\u00f6rt\u00e9njen.<\/li>\n<li><strong>Teszt sebess\u00e9g<\/strong>: A m\u00e9r\u00e9si sebess\u00e9get 2,0 \u00b1 0,2 mm\/s-ra szab\u00e1lyozzuk, \u00edgy biztos\u00edtva a k\u00f6vetkezetes \u00e9s megism\u00e9telhet\u0151 vizsg\u00e1lati eredm\u00e9nyeket.<\/li>\n<\/ul>\n<\/li>\n<li>\n<h3><strong>Sokoldal\u00fas\u00e1g<\/strong><\/h3>\n<ul>\n<li>A THD-01 sz\u00f6vetvastags\u00e1gm\u00e9r\u0151 a sz\u00f6vetterm\u00e9kek sz\u00e9les sk\u00e1l\u00e1j\u00e1t k\u00e9pes vizsg\u00e1lni, bele\u00e9rtve az egyr\u00e9teg\u0171 \u00e9s t\u00f6bbr\u00e9teg\u0171 lapokat, valamint a lamin\u00e1lt \u00e9s lamin\u00e1latlan sz\u00f6vetanyagokat is.<\/li>\n<\/ul>\n<\/li>\n<li>\n<h3><strong>K\u00f6nny\u0171 haszn\u00e1lat<\/strong><\/h3>\n<ul>\n<li>A m\u00e9r\u0151m\u0171szer egyszer\u0171en kezelhet\u0151, felhaszn\u00e1l\u00f3bar\u00e1t kezel\u0151fel\u00fclettel \u00e9s egy\u00e9rtelm\u0171 m\u00e9r\u00e9si kijelz\u0151vel rendelkezik, \u00edgy mind laborat\u00f3riumi, mind gy\u00e1rt\u00f3i alkalmaz\u00e1sokhoz alkalmas.<\/li>\n<\/ul>\n<\/li>\n<\/ul>\n<h2><strong>M\u0171szaki adatok<\/strong><\/h2>\n<table>\n<tbody>\n<tr>\n<td style=\"text-align: center;\" width=\"142\">Teszt tartom\u00e1ny<\/td>\n<td style=\"text-align: center;\" width=\"110\">0\uff5e4 mm<\/td>\n<\/tr>\n<tr>\n<td style=\"text-align: center;\" width=\"142\">Felbont\u00e1s<\/td>\n<td style=\"text-align: center;\" width=\"110\">0.001mm<\/td>\n<\/tr>\n<tr>\n<td style=\"text-align: center;\" width=\"142\">Kapcsolattart\u00e1si ter\u00fclet<\/td>\n<td style=\"text-align: center;\" width=\"110\">1000\u00b120 mm\u00b2<\/td>\n<\/tr>\n<tr>\n<td style=\"text-align: center;\" width=\"142\">Kapcsolat Nyom\u00e1s<\/td>\n<td style=\"text-align: center;\" width=\"110\">2\u00b10,1 kPa<\/td>\n<\/tr>\n<tr>\n<td style=\"text-align: center;\" width=\"142\">Fel\u00fcleti p\u00e1rhuzamoss\u00e1g<\/td>\n<td style=\"text-align: center;\" width=\"110\">\u22640.001mm<\/td>\n<\/tr>\n<tr>\n<td style=\"text-align: center;\" width=\"142\">Jelz\u00e9si hiba<\/td>\n<td style=\"text-align: center;\" width=\"110\">\u00b10.05\uff05<\/td>\n<\/tr>\n<\/tbody>\n<\/table>\n<h2><strong>Vizsg\u00e1lati m\u00f3dszerek \u00e9s szabv\u00e1nyok<\/strong><\/h2>\n<h3><strong>M\u00e9r\u00e9si elv<\/strong><\/h3>\n<p>A THD-01 sz\u00f6vetvastags\u00e1gm\u00e9r\u0151 a sz\u00f6vetpap\u00edr vastags\u00e1g\u00e1t \u00fagy m\u00e9ri, hogy k\u00e9t p\u00e1rhuzamos fel\u00fclet k\u00f6z\u00f6tt \u00e1lland\u00f3 2KPa nyom\u00e1st alkalmaz. A mint\u00e1t a r\u00f6gz\u00edtett als\u00f3 fel\u00fcletre helyezz\u00fck, \u00e9s a fels\u0151, k\u00f6r alak\u00fa nyom\u00e1start\u00f3 l\u00e1bat lefel\u00e9 mozgatjuk, a megadott terhel\u00e9st kifejtve. A k\u00e9t fel\u00fclet k\u00f6z\u00f6tti t\u00e1vols\u00e1got ezut\u00e1n a sz\u00f6vetvastags\u00e1gk\u00e9nt r\u00f6gz\u00edtik.<\/p>\n<p>Ez a m\u00f3dszer \u00f6sszhangban van a selyempap\u00edr-iparban haszn\u00e1lt szabv\u00e1nyos vizsg\u00e1lati elj\u00e1r\u00e1sokkal, hogy pontos \u00e9s megism\u00e9telhet\u0151 eredm\u00e9nyeket biztos\u00edtson.<\/p>\n<h3><strong>A sz\u00f6vetvastags\u00e1g vizsg\u00e1lat\u00e1ra vonatkoz\u00f3 szabv\u00e1nyok<\/strong><\/h3>\n<ul>\n<li><a href=\"https:\/\/www.iso.org\/standard\/62536.html\" target=\"_blank\" rel=\"noopener nofollow\"><strong>ISO 12625-3<\/strong><\/a>: A selyempap\u00edr vizsg\u00e1lat\u00e1ra vonatkoz\u00f3 szabv\u00e1ny, bele\u00e9rtve a vastags\u00e1gm\u00e9r\u00e9st is.<\/li>\n<li><a href=\"https:\/\/imisrise.tappi.org\/TAPPI\/Products\/01\/T\/0104T401.aspx\" target=\"_blank\" rel=\"noopener nofollow\"><strong>TAPPI T401<\/strong><\/a>: Szabv\u00e1nyos vizsg\u00e1lati m\u00f3dszer a pap\u00edr \u00e9s karton vastags\u00e1g\u00e1nak m\u00e9r\u00e9s\u00e9re.<\/li>\n<li><a href=\"https:\/\/www.astm.org\/d1777-96r19.html\" target=\"_blank\" rel=\"noopener nofollow\"><strong>ASTM D1777<\/strong><\/a>: A pap\u00edr \u00e9s a karton vastags\u00e1g\u00e1nak szabv\u00e1nyos vizsg\u00e1lati m\u00f3dszere, amely biztos\u00edtja az anyagvizsg\u00e1lat k\u00f6vetkezetess\u00e9g\u00e9t.<\/li>\n<\/ul>\n<h2><strong>Alkalmaz\u00e1si ter\u00fcletek<\/strong><\/h2>\n<p>A THD-01 sz\u00f6vetvastags\u00e1gm\u00e9r\u0151 n\u00e9lk\u00fcl\u00f6zhetetlen a sz\u00f6vetpap\u00edr term\u00e9keket gy\u00e1rt\u00f3 ipar\u00e1gak sz\u00e1m\u00e1ra, t\u00f6bbek k\u00f6z\u00f6tt:<\/p>\n<ul>\n<li><strong>Zsebkend\u0151pap\u00edr gy\u00e1rt\u00f3k<\/strong><br \/>\nIde\u00e1lis a k\u00fcl\u00f6nb\u00f6z\u0151 pap\u00edrzsebkend\u0151k, szalv\u00e9t\u00e1k, arctiszt\u00edt\u00f3 zsepik \u00e9s konyhai tekercspap\u00edrok vastags\u00e1g\u00e1nak vizsg\u00e1lat\u00e1ra.<\/li>\n<li><strong>Min\u0151s\u00e9gellen\u0151rz\u00e9s \u00e9s kutat\u00e1s<\/strong><br \/>\nLaborat\u00f3riumokban \u00e9s gy\u00e1rt\u00f3\u00fczemekben haszn\u00e1lj\u00e1k min\u0151s\u00e9gbiztos\u00edt\u00e1sra, kutat\u00e1sra \u00e9s fejleszt\u00e9sre, seg\u00edtve a gy\u00e1rt\u00f3kat a sz\u00f6vetterm\u00e9kek konzisztenci\u00e1j\u00e1nak \u00e9s teljes\u00edtm\u00e9ny\u00e9nek biztos\u00edt\u00e1s\u00e1ban.<\/li>\n<li><strong>Csomagol\u00e1s \u00e9s fogyaszt\u00e1si cikkek<\/strong><br \/>\nA THD-01 a sz\u00f6vetalap\u00fa csomagol\u00f3anyagok gy\u00e1rt\u00f3i sz\u00e1m\u00e1ra is \u00e9rt\u00e9kes, mivel biztos\u00edtja a csomagol\u00e1si alkalmaz\u00e1sokban haszn\u00e1lt sz\u00f6vetek vastags\u00e1g\u00e1t \u00e9s min\u0151s\u00e9g\u00e9t.<\/li>\n<\/ul>\n<h2><strong>Gyakran ism\u00e9telt k\u00e9rd\u00e9sek (GYIK)<\/strong><\/h2>\n<ol>\n<li><strong>Mi az egyr\u00e9teg\u0171 vastags\u00e1g?<\/strong><br \/>\nAz egyr\u00e9teg\u0171 vastags\u00e1g az egyr\u00e9teg\u0171 selyempap\u00edr k\u00e9t f\u0151 fel\u00fclete k\u00f6z\u00f6tti t\u00e1vols\u00e1got jelenti, 2KPa statikus terhel\u00e9s mellett m\u00e9rve. Egy \"r\u00e9teg\" sz\u00f6vetpap\u00edr egy lamin\u00e1latlan sz\u00f6vetlap.<\/li>\n<li><strong>Mi az egy lap vastags\u00e1ga?<\/strong><br \/>\nAz egylapos vastags\u00e1g az egyetlen (lamin\u00e1lt vagy nem lamin\u00e1lt) sz\u00f6vetterm\u00e9k k\u00e9t f\u0151 fel\u00fclete k\u00f6z\u00f6tti t\u00e1vols\u00e1g, 2KPa statikus terhel\u00e9s mellett m\u00e9rve.<\/li>\n<li><strong>Mi a t\u00e9rfogatn\u00f6vel\u0151 vastags\u00e1g?<\/strong><br \/>\nA t\u00f6m\u00f6r\u00f6d\u00e9si vastags\u00e1g egyetlen selyempap\u00edr- vagy selyempap\u00edrterm\u00e9k-lap vastags\u00e1g\u00e1ra utal, amelyet t\u00f6bb egym\u00e1sra helyezett lap vastags\u00e1g\u00e1nak m\u00e9r\u00e9s\u00e9vel sz\u00e1m\u00edtanak ki 2 kPa statikus terhel\u00e9s alatt.<\/li>\n<li><strong>Hogyan biztos\u00edtja a THD-01 sz\u00f6vetvastags\u00e1gm\u00e9r\u0151 a pontos eredm\u00e9nyeket?<\/strong><br \/>\nA THD-01 prec\u00edz \u00e9s megism\u00e9telhet\u0151 eredm\u00e9nyeket biztos\u00edt a 2KPa \u00e1lland\u00f3 nyom\u00e1s alkalmaz\u00e1s\u00e1val, a m\u00e9r\u00e9shez nagy pontoss\u00e1g\u00fa \u00e9rz\u00e9kel\u0151ket haszn\u00e1l, \u00e9s 0,001 mm-es felbont\u00e1st k\u00edn\u00e1l a sz\u00f6vetvastags\u00e1g legkisebb v\u00e1ltoz\u00e1sainak \u00e9rz\u00e9kel\u00e9s\u00e9hez.<\/li>\n<li><strong>Haszn\u00e1lhat\u00f3-e a THD-01 sz\u00f6vetvastags\u00e1gm\u00e9r\u0151 t\u00f6bbr\u00e9teg\u0171 sz\u00f6vetekhez?<\/strong><br \/>\nIgen, a THD-01 egyr\u00e9teg\u0171 \u00e9s t\u00f6bbr\u00e9teg\u0171 sz\u00f6vetterm\u00e9kek m\u00e9r\u00e9s\u00e9re egyar\u00e1nt haszn\u00e1lhat\u00f3, pontos vastags\u00e1gm\u00e9r\u00e9st biztos\u00edtva a sz\u00f6vetanyagok sz\u00e9les sk\u00e1l\u00e1j\u00e1hoz, bele\u00e9rtve a lamin\u00e1lt \u00e9s nem lamin\u00e1lt lapokat is.<\/li>\n<\/ol>","protected":false},"excerpt":{"rendered":"<p>A sz\u00f6vetvastags\u00e1g vizsg\u00e1lata sor\u00e1n a sz\u00f6vetterm\u00e9kek k\u00e9t f\u0151 fel\u00fclete k\u00f6z\u00f6tti t\u00e1vols\u00e1got m\u00e9rik meghat\u00e1rozott nyom\u00e1s alatt. Az eredm\u00e9nyek betekint\u00e9st ny\u00fajtanak a sz\u00f6vetpap\u00edrok t\u00f6m\u00f6rs\u00e9g\u00e9be, szil\u00e1rds\u00e1g\u00e1ba \u00e9s min\u0151s\u00e9g\u00e9be, amelyek k\u00f6zvetlen\u00fcl befoly\u00e1solj\u00e1k a k\u00fcl\u00f6nb\u00f6z\u0151 alkalmaz\u00e1sokban, p\u00e9ld\u00e1ul szalv\u00e9t\u00e1k, arcszalv\u00e9t\u00e1k \u00e9s konyhai tekercspap\u00edrok eset\u00e9ben ny\u00fajtott teljes\u00edtm\u00e9ny\u00fcket.<\/p>","protected":false},"featured_media":6201,"comment_status":"closed","ping_status":"closed","template":"","meta":{"site-sidebar-layout":"default","site-content-layout":"default","ast-global-header-display":"","ast-main-header-display":"","ast-hfb-above-header-display":"","ast-hfb-below-header-display":"","ast-hfb-mobile-header-display":"","site-post-title":"","ast-breadcrumbs-content":"","ast-featured-img":"","footer-sml-layout":"","theme-transparent-header-meta":"default","adv-header-id-meta":"","stick-header-meta":"","header-above-stick-meta":"","header-main-stick-meta":"","header-below-stick-meta":""},"product_cat":[845,953,956,955,1089,954,957,958,952,959,962,685,44,95],"product_tag":[],"class_list":{"0":"post-5324","1":"product","2":"type-product","3":"status-publish","4":"has-post-thumbnail","6":"product_cat-customization","7":"product_cat-bursting-tester","8":"product_cat-cobb-tester","9":"product_cat-crush-tester","10":"product_cat-iso-12625-3","11":"product_cat-paper-tear-tester","12":"product_cat-plybond-tester","13":"product_cat-puncture-tester","14":"product_cat-rub-tester","15":"product_cat-stiffness-tester","16":"product_cat-thickness-gauges","17":"product_cat-thickness-tester","18":"product_cat-paper-and-board-testers","19":"product_cat-products","20":"desktop-align-left","21":"tablet-align-left","22":"mobile-align-left","24":"first","25":"instock","26":"shipping-taxable","27":"product-type-simple"},"_links":{"self":[{"href":"https:\/\/www.qualitester.com\/hu\/wp-json\/wp\/v2\/product\/5324","targetHints":{"allow":["GET"]}}],"collection":[{"href":"https:\/\/www.qualitester.com\/hu\/wp-json\/wp\/v2\/product"}],"about":[{"href":"https:\/\/www.qualitester.com\/hu\/wp-json\/wp\/v2\/types\/product"}],"replies":[{"embeddable":true,"href":"https:\/\/www.qualitester.com\/hu\/wp-json\/wp\/v2\/comments?post=5324"}],"version-history":[{"count":0,"href":"https:\/\/www.qualitester.com\/hu\/wp-json\/wp\/v2\/product\/5324\/revisions"}],"wp:featuredmedia":[{"embeddable":true,"href":"https:\/\/www.qualitester.com\/hu\/wp-json\/wp\/v2\/media\/6201"}],"wp:attachment":[{"href":"https:\/\/www.qualitester.com\/hu\/wp-json\/wp\/v2\/media?parent=5324"}],"wp:term":[{"taxonomy":"product_cat","embeddable":true,"href":"https:\/\/www.qualitester.com\/hu\/wp-json\/wp\/v2\/product_cat?post=5324"},{"taxonomy":"product_tag","embeddable":true,"href":"https:\/\/www.qualitester.com\/hu\/wp-json\/wp\/v2\/product_tag?post=5324"}],"curies":[{"name":"wp","href":"https:\/\/api.w.org\/{rel}","templated":true}]}}