{"id":5316,"date":"2024-11-13T09:40:57","date_gmt":"2024-11-13T01:40:57","guid":{"rendered":"https:\/\/www.qualitester.com\/?post_type=product&#038;p=5316"},"modified":"2024-12-05T09:36:55","modified_gmt":"2024-12-05T01:36:55","slug":"sale-90-degree-peel-tester","status":"publish","type":"product","link":"https:\/\/www.qualitester.com\/hu\/termek\/sale-90-degree-peel-tester\/","title":{"rendered":"MPL-01 90 fokos h\u00e1moz\u00e1si tesztel\u0151"},"content":{"rendered":"<h2><strong>Bevezet\u00e9s a 90 fokos h\u00e1moz\u00e1si tesztel\u0151h\u00f6z<\/strong><\/h2>\n<p>A 90 fokos leh\u00faz\u00e1sm\u00e9r\u0151 egy speci\u00e1lis m\u0171szer, amelyet a k\u00fcl\u00f6nb\u00f6z\u0151 anyagok tapad\u00e1si szil\u00e1rds\u00e1g\u00e1nak pontos m\u00e9r\u00e9s\u00e9re terveztek, amikor 90 fokos sz\u00f6gben leh\u00faz\u00f3dnak. Ez a vizsg\u00e1lati m\u00f3dszer kritikus fontoss\u00e1g\u00fa a ragaszt\u00e1s megb\u00edzhat\u00f3s\u00e1g\u00e1nak \u00e9s tart\u00f3ss\u00e1g\u00e1nak biztos\u00edt\u00e1s\u00e1hoz a k\u00fcl\u00f6nb\u00f6z\u0151 term\u00e9kek eset\u00e9ben, a PC-lemezeken l\u00e9v\u0151 r\u00e9zf\u00f3li\u00e1s \u00e1ramk\u00f6r\u00f6kt\u0151l kezdve a szalagokig, alum\u00edniumf\u00f3li\u00e1kig \u00e9s m\u00e1s ragaszt\u00f3anyagokig. A 90 fokos leh\u00faz\u00e1sm\u00e9r\u0151 a minta f\u00fcgg\u0151leges sz\u00f6gben t\u00f6rt\u00e9n\u0151 leh\u00faz\u00e1s\u00e1hoz sz\u00fcks\u00e9ges er\u0151 vizsg\u00e1lat\u00e1val pontos, megism\u00e9telhet\u0151 eredm\u00e9nyeket biztos\u00edt, amelyek elengedhetetlenek a min\u0151s\u00e9gbiztos\u00edt\u00e1shoz, a term\u00e9kfejleszt\u00e9shez \u00e9s az ipari szabv\u00e1nyoknak val\u00f3 megfelel\u00e9shez.<\/p>\n<h2><strong>A 90 fokos h\u00e1moz\u00e1si tesztel\u0151 alkalmaz\u00e1sai<\/strong><\/h2>\n<p>Ezt a h\u00e1ml\u00e1si tesztel\u0151t sz\u00e9les k\u00f6rben haszn\u00e1lj\u00e1k a tapad\u00e1si szil\u00e1rds\u00e1g m\u00e9r\u00e9s\u00e9re sz\u00e1mos alkalmaz\u00e1sban, t\u00f6bbek k\u00f6z\u00f6tt:<\/p>\n<ul>\n<li><strong>Elektronika<\/strong>: A r\u00e9zf\u00f3lia tapad\u00e1s\u00e1nak vizsg\u00e1lata nyomtatott \u00e1ramk\u00f6ri lapokon (PCB), az \u00e1ramk\u00f6r\u00f6k megb\u00edzhat\u00f3s\u00e1g\u00e1nak biztos\u00edt\u00e1sa.<\/li>\n<li><strong>Csomagol\u00e1s<\/strong>: Az alum\u00ednium- \u00e9s \u00f3nf\u00f3li\u00e1k leh\u00faz\u00e1si szil\u00e1rds\u00e1g\u00e1nak ellen\u0151rz\u00e9se, ami a csomagol\u00e1sban a term\u00e9k s\u00e9rtetlens\u00e9ge szempontj\u00e1b\u00f3l kulcsfontoss\u00e1g\u00fa.<\/li>\n<li><strong>Ragaszt\u00f3k \u00e9s szalagok<\/strong>: A szalagok \u00e9s ragaszt\u00f3k ragaszt\u00e1si szil\u00e1rds\u00e1g\u00e1nak \u00e9rt\u00e9kel\u00e9se k\u00fcl\u00f6nb\u00f6z\u0151 aljzatokon, a teljes\u00edtm\u00e9ny biztos\u00edt\u00e1sa v\u00e1ltoz\u00f3 k\u00f6r\u00fclm\u00e9nyek k\u00f6z\u00f6tt.<\/li>\n<\/ul>\n<p>Ezek a k\u00e9pess\u00e9gek a 90 fokos leh\u00faz\u00e1svizsg\u00e1l\u00f3t \u00e9rt\u00e9kes eszk\u00f6zz\u00e9 teszik a min\u0151s\u00e9gellen\u0151rz\u0151 \u00fcgyn\u00f6ks\u00e9gek, a kutat\u00e1si \u00e9s fejleszt\u00e9si laborat\u00f3riumok, valamint az elektronikai, csomagol\u00e1si, ragaszt\u00e1si \u00e9s egy\u00e9b ter\u00fcletekre \u00f6sszpontos\u00edt\u00f3 gy\u00e1rt\u00e1si k\u00f6rnyezetek sz\u00e1m\u00e1ra.<\/p>\n<h2><strong>F\u0151bb jellemz\u0151k \u00e9s param\u00e9terek<\/strong><\/h2>\n<p>A 90 fokos h\u00e1moz\u00e1si tesztel\u0151t a pontoss\u00e1g \u00e9s a sokoldal\u00fas\u00e1g jegy\u00e9ben tervezt\u00e9k:<\/p>\n<ul>\n<li><strong>Hat\u00e9kony stroke<\/strong>: 150 mm, a mint\u00e1k sz\u00e9les sk\u00e1l\u00e1j\u00e1nak befogad\u00e1s\u00e1ra.<\/li>\n<li><strong>Maxim\u00e1lis terhelhet\u0151s\u00e9g<\/strong>: 500N, amely t\u00e1mogatja a nagy szil\u00e1rds\u00e1g\u00fa anyagok vizsg\u00e1lat\u00e1t.<\/li>\n<li><strong>Kompakt m\u00e9retek (LWH)<\/strong>: 350\u00d7210\u00d7450 mm, optimaliz\u00e1lja a laborat\u00f3riumi helyet.<\/li>\n<li><strong>Nett\u00f3 s\u00faly<\/strong>: 19 kg, ami stabilit\u00e1st biztos\u00edt a tesztel\u00e9s sor\u00e1n.<\/li>\n<li><strong>Hat\u00e9kony vizsg\u00e1lati ter\u00fclet<\/strong>: 105\u00d7100 mm, 105\u00d7152 mm-re b\u0151v\u00edthet\u0151, alkalmas k\u00fcl\u00f6nb\u00f6z\u0151 mintakonfigur\u00e1ci\u00f3khoz.<\/li>\n<\/ul>\n<h2><strong>A 90 fokos h\u00e1moz\u00e1si vizsg\u00e1lati m\u00f3dszer \u00e1ttekint\u00e9se<\/strong><\/h2>\n<p>A 90 fokos leh\u00faz\u00e1si pr\u00f3ba egy szabv\u00e1nyos m\u00f3dszer, amelyet k\u00e9t ragasztott anyag k\u00f6z\u00f6tti ragaszt\u00f3szil\u00e1rds\u00e1g \u00e9rt\u00e9kel\u00e9s\u00e9re haszn\u00e1lnak. Az elj\u00e1r\u00e1s a k\u00f6vetkez\u0151ket tartalmazza:<\/p>\n<ol>\n<li><strong>Be\u00e1ll\u00edt\u00e1s<\/strong>: A minta r\u00f6gz\u00edt\u00e9se a vizsg\u00e1lati \u00e1llv\u00e1nyon \u00fagy, hogy a ragaszt\u00e1si ter\u00fclet f\u00fcgg\u0151legesen legyen elhelyezve.<\/li>\n<li><strong>V\u00e9grehajt\u00e1s<\/strong>: A mint\u00e1t k\u00f6vetkezetes 90 fokos sz\u00f6gben h\u00e1mozzuk le, biztos\u00edtva az egyenletes er\u0151alkalmaz\u00e1st a k\u00f6t\u00e9svonal ment\u00e9n.<\/li>\n<li><strong>M\u00e9r\u00e9s<\/strong>: A tesztel\u0151 kisz\u00e1m\u00edtja az anyagok sz\u00e9tv\u00e1laszt\u00e1s\u00e1hoz sz\u00fcks\u00e9ges tapad\u00e1si szil\u00e1rds\u00e1got, megb\u00edzhat\u00f3 adatokat szolg\u00e1ltatva a k\u00f6t\u00e9s integrit\u00e1s\u00e1r\u00f3l.<\/li>\n<\/ol>\n<p>Ez a m\u00f3dszer pontos m\u00e9r\u00e9st biztos\u00edt a leh\u00faz\u00e1si ellen\u00e1ll\u00e1sr\u00f3l, \u00e9s mind a term\u00e9kmin\u0151s\u00e9g-ellen\u0151rz\u00e9shez, mind a ragaszt\u00f3 teljes\u00edtm\u00e9ny\u00e9nek ellen\u0151rz\u00f6tt k\u00f6r\u00fclm\u00e9nyek k\u00f6z\u00f6tti kutat\u00e1s\u00e1hoz haszn\u00e1lhat\u00f3.<\/p>\n<h2><strong>A 90 fokos h\u00e1moz\u00e1si tesztel\u0151 haszn\u00e1lat\u00e1nak el\u0151nyei<\/strong><\/h2>\n<p>A 90 fokos leh\u00faz\u00f3d\u00e1si tesztel\u0151 sz\u00e1mos el\u0151nyt biztos\u00edt a term\u00e9kvizsg\u00e1lat sor\u00e1n:<\/p>\n<ul>\n<li><strong>Pontos \u00e9s megism\u00e9telhet\u0151 eredm\u00e9nyek<\/strong>: Megb\u00edzhat\u00f3 h\u00e1ml\u00e1si ellen\u00e1ll\u00e1s m\u00e9r\u00e9s\u00e9re tervezt\u00e9k, \u00edgy ide\u00e1lis mind a min\u0151s\u00e9gellen\u0151rz\u00e9shez, mind a K+F-hez.<\/li>\n<li><strong>Sokoldal\u00fa alkalmaz\u00e1sok<\/strong>: Alkalmas a ragaszt\u00f3anyagok sz\u00e9les k\u00f6r\u00e9nek vizsg\u00e1lat\u00e1ra t\u00f6bb ipar\u00e1gban.<\/li>\n<li><strong>Felhaszn\u00e1l\u00f3bar\u00e1t kialak\u00edt\u00e1s<\/strong>: Egyszer\u0171s\u00edti a be\u00e1ll\u00edt\u00e1st \u00e9s a v\u00e9grehajt\u00e1st, lehet\u0151v\u00e9 t\u00e9ve a hat\u00e9kony tesztel\u00e9st a pontoss\u00e1g vesz\u00e9lyeztet\u00e9se n\u00e9lk\u00fcl.<\/li>\n<\/ul>\n<p>A 90 fokos leh\u00faz\u00e1sm\u00e9r\u0151 n\u00e9lk\u00fcl\u00f6zhetetlen eszk\u00f6z minden olyan ipar\u00e1gban, ahol a ragaszt\u00f3 pontos m\u00e9r\u00e9s\u00e9re van sz\u00fcks\u00e9g. A szabv\u00e1nyos\u00edtott, megb\u00edzhat\u00f3 adatok szolg\u00e1ltat\u00e1s\u00e1nak k\u00e9pess\u00e9ge ide\u00e1lis a term\u00e9kmin\u0151s\u00e9g \u00e9s az ipari szabv\u00e1nyoknak val\u00f3 megfelel\u00e9s biztos\u00edt\u00e1s\u00e1hoz. Az elektronik\u00e1t\u00f3l \u00e9s a csomagol\u00e1st\u00f3l kezdve a ragaszt\u00f3kon \u00e1t a min\u0151s\u00e9gellen\u0151rz\u0151 \u00fcgyn\u00f6ks\u00e9gekig, ez a tesztel\u0151 befektet\u00e9s a k\u00f6vetkezetes min\u0151s\u00e9gellen\u0151rz\u00e9s \u00e9s a term\u00e9kintegrit\u00e1s \u00e9rdek\u00e9ben.<\/p>\n<h2><strong>GYIK szakasz<\/strong><\/h2>\n<ol>\n<li><strong>Mi az a 90 fokos h\u00e1ml\u00e1si teszt?<\/strong><br \/>\nA 90 fokos leh\u00faz\u00e1svizsg\u00e1lat az anyagok ragaszt\u00f3szil\u00e1rds\u00e1g\u00e1t 90 fokos sz\u00f6gben t\u00f6rt\u00e9n\u0151 leh\u00faz\u00e1ssal m\u00e9ri, ami pontos \u00e9s megism\u00e9telhet\u0151 eredm\u00e9nyeket biztos\u00edt.<\/li>\n<li><strong>Milyen anyagok vizsg\u00e1lhat\u00f3k ezzel a m\u0171szerrel?<\/strong><br \/>\nEz a tesztel\u0151 alkalmas r\u00e9zf\u00f3li\u00e1k, alum\u00edniumf\u00f3li\u00e1k, szalagok \u00e9s m\u00e1s, k\u00fcl\u00f6nb\u00f6z\u0151 ipar\u00e1gakban haszn\u00e1lt ragaszt\u00e1si term\u00e9kek vizsg\u00e1lat\u00e1ra.<\/li>\n<li><strong>Mi\u00e9rt fontos a 90 fokos sz\u00f6g a h\u00e9jvizsg\u00e1latn\u00e1l?<\/strong><br \/>\nA 90 fokos sz\u00f6g biztos\u00edtja az ellen\u0151rz\u00f6tt, egyenletes er\u0151alkalmaz\u00e1st, ami megb\u00edzhat\u00f3 er\u0151m\u00e9r\u00e9seket eredm\u00e9nyez, amelyek \u00f6sszehasonl\u00edthat\u00f3k a k\u00fcl\u00f6nb\u00f6z\u0151 tesztek k\u00f6z\u00f6tt.<\/li>\n<li><strong>Milyen maxim\u00e1lis terhel\u00e9si hat\u00e1r\u00e9rt\u00e9keket tud ez a tesztel\u0151?<\/strong><br \/>\nA tesztel\u0151 ak\u00e1r 500 N terhel\u00e9seket is elb\u00edr, \u00edgy sokoldal\u00faan haszn\u00e1lhat\u00f3 a nagy szil\u00e1rds\u00e1g\u00fa anyagok vizsg\u00e1lat\u00e1hoz.<\/li>\n<li><strong>Milyen ipar\u00e1gak haszn\u00e1lj\u00e1k a 90 fokos h\u00e1moz\u00e1si tesztel\u0151t?<\/strong><br \/>\nA 90 fokos leh\u00faz\u00e1svizsg\u00e1l\u00f3t \u00e1ltal\u00e1ban az elektronikai, csomagol\u00e1si, ragaszt\u00e1si \u00e9s min\u0151s\u00e9gellen\u0151rz\u00e9si \u00e1gazatokban haszn\u00e1lj\u00e1k, ahol a ragaszt\u00f3szil\u00e1rds\u00e1g pontos m\u00e9r\u00e9s\u00e9re van sz\u00fcks\u00e9g.<\/li>\n<\/ol>\n<div id=\"gtx-anchor\" style=\"position: absolute; visibility: hidden; left: 448.391px; top: 128.922px; width: 54.75px; height: 19px;\"><\/div>\n<div class=\"jfk-bubble gtx-bubble\" style=\"visibility: visible; left: -192px; top: 158px; opacity: 1;\" role=\"alertdialog\" aria-describedby=\"bubble-2\">\n<div id=\"bubble-2\" class=\"jfk-bubble-content-id\">\n<div id=\"gtx-host\" style=\"min-width: 200px; max-width: 400px;\"><\/div>\n<\/div>\n<div class=\"jfk-bubble-closebtn-id jfk-bubble-closebtn\" tabindex=\"0\" role=\"button\" aria-label=\"Z\u00e1rja be a\"><\/div>\n<div class=\"jfk-bubble-arrow-id jfk-bubble-arrow jfk-bubble-arrowup\" style=\"left: 475.891px;\">\n<div class=\"jfk-bubble-arrowimplbefore\"><\/div>\n<div class=\"jfk-bubble-arrowimplafter\"><\/div>\n<\/div>\n<\/div>","protected":false},"excerpt":{"rendered":"<p>A 90 fokos leh\u00faz\u00e1sm\u00e9r\u0151 egy speci\u00e1lis m\u0171szer, amelyet a k\u00fcl\u00f6nb\u00f6z\u0151 anyagok tapad\u00e1si szil\u00e1rds\u00e1g\u00e1nak pontos m\u00e9r\u00e9s\u00e9re terveztek, amikor 90 fokos sz\u00f6gben leh\u00faz\u00f3dnak. Ez a vizsg\u00e1lati m\u00f3dszer kritikus fontoss\u00e1g\u00fa a ragaszt\u00e1s megb\u00edzhat\u00f3s\u00e1g\u00e1nak \u00e9s tart\u00f3ss\u00e1g\u00e1nak biztos\u00edt\u00e1s\u00e1hoz a k\u00fcl\u00f6nb\u00f6z\u0151 term\u00e9kek eset\u00e9ben, a PC-lemezeken l\u00e9v\u0151 r\u00e9zf\u00f3li\u00e1s \u00e1ramk\u00f6r\u00f6kt\u0151l kezdve a szalagokig, alum\u00edniumf\u00f3li\u00e1kig \u00e9s m\u00e1s ragaszt\u00f3anyagokig. A 90 fokos leh\u00faz\u00e1sm\u00e9r\u0151 a minta f\u00fcgg\u0151leges sz\u00f6gben t\u00f6rt\u00e9n\u0151 leh\u00faz\u00e1s\u00e1hoz sz\u00fcks\u00e9ges er\u0151 vizsg\u00e1lat\u00e1val pontos, megism\u00e9telhet\u0151 eredm\u00e9nyeket biztos\u00edt, amelyek elengedhetetlenek a min\u0151s\u00e9gbiztos\u00edt\u00e1shoz, a term\u00e9kfejleszt\u00e9shez \u00e9s az ipari szabv\u00e1nyoknak val\u00f3 megfelel\u00e9shez.<\/p>","protected":false},"featured_media":6159,"comment_status":"closed","ping_status":"closed","template":"","meta":{"site-sidebar-layout":"default","site-content-layout":"default","ast-global-header-display":"","ast-main-header-display":"","ast-hfb-above-header-display":"","ast-hfb-below-header-display":"","ast-hfb-mobile-header-display":"","site-post-title":"","ast-breadcrumbs-content":"","ast-featured-img":"","footer-sml-layout":"","theme-transparent-header-meta":"default","adv-header-id-meta":"","stick-header-meta":"","header-above-stick-meta":"","header-main-stick-meta":"","header-below-stick-meta":""},"product_cat":[845,944,953,956,955,954,957,958,952,959,681,16,95],"product_tag":[],"class_list":{"0":"post-5316","1":"product","2":"type-product","3":"status-publish","4":"has-post-thumbnail","6":"product_cat-customization","7":"product_cat-90-peeling-tester","8":"product_cat-bursting-tester","9":"product_cat-cobb-tester","10":"product_cat-crush-tester","11":"product_cat-paper-tear-tester","12":"product_cat-plybond-tester","13":"product_cat-puncture-tester","14":"product_cat-rub-tester","15":"product_cat-stiffness-tester","16":"product_cat-peel-tester","17":"product_cat-plastic-packaging-testers","18":"product_cat-products","19":"desktop-align-left","20":"tablet-align-left","21":"mobile-align-left","23":"first","24":"instock","25":"shipping-taxable","26":"product-type-simple"},"_links":{"self":[{"href":"https:\/\/www.qualitester.com\/hu\/wp-json\/wp\/v2\/product\/5316","targetHints":{"allow":["GET"]}}],"collection":[{"href":"https:\/\/www.qualitester.com\/hu\/wp-json\/wp\/v2\/product"}],"about":[{"href":"https:\/\/www.qualitester.com\/hu\/wp-json\/wp\/v2\/types\/product"}],"replies":[{"embeddable":true,"href":"https:\/\/www.qualitester.com\/hu\/wp-json\/wp\/v2\/comments?post=5316"}],"version-history":[{"count":0,"href":"https:\/\/www.qualitester.com\/hu\/wp-json\/wp\/v2\/product\/5316\/revisions"}],"wp:featuredmedia":[{"embeddable":true,"href":"https:\/\/www.qualitester.com\/hu\/wp-json\/wp\/v2\/media\/6159"}],"wp:attachment":[{"href":"https:\/\/www.qualitester.com\/hu\/wp-json\/wp\/v2\/media?parent=5316"}],"wp:term":[{"taxonomy":"product_cat","embeddable":true,"href":"https:\/\/www.qualitester.com\/hu\/wp-json\/wp\/v2\/product_cat?post=5316"},{"taxonomy":"product_tag","embeddable":true,"href":"https:\/\/www.qualitester.com\/hu\/wp-json\/wp\/v2\/product_tag?post=5316"}],"curies":[{"name":"wp","href":"https:\/\/api.w.org\/{rel}","templated":true}]}}