{"id":5309,"date":"2024-11-13T09:24:25","date_gmt":"2024-11-13T01:24:25","guid":{"rendered":"https:\/\/www.qualitester.com\/?post_type=product&#038;p=5309"},"modified":"2024-12-04T16:31:54","modified_gmt":"2024-12-04T08:31:54","slug":"sale-drop-weight-impact-tester","status":"publish","type":"product","link":"https:\/\/www.qualitester.com\/hu\/termek\/sale-drop-weight-impact-tester\/","title":{"rendered":"FBT-01S Csepps\u00falyos \u00fct\u00e9sm\u00e9r\u0151"},"content":{"rendered":"<p>Az \u00fct\u00e9s\u00e1ll\u00f3s\u00e1g l\u00e9tfontoss\u00e1g\u00fa tulajdons\u00e1g a hirtelen vagy folyamatos \u00fct\u00e9seknek kitett anyagok eset\u00e9ben. A <strong>Drop Weight \u00fct\u00e9sm\u00e9r\u0151<\/strong> pontos, megb\u00edzhat\u00f3 m\u00f3dszert biztos\u00edt a k\u00fcl\u00f6nb\u00f6z\u0151 anyagok, k\u00f6zt\u00fck a 2 mm vastags\u00e1g alatti filmek, f\u00f3li\u00e1k, pap\u00edr, m\u0171anyag lapok \u00e9s kompozitok tart\u00f3ss\u00e1g\u00e1nak \u00e9rt\u00e9kel\u00e9s\u00e9re. Ez a tesztel\u0151 fontos szerepet j\u00e1tszik a min\u0151s\u00e9gellen\u0151rz\u00e9sben \u00e9s a term\u00e9kfejleszt\u00e9sben az ipar\u00e1gakban, biztos\u00edtva, hogy az anyagok megfeleljenek a teljes\u00edtm\u00e9nyre \u00e9s tart\u00f3ss\u00e1gra vonatkoz\u00f3 szigor\u00fa el\u0151\u00edr\u00e1soknak.<\/p>\n<h2>Megfelel az ASTM D1709 \u00e9s az ISO 7765-1 szabv\u00e1nyoknak<\/h2>\n<p>A Drop Weight Impact Tester a k\u00f6vetkez\u0151 k\u00f6vetelm\u00e9nyek teljes\u00edt\u00e9s\u00e9re k\u00e9sz\u00fclt <strong>ASTM D1709<\/strong> \u00e9s <strong>ISO 7765-1<\/strong>-az \u00fct\u00e9s\u00e1ll\u00f3s\u00e1gi vizsg\u00e1latok k\u00e9t legsz\u00e9lesebb k\u00f6rben elismert szabv\u00e1nya. <strong>ASTM D1709<\/strong> a m\u0171anyag f\u00f3li\u00e1k \u00fct\u00e9s\u00e1ll\u00f3s\u00e1g\u00e1ra \u00f6sszpontos\u00edt a szabadon es\u0151 dart m\u00f3dszerrel, biztos\u00edtva, hogy az anyagok hat\u00e9konyan ellen\u00e1lljanak a sz\u00far\u00f3er\u0151knek. <strong>ISO 7765-1<\/strong> szabv\u00e1nyos vizsg\u00e1lati m\u00f3dszert biztos\u00edt a h\u0151re l\u00e1gyul\u00f3 m\u0171anyag f\u00f3li\u00e1k \u00fct\u00e9s\u00e1ll\u00f3s\u00e1g\u00e1nak meghat\u00e1roz\u00e1s\u00e1ra, \u00edgy ez a vizsg\u00e1l\u00f3berendez\u00e9s ide\u00e1lis mind a region\u00e1lis, mind a nemzetk\u00f6zi vizsg\u00e1lati el\u0151\u00edr\u00e1soknak val\u00f3 megfelel\u00e9shez. Ezeknek a szabv\u00e1nyoknak val\u00f3 megfelel\u00e9s garant\u00e1lja, hogy ez a tesztel\u0151 rendk\u00edv\u00fcl megb\u00edzhat\u00f3, szabv\u00e1nyos\u00edtott eredm\u00e9nyeket produk\u00e1l, amelyek az alkalmaz\u00e1sok sz\u00e9les sk\u00e1l\u00e1j\u00e1hoz alkalmasak.<\/p>\n<h2>A Drop Weight Impact Tester alkalmaz\u00e1sai<\/h2>\n<p>A tesztel\u0151 sz\u00e1mos \u00e1gazatot szolg\u00e1l ki, t\u00f6bbek k\u00f6z\u00f6tt a csomagol\u00e1si, gy\u00f3gyszeripari, \u00e9lelmiszer- \u00e9s italgy\u00e1rt\u00e1si, elektronikai \u00e9s napi vegyi anyagokat. Olyan anyagok ellen\u00e1ll\u00e1s\u00e1t \u00e9rt\u00e9keli, mint a csomagol\u00f3f\u00f3li\u00e1k, m\u0171anyag csomagol\u00e1sok \u00e9s v\u00e9d\u0151f\u00f3li\u00e1k, amelyek a kezel\u00e9s, a sz\u00e1ll\u00edt\u00e1s \u00e9s a fogyaszt\u00f3i haszn\u00e1lat sor\u00e1n gyakran \u00fct\u0151er\u0151nek vannak kit\u00e9ve. Az anyagok \u00fct\u00e9s\u00e1ll\u00f3s\u00e1g\u00e1nak \u00e9rt\u00e9kel\u00e9s\u00e9vel ez a tesztel\u0151 seg\u00edt a gy\u00e1rt\u00f3knak biztos\u00edtani, hogy term\u00e9keik meg\u0151rizz\u00e9k szerkezeti integrit\u00e1sukat, megv\u00e9dj\u00e9k a tartalmat \u00e9s megfeleljenek az ipari szabv\u00e1nyoknak.<\/p>\n<h2>Vizsg\u00e1lati m\u00f3dszer a csepps\u00falyos \u00fct\u00e9svizsg\u00e1lathoz<\/h2>\n<p>A <strong>Drop Weight \u00fct\u00e9sm\u00e9r\u0151<\/strong> egy meghat\u00e1rozott t\u00f6meg\u0171 \u00e9s \u00e1tm\u00e9r\u0151j\u0171 ac\u00e9lgoly\u00f3t vagy -d\u00e1rd\u00e1t haszn\u00e1l, amelyet egy el\u0151re meghat\u00e1rozott magass\u00e1gb\u00f3l dobnak le, hogy az anyagra hat\u00f3 ellen\u0151rz\u00f6tt \u00fct\u0151er\u0151t szimul\u00e1lj\u00e1k. A vizsg\u00e1l\u00f3berendez\u00e9s m\u00e9ri a keletkez\u0151 s\u00e9r\u00fcl\u00e9st, deform\u00e1ci\u00f3t \u00e9s az anyag \u00e1ltal elnyelt energi\u00e1t, \u00edgy sz\u00e1mszer\u0171s\u00edthet\u0151 elemz\u00e9st ad az \u00fct\u00e9s\u00e1ll\u00f3s\u00e1gr\u00f3l. A vizsg\u00e1lati eredm\u00e9nyeket befoly\u00e1sol\u00f3 legfontosabb t\u00e9nyez\u0151k a k\u00f6vetkez\u0151k:<\/p>\n<ul>\n<li><strong>Cseppmagass\u00e1g<\/strong>: 300 mm \u00e9s 600 mm k\u00f6z\u00f6tt \u00e1ll\u00edthat\u00f3 (\u00e9s sz\u00fcks\u00e9g szerint b\u0151v\u00edthet\u0151), k\u00fcl\u00f6nb\u00f6z\u0151 \u00fctk\u00f6z\u00e9si k\u00f6r\u00fclm\u00e9nyeket szimul\u00e1lva a testre szabott vizsg\u00e1lati forgat\u00f3k\u00f6nyvek sz\u00e1m\u00e1ra.<\/li>\n<li><strong>Goly\u00f3 m\u00e9rete \u00e9s t\u00f6mege<\/strong>: A vizsg\u00e1lati szabv\u00e1ny \u00e9s az alkalmaz\u00e1si k\u00f6vetelm\u00e9nyek alapj\u00e1n konfigur\u00e1lhat\u00f3, lehet\u0151v\u00e9 t\u00e9ve a val\u00f3s hat\u00e1sok pontos szimul\u00e1ci\u00f3j\u00e1t.<\/li>\n<\/ul>\n<h2>A Drop Weight Impact Tester f\u0151 jellemz\u0151i<\/h2>\n<ul>\n<li><strong>\u00c1ll\u00edthat\u00f3 \u00fctk\u00f6z\u00e9si magass\u00e1g<\/strong>: Az \u00fctk\u00f6z\u00e9si magass\u00e1g testreszab\u00e1sa a k\u00fcl\u00f6nb\u00f6z\u0151 vizsg\u00e1lati forgat\u00f3k\u00f6nyvekhez, lehet\u0151v\u00e9 t\u00e9ve a pontos \u00e9s rugalmas \u00fctk\u00f6z\u00e9svizsg\u00e1latot.<\/li>\n<li><strong>Elektrom\u00e1gneses felf\u00fcggeszt\u00e9si rendszer<\/strong>: Ez a funkci\u00f3 k\u00f6vetkezetes kiold\u00e1si mechanizmust biztos\u00edt, minimaliz\u00e1lva a v\u00e1ltoz\u00e9konys\u00e1got \u00e9s n\u00f6velve a pontoss\u00e1got.<\/li>\n<li><strong>Pneumatikus mintaszor\u00edt\u00f3<\/strong>: A pneumatikus szor\u00edt\u00f3mechanizmus biztons\u00e1gosan tartja a pr\u00f3badarabot, megakad\u00e1lyozva az eredm\u00e9nyeket vesz\u00e9lyeztet\u0151 mozg\u00e1st.<\/li>\n<li><strong>Felhaszn\u00e1l\u00f3bar\u00e1t m\u0171k\u00f6d\u00e9s<\/strong>: A tesztel\u0151 l\u00e1bkapcsol\u00f3val van felszerelve, amely lehet\u0151v\u00e9 teszi a k\u00f6nny\u0171 kezel\u00e9st \u00e9s megk\u00f6nny\u00edti a k\u00e9z n\u00e9lk\u00fcli vez\u00e9rl\u00e9st a biztons\u00e1gos \u00e9s hat\u00e9kony tesztel\u00e9s \u00e9rdek\u00e9ben.<\/li>\n<\/ul>\n<h2>M\u0171szaki specifik\u00e1ci\u00f3k<\/h2>\n<table>\n<tbody>\n<tr>\n<td style=\"text-align: center;\" width=\"161\">\u00dct\u00e9smagass\u00e1g<\/td>\n<td style=\"text-align: center;\" width=\"290\">300mm-600mm (b\u0151v\u00edthet\u0151)<\/td>\n<\/tr>\n<tr>\n<td style=\"text-align: center;\" width=\"161\">Goly\u00f3\u00e1tm\u00e9r\u0151 (mm)<\/td>\n<td style=\"text-align: center;\" width=\"290\">23, 25, 28.6, 38.1, 50.8 (egy felszerelt)<\/td>\n<\/tr>\n<tr>\n<td style=\"text-align: center;\" width=\"161\">Pontoss\u00e1g<\/td>\n<td style=\"text-align: center;\" width=\"290\">0,1g (0,1J)<\/td>\n<\/tr>\n<tr>\n<td style=\"text-align: center;\" width=\"161\">Mintap\u00e9ld\u00e1ny bilincs<\/td>\n<td style=\"text-align: center;\" width=\"290\">Pneumatikus bilincs<\/td>\n<\/tr>\n<tr>\n<td style=\"text-align: center;\" width=\"161\">G\u00e1zell\u00e1t\u00e1s<\/td>\n<td style=\"text-align: center;\" width=\"290\">0,6 MPa \u03a68 mm PU cs\u0151<\/td>\n<\/tr>\n<tr>\n<td style=\"text-align: center;\" width=\"161\">Minta m\u00e9rete<\/td>\n<td style=\"text-align: center;\" width=\"290\">&gt; 150 mm x 150 mm<\/td>\n<\/tr>\n<tr>\n<td style=\"text-align: center;\" width=\"161\">T\u00e1pegys\u00e9g<\/td>\n<td style=\"text-align: center;\" width=\"290\">AC 110~220V 50Hz<\/td>\n<\/tr>\n<\/tbody>\n<\/table>\n<h2>A Drop Weight Impact Tester el\u0151nyei<\/h2>\n<p>A tesztel\u0151 haszn\u00e1lata k\u00f6vetkezetes \u00e9s pontos eredm\u00e9nyeket biztos\u00edt, amelyek a gy\u00e1rt\u00e1s sor\u00e1n a min\u0151s\u00e9g-ellen\u0151rz\u00e9si int\u00e9zked\u00e9sek \u00e9s az anyagv\u00e1laszt\u00e1s alapj\u00e1ul szolg\u00e1lnak. Az ASTM D1709 \u00e9s az ISO 7765-1 szabv\u00e1nyoknak val\u00f3 megfelel\u00e9s biztos\u00edt\u00e1s\u00e1val ez az \u00fct\u00e9sm\u00e9r\u0151 seg\u00edt az ipar\u00e1gaknak megfelelni a szab\u00e1lyoz\u00e1si el\u0151\u00edr\u00e1soknak \u00e9s az \u00fcgyfelek elv\u00e1r\u00e1sainak a tart\u00f3ss\u00e1g \u00e9s biztons\u00e1g tekintet\u00e9ben, k\u00fcl\u00f6n\u00f6sen a csomagol\u00e1s \u00e9s az anyaggy\u00e1rt\u00e1s ter\u00fclet\u00e9n. A tesztel\u0151 ide\u00e1lis v\u00e1laszt\u00e1s a kutat\u00e1si \u00e9s fejleszt\u00e9si k\u00f6rnyezetekben is, ahol a megb\u00edzhat\u00f3 \u00fct\u00e9s\u00e1ll\u00f3s\u00e1gi adatok az \u00faj term\u00e9kek fejleszt\u00e9s\u00e9t seg\u00edtik.<\/p>\n<h2>Megfelel az ASTM D1709 \u00e9s az ISO 7765-1 szabv\u00e1nyoknak<\/h2>\n<p>A Drop Weight Impact Tester teljes m\u00e9rt\u00e9kben megfelel a k\u00f6vetkez\u0151knek <a href=\"https:\/\/www.astm.org\/standards\/d1709\" target=\"_blank\" rel=\"noopener nofollow\"><strong>ASTM D1709<\/strong><\/a> \u00e9s <a href=\"https:\/\/www.iso.org\/standard\/14629.html\" target=\"_blank\" rel=\"noopener nofollow\"><strong>ISO 7765-1<\/strong><\/a>, ami azt jelenti, hogy a szabv\u00e1nyos\u00edtott tesztel\u00e9shez tan\u00fas\u00edtott, \u00e9s mind a helyi, mind a nemzetk\u00f6zi piacokon alkalmazhat\u00f3. Ez biztos\u00edtja, hogy a felhaszn\u00e1l\u00f3k a k\u00fcl\u00f6nb\u00f6z\u0151 vizsg\u00e1l\u00f3 l\u00e9tes\u00edtm\u00e9nyekben \u00e9s gy\u00e1rt\u00f3sorokon pontos \u00e9s \u00f6sszehasonl\u00edthat\u00f3 eredm\u00e9nyekre t\u00e1maszkodhatnak, ami egyszer\u0171s\u00edti a min\u0151s\u00e9gellen\u0151rz\u00e9st \u00e9s a jogszab\u00e1lyoknak val\u00f3 megfelel\u00e9st.<\/p>\n<h2>Gyakran ism\u00e9telt k\u00e9rd\u00e9sek (GYIK)<\/h2>\n<ol>\n<li><strong>Milyen t\u00edpus\u00fa anyagok vizsg\u00e1lhat\u00f3k a csepps\u00falyos \u00fct\u00e9sm\u00e9r\u0151vel?<\/strong>\n<ul>\n<li>Ez a tesztel\u0151 alkalmas filmek, f\u00f3li\u00e1k, pap\u00edr, m\u0171anyag lapok \u00e9s m\u00e1s v\u00e9kony anyagok vizsg\u00e1lat\u00e1ra 2 mm vastags\u00e1gig.<\/li>\n<\/ul>\n<\/li>\n<li><strong>Mi\u00e9rt fontos az ASTM D1709 \u00e9s az ISO 7765-1 az \u00fct\u00e9svizsg\u00e1lathoz?<\/strong>\n<ul>\n<li>Ezek a szabv\u00e1nyok k\u00f6vetkezetes m\u00f3dszereket hat\u00e1roznak meg az \u00fct\u00e9s\u00e1ll\u00f3s\u00e1g vizsg\u00e1lat\u00e1ra, biztos\u00edtva a megb\u00edzhat\u00f3, \u00f6sszehasonl\u00edthat\u00f3 eredm\u00e9nyeket az ipar\u00e1gakban.<\/li>\n<\/ul>\n<\/li>\n<li><strong>Milyen t\u00e9nyez\u0151k befoly\u00e1solhatj\u00e1k az \u00fct\u00e9svizsg\u00e1lat pontoss\u00e1g\u00e1t?<\/strong>\n<ul>\n<li>A legfontosabb t\u00e9nyez\u0151k k\u00f6z\u00e9 tartozik a cseppmagass\u00e1g, a goly\u00f3 m\u00e9rete \u00e9s a minta r\u00f6gz\u00edt\u00e9se, amelyek mindegyike szab\u00e1lyozhat\u00f3 az egyedi vizsg\u00e1lati ig\u00e9nyeknek megfelel\u0151en.<\/li>\n<\/ul>\n<\/li>\n<li><strong>Hogyan jav\u00edtja az elektrom\u00e1gneses felf\u00fcggeszt\u00e9si rendszer a vizsg\u00e1lat pontoss\u00e1g\u00e1t?<\/strong>\n<ul>\n<li>Az elektrom\u00e1gneses felf\u00fcggeszt\u00e9s pontos, egyenletes cseppent\u00e9st biztos\u00edt, cs\u00f6kkentve az elt\u00e9r\u00e9seket \u00e9s jav\u00edtva az eredm\u00e9nyek pontoss\u00e1g\u00e1t.<\/li>\n<\/ul>\n<\/li>\n<li><strong>Mely ipar\u00e1gak sz\u00e1m\u00e1ra a legel\u0151ny\u00f6sebb a csepps\u00falyos \u00fct\u00e9sm\u00e9r\u0151 haszn\u00e1lata?<\/strong>\n<ul>\n<li>Az olyan ipar\u00e1gak, mint a csomagol\u00e1s, a gy\u00f3gyszeripar, az elektronika, valamint az \u00e9lelmiszer- \u00e9s italgy\u00e1rt\u00e1s sz\u00e1m\u00e1ra el\u0151ny\u00f6s az anyagok \u00fct\u0151er\u0151kkel szembeni tart\u00f3ss\u00e1g\u00e1nak ellen\u0151rz\u00e9se.<\/li>\n<\/ul>\n<\/li>\n<\/ol>","protected":false},"excerpt":{"rendered":"<p>Az \u00fct\u00e9s\u00e1ll\u00f3s\u00e1g l\u00e9tfontoss\u00e1g\u00fa tulajdons\u00e1g a hirtelen vagy folyamatos \u00fct\u00e9seknek kitett anyagok eset\u00e9ben. A <strong>Drop Weight \u00fct\u00e9sm\u00e9r\u0151<\/strong> pontos, megb\u00edzhat\u00f3 m\u00f3dszert biztos\u00edt a k\u00fcl\u00f6nb\u00f6z\u0151 anyagok, k\u00f6zt\u00fck a 2 mm vastags\u00e1g alatti filmek, f\u00f3li\u00e1k, pap\u00edr, m\u0171anyag lapok \u00e9s kompozitok tart\u00f3ss\u00e1g\u00e1nak \u00e9rt\u00e9kel\u00e9s\u00e9re. Ez a tesztel\u0151 fontos szerepet j\u00e1tszik a min\u0151s\u00e9gellen\u0151rz\u00e9sben \u00e9s a term\u00e9kfejleszt\u00e9sben az ipar\u00e1gakban, biztos\u00edtva, hogy az anyagok megfeleljenek a teljes\u00edtm\u00e9nyre \u00e9s tart\u00f3ss\u00e1gra vonatkoz\u00f3 szigor\u00fa el\u0151\u00edr\u00e1soknak.<\/p>","protected":false},"featured_media":6147,"comment_status":"closed","ping_status":"closed","template":"","meta":{"site-sidebar-layout":"default","site-content-layout":"default","ast-global-header-display":"","ast-main-header-display":"","ast-hfb-above-header-display":"","ast-hfb-below-header-display":"","ast-hfb-mobile-header-display":"","site-post-title":"","ast-breadcrumbs-content":"","ast-featured-img":"","footer-sml-layout":"","theme-transparent-header-meta":"default","adv-header-id-meta":"","stick-header-meta":"","header-above-stick-meta":"","header-main-stick-meta":"","header-below-stick-meta":""},"product_cat":[845,938,684,17,44,149,16,95],"product_tag":[],"class_list":{"0":"post-5309","1":"product","2":"type-product","3":"status-publish","4":"has-post-thumbnail","6":"product_cat-customization","7":"product_cat-textile-tester","8":"product_cat-impact-tester","9":"product_cat-package-container-testers","10":"product_cat-paper-and-board-testers","11":"product_cat-pharma-and-medical-testers","12":"product_cat-plastic-packaging-testers","13":"product_cat-products","14":"desktop-align-left","15":"tablet-align-left","16":"mobile-align-left","18":"first","19":"instock","20":"shipping-taxable","21":"product-type-simple"},"_links":{"self":[{"href":"https:\/\/www.qualitester.com\/hu\/wp-json\/wp\/v2\/product\/5309","targetHints":{"allow":["GET"]}}],"collection":[{"href":"https:\/\/www.qualitester.com\/hu\/wp-json\/wp\/v2\/product"}],"about":[{"href":"https:\/\/www.qualitester.com\/hu\/wp-json\/wp\/v2\/types\/product"}],"replies":[{"embeddable":true,"href":"https:\/\/www.qualitester.com\/hu\/wp-json\/wp\/v2\/comments?post=5309"}],"version-history":[{"count":0,"href":"https:\/\/www.qualitester.com\/hu\/wp-json\/wp\/v2\/product\/5309\/revisions"}],"wp:featuredmedia":[{"embeddable":true,"href":"https:\/\/www.qualitester.com\/hu\/wp-json\/wp\/v2\/media\/6147"}],"wp:attachment":[{"href":"https:\/\/www.qualitester.com\/hu\/wp-json\/wp\/v2\/media?parent=5309"}],"wp:term":[{"taxonomy":"product_cat","embeddable":true,"href":"https:\/\/www.qualitester.com\/hu\/wp-json\/wp\/v2\/product_cat?post=5309"},{"taxonomy":"product_tag","embeddable":true,"href":"https:\/\/www.qualitester.com\/hu\/wp-json\/wp\/v2\/product_tag?post=5309"}],"curies":[{"name":"wp","href":"https:\/\/api.w.org\/{rel}","templated":true}]}}