{"id":5301,"date":"2024-11-12T16:58:37","date_gmt":"2024-11-12T08:58:37","guid":{"rendered":"https:\/\/www.qualitester.com\/?post_type=product&#038;p=5301"},"modified":"2024-12-05T11:16:30","modified_gmt":"2024-12-05T03:16:30","slug":"sale-paper-tearing-tester-manufacturer","status":"publish","type":"product","link":"https:\/\/www.qualitester.com\/hu\/termek\/sale-paper-tearing-tester-manufacturer\/","title":{"rendered":"SLD-02 szak\u00edt\u00f3 tesztel\u0151"},"content":{"rendered":"<h2><strong>A pap\u00edrszak\u00edt\u00f3 tesztel\u0151 bevezet\u00e9se<\/strong><\/h2>\n<p>A <strong>SLD-02 pap\u00edrszak\u00edt\u00f3 tesztel\u0151<\/strong> A Cell Instruments \u00e1ltal gy\u00e1rtott m\u00e9r\u0151m\u0171szer a szak\u00edt\u00f3szil\u00e1rds\u00e1g pontos \u00e9s megb\u00edzhat\u00f3 m\u00e9r\u00e9s\u00e9re szolg\u00e1l az anyagok sz\u00e9les sk\u00e1l\u00e1j\u00e1n, bele\u00e9rtve a pap\u00edrt, kartont, text\u00edli\u00e1kat, b\u0151rt \u00e9s m\u0171anyag f\u00f3li\u00e1kat. Fejlett funkci\u00f3kkal \u00e9p\u00fclt \u00e9s megfelel a vezet\u0151 ipari szabv\u00e1nyoknak, t\u00f6bbek k\u00f6z\u00f6tt a k\u00f6vetkez\u0151knek <strong>ASTM D689<\/strong>, ez a tesztel\u0151 n\u00e9lk\u00fcl\u00f6zhetetlen a min\u0151s\u00e9gellen\u0151rz\u00e9st el\u0151t\u00e9rbe helyez\u0151 ipar\u00e1gak sz\u00e1m\u00e1ra, a csomagol\u00e1st\u00f3l \u00e9s a nyomtat\u00e1st\u00f3l kezdve az orvosi eszk\u00f6z\u00f6k\u00f6n \u00e1t a fogyaszt\u00e1si cikkekig. Ezzel az eszk\u00f6zzel biztos\u00edthatja, hogy anyagai megfeleljenek a szigor\u00fa szak\u00edt\u00f3szil\u00e1rds\u00e1gi k\u00f6vetelm\u00e9nyeknek, \u00e9s ezzel hozz\u00e1j\u00e1rulhat a term\u00e9kek tart\u00f3ss\u00e1g\u00e1nak \u00e9s min\u0151s\u00e9g\u00e9nek fenntart\u00e1s\u00e1hoz.<\/p>\n<h2><strong>Az SLD-02 pap\u00edrszak\u00edt\u00f3 tesztel\u0151 legfontosabb jellemz\u0151i<\/strong><\/h2>\n<ul>\n<li><strong>Sz\u00e9les k\u00f6r\u0171 alkalmaz\u00e1s<\/strong>: Az SLD-02 pap\u00edr szak\u00edt\u00f3szil\u00e1rds\u00e1g-vizsg\u00e1l\u00f3 t\u00falmutat a pap\u00edr \u00e9s a karton vizsg\u00e1lat\u00e1n, \u00e9s olyan lapos anyagok szak\u00edt\u00f3szil\u00e1rds\u00e1g-vizsg\u00e1lat\u00e1t k\u00edn\u00e1lja, mint a text\u00edli\u00e1k, b\u0151r, m\u0171anyag f\u00f3li\u00e1k \u00e9s m\u00e9g f\u00e9mf\u00f3li\u00e1k, \u00edgy ide\u00e1lis a k\u00fcl\u00f6nf\u00e9le min\u0151s\u00e9gellen\u0151rz\u00e9si alkalmaz\u00e1sokhoz.<\/li>\n<li><strong>Innovat\u00edv tervez\u00e9s<\/strong>: Az SLD-02 a pontoss\u00e1g \u00e9rdek\u00e9ben k\u00e9sz\u00fclt, az inga mechanizmussal \u00e9s pneumatikus r\u00f6gz\u00edt\u0151 rendszerrel biztos\u00edtja a k\u00f6vetkezetes, megism\u00e9telhet\u0151 eredm\u00e9nyeket.<\/li>\n<li><strong>M\u0171szaki specifik\u00e1ci\u00f3k<\/strong>: Ez a m\u0171szer sz\u00e1mos olyan funkci\u00f3val b\u00fcszk\u00e9lkedhet, amelyek n\u00f6velik megb\u00edzhat\u00f3s\u00e1g\u00e1t \u00e9s k\u00f6nny\u0171 haszn\u00e1lhat\u00f3s\u00e1g\u00e1t:\n<ul>\n<li><strong>\u00c1llkapocs sz\u00e9less\u00e9g<\/strong>: 74,8 mm, alkalmas 63\u00d776 mm vagy 63\u00d750 mm m\u00e9ret\u0171 mint\u00e1khoz.<\/li>\n<li><strong>Automatikus vissza\u00e1ll\u00edt\u00e1s<\/strong>: Minden egyes vizsg\u00e1lat ut\u00e1n az inga automatikusan vissza\u00e1ll, ami leegyszer\u0171s\u00edti a vizsg\u00e1lati folyamatot.<\/li>\n<li><strong>Felhaszn\u00e1l\u00f3bar\u00e1t fel\u00fclet<\/strong>: Az 5 h\u00fcvelykes sz\u00ednes \u00e9rint\u0151k\u00e9perny\u0151 egyszer\u0171, intuit\u00edv kezel\u0151fel\u00fcletet k\u00edn\u00e1l a z\u00f6kken\u0151mentes m\u0171k\u00f6d\u00e9shez.<\/li>\n<li><strong>Pneumatikus mintaszor\u00edt\u00f3<\/strong>: Cs\u00f6kkenti az emberi hib\u00e1t, biztos\u00edtva a minta k\u00f6vetkezetes pozicion\u00e1l\u00e1s\u00e1t.<\/li>\n<li><strong>T\u00f6bbf\u00e9le inga kapacit\u00e1sok<\/strong>: A k\u00fcl\u00f6nb\u00f6z\u0151 kapacit\u00e1sok lehet\u0151v\u00e9 teszik a k\u00fcl\u00f6nb\u00f6z\u0151 tesztel\u00e9si alkalmaz\u00e1sok, valamint a k\u00fcl\u00f6nb\u00f6z\u0151 anyagt\u00edpusok \u00e9s szil\u00e1rds\u00e1gok befogad\u00e1s\u00e1t.<\/li>\n<li><strong>L\u00e9gsz\u0171r\u0151\/szab\u00e1lyoz\u00f3<\/strong>: A leveg\u0151 szennyez\u0151d\u00e9seinek sz\u0171r\u00e9s\u00e9vel fenntartja az alkatr\u00e9szek \u00e9ps\u00e9g\u00e9t \u00e9s meghosszabb\u00edtja a tesztel\u0151 \u00e9lettartam\u00e1t.<\/li>\n<\/ul>\n<\/li>\n<\/ul>\n<h2><strong>Hogyan m\u0171k\u00f6dik a pap\u00edrt\u00e9p\u0151 tesztel\u0151<\/strong><\/h2>\n<ul>\n<li><strong>Tesztel\u00e9si folyamat<\/strong>: Az SLD-02 pap\u00edrszak\u00edt\u00f3 tesztel\u0151 prec\u00edz mechanizmussal m\u0171k\u00f6dik, amely szabv\u00e1nyos\u00edtott szak\u00edt\u00f3vizsg\u00e1latot biztos\u00edt:\n<ol>\n<li>Egy v\u00e1g\u00f3k\u00e9s 43 mm-es has\u00edt\u00e9kot k\u00e9sz\u00edt a minta t\u00fals\u00f3 sz\u00e9l\u00e9t\u0151l.<\/li>\n<li>Az inga mechanizmusa, miut\u00e1n elengedte, a gravit\u00e1ci\u00f3t haszn\u00e1lja a r\u00e9s tov\u00e1bbvitel\u00e9re, \u00e9s a mint\u00e1t a fennmarad\u00f3 hosszon sz\u00e9tszak\u00edtja.<\/li>\n<li>Az e folyamat sor\u00e1n elvesz\u00edtett energi\u00e1t m\u00e9rik \u00e9s felhaszn\u00e1lj\u00e1k a minta \u00e1tlagos szak\u00edt\u00f3erej\u00e9nek kisz\u00e1m\u00edt\u00e1s\u00e1hoz, \u00edgy megb\u00edzhat\u00f3 szak\u00edt\u00f3szil\u00e1rds\u00e1gi \u00e9rt\u00e9ket kapnak.<\/li>\n<\/ol>\n<\/li>\n<\/ul>\n<h2><strong>Megfelel\u00e9s a f\u0151bb szabv\u00e1nyoknak (bele\u00e9rtve az ASTM D689 szabv\u00e1nyt)<\/strong><\/h2>\n<ul>\n<li><strong>A szabv\u00e1nyok \u00e1ttekint\u00e9se<\/strong>: Az SLD-02 szakad\u00e1svizsg\u00e1l\u00f3 megfelel sz\u00e1mos nemzetk\u00f6zi szabv\u00e1nynak, \u00edgy biztos\u00edtva a szigor\u00fa vizsg\u00e1lati k\u00f6vetelm\u00e9nyeknek val\u00f3 megfelel\u00e9st:\n<ul>\n<li><a href=\"https:\/\/www.astm.org\/d1922-15r20.html\" target=\"_blank\" rel=\"noopener nofollow\"><strong>ASTM D1922<\/strong><\/a>: M\u0171anyagok szak\u00edt\u00f3szil\u00e1rds\u00e1g\u00e1nak vizsg\u00e1lata.<\/li>\n<li><a href=\"https:\/\/www.astm.org\/d1424-09r19.html\" target=\"_blank\" rel=\"noopener nofollow\"><strong>ASTM D1424<\/strong><\/a>: A text\u00edli\u00e1k szak\u00edt\u00f3szil\u00e1rds\u00e1g\u00e1nak m\u00e9r\u00e9s\u00e9re szolg\u00e1l\u00f3 szabv\u00e1ny.<\/li>\n<li><a href=\"https:\/\/www.astm.org\/d0689-17.html\" target=\"_blank\" rel=\"noopener nofollow\"><strong>ASTM D689<\/strong><\/a>: A pap\u00edr \u00e9s a karton szak\u00edt\u00f3szil\u00e1rds\u00e1g\u00e1nak m\u00e9r\u00e9s\u00e9re szolg\u00e1l\u00f3, a csomagol\u00e1s min\u0151s\u00e9gellen\u0151rz\u00e9s\u00e9hez elengedhetetlen szabv\u00e1ny.<\/li>\n<li><strong>ISO 6383 &amp; ISO 1974<\/strong>: A szak\u00edt\u00f3szil\u00e1rds\u00e1g nemzetk\u00f6zi szabv\u00e1nyai.<\/li>\n<li><strong>TAPPI T414<\/strong>: A pap\u00edr szak\u00edt\u00f3szil\u00e1rds\u00e1g\u00e1nak vizsg\u00e1lati szabv\u00e1nya, amelyet sz\u00e9les k\u00f6rben haszn\u00e1lnak a pap\u00edriparban.<\/li>\n<\/ul>\n<\/li>\n<li><strong>F\u00f3kuszban az ASTM D689<\/strong>: Az ASTM D689 a pap\u00edr- \u00e9s kartonanyagok szak\u00edt\u00f3szil\u00e1rds\u00e1g\u00e1nak m\u00e9r\u00e9s\u00e9re szolg\u00e1l\u00f3 legfontosabb szabv\u00e1ny, amely biztos\u00edtja, hogy a term\u00e9kek, p\u00e9ld\u00e1ul a csomagol\u00f3anyagok megfeleljenek a min\u0151s\u00e9gi k\u00f6vetelm\u00e9nyeknek. Ez a szabv\u00e1ny konkr\u00e9t m\u00f3dszereket hat\u00e1roz meg a szak\u00edt\u00f3szil\u00e1rds\u00e1g vizsg\u00e1lat\u00e1ra, n\u00f6velve a pontoss\u00e1got \u00e9s a megb\u00edzhat\u00f3s\u00e1got, k\u00fcl\u00f6n\u00f6sen a min\u0151s\u00e9gellen\u0151rz\u00e9si alkalmaz\u00e1sokban. Az ASTM D689 szabv\u00e1nynak val\u00f3 megfelel\u00e9s r\u00e9v\u00e9n az SLD-02 megb\u00edzhat\u00f3 eredm\u00e9nyeket biztos\u00edt, megk\u00f6nny\u00edtve az ipari norm\u00e1knak val\u00f3 megfelel\u00e9st.<\/li>\n<\/ul>\n<h2><strong>A pap\u00edrszak\u00edt\u00f3 tesztel\u0151 m\u0171szaki param\u00e9terei<\/strong><\/h2>\n<table>\n<tbody>\n<tr>\n<td style=\"text-align: center;\" width=\"167\">Vizsg\u00e1lati tartom\u00e1ny (mN)<\/td>\n<td style=\"text-align: center;\" width=\"167\">10~8000,8000~16000<\/td>\n<\/tr>\n<tr>\n<td style=\"text-align: center;\" width=\"167\">G\u00e1zforr\u00e1s<\/td>\n<td style=\"text-align: center;\" width=\"167\">0,6 MPa<\/td>\n<\/tr>\n<tr>\n<td style=\"text-align: center;\" width=\"167\">T\u00e9p\u0151 kar<\/td>\n<td style=\"text-align: center;\" width=\"167\">104\u00b11mm<\/td>\n<\/tr>\n<tr>\n<td style=\"text-align: center;\" width=\"167\">Szakad\u00e1s kezdeti sz\u00f6ge<\/td>\n<td style=\"text-align: center;\" width=\"167\">27.5 \u00b10.5\u00b0<\/td>\n<\/tr>\n<tr>\n<td style=\"text-align: center;\" width=\"167\">Pontoss\u00e1g<\/td>\n<td style=\"text-align: center;\" width=\"167\">0,01 mN<\/td>\n<\/tr>\n<tr>\n<td style=\"text-align: center;\" width=\"167\">V\u00e1g\u00f3 r\u00e9s<\/td>\n<td style=\"text-align: center;\" width=\"167\">20mm<\/td>\n<\/tr>\n<tr>\n<td style=\"text-align: center;\" width=\"167\">R\u00f6gz\u00edt\u0151 fel\u00fclet<\/td>\n<td style=\"text-align: center;\" width=\"167\">\u226525*15mm<\/td>\n<\/tr>\n<tr>\n<td style=\"text-align: center;\" width=\"167\">Minta m\u00e9rete<\/td>\n<td style=\"text-align: center;\" width=\"167\">63*50mm<\/td>\n<\/tr>\n<tr>\n<td style=\"text-align: center;\" width=\"167\">R\u00f6gz\u00edt\u0151 vastags\u00e1ga<\/td>\n<td style=\"text-align: center;\" width=\"167\">2.8\u00b10.3mm<\/td>\n<\/tr>\n<tr>\n<td style=\"text-align: center;\" width=\"167\">Teljes\u00edtm\u00e9ny<\/td>\n<td style=\"text-align: center;\" width=\"167\">220V 50 Hz<\/td>\n<\/tr>\n<\/tbody>\n<\/table>\n<h2><strong>Az SLD-02 pap\u00edrszak\u00edt\u00f3 tesztel\u0151 el\u0151nyei<\/strong><\/h2>\n<ul>\n<li><strong>Fokozott megb\u00edzhat\u00f3s\u00e1g<\/strong>: A pneumatikus szor\u00edt\u00f3rendszer minimaliz\u00e1lja a k\u00e9zi kezel\u00e9sb\u0151l ered\u0151 hib\u00e1kat, ami k\u00f6vetkezetes \u00e9s pontos eredm\u00e9nyeket eredm\u00e9nyez.<\/li>\n<li><strong>Felhaszn\u00e1l\u00f3bar\u00e1t kialak\u00edt\u00e1s<\/strong>: Az 5 h\u00fcvelykes \u00e9rint\u0151k\u00e9perny\u0151 leegyszer\u0171s\u00edti a kezel\u00e9st, intuit\u00edv felhaszn\u00e1l\u00f3i \u00e9lm\u00e9nyt ny\u00fajt, amely t\u00e1mogatja a hat\u00e9kony tesztel\u00e9st.<\/li>\n<li><strong>Rugalmas tesztel\u00e9si lehet\u0151s\u00e9gek<\/strong>: A t\u00f6bbf\u00e9le ingakapacit\u00e1s lehet\u0151v\u00e9 teszi a k\u00fcl\u00f6nb\u00f6z\u0151 anyagok vizsg\u00e1lat\u00e1t, a k\u00f6nny\u0171 pap\u00edrokt\u00f3l a robusztus text\u00edli\u00e1kig \u00e9s f\u00f3li\u00e1kig.<\/li>\n<li><strong>Tart\u00f3ss\u00e1g \u00e9s karbantart\u00e1s<\/strong>: A be\u00e9p\u00edtett l\u00e9gsz\u0171r\u0151 \u00e9s szab\u00e1lyoz\u00f3 meghosszabb\u00edtja a pneumatikus alkatr\u00e9szek \u00e9lettartam\u00e1t, cs\u00f6kkentve az \u00e1ll\u00e1sid\u0151t \u00e9s a karbantart\u00e1si k\u00f6lts\u00e9geket.<\/li>\n<\/ul>\n<h2><strong>A pap\u00edrszak\u00edt\u00f3 tesztel\u0151 alkalmaz\u00e1sai<\/strong><\/h2>\n<p>Az SLD-02 pap\u00edrszak\u00edt\u00f3 tesztel\u0151 k\u00fcl\u00f6nb\u00f6z\u0151 ipar\u00e1gakban szolg\u00e1l, ahol a szak\u00edt\u00f3szil\u00e1rds\u00e1g kritikus min\u0151s\u00e9gi t\u00e9nyez\u0151:<\/p>\n<ul>\n<li><strong>Csomagol\u00e1s<\/strong>: Biztos\u00edtja, hogy a pap\u00edr \u00e9s karton csomagol\u00f3anyagok el\u00e9g tart\u00f3sak legyenek a sz\u00e1ll\u00edt\u00e1shoz \u00e9s kezel\u00e9shez.<\/li>\n<li><strong>Orvosi \u00e9s gy\u00f3gyszer\u00e9szeti<\/strong>: T\u00e1mogatja a csomagol\u00f3anyagokra vonatkoz\u00f3 magas szint\u0171 szabv\u00e1nyokat a term\u00e9k integrit\u00e1s\u00e1nak biztos\u00edt\u00e1sa \u00e9rdek\u00e9ben.<\/li>\n<li><strong>Text\u00edli\u00e1k \u00e9s m\u0171anyagok<\/strong>: Ellen\u0151rzi a text\u00edli\u00e1k, b\u0151r \u00e9s m\u0171anyag f\u00f3li\u00e1k szak\u00edt\u00f3szil\u00e1rds\u00e1g\u00e1t, a gy\u00e1rt\u00e1si folyamatok sor\u00e1n a min\u0151s\u00e9gi szabv\u00e1nyok betart\u00e1s\u00e1val.<\/li>\n<li><strong>Min\u0151s\u00e9gellen\u0151rz\u0151 \u00fcgyn\u00f6ks\u00e9gek<\/strong>: Pontos szakad\u00e1sm\u00e9r\u00e9st biztos\u00edt, seg\u00edtve a szervezeteket az anyagszil\u00e1rds\u00e1gra \u00e9s megb\u00edzhat\u00f3s\u00e1gra vonatkoz\u00f3 szab\u00e1lyoz\u00e1si el\u0151\u00edr\u00e1sok betart\u00e1s\u00e1ban.<\/li>\n<\/ul>\n<h2><strong>GYIK a pap\u00edrszakad\u00e1s-vizsg\u00e1l\u00f3r\u00f3l \u00e9s az ASTM D689-r\u0151l<\/strong><\/h2>\n<ol>\n<li><strong>Mi az ASTM D689, \u00e9s mi\u00e9rt fontos a szakad\u00e1svizsg\u00e1lat szempontj\u00e1b\u00f3l?<\/strong><br \/>\n<a href=\"https:\/\/www.qualitester.com\/hu\/termekkategoria-2\/astm\/astm-d689\/\">ASTM D689<\/a> egy olyan szabv\u00e1ny, amely vizsg\u00e1lati m\u00f3dszereket hat\u00e1roz meg a pap\u00edr \u00e9s a karton szak\u00edt\u00f3szil\u00e1rds\u00e1g\u00e1nak m\u00e9r\u00e9s\u00e9re. Biztos\u00edtja, hogy a vizsg\u00e1lati eredm\u00e9nyek k\u00f6vetkezetesek \u00e9s megb\u00edzhat\u00f3ak legyenek, ami elengedhetetlen a min\u0151s\u00e9gellen\u0151rz\u00e9shez a szakad\u00e1s\u00e1ll\u00f3 csomagol\u00e1st haszn\u00e1l\u00f3 ipar\u00e1gakban.<\/li>\n<li><strong>Hogyan jav\u00edtja a pneumatikus szor\u00edt\u00f3rendszer a vizsg\u00e1lat pontoss\u00e1g\u00e1t?<\/strong><br \/>\nA mint\u00e1k pneumatikus r\u00f6gz\u00edt\u00e9s\u00e9vel az SLD-02 cs\u00f6kkenti az emberi kezel\u00e9si variabilit\u00e1st, stabil tart\u00e1st biztos\u00edt, amely megakad\u00e1lyozza a cs\u00fasz\u00e1st, \u00e9s k\u00f6vetkezetes, pontos vizsg\u00e1lati eredm\u00e9nyeket biztos\u00edt.<\/li>\n<li><strong>Az SLD-02 tesztelhet-e m\u00e1s anyagokat is a pap\u00edron k\u00edv\u00fcl?<\/strong><br \/>\nIgen, az SLD-02 el\u00e9g sokoldal\u00faan haszn\u00e1lhat\u00f3 k\u00fcl\u00f6nb\u00f6z\u0151 lapos anyagok, p\u00e9ld\u00e1ul text\u00edli\u00e1k, b\u0151r \u00e9s m\u0171anyag f\u00f3li\u00e1k vizsg\u00e1lat\u00e1hoz, \u00edgy a min\u0151s\u00e9gellen\u0151rz\u00e9si ig\u00e9nyek sz\u00e9les sk\u00e1l\u00e1j\u00e1t kiel\u00e9g\u00edti.<\/li>\n<li><strong>Mi a jelent\u0151s\u00e9ge a t\u00f6bbsz\u00f6r\u00f6s ingakapacit\u00e1snak?<\/strong><br \/>\nA k\u00fcl\u00f6nb\u00f6z\u0151 ingakapacit\u00e1sok lehet\u0151v\u00e9 teszik, hogy az SLD-02 k\u00fcl\u00f6nb\u00f6z\u0151 szak\u00edt\u00f3szil\u00e1rds\u00e1g\u00fa anyagokat kezeljen, \u00edgy rugalmasan alkalmazhat\u00f3 k\u00f6nny\u0171 \u00e9s neh\u00e9z anyagok vizsg\u00e1lat\u00e1ra egyar\u00e1nt.<\/li>\n<li><strong>Hogyan felel meg az SLD-02 az ASTM D689 szabv\u00e1nyon k\u00edv\u00fcl m\u00e1s szabv\u00e1nyoknak?<\/strong><br \/>\nAz ASTM D689 szabv\u00e1nyon k\u00edv\u00fcl megfelel az ASTM D1922 m\u0171anyagokra, az ASTM D1424 text\u00edli\u00e1kra, az ISO-szabv\u00e1nyoknak \u00e9s a TAPPI T414 szabv\u00e1nynak is, ami biztos\u00edtja alkalmass\u00e1g\u00e1t a nemzetk\u00f6zi min\u0151s\u00e9gellen\u0151rz\u00e9si alkalmaz\u00e1sokhoz.<\/li>\n<\/ol>","protected":false},"excerpt":{"rendered":"<p>A <strong>SLD-02 pap\u00edrszak\u00edt\u00f3 tesztel\u0151<\/strong> A Cell Instruments \u00e1ltal gy\u00e1rtott m\u00e9r\u0151m\u0171szer a szak\u00edt\u00f3szil\u00e1rds\u00e1g pontos \u00e9s megb\u00edzhat\u00f3 m\u00e9r\u00e9s\u00e9re szolg\u00e1l az anyagok sz\u00e9les sk\u00e1l\u00e1j\u00e1n, bele\u00e9rtve a pap\u00edrt, kartont, text\u00edli\u00e1kat, b\u0151rt \u00e9s m\u0171anyag f\u00f3li\u00e1kat. Fejlett funkci\u00f3kkal \u00e9p\u00fclt \u00e9s megfelel a vezet\u0151 ipari szabv\u00e1nyoknak, t\u00f6bbek k\u00f6z\u00f6tt a k\u00f6vetkez\u0151knek <strong>ASTM D689<\/strong>, ez a tesztel\u0151 n\u00e9lk\u00fcl\u00f6zhetetlen a min\u0151s\u00e9gellen\u0151rz\u00e9st el\u0151t\u00e9rbe helyez\u0151 ipar\u00e1gak sz\u00e1m\u00e1ra, a csomagol\u00e1st\u00f3l \u00e9s a nyomtat\u00e1st\u00f3l kezdve az orvosi eszk\u00f6z\u00f6k\u00f6n \u00e1t a fogyaszt\u00e1si cikkekig. Ezzel az eszk\u00f6zzel biztos\u00edthatja, hogy anyagai megfeleljenek a szigor\u00fa szak\u00edt\u00f3szil\u00e1rds\u00e1gi k\u00f6vetelm\u00e9nyeknek, \u00e9s ezzel hozz\u00e1j\u00e1rulhat a term\u00e9kek tart\u00f3ss\u00e1g\u00e1nak \u00e9s min\u0151s\u00e9g\u00e9nek fenntart\u00e1s\u00e1hoz.<\/p>","protected":false},"featured_media":6197,"comment_status":"closed","ping_status":"closed","template":"","meta":{"site-sidebar-layout":"default","site-content-layout":"default","ast-global-header-display":"","ast-main-header-display":"","ast-hfb-above-header-display":"","ast-hfb-below-header-display":"","ast-hfb-mobile-header-display":"","site-post-title":"","ast-breadcrumbs-content":"","ast-featured-img":"","footer-sml-layout":"","theme-transparent-header-meta":"default","adv-header-id-meta":"","stick-header-meta":"","header-above-stick-meta":"","header-main-stick-meta":"","header-below-stick-meta":""},"product_cat":[845,953,956,955,954,957,958,952,959,1154,680,44,16,119,121,137,159,165,95],"product_tag":[],"class_list":{"0":"post-5301","1":"product","2":"type-product","3":"status-publish","4":"has-post-thumbnail","6":"product_cat-customization","7":"product_cat-bursting-tester","8":"product_cat-cobb-tester","9":"product_cat-crush-tester","10":"product_cat-paper-tear-tester","11":"product_cat-plybond-tester","12":"product_cat-puncture-tester","13":"product_cat-rub-tester","14":"product_cat-stiffness-tester","15":"product_cat-tappi-t414","16":"product_cat-tear-tester","17":"product_cat-paper-and-board-testers","18":"product_cat-plastic-packaging-testers","19":"product_cat-astm-d1424","20":"product_cat-astm-d1922","21":"product_cat-astm-d689","22":"product_cat-iso-1974","23":"product_cat-iso-6383","24":"product_cat-products","25":"desktop-align-left","26":"tablet-align-left","27":"mobile-align-left","29":"first","30":"instock","31":"shipping-taxable","32":"product-type-simple"},"_links":{"self":[{"href":"https:\/\/www.qualitester.com\/hu\/wp-json\/wp\/v2\/product\/5301","targetHints":{"allow":["GET"]}}],"collection":[{"href":"https:\/\/www.qualitester.com\/hu\/wp-json\/wp\/v2\/product"}],"about":[{"href":"https:\/\/www.qualitester.com\/hu\/wp-json\/wp\/v2\/types\/product"}],"replies":[{"embeddable":true,"href":"https:\/\/www.qualitester.com\/hu\/wp-json\/wp\/v2\/comments?post=5301"}],"version-history":[{"count":0,"href":"https:\/\/www.qualitester.com\/hu\/wp-json\/wp\/v2\/product\/5301\/revisions"}],"wp:featuredmedia":[{"embeddable":true,"href":"https:\/\/www.qualitester.com\/hu\/wp-json\/wp\/v2\/media\/6197"}],"wp:attachment":[{"href":"https:\/\/www.qualitester.com\/hu\/wp-json\/wp\/v2\/media?parent=5301"}],"wp:term":[{"taxonomy":"product_cat","embeddable":true,"href":"https:\/\/www.qualitester.com\/hu\/wp-json\/wp\/v2\/product_cat?post=5301"},{"taxonomy":"product_tag","embeddable":true,"href":"https:\/\/www.qualitester.com\/hu\/wp-json\/wp\/v2\/product_tag?post=5301"}],"curies":[{"name":"wp","href":"https:\/\/api.w.org\/{rel}","templated":true}]}}