{"id":5275,"date":"2024-11-08T09:59:06","date_gmt":"2024-11-08T01:59:06","guid":{"rendered":"https:\/\/www.qualitester.com\/?post_type=product&#038;p=5275"},"modified":"2024-12-05T10:22:46","modified_gmt":"2024-12-05T02:22:46","slug":"sale-mit-folding-endurance-tester","status":"publish","type":"product","link":"https:\/\/www.qualitester.com\/hu\/termek\/sale-mit-folding-endurance-tester\/","title":{"rendered":"NZD-01 MIT \u00f6sszecsukhat\u00f3 tart\u00f3ss\u00e1gi tesztel\u0151"},"content":{"rendered":"<h2>Bevezet\u00e9s az MIT \u00f6sszecsukhat\u00f3 \u00e1ll\u00f3k\u00e9pess\u00e9gi teszterbe<\/h2>\n<p>Az MIT Folding Endurance Tester, k\u00fcl\u00f6n\u00f6sen az NZD-01 modell, egy megb\u00edzhat\u00f3 \u00e9s prec\u00edz m\u0171szer, amelyet a lapanyagok, k\u00f6zt\u00fck az 1,25 mm vastags\u00e1g\u00fa pap\u00edr, karton \u00e9s doh\u00e1nylapok hajt\u00e1s\u00e1ll\u00f3s\u00e1g\u00e1nak \u00e9rt\u00e9kel\u00e9s\u00e9re terveztek. A hajt\u00e1s\u00e1ll\u00f3s\u00e1gi vizsg\u00e1lat n\u00e9lk\u00fcl\u00f6zhetetlen az olyan ipar\u00e1gakban, ahol az anyagok gyakori hajl\u00edt\u00e1snak \u00e9s hajtogat\u00e1snak vannak kit\u00e9ve, \u00edgy a csomagol\u00e1s, a pap\u00edrgy\u00e1rt\u00e1s, s\u0151t a textil- \u00e9s doh\u00e1nygy\u00e1rt\u00e1s min\u0151s\u00e9gellen\u0151rz\u00e9s\u00e9nek elengedhetetlen eszk\u00f6ze. Az NZD-01 MIT Folding Endurance Tester fejlett funkci\u00f3i \u00e9s a nemzetk\u00f6zi szabv\u00e1nyok betart\u00e1sa ide\u00e1lis v\u00e1laszt\u00e1ss\u00e1 teszik az anyagok tart\u00f3ss\u00e1g\u00e1ra \u00f6sszpontos\u00edt\u00f3 gy\u00e1rt\u00f3k \u00e9s kutat\u00f3k sz\u00e1m\u00e1ra.<\/p>\n<h2>Mi\u00e9rt fontos az MIT hajtogat\u00e1si \u00e1ll\u00f3k\u00e9pess\u00e9g-vizsg\u00e1lat a min\u0151s\u00e9gbiztos\u00edt\u00e1sban?<\/h2>\n<p>A hajt\u00e1s\u00e1ll\u00f3s\u00e1g egy kritikus mutat\u00f3ja annak, hogy egy anyag szakad\u00e1s vagy gyeng\u00fcl\u00e9s n\u00e9lk\u00fcl k\u00e9pes-e ellen\u00e1llni az ism\u00e9telt hajl\u00edt\u00e1snak. Az MIT Folding Endurance Tester pontos hajt\u00e1s\u00e1ll\u00f3s\u00e1gi \u00e9rt\u00e9keket szolg\u00e1ltat, amelyek t\u00fckr\u00f6zik az anyag tart\u00f3ss\u00e1g\u00e1t. A magasabb hajt\u00e1s\u00e1ll\u00f3s\u00e1gi \u00e9rt\u00e9kekkel rendelkez\u0151 anyagok nagyobb ellen\u00e1ll\u00e1st mutatnak a hajtogat\u00e1si ig\u00e9nybev\u00e9telnek, ami jelent\u0151sen befoly\u00e1solhatja a v\u00e9gterm\u00e9kek teljes\u00edtm\u00e9ny\u00e9t \u00e9s \u00e9lettartam\u00e1t. Az MIT Folding Endurance Tester haszn\u00e1lat\u00e1val a gy\u00e1rt\u00f3k adatvez\u00e9relt d\u00f6nt\u00e9seket hozhatnak a val\u00f3s alkalmaz\u00e1sokban j\u00f3l teljes\u00edt\u0151 anyagok kiv\u00e1laszt\u00e1s\u00e1ban.<\/p>\n<h2>Az ISO 5626 szabv\u00e1ny \u00e1ttekint\u00e9se: A k\u00f6vetkezetess\u00e9g biztos\u00edt\u00e1sa a hajtogat\u00e1si vizsg\u00e1latokban<\/h2>\n<p>Az MIT \u00f6sszecsukhat\u00f3 tart\u00f3ss\u00e1gi tesztel\u0151 megfelel a k\u00f6vetkez\u0151knek <a href=\"https:\/\/www.iso.org\/standard\/11700.html\" target=\"_blank\" rel=\"noopener nofollow\"><strong>ISO 5626<\/strong><\/a>, egy olyan szabv\u00e1ny, amely a pap\u00edr \u00e9s a kapcsol\u00f3d\u00f3 anyagok hajtogathat\u00f3s\u00e1g\u00e1nak meghat\u00e1roz\u00e1s\u00e1ra szolg\u00e1l\u00f3 m\u00f3dszert ismerteti. Ez a nemzetk\u00f6zi szabv\u00e1ny biztos\u00edtja a vizsg\u00e1lati elj\u00e1r\u00e1sok k\u00f6vetkezetess\u00e9g\u00e9t az ipar\u00e1gak k\u00f6z\u00f6tt, \u00e9s ir\u00e1nymutat\u00e1sokat ad a mint\u00e1k el\u0151k\u00e9sz\u00edt\u00e9s\u00e9re, a hajt\u00e1si fesz\u00fclts\u00e9g alkalmaz\u00e1s\u00e1ra \u00e9s a hajt\u00e1s\u00e1ll\u00f3s\u00e1g m\u00e9r\u00e9s\u00e9re vonatkoz\u00f3an. A  c\u00edm alatt <a href=\"https:\/\/www.qualitester.com\/hu\/termekkategoria-2\/iso\/iso-5626\/\" target=\"_blank\" rel=\"noopener\">ISO 5626<\/a>, a mint\u00e1kat k\u00e9tszeresen hajtogatj\u00e1k a t\u00f6r\u00e9spont el\u00e9r\u00e9s\u00e9ig, \u00e9s az eredm\u00e9nyek megmutatj\u00e1k, hogy az anyag mennyire b\u00edrja a hajtogat\u00e1st. Az ISO 5626 szabv\u00e1nyoknak val\u00f3 megfelel\u00e9ssel az MIT Folding Endurance Tester seg\u00edt a v\u00e1llalkoz\u00e1soknak a glob\u00e1lis vizsg\u00e1lati protokollok betart\u00e1s\u00e1ban \u00e9s az anyagok kiv\u00e1l\u00f3 min\u0151s\u00e9g\u0171 referencia\u00e9rt\u00e9k\u00e9nek fenntart\u00e1s\u00e1ban.<\/p>\n<h2>Az MIT \u00f6sszecsukhat\u00f3 tart\u00f3ss\u00e1gi tesztel\u0151 vizsg\u00e1lati elvei \u00e9s m\u0171k\u00f6d\u00e9se<\/h2>\n<p>A vizsg\u00e1lati elj\u00e1r\u00e1s a minta \u00f3vatos befog\u00e1s\u00e1val kezd\u0151dik a m\u0171szer \u00f6sszecsukhat\u00f3 pof\u00e1iban. A mintadarabot biztons\u00e1gosan egy s\u00edkban tartjuk, \u00e9s fesz\u00fclts\u00e9get alkalmazunk, jellemz\u0151en 9,81 N k\u00f6r\u00fcli \u00e9rt\u00e9kkel, ami az anyagra hat\u00f3 val\u00f3s er\u0151ket szimul\u00e1lja. A hajtogat\u00f3fej el\u0151re-h\u00e1tra mozog, \u00e9s addig hajtogat, am\u00edg a minta meg nem t\u00f6rik. A vizsg\u00e1lat befejez\u00e9se ut\u00e1n a sz\u00e1ml\u00e1l\u00f3 automatikusan meg\u00e1ll, \u00e9s r\u00f6gz\u00edti az anyag t\u00f6r\u00e9s\u00e9hez sz\u00fcks\u00e9ges kett\u0151s hajt\u00e1sok sz\u00e1m\u00e1t. Ez a sz\u00e1m a minta hajt\u00e1s\u00e1ll\u00f3s\u00e1g\u00e1t jelzi, \u00e9s d\u00f6nt\u0151 fontoss\u00e1g\u00fa betekint\u00e9st ny\u00fajt a minta hajl\u00edt\u00f3 ig\u00e9nybev\u00e9tel alatti tart\u00f3ss\u00e1g\u00e1ba.<\/p>\n<h2>Az MIT \u00f6sszecsukhat\u00f3 \u00e1ll\u00f3k\u00e9pess\u00e9gi tesztel\u0151 legfontosabb m\u0171szaki jellemz\u0151i<\/h2>\n<ul>\n<li><strong>\u00c1ll\u00edthat\u00f3 \u00f6sszecsuk\u00e1si sebess\u00e9g:<\/strong> Lehet\u0151v\u00e9 teszi a felhaszn\u00e1l\u00f3k sz\u00e1m\u00e1ra, hogy a hajtogat\u00e1si sebess\u00e9get percenk\u00e9nt 20 \u00e9s 200 dupla hajtogat\u00e1s k\u00f6z\u00f6tt \u00e1ll\u00edts\u00e1k be, alkalmazkodva a k\u00fcl\u00f6nb\u00f6z\u0151 anyagokhoz \u00e9s vizsg\u00e1lati k\u00f6r\u00fclm\u00e9nyekhez.<\/li>\n<li><strong>Sz\u00ednes \u00e9rint\u0151k\u00e9perny\u0151 \u00e9s mikronyomtat\u00f3:<\/strong> Az \u00e9rint\u0151k\u00e9perny\u0151 intuit\u00edv felhaszn\u00e1l\u00f3i fel\u00fcletet biztos\u00edt, m\u00edg a be\u00e9p\u00edtett h\u0151nyomtat\u00f3 azonnali nyomtat\u00e1st k\u00e9sz\u00edt a vizsg\u00e1lati eredm\u00e9nyekr\u0151l a k\u00f6nny\u0171 nyilv\u00e1ntart\u00e1s \u00e9rdek\u00e9ben.<\/li>\n<li><strong>K\u00fcl\u00f6nf\u00e9le \u00f6sszecsukhat\u00f3 fejek:<\/strong> Cser\u00e9lhet\u0151 hajtogat\u00f3fejekkel felszerelt, \u00edgy a tesztel\u0151 el\u00e9g sokoldal\u00faan haszn\u00e1lhat\u00f3 a k\u00fcl\u00f6nb\u00f6z\u0151 vastags\u00e1g\u00fa \u00e9s tulajdons\u00e1g\u00fa anyagok sz\u00e9les sk\u00e1l\u00e1j\u00e1hoz.<\/li>\n<li><strong>Tov\u00e1bbi specifik\u00e1ci\u00f3k:<\/strong> Tov\u00e1bbi fontos param\u00e9terek k\u00f6z\u00e9 tartozik a 135\u00b0-os hajtogat\u00e1si sz\u00f6g, a 99 999 hajtogat\u00e1sig terjed\u0151 hajt\u00e1si kitart\u00e1s, valamint a 4,91 N \u00e9s 14,72 N k\u00f6z\u00f6tti \u00e1ll\u00edthat\u00f3 mintafesz\u00edt\u0151 er\u0151, amely pontos \u00e9s megism\u00e9telhet\u0151 eredm\u00e9nyeket biztos\u00edt.<\/li>\n<\/ul>\n<h2>A tov\u00e1bbi szabv\u00e1nyoknak val\u00f3 megfelel\u00e9s<\/h2>\n<p>Az ISO 5626 szabv\u00e1nyon k\u00edv\u00fcl az MIT Folding Endurance Tester a k\u00f6vetkez\u0151 szabv\u00e1nyoknak felel meg:<\/p>\n<ul>\n<li><strong>TAPPI T511:<\/strong> Amerikai szabv\u00e1ny a pap\u00edr- \u00e9s kartonanyagok hajtogathat\u00f3s\u00e1g\u00e1nak \u00e9rt\u00e9kel\u00e9s\u00e9re.<\/li>\n<li><strong>GB\/T 457:<\/strong> Nemzeti szabv\u00e1ny K\u00edn\u00e1ban a pap\u00edr hajtogathat\u00f3s\u00e1g\u00e1nak meghat\u00e1roz\u00e1s\u00e1ra.<\/li>\n<li><strong>QB\/T 1049:<\/strong> Tov\u00e1bbi region\u00e1lis szabv\u00e1ny, amelyet az anyagvizsg\u00e1lat sor\u00e1n a k\u00fcl\u00f6nleges min\u0151s\u00e9gbiztos\u00edt\u00e1si protokollokhoz haszn\u00e1lnak.<\/li>\n<\/ul>\n<h2>Az MIT hajtogat\u00f3 \u00e1ll\u00f3k\u00e9pess\u00e9gi tesztel\u0151 alkalmaz\u00e1sai<\/h2>\n<ul>\n<li><strong>Csomagol\u00e1si \u00e9s pap\u00edripar:<\/strong> A tesztel\u0151t sz\u00e9les k\u00f6rben haszn\u00e1lj\u00e1k a csomagol\u00f3anyagok \u00e9s a pap\u00edrterm\u00e9kek anyagainak tart\u00f3ss\u00e1g\u00e1nak \u00e9rt\u00e9kel\u00e9s\u00e9re, biztos\u00edtva, hogy azok megfeleljenek a hajtogat\u00e1si tart\u00f3ss\u00e1gra vonatkoz\u00f3 ipari szabv\u00e1nyoknak.<\/li>\n<li><strong>Doh\u00e1ny \u00e9s textil:<\/strong> V\u00e9kony, speci\u00e1lis anyagok, p\u00e9ld\u00e1ul doh\u00e1nylapok \u00e9s text\u00edli\u00e1k eset\u00e9ben ez a tesztel\u0151 fontos szerepet j\u00e1tszik a tart\u00f3ss\u00e1g \u00e9rt\u00e9kel\u00e9s\u00e9ben, biztos\u00edtva, hogy az anyagok gyakori kezel\u00e9s mellett is meg\u0151rizz\u00e9k integrit\u00e1sukat.<\/li>\n<li><strong>Kutat\u00e1si \u00e9s fejleszt\u00e9si laborat\u00f3riumok:<\/strong> A K+F-ben a tesztel\u0151 seg\u00edti az anyagok szimul\u00e1lt haszn\u00e1lati k\u00f6r\u00fclm\u00e9nyek k\u00f6z\u00f6tti \u00e9rt\u00e9kel\u00e9s\u00e9t, seg\u00edtve a gy\u00e1rt\u00f3kat a term\u00e9kek teljes\u00edtm\u00e9ny\u00e9nek jav\u00edt\u00e1s\u00e1ban \u00e9s az alkalmaz\u00e1sokhoz legjobban illeszked\u0151 anyagok kiv\u00e1laszt\u00e1s\u00e1ban.<\/li>\n<\/ul>\n<h2>V\u00e1laszthat\u00f3 konfigur\u00e1ci\u00f3k \u00e9s tartoz\u00e9kok<\/h2>\n<p>Az MIT \u00f6sszecsukhat\u00f3 tart\u00f3ss\u00e1gi tesztel\u0151 tov\u00e1bbi tartoz\u00e9kokkal testre szabhat\u00f3, hogy megfeleljen az egyedi vizsg\u00e1lati k\u00f6vetelm\u00e9nyeknek:<\/p>\n<ul>\n<li><strong>Nem szabv\u00e1nyos \u00e1llkapcsok:<\/strong> Ezek a testre szabhat\u00f3 pof\u00e1k egyedi anyagm\u00e9retekhez \u00e9s -form\u00e1khoz alkalmazkodnak.<\/li>\n<li><strong>Kalibr\u00e1ci\u00f3s \u00e9s karbantart\u00e1si eszk\u00f6z\u00f6k:<\/strong> Alapvet\u0151 tartoz\u00e9kok a m\u0171szer kiv\u00e1l\u00f3 \u00fczemi \u00e1llapotban tart\u00e1s\u00e1hoz, biztos\u00edtva a tesztek egyenletes pontoss\u00e1g\u00e1t.<\/li>\n<\/ul>\n<h2>Az MIT \u00f6sszecsukhat\u00f3 \u00e1ll\u00f3k\u00e9pess\u00e9gi tesztel\u0151 m\u0171szaki adatai (NZD-01 modell)<\/h2>\n<table>\n<tbody>\n<tr>\n<td width=\"349\">M\u00e9r\u00e9si tartom\u00e1ny<\/td>\n<td width=\"456\">\u00a01\uff5e99999 Times<\/td>\n<\/tr>\n<tr>\n<td width=\"349\">\u00d6sszecsukhat\u00f3 \u00e1ll\u00f3k\u00e9pess\u00e9g (logaritmus)<\/td>\n<td width=\"456\">\u00a00\uff5e4.99<\/td>\n<\/tr>\n<tr>\n<td width=\"349\">\u00d6sszecsuk\u00e1si sz\u00f6g<\/td>\n<td width=\"456\">\uff08135 \u00b1 2\uff09\u00b0<\/td>\n<\/tr>\n<tr>\n<td width=\"349\">\u00d6sszecsuk\u00e1si sebess\u00e9g<\/td>\n<td width=\"456\">\uff08175\u00b110\uff09\u6b21\/\u5206\u949f<\/td>\n<\/tr>\n<tr>\n<td width=\"349\">Minta sz\u00e9less\u00e9ge<\/td>\n<td width=\"456\">\uff0815 \u00b1 0,1\uff09Mm<\/td>\n<\/tr>\n<tr>\n<td width=\"349\">Fesz\u00fclts\u00e9g er\u0151<\/td>\n<td width=\"456\">\uff084.91\uff5e14.72\uff09N<\/td>\n<\/tr>\n<tr>\n<td width=\"349\">\u00d6sszecsukhat\u00f3 nyit\u00e1si reped\u00e9s t\u00e1vols\u00e1ga<\/td>\n<td width=\"456\">0.25mm\/0.50mm\/0.75mm\/1.00mm\/1.25mm\uff08Choose One\uff09<\/td>\n<\/tr>\n<tr>\n<td width=\"349\">A hajt\u00e1s \u00edvsugara<\/td>\n<td width=\"456\">\uff080,38\u00b10,02\uff09Mm<\/td>\n<\/tr>\n<tr>\n<td width=\"349\">Megjelen\u00edt\u00e9s<\/td>\n<td width=\"456\">5\u201d \u00e9rint\u0151k\u00e9perny\u0151<\/td>\n<\/tr>\n<tr>\n<td width=\"349\">Nyomtat\u00f3<\/td>\n<td width=\"456\">Modul\u00e1ris integr\u00e1lt h\u0151nyomtat\u00f3<\/td>\n<\/tr>\n<tr>\n<td width=\"349\">K\u00f6rnyezetv\u00e9delem<\/td>\n<td width=\"456\">K\u00f6rnyezeti h\u0151m\u00e9rs\u00e9klet\uff0820 \u00b1 10\uff09\u00b0C\uff1bRh \uff1c 85\uff05<\/td>\n<\/tr>\n<tr>\n<td width=\"349\">Teljes\u00edtm\u00e9ny<\/td>\n<td width=\"456\">AC220v, 50hz<\/td>\n<\/tr>\n<\/tbody>\n<\/table>\n<h2>GYIK szakasz<\/h2>\n<ol>\n<li><strong>Milyen anyagokat tud kezelni az MIT Folding Endurance Tester?<\/strong><br \/>\nA tesztel\u0151 alkalmas v\u00e9kony lemezanyagok, p\u00e9ld\u00e1ul pap\u00edr, karton \u00e9s doh\u00e1nylemezek vizsg\u00e1lat\u00e1ra, legfeljebb 1,25 mm vastags\u00e1gig.<\/li>\n<li><strong>Hogyan m\u00e9ri a m\u0171szer a hajtogat\u00e1si kitart\u00e1st?<\/strong><br \/>\nA pr\u00f3batestet a pr\u00f3badarab t\u00f6r\u00e9s\u00e9ig k\u00e9tszeres hajtogat\u00e1st v\u00e9gez, \u00e9s a hajt\u00e1sok sz\u00e1m\u00e1t a hajt\u00e1s\u00e1ll\u00f3s\u00e1g mutat\u00f3jak\u00e9nt r\u00f6gz\u00edti.<\/li>\n<li><strong>Hogyan kapcsol\u00f3dik az ISO 5626 a vizsg\u00e1lathoz?<\/strong><br \/>\nAz ISO 5626 szabv\u00e1nyos\u00edtja a hajtogat\u00e1si \u00e1ll\u00f3k\u00e9pess\u00e9g-vizsg\u00e1lat szabv\u00e1nyos\u00edtott m\u00f3dszer\u00e9t, amely biztos\u00edtja az ipar\u00e1gak k\u00f6z\u00f6tti k\u00f6vetkezetes \u00e9s \u00f6sszehasonl\u00edthat\u00f3 eredm\u00e9nyeket.<\/li>\n<li><strong>Milyen ipar\u00e1gak sz\u00e1m\u00e1ra el\u0151ny\u00f6s a tesztel\u0151 haszn\u00e1lata?<\/strong><br \/>\nAz olyan ipar\u00e1gak, mint a csomagol\u00f3ipar, a pap\u00edrgy\u00e1rt\u00e1s, a textilipar \u00e9s a doh\u00e1nyipar ezt a m\u0171szert a min\u0151s\u00e9gellen\u0151rz\u00e9shez \u00e9s az anyagvizsg\u00e1lathoz tal\u00e1lj\u00e1k \u00e9rt\u00e9kesnek.<\/li>\n<li><strong>Testreszabhatom a hajtogat\u00f3fejet egyedi anyagokhoz?<\/strong><br \/>\nIgen, nem szabv\u00e1nyos \u00e1llkapcsok \u00e9s egy\u00e9b egyedi konfigur\u00e1ci\u00f3k is rendelkez\u00e9sre \u00e1llnak az egyedi anyagvizsg\u00e1lati ig\u00e9nyek kiel\u00e9g\u00edt\u00e9s\u00e9re.<\/li>\n<\/ol>","protected":false},"excerpt":{"rendered":"<p>Az MIT Folding Endurance Tester, k\u00fcl\u00f6n\u00f6sen az NZD-01 modell, egy megb\u00edzhat\u00f3 \u00e9s prec\u00edz m\u0171szer, amelyet a lapanyagok, k\u00f6zt\u00fck az 1,25 mm vastags\u00e1g\u00fa pap\u00edr, karton \u00e9s doh\u00e1nylapok hajt\u00e1s\u00e1ll\u00f3s\u00e1g\u00e1nak \u00e9rt\u00e9kel\u00e9s\u00e9re terveztek. A hajt\u00e1s\u00e1ll\u00f3s\u00e1gi vizsg\u00e1lat n\u00e9lk\u00fcl\u00f6zhetetlen az olyan ipar\u00e1gakban, ahol az anyagok gyakori hajl\u00edt\u00e1snak \u00e9s hajtogat\u00e1snak vannak kit\u00e9ve, \u00edgy a csomagol\u00e1s, a pap\u00edrgy\u00e1rt\u00e1s, s\u0151t a textil- \u00e9s doh\u00e1nygy\u00e1rt\u00e1s min\u0151s\u00e9gellen\u0151rz\u00e9s\u00e9nek elengedhetetlen eszk\u00f6ze. Az NZD-01 MIT Folding Endurance Tester fejlett funkci\u00f3i \u00e9s a nemzetk\u00f6zi szabv\u00e1nyok betart\u00e1sa ide\u00e1lis v\u00e1laszt\u00e1ss\u00e1 teszik az anyagok tart\u00f3ss\u00e1g\u00e1ra \u00f6sszpontos\u00edt\u00f3 gy\u00e1rt\u00f3k \u00e9s kutat\u00f3k sz\u00e1m\u00e1ra.<\/p>","protected":false},"featured_media":6182,"comment_status":"closed","ping_status":"closed","template":"","meta":{"site-sidebar-layout":"default","site-content-layout":"default","ast-global-header-display":"","ast-main-header-display":"","ast-hfb-above-header-display":"","ast-hfb-below-header-display":"","ast-hfb-mobile-header-display":"","site-post-title":"","ast-breadcrumbs-content":"","ast-featured-img":"","footer-sml-layout":"","theme-transparent-header-meta":"default","adv-header-id-meta":"","stick-header-meta":"","header-above-stick-meta":"","header-main-stick-meta":"","header-below-stick-meta":""},"product_cat":[953,956,955,845,1083,1084,1085,44,95],"product_tag":[],"class_list":{"0":"post-5275","1":"product","2":"type-product","3":"status-publish","4":"has-post-thumbnail","6":"product_cat-bursting-tester","7":"product_cat-cobb-tester","8":"product_cat-crush-tester","9":"product_cat-customization","10":"product_cat-iso-5626","11":"product_cat-mit-folding-endurance-tester","12":"product_cat-tappi-t511","13":"product_cat-paper-and-board-testers","14":"product_cat-products","15":"desktop-align-left","16":"tablet-align-left","17":"mobile-align-left","19":"first","20":"instock","21":"shipping-taxable","22":"product-type-simple"},"_links":{"self":[{"href":"https:\/\/www.qualitester.com\/hu\/wp-json\/wp\/v2\/product\/5275","targetHints":{"allow":["GET"]}}],"collection":[{"href":"https:\/\/www.qualitester.com\/hu\/wp-json\/wp\/v2\/product"}],"about":[{"href":"https:\/\/www.qualitester.com\/hu\/wp-json\/wp\/v2\/types\/product"}],"replies":[{"embeddable":true,"href":"https:\/\/www.qualitester.com\/hu\/wp-json\/wp\/v2\/comments?post=5275"}],"version-history":[{"count":0,"href":"https:\/\/www.qualitester.com\/hu\/wp-json\/wp\/v2\/product\/5275\/revisions"}],"wp:featuredmedia":[{"embeddable":true,"href":"https:\/\/www.qualitester.com\/hu\/wp-json\/wp\/v2\/media\/6182"}],"wp:attachment":[{"href":"https:\/\/www.qualitester.com\/hu\/wp-json\/wp\/v2\/media?parent=5275"}],"wp:term":[{"taxonomy":"product_cat","embeddable":true,"href":"https:\/\/www.qualitester.com\/hu\/wp-json\/wp\/v2\/product_cat?post=5275"},{"taxonomy":"product_tag","embeddable":true,"href":"https:\/\/www.qualitester.com\/hu\/wp-json\/wp\/v2\/product_tag?post=5275"}],"curies":[{"name":"wp","href":"https:\/\/api.w.org\/{rel}","templated":true}]}}