{"id":5271,"date":"2024-11-07T10:59:28","date_gmt":"2024-11-07T02:59:28","guid":{"rendered":"https:\/\/www.qualitester.com\/?post_type=product&#038;p=5271"},"modified":"2024-12-05T10:19:31","modified_gmt":"2024-12-05T02:19:31","slug":"sale-corrugated-concora-medium-fluter","status":"publish","type":"product","link":"https:\/\/www.qualitester.com\/hu\/termek\/sale-corrugated-concora-medium-fluter\/","title":{"rendered":"CWY-01 Concora Medium Fluter"},"content":{"rendered":"<h2>Bevezet\u00e9s<\/h2>\n<p>A <strong>CWY-01 Concora Medium Fluter<\/strong> egy kiv\u00e1l\u00f3 min\u0151s\u00e9g\u0171 eszk\u00f6z, amelyet hull\u00e1mpap\u00edrb\u00f3l k\u00e9sz\u00fclt szabv\u00e1nyos\u00edtott, bord\u00e1zott mint\u00e1k el\u0151\u00e1ll\u00edt\u00e1s\u00e1ra terveztek. A csomagol\u00f3-, gy\u00f3gyszer-, \u00e9lelmiszer-, elektronikai \u00e9s min\u0151s\u00e9gellen\u0151rz\u0151 ipar\u00e1gakban haszn\u00e1lt eszk\u00f6z n\u00e9lk\u00fcl\u00f6zhetetlen a hull\u00e1mpap\u00edr-anyagok szil\u00e1rds\u00e1g\u00e1nak \u00e9s tart\u00f3ss\u00e1g\u00e1nak biztos\u00edt\u00e1s\u00e1hoz. A mint\u00e1k el\u0151k\u00e9sz\u00edt\u00e9s\u00e9vel a <strong>Hull\u00e1mos\u00edt\u00f3 k\u00f6zeg vizsg\u00e1lata (CMT)<\/strong> \u00e9s <strong>Hull\u00e1mos nyom\u00f3vizsg\u00e1lat (CCT)<\/strong>, a CWY-01 lehet\u0151v\u00e9 teszi a gy\u00e1rt\u00f3k sz\u00e1m\u00e1ra, hogy megfeleljenek a min\u0151s\u00e9gi el\u0151\u00edr\u00e1soknak \u00e9s fenntarts\u00e1k a term\u00e9k konzisztenci\u00e1j\u00e1t.<\/p>\n<h2>A CWY-01 Concora Medium Fluter f\u0151 alkalmaz\u00e1si ter\u00fcletei<\/h2>\n<p>A <strong>CWY-01 Concora Medium Fluter<\/strong> alapvet\u0151 fontoss\u00e1g\u00fa a hull\u00e1mkarton gy\u00e1rt\u00e1s\u00e1hoz haszn\u00e1lt hull\u00e1mh\u00e9j \u00e9s egy\u00e9b anyagok szil\u00e1rds\u00e1g\u00e1nak \u00e9rt\u00e9kel\u00e9s\u00e9hez. Els\u0151dleges funkci\u00f3ja az egys\u00e9ges, bord\u00e1zott mint\u00e1k el\u0151k\u00e9sz\u00edt\u00e9se a nyom\u00f3szil\u00e1rds\u00e1g vizsg\u00e1lat\u00e1hoz, lehet\u0151v\u00e9 t\u00e9ve a felhaszn\u00e1l\u00f3k sz\u00e1m\u00e1ra annak meghat\u00e1roz\u00e1s\u00e1t, hogy egy anyag mennyire k\u00e9pes ellen\u00e1llni a nyom\u00e1snak \u00e9s fenntartani a szerkezeti integrit\u00e1st terhel\u00e9s alatt. Az alkalmaz\u00e1sok k\u00f6z\u00e9 tartoznak:<\/p>\n<ul>\n<li><strong>CMT<\/strong> a bord\u00e1zott mint\u00e1k s\u00edkbeli nyom\u00f3szil\u00e1rds\u00e1g\u00e1nak m\u00e9r\u00e9s\u00e9re<\/li>\n<li><strong>CCT<\/strong> a hull\u00e1mkarton \u00e9lsz\u00e9less\u00e9g\u0171 nyom\u00f3szil\u00e1rds\u00e1g\u00e1nak \u00e9rt\u00e9kel\u00e9s\u00e9hez<\/li>\n<\/ul>\n<p>Kiterjedten haszn\u00e1lj\u00e1k a <strong>csomagol\u00e1s, orvostechnikai eszk\u00f6z\u00f6k, gy\u00f3gyszerek \u00e9s min\u0151s\u00e9gellen\u0151rz\u00e9s<\/strong>, A CWY-01 t\u00e1mogatja a gy\u00e1rt\u00f3kat az anyagok megb\u00edzhat\u00f3 \u00e9s hat\u00e9kony vizsg\u00e1lat\u00e1ban.<\/p>\n<h2>M\u0171k\u00f6d\u00e9si elvek<\/h2>\n<p>A CWY-01 Concora Medium Fluter a precizit\u00e1st \u00e9s a k\u00f6nny\u0171 haszn\u00e1latot szem el\u0151tt tartva k\u00e9sz\u00fclt. M\u0171k\u00f6d\u00e9se n\u00e9h\u00e1ny egyszer\u0171 l\u00e9p\u00e9sben t\u00f6rt\u00e9nik:<\/p>\n<ol>\n<li><strong>H\u0151m\u00e9rs\u00e9klet be\u00e1ll\u00edt\u00e1sa<\/strong>: A g\u00e9p bekapcsol\u00e1sa ut\u00e1n a kezel\u0151 be\u00e1ll\u00edtja a h\u0151m\u00e9rs\u00e9kletet, hogy a hull\u00e1mlemezek optim\u00e1lis, stabil h\u0151m\u00e9rs\u00e9kletet \u00e9rjenek el. Ez az egyenletes h\u0151eloszl\u00e1s elengedhetetlen a pontos hornyok kialak\u00edt\u00e1s\u00e1hoz.<\/li>\n<li><strong>Minta etet\u00e9s<\/strong>: A hull\u00e1mos\u00edt\u00f3 k\u00f6zegmint\u00e1t fel\u00fclr\u0151l helyezik be, ahol az \u00e1thalad a f\u0171t\u00f6tt korongokon, \u00e9s egyenletes bord\u00e1zott form\u00e1t hoz l\u00e9tre.<\/li>\n<li><strong>Felk\u00e9sz\u00fcl\u00e9s a tesztel\u00e9sre<\/strong>: A fodrozott mint\u00e1t ezut\u00e1n egy <strong>CMT \u00e1llv\u00e1ny vagy CCT tart\u00f3<\/strong> \u00e9s k\u00e9szen \u00e1ll a nagy pontoss\u00e1g\u00fa vizsg\u00e1l\u00f3berendez\u00e9ssel v\u00e9gzett nyom\u00f3szil\u00e1rds\u00e1g-vizsg\u00e1latra.<\/li>\n<\/ol>\n<p>Ez a szisztematikus folyamat k\u00f6vetkezetes, megism\u00e9telhet\u0151 eredm\u00e9nyeket biztos\u00edt, lehet\u0151v\u00e9 t\u00e9ve az ipari szabv\u00e1nyoknak megfelel\u0151, pontos min\u0151s\u00e9gellen\u0151rz\u00e9st.<\/p>\n<h2>Relev\u00e1ns szabv\u00e1nyok \u00e9s vizsg\u00e1lati m\u00f3dszerek<\/h2>\n<p>A CWY-01 Concora Medium Fluter megfelel a legfontosabb ipari szabv\u00e1nyoknak, \u00edgy biztos\u00edtva a kiv\u00e1l\u00f3 min\u0151s\u00e9g\u0171, szabv\u00e1nyos\u00edtott eredm\u00e9nyeket:<\/p>\n<ul>\n<li><strong><a href=\"https:\/\/www.iso.org\/standard\/56171.html\" target=\"_blank\" rel=\"noopener nofollow\">ISO 7263<\/a>: Hull\u00e1mos\u00edt\u00f3 k\u00f6zeg teszt (CMT)<\/strong>\n<ul>\n<li>Az ISO 7263 meghat\u00e1rozza a <strong>Hull\u00e1mos\u00edt\u00f3 k\u00f6zeg vizsg\u00e1lata (CMT)<\/strong>, a hull\u00e1mos\u00edt\u00f3 k\u00f6zeg s\u00edkbeli nyom\u00f3\u00e1ll\u00f3s\u00e1g\u00e1nak m\u00e9r\u00e9se a hull\u00e1mos\u00edt\u00e1s ut\u00e1n. Ez a szabv\u00e1ny tartalmazza mind a <a href=\"https:\/\/www.qualitester.com\/hu\/termekkategoria-2\/iso\/iso-7263-1\/\" target=\"_blank\" rel=\"noopener\"><strong>ISO 7263-1<\/strong><\/a> a kondicion\u00e1lt mint\u00e1k eset\u00e9ben \u00e9s <strong>ISO 7263-2<\/strong> nedves mint\u00e1k eset\u00e9ben. A CWY-01 lehet\u0151v\u00e9 teszi az ISO-k\u00f6vetelm\u00e9nyeknek megfelel\u0151 mint\u00e1k el\u0151k\u00e9sz\u00edt\u00e9s\u00e9t, biztos\u00edtva a pontos \u00e9s megb\u00edzhat\u00f3 vizsg\u00e1lati eredm\u00e9nyeket.<\/li>\n<\/ul>\n<\/li>\n<li><strong><a href=\"https:\/\/www.iso.org\/standard\/57983.html\" target=\"_blank\" rel=\"noopener nofollow\">ISO 16945<\/a>: Hull\u00e1mos nyom\u00f3vizsg\u00e1lat (CCT)<\/strong>\n<ul>\n<li><a href=\"https:\/\/www.qualitester.com\/hu\/termekkategoria-2\/iso\/iso16945\/\" target=\"_blank\" rel=\"noopener\">ISO 16945<\/a> a k\u00f6vetkez\u0151kre \u00f6sszpontos\u00edt <strong>Hull\u00e1mos nyom\u00f3vizsg\u00e1lat (CCT)<\/strong>, amely a hull\u00e1mkarton peremir\u00e1ny\u00fa nyom\u00f3szil\u00e1rds\u00e1g\u00e1t \u00e9rt\u00e9keli, ami a csomagol\u00e1sban az anyag tart\u00f3ss\u00e1g\u00e1nak kritikus m\u00e9rc\u00e9je. A CWY-01 k\u00e9pes pontos bord\u00e1zott mint\u00e1k l\u00e9trehoz\u00e1s\u00e1ra az ISO 16945 szabv\u00e1nynak megfelel\u0151en, ami megk\u00f6nny\u00edti a k\u00f6vetkezetes, szabv\u00e1nyoknak megfelel\u0151 nyom\u00f3szil\u00e1rds\u00e1g-vizsg\u00e1latot.<\/li>\n<\/ul>\n<\/li>\n<li><strong><a href=\"https:\/\/imisrise.tappi.org\/TAPPI\/Products\/01\/T\/0104t843.aspx\" target=\"_blank\" rel=\"noopener nofollow\">TAPPI T843<\/a>: Lapos nyom\u00f3vizsg\u00e1lat hull\u00e1mos\u00edt\u00f3 k\u00f6zeghez<\/strong>\n<ul>\n<li><a href=\"https:\/\/www.qualitester.com\/hu\/termekkategoria-2\/tappi\/tappi-t843\/\" target=\"_blank\" rel=\"noopener\">TAPPI T843<\/a> felv\u00e1zolja az elj\u00e1r\u00e1sok tesztel\u00e9s\u00e9re vonatkoz\u00f3 elj\u00e1r\u00e1sokat <strong>lapos nyom\u00f3szil\u00e1rds\u00e1g<\/strong> bord\u00e1zott pap\u00edrb\u00f3l. A CWY-01 haszn\u00e1lata a TAPPI T843 szabv\u00e1nyos\u00edtott mint\u00e1k el\u0151\u00e1ll\u00edt\u00e1s\u00e1ra a TAPPI T843 szabv\u00e1nynak megfelel\u0151en n\u00f6veli a pontoss\u00e1got \u00e9s az \u00f6sszehasonl\u00edthat\u00f3s\u00e1got a vizsg\u00e1latok sor\u00e1n, ami kritikus a hull\u00e1mpap\u00edr csomagol\u00e1si alkalmaz\u00e1sok min\u0151s\u00e9gbiztos\u00edt\u00e1sa szempontj\u00e1b\u00f3l.<\/li>\n<\/ul>\n<\/li>\n<\/ul>\n<h2>A CWY-01 Concora Medium Fluter legfontosabb jellemz\u0151i \u00e9s el\u0151nyei<\/h2>\n<ol>\n<li><strong>Tart\u00f3s \u00e9s sokoldal\u00fa konstrukci\u00f3<\/strong>\n<ul>\n<li>A nagy ig\u00e9nybev\u00e9telnek ellen\u00e1ll\u00f3 CWY-01 hossz\u00fa t\u00e1von is megb\u00edzhat\u00f3, ide\u00e1lis az ig\u00e9nyes tesztel\u00e9si k\u00f6rnyezetekhez.<\/li>\n<\/ul>\n<\/li>\n<li><strong>Cser\u00e9lhet\u0151 hull\u00e1mlemezek<\/strong>\n<ul>\n<li>A k\u00f6nnyen adapt\u00e1lhat\u00f3 CWY-01 lehet\u0151v\u00e9 teszi a felhaszn\u00e1l\u00f3k sz\u00e1m\u00e1ra, hogy k\u00fcl\u00f6nb\u00f6z\u0151 furatprofil\u00fa korongokat cser\u00e9ljenek, \u00edgy sokoldal\u00faan felhaszn\u00e1lhat\u00f3k a mintael\u0151k\u00e9sz\u00edt\u00e9sben.<\/li>\n<\/ul>\n<\/li>\n<li><strong>\u00c1ll\u00edthat\u00f3 nyom\u00e1startom\u00e1ny kalibr\u00e1l\u00e1si lehet\u0151s\u00e9gekkel<\/strong>\n<ul>\n<li>A testreszabhat\u00f3 nyom\u00e1sbe\u00e1ll\u00edt\u00e1sok lehet\u0151v\u00e9 teszik a pontos be\u00e1ll\u00edt\u00e1st a k\u00fcl\u00f6nb\u00f6z\u0151 vizsg\u00e1lati k\u00f6vetelm\u00e9nyekhez, a nemzetk\u00f6zi szabv\u00e1nyoknak val\u00f3 megfelel\u00e9s fenntart\u00e1sa mellett.<\/li>\n<\/ul>\n<\/li>\n<li><strong>Helytakar\u00e9kos f\u00fcgg\u0151leges kialak\u00edt\u00e1s<\/strong>\n<ul>\n<li>A CWY-01 f\u00fcgg\u0151leges fel\u00e9p\u00edt\u00e9se leegyszer\u0171s\u00edti a mintaadagol\u00e1st, minimaliz\u00e1lja a helyig\u00e9nyt, mik\u00f6zben maximaliz\u00e1lja a k\u00f6nny\u0171 haszn\u00e1latot.<\/li>\n<\/ul>\n<\/li>\n<li><strong>Be\u00e9p\u00edtett f\u0171t\u0151mechanizmus az egyenletes h\u0151m\u00e9rs\u00e9klet-eloszl\u00e1s\u00e9rt<\/strong>\n<ul>\n<li>A be\u00e9p\u00edtett f\u0171t\u00e9s biztos\u00edtja a h\u0151m\u00e9rs\u00e9klet egyenletes eloszl\u00e1s\u00e1t mindk\u00e9t korongon, ami elengedhetetlen az egyenletes, kiv\u00e1l\u00f3 min\u0151s\u00e9g\u0171 bar\u00e1zd\u00e1k kialak\u00edt\u00e1s\u00e1hoz.<\/li>\n<\/ul>\n<\/li>\n<li><strong>Pontos h\u0151m\u00e9rs\u00e9klet-szab\u00e1lyoz\u00e1s<\/strong>\n<ul>\n<li>A felhaszn\u00e1l\u00f3k pontosan be\u00e1ll\u00edthatj\u00e1k \u00e9s szab\u00e1lyozhatj\u00e1k a h\u0151m\u00e9rs\u00e9kletet, biztos\u00edtva a minta el\u0151k\u00e9sz\u00edt\u00e9s\u00e9nek megb\u00edzhat\u00f3s\u00e1g\u00e1t \u00e9s a vizsg\u00e1lat integrit\u00e1s\u00e1nak meg\u0151rz\u00e9s\u00e9t.<\/li>\n<\/ul>\n<\/li>\n<\/ol>\n<h2>A CWY-01 Concora Medium Fluter f\u0151 param\u00e9terei<\/h2>\n<ul>\n<li><strong>Minta sz\u00e9less\u00e9ge<\/strong>: 0,5 h\u00fcvelyk (12,7 mm)<\/li>\n<li><strong>H\u0151m\u00e9rs\u00e9klet tartom\u00e1ny<\/strong>: Be\u00e1ll\u00edthat\u00f3 az adott tesztk\u00f6rnyezethez<\/li>\n<li><strong>Nyom\u00e1s tartom\u00e1ny<\/strong>: \u00c1ll\u00edthat\u00f3, kalibr\u00e1lt, hogy megfeleljen a k\u00fcl\u00f6nb\u00f6z\u0151 vizsg\u00e1lati szabv\u00e1nyoknak<\/li>\n<\/ul>\n<h2>GYIK<\/h2>\n<ol>\n<li><strong>Mi a c\u00e9lja a CWY-01 Concora Medium Fluter-nek?<\/strong>\n<ul>\n<li>A CWY-01 hull\u00e1mos k\u00f6zegb\u0151l k\u00e9sz\u00edt bord\u00e1zott mint\u00e1kat, amelyek n\u00e9lk\u00fcl\u00f6zhetetlenek a CMT \u00e9s CCT m\u00f3dszerekkel v\u00e9gzett szil\u00e1rds\u00e1gi vizsg\u00e1latokhoz.<\/li>\n<\/ul>\n<\/li>\n<li><strong>Hogyan felel meg a CWY-01 Concora Medium Fluter az ISO 7263 szabv\u00e1nynak?<\/strong>\n<ul>\n<li>A CWY-01 lehet\u0151v\u00e9 teszi az ISO 7263 szabv\u00e1nyban meghat\u00e1rozott bord\u00e1zott mint\u00e1k el\u0151\u00e1ll\u00edt\u00e1s\u00e1t, \u00edgy biztos\u00edtva szabv\u00e1nyos\u00edtott eredm\u00e9nyeket a hull\u00e1mpap\u00edr k\u00f6zepes szil\u00e1rds\u00e1g\u00e1nak vizsg\u00e1latakor.<\/li>\n<\/ul>\n<\/li>\n<li><strong>Milyen t\u00edpus\u00fa anyagok vizsg\u00e1lhat\u00f3k a CWY-01 k\u00e9sz\u00fcl\u00e9kkel?<\/strong>\n<ul>\n<li>A CWY-01 k\u00e9sz\u00fcl\u00e9ket hull\u00e1mpap\u00edrozott k\u00f6zeghez tervezt\u00e9k, de alkalmas m\u00e1s, hull\u00e1mpap\u00edr csomagol\u00e1sban nyom\u00f3szil\u00e1rds\u00e1g vizsg\u00e1latot ig\u00e9nyl\u0151 anyagokhoz is.<\/li>\n<\/ul>\n<\/li>\n<li><strong>Hogyan szab\u00e1lyozz\u00e1k a h\u0151m\u00e9rs\u00e9kletet a CWY-01-ben?<\/strong>\n<ul>\n<li>A be\u00e9p\u00edtett f\u0171t\u0151mechanizmus prec\u00edz vez\u00e9rl\u00e9st biztos\u00edt, egyenletes h\u0151eloszl\u00e1ssal a korongokon, ami pontos mintak\u00e9pz\u00e9st biztos\u00edt.<\/li>\n<\/ul>\n<\/li>\n<li><strong>A CWY-01 k\u00fcl\u00f6nb\u00f6z\u0151 fuvolat\u00edpusokat is tud fogadni?<\/strong>\n<ul>\n<li>Igen, a CWY-01 cser\u00e9lhet\u0151 t\u00e1rcs\u00e1kkal rendelkezik, amelyek lehet\u0151v\u00e9 teszik a k\u00fcl\u00f6nb\u00f6z\u0151 f\u00fav\u00f3ka-profilok alkalmaz\u00e1s\u00e1t a konkr\u00e9t vizsg\u00e1lati ig\u00e9nyekt\u0151l f\u00fcgg\u0151en.<\/li>\n<\/ul>\n<\/li>\n<\/ol>\n<p>A <strong>CWY-01 Concora Medium Fluter<\/strong> egy robusztus, alkalmazkod\u00f3 \u00e9s prec\u00edz eszk\u00f6z, amelyet olyan bord\u00e1zott mint\u00e1k el\u0151\u00e1ll\u00edt\u00e1s\u00e1ra terveztek, amelyek megfelelnek a szigor\u00fa ipari el\u0151\u00edr\u00e1soknak, mint p\u00e9ld\u00e1ul a <strong>ISO 7263<\/strong>, <strong>ISO 16945<\/strong>, \u00e9s <strong>TAPPI T843<\/strong>. Ez a sokoldal\u00fa eszk\u00f6z ide\u00e1lis a gy\u00e1rt\u00f3k \u00e9s a min\u0151s\u00e9gellen\u0151rz\u0151 csoportok sz\u00e1m\u00e1ra, akik a hull\u00e1mpap\u00edr csomagol\u00f3anyagok legmagasabb szint\u0171 teljes\u00edtm\u00e9ny\u00e9t \u00e9s megb\u00edzhat\u00f3s\u00e1g\u00e1t igyekeznek biztos\u00edtani.<\/p>","protected":false},"excerpt":{"rendered":"<p>A <strong>CWY-01 Concora Medium Fluter<\/strong> egy kiv\u00e1l\u00f3 min\u0151s\u00e9g\u0171 eszk\u00f6z, amelyet hull\u00e1mpap\u00edrb\u00f3l k\u00e9sz\u00fclt szabv\u00e1nyos\u00edtott, bord\u00e1zott mint\u00e1k el\u0151\u00e1ll\u00edt\u00e1s\u00e1ra terveztek. A csomagol\u00f3-, gy\u00f3gyszer-, \u00e9lelmiszer-, elektronikai \u00e9s min\u0151s\u00e9gellen\u0151rz\u0151 ipar\u00e1gakban haszn\u00e1lt eszk\u00f6z n\u00e9lk\u00fcl\u00f6zhetetlen a hull\u00e1mpap\u00edr-anyagok szil\u00e1rds\u00e1g\u00e1nak \u00e9s tart\u00f3ss\u00e1g\u00e1nak biztos\u00edt\u00e1s\u00e1hoz. A mint\u00e1k el\u0151k\u00e9sz\u00edt\u00e9s\u00e9vel a <strong>Hull\u00e1mos\u00edt\u00f3 k\u00f6zeg vizsg\u00e1lata (CMT)<\/strong> \u00e9s <strong>Hull\u00e1mos nyom\u00f3vizsg\u00e1lat (CCT)<\/strong>, a CWY-01 lehet\u0151v\u00e9 teszi a gy\u00e1rt\u00f3k sz\u00e1m\u00e1ra, hogy megfeleljenek a min\u0151s\u00e9gi el\u0151\u00edr\u00e1soknak \u00e9s fenntarts\u00e1k a term\u00e9k konzisztenci\u00e1j\u00e1t.<\/p>","protected":false},"featured_media":6180,"comment_status":"closed","ping_status":"closed","template":"","meta":{"site-sidebar-layout":"default","site-content-layout":"default","ast-global-header-display":"","ast-main-header-display":"","ast-hfb-above-header-display":"","ast-hfb-below-header-display":"","ast-hfb-mobile-header-display":"","site-post-title":"","ast-breadcrumbs-content":"","ast-featured-img":"","footer-sml-layout":"","theme-transparent-header-meta":"default","adv-header-id-meta":"","stick-header-meta":"","header-above-stick-meta":"","header-main-stick-meta":"","header-below-stick-meta":""},"product_cat":[845,953,956,955,1082,1081,954,957,958,952,959,95],"product_tag":[],"class_list":{"0":"post-5271","1":"product","2":"type-product","3":"status-publish","4":"has-post-thumbnail","6":"product_cat-customization","7":"product_cat-bursting-tester","8":"product_cat-cobb-tester","9":"product_cat-crush-tester","10":"product_cat-iso-16945","11":"product_cat-iso-7263-1","12":"product_cat-paper-tear-tester","13":"product_cat-plybond-tester","14":"product_cat-puncture-tester","15":"product_cat-rub-tester","16":"product_cat-stiffness-tester","17":"product_cat-products","18":"desktop-align-left","19":"tablet-align-left","20":"mobile-align-left","22":"first","23":"instock","24":"shipping-taxable","25":"product-type-simple"},"_links":{"self":[{"href":"https:\/\/www.qualitester.com\/hu\/wp-json\/wp\/v2\/product\/5271","targetHints":{"allow":["GET"]}}],"collection":[{"href":"https:\/\/www.qualitester.com\/hu\/wp-json\/wp\/v2\/product"}],"about":[{"href":"https:\/\/www.qualitester.com\/hu\/wp-json\/wp\/v2\/types\/product"}],"replies":[{"embeddable":true,"href":"https:\/\/www.qualitester.com\/hu\/wp-json\/wp\/v2\/comments?post=5271"}],"version-history":[{"count":0,"href":"https:\/\/www.qualitester.com\/hu\/wp-json\/wp\/v2\/product\/5271\/revisions"}],"wp:featuredmedia":[{"embeddable":true,"href":"https:\/\/www.qualitester.com\/hu\/wp-json\/wp\/v2\/media\/6180"}],"wp:attachment":[{"href":"https:\/\/www.qualitester.com\/hu\/wp-json\/wp\/v2\/media?parent=5271"}],"wp:term":[{"taxonomy":"product_cat","embeddable":true,"href":"https:\/\/www.qualitester.com\/hu\/wp-json\/wp\/v2\/product_cat?post=5271"},{"taxonomy":"product_tag","embeddable":true,"href":"https:\/\/www.qualitester.com\/hu\/wp-json\/wp\/v2\/product_tag?post=5271"}],"curies":[{"name":"wp","href":"https:\/\/api.w.org\/{rel}","templated":true}]}}