{"id":5264,"date":"2024-11-07T10:34:56","date_gmt":"2024-11-07T02:34:56","guid":{"rendered":"https:\/\/www.qualitester.com\/?post_type=product&#038;p=5264"},"modified":"2024-12-05T10:12:50","modified_gmt":"2024-12-05T02:12:50","slug":"sale-paper-core-compression-tester","status":"publish","type":"product","link":"https:\/\/www.qualitester.com\/hu\/termek\/sale-paper-core-compression-tester\/","title":{"rendered":"CST-PC pap\u00edrmag t\u00f6m\u00f6r\u00edt\u00e9si tesztel\u0151"},"content":{"rendered":"<h2>Bevezet\u00e9s a pap\u00edrmag t\u00f6m\u00f6r\u00edt\u00e9si teszterbe<\/h2>\n<p>A <strong>Pap\u00edrmag t\u00f6m\u00f6r\u00edt\u00e9si tesztel\u0151<\/strong> (CST-PC) egy speci\u00e1lis m\u0171szer, amelyet k\u00fcl\u00f6nb\u00f6z\u0151 pap\u00edr alap\u00fa term\u00e9kek, p\u00e9ld\u00e1ul pap\u00edrcs\u00f6vek, magok, kartondobozok, sz\u00ednes dobozok \u00e9s raklapok nyom\u00f3- \u00e9s rakod\u00e1si szil\u00e1rds\u00e1g\u00e1nak m\u00e9r\u00e9s\u00e9re terveztek. Ez a vizsg\u00e1l\u00f3eszk\u00f6z n\u00e9lk\u00fcl\u00f6zhetetlen a tart\u00f3s \u00e9s megb\u00edzhat\u00f3 csomagol\u00e1si megold\u00e1sokat ig\u00e9nyl\u0151 ipar\u00e1gakban, mivel seg\u00edt biztos\u00edtani, hogy a pap\u00edrterm\u00e9kek nyom\u00e1s alatt is megfeleljenek a magas min\u0151s\u00e9gi \u00e9s teljes\u00edtm\u00e9nyi el\u0151\u00edr\u00e1soknak.<\/p>\n<p>Ak\u00e1r a csomagol\u00e1si, \u00e9lelmiszeripari, orvosi vagy gy\u00f3gyszeripari \u00e1gazatban dolgozik, a pap\u00edrmag-t\u00f6m\u00f6r\u00edt\u00e9si tesztel\u0151 seg\u00edts\u00e9g\u00e9vel ellen\u0151rizheti, hogy a pap\u00edrcs\u00f6vek vagy -magok nem hajlanak-e meg a terhel\u00e9s hat\u00e1s\u00e1ra, \u00e9s ez\u00e1ltal megv\u00e9dik a benn\u00fck l\u00e9v\u0151 term\u00e9keket. Emellett a vizsg\u00e1lati eredm\u00e9nyek kritikus adatokat szolg\u00e1ltatnak a gy\u00e1rt\u00f3knak a term\u00e9ktervez\u00e9s optimaliz\u00e1l\u00e1s\u00e1hoz \u00e9s a gy\u00e1rt\u00e1si folyamatok jav\u00edt\u00e1s\u00e1hoz, ami jobb min\u0151s\u00e9g\u0171, k\u00f6lts\u00e9ghat\u00e9kony megold\u00e1sokhoz vezet.<\/p>\n<h2>A pap\u00edrmag t\u00f6m\u00f6r\u00edt\u00e9si tesztel\u0151 alkalmaz\u00e1sai<\/h2>\n<p>Ez a sokoldal\u00fa tesztel\u0151 ide\u00e1lis a k\u00fcl\u00f6nb\u00f6z\u0151 pap\u00edrterm\u00e9kek szil\u00e1rds\u00e1g\u00e1nak \u00e9s tart\u00f3ss\u00e1g\u00e1nak \u00e9rt\u00e9kel\u00e9s\u00e9re, t\u00f6bbek k\u00f6z\u00f6tt:<\/p>\n<ul>\n<li><strong>Nyom\u00f3szil\u00e1rds\u00e1g vizsg\u00e1lata<\/strong>: Biztos\u00edtja, hogy a pap\u00edrcs\u00f6vek, magok \u00e9s hasonl\u00f3 csomagol\u00f3elemek deform\u00e1ci\u00f3 n\u00e9lk\u00fcl ellen\u00e1lljanak a sz\u00fcks\u00e9ges nyom\u00f3terhel\u00e9snek.<\/li>\n<li><strong>Rakod\u00e1si szil\u00e1rds\u00e1g vizsg\u00e1lata<\/strong>: Ellen\u0151rzi, hogy a pap\u00edr alap\u00fa t\u00e9telek, p\u00e9ld\u00e1ul a kis kartondobozok \u00e9s raklapok meg\u0151rzik integrit\u00e1sukat, amikor egym\u00e1sra helyezik \u0151ket, v\u00e9delmet ny\u00fajtva a t\u00e1rol\u00e1s \u00e9s sz\u00e1ll\u00edt\u00e1s sor\u00e1n bek\u00f6vetkez\u0151 \u00f6sszeoml\u00e1s vagy s\u00e9r\u00fcl\u00e9s ellen.<\/li>\n<\/ul>\n<p>E tesztek elv\u00e9gz\u00e9s\u00e9vel a pap\u00edrmag t\u00f6m\u00f6r\u00edt\u00e9si tesztel\u0151 seg\u00edt a gy\u00e1rt\u00f3knak jav\u00edtani csomagol\u00e1si term\u00e9keiket \u00e9s megfelelni a szigor\u00fa ipari szabv\u00e1nyoknak, k\u00fcl\u00f6n\u00f6sen az \u00e9lelmiszer-, az orvosi \u00e9s a fogyaszt\u00e1si cikkek \u00e1gazat\u00e1ban, ahol a csomagol\u00e1s integrit\u00e1sa l\u00e9tfontoss\u00e1g\u00fa.<\/p>\n<h2>A pap\u00edrmag t\u00f6m\u00f6r\u00edt\u00e9si tesztel\u0151 legfontosabb el\u0151nyei \u00e9s jellemz\u0151i<\/h2>\n<p>A CST-PC pap\u00edrmag-t\u00f6m\u00f6r\u00edt\u00e9si tesztel\u0151 sz\u00e1mos olyan funkci\u00f3t k\u00edn\u00e1l, amelyek c\u00e9lja a vizsg\u00e1lati folyamatok egyszer\u0171s\u00edt\u00e9se, mik\u00f6zben biztos\u00edtj\u00e1k a pontoss\u00e1got \u00e9s a megb\u00edzhat\u00f3s\u00e1got:<\/p>\n<ul>\n<li><strong>Felhaszn\u00e1l\u00f3bar\u00e1t \u00e9rint\u0151k\u00e9perny\u0151s kezel\u00e9s<\/strong>: Egy\u00e9rtelm\u0171 kezel\u0151fel\u00fclettel egyszer\u0171s\u00edti a tesztel\u00e9st.<\/li>\n<li><strong>Fejlett mikrosz\u00e1m\u00edt\u00f3g\u00e9pes feldolgoz\u00e1s<\/strong>: Automatiz\u00e1lt m\u00e9r\u00e9st, eredm\u00e9ny\u00e9rtelmez\u00e9st \u00e9s \u00f6nvisszaad\u00e1s funkci\u00f3t biztos\u00edt, \u00edgy az adatgy\u0171jt\u00e9s \u00e9s elemz\u00e9s z\u00f6kken\u0151mentes.<\/li>\n<li><strong>Nagy pontoss\u00e1g\u00fa \u00e9rz\u00e9kel\u0151k<\/strong>: Rendk\u00edv\u00fcli pontoss\u00e1ggal r\u00f6gz\u00edti a val\u00f3s idej\u0171 nyom\u00f3er\u0151t \u00e9s deform\u00e1ci\u00f3t.<\/li>\n<li><strong>Adatkezel\u00e9s<\/strong>: A k\u00e9sz\u00fcl\u00e9k tartalmaz egy be\u00e1gyazott termikus mikronyomtat\u00f3t az azonnali eredm\u00e9nyekhez, valamint a val\u00f3s idej\u0171 adatmegjelen\u00edt\u00e9s, nyomon k\u00f6vet\u00e9s \u00e9s export\u00e1l\u00e1s lehet\u0151s\u00e9geit.<\/li>\n<li><strong>Tart\u00f3s fel\u00e9p\u00edt\u00e9s szinkronmotorral<\/strong>: Tartalmaz egy robusztus meghajt\u00f3rendszert szinkronmotorral \u00e9s kiv\u00e1l\u00f3 min\u0151s\u00e9g\u0171 menetes vez\u00e9rl\u0151csavarral, ami n\u00f6veli a tart\u00f3ss\u00e1got \u00e9s fenntartja az egyenletes vizsg\u00e1lati sebess\u00e9get.<\/li>\n<\/ul>\n<p>Ezek a tulajdons\u00e1gok teszik a pap\u00edrmag t\u00f6m\u00f6rs\u00e9gvizsg\u00e1l\u00f3t megb\u00edzhat\u00f3 \u00e9s sokoldal\u00fa eszk\u00f6zz\u00e9 a min\u0151s\u00e9gellen\u0151rz\u00e9shez, amely alkalmas gyakori \u00e9s nagy pontoss\u00e1g\u00fa vizsg\u00e1latokra ipari k\u00f6rnyezetben.<\/p>\n<h2>Vizsg\u00e1lati elv \u00e9s m\u00f3dszertan<\/h2>\n<p>A pontos, megism\u00e9telhet\u0151 eredm\u00e9nyek biztos\u00edt\u00e1sa \u00e9rdek\u00e9ben a tesztel\u00e9si folyamat k\u00f6vetkezetes m\u00f3dszertant k\u00f6vet:<\/p>\n<ul>\n<li><strong>Minta el\u0151k\u00e9sz\u00edt\u00e9se<\/strong>: Minden pap\u00edrcs\u00f6vet vagy magot gondosan el\u0151k\u00e9sz\u00edt\u00fcnk \u00e9s elhelyez\u00fcnk a teszteren a stabilit\u00e1s \u00e9s az egyenletes nyom\u00e1seloszl\u00e1s biztos\u00edt\u00e1sa \u00e9rdek\u00e9ben, az ipari szabv\u00e1nyokhoz igazodva.<\/li>\n<li><strong>Vizsg\u00e1lati elj\u00e1r\u00e1s<\/strong>: A tesztel\u0151 fels\u0151 lemeze \u00e1lland\u00f3 sebess\u00e9ggel, szab\u00e1lyozott, f\u00fcgg\u0151leges er\u0151t fejt ki a pap\u00edrcs\u0151re. A nagy pontoss\u00e1g\u00fa \u00e9rz\u00e9kel\u0151vel felszerelt tesztel\u0151 r\u00f6gz\u00edti \u00e9s r\u00f6gz\u00edti a t\u00f6m\u00f6r\u00edt\u00e9si adatokat, \u00e9s megmutatja a minta nyom\u00e1s alatti mechanikai reakci\u00f3j\u00e1t. Ezek az adatok megb\u00edzhat\u00f3 alapot ny\u00fajtanak a nyom\u00f3szil\u00e1rds\u00e1g felm\u00e9r\u00e9s\u00e9hez \u00e9s a term\u00e9k tart\u00f3ss\u00e1g\u00e1nak \u00e9rt\u00e9kel\u00e9s\u00e9hez.<\/li>\n<\/ul>\n<h2>Megfelel\u00e9s az ISO-szabv\u00e1nyoknak: ISO 12048, ISO 2872, ISO 2874<\/h2>\n<p>Az ISO-szabv\u00e1nyoknak val\u00f3 megfelel\u00e9s kritikus fontoss\u00e1g\u00fa annak biztos\u00edt\u00e1s\u00e1hoz, hogy a csomagol\u00f3anyagok megfeleljenek a glob\u00e1lis min\u0151s\u00e9gi referencia\u00e9rt\u00e9keknek. A Paper Core Compression Tester megfelel sz\u00e1mos kulcsfontoss\u00e1g\u00fa ISO-szabv\u00e1nynak, \u00edgy a felhaszn\u00e1l\u00f3k megb\u00edzhatnak a vizsg\u00e1lat megb\u00edzhat\u00f3s\u00e1g\u00e1ban:<\/p>\n<ul>\n<li><a href=\"https:\/\/www.iso.org\/standard\/20810.html\" target=\"_blank\" rel=\"noopener nofollow\"><strong>ISO 12048<\/strong><\/a>: Ez a szabv\u00e1ny meghat\u00e1rozza a sz\u00e1ll\u00edt\u00e1si csomagok nyom\u00f3- \u00e9s rakod\u00e1si vizsg\u00e1lat\u00e1nak m\u00f3dszereit, amelyek a term\u00e9kbiztons\u00e1g biztos\u00edt\u00e1sa \u00e9rdek\u00e9ben \u00e9rt\u00e9kelik szerkezeti teljes\u00edtm\u00e9ny\u00fcket.<\/li>\n<li><a href=\"https:\/\/www.iso.org\/standard\/7890.html\" target=\"_blank\" rel=\"noopener nofollow\"><strong>ISO 2872<\/strong><\/a>: Ez a szabv\u00e1ny a karton- \u00e9s pap\u00edrcsomagol\u00e1sra \u00f6sszpontos\u00edt, \u00e9s a csomagol\u00e1s t\u00e1rol\u00e1s alatti szil\u00e1rds\u00e1g\u00e1nak meghat\u00e1roz\u00e1s\u00e1ra szolg\u00e1l\u00f3 nyom\u00f3vizsg\u00e1lati elj\u00e1r\u00e1sokat hat\u00e1rozza meg.<\/li>\n<li><a href=\"https:\/\/www.iso.org\/standard\/7894.html\" target=\"_blank\" rel=\"noopener nofollow\"><strong>ISO 2874<\/strong><\/a>: Ez a szabv\u00e1ny a teljesen becsomagolt sz\u00e1ll\u00edt\u00f3csomagokra vonatkoz\u00f3 rakod\u00e1si vizsg\u00e1lati k\u00f6vetelm\u00e9nyeket hat\u00e1rozza meg, amelyek elengedhetetlenek annak igazol\u00e1s\u00e1hoz, hogy a term\u00e9kek a forgalmaz\u00e1s sor\u00e1n kib\u00edrj\u00e1k a rakod\u00e1si terhel\u00e9st.<\/li>\n<\/ul>\n<p>Ezek a szabv\u00e1nyok egys\u00e9ges vizsg\u00e1lati krit\u00e9riumokat \u00e1llap\u00edtanak meg, biztos\u00edtva, hogy a pap\u00edrmag t\u00f6m\u00f6rs\u00e9gvizsg\u00e1lat\u00e1b\u00f3l sz\u00e1rmaz\u00f3 adatok pontosak, megism\u00e9telhet\u0151k \u00e9s \u00f6sszhangban vannak a csomagol\u00e1s min\u0151s\u00e9g\u00e9re vonatkoz\u00f3 legjobb nemzetk\u00f6zi gyakorlatokkal.<\/p>\n<h2>Mi\u00e9rt fontosak az ISO-szabv\u00e1nyok a t\u00f6m\u00f6r\u00edt\u00e9si vizsg\u00e1latokban<\/h2>\n<p>Az ISO-szabv\u00e1nyok betart\u00e1sa, mint p\u00e9ld\u00e1ul <a href=\"https:\/\/www.qualitester.com\/hu\/termekkategoria-2\/iso\/iso-12048\/\" target=\"_blank\" rel=\"noopener\">ISO 12048<\/a>, <a href=\"https:\/\/www.qualitester.com\/hu\/termekkategoria-2\/iso\/iso-2872\/\" target=\"_blank\" rel=\"noopener\">ISO 2872<\/a>, \u00e9s <a href=\"https:\/\/www.qualitester.com\/hu\/termekkategoria-2\/iso\/iso-2874\/\" target=\"_blank\" rel=\"noopener\">ISO 2874<\/a> elengedhetetlen a csomagol\u00e1s min\u0151s\u00e9g\u00e9nek \u00e9s biztons\u00e1g\u00e1nak fenntart\u00e1s\u00e1hoz. Ezen szabv\u00e1nyok betart\u00e1s\u00e1val a gy\u00e1rt\u00f3k \u00e9s a min\u0151s\u00e9gellen\u0151rz\u00e9ssel foglalkoz\u00f3 szakemberek biztos\u00edtj\u00e1k, hogy a csomagol\u00e1si term\u00e9kek a t\u00e1rol\u00e1s \u00e9s a sz\u00e1ll\u00edt\u00e1s viszontags\u00e1gait a tartalom biztons\u00e1g\u00e1nak vesz\u00e9lyeztet\u00e9se n\u00e9lk\u00fcl kib\u00edrj\u00e1k. A Paper Core Compression Tester e szabv\u00e1nyoknak val\u00f3 megfelel\u00e9se lehet\u0151v\u00e9 teszi a gy\u00e1rt\u00f3k sz\u00e1m\u00e1ra, hogy megfeleljenek mind a szab\u00e1lyoz\u00f3i, mind a v\u00e1s\u00e1rl\u00f3i elv\u00e1r\u00e1soknak a megb\u00edzhat\u00f3 csomagol\u00e1si teljes\u00edtm\u00e9ny tekintet\u00e9ben.<\/p>\n<h2>A pap\u00edrmag t\u00f6m\u00f6r\u00edt\u00e9si tesztel\u0151 m\u0171szaki adatai<\/h2>\n<p>A CST-PC prec\u00edz \u00e9s megb\u00edzhat\u00f3 tesztel\u00e9st k\u00edn\u00e1l a fejlett m\u0171szaki specifik\u00e1ci\u00f3knak k\u00f6sz\u00f6nhet\u0151en:<\/p>\n<ul>\n<li><strong>Nyom\u00f3er\u0151 tartom\u00e1ny<\/strong>: K\u00e9pes az er\u0151szintek sz\u00e9les sk\u00e1l\u00e1j\u00e1nak kezel\u00e9s\u00e9re a k\u00fcl\u00f6nb\u00f6z\u0151 anyagszil\u00e1rds\u00e1gok figyelembev\u00e9tel\u00e9vel.<\/li>\n<li><strong>Maxim\u00e1lis terhelhet\u0151s\u00e9g<\/strong>: Elegend\u0151 kapacit\u00e1st biztos\u00edt a k\u00fcl\u00f6nb\u00f6z\u0151 pap\u00edripari term\u00e9kek robusztus tesztel\u00e9s\u00e9hez.<\/li>\n<li><strong>Nagy pontoss\u00e1gi szintek<\/strong>: Pontos er\u0151m\u00e9r\u00e9st biztos\u00edt, minimaliz\u00e1lja a hib\u00e1kat \u00e9s n\u00f6veli a tesztek megb\u00edzhat\u00f3s\u00e1g\u00e1t.<\/li>\n<li><strong>M\u00e9r\u00e9si egys\u00e9gek \u00e9s sebess\u00e9gszab\u00e1lyoz\u00e1s<\/strong>: Rugalmas lehet\u0151s\u00e9geket biztos\u00edt a vizsg\u00e1lati sebess\u00e9g \u00e9s a m\u00e9r\u00e9si egys\u00e9gek vez\u00e9rl\u00e9s\u00e9re, hogy megfeleljen az adott szabv\u00e1nyoknak \u00e9s anyagoknak.<\/li>\n<\/ul>\n<p>Ezek a specifik\u00e1ci\u00f3k hozz\u00e1j\u00e1rulnak a m\u0171szer \u00e1ltal\u00e1nos pontoss\u00e1g\u00e1hoz, tart\u00f3ss\u00e1g\u00e1hoz \u00e9s egyszer\u0171 haszn\u00e1lat\u00e1hoz, ami a csomagol\u00f3anyag-vizsg\u00e1lat min\u0151s\u00e9gbiztos\u00edt\u00e1s\u00e1nak alapvet\u0151 eszk\u00f6z\u00e9v\u00e9 teszi.<\/p>\n<h2>Gyakran ism\u00e9telt k\u00e9rd\u00e9sek (GYIK)<\/h2>\n<ol>\n<li><strong>Milyen t\u00edpus\u00fa term\u00e9kek vizsg\u00e1lhat\u00f3k a pap\u00edrmag t\u00f6m\u00f6rs\u00e9gm\u00e9r\u0151vel?<\/strong>\n<ul>\n<li>Ez a vizsg\u00e1l\u00f3eszk\u00f6z sz\u00e1mos pap\u00edr alap\u00fa term\u00e9khez alkalmas, bele\u00e9rtve a pap\u00edrcs\u00f6veket, raklapokat, kartondobozokat \u00e9s m\u00e1s csomagol\u00f3anyagokat, amelyekn\u00e9l nyom\u00f3- \u00e9s rakod\u00e1si szil\u00e1rds\u00e1gvizsg\u00e1latot kell v\u00e9gezni.<\/li>\n<\/ul>\n<\/li>\n<li><strong>Hogyan biztos\u00edtja a pap\u00edrmag t\u00f6m\u00f6r\u00edt\u00e9si tesztel\u0151 a pontoss\u00e1got?<\/strong>\n<ul>\n<li>A k\u00e9sz\u00fcl\u00e9k nagy pontoss\u00e1g\u00fa \u00e9rz\u00e9kel\u0151kkel \u00e9s szinkronmotorral van felszerelve, amely egyenletes nyom\u00e1salkalmaz\u00e1st biztos\u00edt, \u00edgy megb\u00edzhat\u00f3 adatokat biztos\u00edt a pontos teljes\u00edtm\u00e9ny\u00e9rt\u00e9kel\u00e9shez.<\/li>\n<\/ul>\n<\/li>\n<li><strong>Mi\u00e9rt fontosak az ISO 12048, ISO 2872 \u00e9s ISO 2874 szabv\u00e1nyok?<\/strong>\n<ul>\n<li>Ezek a szabv\u00e1nyok meghat\u00e1rozz\u00e1k a t\u00f6m\u00f6r\u00edt\u00e9si \u00e9s rakod\u00e1si vizsg\u00e1latok m\u00f3dszereit, seg\u00edtve a gy\u00e1rt\u00f3kat annak meger\u0151s\u00edt\u00e9s\u00e9ben, hogy csomagol\u00e1si term\u00e9keik megfelelnek az ipar\u00e1g \u00e1ltal elismert min\u0151s\u00e9gi \u00e9s biztons\u00e1gi szabv\u00e1nyoknak.<\/li>\n<\/ul>\n<\/li>\n<li><strong>Testre szabhat\u00f3-e a pap\u00edrmag t\u00f6m\u00f6r\u00edt\u00e9si tesztel\u0151 egyedi vizsg\u00e1lati ig\u00e9nyekhez?<\/strong>\n<ul>\n<li>Igen, testreszab\u00e1si lehet\u0151s\u00e9geket k\u00edn\u00e1lunk, hogy megfeleljen a speci\u00e1lis tesztel\u00e9si k\u00f6vetelm\u00e9nyeknek \u00e9s a k\u00fcl\u00f6nb\u00f6z\u0151 ipar\u00e1gak egyedi alkalmaz\u00e1sainak.<\/li>\n<\/ul>\n<\/li>\n<li><strong>Hogyan t\u00f6rt\u00e9nik az adatok gy\u0171jt\u00e9se \u00e9s t\u00e1rol\u00e1sa a tesztel\u00e9s sor\u00e1n?<\/strong>\n<ul>\n<li>A tesztel\u0151 mikrosz\u00e1m\u00edt\u00f3g\u00e9pes rendszere val\u00f3s id\u0151ben r\u00f6gz\u00edti az adatokat, \u00e9s lehet\u0151s\u00e9g van azonnali nyomtat\u00e1sra egy be\u00e9p\u00edtett h\u0151nyomtat\u00f3n kereszt\u00fcl, valamint az eredm\u00e9nyek export\u00e1l\u00e1s\u00e1ra \u00e9s nyomon k\u00f6vet\u00e9s\u00e9re az egyszer\u0171 elemz\u00e9s \u00e9s dokument\u00e1ci\u00f3 \u00e9rdek\u00e9ben.<\/li>\n<\/ul>\n<\/li>\n<\/ol>","protected":false},"excerpt":{"rendered":"<p>A <strong>Pap\u00edrmag t\u00f6m\u00f6r\u00edt\u00e9si tesztel\u0151<\/strong> (CST-PC) egy speci\u00e1lis m\u0171szer, amelyet k\u00fcl\u00f6nb\u00f6z\u0151 pap\u00edr alap\u00fa term\u00e9kek, p\u00e9ld\u00e1ul pap\u00edrcs\u00f6vek, magok, kartondobozok, sz\u00ednes dobozok \u00e9s raklapok nyom\u00f3- \u00e9s rakod\u00e1si szil\u00e1rds\u00e1g\u00e1nak m\u00e9r\u00e9s\u00e9re terveztek. Ez a vizsg\u00e1l\u00f3eszk\u00f6z n\u00e9lk\u00fcl\u00f6zhetetlen a tart\u00f3s \u00e9s megb\u00edzhat\u00f3 csomagol\u00e1si megold\u00e1sokat ig\u00e9nyl\u0151 ipar\u00e1gakban, mivel seg\u00edt biztos\u00edtani, hogy a pap\u00edrterm\u00e9kek nyom\u00e1s alatt is megfeleljenek a magas min\u0151s\u00e9gi \u00e9s teljes\u00edtm\u00e9nyi el\u0151\u00edr\u00e1soknak.<\/p>","protected":false},"featured_media":6178,"comment_status":"closed","ping_status":"closed","template":"","meta":{"site-sidebar-layout":"default","site-content-layout":"default","ast-global-header-display":"","ast-main-header-display":"","ast-hfb-above-header-display":"","ast-hfb-below-header-display":"","ast-hfb-mobile-header-display":"","site-post-title":"","ast-breadcrumbs-content":"","ast-featured-img":"","footer-sml-layout":"","theme-transparent-header-meta":"default","adv-header-id-meta":"","stick-header-meta":"","header-above-stick-meta":"","header-main-stick-meta":"","header-below-stick-meta":""},"product_cat":[845,953,956,955,1065,1067,1066,965,954,957,958,952,959,44,95],"product_tag":[],"class_list":{"0":"post-5264","1":"product","2":"type-product","3":"status-publish","4":"has-post-thumbnail","6":"product_cat-customization","7":"product_cat-bursting-tester","8":"product_cat-cobb-tester","9":"product_cat-crush-tester","10":"product_cat-iso-12048","11":"product_cat-iso-2872","12":"product_cat-iso-2874","13":"product_cat-package-compression-tester","14":"product_cat-paper-tear-tester","15":"product_cat-plybond-tester","16":"product_cat-puncture-tester","17":"product_cat-rub-tester","18":"product_cat-stiffness-tester","19":"product_cat-paper-and-board-testers","20":"product_cat-products","21":"desktop-align-left","22":"tablet-align-left","23":"mobile-align-left","25":"first","26":"instock","27":"shipping-taxable","28":"product-type-simple"},"_links":{"self":[{"href":"https:\/\/www.qualitester.com\/hu\/wp-json\/wp\/v2\/product\/5264","targetHints":{"allow":["GET"]}}],"collection":[{"href":"https:\/\/www.qualitester.com\/hu\/wp-json\/wp\/v2\/product"}],"about":[{"href":"https:\/\/www.qualitester.com\/hu\/wp-json\/wp\/v2\/types\/product"}],"replies":[{"embeddable":true,"href":"https:\/\/www.qualitester.com\/hu\/wp-json\/wp\/v2\/comments?post=5264"}],"version-history":[{"count":0,"href":"https:\/\/www.qualitester.com\/hu\/wp-json\/wp\/v2\/product\/5264\/revisions"}],"wp:featuredmedia":[{"embeddable":true,"href":"https:\/\/www.qualitester.com\/hu\/wp-json\/wp\/v2\/media\/6178"}],"wp:attachment":[{"href":"https:\/\/www.qualitester.com\/hu\/wp-json\/wp\/v2\/media?parent=5264"}],"wp:term":[{"taxonomy":"product_cat","embeddable":true,"href":"https:\/\/www.qualitester.com\/hu\/wp-json\/wp\/v2\/product_cat?post=5264"},{"taxonomy":"product_tag","embeddable":true,"href":"https:\/\/www.qualitester.com\/hu\/wp-json\/wp\/v2\/product_tag?post=5264"}],"curies":[{"name":"wp","href":"https:\/\/api.w.org\/{rel}","templated":true}]}}