{"id":5254,"date":"2024-11-07T09:31:49","date_gmt":"2024-11-07T01:31:49","guid":{"rendered":"https:\/\/www.qualitester.com\/?post_type=product&#038;p=5254"},"modified":"2024-12-05T10:01:46","modified_gmt":"2024-12-05T02:01:46","slug":"sale-bursting-strength-tester","status":"publish","type":"product","link":"https:\/\/www.qualitester.com\/hu\/termek\/sale-bursting-strength-tester\/","title":{"rendered":"Szak\u00edt\u00f3szil\u00e1rds\u00e1g-tesztel\u0151"},"content":{"rendered":"<p>A <strong>Szak\u00edt\u00f3szil\u00e1rds\u00e1g-tesztel\u0151<\/strong> alapvet\u0151 eszk\u00f6z a pap\u00edr \u00e9s kartonanyagok szerkezeti integrit\u00e1s\u00e1nak \u00e9s tart\u00f3ss\u00e1g\u00e1nak \u00e9rt\u00e9kel\u00e9s\u00e9hez. Ezt a tesztel\u0151t \u00fagy tervezt\u00e9k, hogy felm\u00e9rje, hogy ezek az anyagok milyen maxim\u00e1lis er\u0151t k\u00e9pesek elviselni a szakad\u00e1s el\u0151tt, ez\u00e9rt sz\u00e9les k\u00f6rben haszn\u00e1lj\u00e1k a csomagol\u00e1s, a gy\u00e1rt\u00e1s \u00e9s a min\u0151s\u00e9gellen\u0151rz\u00e9s ter\u00fclet\u00e9n. A k\u00f6nny\u0171 pap\u00edrt\u00f3l a nagy teherb\u00edr\u00e1s\u00fa kartonig terjed\u0151 alkalmaz\u00e1sokban a <strong>Szak\u00edt\u00f3szil\u00e1rds\u00e1g-tesztel\u0151<\/strong> biztos\u00edtja, hogy az anyagok megfeleljenek a szigor\u00fa szabv\u00e1nyoknak a terhel\u00e9s alatti teljes\u00edtm\u00e9ny tekintet\u00e9ben, \u00edgy n\u00e9lk\u00fcl\u00f6zhetetlenn\u00e9 teszi az olyan ipar\u00e1gakban, ahol az er\u0151 \u00e9s a tart\u00f3ss\u00e1g a legfontosabb.<\/p>\n<h3>A szak\u00edt\u00f3szil\u00e1rds\u00e1g-vizsg\u00e1l\u00f3 alkalmaz\u00e1sai<\/h3>\n<p>A szak\u00edt\u00f3szil\u00e1rds\u00e1g-vizsg\u00e1lat azt m\u00e9ri, hogy egy anyag mennyire k\u00e9pes ellen\u00e1llni a t\u00f6r\u00e9snek vagy szakad\u00e1snak, amikor k\u00fcls\u0151 er\u0151k hat\u00e1s\u00e1nak van kit\u00e9ve. Ez a min\u0151s\u00e9g kritikus a k\u00f6vetkez\u0151kh\u00f6z <strong>pap\u00edr, karton \u00e9s csomagol\u00f3anyagok<\/strong>, k\u00fcl\u00f6n\u00f6sen a k\u00f6vetkez\u0151kkel \u00f6sszef\u00fcgg\u00e9sben <strong>sz\u00e1ll\u00edt\u00e1s \u00e9s t\u00e1rol\u00e1s<\/strong>. A gyenge pontok beazonos\u00edt\u00e1s\u00e1val az anyagok bevet\u00e9se el\u0151tt a v\u00e1llalatok elker\u00fclhetik a k\u00f6lts\u00e9ges k\u00e1rokat \u00e9s biztos\u00edthatj\u00e1k a biztons\u00e1gos term\u00e9ksz\u00e1ll\u00edt\u00e1st. A gy\u00e1rt\u00f3k sz\u00e1m\u00e1ra ez a vizsg\u00e1lat betekint\u00e9st ny\u00fajt az anyagmin\u0151s\u00e9gbe, \u00e9s inform\u00e1ci\u00f3t ny\u00fajt a csomagol\u00e1s tervez\u00e9s\u00e9hez, lehet\u0151v\u00e9 t\u00e9ve a jobb tart\u00f3ss\u00e1got \u00e9s a sz\u00e1ll\u00edt\u00e1s sor\u00e1n bek\u00f6vetkez\u0151 s\u00e9r\u00fcl\u00e9sek kock\u00e1zat\u00e1nak cs\u00f6kkent\u00e9s\u00e9t.<\/p>\n<h3>A szak\u00edt\u00f3szil\u00e1rds\u00e1g-vizsg\u00e1l\u00f3 f\u0151 jellemz\u0151i<\/h3>\n<ul>\n<li><strong>Hidraulikus nyom\u00e1svizsg\u00e1lat:<\/strong> A tesztel\u0151 hidraulikus nyom\u00e1st alkalmaz a vizsg\u00e1lati mint\u00e1ra, \u00edgy lehet\u0151v\u00e9 teszi a szak\u00edt\u00f3ellen\u00e1ll\u00e1s rendk\u00edv\u00fcl pontos m\u00e9r\u00e9s\u00e9t.<\/li>\n<li><strong>Sz\u00e9les vizsg\u00e1lati tartom\u00e1ny:<\/strong> Az anyagok sz\u00e9les spektrum\u00e1t k\u00e9pes vizsg\u00e1lni, a k\u00f6nny\u0171 pap\u00edrt\u00f3l a t\u00f6m\u00f6r farostlemezekig, a k\u00f6vetkez\u0151 szak\u00edt\u00f3szil\u00e1rds\u00e1gokkal: 1,5 mm \u00e9s 1,5 mm k\u00f6z\u00f6tt. <strong>70 kPa \u00e9s 5500 kPa k\u00f6z\u00f6tt<\/strong>.<\/li>\n<li><strong>Precizit\u00e1s \u00e9s megb\u00edzhat\u00f3s\u00e1g:<\/strong> A fejlett nyom\u00e1s\u00e9rz\u00e9kel\u0151kkel felszerelt szak\u00edt\u00f3szil\u00e1rds\u00e1g-vizsg\u00e1l\u00f3 megb\u00edzhat\u00f3, megism\u00e9telhet\u0151 eredm\u00e9nyeket szolg\u00e1ltat, biztos\u00edtva a min\u0151s\u00e9gellen\u0151rz\u00e9s nagyfok\u00fa pontoss\u00e1g\u00e1t.<\/li>\n<\/ul>\n<h3>Board Bursting Tester: A t\u00e1bl\u00e1k szerkezeti szil\u00e1rds\u00e1g\u00e1nak biztos\u00edt\u00e1sa<\/h3>\n<p>A <strong>BNP-01 Board Bursting Tester<\/strong> kifejezetten olyan t\u00e1bl\u00e1s anyagok tesztel\u00e9s\u00e9re tervezt\u00e9k, mint <strong>hull\u00e1mpap\u00edr \u00e9s t\u00f6m\u00f6r farostlemez<\/strong>. K\u00e9pes olyan anyagok m\u00e9r\u00e9s\u00e9re, amelyek szak\u00edt\u00f3szil\u00e1rds\u00e1ga a k\u00f6vetkez\u0151 tartom\u00e1nyban van <strong>350 kPa \u00e9s 5500 kPa k\u00f6z\u00f6tt<\/strong>, ez a tesztel\u0151 megfelel a csomagol\u00e1si \u00e9s sz\u00e1ll\u00edt\u00e1si \u00e1gazat ig\u00e9nyes ig\u00e9nyeinek. Az anyag rugalmass\u00e1g\u00e1nak \u00e9rt\u00e9kel\u00e9s\u00e9vel lehet\u0151v\u00e9 teszi a gy\u00e1rt\u00f3k sz\u00e1m\u00e1ra, hogy garant\u00e1lj\u00e1k, hogy csomagol\u00f3anyagaik ellen\u00e1llnak a kezel\u00e9s \u00e9s sz\u00e1ll\u00edt\u00e1s sor\u00e1n fell\u00e9p\u0151 nyom\u00e1snak. Ez a tesztel\u0151 megfelel a vezet\u0151 ipari szabv\u00e1nyoknak, t\u00f6bbek k\u00f6z\u00f6tt:<\/p>\n<ul>\n<li><strong><a href=\"https:\/\/www.iso.org\/standard\/61488.html\" target=\"_blank\" rel=\"noopener nofollow\">ISO 2759<\/a>:<\/strong> A kartonok szil\u00e1rds\u00e1g\u00e1nak \u00e9rt\u00e9kel\u00e9s\u00e9re nemzetk\u00f6zileg elismert ISO 2759 szabv\u00e1ny ir\u00e1nymutat\u00e1sokat \u00e1llap\u00edt meg a kartonanyagok szak\u00edt\u00f3szil\u00e1rds\u00e1g\u00e1nak \u00e9rt\u00e9kel\u00e9s\u00e9re, biztos\u00edtva a glob\u00e1lis min\u0151s\u00e9gi megfelel\u00e9st.<\/li>\n<li><strong>TAPPI T810 \u00e9s TAPPI T807:<\/strong> Ezek a szabv\u00e1nyok a farostlemez \u00e9s a hull\u00e1mkarton t\u00f6r\u00e9svizsg\u00e1lat\u00e1ra terjednek ki, lehet\u0151v\u00e9 t\u00e9ve a t\u00e9telek egyenletes min\u0151s\u00e9g\u00e9t \u00e9s biztos\u00edtva a csomagol\u00f3anyagok biztons\u00e1gos sz\u00e1ll\u00edt\u00e1s\u00e1t.<\/li>\n<\/ul>\n<h3>Pap\u00edrszaggat\u00f3 tesztel\u0151: K\u00f6nny\u0171 anyagokhoz optimaliz\u00e1lva<\/h3>\n<p>Pap\u00edralap\u00fa alkalmaz\u00e1sok eset\u00e9n a <strong>ZNP-01 Pap\u00edrszaggat\u00f3 tesztel\u0151<\/strong> az ide\u00e1lis v\u00e1laszt\u00e1s, olyan anyagok tesztel\u00e9s\u00e9re, amelyek szak\u00edt\u00f3szil\u00e1rds\u00e1ga a k\u00f6vetkez\u0151 \u00e9rt\u00e9kek k\u00f6z\u00f6tt van <strong>70 kPa \u00e9s 1400 kPa k\u00f6z\u00f6tt<\/strong>. A k\u00f6nnyebb anyagok, p\u00e9ld\u00e1ul pap\u00edr \u00e9s v\u00e9kony karton eset\u00e9ben is haszn\u00e1lhat\u00f3, ez a tesztel\u0151 eszk\u00f6z olyan alkalmaz\u00e1sokban, ahol az anyag rugalmass\u00e1ga d\u00f6nt\u0151 fontoss\u00e1g\u00fa. A ZNP-01 megfelel az al\u00e1bbi szabv\u00e1nyoknak:<\/p>\n<ul>\n<li><strong><a href=\"https:\/\/www.qualitester.com\/hu\/termekkategoria-2\/iso\/iso-5627\/\" target=\"_blank\" rel=\"noopener\">ISO 2758<\/a>:<\/strong> Ez a szabv\u00e1ny szab\u00e1lyozza a pap\u00edranyagok szak\u00edt\u00f3szil\u00e1rds\u00e1g-vizsg\u00e1lat\u00e1t, biztos\u00edtva, hogy az eredm\u00e9nyek megfeleljenek a nemzetk\u00f6zi referencia\u00e9rt\u00e9keknek.<\/li>\n<li><strong>TAPPI T403 \u00e9s ASTM D774:<\/strong> Mindk\u00e9t szabv\u00e1ny a pap\u00edr szil\u00e1rds\u00e1g\u00e1nak \u00e9rt\u00e9kel\u00e9s\u00e9re szolg\u00e1l\u00f3 m\u00f3dszereket v\u00e1zol fel, az ASTM D774 a k\u00f6nny\u0171, nagy rugalmass\u00e1g\u00fa pap\u00edrokra \u00f6sszpontos\u00edt.<\/li>\n<\/ul>\n<p>Ezek a szabv\u00e1nyok biztos\u00edtj\u00e1k, hogy a csomagol\u00e1si \u00e9s nyomtat\u00e1si alkalmaz\u00e1sokban haszn\u00e1lt anyagok megfeleljenek a term\u00e9kbiztons\u00e1g \u00e9s a min\u0151s\u00e9gbiztos\u00edt\u00e1s szempontj\u00e1b\u00f3l sz\u00fcks\u00e9ges tart\u00f3ss\u00e1gnak.<\/p>\n<h3>Vizsg\u00e1lati elv<\/h3>\n<p>A szak\u00edt\u00f3szil\u00e1rds\u00e1gi vizsg\u00e1lat sor\u00e1n a mint\u00e1t egy k\u00f6r alak\u00fa, rugalmas membr\u00e1n f\u00f6l\u00e9 helyezik, amely a sz\u00e9lein\u00e9l mereven r\u00f6gz\u00edtve van, de k\u00f6z\u00e9pen szabadon kidudorodik. Mivel <strong>a hidraulikafolyad\u00e9kot \u00e1lland\u00f3 sebess\u00e9ggel szivatty\u00fazz\u00e1k<\/strong>, a membr\u00e1n addig f\u00faj\u00f3dik, am\u00edg a vizsg\u00e1lati minta meg nem szakad. A tesztel\u0151 r\u00f6gz\u00edti a szakad\u00e1skor el\u00e9rt maxim\u00e1lis nyom\u00e1st, amely jelzi az anyag <strong>robban\u00f3er\u0151<\/strong>. Ez a vizsg\u00e1lati m\u00f3dszer rendk\u00edv\u00fcl pontos, lehet\u0151v\u00e9 t\u00e9ve a gy\u00e1rt\u00f3k sz\u00e1m\u00e1ra, hogy k\u00f6vetkezetesen \u00e9rt\u00e9kelj\u00e9k a k\u00fcl\u00f6nb\u00f6z\u0151 anyagok szil\u00e1rds\u00e1g\u00e1t \u00e9s min\u0151s\u00e9g\u00e9t.<\/p>\n<h3>A szak\u00edt\u00f3szil\u00e1rds\u00e1g-vizsg\u00e1l\u00f3 haszn\u00e1lat\u00e1nak el\u0151nyei<\/h3>\n<ul>\n<li><strong>Min\u0151s\u00e9gbiztos\u00edt\u00e1s a csomagol\u00e1shoz:<\/strong> A tesztel\u0151 biztos\u00edtja, hogy a csomagol\u00f3anyagok ellen\u00e1lljanak a sz\u00e1ll\u00edt\u00e1s \u00e9s a kezel\u00e9s sor\u00e1n fell\u00e9p\u0151 ig\u00e9nybev\u00e9teleknek, cs\u00f6kkentve ezzel a s\u00e9r\u00fcl\u00e9s kock\u00e1zat\u00e1t.<\/li>\n<li><strong>K\u00f6vetkezetes gy\u00e1rt\u00e1si szabv\u00e1nyok:<\/strong> Rendszeres tesztel\u00e9ssel a gy\u00e1rt\u00f3k egys\u00e9ges min\u0151s\u00e9get tudnak fenntartani, \u00e9s az anyagteljes\u00edtm\u00e9nnyel kapcsolatos probl\u00e9m\u00e1kat azonnal orvosolni tudj\u00e1k.<\/li>\n<li><strong>Alkalmazkod\u00f3k\u00e9pess\u00e9g az ipar\u00e1gak k\u00f6z\u00f6tt:<\/strong> Ez a teszter az \u00e1gazatok sz\u00e9les sk\u00e1l\u00e1j\u00e1hoz alkalmas, t\u00f6bbek k\u00f6z\u00f6tt a k\u00f6vetkez\u0151kh\u00f6z <strong>orvostechnikai eszk\u00f6z\u00f6k, elektronika, textil, csomagol\u00e1s \u00e9s \u00e9lelmiszerek<\/strong>, ahol a tart\u00f3s anyagok kritikus k\u00f6vetelm\u00e9nyt jelentenek.<\/li>\n<\/ul>\n<h3>Gyakran ism\u00e9telt k\u00e9rd\u00e9sek (GYIK)<\/h3>\n<ul>\n<li><strong>Mi a c\u00e9lja a szak\u00edt\u00f3szil\u00e1rds\u00e1gi vizsg\u00e1latnak?<\/strong><br \/>\nEz a vizsg\u00e1lat a pap\u00edr- \u00e9s kartonanyagok tart\u00f3ss\u00e1g\u00e1t vizsg\u00e1lja, meghat\u00e1rozva a maxim\u00e1lis er\u0151t, amelynek a t\u00f6r\u00e9s el\u0151tt ellen tudnak \u00e1llni. A csomagol\u00e1s \u00e9s az anyaggy\u00e1rt\u00e1s min\u0151s\u00e9gellen\u0151rz\u00e9s\u00e9hez elengedhetetlen.<\/li>\n<li><strong>Hogyan m\u00e9ri a szak\u00edt\u00f3szil\u00e1rds\u00e1g-vizsg\u00e1l\u00f3 az anyag szil\u00e1rds\u00e1g\u00e1t?<\/strong><br \/>\nA pr\u00f3batest hidraulikus nyom\u00e1st gyakorol a mint\u00e1ra, am\u00edg az el nem szakad, \u00e9s a maxim\u00e1lis nyom\u00e1st r\u00f6gz\u00edti az anyag szak\u00edt\u00f3szil\u00e1rds\u00e1gak\u00e9nt.<\/li>\n<li><strong>Milyen t\u00edpus\u00fa anyagok vizsg\u00e1lhat\u00f3k?<\/strong><br \/>\nEz a tesztel\u0151 az anyagok sz\u00e9les sk\u00e1l\u00e1j\u00e1t tudja \u00e9rt\u00e9kelni, bele\u00e9rtve a k\u00f6nny\u0171 pap\u00edrt, a vastag kartont, a hull\u00e1mkartont \u00e9s a farostlemezt.<\/li>\n<li><strong>Mi\u00e9rt fontos az ISO 2759 szabv\u00e1ny a szak\u00edt\u00f3szil\u00e1rds\u00e1g vizsg\u00e1lat\u00e1ban?<\/strong><br \/>\nAz ISO 2759 egy glob\u00e1lis szabv\u00e1ny, amely biztos\u00edtja, hogy az anyagok megfeleljenek az egys\u00e9ges min\u0151s\u00e9gi krit\u00e9riumoknak, ami kritikus fontoss\u00e1g\u00fa a nemzetk\u00f6zi gy\u00e1rt\u00f3k \u00e9s besz\u00e1ll\u00edt\u00f3k sz\u00e1m\u00e1ra.<\/li>\n<li><strong>Milyen gyakran kell a csomagol\u00f3anyagokat szak\u00edt\u00f3szil\u00e1rds\u00e1gi vizsg\u00e1latnak al\u00e1vetni?<\/strong><br \/>\nA megb\u00edzhat\u00f3 min\u0151s\u00e9gi szabv\u00e1nyok fenntart\u00e1sa \u00e9rdek\u00e9ben aj\u00e1nlott a rendszeres vizsg\u00e1lat, k\u00fcl\u00f6n\u00f6sen az anyagbeszerz\u00e9sben vagy a gy\u00e1rt\u00e1si folyamatokban bek\u00f6vetkez\u0151 v\u00e1ltoz\u00e1sok eset\u00e9n.<\/li>\n<\/ul>","protected":false},"excerpt":{"rendered":"<p>A <strong>Szak\u00edt\u00f3szil\u00e1rds\u00e1g-tesztel\u0151<\/strong> alapvet\u0151 eszk\u00f6z a pap\u00edr \u00e9s kartonanyagok szerkezeti integrit\u00e1s\u00e1nak \u00e9s tart\u00f3ss\u00e1g\u00e1nak \u00e9rt\u00e9kel\u00e9s\u00e9hez. Ezt a tesztel\u0151t \u00fagy tervezt\u00e9k, hogy felm\u00e9rje, hogy ezek az anyagok milyen maxim\u00e1lis er\u0151t k\u00e9pesek elviselni a szakad\u00e1s el\u0151tt, ez\u00e9rt sz\u00e9les k\u00f6rben haszn\u00e1lj\u00e1k a csomagol\u00e1s, a gy\u00e1rt\u00e1s \u00e9s a min\u0151s\u00e9gellen\u0151rz\u00e9s ter\u00fclet\u00e9n. A k\u00f6nny\u0171 pap\u00edrt\u00f3l a nagy teherb\u00edr\u00e1s\u00fa kartonig terjed\u0151 alkalmaz\u00e1sokban a <strong>Szak\u00edt\u00f3szil\u00e1rds\u00e1g-tesztel\u0151<\/strong> biztos\u00edtja, hogy az anyagok megfeleljenek a szigor\u00fa szabv\u00e1nyoknak a terhel\u00e9s alatti teljes\u00edtm\u00e9ny tekintet\u00e9ben, \u00edgy n\u00e9lk\u00fcl\u00f6zhetetlenn\u00e9 teszi az olyan ipar\u00e1gakban, ahol az er\u0151 \u00e9s a tart\u00f3ss\u00e1g a legfontosabb.<\/p>","protected":false},"featured_media":6172,"comment_status":"closed","ping_status":"closed","template":"","meta":{"site-sidebar-layout":"default","site-content-layout":"default","ast-global-header-display":"","ast-main-header-display":"","ast-hfb-above-header-display":"","ast-hfb-below-header-display":"","ast-hfb-mobile-header-display":"","site-post-title":"","ast-breadcrumbs-content":"","ast-featured-img":"","footer-sml-layout":"","theme-transparent-header-meta":"default","adv-header-id-meta":"","stick-header-meta":"","header-above-stick-meta":"","header-main-stick-meta":"","header-below-stick-meta":""},"product_cat":[44,1146,953,956,955,1142,1141,954,957,958,952,959,1145,1144,1143,95],"product_tag":[],"class_list":{"0":"post-5254","1":"product","2":"type-product","3":"status-publish","4":"has-post-thumbnail","6":"product_cat-paper-and-board-testers","7":"product_cat-astm-d774","8":"product_cat-bursting-tester","9":"product_cat-cobb-tester","10":"product_cat-crush-tester","11":"product_cat-iso-2758","12":"product_cat-iso-2759","13":"product_cat-paper-tear-tester","14":"product_cat-plybond-tester","15":"product_cat-puncture-tester","16":"product_cat-rub-tester","17":"product_cat-stiffness-tester","18":"product_cat-tappi-t403","19":"product_cat-tappi-t807","20":"product_cat-tappi-t810","21":"product_cat-products","22":"desktop-align-left","23":"tablet-align-left","24":"mobile-align-left","26":"first","27":"instock","28":"shipping-taxable","29":"product-type-simple"},"_links":{"self":[{"href":"https:\/\/www.qualitester.com\/hu\/wp-json\/wp\/v2\/product\/5254","targetHints":{"allow":["GET"]}}],"collection":[{"href":"https:\/\/www.qualitester.com\/hu\/wp-json\/wp\/v2\/product"}],"about":[{"href":"https:\/\/www.qualitester.com\/hu\/wp-json\/wp\/v2\/types\/product"}],"replies":[{"embeddable":true,"href":"https:\/\/www.qualitester.com\/hu\/wp-json\/wp\/v2\/comments?post=5254"}],"version-history":[{"count":0,"href":"https:\/\/www.qualitester.com\/hu\/wp-json\/wp\/v2\/product\/5254\/revisions"}],"wp:featuredmedia":[{"embeddable":true,"href":"https:\/\/www.qualitester.com\/hu\/wp-json\/wp\/v2\/media\/6172"}],"wp:attachment":[{"href":"https:\/\/www.qualitester.com\/hu\/wp-json\/wp\/v2\/media?parent=5254"}],"wp:term":[{"taxonomy":"product_cat","embeddable":true,"href":"https:\/\/www.qualitester.com\/hu\/wp-json\/wp\/v2\/product_cat?post=5254"},{"taxonomy":"product_tag","embeddable":true,"href":"https:\/\/www.qualitester.com\/hu\/wp-json\/wp\/v2\/product_tag?post=5254"}],"curies":[{"name":"wp","href":"https:\/\/api.w.org\/{rel}","templated":true}]}}