{"id":5218,"date":"2024-11-05T11:57:50","date_gmt":"2024-11-05T03:57:50","guid":{"rendered":"https:\/\/www.qualitester.com\/?post_type=product&#038;p=5218"},"modified":"2025-02-27T14:50:00","modified_gmt":"2025-02-27T06:50:00","slug":"sale-tape-loop-tack-testing-machine","status":"publish","type":"product","link":"https:\/\/www.qualitester.com\/hu\/termek\/sale-tape-loop-tack-testing-machine\/","title":{"rendered":"LTT-01 Hurok Tack Tester"},"content":{"rendered":"<p data-start=\"157\" data-end=\"663\">A <strong data-start=\"161\" data-end=\"188\">LTT-01 Hurok Tack Tester<\/strong> a ragaszt\u00f3k, szalagok, c\u00edmk\u00e9k \u00e9s m\u00e1s nyom\u00e1s\u00e9rz\u00e9keny anyagok tapad\u00e1si erej\u00e9nek m\u00e9r\u00e9s\u00e9hez n\u00e9lk\u00fcl\u00f6zhetetlen eszk\u00f6z. A precizit\u00e1sra \u00e9s megb\u00edzhat\u00f3s\u00e1gra tervezett LTT-01 seg\u00edt biztos\u00edtani, hogy a ragaszt\u00f3k a k\u00fcl\u00f6nb\u00f6z\u0151 k\u00f6r\u00fclm\u00e9nyek k\u00f6z\u00f6tt az elv\u00e1r\u00e1soknak megfelel\u0151en teljes\u00edtsenek. Olyan elismert szabv\u00e1nyokat tart be, mint p\u00e9ld\u00e1ul <strong data-start=\"474\" data-end=\"509\">FINAT 9. sz\u00e1m\u00fa vizsg\u00e1lati m\u00f3dszer (FTM-9)<\/strong>, <strong data-start=\"511\" data-end=\"532\">PSTC-16 hurokcsatlakoz\u00f3<\/strong>, \u00e9s <strong data-start=\"538\" data-end=\"552\">ASTM D6195<\/strong>, ami n\u00e9lk\u00fcl\u00f6zhetetlenn\u00e9 teszi a csomagol\u00e1st\u00f3l az orvostechnikai eszk\u00f6z\u00f6k\u00f6n \u00e1t az \u00e9lelmiszer- \u00e9s gy\u00f3gyszeriparig.<\/p>\n<h2>A Loop Tack Tester vizsg\u00e1lati elve<\/h2>\n<p data-start=\"718\" data-end=\"979\">A <strong data-start=\"722\" data-end=\"740\">huroktapad\u00e1si pr\u00f3ba<\/strong> azt az er\u0151t m\u00e9ri, amely egy hurkolt ragaszt\u00f3minta \u00e9s egy tapad\u00f3elem (\u00e1ltal\u00e1ban egy \u00fcveglap) k\u00f6zvetlen \u00e9rintkez\u00e9s ut\u00e1ni lev\u00e1laszt\u00e1s\u00e1hoz sz\u00fcks\u00e9ges. Ez a vizsg\u00e1lat kritikus fontoss\u00e1g\u00fa annak meg\u00e9rt\u00e9s\u00e9hez, hogy egy ragaszt\u00f3 milyen gyorsan \u00e9s er\u0151sen k\u00f6t\u0151dik a kezdeti \u00e9rintkez\u00e9s ut\u00e1n.<\/p>\n<p data-start=\"981\" data-end=\"1383\">Az LTT-01 k\u00e9sz\u00fcl\u00e9kben egy jellemz\u0151en 25 mm sz\u00e9les \u00e9s 125 mm hossz\u00fa ragaszt\u00f3szalagot hurokk\u00e1 alak\u00edtanak, \u00e9s 300 mm\/perc sebess\u00e9ggel egy \u00fcveglaphoz helyezik. Miut\u00e1n a ragaszt\u00f3 \u00e9rintkezik az \u00fcveggel, ugyanilyen sebess\u00e9ggel visszah\u00fazz\u00e1k, \u00e9s m\u00e9rik a kih\u00faz\u00e1shoz sz\u00fcks\u00e9ges maxim\u00e1lis er\u0151t. Ez az er\u0151 a \u201churoktapad\u00e1s\u201d, amely a ragaszt\u00f3 azonnali k\u00f6t\u00e9si szil\u00e1rds\u00e1g\u00e1nak l\u00e9nyeges mutat\u00f3ja.<\/p>\n<h2 data-start=\"4338\" data-end=\"4371\"><strong data-start=\"4342\" data-end=\"4371\">Vizsg\u00e1lati m\u00f3dszer \u00e9s elj\u00e1r\u00e1s<\/strong><\/h2>\n<p data-start=\"4373\" data-end=\"4454\">A <strong data-start=\"4377\" data-end=\"4404\">LTT-01 Hurok Tack Tester<\/strong> egyszer\u0171, de hat\u00e9kony vizsg\u00e1lati elj\u00e1r\u00e1st k\u00f6vet:<\/p>\n<ol data-start=\"4455\" data-end=\"4816\">\n<li data-start=\"4455\" data-end=\"4545\">Egy 25 mm sz\u00e9les \u00e9s 175 mm hossz\u00fa ragaszt\u00f3szalag- vagy anyagmint\u00e1t hurokk\u00e1 alak\u00edtunk.<\/li>\n<li data-start=\"4546\" data-end=\"4626\">A hurkot egy \u00fcveglaphoz nyomj\u00e1k 300 mm\/perc szab\u00e1lyozott sebess\u00e9ggel.<\/li>\n<li data-start=\"4627\" data-end=\"4697\">Az \u00e9rintkez\u00e9s ut\u00e1n a hurok azonnal visszah\u00faz\u00f3dik ugyanolyan sebess\u00e9ggel.<\/li>\n<li data-start=\"4698\" data-end=\"4816\">A huroknak az \u00fcveglapr\u00f3l val\u00f3 lev\u00e1laszt\u00e1s\u00e1hoz sz\u00fcks\u00e9ges legnagyobb er\u0151t r\u00f6gz\u00edtj\u00fck, ami a <strong data-start=\"4796\" data-end=\"4809\">huroktapasz<\/strong> \u00e9rt\u00e9k.<\/li>\n<\/ol>\n<h3 data-start=\"4818\" data-end=\"4967\">F\u0151 param\u00e9ter<\/h3>\n<table>\n<tbody>\n<tr>\n<td style=\"text-align: center;\" width=\"194\">Teszt tartom\u00e1ny<\/td>\n<td style=\"text-align: center;\" width=\"178\">200N (vagy m\u00e1s)<\/td>\n<\/tr>\n<tr>\n<td style=\"text-align: center;\" width=\"194\">Sebess\u00e9g tartom\u00e1ny<\/td>\n<td style=\"text-align: center;\" width=\"178\">1-500 mm\/m<\/td>\n<\/tr>\n<tr>\n<td style=\"text-align: center;\" width=\"194\">Stroke<\/td>\n<td style=\"text-align: center;\" width=\"178\">200mm<\/td>\n<\/tr>\n<tr>\n<td style=\"text-align: center;\" width=\"194\">Minta m\u00e9rete<\/td>\n<td style=\"text-align: center;\" width=\"178\">125mm*25mm<\/td>\n<\/tr>\n<tr>\n<td style=\"text-align: center;\" width=\"194\">Teljes\u00edtm\u00e9ny<\/td>\n<td style=\"text-align: center;\" width=\"178\">AC 110~220V, 50\/60HZ<\/td>\n<\/tr>\n<\/tbody>\n<\/table>\n<h2 data-start=\"1390\" data-end=\"1429\"><strong data-start=\"1394\" data-end=\"1429\">A hurokt\u00e9p\u00e9si vizsg\u00e1lat szabv\u00e1nyai<\/strong><\/h2>\n<ol>\n<li data-start=\"1431\" data-end=\"1471\"><strong data-start=\"1436\" data-end=\"1471\">FINAT 9. sz\u00e1m\u00fa vizsg\u00e1lati m\u00f3dszer (FTM-9) Huroktapad\u00e1s m\u00e9r\u00e9se<br \/>\n<\/strong>A <strong data-start=\"1477\" data-end=\"1512\">FINAT 9. sz\u00e1m\u00fa vizsg\u00e1lati m\u00f3dszer (FTM-9)<\/strong> az egyik legsz\u00e9lesebb k\u00f6rben elismert szabv\u00e1ny a c\u00edmke- \u00e9s ragaszt\u00f3iparban. Ez a szabv\u00e1ny a nyom\u00e1s\u00e9rz\u00e9keny ragaszt\u00f3k, p\u00e9ld\u00e1ul a c\u00edmk\u00e9kben \u00e9s szalagokban haszn\u00e1lt ragaszt\u00f3k huroktapad\u00e1s\u00e1t \u00e9rt\u00e9keli. Az FTM-9 biztos\u00edtja, hogy a ragaszt\u00f3k megfeleljenek a gyors ragaszt\u00e1shoz \u00e9s a k\u00f6nny\u0171 felhordhat\u00f3s\u00e1ghoz sz\u00fcks\u00e9ges teljes\u00edtm\u00e9nykrit\u00e9riumoknak.<\/li>\n<li data-start=\"1431\" data-end=\"1471\"><strong style=\"font-size: 16px;\" data-start=\"1814\" data-end=\"1835\">PSTC-16 Nyom\u00e1s\u00e9rz\u00e9keny szalag huroktapad\u00e1si vizsg\u00e1lata<br \/>\n<\/strong><a href=\"https:\/\/www.qualitester.com\/hu\/termekkategoria-2\/pstc\/pstc-16\/\" target=\"_blank\" rel=\"noopener\"><strong style=\"font-size: 16px;\" data-start=\"1837\" data-end=\"1848\">PSTC-16<\/strong><\/a><span style=\"font-size: 16px;\"> a Pressure Sensitive Tape Council (PSTC) \u00e1ltal kidolgozott szabv\u00e1ny, amely a nyom\u00e1s\u00e9rz\u00e9keny ragaszt\u00f3k huroktapad\u00e1si tulajdons\u00e1gainak \u00e9rt\u00e9kel\u00e9s\u00e9re \u00f6sszpontos\u00edt. \u00c1ltal\u00e1ban szalagok, c\u00edmk\u00e9k \u00e9s hasonl\u00f3 ragaszt\u00e1sos term\u00e9kek vizsg\u00e1lat\u00e1ra haszn\u00e1lj\u00e1k.<\/span><\/li>\n<li data-start=\"1431\" data-end=\"1471\"><strong style=\"font-size: 16px;\" data-start=\"2234\" data-end=\"2248\">ASTM D6195 Szabv\u00e1nyos vizsg\u00e1lati m\u00f3dszerek a huroktapad\u00e1shoz<br \/>\n<\/strong><a href=\"https:\/\/www.qualitester.com\/hu\/termekkategoria-2\/astm\/astm-d6195\/\" target=\"_blank\" rel=\"noopener\"><strong style=\"font-size: 16px;\" data-start=\"2250\" data-end=\"2264\">ASTM D6195<\/strong><\/a><span style=\"font-size: 16px;\"> ir\u00e1nymutat\u00e1st ad a nyom\u00e1s\u00e9rz\u00e9keny ragaszt\u00f3k huroktapad\u00e1s\u00e1nak m\u00e9r\u00e9s\u00e9re. Ezt a szabv\u00e1nyt sz\u00e9les k\u00f6rben haszn\u00e1lj\u00e1k k\u00fcl\u00f6nb\u00f6z\u0151 ipar\u00e1gakban, t\u00f6bbek k\u00f6z\u00f6tt a csomagol\u00e1sban, az orvostechnikai eszk\u00f6z\u00f6kben \u00e9s a gy\u00f3gyszeriparban annak ellen\u0151rz\u00e9s\u00e9re, hogy a ragaszt\u00f3k megfelelnek-e az el\u0151\u00edrt k\u00f6t\u00e9sszil\u00e1rds\u00e1gnak.<\/span><\/li>\n<\/ol>\n<h2>Jellemz\u0151k \u00e9s m\u0171szaki adatok<\/h2>\n<p>A <strong>Szalaghurok Tack tesztel\u0151 g\u00e9p<\/strong> fejlett funkci\u00f3kkal van felszerelve a pontos, megb\u00edzhat\u00f3 tapad\u00e1svizsg\u00e1lathoz.<\/p>\n<ul>\n<li><strong>Felhaszn\u00e1l\u00f3bar\u00e1t kijelz\u0151<\/strong>: A <strong>7 h\u00fcvelykes HMI \u00e9rint\u0151k\u00e9perny\u0151<\/strong> interf\u00e9sz lehet\u0151v\u00e9 teszi az egyszer\u0171 be\u00e1ll\u00edt\u00e1st, fel\u00fcgyeletet \u00e9s m\u0171k\u00f6dtet\u00e9st, \u00e9sszer\u0171s\u00edtve a tesztel\u00e9si folyamatot.<\/li>\n<li><strong>PLC vez\u00e9rl\u00e9s<\/strong>: Felszerelve <strong>Programozhat\u00f3 logikai vez\u00e9rl\u00e9s (PLC)<\/strong> a nagy pontoss\u00e1g\u00fa \u00e9s automatiz\u00e1lt tesztel\u00e9si k\u00e9pess\u00e9gek \u00e9rdek\u00e9ben.<\/li>\n<li><strong>Sz\u00e9les vizsg\u00e1lati tartom\u00e1ny<\/strong>: A m\u0171szer a k\u00f6vetkez\u0151kre terjed ki <strong>200N-ig terjed\u0151 vizsg\u00e1lati tartom\u00e1ny<\/strong>, ami rugalmass\u00e1got biztos\u00edt a k\u00fcl\u00f6nb\u00f6z\u0151 ragaszt\u00f3er\u0151ss\u00e9gekhez.<\/li>\n<li><strong>\u00c1ll\u00edthat\u00f3 sebess\u00e9gtartom\u00e1ny<\/strong>: Sebess\u00e9g opci\u00f3k a <strong>1-500 mm\/min<\/strong> t\u00e1mogatja a k\u00fcl\u00f6nb\u00f6z\u0151 tesztel\u00e9si k\u00f6vetelm\u00e9nyeket.<\/li>\n<li><strong>Prec\u00edzi\u00f3s mechanika<\/strong>: A <strong>prec\u00edzi\u00f3s goly\u00f3scsavar<\/strong> rendszer biztos\u00edtja a sima, egyenletes mozg\u00e1st, valamint a sebess\u00e9g \u00e9s az elmozdul\u00e1s pontos m\u00e9r\u00e9s\u00e9t, fenntartva a nagy vizsg\u00e1lati pontoss\u00e1got.<\/li>\n<li><strong>Testreszabhat\u00f3 param\u00e9terek<\/strong>: A kezel\u0151k be\u00e1ll\u00edthatj\u00e1k a sebess\u00e9get, a l\u00f6ketsz\u00e1mot \u00e9s a tart\u00f3zkod\u00e1si id\u0151t, hogy megfeleljenek az egyedi vizsg\u00e1lati ig\u00e9nyeknek.<\/li>\n<li><strong>Fokozott biztons\u00e1g<\/strong>: A biztons\u00e1gi mechanizmusok k\u00f6z\u00e9 tartozik egy <strong>automatikus visszat\u00e9r\u00e9si funkci\u00f3<\/strong> \u00e9s korl\u00e1toz\u00f3 eszk\u00f6z, amely biztos\u00edtja a kezel\u0151 biztons\u00e1g\u00e1t a tesztel\u00e9s sor\u00e1n.<\/li>\n<li><strong>Integr\u00e1lt mikronyomtat\u00f3<\/strong>: Be\u00e9p\u00edtett <strong>pontm\u00e1trix mikronyomtat\u00f3<\/strong> lehet\u0151v\u00e9 teszi a vizsg\u00e1lati eredm\u00e9nyek azonnali kimenet\u00e9t dokument\u00e1ci\u00f3s \u00e9s jelent\u00e9si c\u00e9lokra.<\/li>\n<li><strong>Szabv\u00e1nynak megfelel\u0151 \u00fcveglap<\/strong>: Tartalmaz egy szabv\u00e1nynak megfelel\u0151 <strong>float \u00fcveglap<\/strong>, biztos\u00edtva a pontos tapad\u00e1si m\u00e9r\u00e9seket \u00e9s a k\u00f6vetkezetes vizsg\u00e1lati k\u00f6r\u00fclm\u00e9nyeket.<\/li>\n<\/ul>\n<h2>Konfigur\u00e1ci\u00f3 \u00e9s tartoz\u00e9kok<\/h2>\n<p>A <strong>Szalaghurok Tack tesztel\u0151 g\u00e9p<\/strong> standard \u00e9s opcion\u00e1lis komponensekkel van felszerelve a sokoldal\u00fas\u00e1g \u00e9s a felhaszn\u00e1l\u00f3i k\u00e9nyelem fokoz\u00e1sa \u00e9rdek\u00e9ben.<\/p>\n<ul>\n<li>\n<h3><strong>Standard konfigur\u00e1ci\u00f3<\/strong>:<\/h3>\n<ul>\n<li><strong>LTT-01 Hurok Tack Tester<\/strong> egys\u00e9g<\/li>\n<li>Tartoz\u00e9kok: \u00dcveglap, fels\u0151 \u00e1llkapocs, als\u00f3 \u00e1llv\u00e1ny, biztos\u00edt\u00e9kok, felhaszn\u00e1l\u00f3i k\u00e9zik\u00f6nyv, kalibr\u00e1ci\u00f3s tan\u00fas\u00edtv\u00e1ny \u00e9s t\u00e1pk\u00e1bel.<\/li>\n<\/ul>\n<\/li>\n<li>\n<h3><strong>V\u00e1laszthat\u00f3 konfigur\u00e1ci\u00f3<\/strong>:<\/h3>\n<ul>\n<li><strong>Rozsdamentes ac\u00e9l panel<\/strong> a fokozott tart\u00f3ss\u00e1g \u00e9rdek\u00e9ben<\/li>\n<li><strong>RS232 port<\/strong> adatkommunik\u00e1ci\u00f3 \u00e9s adat\u00e1tvitel<\/li>\n<li><strong>COM vonal<\/strong> \u00e9s speci\u00e1lis szoftverek a fejlett adatelemz\u00e9shez \u00e9s jelent\u00e9st\u00e9telhez<\/li>\n<\/ul>\n<\/li>\n<\/ul>\n<h2>A Tape Loop Tack tesztel\u0151 g\u00e9p alkalmaz\u00e1sai<\/h2>\n<p>Ez a m\u0171szer ide\u00e1lis az ipar\u00e1gak sz\u00e9les sk\u00e1l\u00e1j\u00e1hoz, ahol a ragaszt\u00f3 megb\u00edzhat\u00f3s\u00e1ga alapvet\u0151 fontoss\u00e1g\u00fa, mint p\u00e9ld\u00e1ul:<\/p>\n<ul>\n<li><strong>Csomagol\u00e1s \u00e9s c\u00edmk\u00e9z\u00e9s<\/strong> - Annak biztos\u00edt\u00e1sa, hogy a szalagok, matric\u00e1k \u00e9s c\u00edmk\u00e9k k\u00f6zvetlen\u00fcl a felhelyez\u00e9s ut\u00e1n meg\u0151rizz\u00e9k ragaszt\u00e1sukat.<\/li>\n<li><strong>Orvosi \u00e9s gy\u00f3gyszer\u00e9szeti<\/strong> - Ragaszt\u00f3szalagok \u00e9s k\u00f6tszerek tesztel\u00e9se a k\u00f6vetkezetes teljes\u00edtm\u00e9ny \u00e9rdek\u00e9ben.<\/li>\n<li><strong>\u00c9lelmiszerek \u00e9s italok<\/strong> - A csomagol\u00e1si plomb\u00e1k \u00e9s \u00f6ntapad\u00f3s z\u00e1r\u00f3elemek min\u0151s\u00e9g\u00e9nek biztos\u00edt\u00e1sa.<\/li>\n<li><strong>Elektronika \u00e9s napi vegyszerek<\/strong> - A ragaszt\u00f3komponensek ragadhat\u00f3s\u00e1g\u00e1nak ellen\u0151rz\u00e9se a biztons\u00e1gos \u00e9s megb\u00edzhat\u00f3 haszn\u00e1lat \u00e9rdek\u00e9ben.<\/li>\n<\/ul>\n<p>A <strong>Szalaghurok Tack tesztel\u0151 g\u00e9p<\/strong> egy robusztus megold\u00e1s a gy\u00e1rt\u00f3k, min\u0151s\u00e9gellen\u0151rz\u0151 r\u00e9szlegek \u00e9s tesztel\u0151 laborat\u00f3riumok sz\u00e1m\u00e1ra, amelyek k\u00f6vetkezetes \u00e9s megb\u00edzhat\u00f3 <strong>ragaszt\u00e1si teljes\u00edtm\u00e9ny\u00e9rt\u00e9kel\u00e9s<\/strong>. Az ASTM D6195 \u00e9s m\u00e1s nemzetk\u00f6zi szabv\u00e1nyoknak val\u00f3 megfelel\u00e9s\u00e9vel, a testreszabhat\u00f3 be\u00e1ll\u00edt\u00e1sokkal \u00e9s a biztons\u00e1gi funkci\u00f3kkal ez az els\u0151 sz\u00e1m\u00fa v\u00e1laszt\u00e1s a nagy pontoss\u00e1g\u00fa huroktapad\u00e1si vizsg\u00e1latokhoz.<\/p>","protected":false},"excerpt":{"rendered":"<p>A <strong>Szalaghurok Tack tesztel\u0151 g\u00e9p<\/strong> egy robusztus megold\u00e1s a gy\u00e1rt\u00f3k, min\u0151s\u00e9gellen\u0151rz\u0151 r\u00e9szlegek \u00e9s tesztel\u0151 laborat\u00f3riumok sz\u00e1m\u00e1ra, amelyek k\u00f6vetkezetes \u00e9s megb\u00edzhat\u00f3 <strong>ragaszt\u00e1si teljes\u00edtm\u00e9ny\u00e9rt\u00e9kel\u00e9s<\/strong>. Az ASTM D6195 \u00e9s m\u00e1s nemzetk\u00f6zi szabv\u00e1nyoknak val\u00f3 megfelel\u00e9s\u00e9vel, a testreszabhat\u00f3 be\u00e1ll\u00edt\u00e1sokkal \u00e9s a biztons\u00e1gi funkci\u00f3kkal ez az els\u0151 sz\u00e1m\u00fa v\u00e1laszt\u00e1s a nagy pontoss\u00e1g\u00fa huroktapad\u00e1si vizsg\u00e1latokhoz.<\/p>","protected":false},"featured_media":6259,"comment_status":"closed","ping_status":"closed","template":"","meta":{"site-sidebar-layout":"default","site-content-layout":"default","ast-global-header-display":"","ast-main-header-display":"","ast-hfb-above-header-display":"","ast-hfb-below-header-display":"","ast-hfb-mobile-header-display":"","site-post-title":"","ast-breadcrumbs-content":"","ast-featured-img":"","footer-sml-layout":"","theme-transparent-header-meta":"default","adv-header-id-meta":"","stick-header-meta":"","header-above-stick-meta":"","header-main-stick-meta":"","header-below-stick-meta":""},"product_cat":[845,1075,1074,1162,672,673,95],"product_tag":[],"class_list":{"0":"post-5218","1":"product","2":"type-product","3":"status-publish","4":"has-post-thumbnail","6":"product_cat-customization","7":"product_cat-astm-d6195","8":"product_cat-loop-tack-tester","9":"product_cat-pstc-16","10":"product_cat-applied-materials","11":"product_cat-adhesive-tester","12":"product_cat-products","13":"desktop-align-left","14":"tablet-align-left","15":"mobile-align-left","17":"first","18":"instock","19":"shipping-taxable","20":"product-type-simple"},"_links":{"self":[{"href":"https:\/\/www.qualitester.com\/hu\/wp-json\/wp\/v2\/product\/5218","targetHints":{"allow":["GET"]}}],"collection":[{"href":"https:\/\/www.qualitester.com\/hu\/wp-json\/wp\/v2\/product"}],"about":[{"href":"https:\/\/www.qualitester.com\/hu\/wp-json\/wp\/v2\/types\/product"}],"replies":[{"embeddable":true,"href":"https:\/\/www.qualitester.com\/hu\/wp-json\/wp\/v2\/comments?post=5218"}],"version-history":[{"count":0,"href":"https:\/\/www.qualitester.com\/hu\/wp-json\/wp\/v2\/product\/5218\/revisions"}],"wp:featuredmedia":[{"embeddable":true,"href":"https:\/\/www.qualitester.com\/hu\/wp-json\/wp\/v2\/media\/6259"}],"wp:attachment":[{"href":"https:\/\/www.qualitester.com\/hu\/wp-json\/wp\/v2\/media?parent=5218"}],"wp:term":[{"taxonomy":"product_cat","embeddable":true,"href":"https:\/\/www.qualitester.com\/hu\/wp-json\/wp\/v2\/product_cat?post=5218"},{"taxonomy":"product_tag","embeddable":true,"href":"https:\/\/www.qualitester.com\/hu\/wp-json\/wp\/v2\/product_tag?post=5218"}],"curies":[{"name":"wp","href":"https:\/\/api.w.org\/{rel}","templated":true}]}}