{"id":5187,"date":"2024-11-01T14:22:35","date_gmt":"2024-11-01T06:22:35","guid":{"rendered":"https:\/\/www.qualitester.com\/?post_type=product&#038;p=5187"},"modified":"2024-12-05T14:56:47","modified_gmt":"2024-12-05T06:56:47","slug":"sale-cheap-texture-analyser","status":"publish","type":"product","link":"https:\/\/www.qualitester.com\/hu\/termek\/sale-cheap-texture-analyser\/","title":{"rendered":"TEX-01 text\u00faraelemz\u0151"},"content":{"rendered":"<h2><strong>Bevezet\u00e9s a text\u00faraelemz\u0151kbe<\/strong><\/h2>\n<p>A <strong>text\u00fara analiz\u00e1tor<\/strong> egy fejlett m\u0171szer, amelyet a k\u00fcl\u00f6nb\u00f6z\u0151 anyagok mechanikai tulajdons\u00e1gainak \u00e9rt\u00e9kel\u00e9s\u00e9re haszn\u00e1lnak, els\u0151sorban a text\u00far\u00e1ra, az \u00e1llagra \u00e9s a szerkezeti jellemz\u0151kre \u00f6sszpontos\u00edtva. Az\u00e1ltal, hogy ellen\u0151rz\u00f6tt er\u0151ket alkalmaz a mint\u00e1ra, \u00e9s r\u00f6gz\u00edti annak deform\u00e1ci\u00f3j\u00e1t vagy reakci\u00f3j\u00e1t, az elemz\u0151 k\u00e9sz\u00fcl\u00e9k \u00e9rt\u00e9kes adatokat szolg\u00e1ltat, amelyek seg\u00edtik a term\u00e9k teljes\u00edtm\u00e9ny\u00e9nek meg\u00e9rt\u00e9s\u00e9t, finom\u00edt\u00e1s\u00e1t \u00e9s optimaliz\u00e1l\u00e1s\u00e1t. A text\u00faraelemz\u0151k kritikus fontoss\u00e1g\u00faak az olyan ipar\u00e1gakban, mint az \u00e9lelmiszeripar, a gy\u00f3gyszeripar, a csomagol\u00e1s, a ragaszt\u00f3k \u00e9s a textilipar, ahol t\u00e1mogatj\u00e1k a min\u0151s\u00e9gbiztos\u00edt\u00e1st \u00e9s ir\u00e1ny\u00edtj\u00e1k a term\u00e9kfejleszt\u00e9st a fogyaszt\u00f3i preferenci\u00e1k \u00e9s a piaci ig\u00e9nyek kiel\u00e9g\u00edt\u00e9se \u00e9rdek\u00e9ben.<\/p>\n<h2><strong>A text\u00faraelemz\u00e9s alkalmaz\u00e1sai<\/strong><\/h2>\n<ul>\n<li>\n<h3><strong>\u00c9lelmiszeripar<\/strong><\/h3>\n<ul>\n<li>A text\u00faraelemz\u00e9s d\u00f6nt\u0151 szerepet j\u00e1tszik az \u00e9lelmiszerek min\u0151s\u00e9gellen\u0151rz\u00e9s\u00e9ben, olyan tulajdons\u00e1gokat m\u00e9rve, mint p\u00e9ld\u00e1ul <strong>g\u00e9l er\u0151ss\u00e9ge<\/strong>, <strong>kem\u00e9nys\u00e9g<\/strong>, <strong>ropog\u00f3s<\/strong>, <strong>\u00edzl\u00e9stelens\u00e9g<\/strong>, <strong>rugalmass\u00e1g<\/strong>, <strong>t\u00f6r\u00e9si er\u0151<\/strong>, \u00e9s <strong>hajl\u00edt\u00f3szil\u00e1rds\u00e1g<\/strong>. Ezek az attrib\u00fatumok a term\u00e9k min\u0151s\u00e9g\u00e9nek \u00e9s konzisztenci\u00e1j\u00e1nak kulcsfontoss\u00e1g\u00fa mutat\u00f3i, amelyek seg\u00edtenek a gy\u00e1rt\u00f3knak biztos\u00edtani, hogy term\u00e9keik megfeleljenek a fogyaszt\u00f3k text\u00far\u00e1val \u00e9s sz\u00e1j\u00edzzel kapcsolatos elv\u00e1r\u00e1sainak.<\/li>\n<\/ul>\n<\/li>\n<li>\n<h3><strong>Orvosi \u00e9s gy\u00f3gyszer\u00e9szeti alkalmaz\u00e1sok<\/strong><\/h3>\n<ul>\n<li>Az orvosi \u00e9s gy\u00f3gyszeripari \u00e1gazatban a text\u00faraelemz\u0151 k\u00e9sz\u00fcl\u00e9kek elengedhetetlenek a k\u00f6vetkez\u0151k vizsg\u00e1lat\u00e1hoz <strong>tabletta nyom\u00f3szil\u00e1rds\u00e1ga<\/strong>, <strong>ampulla szak\u00edt\u00f3szil\u00e1rds\u00e1g<\/strong>, <strong>vakolat tapad\u00e1s<\/strong>, <strong>t\u0171sz\u00far\u00e1si er\u0151<\/strong>, \u00e9s <strong>l\u00e1gy g\u00e9l kem\u00e9nys\u00e9g<\/strong>. Ezek a vizsg\u00e1latok biztos\u00edtj\u00e1k, hogy az orvostechnikai term\u00e9kek megb\u00edzhat\u00f3an \u00e9s k\u00f6vetkezetesen m\u0171k\u00f6djenek, megfeleljenek a szigor\u00fa szab\u00e1lyoz\u00e1si el\u0151\u00edr\u00e1soknak \u00e9s t\u00e1mogass\u00e1k a betegek biztons\u00e1g\u00e1t.<\/li>\n<\/ul>\n<\/li>\n<li>\n<h3><strong>Ragaszt\u00f3k \u00e9s csomagol\u00e1s<\/strong><\/h3>\n<ul>\n<li>A ragaszt\u00f3- \u00e9s csomagol\u00f3iparban a text\u00faraelemz\u0151k a k\u00f6vetkez\u0151ket m\u00e9rik <strong>huroktapasz<\/strong> \u00e9s <strong>h\u00e1moz\u00f3er\u0151<\/strong> a ragaszt\u00e1si szil\u00e1rds\u00e1g \u00e9s az anyag tart\u00f3ss\u00e1g\u00e1nak meghat\u00e1roz\u00e1sa \u00e9rdek\u00e9ben. Ezek a tesztek seg\u00edtenek a term\u00e9kbiztons\u00e1g \u00e9s a min\u0151s\u00e9g jav\u00edt\u00e1s\u00e1ban, mik\u00f6zben biztos\u00edtj\u00e1k, hogy a ragaszt\u00f3k \u00e9s csomagol\u00f3anyagok val\u00f3s k\u00f6r\u00fclm\u00e9nyek k\u00f6z\u00f6tt is a tervezett m\u00f3don m\u0171k\u00f6djenek.<\/li>\n<\/ul>\n<\/li>\n<\/ul>\n<h2><strong>Kulcsfontoss\u00e1g\u00fa programok \u00e9s vizsg\u00e1lati m\u00f3dszerek<\/strong><\/h2>\n<p>Cell Instruments' <strong>TEX-01 \u00e9s TEX-02 text\u00faraelemz\u0151k<\/strong> t\u00e1mogatja a k\u00fcl\u00f6nb\u00f6z\u0151 anyagokra \u00e9s ipar\u00e1gakra szabott tesztprogramok \u00e1tfog\u00f3 csomagj\u00e1t. A legfontosabb vizsg\u00e1lati m\u00f3dszerek a k\u00f6vetkez\u0151k:<\/p>\n<ul>\n<li><strong>G\u00e9l er\u0151ss\u00e9ge<\/strong>: A g\u00e9lszer\u0171 anyagok szil\u00e1rds\u00e1g\u00e1t \u00e9s szil\u00e1rds\u00e1g\u00e1t m\u00e9ri.<\/li>\n<li><strong>Tart\u00e1s a bet\u00f6lt\u00e9sig \u00e9s a tart\u00e1si id\u0151ig<\/strong>: Az anyag \u00e1lland\u00f3 terhel\u00e9sre adott v\u00e1lasz\u00e1t \u00e9rt\u00e9keli az id\u0151 m\u00fal\u00e1s\u00e1val.<\/li>\n<li><strong>R\u00f6gz\u00edtett deform\u00e1ci\u00f3 \u00e9s egyszeri \u00f6sszenyom\u00e1s<\/strong>: Megvizsg\u00e1lja az anyag ellen\u00e1ll\u00e1s\u00e1t \u00e9s v\u00e1lasz\u00e1t egyetlen, ellen\u0151rz\u00f6tt er\u0151re.<\/li>\n<li><strong>Kem\u00e9nys\u00e9g \u00e9s t\u00f6rhet\u0151s\u00e9g<\/strong>: A minta kem\u00e9nys\u00e9g\u00e9t \u00e9s t\u00f6r\u00e9kenys\u00e9g\u00e9t m\u00e9ri, fontos az \u00e9lelmiszer- \u00e9s gy\u00f3gyszeripari vizsg\u00e1latokban egyar\u00e1nt.<\/li>\n<li><strong>Ciklusos t\u00f6m\u00f6r\u00edt\u00e9s \u00e9s statikus terhel\u00e9s<\/strong>: Betekint\u00e9st ny\u00fajt abba, hogyan viselkedik egy anyag ism\u00e9telt terhel\u00e9s vagy statikus nyom\u00e1s alatt.<\/li>\n<\/ul>\n<h2><strong>A text\u00faraelemz\u0151 modelljei \u00e9s jellemz\u0151i<\/strong><\/h2>\n<ul>\n<li>\n<h3><strong>A TEX-01 \u00e9s TEX-02 modellek \u00e1ttekint\u00e9se<\/strong><\/h3>\n<ul>\n<li>A TEX-01 \u00e9s TEX-02 text\u00faraelemz\u0151k sokoldal\u00fa \u00e9s megb\u00edzhat\u00f3 eszk\u00f6z\u00f6k, amelyek a mint\u00e1k sz\u00e9les k\u00f6r\u00e9nek vizsg\u00e1lat\u00e1ra alkalmasak, bele\u00e9rtve az \u00e9lelmiszereket, csomagol\u00f3anyagokat, ragaszt\u00f3kat, tablett\u00e1kat \u00e9s palackokat. Ezek a modellek pontoss\u00e1got \u00e9s rugalmass\u00e1got k\u00edn\u00e1lnak, lehet\u0151v\u00e9 t\u00e9ve a gy\u00e1rt\u00f3k sz\u00e1m\u00e1ra, hogy megfeleljenek a k\u00fcl\u00f6nb\u00f6z\u0151 term\u00e9kek egyedi vizsg\u00e1lati k\u00f6vetelm\u00e9nyeinek.<\/li>\n<\/ul>\n<\/li>\n<li>\n<h3><strong>F\u0151 jellemz\u0151k \u00e9s el\u0151ny\u00f6k<\/strong><\/h3>\n<ul>\n<li><strong>7 h\u00fcvelykes HMI \u00e9rint\u0151k\u00e9perny\u0151<\/strong>: Ez a felhaszn\u00e1l\u00f3bar\u00e1t kijelz\u0151 leegyszer\u0171s\u00edti a kezel\u00e9st, cs\u00f6kkenti a tanul\u00e1si folyamatot \u00e9s jav\u00edtja a haszn\u00e1lhat\u00f3s\u00e1got.<\/li>\n<li><strong>PLC vez\u00e9rl\u0151egys\u00e9g<\/strong>: Biztos\u00edtja az \u00f6sszetett tesztel\u00e9si folyamatok pontos v\u00e9grehajt\u00e1s\u00e1t, k\u00f6vetkezetes \u00e9s pontos eredm\u00e9nyeket szolg\u00e1ltatva.<\/li>\n<li><strong>Prec\u00edzi\u00f3s goly\u00f3scsavar<\/strong>: Pontos vez\u00e9rl\u00e9st biztos\u00edt a sebess\u00e9g \u00e9s az elmozdul\u00e1s felett, lehet\u0151v\u00e9 t\u00e9ve a rendk\u00edv\u00fcl pontos \u00e9s megism\u00e9telhet\u0151 m\u00e9r\u00e9seket.<\/li>\n<li><strong>\u00c1ll\u00edthat\u00f3 vizsg\u00e1lati sebess\u00e9g<\/strong>: Sokoldal\u00fas\u00e1got k\u00edn\u00e1l a vizsg\u00e1latban, mivel k\u00fcl\u00f6nb\u00f6z\u0151 sebess\u00e9geket tesz lehet\u0151v\u00e9 a k\u00fcl\u00f6nb\u00f6z\u0151 mint\u00e1k k\u00f6vetelm\u00e9nyeinek megfelel\u0151en.<\/li>\n<li><strong>Automatikus visszat\u00e9r\u00e9si funkci\u00f3<\/strong>: Id\u0151t \u00e9s energi\u00e1t takar\u00edt meg, k\u00fcl\u00f6n\u00f6sen hasznos t\u00f6bb teszt gyors egym\u00e1s ut\u00e1ni elv\u00e9gz\u00e9sekor.<\/li>\n<li><strong>Mikro nyomtat\u00f3<\/strong>: Lehet\u0151v\u00e9 teszi a k\u00e9nyelmes, k\u00f6zvetlen adatr\u00f6gz\u00edt\u00e9st a gyors fel\u00fclvizsg\u00e1lat \u00e9s dokument\u00e1ci\u00f3 \u00e9rdek\u00e9ben.<\/li>\n<li><strong>V\u00e1laszthat\u00f3 adatkimeneti szoftver<\/strong>: Lehet\u0151v\u00e9 teszi a tov\u00e1bbfejlesztett adatkezel\u00e9st, elemz\u00e9st \u00e9s export\u00e1l\u00e1st, ide\u00e1lis min\u0151s\u00e9gellen\u0151rz\u00e9si \u00e9s kutat\u00e1si c\u00e9lokra.<\/li>\n<\/ul>\n<\/li>\n<\/ul>\n<h2><strong>A text\u00faraelemz\u0151 k\u00e9sz\u00fcl\u00e9k kiv\u00e1laszt\u00e1s\u00e1nak el\u0151nyei a term\u00e9kfejleszt\u00e9shez<\/strong><\/h2>\n<ul>\n<li><strong>K\u00f6vetkezetess\u00e9g \u00e9s min\u0151s\u00e9gellen\u0151rz\u00e9s<\/strong><\/li>\n<li style=\"list-style-type: none;\">\n<ul>\n<li>A text\u00faraelemz\u0151k biztos\u00edtj\u00e1k a term\u00e9k konzisztenci\u00e1j\u00e1t, ami a fogyaszt\u00f3i el\u00e9gedetts\u00e9g \u00e9s a jogszab\u00e1lyi megfelel\u00e9s kritikus szempontja. Ezek az eszk\u00f6z\u00f6k megism\u00e9telhet\u0151 \u00e9s pontos m\u00e9r\u00e9seket biztos\u00edtanak, amelyek seg\u00edts\u00e9g\u00e9vel a gy\u00e1rt\u00f3k t\u00e9telr\u0151l t\u00e9telre egys\u00e9ges term\u00e9kmin\u0151s\u00e9get \u00e9rhetnek el.<\/li>\n<\/ul>\n<\/li>\n<li>\n<h3><strong>Testreszab\u00e1si \u00e9s automatiz\u00e1l\u00e1si lehet\u0151s\u00e9gek<\/strong><\/h3>\n<ul>\n<li>Mivel text\u00faraelemz\u0151 k\u00e9sz\u00fcl\u00e9keink k\u00e9pesek egyedi tesztel\u00e9si be\u00e1ll\u00edt\u00e1sok kialak\u00edt\u00e1s\u00e1ra, az ipar\u00e1gak speci\u00e1lis ig\u00e9nyeit is kiel\u00e9g\u00edtik. Emellett az automatiz\u00e1l\u00e1si lehet\u0151s\u00e9gek n\u00f6velik a termel\u00e9kenys\u00e9get, \u00e9sszer\u0171s\u00edtik a vizsg\u00e1lati folyamatot, \u00edgy id\u0151t \u00e9s munk\u00e1t takar\u00edtanak meg.<\/li>\n<\/ul>\n<\/li>\n<\/ul>\n<h2><strong>Megfizethet\u0151 megold\u00e1sok: Olcs\u00f3 text\u00faraelemz\u0151 k\u00e9sz\u00fcl\u00e9k keres\u00e9se<\/strong><\/h2>\n<p>Egy megfizethet\u0151 \u00e1r\u00fa text\u00faraelemz\u0151 k\u00e9sz\u00fcl\u00e9k megtal\u00e1l\u00e1sa nem jelent kompromisszumot a min\u0151s\u00e9g ter\u00e9n. Text\u00faraelemz\u0151ink v\u00e1laszt\u00e9ka olyan lehet\u0151s\u00e9geket tartalmaz, amelyek egyens\u00falyban tartj\u00e1k a teljes\u00edtm\u00e9nyt \u00e9s a k\u00f6lts\u00e9ghat\u00e9konys\u00e1got, \u00edgy minden m\u00e9ret\u0171 v\u00e1llalkoz\u00e1s sz\u00e1m\u00e1ra el\u00e9rhet\u0151v\u00e9 v\u00e1lnak. Az olyan modellek, mint a <strong>TEX-01<\/strong> a megb\u00edzhat\u00f3 tesztel\u00e9shez sz\u00fcks\u00e9ges alapvet\u0151 funkci\u00f3kat magas k\u00f6lts\u00e9gek n\u00e9lk\u00fcl biztos\u00edtj\u00e1k, lehet\u0151v\u00e9 t\u00e9ve a min\u0151s\u00e9gi tesztel\u00e9st a k\u00f6lts\u00e9gvet\u00e9sb\u0151l.<\/p>\n<h2><strong>GYIK szakasz<\/strong><\/h2>\n<ol>\n<li><strong>Mi a text\u00faraelemz\u0151 c\u00e9lja?<\/strong><br \/>\nA text\u00faraelemz\u0151 k\u00e9sz\u00fcl\u00e9k az anyagok mechanikai tulajdons\u00e1gait m\u00e9ri a text\u00fara, az \u00e1llag \u00e9s a szerkezet \u00e9rt\u00e9kel\u00e9s\u00e9hez, ami elengedhetetlen a min\u0151s\u00e9gellen\u0151rz\u00e9s \u00e9s a term\u00e9kfejleszt\u00e9s szempontj\u00e1b\u00f3l.<\/li>\n<li><strong>Milyen el\u0151ny\u00f6kkel j\u00e1r a text\u00faraelemz\u00e9s az \u00e9lelmiszeriparban?<\/strong><br \/>\nA text\u00faraelemz\u00e9s seg\u00edt biztos\u00edtani, hogy az \u00e9lelmiszerek megfeleljenek a k\u00edv\u00e1nt text\u00fara-el\u0151\u00edr\u00e1soknak, ami az \u00edz- \u00e9s min\u0151s\u00e9gi elv\u00e1r\u00e1sokhoz igazodva jav\u00edtja a v\u00e1s\u00e1rl\u00f3i el\u00e9gedetts\u00e9get.<\/li>\n<li><strong>A text\u00faraelemz\u0151 k\u00e9sz\u00fcl\u00e9k k\u00e9pes m\u00e9rni a ragaszt\u00f3szil\u00e1rds\u00e1got?<\/strong><br \/>\nIgen, a text\u00faraelemz\u0151k k\u00e9pesek a ragaszt\u00f3k vizsg\u00e1lat\u00e1ra, olyan tulajdons\u00e1gok m\u00e9r\u00e9s\u00e9re, mint a huroktapad\u00e1s \u00e9s a leh\u00faz\u00e1si er\u0151, a ragaszt\u00e1s er\u0151ss\u00e9g\u00e9nek \u00e9s tart\u00f3ss\u00e1g\u00e1nak \u00e9rt\u00e9kel\u00e9s\u00e9re.<\/li>\n<li><strong>Milyen fontos a vizsg\u00e1lati sebess\u00e9g a text\u00faraelemz\u00e9sben?<\/strong><br \/>\nAz \u00e1ll\u00edthat\u00f3 vizsg\u00e1lati sebess\u00e9gek lehet\u0151v\u00e9 teszik, hogy a text\u00faraelemz\u0151k k\u00fcl\u00f6nb\u00f6z\u0151 val\u00f3s k\u00f6r\u00fclm\u00e9nyeket szimul\u00e1ljanak, \u00edgy sokoldal\u00faan alkalmazhat\u00f3k k\u00fcl\u00f6nb\u00f6z\u0151 anyagok \u00e9s alkalmaz\u00e1sok vizsg\u00e1lat\u00e1hoz.<\/li>\n<li><strong>Vannak k\u00f6lts\u00e9ghat\u00e9kony lehet\u0151s\u00e9gek a text\u00faraelemz\u0151 k\u00e9sz\u00fcl\u00e9kre?<\/strong><br \/>\nIgen, az olyan megfizethet\u0151 modellek, mint a TEX-01, megb\u00edzhat\u00f3 teljes\u00edtm\u00e9nyt ny\u00fajtanak az alapvet\u0151 text\u00faraelemz\u00e9shez, min\u0151s\u00e9gi vizsg\u00e1lati lehet\u0151s\u00e9geket biztos\u00edtva kedvez\u0151 \u00e1ron.<\/li>\n<\/ol>\n<p>A text\u00faraelemz\u0151k a min\u0151s\u00e9gbiztos\u00edt\u00e1s, a kutat\u00e1s \u00e9s a term\u00e9kfejleszt\u00e9s alapvet\u0151 eszk\u00f6zei sz\u00e1mos ipar\u00e1gban. Cell Instruments\u2019 <strong>TEX-01 \u00e9s TEX-02<\/strong> modellek pontos, megb\u00edzhat\u00f3 \u00e9s testre szabhat\u00f3 text\u00faraelemz\u00e9st biztos\u00edtanak, amely megfelel az ipar\u00e1gi szabv\u00e1nyoknak. A robusztus funkci\u00f3kkal, rugalmas vizsg\u00e1lati programokkal \u00e9s k\u00f6lts\u00e9ghat\u00e9kony opci\u00f3kkal text\u00faraelemz\u0151ink lehet\u0151v\u00e9 teszik a gy\u00e1rt\u00f3k sz\u00e1m\u00e1ra, hogy megfeleljenek a szigor\u00fa min\u0151s\u00e9gi k\u00f6vetelm\u00e9nyeknek, \u00e9s t\u00falteljes\u00edts\u00e9k az \u00fcgyfelek elv\u00e1r\u00e1sait.<\/p>","protected":false},"excerpt":{"rendered":"<p>A <strong>text\u00fara analiz\u00e1tor<\/strong> egy fejlett m\u0171szer, amelyet a k\u00fcl\u00f6nb\u00f6z\u0151 anyagok mechanikai tulajdons\u00e1gainak \u00e9rt\u00e9kel\u00e9s\u00e9re haszn\u00e1lnak, els\u0151sorban a text\u00far\u00e1ra, az \u00e1llagra \u00e9s a szerkezeti jellemz\u0151kre \u00f6sszpontos\u00edtva. Az\u00e1ltal, hogy ellen\u0151rz\u00f6tt er\u0151ket alkalmaz a mint\u00e1ra, \u00e9s r\u00f6gz\u00edti annak deform\u00e1ci\u00f3j\u00e1t vagy reakci\u00f3j\u00e1t, az elemz\u0151 k\u00e9sz\u00fcl\u00e9k \u00e9rt\u00e9kes adatokat szolg\u00e1ltat, amelyek seg\u00edtik a term\u00e9k teljes\u00edtm\u00e9ny\u00e9nek meg\u00e9rt\u00e9s\u00e9t, finom\u00edt\u00e1s\u00e1t \u00e9s optimaliz\u00e1l\u00e1s\u00e1t. A text\u00faraelemz\u0151k kritikus fontoss\u00e1g\u00faak az olyan ipar\u00e1gakban, mint az \u00e9lelmiszeripar, a gy\u00f3gyszeripar, a csomagol\u00e1s, a ragaszt\u00f3k \u00e9s a textilipar, ahol t\u00e1mogatj\u00e1k a min\u0151s\u00e9gbiztos\u00edt\u00e1st \u00e9s ir\u00e1ny\u00edtj\u00e1k a term\u00e9kfejleszt\u00e9st a fogyaszt\u00f3i preferenci\u00e1k \u00e9s a piaci ig\u00e9nyek kiel\u00e9g\u00edt\u00e9se \u00e9rdek\u00e9ben.<\/p>","protected":false},"featured_media":6279,"comment_status":"closed","ping_status":"closed","template":"","meta":{"site-sidebar-layout":"default","site-content-layout":"default","ast-global-header-display":"","ast-main-header-display":"","ast-hfb-above-header-display":"","ast-hfb-below-header-display":"","ast-hfb-mobile-header-display":"","site-post-title":"","ast-breadcrumbs-content":"","ast-featured-img":"","footer-sml-layout":"","theme-transparent-header-meta":"default","adv-header-id-meta":"","stick-header-meta":"","header-above-stick-meta":"","header-main-stick-meta":"","header-below-stick-meta":""},"product_cat":[928,953,956,955,845,954,957,958,952,959,95],"product_tag":[],"class_list":{"0":"post-5187","1":"product","2":"type-product","3":"status-publish","4":"has-post-thumbnail","6":"product_cat-tpa-texture-analyzer","7":"product_cat-bursting-tester","8":"product_cat-cobb-tester","9":"product_cat-crush-tester","10":"product_cat-customization","11":"product_cat-paper-tear-tester","12":"product_cat-plybond-tester","13":"product_cat-puncture-tester","14":"product_cat-rub-tester","15":"product_cat-stiffness-tester","16":"product_cat-products","17":"desktop-align-left","18":"tablet-align-left","19":"mobile-align-left","21":"first","22":"instock","23":"shipping-taxable","24":"product-type-simple"},"_links":{"self":[{"href":"https:\/\/www.qualitester.com\/hu\/wp-json\/wp\/v2\/product\/5187","targetHints":{"allow":["GET"]}}],"collection":[{"href":"https:\/\/www.qualitester.com\/hu\/wp-json\/wp\/v2\/product"}],"about":[{"href":"https:\/\/www.qualitester.com\/hu\/wp-json\/wp\/v2\/types\/product"}],"replies":[{"embeddable":true,"href":"https:\/\/www.qualitester.com\/hu\/wp-json\/wp\/v2\/comments?post=5187"}],"version-history":[{"count":0,"href":"https:\/\/www.qualitester.com\/hu\/wp-json\/wp\/v2\/product\/5187\/revisions"}],"wp:featuredmedia":[{"embeddable":true,"href":"https:\/\/www.qualitester.com\/hu\/wp-json\/wp\/v2\/media\/6279"}],"wp:attachment":[{"href":"https:\/\/www.qualitester.com\/hu\/wp-json\/wp\/v2\/media?parent=5187"}],"wp:term":[{"taxonomy":"product_cat","embeddable":true,"href":"https:\/\/www.qualitester.com\/hu\/wp-json\/wp\/v2\/product_cat?post=5187"},{"taxonomy":"product_tag","embeddable":true,"href":"https:\/\/www.qualitester.com\/hu\/wp-json\/wp\/v2\/product_tag?post=5187"}],"curies":[{"name":"wp","href":"https:\/\/api.w.org\/{rel}","templated":true}]}}