{"id":5176,"date":"2024-11-01T14:07:50","date_gmt":"2024-11-01T06:07:50","guid":{"rendered":"https:\/\/www.qualitester.com\/?post_type=product&#038;p=5176"},"modified":"2024-12-05T13:17:08","modified_gmt":"2024-12-05T05:17:08","slug":"sale-box-compression-tester-strenth","status":"publish","type":"product","link":"https:\/\/www.qualitester.com\/hu\/termek\/sale-box-compression-tester-strenth\/","title":{"rendered":"BCT-01 dobozos t\u00f6m\u00f6r\u00edt\u00e9si tesztel\u0151"},"content":{"rendered":"<p>A <strong>Doboz t\u00f6m\u00f6r\u00edt\u00e9si teszter<\/strong> egy alapvet\u0151 fontoss\u00e1g\u00fa eszk\u00f6z, amelyet a csomagol\u00f3anyagok szil\u00e1rds\u00e1g\u00e1nak, tart\u00f3ss\u00e1g\u00e1nak \u00e9s k\u00fcls\u0151 nyom\u00f3er\u0151kkel szembeni ellen\u00e1ll\u00e1s\u00e1nak \u00e9rt\u00e9kel\u00e9s\u00e9re terveztek. Ez a fejlett tesztel\u0151 kritikus szerepet j\u00e1tszik az olyan ipar\u00e1gakban, mint az \u00e9lelmiszeripar, az elektronika, a gy\u00f3gyszeripar \u00e9s a csomagol\u00e1s, biztos\u00edtva a term\u00e9kek megfelel\u0151 v\u00e9delm\u00e9t a sz\u00e1ll\u00edt\u00e1s \u00e9s a t\u00e1rol\u00e1s sor\u00e1n. Nagy pontoss\u00e1ga, k\u00f6nny\u0171 kezelhet\u0151s\u00e9ge \u00e9s a nemzetk\u00f6zi szabv\u00e1nyokhoz val\u00f3 igazod\u00e1sa ide\u00e1lis megold\u00e1ss\u00e1 teszi minden olyan v\u00e1llalat sz\u00e1m\u00e1ra, amely nagyra \u00e9rt\u00e9keli a csomagol\u00e1s integrit\u00e1s\u00e1t \u00e9s megb\u00edzhat\u00f3s\u00e1g\u00e1t.<\/p>\n<p>A felhaszn\u00e1l\u00f3bar\u00e1t \u00e9rint\u0151k\u00e9perny\u0151s fel\u00fclettel, mikrosz\u00e1m\u00edt\u00f3g\u00e9pes feldolgoz\u00f3rendszerrel \u00e9s val\u00f3s idej\u0171 adatgy\u0171jt\u00e9ssel felszerelt doboz-t\u00f6m\u00f6r\u00edt\u00e9sm\u00e9r\u0151 pontos eredm\u00e9nyeket szolg\u00e1ltat az anyagok sz\u00e9les sk\u00e1l\u00e1j\u00e1ra, bele\u00e9rtve a hull\u00e1mpap\u00edrt, m\u0171anyagokat, f\u00e9meket \u00e9s m\u00e1s csomagol\u00f3anyagokat. A tesztel\u0151t szigor\u00fa \u00e9rt\u00e9kel\u00e9sre tervezt\u00e9k, r\u00e9szletes betekint\u00e9st ny\u00fajt mind a csomagok nyom\u00f3szil\u00e1rds\u00e1g\u00e1r\u00f3l, mind a csomagol\u00e1sok rakod\u00e1si k\u00f6r\u00fclm\u00e9nyek k\u00f6z\u00f6tti v\u00e9d\u0151k\u00e9pess\u00e9g\u00e9r\u0151l.<\/p>\n<h2><strong>A doboz t\u00f6m\u00f6r\u00edt\u00e9si tesztel\u0151 alkalmaz\u00e1si ter\u00fclete<\/strong><\/h2>\n<p>A Box Compression Tester a csomagol\u00e1sban \u00e1ltal\u00e1nosan haszn\u00e1lt anyagok sz\u00e9les sk\u00e1l\u00e1j\u00e1t k\u00e9pes kezelni, a hull\u00e1mpap\u00edrt\u00f3l a t\u00f6m\u00f6r kartonpap\u00edrig, a f\u00e9mig \u00e9s a m\u0171anyagokig. \u00c9rt\u00e9keli az egyes anyagok nyom\u00f3er\u0151knek val\u00f3 ellen\u00e1ll\u00e1si k\u00e9pess\u00e9g\u00e9t, lehet\u0151v\u00e9 t\u00e9ve a gy\u00e1rt\u00f3k sz\u00e1m\u00e1ra, hogy meg\u00e9rts\u00e9k mag\u00e1nak a csomagol\u00e1snak az er\u0151ss\u00e9g\u00e9t \u00e9s a benne l\u00e9v\u0151 tartalomnak ny\u00fajtott v\u00e9delem szintj\u00e9t. Ez a sokoldal\u00fas\u00e1g felbecs\u00fclhetetlen \u00e9rt\u00e9ket k\u00e9pvisel azon ipar\u00e1gak sz\u00e1m\u00e1ra, amelyeknek fontos az \u00e1ruk biztons\u00e1gos \u00e9s hat\u00e9kony sz\u00e1ll\u00edt\u00e1sa.<\/p>\n<h2><strong>F\u0151bb vizsg\u00e1lati m\u00f3dok \u00e9s k\u00e9pess\u00e9gek<\/strong><\/h2>\n<ol>\n<li><strong>Er\u0151pr\u00f3ba:<\/strong> Ez az \u00fczemm\u00f3d a doboz vagy tart\u00e1ly nyom\u00f3szil\u00e1rds\u00e1g\u00e1t \u00e9s deform\u00e1ci\u00f3j\u00e1t \u00e9rt\u00e9keli a nyom\u00e1s fokozatos n\u00f6vel\u00e9s\u00e9vel, am\u00edg a csomag \u00f6ssze nem omlik vagy el nem deform\u00e1l\u00f3dik. Ez seg\u00edt a gy\u00e1rt\u00f3knak meghat\u00e1rozni a csomagol\u00e1si egys\u00e9g \u00e1ltal elviselhet\u0151 maxim\u00e1lis terhel\u00e9st.<\/li>\n<li><strong>R\u00f6gz\u00edtett \u00e9rt\u00e9kteszt:<\/strong> Ebben az \u00fczemm\u00f3dban a tesztel\u0151 egy meghat\u00e1rozott nyom\u00e1s alkalmaz\u00e1s\u00e1val \u00e9s az ebb\u0151l ered\u0151 deform\u00e1ci\u00f3 m\u00e9r\u00e9s\u00e9vel m\u00e9ri a doboz vagy tart\u00e1ly \u00e1ltal\u00e1nos teljes\u00edtm\u00e9ny\u00e9t. Ez k\u00fcl\u00f6n\u00f6sen hasznos azon v\u00e1llalatok sz\u00e1m\u00e1ra, amelyeknek be kell tartaniuk a csomagol\u00e1sukkal szemben t\u00e1masztott szil\u00e1rds\u00e1gi k\u00f6vetelm\u00e9nyeket.<\/li>\n<li><strong>Halmoz\u00f3d\u00e1si teszt:<\/strong> A teszter egy rakt\u00e1ri rakod\u00e1si k\u00f6rnyezetet szimul\u00e1l, egyenletes, hosszan tart\u00f3 nyom\u00f3er\u0151 alkalmaz\u00e1s\u00e1val, hogy felm\u00e9rje, mennyire j\u00f3l teljes\u00edt egy csomag val\u00f3s t\u00e1rol\u00e1si k\u00f6r\u00fclm\u00e9nyek k\u00f6z\u00f6tt. Ez a teszt ide\u00e1lis a rakod\u00e1si stabilit\u00e1s meg\u00e9rt\u00e9s\u00e9hez \u00e9s a csomagok hossz\u00fa t\u00e1v\u00fa t\u00e1rol\u00e1si \u00e9lettartam\u00e1nak el\u0151rejelz\u00e9s\u00e9hez.<\/li>\n<\/ol>\n<h2><strong>Szabv\u00e1nyok \u00e9s megfelel\u00e9s<\/strong><\/h2>\n<p>A Box Compression Tester a vezet\u0151 nemzetk\u00f6zi szabv\u00e1nyoknak megfelel\u0151en k\u00e9sz\u00fclt, biztos\u00edtva, hogy a vizsg\u00e1latok k\u00f6vetkezetesen \u00e9s a sz\u00e9les k\u00f6rben elismert ipari el\u0151\u00edr\u00e1soknak megfelel\u0151en t\u00f6rt\u00e9njenek. E szabv\u00e1nyok betart\u00e1sa megk\u00f6nny\u00edti a gy\u00e1rt\u00f3k sz\u00e1m\u00e1ra, hogy t\u00f6bb piacon is megfeleljenek a szab\u00e1lyoz\u00e1si \u00e9s \u00fcgyf\u00e9lk\u00f6vetelm\u00e9nyeknek.<\/p>\n<ul>\n<li>\n<h3><strong>ISO-szabv\u00e1nyok<\/strong><\/h3>\n<ul>\n<li><strong>ISO 2234<\/strong>: Meghat\u00e1rozza a rakod\u00e1si \u00e9s nyom\u00f3vizsg\u00e1latok m\u00f3dszereit, amelyek n\u00e9lk\u00fcl\u00f6zhetetlenek a csomagol\u00e1s hossz\u00fa t\u00e1v\u00fa terhel\u00e9ssel szembeni ellen\u00e1ll\u00f3 k\u00e9pess\u00e9g\u00e9nek \u00e9rt\u00e9kel\u00e9s\u00e9hez.<\/li>\n<li><strong>ISO 12048<\/strong>: A csomagol\u00e1si egys\u00e9gek rakod\u00e1si szil\u00e1rds\u00e1g\u00e1nak \u00e9s a t\u00e1rol\u00e1s \u00e9s sz\u00e1ll\u00edt\u00e1s k\u00f6zbeni terhel\u00e9ssel szembeni ellen\u00e1ll\u00e1s\u00e1nak vizsg\u00e1lat\u00e1ra szolg\u00e1l\u00f3 elj\u00e1r\u00e1sokat ismerteti.<\/li>\n<li><strong>ISO 2874<\/strong>: Az egyes csomagok t\u00f6m\u00f6r\u00edt\u00e9si vizsg\u00e1lati m\u00f3dszerei, amelyek lehet\u0151v\u00e9 teszik a nyom\u00f3szil\u00e1rds\u00e1g pontos m\u00e9r\u00e9s\u00e9t.<\/li>\n<li><strong>ISO 2872<\/strong>: \u00c9rt\u00e9keli egy csomag nyom\u00f3er\u0151kkel szembeni id\u0151beli ellen\u00e1ll\u00f3 k\u00e9pess\u00e9g\u00e9t, \u00e9s el\u0151re jelzi annak teljes\u00edtm\u00e9ny\u00e9t val\u00f3s k\u00f6r\u00fclm\u00e9nyek k\u00f6z\u00f6tt.<\/li>\n<\/ul>\n<\/li>\n<li>\n<h3><strong>ASTM szabv\u00e1nyok<\/strong><\/h3>\n<ul>\n<li><strong>ASTM D642<\/strong>: Ez a szabv\u00e1ny a csomagol\u00f3anyagok nyom\u00f3szil\u00e1rds\u00e1g\u00e1t m\u00e9ri, \u00e9s alap\u00e9rt\u00e9ket biztos\u00edt a tranzitcsomagol\u00e1s teljes\u00edtm\u00e9ny\u00e9hez.<\/li>\n<li><strong>ASTM D4169<\/strong>: Vezeti a kont\u00e9nerek t\u00f6m\u00f6r\u00edt\u00e9si tesztel\u00e9s\u00e9t szimul\u00e1lt forgalmaz\u00e1si k\u00f6rnyezetben annak biztos\u00edt\u00e1sa \u00e9rdek\u00e9ben, hogy azok ellen\u00e1lljanak a t\u00e9nyleges kezel\u00e9si k\u00f6r\u00fclm\u00e9nyeknek.<\/li>\n<\/ul>\n<\/li>\n<li>\n<h3><strong>Egy\u00e9b vonatkoz\u00f3 szabv\u00e1nyok<\/strong><\/h3>\n<ul>\n<li><strong>TAPPI T804<\/strong>: A hull\u00e1mkarton kont\u00e9nerek nyom\u00f3szil\u00e1rds\u00e1g\u00e1ra \u00f6sszpontos\u00edt, \u00edgy k\u00fcl\u00f6n\u00f6sen fontos a sz\u00e1ll\u00edt\u00f3dobozok \u00e9rt\u00e9kel\u00e9se szempontj\u00e1b\u00f3l.<\/li>\n<li><strong>JIS Z0212<\/strong>: Egy jap\u00e1n szabv\u00e1ny, amely a csomagol\u00e1sok t\u00f6m\u00f6r\u00edt\u00e9si tesztjeit r\u00e9szletezi, \u00e9s sz\u00e9les k\u00f6rben elismert az ipar\u00e1gakban a szigor\u00fa k\u00f6vetelm\u00e9nyei miatt.<\/li>\n<\/ul>\n<\/li>\n<\/ul>\n<h2><strong>A Box Compression Tester m\u0171szaki el\u0151nyei<\/strong><\/h2>\n<p>A Box Compression Tester a leg\u00fajabb technol\u00f3gi\u00e1t integr\u00e1lja a pontoss\u00e1g, a hat\u00e9konys\u00e1g \u00e9s az egyszer\u0171 haszn\u00e1lat maximaliz\u00e1l\u00e1sa \u00e9rdek\u00e9ben. A legfontosabb el\u0151ny\u00f6k a k\u00f6vetkez\u0151k:<\/p>\n<ul>\n<li><strong>Fejlett technol\u00f3giai jellemz\u0151k<\/strong>: Az \u00e9rint\u0151k\u00e9perny\u0151s m\u0171k\u00f6d\u00e9s lehet\u0151v\u00e9 teszi az egyszer\u0171 felhaszn\u00e1l\u00f3i interakci\u00f3t, m\u00edg a mikrosz\u00e1m\u00edt\u00f3g\u00e9pes feldolgoz\u00f3 rendszer automatiz\u00e1lja az adatgy\u0171jt\u00e9st, a sz\u00e1m\u00edt\u00e1sokat \u00e9s az eredm\u00e9nyek intelligens meg\u00edt\u00e9l\u00e9s\u00e9t.<\/li>\n<li><strong>Tov\u00e1bbfejlesztett adatelemz\u00e9s<\/strong>: A nyom\u00f3er\u0151, a deform\u00e1ci\u00f3 \u00e9s a g\u00f6rb\u00e9k megjelen\u00edt\u00e9s\u00e9nek val\u00f3s idej\u0171 megjelen\u00edt\u00e9se jav\u00edtja a felhaszn\u00e1l\u00f3k meg\u00e9rt\u00e9s\u00e9t az anyag stressz alatti viselked\u00e9s\u00e9r\u0151l. A be\u00e1gyazott mikronyomtat\u00f3 lehet\u0151v\u00e9 teszi a k\u00f6nny\u0171 nyilv\u00e1ntart\u00e1st \u00e9s a min\u0151s\u00e9gellen\u0151rz\u00e9s nyomon k\u00f6vet\u00e9s\u00e9t.<\/li>\n<li><strong>Nyom\u00f3er\u0151 kapacit\u00e1s<\/strong>: A terhel\u00e9sek sz\u00e9les sk\u00e1l\u00e1j\u00e1t kezeli, alkalmas a k\u00f6nny\u0171 \u00e9s a neh\u00e9z csomagol\u00f3anyagok vizsg\u00e1lat\u00e1ra.<\/li>\n<li><strong>Vizsg\u00e1lati ter\u00fclet m\u00e9retei<\/strong>: B\u0151s\u00e9ges helyet biztos\u00edt a k\u00fcl\u00f6nb\u00f6z\u0151 m\u00e9ret\u0171 \u00e9s form\u00e1j\u00fa csomagol\u00e1sok tesztel\u00e9s\u00e9hez.<\/li>\n<li><strong>Hajt\u00e1srendszer<\/strong>: A szinkronmotor \u00e9s a pontos menetes vez\u00e9rl\u0151csavar-rendszer biztos\u00edtja a sima, ellen\u0151rz\u00f6tt er\u0151alkalmaz\u00e1st a pontos vizsg\u00e1lati eredm\u00e9nyek \u00e9rdek\u00e9ben.<\/li>\n<\/ul>\n<h2><strong>F\u0151 param\u00e9terek<\/strong><\/h2>\n<table>\n<tbody>\n<tr>\n<td width=\"153\">T\u00e9tel<\/td>\n<td width=\"526\">Param\u00e9terek<\/td>\n<td width=\"73\"><\/td>\n<\/tr>\n<tr>\n<td width=\"153\">Teszt tartom\u00e1ny<\/td>\n<td width=\"526\">0,25KN, 0,5KN, 1KN, 2KN, 5KN stb.<\/td>\n<td width=\"73\"><\/td>\n<\/tr>\n<tr>\n<td width=\"153\">Felbont\u00e1s<\/td>\n<td width=\"526\">0.01N<\/td>\n<td width=\"73\"><\/td>\n<\/tr>\n<tr>\n<td width=\"153\">Deform\u00e1ci\u00f3s hiba<\/td>\n<td width=\"526\">\u2264\u00b11mm<\/td>\n<td width=\"73\"><\/td>\n<\/tr>\n<tr>\n<td width=\"153\">Lemezp\u00e1rhuzamoss\u00e1g<\/td>\n<td width=\"526\">\u22641mm<\/td>\n<td width=\"73\"><\/td>\n<\/tr>\n<tr>\n<td width=\"153\">Loadcell hiba<\/td>\n<td width=\"526\">\u00b11%<\/td>\n<td width=\"73\"><\/td>\n<\/tr>\n<tr>\n<td width=\"153\">Teszt sebess\u00e9g<\/td>\n<td width=\"526\">5~300mm\/min<\/td>\n<td width=\"73\"><\/td>\n<\/tr>\n<tr>\n<td width=\"153\">Visszat\u00e9r\u00e9si sebess\u00e9g<\/td>\n<td width=\"526\">100mm\/min<\/td>\n<td width=\"73\"><\/td>\n<\/tr>\n<tr>\n<td width=\"153\">T\u00f6m\u00f6r\u00edt\u00e9si sebess\u00e9g<\/td>\n<td width=\"526\">10\u00b13mm\/min<\/td>\n<td width=\"73\"><\/td>\n<\/tr>\n<tr>\n<td width=\"153\">Halmoz\u00e1si sebess\u00e9g<\/td>\n<td width=\"526\">5\u00b11mm\/min<\/td>\n<td width=\"73\"><\/td>\n<\/tr>\n<tr>\n<td width=\"153\">Egys\u00e9gek<\/td>\n<td width=\"526\">N\/Lbf \/kgf<\/td>\n<td width=\"73\"><\/td>\n<\/tr>\n<tr>\n<td width=\"153\">Elemz\u00e9s<\/td>\n<td width=\"526\">7 h\u00fcvelykes \u00e9rint\u0151k\u00e9perny\u0151 g\u00f6rbeelemz\u00e9ssel \u00e9s integr\u00e1lt h\u0151nyomtat\u00e1ssal<\/td>\n<td width=\"73\"><\/td>\n<\/tr>\n<tr>\n<td width=\"153\">Kimenet<\/td>\n<td width=\"526\">RS232 (opcion\u00e1lis)<\/td>\n<td width=\"73\"><\/td>\n<\/tr>\n<tr>\n<td width=\"153\">Teljes\u00edtm\u00e9ny<\/td>\n<td width=\"526\">AC 220V 50Hz<\/td>\n<td width=\"73\"><\/td>\n<\/tr>\n<tr>\n<td width=\"153\">Modell<\/td>\n<td width=\"526\">Vizsg\u00e1lati t\u00e9r (mm, LWH)<\/td>\n<td width=\"73\">Terhel\u00e9s (KN)<\/td>\n<\/tr>\n<tr>\n<td width=\"153\">BCT-1500<\/td>\n<td width=\"526\">1500*1500*1500<\/td>\n<td width=\"73\">50<\/td>\n<\/tr>\n<tr>\n<td width=\"153\"><\/td>\n<td width=\"526\">1500*1200*1500<\/td>\n<td width=\"73\"><\/td>\n<\/tr>\n<tr>\n<td width=\"153\">BCT-1200<\/td>\n<td width=\"526\">1200*1200*1200<\/td>\n<td width=\"73\">50<\/td>\n<\/tr>\n<tr>\n<td width=\"153\"><\/td>\n<td width=\"526\">1200*1000*1200<\/td>\n<td width=\"73\"><\/td>\n<\/tr>\n<tr>\n<td width=\"153\">BCT-1000<\/td>\n<td width=\"526\">1000*800*1000<\/td>\n<td width=\"73\">20<\/td>\n<\/tr>\n<tr>\n<td width=\"153\"><\/td>\n<td width=\"526\">1000*1000*1000<\/td>\n<td width=\"73\"><\/td>\n<\/tr>\n<tr>\n<td width=\"153\">BCT-800<\/td>\n<td width=\"526\">800*600*800<\/td>\n<td width=\"73\">20<\/td>\n<\/tr>\n<tr>\n<td width=\"153\"><\/td>\n<td width=\"526\">800*800*800<\/td>\n<td width=\"73\"><\/td>\n<\/tr>\n<tr>\n<td width=\"153\">BCT-600<\/td>\n<td width=\"526\">600*400*600<\/td>\n<td width=\"73\">10<\/td>\n<\/tr>\n<tr>\n<td width=\"153\"><\/td>\n<td width=\"526\">600*600*600<\/td>\n<td width=\"73\"><\/td>\n<\/tr>\n<tr>\n<td width=\"153\">BCT-500<\/td>\n<td width=\"526\">500*500*500<\/td>\n<td width=\"73\">5<\/td>\n<\/tr>\n<\/tbody>\n<\/table>\n<h2><strong>A kartondoboz nyom\u00f3szil\u00e1rds\u00e1gi vizsg\u00e1lat\u00e1nak fontoss\u00e1ga az iparban<\/strong><\/h2>\n<p>A <strong>kartondoboz nyom\u00f3szil\u00e1rds\u00e1g vizsg\u00e1lata<\/strong> alapvet\u0151 fontoss\u00e1g\u00fa annak biztos\u00edt\u00e1s\u00e1hoz, hogy a csomagol\u00e1s elviselje a sz\u00e1ll\u00edt\u00e1s \u00e9s t\u00e1rol\u00e1s sor\u00e1n fell\u00e9p\u0151 ig\u00e9nybev\u00e9teleket. A gyenge pontok azonos\u00edt\u00e1s\u00e1val, miel\u0151tt a term\u00e9kek eljutnak a v\u00e1s\u00e1rl\u00f3khoz, ez a vizsg\u00e1lat seg\u00edt megel\u0151zni a csomagol\u00e1s meghib\u00e1sod\u00e1s\u00e1t, cs\u00f6kkentve a term\u00e9kk\u00e1rosod\u00e1s, a v\u00e1s\u00e1rl\u00f3i el\u00e9gedetlens\u00e9g \u00e9s a p\u00e9nz\u00fcgyi vesztes\u00e9gek kock\u00e1zat\u00e1t. Az olyan ipar\u00e1gak, mint a gy\u00f3gyszeripar, az elektronika \u00e9s az \u00e9lelmiszeripar nagy haszn\u00e1t veszik a nyom\u00f3szil\u00e1rds\u00e1gi szabv\u00e1nyok ismeret\u00e9nek \u00e9s betart\u00e1s\u00e1nak, k\u00fcl\u00f6n\u00f6sen a nagy \u00e9rt\u00e9k\u0171 vagy romland\u00f3 \u00e1ruk eset\u00e9ben.<\/p>\n<p>A Box Compression Tester hat\u00e9kony megold\u00e1st k\u00edn\u00e1l azon v\u00e1llalatok sz\u00e1m\u00e1ra, amelyek a csomagol\u00e1s szil\u00e1rds\u00e1g\u00e1nak \u00e9s integrit\u00e1s\u00e1nak magas sz\u00ednvonal\u00e1t k\u00edv\u00e1nj\u00e1k fenntartani. Az ISO, ASTM, TAPPI \u00e9s JIS szabv\u00e1nyoknak val\u00f3 megfelel\u00e9s t\u00e1mogat\u00e1s\u00e1val ez a tesztel\u0151 pontos, konzisztens eredm\u00e9nyeket biztos\u00edt a k\u00fcl\u00f6nb\u00f6z\u0151 csomagol\u00f3anyagok \u00e9s alkalmaz\u00e1sok eset\u00e9ben. Fejlett funkci\u00f3ival \u00e9s felhaszn\u00e1l\u00f3-k\u00f6zpont\u00fa kialak\u00edt\u00e1s\u00e1val a Box Compression Tester felbecs\u00fclhetetlen \u00e9rt\u00e9k\u0171 eszk\u00f6z a csomagol\u00e1s min\u0151s\u00e9gbiztos\u00edt\u00e1s\u00e1hoz, a term\u00e9kbiztons\u00e1g n\u00f6vel\u00e9s\u00e9hez \u00e9s a m\u0171k\u00f6d\u00e9si hat\u00e9konys\u00e1g t\u00e1mogat\u00e1s\u00e1hoz.<\/p>","protected":false},"excerpt":{"rendered":"<p>Fedezze fel a dobozok nyom\u00f3szil\u00e1rds\u00e1g\u00e1nak pontos vizsg\u00e1lat\u00e1ra tervezett doboz-nyom\u00f3pr\u00f3ba k\u00e9sz\u00fcl\u00e9ket, amely biztos\u00edtja a csomagol\u00e1s tart\u00f3ss\u00e1g\u00e1t \u00e9s a nemzetk\u00f6zi szabv\u00e1nyoknak val\u00f3 megfelel\u00e9st.<\/p>","protected":false},"featured_media":6235,"comment_status":"closed","ping_status":"closed","template":"","meta":{"site-sidebar-layout":"default","site-content-layout":"default","ast-global-header-display":"","ast-main-header-display":"","ast-hfb-above-header-display":"","ast-hfb-below-header-display":"","ast-hfb-mobile-header-display":"","site-post-title":"","ast-breadcrumbs-content":"","ast-featured-img":"","footer-sml-layout":"","theme-transparent-header-meta":"default","adv-header-id-meta":"","stick-header-meta":"","header-above-stick-meta":"","header-main-stick-meta":"","header-below-stick-meta":""},"product_cat":[964,1069,1068,953,956,955,845,1065,1064,1067,1066,1159,965,954,957,958,952,959,1070,17,44,95],"product_tag":[],"class_list":{"0":"post-5176","1":"product","2":"type-product","3":"status-publish","4":"has-post-thumbnail","6":"product_cat-box-compression-tester","7":"product_cat-astm-d4169","8":"product_cat-astm-d642","9":"product_cat-bursting-tester","10":"product_cat-cobb-tester","11":"product_cat-crush-tester","12":"product_cat-customization","13":"product_cat-iso-12048","14":"product_cat-iso-2234","15":"product_cat-iso-2872","16":"product_cat-iso-2874","17":"product_cat-jis-z0212","18":"product_cat-package-compression-tester","19":"product_cat-paper-tear-tester","20":"product_cat-plybond-tester","21":"product_cat-puncture-tester","22":"product_cat-rub-tester","23":"product_cat-stiffness-tester","24":"product_cat-tappi-t804","25":"product_cat-package-container-testers","26":"product_cat-paper-and-board-testers","27":"product_cat-products","28":"desktop-align-left","29":"tablet-align-left","30":"mobile-align-left","32":"first","33":"instock","34":"shipping-taxable","35":"product-type-simple"},"_links":{"self":[{"href":"https:\/\/www.qualitester.com\/hu\/wp-json\/wp\/v2\/product\/5176","targetHints":{"allow":["GET"]}}],"collection":[{"href":"https:\/\/www.qualitester.com\/hu\/wp-json\/wp\/v2\/product"}],"about":[{"href":"https:\/\/www.qualitester.com\/hu\/wp-json\/wp\/v2\/types\/product"}],"replies":[{"embeddable":true,"href":"https:\/\/www.qualitester.com\/hu\/wp-json\/wp\/v2\/comments?post=5176"}],"version-history":[{"count":0,"href":"https:\/\/www.qualitester.com\/hu\/wp-json\/wp\/v2\/product\/5176\/revisions"}],"wp:featuredmedia":[{"embeddable":true,"href":"https:\/\/www.qualitester.com\/hu\/wp-json\/wp\/v2\/media\/6235"}],"wp:attachment":[{"href":"https:\/\/www.qualitester.com\/hu\/wp-json\/wp\/v2\/media?parent=5176"}],"wp:term":[{"taxonomy":"product_cat","embeddable":true,"href":"https:\/\/www.qualitester.com\/hu\/wp-json\/wp\/v2\/product_cat?post=5176"},{"taxonomy":"product_tag","embeddable":true,"href":"https:\/\/www.qualitester.com\/hu\/wp-json\/wp\/v2\/product_tag?post=5176"}],"curies":[{"name":"wp","href":"https:\/\/api.w.org\/{rel}","templated":true}]}}