{"id":5154,"date":"2024-10-31T11:51:07","date_gmt":"2024-10-31T03:51:07","guid":{"rendered":"https:\/\/www.qualitester.com\/?post_type=product&#038;p=5154"},"modified":"2025-08-12T11:39:30","modified_gmt":"2025-08-12T03:39:30","slug":"sale-gross-bubble-leak-test-equipment","status":"publish","type":"product","link":"https:\/\/www.qualitester.com\/hu\/termek\/sale-gross-bubble-leak-test-equipment\/","title":{"rendered":"GLT-01 Brutt\u00f3 bubor\u00e9k sziv\u00e1rg\u00e1svizsg\u00e1l\u00f3 berendez\u00e9s"},"content":{"rendered":"<h2>Bevezet\u00e9s a bubor\u00e9kos sziv\u00e1rg\u00e1svizsg\u00e1l\u00f3 berendez\u00e9sekbe<\/h2>\n<p><strong>Bubor\u00e9kos sziv\u00e1rg\u00e1svizsg\u00e1l\u00f3 berendez\u00e9s<\/strong> alapvet\u0151 fontoss\u00e1g\u00fa a csomagol\u00e1sok t\u00f6m\u00edt\u00e9s\u00e9nek integrit\u00e1s\u00e1nak \u00e9rt\u00e9kel\u00e9s\u00e9hez, biztos\u00edtva, hogy a term\u00e9kek v\u00e9dve maradjanak a t\u00e1rol\u00e1s \u00e9s a sz\u00e1ll\u00edt\u00e1s sor\u00e1n. Ez a vizsg\u00e1lati m\u00f3dszer, amelyet a <a href=\"https:\/\/www.qualitester.com\/hu\/standards\/astm-f2096\/\" target=\"_blank\" rel=\"noopener\"><strong data-start=\"558\" data-end=\"572\">ASTM F2096<\/strong><\/a>, \u00e9szleli <strong data-start=\"582\" data-end=\"597\">durva sziv\u00e1rg\u00e1sok<\/strong> a por\u00f3zus \u00e9s nem por\u00f3zus csomagol\u00e1sokban a l\u00e9gbubor\u00e9kok \u00e1raml\u00e1s\u00e1nak megfigyel\u00e9s\u00e9vel, amikor a csomagot v\u00edz alatt nyom\u00e1s al\u00e1 helyezik. A sziv\u00e1rg\u00e1sok pontos \u00e9szlel\u00e9s\u00e9vel ez a berendez\u00e9s l\u00e9tfontoss\u00e1g\u00fa szerepet j\u00e1tszik a term\u00e9kmin\u0151s\u00e9g \u00e9s -biztons\u00e1g fenntart\u00e1s\u00e1ban k\u00fcl\u00f6nb\u00f6z\u0151 ipar\u00e1gakban, t\u00f6bbek k\u00f6z\u00f6tt a gy\u00f3gyszeriparban, az orvostechnikai eszk\u00f6z\u00f6kben \u00e9s az \u00e9lelmiszercsomagol\u00e1sban.<\/p>\n<h2>A sziv\u00e1rg\u00e1svizsg\u00e1lat fontoss\u00e1ga<\/h2>\n<p>A csomagol\u00e1s z\u00e1rts\u00e1g\u00e1nak \u00e9rt\u00e9kel\u00e9se d\u00f6nt\u0151 fontoss\u00e1g\u00fa annak ellen\u0151rz\u00e9s\u00e9hez, hogy a csomagol\u00e1s k\u00e9pes-e biztos\u00edtani a sz\u00fcks\u00e9ges term\u00e9kv\u00e9delmet. A sziv\u00e1rg\u00e1svizsg\u00e1lat seg\u00edt a fenntarthat\u00f3 csomagol\u00e1si alternat\u00edv\u00e1k \u00e9s a k\u00f6lts\u00e9ghat\u00e9kony csomagol\u00e1si lehet\u0151s\u00e9gek, valamint a gy\u00e1rt\u00f3sori t\u00f6m\u00edt\u00e9si param\u00e9terek v\u00e1ltoz\u00e1sainak \u00e9rt\u00e9kel\u00e9s\u00e9ben. A csomagol\u00e1si t\u00f6m\u00edt\u00e9sek megb\u00edzhat\u00f3s\u00e1g\u00e1nak fenntart\u00e1s\u00e1val a v\u00e1llalatok fenntarthatj\u00e1k term\u00e9keik min\u0151s\u00e9g\u00e9t \u00e9s biztons\u00e1g\u00e1t, \u00e9s v\u00e9gs\u0151 soron megv\u00e9dhetik m\u00e1rk\u00e1juk h\u00edrnev\u00e9t.<\/p>\n<h2 data-start=\"885\" data-end=\"925\">Alkalmaz\u00e1sok \u00e9s ipari jelent\u0151s\u00e9g<\/h2>\n<p data-start=\"926\" data-end=\"1341\">A <strong data-start=\"930\" data-end=\"966\">orvosi csomag bubor\u00e9k sziv\u00e1rg\u00e1svizsg\u00e1lat<\/strong> sz\u00e9les k\u00f6rben alkalmazz\u00e1k a steril g\u00e1trendszerek valid\u00e1l\u00e1s\u00e1ban, a tasakok \u00e9s t\u00e1lc\u00e1k min\u0151s\u00e9gellen\u0151rz\u00e9s\u00e9ben, valamint az \u00e9lelmiszer- \u00e9s gy\u00f3gyszercsomagol\u00e1sok ellen\u0151rz\u00e9s\u00e9ben. Olyan ipar\u00e1gak, mint p\u00e9ld\u00e1ul <strong data-start=\"1132\" data-end=\"1212\">orvostechnikai eszk\u00f6z\u00f6k, gy\u00f3gyszerek, csomagol\u00e1s \u00e9s min\u0151s\u00e9gellen\u0151rz\u0151 \u00fcgyn\u00f6ks\u00e9gek<\/strong> t\u00e1maszkodni <strong data-start=\"1221\" data-end=\"1250\">brutt\u00f3 sziv\u00e1rg\u00e1s bubor\u00e9ktesztel\u0151k<\/strong> annak ellen\u0151rz\u00e9s\u00e9re, hogy a h\u0151vel lez\u00e1rt csomagok szennyez\u0151d\u00e9smentesek maradnak-e az eltarthat\u00f3s\u00e1gi idej\u00fck alatt.<\/p>\n<h2>Az ASTM F2096 \u00e1ttekint\u00e9se<\/h2>\n<h3><strong>Mi az ASTM F2096?<\/strong><\/h3>\n<p><a href=\"https:\/\/www.astm.org\/f2096-11r19.html\" target=\"_blank\" rel=\"noopener nofollow\"><strong>ASTM F2096<\/strong><\/a> egy olyan szabv\u00e1ny, amely meghat\u00e1rozza a por\u00f3zus \u00e9s nem por\u00f3zus csomagol\u00f3anyagokban l\u00e9v\u0151 durva sziv\u00e1rg\u00e1sok bels\u0151 nyom\u00e1s al\u00e1 helyez\u00e9ssel t\u00f6rt\u00e9n\u0151 kimutat\u00e1s\u00e1ra szolg\u00e1l\u00f3 elj\u00e1r\u00e1st. Ezt a m\u00f3dszert \u00e1ltal\u00e1ban \u00fagy ismerik, mint a <strong>bubor\u00e9kteszt<\/strong>.<\/p>\n<h3><strong>Az ASTM F2096 \u00e1ltal le\u00edrt vizsg\u00e1lati m\u00f3dszerek<\/strong><\/h3>\n<p>A szabv\u00e1ny szisztematikus megk\u00f6zel\u00edt\u00e9st biztos\u00edt a brutt\u00f3 sziv\u00e1rg\u00e1sok azonos\u00edt\u00e1s\u00e1ra bubor\u00e9kpr\u00f3ba seg\u00edts\u00e9g\u00e9vel, amelynek sor\u00e1n bels\u0151 nyom\u00e1st alkalmaznak a csomagol\u00f3anyagra.<\/p>\n<h2 data-start=\"1343\" data-end=\"1378\">Hogyan m\u0171k\u00f6dik a bubor\u00e9ksziv\u00e1rg\u00e1s teszt<\/h2>\n<p data-start=\"1379\" data-end=\"1499\">A <strong data-start=\"1383\" data-end=\"1408\">ASTM bubor\u00e9k sziv\u00e1rg\u00e1svizsg\u00e1lat<\/strong> bels\u0151 nyom\u00e1s al\u00e1 helyez\u00e9st haszn\u00e1l a sziv\u00e1rg\u00e1sok nagy pontoss\u00e1g\u00fa azonos\u00edt\u00e1s\u00e1ra. Az elj\u00e1r\u00e1s a k\u00f6vetkez\u0151ket foglalja mag\u00e1ban:<\/p>\n<ol>\n<li data-start=\"1504\" data-end=\"1635\"><strong data-start=\"1504\" data-end=\"1526\">Minta el\u0151k\u00e9sz\u00edt\u00e9se<\/strong> - A csomagban egy ellen\u0151rz\u00f6tt bel\u00e9p\u00e9si pont van kialak\u00edtva a leveg\u0151forr\u00e1s \u00e9s a nyom\u00e1sellen\u0151rz\u0151 eszk\u00f6z behelyez\u00e9s\u00e9hez.<\/li>\n<li data-start=\"1639\" data-end=\"1725\"><strong data-start=\"1639\" data-end=\"1653\">Mer\u00fcl\u00e9s<\/strong> - A csomag k\u00f6r\u00fclbel\u00fcl 25,4 mm (1 h\u00fcvelyk) m\u00e9lyen van a v\u00edz alatt.<\/li>\n<li data-start=\"1729\" data-end=\"1854\"><strong data-start=\"1729\" data-end=\"1747\">Nyom\u00e1skiegyenl\u00edt\u00e9s<\/strong> - A leveg\u0151t addig vezetik be, am\u00edg a csomag el nem \u00e9ri az anyagt\u00edpuson alapul\u00f3, el\u0151re meghat\u00e1rozott nyom\u00e1sszintet.<\/li>\n<li data-start=\"1858\" data-end=\"1997\"><strong data-start=\"1858\" data-end=\"1873\">Megfigyel\u00e9s<\/strong> - A l\u00e9gbubor\u00e9kok \u00e1lland\u00f3 \u00e1raml\u00e1sa egy adott helyr\u0151l sziv\u00e1rg\u00e1st jelez, p\u00e9ld\u00e1ul t\u00f6m\u00edt\u0151csatorn\u00e1kat, reped\u00e9seket vagy lyukakat.<\/li>\n<li data-start=\"2001\" data-end=\"2064\"><strong data-start=\"2001\" data-end=\"2018\">Dokument\u00e1ci\u00f3<\/strong> - Minden hibapontot elemz\u00e9sre jel\u00f6l\u00fcnk.<\/li>\n<\/ol>\n<p data-start=\"2066\" data-end=\"2226\">A m\u00f3dszer \u00e9rz\u00e9kenys\u00e9ge jellemz\u0151en <strong data-start=\"2118\" data-end=\"2128\">250 \u03bcm<\/strong>, a m\u00f3dszer pontoss\u00e1ga a helyes vizsg\u00e1lati nyom\u00e1s be\u00e1ll\u00edt\u00e1s\u00e1t\u00f3l \u00e9s a l\u00e9g\u00e1raml\u00e1s stabilit\u00e1s\u00e1t\u00f3l f\u00fcgg.<\/p>\n<h2 data-start=\"2228\" data-end=\"2275\">Vizsg\u00e1lati m\u00f3dszerek a k\u00fcl\u00f6nb\u00f6z\u0151 csomagol\u00e1si t\u00edpusokhoz<\/h2>\n<p data-start=\"2276\" data-end=\"2340\">A <strong data-start=\"2289\" data-end=\"2303\">ASTM F2096<\/strong>, k\u00e9t els\u0151dleges elj\u00e1r\u00e1s l\u00e9tezik:<\/p>\n<ul>\n<li data-start=\"2344\" data-end=\"2454\"><strong data-start=\"2344\" data-end=\"2367\">Nem por\u00f3zus csomagol\u00e1s<\/strong> - A csomagot k\u00f6zvetlen\u00fcl a v\u00edz alatt f\u00fajj\u00e1k fel, \u00e9s mindk\u00e9t oldalon ellen\u0151rzik a sziv\u00e1rg\u00e1st.<\/li>\n<li data-start=\"2457\" data-end=\"2602\"><strong data-start=\"2457\" data-end=\"2477\">Por\u00f3zus csomagol\u00e1s<\/strong> - Alkalmazhat\u00f3 blokkol\u00f3szer, \u00e9s a v\u00edz alatti tov\u00e1bbi tart\u00f3zkod\u00e1si id\u0151 lehet\u0151v\u00e9 teszi az anyag tel\u00edt\u0151d\u00e9s\u00e9t a vizsg\u00e1lat el\u0151tt.<\/li>\n<\/ul>\n<p data-start=\"2604\" data-end=\"2696\">Mindk\u00e9t m\u00f3dszer <strong data-start=\"2621\" data-end=\"2642\">roncsol\u00e1sos vizsg\u00e1latok<\/strong>, ami azt jelenti, hogy a tesztelt csomagot ezut\u00e1n nem lehet haszn\u00e1lni.<\/p>\n<h2>Egy\u00e9b vonatkoz\u00f3 ASTM szabv\u00e1nyok<\/h2>\n<ul>\n<li><a href=\"https:\/\/www.qualitester.com\/hu\/standards\/astm-d3078\/\" target=\"_blank\" rel=\"noopener\"><strong>ASTM D3078<\/strong><\/a>: Ez a szabv\u00e1ny a g\u00e1zzal \u00e9s folyad\u00e9kkal t\u00f6lt\u00f6tt csomagol\u00e1sok bubor\u00e9kkibocs\u00e1t\u00e1si vizsg\u00e1lat\u00e1t alkalmazza, seg\u00edtve a term\u00e9k integrit\u00e1s\u00e1t vesz\u00e9lyeztet\u0151 sziv\u00e1rg\u00e1sok azonos\u00edt\u00e1s\u00e1t.<\/li>\n<li><a href=\"https:\/\/www.qualitester.com\/hu\/termekkategoria-2\/astm\/astm-d4991\/\" target=\"_blank\" rel=\"noopener\"><strong>ASTM D4991<\/strong><\/a>: A D3078-hoz hasonl\u00f3an ez a szabv\u00e1ny az \u00fcres merev tart\u00e1lyok bubor\u00e9kkibocs\u00e1t\u00e1s\u00e1nak vizsg\u00e1lat\u00e1ra \u00f6sszpontos\u00edt.<\/li>\n<li><strong>ASTM F2338<\/strong>: Ez a szabv\u00e1ny v\u00e1kuumos boml\u00e1svizsg\u00e1lati m\u00f3dszereket alkalmaz rugalmas \u00e9s merev tart\u00e1lyokn\u00e1l a t\u00f6m\u00edt\u00e9s integrit\u00e1s\u00e1nak \u00e9rt\u00e9kel\u00e9s\u00e9re.<\/li>\n<li><strong><a href=\"https:\/\/www.qualitester.com\/hu\/standards\/astm-f2054\/\" target=\"_blank\" rel=\"noopener\">ASTM F2054<\/a>\/<a href=\"https:\/\/www.qualitester.com\/hu\/standards\/astm-f1140\/\" target=\"_blank\" rel=\"noopener\">F1140<\/a><\/strong>: Ezek a szabv\u00e1nyok a k\u00fcl\u00f6nb\u00f6z\u0151 csomagol\u00e1st\u00edpusok, k\u00f6zt\u00fck a rugalmas, merev \u00e9s cs\u0151 alak\u00fa csomagol\u00e1sok nyom\u00e1sroml\u00e1s\u00e1nak vizsg\u00e1lati m\u00f3dszereit ismertetik.<\/li>\n<\/ul>\n<h2>M\u0171szaki jellemz\u0151k<\/h2>\n<ul>\n<li><strong>PLC-vez\u00e9relt egys\u00e9g<\/strong>: A bubor\u00e9kos sziv\u00e1rg\u00e1svizsg\u00e1l\u00f3 berendez\u00e9s\u00fcnket ipari szint\u0171 stabilit\u00e1ssal tervezt\u00fck, PLC-vez\u00e9rl\u00e9s\u0171 egys\u00e9ggel a k\u00f6vetkezetes teljes\u00edtm\u00e9ny \u00e9rdek\u00e9ben.<\/li>\n<li><strong>HMI \u00e9rint\u0151k\u00e9perny\u0151 kezel\u00e9se<\/strong>: Felhaszn\u00e1l\u00f3bar\u00e1t kezel\u0151fel\u00fclet a k\u00f6nny\u0171 kezelhet\u0151s\u00e9g \u00e9s a vizsg\u00e1lati param\u00e9terek figyelemmel k\u00eds\u00e9r\u00e9se \u00e9rdek\u00e9ben.<\/li>\n<li><strong>Stabil g\u00e1zell\u00e1t\u00e1s<\/strong>: Biztos\u00edtja a megb\u00edzhat\u00f3 \u00e9s egyenletes g\u00e1zell\u00e1t\u00e1st a vizsg\u00e1lat sor\u00e1n.<\/li>\n<li><strong>Opcion\u00e1lis integr\u00e1ci\u00f3<\/strong>: A berendez\u00e9s integr\u00e1lhat\u00f3 a nyom\u00e1scs\u00f6kken\u00e9s vizsg\u00e1lati m\u00f3dszereivel a fokozott vizsg\u00e1lati k\u00e9pess\u00e9gek \u00e9rdek\u00e9ben.<\/li>\n<\/ul>\n<h2>F\u0151 param\u00e9terek<\/h2>\n<table>\n<tbody>\n<tr>\n<td width=\"130\">Teszt tartom\u00e1ny<\/td>\n<td width=\"207\">0~30KPa (vagy ig\u00e9ny szerint)<\/td>\n<\/tr>\n<tr>\n<td width=\"130\">Akril kamra<\/td>\n<td width=\"207\">34*20*15cm LWH<\/td>\n<\/tr>\n<tr>\n<td width=\"130\">S\u0171r\u00edtett leveg\u0151<\/td>\n<td width=\"207\">0.6MPa (Felhaszn\u00e1l\u00f3 \u00e1ltal el\u0151k\u00e9sz\u00edtve)<\/td>\n<\/tr>\n<tr>\n<td width=\"130\">Teljes\u00edtm\u00e9ny<\/td>\n<td width=\"207\">110~220V 50\/60Hz<\/td>\n<\/tr>\n<\/tbody>\n<\/table>\n<p>A bubor\u00e9kos sziv\u00e1rg\u00e1svizsg\u00e1l\u00f3 berendez\u00e9sek kulcsfontoss\u00e1g\u00faak a csomagol\u00e1si t\u00f6m\u00edt\u00e9sek integrit\u00e1s\u00e1nak biztos\u00edt\u00e1s\u00e1ban, \u00edgy a min\u0151s\u00e9gbiztos\u00edt\u00e1s n\u00e9lk\u00fcl\u00f6zhetetlen eszk\u00f6zei a k\u00fcl\u00f6nb\u00f6z\u0151 ipar\u00e1gakban. Ha a Cell Instruments bubor\u00e9kos sziv\u00e1rg\u00e1svizsg\u00e1lati megold\u00e1sait v\u00e1lasztja, n\u00f6velheti csomagol\u00e1sa megb\u00edzhat\u00f3s\u00e1g\u00e1t \u00e9s megv\u00e9dheti term\u00e9keit.<\/p>\n<h3>GYIK<\/h3>\n<ol>\n<li><strong>Milyen t\u00edpus\u00fa csomagok vizsg\u00e1lhat\u00f3k bubor\u00e9kos sziv\u00e1rg\u00e1svizsg\u00e1l\u00f3 berendez\u00e9ssel?<\/strong>\n<ul>\n<li>A berendez\u00e9s por\u00f3zus \u00e9s nem por\u00f3zus csomagol\u00f3anyagokhoz egyar\u00e1nt alkalmas, bele\u00e9rtve a rugalmas \u00e9s merev tart\u00e1lyokat is.<\/li>\n<\/ul>\n<\/li>\n<li><strong>Hogyan m\u0171k\u00f6dik a bubor\u00e9kteszt?<\/strong>\n<ul>\n<li>A bubor\u00e9kvizsg\u00e1lat sor\u00e1n a csomagol\u00e1st v\u00edzbe mer\u00edtve bels\u0151 nyom\u00e1s al\u00e1 helyezik. A sziv\u00e1rg\u00e1si ponton keletkez\u0151 bubor\u00e9kok a t\u00f6m\u00edt\u00e9s hib\u00e1j\u00e1t jelzik.<\/li>\n<\/ul>\n<\/li>\n<li><strong>A bubor\u00e9kos sziv\u00e1rg\u00e1svizsg\u00e1lati m\u00f3dszer roncsol\u00f3 hat\u00e1s\u00fa?<\/strong>\n<ul>\n<li>Igen, a bubor\u00e9kos sziv\u00e1rg\u00e1svizsg\u00e1lat roncsol\u00e1sos m\u00f3dszer, ami azt jelenti, hogy vesz\u00e9lyeztetheti a vizsg\u00e1lt csomagol\u00e1s integrit\u00e1s\u00e1t.<\/li>\n<\/ul>\n<\/li>\n<li><strong>Testre szabhat\u00f3-e a berendez\u00e9s az egyedi vizsg\u00e1lati ig\u00e9nyekhez?<\/strong>\n<ul>\n<li>Igen, a tesztel\u00e9si k\u00f6vetelm\u00e9nyek testreszab\u00e1s\u00e1ra specializ\u00e1l\u00f3dtunk, hogy megfeleljen az \u00d6n egyedi ig\u00e9nyeinek.<\/li>\n<\/ul>\n<\/li>\n<li><strong>Milyen szabv\u00e1nyoknak felel meg a bubor\u00e9ksziv\u00e1rg\u00e1s-vizsg\u00e1l\u00f3 berendez\u00e9s?<\/strong>\n<ul>\n<li>Berendez\u00e9seink megfelelnek az ASTM F2096 \u00e9s m\u00e1s vonatkoz\u00f3 ASTM sziv\u00e1rg\u00e1svizsg\u00e1lati szabv\u00e1nyoknak.<\/li>\n<\/ul>\n<\/li>\n<\/ol>","protected":false},"excerpt":{"rendered":"<p>A bubor\u00e9kos sziv\u00e1rg\u00e1svizsg\u00e1l\u00f3 berendez\u00e9sek elengedhetetlenek a csomagol\u00e1si t\u00f6m\u00edt\u00e9sek integrit\u00e1s\u00e1nak \u00e9rt\u00e9kel\u00e9s\u00e9hez, biztos\u00edtva, hogy a term\u00e9kek v\u00e9dve maradjanak a t\u00e1rol\u00e1s \u00e9s a sz\u00e1ll\u00edt\u00e1s sor\u00e1n. A sziv\u00e1rg\u00e1sok pontos kimutat\u00e1s\u00e1val ez a berendez\u00e9s l\u00e9tfontoss\u00e1g\u00fa szerepet j\u00e1tszik a term\u00e9kmin\u0151s\u00e9g \u00e9s -biztons\u00e1g fenntart\u00e1s\u00e1ban k\u00fcl\u00f6nb\u00f6z\u0151 ipar\u00e1gakban, t\u00f6bbek k\u00f6z\u00f6tt a gy\u00f3gyszeriparban, az orvostechnikai eszk\u00f6z\u00f6kben \u00e9s az \u00e9lelmiszercsomagol\u00e1sban.<\/p>","protected":false},"featured_media":6150,"comment_status":"closed","ping_status":"closed","template":"","meta":{"site-sidebar-layout":"default","site-content-layout":"default","ast-global-header-display":"","ast-main-header-display":"","ast-hfb-above-header-display":"","ast-hfb-below-header-display":"","ast-hfb-mobile-header-display":"","site-post-title":"","ast-breadcrumbs-content":"","ast-featured-img":"","footer-sml-layout":"","theme-transparent-header-meta":"default","adv-header-id-meta":"","stick-header-meta":"","header-above-stick-meta":"","header-main-stick-meta":"","header-below-stick-meta":""},"product_cat":[675,845,17,149,16,112,95],"product_tag":[],"class_list":{"0":"post-5154","1":"product","2":"type-product","3":"status-publish","4":"has-post-thumbnail","6":"product_cat-leak-tester","7":"product_cat-customization","8":"product_cat-package-container-testers","9":"product_cat-pharma-and-medical-testers","10":"product_cat-plastic-packaging-testers","11":"product_cat-astm-f2096","12":"product_cat-products","13":"desktop-align-left","14":"tablet-align-left","15":"mobile-align-left","17":"first","18":"instock","19":"shipping-taxable","20":"product-type-simple"},"_links":{"self":[{"href":"https:\/\/www.qualitester.com\/hu\/wp-json\/wp\/v2\/product\/5154","targetHints":{"allow":["GET"]}}],"collection":[{"href":"https:\/\/www.qualitester.com\/hu\/wp-json\/wp\/v2\/product"}],"about":[{"href":"https:\/\/www.qualitester.com\/hu\/wp-json\/wp\/v2\/types\/product"}],"replies":[{"embeddable":true,"href":"https:\/\/www.qualitester.com\/hu\/wp-json\/wp\/v2\/comments?post=5154"}],"version-history":[{"count":0,"href":"https:\/\/www.qualitester.com\/hu\/wp-json\/wp\/v2\/product\/5154\/revisions"}],"wp:featuredmedia":[{"embeddable":true,"href":"https:\/\/www.qualitester.com\/hu\/wp-json\/wp\/v2\/media\/6150"}],"wp:attachment":[{"href":"https:\/\/www.qualitester.com\/hu\/wp-json\/wp\/v2\/media?parent=5154"}],"wp:term":[{"taxonomy":"product_cat","embeddable":true,"href":"https:\/\/www.qualitester.com\/hu\/wp-json\/wp\/v2\/product_cat?post=5154"},{"taxonomy":"product_tag","embeddable":true,"href":"https:\/\/www.qualitester.com\/hu\/wp-json\/wp\/v2\/product_tag?post=5154"}],"curies":[{"name":"wp","href":"https:\/\/api.w.org\/{rel}","templated":true}]}}