{"id":5149,"date":"2024-10-31T11:42:15","date_gmt":"2024-10-31T03:42:15","guid":{"rendered":"https:\/\/www.qualitester.com\/?post_type=product&#038;p=5149"},"modified":"2024-12-04T16:20:18","modified_gmt":"2024-12-04T08:20:18","slug":"sale-film-friction-peel-tester","status":"publish","type":"product","link":"https:\/\/www.qualitester.com\/hu\/termek\/sale-film-friction-peel-tester\/","title":{"rendered":"FPT-01 Film s\u00farl\u00f3d\u00e1si\/csiszol\u00e1si teszter"},"content":{"rendered":"<h2>A films\u00farl\u00f3d\u00e1si\/csiszol\u00e1si tesztel\u0151 bevezet\u00e9se<\/h2>\n<p>A Film Friction\/Peel Tester egy fejlett m\u0171szer, amelyet a s\u00farl\u00f3d\u00e1si \u00e9s leh\u00faz\u00e1si ellen\u00e1ll\u00e1s pontos m\u00e9r\u00e9s\u00e9re terveztek az anyagok sz\u00e9les sk\u00e1l\u00e1j\u00e1n. Ez a sokoldal\u00fa eszk\u00f6z, amelynek alkalmaz\u00e1sai olyan ipar\u00e1gakra terjednek ki, mint a csomagol\u00e1s, az orvostechnikai eszk\u00f6z\u00f6k, a gy\u00f3gyszerek \u00e9s a text\u00edli\u00e1k, d\u00f6nt\u0151 szerepet j\u00e1tszik a min\u0151s\u00e9gellen\u0151rz\u00e9sben, a term\u00e9kfejleszt\u00e9sben \u00e9s a kutat\u00e1sban.<\/p>\n<h2>A films\u00farl\u00f3d\u00e1si\/csiszol\u00e1si tesztel\u0151 f\u0151 jellemz\u0151i<\/h2>\n<h3>COF tesztel\u00e9s<\/h3>\n<p>Ez a m\u00e9r\u0151m\u0171szer pontosan m\u00e9ri mind a statikus, mind a kinetikus s\u00farl\u00f3d\u00e1si egy\u00fctthat\u00f3t, ami elengedhetetlen az anyagok k\u00f6lcs\u00f6nhat\u00e1s\u00e1nak meg\u00e9rt\u00e9s\u00e9hez.<\/p>\n<h3>H\u00e1moz\u00e1si tesztel\u00e9s<\/h3>\n<p>K\u00fcl\u00f6nb\u00f6z\u0151 anyagokon, t\u00f6bbek k\u00f6z\u00f6tt lev\u00e1laszt\u00f3 pap\u00edrokon, ragaszt\u00f3szalagokon \u00e9s v\u00e9d\u0151f\u00f3li\u00e1kon is v\u00e9gez k\u00e9nyes leh\u00faz\u00e1si er\u0151pr\u00f3b\u00e1kat.<\/p>\n<h2>M\u0171szaki specifik\u00e1ci\u00f3k<\/h2>\n<ul>\n<li>Rendszertervez\u00e9s: A tesztel\u0151 tartalmaz egy r\u00f6gz\u00edtett terhel\u00e9scell\u00e1s poz\u00edci\u00f3t v\u00e9d\u0151burkolattal, amely biztos\u00edtja a biztons\u00e1gos m\u0171k\u00f6d\u00e9st. A sz\u00e1nmechanizmus megk\u00f6nny\u00edti a pontos vizsg\u00e1latot, ahol a mint\u00e1kat biztons\u00e1gosan r\u00f6gz\u00edtik, \u00e9s a lev\u00e1laszt\u00e1s sor\u00e1n a h\u00e1ml\u00f3er\u0151ket r\u00f6gz\u00edtik.<\/li>\n<li>Felhaszn\u00e1l\u00f3bar\u00e1t fel\u00fclet: A PLC-vez\u00e9rl\u00e9s\u0171 rendszerrel ell\u00e1tott films\u00farl\u00f3d\u00e1si\/h\u00e1ml\u00e1si tesztel\u0151 egy intuit\u00edv HMI \u00e9rint\u0151k\u00e9perny\u0151n kereszt\u00fcl m\u0171k\u00f6dik, \u00edgy a felhaszn\u00e1l\u00f3k sz\u00e1m\u00e1ra k\u00f6nnyen navig\u00e1lhat\u00f3 \u00e9s kezelhet\u0151.<\/li>\n<\/ul>\n<h3>F\u0151 param\u00e9ter<\/h3>\n<table>\n<tbody>\n<tr>\n<td width=\"156\">Er\u0151 tartom\u00e1ny<\/td>\n<td width=\"152\">5 N ( vagy sz\u00fcks\u00e9g szerint)<\/td>\n<\/tr>\n<tr>\n<td width=\"156\">Pontoss\u00e1g<\/td>\n<td width=\"152\">\u00b10,5%<\/td>\n<\/tr>\n<tr>\n<td width=\"156\">Felbont\u00e1s<\/td>\n<td width=\"152\">0.001N<\/td>\n<\/tr>\n<tr>\n<td width=\"156\">Kiszor\u00edt\u00e1si tartom\u00e1ny<\/td>\n<td width=\"152\">0,1 ~ 95 mm<\/td>\n<\/tr>\n<tr>\n<td width=\"156\">Pontoss\u00e1g<\/td>\n<td width=\"152\">\u00b10,1 mm<\/td>\n<\/tr>\n<tr>\n<td width=\"156\">H\u0151m\u00e9rs\u00e9klet tartom\u00e1ny<\/td>\n<td width=\"152\">K\u00f6rnyezeti h\u0151m\u00e9rs\u00e9klet ~ 210\u00b0C<\/td>\n<\/tr>\n<tr>\n<td width=\"156\">Pontoss\u00e1g<\/td>\n<td width=\"152\">\u00b10.5\u00b0C<\/td>\n<\/tr>\n<tr>\n<td width=\"156\">A mint\u00e1k sz\u00e1ma<\/td>\n<td width=\"152\">2<\/td>\n<\/tr>\n<tr>\n<td width=\"156\">A minta m\u00e9rete<\/td>\n<td width=\"152\">110*15 mm, hossz\u00fas\u00e1g*sz\u00e9less\u00e9g<\/td>\n<\/tr>\n<tr>\n<td width=\"156\">T\u00e1pegys\u00e9g<\/td>\n<td width=\"152\">220V 50Hz<\/td>\n<\/tr>\n<\/tbody>\n<\/table>\n<h2>Az ipari szabv\u00e1nyoknak val\u00f3 megfelel\u00e9s<\/h2>\n<ul>\n<li><a href=\"https:\/\/www.astm.org\/d1894-14.html\" target=\"_blank\" rel=\"noopener nofollow\"><strong>ASTM D1894<\/strong><\/a>: M\u0171anyagok s\u00farl\u00f3d\u00e1si egy\u00fctthat\u00f3ja<\/li>\n<li><strong>ASTM D3330<\/strong>: H\u00fazhat\u00f3 tapad\u00e1s a nyom\u00e1s\u00e9rz\u00e9keny szalaghoz (180\u00b0)<\/li>\n<li><strong>ISO 8295<\/strong>: S\u00farl\u00f3d\u00e1si egy\u00fctthat\u00f3 a m\u0171anyagok eset\u00e9ben, az anyagmin\u0151s\u00e9g biztos\u00edt\u00e1sa a gy\u00e1rt\u00e1s sor\u00e1n.<\/li>\n<li><strong>TAPPI T816<\/strong>: S\u00farl\u00f3d\u00e1si egy\u00fctthat\u00f3 hull\u00e1mpap\u00edr \u00e9s karton.<\/li>\n<li><strong>TAPPI T549<\/strong>: S\u00farl\u00f3d\u00e1si egy\u00fctthat\u00f3 a bevonat n\u00e9lk\u00fcli \u00edr\u00f3- \u00e9s nyomtat\u00f3pap\u00edrhoz.<\/li>\n<\/ul>\n<h2>A films\u00farl\u00f3d\u00e1si\/csiszol\u00e1si tesztel\u0151 alkalmaz\u00e1sai<\/h2>\n<p>A Film Friction\/Peel Tester k\u00fcl\u00f6nf\u00e9le \u00e1gazatokban haszn\u00e1latos, t\u00f6bbek k\u00f6z\u00f6tt:<\/p>\n<ol>\n<li><strong>Csomagol\u00e1s<\/strong>: Annak biztos\u00edt\u00e1sa, hogy a csomagol\u00f3anyagok megfeleljenek a teljes\u00edtm\u00e9nyszabv\u00e1nyoknak.<\/li>\n<li><strong>Ragaszt\u00f3<\/strong>: Ragaszt\u00f3k \u00e9s g\u00e1tl\u00f3anyagok megb\u00edzhat\u00f3s\u00e1gi vizsg\u00e1lata.<\/li>\n<li><strong>\u00c9lelmiszeripar<\/strong>: A t\u00f6m\u00edt\u00e9s szil\u00e1rds\u00e1g\u00e1nak \u00e9s az anyag k\u00f6lcs\u00f6nhat\u00e1s\u00e1nak \u00e9rt\u00e9kel\u00e9se a biztons\u00e1g \u00e9s a min\u0151s\u00e9g \u00e9rdek\u00e9ben.<\/li>\n<li><strong>Text\u00edli\u00e1k<\/strong> <strong>\u00e9s Fogyaszt\u00f3<\/strong> <strong>\u00c1ruk<\/strong>: Az anyagtulajdons\u00e1gok \u00e9rt\u00e9kel\u00e9se a term\u00e9k tart\u00f3ss\u00e1g\u00e1nak \u00e9s funkcionalit\u00e1s\u00e1nak jav\u00edt\u00e1sa \u00e9rdek\u00e9ben.<\/li>\n<\/ol>\n<h2>A films\u00farl\u00f3d\u00e1si\/csiszol\u00f3d\u00e1si tesztel\u0151 el\u0151nyei<\/h2>\n<ul>\n<li><strong>Fokozott term\u00e9kteljes\u00edtm\u00e9ny<\/strong>: A s\u00farl\u00f3d\u00e1si \u00e9s h\u00e1ml\u00e1si szil\u00e1rds\u00e1g pontos m\u00e9r\u00e9s\u00e9vel a gy\u00e1rt\u00f3k jav\u00edthatj\u00e1k a term\u00e9kek min\u0151s\u00e9g\u00e9t \u00e9s tart\u00f3ss\u00e1g\u00e1t.<\/li>\n<li><strong>Val\u00f3s idej\u0171 adatelemz\u00e9s<\/strong>: A rendszer azonnali eredm\u00e9nyeket szolg\u00e1ltat, bele\u00e9rtve az adatok grafikus \u00e1br\u00e1zol\u00e1s\u00e1t a k\u00f6nny\u0171 \u00e9rtelmez\u00e9s \u00e9rdek\u00e9ben.<\/li>\n<li><strong>Speci\u00e1lis funkci\u00f3k<\/strong>: A tov\u00e1bbi funkci\u00f3k k\u00f6z\u00e9 tartozik az integr\u00e1lt nyomtat\u00e1s \u00e9s az \u00e1tfog\u00f3 adatkezel\u00e9shez sz\u00fcks\u00e9ges opcion\u00e1lis szoftver.<\/li>\n<\/ul>\n<p>A <strong><a href=\"https:\/\/www.qualitester.com\/hu\/termek\/coefficient-of-friction-tester-cof-01\/\" target=\"_blank\" rel=\"noopener\">Film s\u00farl\u00f3d\u00e1s<\/a>\/Peel Tester<\/strong> n\u00e9lk\u00fcl\u00f6zhetetlen eszk\u00f6z minden olyan szervezet sz\u00e1m\u00e1ra, amely az anyagmin\u0151s\u00e9gre \u00e9s az ipari szabv\u00e1nyoknak val\u00f3 megfelel\u00e9sre \u00f6sszpontos\u00edt. Pontos m\u00e9r\u00e9sekkel \u00e9s az elismert vizsg\u00e1lati protokollok betart\u00e1s\u00e1val ez a tesztel\u0151 t\u00e1mogatja a gy\u00e1rt\u00f3kat az optim\u00e1lis term\u00e9kteljes\u00edtm\u00e9ny el\u00e9r\u00e9s\u00e9ben. Fedezze fel a Film Friction\/Peel Tester k\u00e9pess\u00e9geit m\u00e9g ma, hogy biztos\u00edtsa, hogy anyagai megfelelnek a legmagasabb min\u0151s\u00e9gi szabv\u00e1nyoknak.<\/p>\n<h2>Kapcsol\u00f3d\u00f3 term\u00e9kek<\/h2>\n<blockquote class=\"wp-embedded-content\" data-secret=\"hdCaSFydsl\"><p><a href=\"https:\/\/www.qualitester.com\/hu\/termek\/coefficient-of-friction-tester-cof-01\/\">COF-01 S\u00farl\u00f3d\u00e1si egy\u00fctthat\u00f3 m\u00e9r\u0151m\u0171szer<\/a><\/p><\/blockquote>\n<p><iframe class=\"wp-embedded-content\" sandbox=\"allow-scripts\" security=\"restricted\" style=\"position: absolute; visibility: hidden;\" title=\"\u300a COF-01 Coefficient of Friction Tester \u300b\u2014Material Quality Tester\" src=\"https:\/\/www.qualitester.com\/product\/coefficient-of-friction-tester-cof-01\/embed\/#?secret=KfrAZiIKcT#?secret=hdCaSFydsl\" data-secret=\"hdCaSFydsl\" width=\"500\" height=\"282\" frameborder=\"0\" marginwidth=\"0\" marginheight=\"0\" scrolling=\"no\"><\/iframe><\/p>","protected":false},"excerpt":{"rendered":"<p>A Film Friction\/Peel Tester egy fejlett m\u0171szer, amelyet a s\u00farl\u00f3d\u00e1si \u00e9s leh\u00faz\u00e1si ellen\u00e1ll\u00e1s pontos m\u00e9r\u00e9s\u00e9re terveztek az anyagok sz\u00e9les sk\u00e1l\u00e1j\u00e1n. Ez a sokoldal\u00fa eszk\u00f6z, amelynek alkalmaz\u00e1sai olyan ipar\u00e1gakra terjednek ki, mint a csomagol\u00e1s, az orvostechnikai eszk\u00f6z\u00f6k, a gy\u00f3gyszerek \u00e9s a text\u00edli\u00e1k, d\u00f6nt\u0151 szerepet j\u00e1tszik a min\u0151s\u00e9gellen\u0151rz\u00e9sben, a term\u00e9kfejleszt\u00e9sben \u00e9s a kutat\u00e1sban.<\/p>","protected":false},"featured_media":6139,"comment_status":"closed","ping_status":"closed","template":"","meta":{"site-sidebar-layout":"default","site-content-layout":"default","ast-global-header-display":"","ast-main-header-display":"","ast-hfb-above-header-display":"","ast-hfb-below-header-display":"","ast-hfb-mobile-header-display":"","site-post-title":"","ast-breadcrumbs-content":"","ast-featured-img":"","footer-sml-layout":"","theme-transparent-header-meta":"default","adv-header-id-meta":"","stick-header-meta":"","header-above-stick-meta":"","header-main-stick-meta":"","header-below-stick-meta":""},"product_cat":[945,953,956,955,845,954,957,958,952,959,1063,1062,683,681,106,126,132,170,171,95],"product_tag":[],"class_list":{"0":"post-5149","1":"product","2":"type-product","3":"status-publish","4":"has-post-thumbnail","6":"product_cat-180-peeling-tester","7":"product_cat-bursting-tester","8":"product_cat-cobb-tester","9":"product_cat-crush-tester","10":"product_cat-customization","11":"product_cat-paper-tear-tester","12":"product_cat-plybond-tester","13":"product_cat-puncture-tester","14":"product_cat-rub-tester","15":"product_cat-stiffness-tester","16":"product_cat-tappi-t549","17":"product_cat-tappi-t816","18":"product_cat-coefficient-of-friction-tester","19":"product_cat-peel-tester","20":"product_cat-astm-d1894","21":"product_cat-astm-d3330","22":"product_cat-astm-d4917","23":"product_cat-iso-8295","24":"product_cat-iso-8510-2","25":"product_cat-products","26":"desktop-align-left","27":"tablet-align-left","28":"mobile-align-left","30":"first","31":"instock","32":"shipping-taxable","33":"product-type-simple"},"_links":{"self":[{"href":"https:\/\/www.qualitester.com\/hu\/wp-json\/wp\/v2\/product\/5149","targetHints":{"allow":["GET"]}}],"collection":[{"href":"https:\/\/www.qualitester.com\/hu\/wp-json\/wp\/v2\/product"}],"about":[{"href":"https:\/\/www.qualitester.com\/hu\/wp-json\/wp\/v2\/types\/product"}],"replies":[{"embeddable":true,"href":"https:\/\/www.qualitester.com\/hu\/wp-json\/wp\/v2\/comments?post=5149"}],"version-history":[{"count":0,"href":"https:\/\/www.qualitester.com\/hu\/wp-json\/wp\/v2\/product\/5149\/revisions"}],"wp:featuredmedia":[{"embeddable":true,"href":"https:\/\/www.qualitester.com\/hu\/wp-json\/wp\/v2\/media\/6139"}],"wp:attachment":[{"href":"https:\/\/www.qualitester.com\/hu\/wp-json\/wp\/v2\/media?parent=5149"}],"wp:term":[{"taxonomy":"product_cat","embeddable":true,"href":"https:\/\/www.qualitester.com\/hu\/wp-json\/wp\/v2\/product_cat?post=5149"},{"taxonomy":"product_tag","embeddable":true,"href":"https:\/\/www.qualitester.com\/hu\/wp-json\/wp\/v2\/product_tag?post=5149"}],"curies":[{"name":"wp","href":"https:\/\/api.w.org\/{rel}","templated":true}]}}