{"id":5134,"date":"2024-10-30T17:11:11","date_gmt":"2024-10-30T09:11:11","guid":{"rendered":"https:\/\/www.qualitester.com\/?post_type=product&#038;p=5134"},"modified":"2024-12-05T13:39:49","modified_gmt":"2024-12-05T05:39:49","slug":"sale-bag-compression-tester","status":"publish","type":"product","link":"https:\/\/www.qualitester.com\/hu\/termek\/sale-bag-compression-tester\/","title":{"rendered":"PCT-01 t\u00f6m\u00f6rs\u00e9gm\u00e9r\u0151"},"content":{"rendered":"<h2><strong>Bevezet\u00e9s a zacsk\u00f3 t\u00f6m\u00f6rs\u00e9gm\u00e9r\u0151h\u00f6z<\/strong><\/h2>\n<p>A zacsk\u00f3t\u00f6m\u00f6rs\u00e9g-vizsg\u00e1l\u00f3 a csomagol\u00f3anyagok min\u0151s\u00e9gbiztos\u00edt\u00e1s\u00e1nak elengedhetetlen eszk\u00f6ze. Mivel a csomagol\u00e1s s\u00e9rtetlens\u00e9ge kritikus fontoss\u00e1g\u00fa a term\u00e9kbiztons\u00e1g \u00e9s a hat\u00e9konys\u00e1g biztos\u00edt\u00e1s\u00e1ban, ez a m\u0171szer kulcsfontoss\u00e1g\u00fa szerepet j\u00e1tszik k\u00fcl\u00f6nb\u00f6z\u0151 ipar\u00e1gakban, bele\u00e9rtve az \u00e9lelmiszer-, gy\u00f3gyszer-, kozmetikai \u00e9s orvosi csomagol\u00e1st. A k\u00fcl\u00f6nb\u00f6z\u0151 csomagol\u00f3anyagok tart\u00f3ss\u00e1g\u00e1nak \u00e9s teljes\u00edtm\u00e9ny\u00e9nek \u00e9rt\u00e9kel\u00e9s\u00e9re tervezett Bag Compression Tester biztos\u00edtja, hogy a term\u00e9kek ellen\u00e1lljanak a sz\u00e1ll\u00edt\u00e1s \u00e9s a t\u00e1rol\u00e1s viszontags\u00e1gainak.<\/p>\n<h2><strong>A t\u00e1ska t\u00f6m\u00f6r\u00edt\u00e9si tesztel\u0151 alkalmaz\u00e1sa<\/strong><\/h2>\n<p>Ez a sokoldal\u00fa \u00e9s prec\u00edzi\u00f3s m\u0171szer a csomagol\u00f3anyagok sz\u00e9les sk\u00e1l\u00e1j\u00e1nak nyom\u00e1s\u00e1ll\u00f3s\u00e1g\u00e1t vizsg\u00e1lja. K\u00fcl\u00f6n\u00f6sen hat\u00e9kony a kompozit f\u00f3liacsomagol\u00e1sok, inf\u00fazi\u00f3s tasakok, m\u0171anyag inf\u00fazi\u00f3s palackok, v\u00e9rzs\u00e1kok, j\u00e9gzs\u00e1kok \u00e9s k\u00fcl\u00f6nb\u00f6z\u0151 tart\u00e1lyok vizsg\u00e1lat\u00e1hoz. A val\u00f3s k\u00f6r\u00fclm\u00e9nyek szimul\u00e1l\u00e1s\u00e1val a Bag Compression Tester seg\u00edt a gy\u00e1rt\u00f3knak fenntartani a term\u00e9k integrit\u00e1s\u00e1t \u00e9s az ipari szabv\u00e1nyoknak val\u00f3 megfelel\u00e9st, ez\u00e1ltal cs\u00f6kkentve a csomagol\u00e1si hib\u00e1k kock\u00e1zat\u00e1t, amelyek k\u00f6lts\u00e9ges visszah\u00edv\u00e1sokhoz vagy biztons\u00e1gi probl\u00e9m\u00e1khoz vezethetnek.<\/p>\n<h2><strong>Vizsg\u00e1lati elv<\/strong><\/h2>\n<h3><strong>Elhelyez\u00e9s<\/strong><\/h3>\n<p>A vizsg\u00e1lati folyamat azzal kezd\u0151dik, hogy a mintaanyagot biztons\u00e1gosan a vizsg\u00e1l\u00f3berendez\u00e9s fels\u0151 \u00e9s als\u00f3 nyom\u00f3lemeze k\u00f6z\u00e9 helyezz\u00fck. Ez biztos\u00edtja a pontos \u00e9s konzisztens eredm\u00e9nyeket a t\u00f6m\u00f6r\u00edt\u00e9si vizsg\u00e1lat sor\u00e1n.<\/p>\n<h3><strong>T\u00f6m\u00f6r\u00edt\u00e9s<\/strong><\/h3>\n<p>Amint a minta a hely\u00e9n van, a fels\u0151 nyom\u00f3lemez aktiv\u00e1l\u00f3dik, hogy lefel\u00e9 mozogjon a csomagol\u00f3anyaggal szemben. Ez a m\u0171velet szimul\u00e1lja a k\u00fcls\u0151 nyom\u00e1st, amellyel a csomagol\u00e1s a kezel\u00e9s, sz\u00e1ll\u00edt\u00e1s \u00e9s t\u00e1rol\u00e1s sor\u00e1n tal\u00e1lkozhat, lehet\u0151v\u00e9 t\u00e9ve az anyag szil\u00e1rds\u00e1g\u00e1nak re\u00e1lis \u00e9rt\u00e9kel\u00e9s\u00e9t.<\/p>\n<h3><strong>Er\u0151m\u00e9r\u00e9s<\/strong><\/h3>\n<p>A t\u00f6m\u00f6r\u00edt\u00e9s sor\u00e1n az als\u00f3 nyom\u00f3lemez \u00e1ltal kifejtett er\u0151 val\u00f3s id\u0151ben m\u00e9rhet\u0151. Ezek az adatok d\u00f6nt\u0151 fontoss\u00e1g\u00faak a minta felszak\u00edt\u00e1si teljes\u00edtm\u00e9ny\u00e9nek \u00e9s \u00e1lland\u00f3 nyom\u00e1s\u00e1ll\u00f3s\u00e1g\u00e1nak \u00e9rt\u00e9kel\u00e9s\u00e9hez. Az e m\u00e9r\u00e9sekb\u0151l nyert ismeretek t\u00e1j\u00e9koztatj\u00e1k a gy\u00e1rt\u00f3kat a k\u00fcl\u00f6nb\u00f6z\u0151 anyagok \u00e9s konstrukci\u00f3k terhel\u00e9ses k\u00f6r\u00fclm\u00e9nyek k\u00f6z\u00f6tti alkalmass\u00e1g\u00e1r\u00f3l.<\/p>\n<h2><strong>Vizsg\u00e1lati m\u00f3dszerek<\/strong><\/h2>\n<h3><strong>Csomag t\u00f6m\u00f6r\u00edt\u00e9si teszt<\/strong><\/h3>\n<p>A csomag \u00f6sszenyom\u00f3d\u00e1si vizsg\u00e1lata szerves r\u00e9sze az \u00e1ltal\u00e1nos vizsg\u00e1lati protokollnak. A tasak \u00f6sszenyom\u00f3d\u00e1si tesztel\u0151 k\u00e9t els\u0151dleges vizsg\u00e1lati m\u00f3dot k\u00edn\u00e1l: maxim\u00e1lis felszak\u00edt\u00f3er\u0151 \u00e9s \u00e1lland\u00f3 nyom\u00e1s\u00e1ll\u00f3s\u00e1g. Ezek a m\u00f3dszerek alapvet\u0151 adatokat szolg\u00e1ltatnak arr\u00f3l, hogy a k\u00fcl\u00f6nb\u00f6z\u0151 csomagol\u00f3anyagok mennyire k\u00e9pesek ellen\u00e1llni a k\u00fcls\u0151 er\u0151knek, ami kritikus fontoss\u00e1g\u00fa a term\u00e9kbiztons\u00e1g \u00e9s az ipari szabv\u00e1nyoknak val\u00f3 megfelel\u00e9s biztos\u00edt\u00e1sa szempontj\u00e1b\u00f3l.<\/p>\n<h3><strong>M\u0171szaki jellemz\u0151k<\/strong><\/h3>\n<ol>\n<li><strong>Felhaszn\u00e1l\u00f3bar\u00e1t HMI \u00e9rint\u0151k\u00e9perny\u0151<\/strong>: Egyszer\u0171s\u00edti a param\u00e9terek be\u00e1ll\u00edt\u00e1s\u00e1t \u00e9s a tesztel\u00e9si m\u0171veleteket a k\u00f6nny\u0171 haszn\u00e1lat \u00e9rdek\u00e9ben.<\/li>\n<li><strong>Ipari szint\u0171 PLC vez\u00e9rl\u0151rendszer<\/strong>: Megb\u00edzhat\u00f3 \u00e9s pontos ellen\u0151rz\u00e9st biztos\u00edt a tesztel\u00e9s sor\u00e1n.<\/li>\n<li><strong>K\u00e9t vizsg\u00e1lati m\u00f3d<\/strong>: Maxim\u00e1lis felszak\u00edt\u00e1si er\u0151 \u00e9s \u00e1lland\u00f3 nyom\u00e1s\u00e1ll\u00f3s\u00e1g.<\/li>\n<li><strong>Automatikus \u00e1lland\u00f3 nyom\u00e1skompenz\u00e1ci\u00f3<\/strong>: Dinamikusan \u00e1ll\u00edtja be a nyom\u00e1st a vizsg\u00e1lati pontoss\u00e1g fenntart\u00e1sa \u00e9rdek\u00e9ben.<\/li>\n<li><strong>Adatstatisztika<\/strong>: Automatikus adatgy\u0171jt\u00e9s \u00e9s elemz\u00e9s az egyszer\u0171s\u00edtett jelent\u00e9sk\u00e9sz\u00edt\u00e9shez.<\/li>\n<li><strong>Folyad\u00e9kgy\u0171jt\u0151 eszk\u00f6z<\/strong>: Megakad\u00e1lyozza a szennyez\u0151d\u00e9st a minta felszakad\u00e1sa sor\u00e1n.<\/li>\n<li><strong>Testreszabhat\u00f3 nem szabv\u00e1nyos tesztm\u00e9retek<\/strong>: Testre szabja a tesztel\u00e9si k\u00e9pess\u00e9geket az egyedi ig\u00e9nyeknek megfelel\u0151en.<\/li>\n<li><strong>Opcion\u00e1lis RS232 port \u00e9s szoftver<\/strong>: Fejlett adatelemz\u00e9si \u00e9s integr\u00e1ci\u00f3s lehet\u0151s\u00e9geket biztos\u00edt.<\/li>\n<\/ol>\n<h3><strong>F\u0151 param\u00e9terek<\/strong><\/h3>\n<table>\n<tbody>\n<tr>\n<td style=\"text-align: center;\" width=\"175\">M\u00e9r\u00e9si tartom\u00e1ny<\/td>\n<td style=\"text-align: center;\" width=\"277\">2000N (egy\u00e9b opcion\u00e1lis)<\/td>\n<\/tr>\n<tr>\n<td style=\"text-align: center;\" width=\"175\">M\u00e9r\u00e9si pontoss\u00e1g<\/td>\n<td style=\"text-align: center;\" width=\"277\">0.5%<\/td>\n<\/tr>\n<tr>\n<td style=\"text-align: center;\" width=\"175\">Id\u0151tartom\u00e1ny<\/td>\n<td style=\"text-align: center;\" width=\"277\">0~10000S<\/td>\n<\/tr>\n<tr>\n<td style=\"text-align: center;\" width=\"175\">Lemez m\u00e9rete<\/td>\n<td style=\"text-align: center;\" width=\"277\">250mm * 300mm (testre szabhat\u00f3)<\/td>\n<\/tr>\n<tr>\n<td style=\"text-align: center;\" width=\"175\">T\u00e1pegys\u00e9g<\/td>\n<td style=\"text-align: center;\" width=\"277\">220V, 50HZ<\/td>\n<\/tr>\n<tr>\n<td style=\"text-align: center;\" width=\"175\">Dimenzi\u00f3<\/td>\n<td style=\"text-align: center;\" width=\"277\">460mm*410mm*590mm<\/td>\n<\/tr>\n<\/tbody>\n<\/table>\n<h2><strong>GYIK<\/strong><\/h2>\n<ol>\n<li><strong>Milyen t\u00edpus\u00fa anyagokat tud \u00e9rt\u00e9kelni a Bag Compression Tester?<\/strong>\n<ul>\n<li>A teszter sz\u00e1mos anyagot k\u00e9pes \u00e9rt\u00e9kelni, bele\u00e9rtve a kompozit f\u00f3li\u00e1kat, m\u0171anyag zacsk\u00f3kat, valamint az \u00e9lelmiszerekben, gy\u00f3gyszerekben \u00e9s kozmetikumokban haszn\u00e1lt tart\u00e1lyokat.<\/li>\n<\/ul>\n<\/li>\n<li><strong>Miben k\u00fcl\u00f6nb\u00f6zik a csomag t\u00f6m\u00f6r\u00edt\u00e9si teszt a t\u00f6bbi t\u00f6m\u00f6r\u00edt\u00e9si tesztt\u0151l?<\/strong>\n<ul>\n<li>A csomagol\u00e1s \u00f6sszenyom\u00f3d\u00e1si tesztje kifejezetten azt \u00e9rt\u00e9keli, hogy a csomagol\u00e1s k\u00e9pes-e ellen\u00e1llni a sz\u00e1ll\u00edt\u00e1s \u00e9s t\u00e1rol\u00e1s sor\u00e1n fell\u00e9p\u0151 er\u0151knek, a val\u00f3s alkalmaz\u00e1sokra \u00f6sszpontos\u00edtva.<\/li>\n<\/ul>\n<\/li>\n<li><strong>Testre lehet-e szabni a zs\u00e1kt\u00f6m\u00f6r\u00edt\u00e9si tesztel\u0151t az egyedi vizsg\u00e1lati k\u00f6vetelm\u00e9nyekhez?<\/strong>\n<ul>\n<li>Igen, a zs\u00e1kt\u00f6m\u00f6r\u00edt\u00e9si tesztel\u0151 testre szabhat\u00f3, hogy nem szabv\u00e1nyos vizsg\u00e1lati m\u00e9retekhez \u00e9s speci\u00e1lis anyagokhoz igazodjon.<\/li>\n<\/ul>\n<\/li>\n<li><strong>Mekkora a maxim\u00e1lis er\u0151, amelyet a tesztel\u0151 m\u00e9rni tud?<\/strong>\n<ul>\n<li>A szabv\u00e1nyos m\u00e9r\u00e9si tartom\u00e1ny 2000N, a nagyobb kapacit\u00e1s\u00fa m\u00e9r\u00e9sekhez opci\u00f3k \u00e1llnak rendelkez\u00e9sre.<\/li>\n<\/ul>\n<\/li>\n<li><strong>Hogyan jav\u00edtja a val\u00f3s idej\u0171 adatgy\u0171jt\u00e9s a tesztel\u00e9s pontoss\u00e1g\u00e1t?<\/strong>\n<ul>\n<li>A val\u00f3s idej\u0171 adatgy\u0171jt\u00e9s lehet\u0151v\u00e9 teszi a terhel\u00e9s alatti anyagteljes\u00edtm\u00e9ny azonnali elemz\u00e9s\u00e9t, n\u00f6velve a vizsg\u00e1lati eredm\u00e9nyek pontoss\u00e1g\u00e1t \u00e9s megb\u00edzhat\u00f3s\u00e1g\u00e1t.<\/li>\n<\/ul>\n<\/li>\n<\/ol>\n<p>A zacsk\u00f3t\u00f6m\u00f6rs\u00e9g-vizsg\u00e1l\u00f3 n\u00e9lk\u00fcl\u00f6zhetetlen a csomagol\u00e1s min\u0151s\u00e9g\u00e9nek jav\u00edt\u00e1s\u00e1hoz \u00e9s annak biztos\u00edt\u00e1s\u00e1hoz, hogy a term\u00e9kek ellen\u00e1lljanak a k\u00fcl\u00f6nb\u00f6z\u0151 nyom\u00e1soknak a sz\u00e1ll\u00edt\u00e1s sor\u00e1n. Ha a gy\u00e1rt\u00f3k beruh\u00e1znak ebbe a cs\u00facstechnol\u00f3gi\u00e1s vizsg\u00e1l\u00f3berendez\u00e9sbe, jelent\u0151sen cs\u00f6kkenthetik a csomagol\u00e1si hib\u00e1k kock\u00e1zat\u00e1t, megv\u00e9dhetik term\u00e9keiket, \u00e9s meg\u0151rizhetik h\u00edrnev\u00fcket a piacon.<\/p>","protected":false},"excerpt":{"rendered":"<p>A zacsk\u00f3t\u00f6m\u00f6rs\u00e9g-vizsg\u00e1l\u00f3 a csomagol\u00f3anyagok min\u0151s\u00e9gbiztos\u00edt\u00e1s\u00e1nak elengedhetetlen eszk\u00f6ze. Mivel a csomagol\u00e1s s\u00e9rtetlens\u00e9ge kritikus fontoss\u00e1g\u00fa a term\u00e9kbiztons\u00e1g \u00e9s a hat\u00e9konys\u00e1g biztos\u00edt\u00e1s\u00e1ban, ez a m\u0171szer kulcsfontoss\u00e1g\u00fa szerepet j\u00e1tszik k\u00fcl\u00f6nb\u00f6z\u0151 ipar\u00e1gakban, bele\u00e9rtve az \u00e9lelmiszer-, gy\u00f3gyszer-, kozmetikai \u00e9s orvosi csomagol\u00e1st. A k\u00fcl\u00f6nb\u00f6z\u0151 csomagol\u00f3anyagok tart\u00f3ss\u00e1g\u00e1nak \u00e9s teljes\u00edtm\u00e9ny\u00e9nek \u00e9rt\u00e9kel\u00e9s\u00e9re tervezett Bag Compression Tester biztos\u00edtja, hogy a term\u00e9kek ellen\u00e1lljanak a sz\u00e1ll\u00edt\u00e1s \u00e9s a t\u00e1rol\u00e1s viszontags\u00e1gainak.<\/p>","protected":false},"featured_media":6245,"comment_status":"closed","ping_status":"closed","template":"","meta":{"site-sidebar-layout":"default","site-content-layout":"default","ast-global-header-display":"","ast-main-header-display":"","ast-hfb-above-header-display":"","ast-hfb-below-header-display":"","ast-hfb-mobile-header-display":"","site-post-title":"","ast-breadcrumbs-content":"","ast-featured-img":"","footer-sml-layout":"","theme-transparent-header-meta":"default","adv-header-id-meta":"","stick-header-meta":"","header-above-stick-meta":"","header-main-stick-meta":"","header-below-stick-meta":""},"product_cat":[1069,1068,953,956,955,845,1065,1064,1067,1066,1159,965,954,957,958,952,959,1070,17,149,16,160,161,162,163,164,165,166,167,168,169,170,171,172,173,95],"product_tag":[],"class_list":{"0":"post-5134","1":"product","2":"type-product","3":"status-publish","4":"has-post-thumbnail","6":"product_cat-astm-d4169","7":"product_cat-astm-d642","8":"product_cat-bursting-tester","9":"product_cat-cobb-tester","10":"product_cat-crush-tester","11":"product_cat-customization","12":"product_cat-iso-12048","13":"product_cat-iso-2234","14":"product_cat-iso-2872","15":"product_cat-iso-2874","16":"product_cat-jis-z0212","17":"product_cat-package-compression-tester","18":"product_cat-paper-tear-tester","19":"product_cat-plybond-tester","20":"product_cat-puncture-tester","21":"product_cat-rub-tester","22":"product_cat-stiffness-tester","23":"product_cat-tappi-t804","24":"product_cat-package-container-testers","25":"product_cat-pharma-and-medical-testers","26":"product_cat-plastic-packaging-testers","27":"product_cat-iso-3034","28":"product_cat-iso-37","29":"product_cat-iso-4593","30":"product_cat-iso-5084","31":"product_cat-iso-534","32":"product_cat-iso-6383","33":"product_cat-iso-6710","34":"product_cat-iso-719","35":"product_cat-iso-720","36":"product_cat-iso-7765-1","37":"product_cat-iso-8295","38":"product_cat-iso-8510-2","39":"product_cat-iso-9073-2","40":"product_cat-iso-9187","41":"product_cat-products","42":"desktop-align-left","43":"tablet-align-left","44":"mobile-align-left","46":"first","47":"instock","48":"shipping-taxable","49":"product-type-simple"},"_links":{"self":[{"href":"https:\/\/www.qualitester.com\/hu\/wp-json\/wp\/v2\/product\/5134","targetHints":{"allow":["GET"]}}],"collection":[{"href":"https:\/\/www.qualitester.com\/hu\/wp-json\/wp\/v2\/product"}],"about":[{"href":"https:\/\/www.qualitester.com\/hu\/wp-json\/wp\/v2\/types\/product"}],"replies":[{"embeddable":true,"href":"https:\/\/www.qualitester.com\/hu\/wp-json\/wp\/v2\/comments?post=5134"}],"version-history":[{"count":0,"href":"https:\/\/www.qualitester.com\/hu\/wp-json\/wp\/v2\/product\/5134\/revisions"}],"wp:featuredmedia":[{"embeddable":true,"href":"https:\/\/www.qualitester.com\/hu\/wp-json\/wp\/v2\/media\/6245"}],"wp:attachment":[{"href":"https:\/\/www.qualitester.com\/hu\/wp-json\/wp\/v2\/media?parent=5134"}],"wp:term":[{"taxonomy":"product_cat","embeddable":true,"href":"https:\/\/www.qualitester.com\/hu\/wp-json\/wp\/v2\/product_cat?post=5134"},{"taxonomy":"product_tag","embeddable":true,"href":"https:\/\/www.qualitester.com\/hu\/wp-json\/wp\/v2\/product_tag?post=5134"}],"curies":[{"name":"wp","href":"https:\/\/api.w.org\/{rel}","templated":true}]}}