{"id":5124,"date":"2024-10-29T16:56:05","date_gmt":"2024-10-29T08:56:05","guid":{"rendered":"https:\/\/www.qualitester.com\/?post_type=product&#038;p=5124"},"modified":"2024-12-05T12:00:24","modified_gmt":"2024-12-05T04:00:24","slug":"sale-syringe-plunger-glide-force-tester","status":"publish","type":"product","link":"https:\/\/www.qualitester.com\/hu\/termek\/sale-syringe-plunger-glide-force-tester\/","title":{"rendered":"MST-01 Orvosi fecskend\u0151 tesztel\u0151"},"content":{"rendered":"<p>A <strong>Fecskend\u0151 dugatty\u00fa dugatty\u00fa cs\u00fasz\u00e1si er\u0151m\u00e9r\u0151je<\/strong> egy speci\u00e1lis m\u0171szer, amelyet az injekci\u00f3s fecskend\u0151k dugatty\u00faj\u00e1nak m\u0171k\u00f6dtet\u00e9s\u00e9hez sz\u00fcks\u00e9ges er\u0151 m\u00e9r\u00e9s\u00e9re terveztek, biztos\u00edtva ezzel a betegell\u00e1t\u00e1sban haszn\u00e1lt orvostechnikai eszk\u00f6z\u00f6k min\u0151s\u00e9g\u00e9t \u00e9s biztons\u00e1g\u00e1t. A pontoss\u00e1gra \u00e9s az ipari szabv\u00e1nyoknak val\u00f3 megfelel\u00e9sre \u00f6sszpontos\u00edtva ez a tesztel\u0151 n\u00e9lk\u00fcl\u00f6zhetetlen az orvosi csomagol\u00e1si \u00e9s gy\u00f3gyszeripari tesztel\u00e9sben, mivel pontos \u00e9rt\u00e9kel\u00e9st ny\u00fajt a fecskend\u0151 teljes\u00edtm\u00e9ny\u00e9r\u0151l. Az olyan kulcsfontoss\u00e1g\u00fa m\u00e9r\u0151sz\u00e1mok meghat\u00e1roz\u00e1s\u00e1val, mint a dugatty\u00fa cs\u00fasz\u00e1si ereje \u00e9s a dugatty\u00fa cs\u00fasz\u00e1si ereje, ez a m\u0171szer n\u00e9lk\u00fcl\u00f6zhetetlen a gy\u00e1rt\u00f3k sz\u00e1m\u00e1ra, akiknek c\u00e9lja, hogy megfeleljenek a szab\u00e1lyoz\u00e1si k\u00f6vetelm\u00e9nyeknek \u00e9s biztons\u00e1gos term\u00e9keket adjanak \u00e1t a v\u00e9gfelhaszn\u00e1l\u00f3knak.<\/p>\n<h2>ISO 7886-1 megfelel\u00e9s \u00e9s annak fontoss\u00e1ga<\/h2>\n<p>A fecskend\u0151 dugatty\u00fa cs\u00fasz\u00e1si er\u0151m\u00e9r\u0151je teljes m\u00e9rt\u00e9kben megfelel a k\u00f6vetkez\u0151knek <a href=\"https:\/\/www.iso.org\/standard\/64790.html\" target=\"_blank\" rel=\"noopener nofollow\"><strong>ISO 7886-1<\/strong><\/a>, a steril, egyszer haszn\u00e1latos injekci\u00f3s fecskend\u0151k tervez\u00e9s\u00e9t \u00e9s vizsg\u00e1lat\u00e1t szab\u00e1lyoz\u00f3 nemzetk\u00f6zi szabv\u00e1ny. <a href=\"https:\/\/www.qualitester.com\/hu\/termekkategoria-2\/iso\/iso-7886-1\/\" target=\"_blank\" rel=\"noopener\">ISO 7886-1<\/a> meghat\u00e1rozza a fecskend\u0151 funkcionalit\u00e1s\u00e1nak \u00e9rt\u00e9kel\u00e9si m\u00f3dszereit, bele\u00e9rtve a cs\u00fasz\u00e1si er\u0151 m\u00e9r\u00e9s\u00e9t is, a fecskend\u0151 haszn\u00e1lhat\u00f3s\u00e1g\u00e1nak \u00e9s teljes\u00edtm\u00e9ny\u00e9nek biztos\u00edt\u00e1sa \u00e9rdek\u00e9ben, v\u00e1ltozatos k\u00f6r\u00fclm\u00e9nyek k\u00f6z\u00f6tt. Az ISO 7886-1 szabv\u00e1nynak megfelel\u0151 tesztel\u00e9s nemcsak a felhaszn\u00e1l\u00f3i biztons\u00e1got seg\u00edti, hanem a gy\u00e1rt\u00f3knak is seg\u00edts\u00e9get ny\u00fajt a piaci j\u00f3v\u00e1hagy\u00e1shoz sz\u00fcks\u00e9ges szab\u00e1lyoz\u00e1si el\u0151\u00edr\u00e1sok betart\u00e1s\u00e1ban.<\/p>\n<h2>Sokoldal\u00fa vizsg\u00e1lati m\u00f3dszerek<\/h2>\n<p>Ez a <strong>Fecskend\u0151 dugatty\u00fa dugatty\u00fa cs\u00fasz\u00e1si er\u0151m\u00e9r\u0151je<\/strong> sz\u00e1mos vizsg\u00e1lati m\u00f3dszert k\u00edn\u00e1l a fecskend\u0151 teljes\u00edtm\u00e9ny\u00e9nek t\u00f6bb szempont\u00fa \u00e9rt\u00e9kel\u00e9s\u00e9re, t\u00f6bbek k\u00f6z\u00f6tt, de nem kiz\u00e1r\u00f3lagosan:<\/p>\n<ul>\n<li><strong>Dugatty\u00fa cs\u00fasz\u00e1si er\u0151 m\u00e9r\u00e9se<\/strong>: Pontosan m\u00e9ri a fecskend\u0151 dugatty\u00faj\u00e1nak m\u0171k\u00f6dtet\u00e9s\u00e9hez sz\u00fcks\u00e9ges er\u0151t, ami kritikus a sima \u00e9s egyenletes sikl\u00e1s biztos\u00edt\u00e1s\u00e1hoz.<\/li>\n<li><strong>Fecskend\u0151 cs\u00fasz\u00f3 ellen\u00e1ll\u00e1s teszt<\/strong>: \u00c9rt\u00e9keli az ellen\u00e1ll\u00e1st a dugatty\u00fa mozg\u00e1sa sor\u00e1n a s\u00farl\u00f3d\u00e1si szintek felm\u00e9r\u00e9se \u00e9s az optim\u00e1lis m\u0171k\u00f6d\u00e9s biztos\u00edt\u00e1sa \u00e9rdek\u00e9ben.<\/li>\n<li><strong>Folyad\u00e9k sziv\u00e1rg\u00e1svizsg\u00e1lat<\/strong>: Ez a vizsg\u00e1lat kompresszi\u00f3 alatt azonos\u00edtja a dugatty\u00fa dug\u00f3j\u00e1nak esetleges sziv\u00e1rg\u00e1s\u00e1t, \u00e9s ellen\u0151rzi a fecskend\u0151 integrit\u00e1s\u00e1t nyom\u00e1s alatt.<\/li>\n<li><strong>T\u0171 behatol\u00e1si teszt<\/strong>: Meghat\u00e1rozza a t\u0171 behatol\u00e1s\u00e1hoz sz\u00fcks\u00e9ges er\u0151t, t\u00e1mogatva a biztons\u00e1gos \u00e9s hat\u00e9kony fecskend\u0151haszn\u00e1latot.<\/li>\n<li><strong>A dugatty\u00fa kih\u00faz\u00e1si tesztje<\/strong>: A dugatty\u00fa kih\u00faz\u00e1s\u00e1hoz sz\u00fcks\u00e9ges er\u0151 m\u00e9r\u00e9se, a fecskend\u0151 szerkezeti rugalmass\u00e1g\u00e1nak \u00e9s a felhaszn\u00e1l\u00f3 biztons\u00e1g\u00e1nak vizsg\u00e1lata.<\/li>\n<\/ul>\n<p>Ezek a vizsg\u00e1latok \u00e1tfog\u00f3 k\u00e9pet ny\u00fajtanak a fecskend\u0151 mechanikai tulajdons\u00e1gair\u00f3l, biztos\u00edtva a megb\u00edzhat\u00f3s\u00e1got \u00e9s biztons\u00e1got a v\u00e9gfelhaszn\u00e1l\u00f3i alkalmaz\u00e1s sor\u00e1n.<\/p>\n<h2>Sz\u00e9lesk\u00f6r\u0171 alkalmaz\u00e1sok az ipar\u00e1gakban<\/h2>\n<p>A <strong>Fecskend\u0151 dugatty\u00fa dugatty\u00fa cs\u00fasz\u00e1si er\u0151m\u00e9r\u0151je<\/strong> sz\u00e9les k\u00f6rben haszn\u00e1lj\u00e1k az al\u00e1bbi ipar\u00e1gakban:<\/p>\n<ul>\n<li><strong>Orvosi csomagol\u00e1s<\/strong>: Biztos\u00edtja, hogy a fecskend\u0151k megfeleljenek a sz\u00fcks\u00e9ges mechanikai szabv\u00e1nyoknak.<\/li>\n<li><strong>Gy\u00f3gyszeripari tesztel\u00e9s<\/strong>: Valid\u00e1lja a fecskend\u0151 teljes\u00edtm\u00e9ny\u00e9t, seg\u00edtve a gy\u00f3gyszeripari v\u00e1llalatokat a term\u00e9kmin\u0151s\u00e9g garant\u00e1l\u00e1s\u00e1ban.<\/li>\n<li><strong>Min\u0151s\u00e9gellen\u0151rz\u0151 \u00fcgyn\u00f6ks\u00e9gek<\/strong>: Szab\u00e1lyoz\u00e1si biztos\u00edt\u00e9kot ny\u00fajt annak meger\u0151s\u00edt\u00e9s\u00e9vel, hogy az orvosi fecskend\u0151k megfelelnek a biztons\u00e1gi el\u0151\u00edr\u00e1soknak.<\/li>\n<\/ul>\n<p>Ezeken az alkalmaz\u00e1sokon kereszt\u00fcl a tesztel\u0151 t\u00e1mogatja a min\u0151s\u00e9gellen\u0151rz\u00e9si er\u0151fesz\u00edt\u00e9seket, \u00edgy a gy\u00e1rt\u00f3k \u00e9s a szab\u00e1lyoz\u00f3 szervek megb\u00edzhatnak a fecskend\u0151 funkcionalit\u00e1s\u00e1ban \u00e9s biztons\u00e1g\u00e1ban.<\/p>\n<h2>Legfontosabb el\u0151ny\u00f6k<\/h2>\n<ul>\n<li><strong>T\u00f6bbfunkci\u00f3s tesztel\u00e9s<\/strong>: Ez a k\u00e9sz\u00fcl\u00e9k egyetlen g\u00e9pbe \u00e1gyazva t\u00f6bb tesztprogrammal k\u00f6lts\u00e9ghat\u00e9kony \u00e9s sokoldal\u00faan alkalmazhat\u00f3 a k\u00fcl\u00f6nb\u00f6z\u0151 min\u0151s\u00e9gbiztos\u00edt\u00e1si feladatokhoz.<\/li>\n<li><strong>Felhaszn\u00e1l\u00f3 \u00e1ltal meghat\u00e1rozott programtervez\u00e9s<\/strong>: Egyedi tesztel\u00e9si programok \u00e1llnak rendelkez\u00e9sre, hogy megfeleljenek a konkr\u00e9t felhaszn\u00e1l\u00f3i k\u00f6vetelm\u00e9nyeknek, k\u00fcl\u00f6nb\u00f6z\u0151 fecskend\u0151 t\u00edpusok \u00e9s m\u00e9retek eset\u00e9n.<\/li>\n<li><strong>Szabv\u00e1nynak megfelel\u0151 folyamatok<\/strong>: A vizsg\u00e1lati folyamatok szigor\u00faan megfelelnek az ISO-szabv\u00e1nyoknak, ami el\u0151seg\u00edti a megb\u00edzhat\u00f3 \u00e9s konzisztens eredm\u00e9nyeket a t\u00e9telek k\u00f6z\u00f6tt.<\/li>\n<li><strong>Rugalmass\u00e1g a k\u00fcl\u00f6nb\u00f6z\u0151 orvosi anyagokhoz<\/strong>: Alkalmazkodik az orvosi vizsg\u00e1latok egyedi ig\u00e9nyeihez, \u00edgy jav\u00edtja haszn\u00e1lhat\u00f3s\u00e1g\u00e1t az orvosi alkalmaz\u00e1sok sz\u00e9les sk\u00e1l\u00e1j\u00e1n.<\/li>\n<\/ul>\n<h2>Fejlett m\u0171szaki jellemz\u0151k<\/h2>\n<p>A fecskend\u0151 dugatty\u00facs\u00fasz\u00e1sm\u00e9r\u0151 a legmodernebb m\u0171szaki jellemz\u0151kkel rendelkezik a pontoss\u00e1g \u00e9s a k\u00f6nny\u0171 haszn\u00e1lat biztos\u00edt\u00e1sa \u00e9rdek\u00e9ben:<\/p>\n<ul>\n<li><strong>PLC vez\u00e9rl\u0151egys\u00e9g<\/strong>: Biztos\u00edtja az \u00f6sszes vizsg\u00e1lati param\u00e9ter pontos ellen\u0151rz\u00e9s\u00e9t \u00e9s fel\u00fcgyelet\u00e9t, megb\u00edzhat\u00f3 \u00e9s megism\u00e9telhet\u0151 vizsg\u00e1lati eredm\u00e9nyeket k\u00edn\u00e1lva.<\/li>\n<li><strong>7 h\u00fcvelykes HMI \u00e9rint\u0151k\u00e9perny\u0151<\/strong>: Felhaszn\u00e1l\u00f3bar\u00e1t kezel\u0151fel\u00fcletet biztos\u00edt, amely lehet\u0151v\u00e9 teszi a kezel\u0151k sz\u00e1m\u00e1ra, hogy k\u00f6nnyed\u00e9n be\u00e1ll\u00edts\u00e1k \u00e9s nyomon k\u00f6vess\u00e9k a teszteket.<\/li>\n<li><strong>Prec\u00edzi\u00f3s goly\u00f3scsavaros mechanizmus<\/strong>: N\u00f6veli a sebess\u00e9get \u00e9s az elmozdul\u00e1s pontoss\u00e1g\u00e1t a megb\u00edzhat\u00f3 vizsg\u00e1lati felt\u00e9telek \u00e9rdek\u00e9ben.<\/li>\n<li><strong>V\u00e1ltoztathat\u00f3 vizsg\u00e1lati sebess\u00e9g<\/strong>: 1 \u00e9s 500 mm\/perc k\u00f6z\u00f6tt \u00e1ll\u00edthat\u00f3, lehet\u0151v\u00e9 t\u00e9ve a testre szabott megk\u00f6zel\u00edt\u00e9st a vizsg\u00e1lati k\u00f6vetelm\u00e9nyekt\u0151l f\u00fcgg\u0151en.<\/li>\n<li><strong>Biztons\u00e1gi jellemz\u0151k<\/strong>: Tartalmaz helyzetkorl\u00e1toz\u00f3kat, t\u00falterhel\u00e9s elleni v\u00e9delmet \u00e9s automatikus visszat\u00e9r\u00e9si funkci\u00f3t a k\u00e1rok megel\u0151z\u00e9se \u00e9s a kezel\u0151 biztons\u00e1ga \u00e9rdek\u00e9ben.<\/li>\n<\/ul>\n<h2>Testreszabhat\u00f3 bilincsek speci\u00e1lis vizsg\u00e1latokhoz<\/h2>\n<p>A fecskend\u0151 dugatty\u00facs\u00fasztat\u00f3 cs\u00fasz\u00e1si er\u0151m\u00e9r\u0151 ig\u00e9ny szerint testreszabhat\u00f3 bilincsekkel rendelkezik, amelyek a k\u00fcl\u00f6nb\u00f6z\u0151 fecskend\u0151-kialak\u00edt\u00e1sokhoz illeszkednek. Ez a rugalmass\u00e1g lehet\u0151v\u00e9 teszi a felhaszn\u00e1l\u00f3k sz\u00e1m\u00e1ra, hogy a k\u00e9sz\u00fcl\u00e9ket k\u00fcl\u00f6nb\u00f6z\u0151 konfigur\u00e1ci\u00f3khoz igaz\u00edts\u00e1k, biztos\u00edtva, hogy minden vizsg\u00e1lat pontos, relev\u00e1ns \u00e9s megb\u00edzhat\u00f3 legyen.<\/p>\n<h2>F\u0151 param\u00e9terek<\/h2>\n<table>\n<thead>\n<tr>\n<th>Param\u00e9ter<\/th>\n<th>Specifik\u00e1ci\u00f3<\/th>\n<\/tr>\n<\/thead>\n<tbody>\n<tr>\n<td style=\"text-align: center;\"><strong>Teszt tartom\u00e1ny<\/strong><\/td>\n<td style=\"text-align: center;\">50N (sz\u00fcks\u00e9g szerint testre szabhat\u00f3)<\/td>\n<\/tr>\n<tr>\n<td style=\"text-align: center;\"><strong>Stroke<\/strong><\/td>\n<td style=\"text-align: center;\">200mm (bilincs n\u00e9lk\u00fcl)<\/td>\n<\/tr>\n<tr>\n<td style=\"text-align: center;\"><strong>Teszt sebess\u00e9g<\/strong><\/td>\n<td style=\"text-align: center;\">1~500 mm\/min<\/td>\n<\/tr>\n<tr>\n<td style=\"text-align: center;\"><strong>Elmozdul\u00e1s pontoss\u00e1ga<\/strong><\/td>\n<td style=\"text-align: center;\">0,01 mm<\/td>\n<\/tr>\n<tr>\n<td style=\"text-align: center;\"><strong>\u00c1ltal\u00e1nos pontoss\u00e1g<\/strong><\/td>\n<td style=\"text-align: center;\">0.5% F.S.<\/td>\n<\/tr>\n<tr>\n<td style=\"text-align: center;\"><strong>Kimeneti lehet\u0151s\u00e9gek<\/strong><\/td>\n<td style=\"text-align: center;\">K\u00e9perny\u0151, mikronyomtat\u00f3, RS232 (opcion\u00e1lis)<\/td>\n<\/tr>\n<tr>\n<td style=\"text-align: center;\"><strong>T\u00e1pegys\u00e9g<\/strong><\/td>\n<td style=\"text-align: center;\">110~220V<\/td>\n<\/tr>\n<\/tbody>\n<\/table>\n<h2>GYIK<\/h2>\n<ol>\n<li><strong>Mi a c\u00e9lja a fecskend\u0151 dugatty\u00fa cs\u00fasz\u00e1si er\u0151m\u00e9r\u0151j\u00e9nek?<\/strong>\n<ul>\n<li>A fecskend\u0151 dugatty\u00faj\u00e1nak mozgat\u00e1s\u00e1hoz sz\u00fcks\u00e9ges er\u0151t m\u00e9ri, biztos\u00edtva a zavartalan m\u0171k\u00f6d\u00e9s \u00e9s a betegbiztons\u00e1g \u00e9rdek\u00e9ben a min\u0151s\u00e9gi el\u0151\u00edr\u00e1soknak val\u00f3 megfelel\u00e9st.<\/li>\n<\/ul>\n<\/li>\n<li><strong>Hogyan felel meg ez a tesztel\u0151 az ISO 7886-1 szabv\u00e1nynak?<\/strong>\n<ul>\n<li>A tesztel\u0151 megfelel az ISO 7886-1 k\u00f6vetelm\u00e9nyeinek, \u00e9s szabv\u00e1nyos\u00edtott vizsg\u00e1lati m\u00f3dszereket k\u00edn\u00e1l a fecskend\u0151 teljes\u00edtm\u00e9ny\u00e9nek \u00e9s haszn\u00e1lhat\u00f3s\u00e1g\u00e1nak ellen\u0151rz\u00e9s\u00e9re.<\/li>\n<\/ul>\n<\/li>\n<li><strong>A teszter alkalmas k\u00fcl\u00f6nb\u00f6z\u0151 fecskend\u0151-kialak\u00edt\u00e1s\u00fa fecskend\u0151kh\u00f6z?<\/strong>\n<ul>\n<li>Igen, a teszter testreszabhat\u00f3 bilincseket tartalmaz, amelyek k\u00fcl\u00f6nb\u00f6z\u0151 fecskend\u0151-kialak\u00edt\u00e1sokhoz alkalmazkodnak, lehet\u0151v\u00e9 t\u00e9ve a rugalmas tesztel\u00e9st.<\/li>\n<\/ul>\n<\/li>\n<li><strong>Milyen t\u00edpus\u00fa vizsg\u00e1latokat lehet elv\u00e9gezni ezzel a m\u0171szerrel?<\/strong>\n<ul>\n<li>A vizsg\u00e1latok k\u00f6z\u00e9 tartozik a dugatty\u00fa cs\u00fasz\u00e1si ereje, a fecskend\u0151 cs\u00fasz\u00e1si ellen\u00e1ll\u00e1sa, a folyad\u00e9ksziv\u00e1rg\u00e1s, a t\u0171 behatol\u00e1sa \u00e9s a dugatty\u00fa kih\u00faz\u00e1sa.<\/li>\n<\/ul>\n<\/li>\n<li><strong>Hogyan t\u00f6rt\u00e9nik az adatkimenet kezel\u00e9se?<\/strong>\n<ul>\n<li>Az adatokat k\u00e9perny\u0151re, mikronyomtat\u00f3ra vagy RS232 interf\u00e9szre lehet ki\u00edrni, \u00edgy t\u00f6bbf\u00e9le m\u00f3don lehet r\u00f6gz\u00edteni \u00e9s elemezni az eredm\u00e9nyeket.<\/li>\n<\/ul>\n<\/li>\n<\/ol>","protected":false},"excerpt":{"rendered":"<p>A <strong>Fecskend\u0151 dugatty\u00fa dugatty\u00fa cs\u00fasz\u00e1si er\u0151m\u00e9r\u0151je<\/strong> egy speci\u00e1lis m\u0171szer, amelyet az injekci\u00f3s fecskend\u0151k dugatty\u00faj\u00e1nak m\u0171k\u00f6dtet\u00e9s\u00e9hez sz\u00fcks\u00e9ges er\u0151 m\u00e9r\u00e9s\u00e9re terveztek, biztos\u00edtva ezzel a betegell\u00e1t\u00e1sban haszn\u00e1lt orvostechnikai eszk\u00f6z\u00f6k min\u0151s\u00e9g\u00e9t \u00e9s biztons\u00e1g\u00e1t. A pontoss\u00e1gra \u00e9s az ipari szabv\u00e1nyoknak val\u00f3 megfelel\u00e9sre \u00f6sszpontos\u00edtva ez a tesztel\u0151 n\u00e9lk\u00fcl\u00f6zhetetlen az orvosi csomagol\u00e1si \u00e9s gy\u00f3gyszeripari tesztel\u00e9sben, mivel pontos \u00e9rt\u00e9kel\u00e9st ny\u00fajt a fecskend\u0151 teljes\u00edtm\u00e9ny\u00e9r\u0151l. Az olyan kulcsfontoss\u00e1g\u00fa m\u00e9r\u0151sz\u00e1mok meghat\u00e1roz\u00e1s\u00e1val, mint a dugatty\u00fa cs\u00fasz\u00e1si ereje \u00e9s a dugatty\u00fa cs\u00fasz\u00e1si ereje, ez a m\u0171szer n\u00e9lk\u00fcl\u00f6zhetetlen a gy\u00e1rt\u00f3k sz\u00e1m\u00e1ra, akiknek c\u00e9lja, hogy megfeleljenek a szab\u00e1lyoz\u00e1si k\u00f6vetelm\u00e9nyeknek \u00e9s biztons\u00e1gos term\u00e9keket adjanak \u00e1t a v\u00e9gfelhaszn\u00e1l\u00f3knak.<\/p>","protected":false},"featured_media":6220,"comment_status":"closed","ping_status":"closed","template":"","meta":{"site-sidebar-layout":"default","site-content-layout":"default","ast-global-header-display":"","ast-main-header-display":"","ast-hfb-above-header-display":"","ast-hfb-below-header-display":"","ast-hfb-mobile-header-display":"","site-post-title":"","ast-breadcrumbs-content":"","ast-featured-img":"","footer-sml-layout":"","theme-transparent-header-meta":"default","adv-header-id-meta":"","stick-header-meta":"","header-above-stick-meta":"","header-main-stick-meta":"","header-below-stick-meta":""},"product_cat":[679,845,1121,1122,1053,1120,1123,1124,149,95],"product_tag":[],"class_list":{"0":"post-5124","1":"product","2":"type-product","3":"status-publish","4":"has-post-thumbnail","6":"product_cat-tensile-tester","7":"product_cat-customization","8":"product_cat-iso-11040-4","9":"product_cat-iso-11608-5","10":"product_cat-iso-7886-1","11":"product_cat-iso-8537","12":"product_cat-usp","13":"product_cat-usp-382","14":"product_cat-pharma-and-medical-testers","15":"product_cat-products","16":"desktop-align-left","17":"tablet-align-left","18":"mobile-align-left","20":"first","21":"instock","22":"shipping-taxable","23":"product-type-simple"},"_links":{"self":[{"href":"https:\/\/www.qualitester.com\/hu\/wp-json\/wp\/v2\/product\/5124","targetHints":{"allow":["GET"]}}],"collection":[{"href":"https:\/\/www.qualitester.com\/hu\/wp-json\/wp\/v2\/product"}],"about":[{"href":"https:\/\/www.qualitester.com\/hu\/wp-json\/wp\/v2\/types\/product"}],"replies":[{"embeddable":true,"href":"https:\/\/www.qualitester.com\/hu\/wp-json\/wp\/v2\/comments?post=5124"}],"version-history":[{"count":0,"href":"https:\/\/www.qualitester.com\/hu\/wp-json\/wp\/v2\/product\/5124\/revisions"}],"wp:featuredmedia":[{"embeddable":true,"href":"https:\/\/www.qualitester.com\/hu\/wp-json\/wp\/v2\/media\/6220"}],"wp:attachment":[{"href":"https:\/\/www.qualitester.com\/hu\/wp-json\/wp\/v2\/media?parent=5124"}],"wp:term":[{"taxonomy":"product_cat","embeddable":true,"href":"https:\/\/www.qualitester.com\/hu\/wp-json\/wp\/v2\/product_cat?post=5124"},{"taxonomy":"product_tag","embeddable":true,"href":"https:\/\/www.qualitester.com\/hu\/wp-json\/wp\/v2\/product_tag?post=5124"}],"curies":[{"name":"wp","href":"https:\/\/api.w.org\/{rel}","templated":true}]}}