{"id":5110,"date":"2024-10-29T16:23:12","date_gmt":"2024-10-29T08:23:12","guid":{"rendered":"https:\/\/www.qualitester.com\/?post_type=product&#038;p=5110"},"modified":"2024-12-05T11:31:23","modified_gmt":"2024-12-05T03:31:23","slug":"sale-soft-gel-capsule-hardness-tester","status":"publish","type":"product","link":"https:\/\/www.qualitester.com\/hu\/termek\/sale-soft-gel-capsule-hardness-tester\/","title":{"rendered":"CHT-01 puha g\u00e9lkapszula kem\u00e9nys\u00e9gm\u00e9r\u0151je"},"content":{"rendered":"<h2><strong>Bevezet\u00e9s a l\u00e1gy g\u00e9lkapszula kem\u00e9nys\u00e9gm\u00e9r\u0151h\u00f6z<\/strong><\/h2>\n<p>A gy\u00f3gyszeriparban \u00e9s a t\u00e1pl\u00e1lkoz\u00e1studom\u00e1nyi iparban a min\u0151s\u00e9gellen\u0151rz\u00e9s kiemelked\u0151 fontoss\u00e1g\u00fa. Kritikus fontoss\u00e1g\u00fa annak biztos\u00edt\u00e1sa, hogy a l\u00e1gyzsel\u00e9s kapszul\u00e1k a csomagol\u00e1s, a t\u00e1rol\u00e1s \u00e9s a forgalmaz\u00e1s sor\u00e1n meg\u0151rizz\u00e9k szerkezeti integrit\u00e1sukat. A <strong>L\u00e1gy g\u00e9l kapszula kem\u00e9nys\u00e9gm\u00e9r\u0151<\/strong>, k\u00fcl\u00f6n\u00f6sen a <strong>CHT-01 Kapszula \u00e9s l\u00e1gyzsel\u00e9 kem\u00e9nys\u00e9gm\u00e9r\u0151<\/strong>, egy nagy pontoss\u00e1g\u00fa m\u0171szer, amelyet a kapszula szil\u00e1rds\u00e1g\u00e1nak, rugalmass\u00e1g\u00e1nak \u00e9s \u00e1ltal\u00e1nos szil\u00e1rds\u00e1g\u00e1nak m\u00e9r\u00e9s\u00e9re terveztek. Az olyan kulcsfontoss\u00e1g\u00fa t\u00e9nyez\u0151k, mint a kem\u00e9nys\u00e9g, a deform\u00e1ci\u00f3 \u00e9s a t\u00f6m\u00edt\u00e9s er\u0151ss\u00e9ge \u00e9rt\u00e9kel\u00e9s\u00e9vel ez a tesztel\u0151 seg\u00edt a gy\u00e1rt\u00f3knak garant\u00e1lni, hogy term\u00e9keik biztons\u00e1gosak, hat\u00e9konyak \u00e9s kiv\u00e1l\u00f3 min\u0151s\u00e9g\u0171ek legyenek.<\/p>\n<h2><strong>Mi\u00e9rt \u00e9rdemes tesztelni a l\u00e1gyzsel\u00e9s kapszul\u00e1k kem\u00e9nys\u00e9g\u00e9t \u00e9s szil\u00e1rds\u00e1g\u00e1t?<\/strong><\/h2>\n<p>A l\u00e1gyzsel\u00e9s kapszul\u00e1kat sz\u00e9les k\u00f6rben haszn\u00e1lj\u00e1k vitaminok, \u00e1sv\u00e1nyi anyagok \u00e9s gy\u00f3gyszerek stabil \u00e9s v\u00e9d\u0151 zselatinh\u00e9jban t\u00f6rt\u00e9n\u0151 adagol\u00e1s\u00e1ra. E kapszul\u00e1k eset\u00e9ben az ide\u00e1lis szil\u00e1rds\u00e1gi szint fenntart\u00e1sa alapvet\u0151 fontoss\u00e1g\u00fa - nemcsak a benn\u00fck l\u00e9v\u0151 hat\u00f3anyagok v\u00e9delme, hanem a tartalom ellen\u0151rz\u00f6tt felszabadul\u00e1s\u00e1nak biztos\u00edt\u00e1sa \u00e9rdek\u00e9ben is a lenyel\u00e9skor. A kem\u00e9nys\u00e9gvizsg\u00e1latb\u00f3l kider\u00fcl, hogy a kapszula hogyan viselkedik a k\u00fcl\u00f6nb\u00f6z\u0151 k\u00f6r\u00fclm\u00e9nyek k\u00f6z\u00f6tt, a csomagol\u00e1st\u00f3l \u00e9s a sz\u00e1ll\u00edt\u00e1st\u00f3l kezdve eg\u00e9szen a fogyaszt\u00f3i \u00e9lm\u00e9nyig. A <strong>L\u00e1gy g\u00e9l kapszula kem\u00e9nys\u00e9gm\u00e9r\u0151<\/strong> l\u00e9tfontoss\u00e1g\u00fa a kapszulafalak vagy t\u00f6m\u00edt\u00e9sek gyenge pontjainak azonos\u00edt\u00e1s\u00e1hoz, \u00e9s a probl\u00e9m\u00e1k megel\u0151z\u00e9s\u00e9hez, miel\u0151tt azok a piacra ker\u00fcln\u00e9nek.<\/p>\n<h2><strong>A Soft Gel kapszula kem\u00e9nys\u00e9gm\u00e9r\u0151 f\u0151 jellemz\u0151i<\/strong><\/h2>\n<ul>\n<li><strong>Nagy pontoss\u00e1g\u00fa vizsg\u00e1lati k\u00e9pess\u00e9gek<\/strong><br \/>\nA fejlett technol\u00f3gi\u00e1val, p\u00e9ld\u00e1ul PLC vez\u00e9rl\u0151egys\u00e9ggel, prec\u00edzi\u00f3s goly\u00f3scsavarral \u00e9s l\u00e9ptet\u0151motorral felszerelt tesztel\u0151 megb\u00edzhat\u00f3 \u00e9s pontos eredm\u00e9nyeket biztos\u00edt, amelyek t\u00e1mogatj\u00e1k a szigor\u00fa min\u0151s\u00e9gi szabv\u00e1nyokat.<\/li>\n<li><strong>Sokoldal\u00fa tesztprogramok<\/strong><br \/>\nT\u00f6bb szabv\u00e1nyos programot k\u00edn\u00e1lva...<strong>Er\u0151<\/strong> (meghat\u00e1rozott er\u0151 alkalmaz\u00e1sa \u00e9s a t\u00e1vols\u00e1g m\u00e9r\u00e9se), <strong>Cs\u00facspont<\/strong> (a kapszulaszakad\u00e1shoz sz\u00fcks\u00e9ges maxim\u00e1lis er\u0151 m\u00e9r\u00e9se), \u00e9s <strong>T\u00e1vols\u00e1g<\/strong> (az er\u0151 m\u00e9r\u00e9se r\u00f6gz\u00edtett t\u00e1vols\u00e1gban) - a Soft Gel kapszula kem\u00e9nys\u00e9gm\u00e9r\u0151je \u00e1tfog\u00f3 vizsg\u00e1latot tesz lehet\u0151v\u00e9 a kapszula integrit\u00e1s\u00e1nak minden aspektus\u00e1nak meg\u00e9rt\u00e9s\u00e9hez.<\/li>\n<li><strong>Felhaszn\u00e1l\u00f3bar\u00e1t kezel\u0151fel\u00fclet \u00e9s vez\u00e9rl\u00e9s<\/strong><br \/>\nA 7 h\u00fcvelykes HMI \u00e9rint\u0151k\u00e9perny\u0151 lehet\u0151v\u00e9 teszi a felhaszn\u00e1l\u00f3k sz\u00e1m\u00e1ra a be\u00e1ll\u00edt\u00e1sok k\u00f6nnyed konfigur\u00e1l\u00e1s\u00e1t, a tesztprogramok kezel\u00e9s\u00e9t \u00e9s az eredm\u00e9nyek megjelen\u00edt\u00e9s\u00e9t. Ez az intuit\u00edv kialak\u00edt\u00e1s jav\u00edtja a munkafolyamatokat \u00e9s megk\u00f6nny\u00edti a gyors be\u00e1ll\u00edt\u00e1sokat a vizsg\u00e1lati k\u00f6vetelm\u00e9nyek alapj\u00e1n.<\/li>\n<li><strong>Fokozott hat\u00e9konys\u00e1g \u00e9s biztons\u00e1gi jellemz\u0151k<\/strong><br \/>\nA forg\u00f3asztal, az automatikus statika az adatgy\u0171jt\u00e9shez \u00e9s a t\u00falterhel\u00e9s elleni v\u00e9delem n\u00f6veli a hat\u00e9konys\u00e1got \u00e9s a biztons\u00e1got. Ezek a funkci\u00f3k egyszer\u0171s\u00edtik a tesztel\u00e9st \u00e9s v\u00e9dik a m\u0171szert a t\u00falhaszn\u00e1latt\u00f3l, maximaliz\u00e1lva annak \u00e9lettartam\u00e1t \u00e9s megb\u00edzhat\u00f3s\u00e1g\u00e1t.<\/li>\n<\/ul>\n<h2><strong>A l\u00e1gy g\u00e9lkapszula kem\u00e9nys\u00e9g\u00e9nek \u00e9s szil\u00e1rds\u00e1g\u00e1nak r\u00e9szletes vizsg\u00e1lati m\u00f3dszerei<\/strong><\/h2>\n<ul>\n<li><strong>T\u00f6m\u00f6r\u00edt\u00e9si teszt<\/strong><br \/>\nA nyom\u00f3vizsg\u00e1lat sor\u00e1n egy 10 mm \u00e1tm\u00e9r\u0151j\u0171 vagy 10 mm\u00b2 fel\u00fclet\u0171 hengeres szonda nyom\u00e1st gyakorol a kapszul\u00e1ra, am\u00edg deform\u00e1ci\u00f3 vagy szakad\u00e1s nem k\u00f6vetkezik be. Ez szimul\u00e1lja azokat a fizikai ig\u00e9nybev\u00e9teleket, amelyekkel a kapszula val\u00f3s k\u00f6r\u00fclm\u00e9nyek k\u00f6z\u00f6tt, p\u00e9ld\u00e1ul csomagol\u00e1s \u00e9s sz\u00e1ll\u00edt\u00e1s sor\u00e1n szembes\u00fclhet. A t\u00f6m\u00f6r\u00edt\u00e9s vizsg\u00e1lat\u00e1val a gy\u00e1rt\u00f3k betekint\u00e9st nyerhetnek a kapszula tart\u00f3ss\u00e1g\u00e1ba \u00e9s s\u00e9r\u00fcl\u00e9s\u00e1ll\u00f3s\u00e1g\u00e1ba.<\/li>\n<li><strong>Szil\u00e1rds\u00e1g \u00e9s t\u00f6m\u00edt\u00e9si szil\u00e1rds\u00e1g vizsg\u00e1lata<\/strong><br \/>\nA szil\u00e1rds\u00e1gvizsg\u00e1lat azt vizsg\u00e1lja, hogy a kapszula mennyire deform\u00e1l\u00f3dik egy adott nyom\u00f3terhel\u00e9s hat\u00e1s\u00e1ra, \u00edgy betekint\u00e9st nyerhet\u00fcnk a kapszula rugalmass\u00e1g\u00e1ba \u00e9s rugalmass\u00e1g\u00e1ba. Ezenk\u00edv\u00fcl a t\u00f6m\u00edt\u00e9si szil\u00e1rds\u00e1gvizsg\u00e1lat azt az er\u0151t m\u00e9ri, amely a kapszula t\u00f6m\u00edt\u00e9s\u00e9nek felszak\u00edt\u00e1s\u00e1hoz sz\u00fcks\u00e9ges, biztos\u00edtva, hogy a kapszula ne szakadjon fel id\u0151 el\u0151tt, \u00e9s csak a tervezett felt\u00e9telek mellett adja ki a tartalm\u00e1t.<\/li>\n<\/ul>\n<h2><strong>M\u0171szaki specifik\u00e1ci\u00f3k \u00e9s param\u00e9terek<\/strong><\/h2>\n<table>\n<tbody>\n<tr>\n<td width=\"184\">Teszt tartom\u00e1ny<\/td>\n<td width=\"289\">0~200N (vagy ig\u00e9ny szerint)<\/td>\n<\/tr>\n<tr>\n<td width=\"184\">Stroke<\/td>\n<td width=\"289\">200mm (bilincs n\u00e9lk\u00fcl)<\/td>\n<\/tr>\n<tr>\n<td width=\"184\">Sebess\u00e9g<\/td>\n<td width=\"289\">1~300mm\/min (vagy ig\u00e9ny szerint)<\/td>\n<\/tr>\n<tr>\n<td width=\"184\">Elmozdul\u00e1s pontoss\u00e1ga<\/td>\n<td width=\"289\">0.01mm<\/td>\n<\/tr>\n<tr>\n<td width=\"184\">Pontoss\u00e1g<\/td>\n<td width=\"289\">0.5% F.S.<\/td>\n<\/tr>\n<tr>\n<td width=\"184\">Kimenet<\/td>\n<td width=\"289\">K\u00e9perny\u0151, mikronyomtat\u00f3, RS232 (opcion\u00e1lis)<\/td>\n<\/tr>\n<tr>\n<td width=\"184\">Teljes\u00edtm\u00e9ny<\/td>\n<td width=\"289\">110~ 220V 50\/60Hz<\/td>\n<\/tr>\n<\/tbody>\n<\/table>\n<h2><strong>A Soft Gel kapszula kem\u00e9nys\u00e9gm\u00e9r\u0151 el\u0151nyei<\/strong><\/h2>\n<ul>\n<li><strong>\u00c1tfog\u00f3 min\u0151s\u00e9gbiztos\u00edt\u00e1si tesztel\u00e9s<\/strong><br \/>\nA t\u00f6bbf\u00e9le vizsg\u00e1lati k\u00e9pess\u00e9ggel rendelkez\u0151 tesztel\u0151 lehet\u0151v\u00e9 teszi a gy\u00e1rt\u00f3k sz\u00e1m\u00e1ra, hogy \u00e9rt\u00e9kelj\u00e9k a kapszul\u00e1k tart\u00f3ss\u00e1g\u00e1t, egyenletess\u00e9g\u00e9t \u00e9s szerkezeti szil\u00e1rds\u00e1g\u00e1t. Ez jobb term\u00e9kmin\u0151s\u00e9get \u00e9s v\u00e1s\u00e1rl\u00f3i el\u00e9gedetts\u00e9get eredm\u00e9nyez.<\/li>\n<li><strong>Testreszabhat\u00f3 r\u00f6gz\u00edt\u00e9si lehet\u0151s\u00e9gek a sokoldal\u00fa tesztel\u00e9shez<\/strong><br \/>\nA k\u00fcl\u00f6nb\u00f6z\u0151 r\u00f6gz\u00edt\u0151elemeket \u00e9s \u00e1llv\u00e1nyokat k\u00edn\u00e1l\u00f3 tesztel\u0151 k\u00fcl\u00f6nb\u00f6z\u0151 m\u00e9ret\u0171 \u00e9s form\u00e1j\u00fa kapszul\u00e1khoz alkalmazkodik, \u00edgy sokoldal\u00faan alkalmazhat\u00f3 a l\u00e1gy g\u00e9l alkalmaz\u00e1sok sz\u00e9les sk\u00e1l\u00e1j\u00e1hoz.<\/li>\n<li><strong>Hossz\u00fa \u00e9lettartamra tervezve<\/strong><br \/>\nA robusztus alkatr\u00e9szekb\u0151l \u00e9s fejlett mechanizmusokb\u00f3l fel\u00e9p\u00edtett tesztel\u0151 hossz\u00fa \u00e9lettartamot biztos\u00edt, maximaliz\u00e1lva a befektet\u00e9s megt\u00e9r\u00fcl\u00e9s\u00e9t, mik\u00f6zben cs\u00f6kkenti az \u00e1ll\u00e1sid\u0151t \u00e9s a karbantart\u00e1st.<\/li>\n<\/ul>\n<h2><strong>A l\u00e1gy g\u00e9lkapszula kem\u00e9nys\u00e9gm\u00e9r\u0151j\u00e9nek alkalmaz\u00e1sai<\/strong><\/h2>\n<p>Ez a m\u0171szer n\u00e9lk\u00fcl\u00f6zhetetlen a gy\u00f3gyszeripari \u00e9s t\u00e1pl\u00e1lkoz\u00e1studom\u00e1nyi gy\u00e1rt\u00e1si k\u00f6rnyezetekben, ahol a vitaminokat, \u00e1sv\u00e1nyi anyagokat \u00e9s egy\u00e9b foly\u00e9kony gy\u00f3gyszereket tartalmaz\u00f3 l\u00e1gy g\u00e9lkapszul\u00e1k szigor\u00fa min\u0151s\u00e9gellen\u0151rz\u00e9st ig\u00e9nyelnek. A l\u00e1gyzsel\u00e9s kapszula kem\u00e9nys\u00e9gm\u00e9r\u0151je d\u00f6nt\u0151 szerepet j\u00e1tszik a gy\u00e1rt\u00e1s, a csomagol\u00e1s \u00e9s a kezel\u00e9s min\u0151s\u00e9gbiztos\u00edt\u00e1s\u00e1ban, biztos\u00edtva, hogy a kapszul\u00e1k meg\u0151rizz\u00e9k integrit\u00e1sukat \u00e9s hat\u00e9konys\u00e1gukat, am\u00edg el nem jutnak a fogyaszt\u00f3hoz.<\/p>\n<hr \/>\n<h2><strong>GYIK szakasz<\/strong><\/h2>\n<ul>\n<li><strong>Q1<\/strong>: <em>Milyen t\u00edpus\u00fa kapszul\u00e1k vizsg\u00e1lhat\u00f3k ezzel a m\u0171szerrel?<\/em><br \/>\n<strong>A<\/strong>: A l\u00e1gyzsel\u00e9s kapszula kem\u00e9nys\u00e9gm\u00e9r\u0151je ide\u00e1lis a gy\u00f3gyszerekben \u00e9s t\u00e1pl\u00e1l\u00e9kkieg\u00e9sz\u00edt\u0151kben haszn\u00e1lt l\u00e1gyzsel\u00e9s kapszul\u00e1k vizsg\u00e1lat\u00e1ra, bele\u00e9rtve a vitaminokat \u00e9s foly\u00e9kony gy\u00f3gyszereket tartalmaz\u00f3 kapszul\u00e1kat is.<\/li>\n<li><strong>Q2<\/strong>: <em>Mi a szil\u00e1rds\u00e1gvizsg\u00e1lat jelent\u0151s\u00e9ge?<\/em><br \/>\n<strong>A<\/strong>: A szil\u00e1rds\u00e1gvizsg\u00e1lat a kapszula fal\u00e1nak szil\u00e1rds\u00e1g\u00e1t \u00e9s rugalmass\u00e1g\u00e1t vizsg\u00e1lja, \u00edgy biztos\u00edtva, hogy a kapszula ne szakadjon el a szok\u00e1sos kezel\u00e9s, t\u00e1rol\u00e1s vagy csomagol\u00e1s sor\u00e1n.<\/li>\n<li><strong>Q3<\/strong>: <em>Tud ez a tesztel\u0151 rugalmass\u00e1got m\u00e9rni?<\/em><br \/>\n<strong>A<\/strong>: Igen, a kapszula rugalmass\u00e1g\u00e1t sz\u00e1mszer\u0171s\u00edti a fal deform\u00e1ci\u00f3j\u00e1nak m\u00e9r\u00e9s\u00e9vel egy meghat\u00e1rozott nyom\u00f3terhel\u00e9s alatt, biztos\u00edtva, hogy a kapszul\u00e1k rugalmasak, m\u00e9gis tart\u00f3sak legyenek.<\/li>\n<li><strong>Q4<\/strong>: <em>A CHT-01 testre szabhat\u00f3 bizonyos kapszulat\u00edpusokhoz?<\/em><br \/>\n<strong>A<\/strong>: Igen, a tesztel\u0151 k\u00fcl\u00f6nb\u00f6z\u0151 r\u00f6gz\u00edt\u0151kkel \u00e9s szerelv\u00e9nyekkel testre szabhat\u00f3 a k\u00fcl\u00f6nb\u00f6z\u0151 kapszulaform\u00e1k \u00e9s -m\u00e9retek befogad\u00e1s\u00e1ra, \u00edgy alkalmas a k\u00fcl\u00f6nb\u00f6z\u0151 tesztel\u00e9si ig\u00e9nyek kiel\u00e9g\u00edt\u00e9s\u00e9re.<\/li>\n<li><strong>Q5<\/strong>: <em>Milyen kimeneti lehet\u0151s\u00e9gek \u00e1llnak rendelkez\u00e9sre az adatr\u00f6gz\u00edt\u00e9shez?<\/em><br \/>\n<strong>A<\/strong>: A tesztel\u0151 kijelzi az adatokat a k\u00e9perny\u0151n, lehet\u0151v\u00e9 teszi a nyomtat\u00e1st mikronyomtat\u00f3n kereszt\u00fcl, \u00e9s opcion\u00e1lis RS232 csatlakoz\u00e1si lehet\u0151s\u00e9get k\u00edn\u00e1l a digit\u00e1lis adatexporthoz.<\/li>\n<\/ul>","protected":false},"excerpt":{"rendered":"<p>A gy\u00f3gyszeriparban \u00e9s a t\u00e1pl\u00e1lkoz\u00e1studom\u00e1nyi iparban a min\u0151s\u00e9gellen\u0151rz\u00e9s kiemelked\u0151 fontoss\u00e1g\u00fa. Kritikus fontoss\u00e1g\u00fa annak biztos\u00edt\u00e1sa, hogy a l\u00e1gyzsel\u00e9s kapszul\u00e1k a csomagol\u00e1s, a t\u00e1rol\u00e1s \u00e9s a forgalmaz\u00e1s sor\u00e1n meg\u0151rizz\u00e9k szerkezeti integrit\u00e1sukat. A <strong>L\u00e1gy g\u00e9l kapszula kem\u00e9nys\u00e9gm\u00e9r\u0151<\/strong>, k\u00fcl\u00f6n\u00f6sen a <strong>CHT-01 Kapszula \u00e9s l\u00e1gyzsel\u00e9 kem\u00e9nys\u00e9gm\u00e9r\u0151<\/strong>, egy nagy pontoss\u00e1g\u00fa m\u0171szer, amelyet a kapszula szil\u00e1rds\u00e1g\u00e1nak, rugalmass\u00e1g\u00e1nak \u00e9s \u00e1ltal\u00e1nos szil\u00e1rds\u00e1g\u00e1nak m\u00e9r\u00e9s\u00e9re terveztek. Az olyan kulcsfontoss\u00e1g\u00fa t\u00e9nyez\u0151k, mint a kem\u00e9nys\u00e9g, a deform\u00e1ci\u00f3 \u00e9s a t\u00f6m\u00edt\u00e9s er\u0151ss\u00e9ge \u00e9rt\u00e9kel\u00e9s\u00e9vel ez a tesztel\u0151 seg\u00edt a gy\u00e1rt\u00f3knak garant\u00e1lni, hogy term\u00e9keik biztons\u00e1gosak, hat\u00e9konyak \u00e9s kiv\u00e1l\u00f3 min\u0151s\u00e9g\u0171ek legyenek.<\/p>","protected":false},"featured_media":6205,"comment_status":"closed","ping_status":"closed","template":"","meta":{"site-sidebar-layout":"default","site-content-layout":"default","ast-global-header-display":"","ast-main-header-display":"","ast-hfb-above-header-display":"","ast-hfb-below-header-display":"","ast-hfb-mobile-header-display":"","site-post-title":"","ast-breadcrumbs-content":"","ast-featured-img":"","footer-sml-layout":"","theme-transparent-header-meta":"default","adv-header-id-meta":"","stick-header-meta":"","header-above-stick-meta":"","header-main-stick-meta":"","header-below-stick-meta":""},"product_cat":[845,953,956,955,1054,954,957,958,952,959,149,95],"product_tag":[],"class_list":{"0":"post-5110","1":"product","2":"type-product","3":"status-publish","4":"has-post-thumbnail","6":"product_cat-customization","7":"product_cat-bursting-tester","8":"product_cat-cobb-tester","9":"product_cat-crush-tester","10":"product_cat-hardness-tester","11":"product_cat-paper-tear-tester","12":"product_cat-plybond-tester","13":"product_cat-puncture-tester","14":"product_cat-rub-tester","15":"product_cat-stiffness-tester","16":"product_cat-pharma-and-medical-testers","17":"product_cat-products","18":"desktop-align-left","19":"tablet-align-left","20":"mobile-align-left","22":"first","23":"instock","24":"shipping-taxable","25":"product-type-simple"},"_links":{"self":[{"href":"https:\/\/www.qualitester.com\/hu\/wp-json\/wp\/v2\/product\/5110","targetHints":{"allow":["GET"]}}],"collection":[{"href":"https:\/\/www.qualitester.com\/hu\/wp-json\/wp\/v2\/product"}],"about":[{"href":"https:\/\/www.qualitester.com\/hu\/wp-json\/wp\/v2\/types\/product"}],"replies":[{"embeddable":true,"href":"https:\/\/www.qualitester.com\/hu\/wp-json\/wp\/v2\/comments?post=5110"}],"version-history":[{"count":0,"href":"https:\/\/www.qualitester.com\/hu\/wp-json\/wp\/v2\/product\/5110\/revisions"}],"wp:featuredmedia":[{"embeddable":true,"href":"https:\/\/www.qualitester.com\/hu\/wp-json\/wp\/v2\/media\/6205"}],"wp:attachment":[{"href":"https:\/\/www.qualitester.com\/hu\/wp-json\/wp\/v2\/media?parent=5110"}],"wp:term":[{"taxonomy":"product_cat","embeddable":true,"href":"https:\/\/www.qualitester.com\/hu\/wp-json\/wp\/v2\/product_cat?post=5110"},{"taxonomy":"product_tag","embeddable":true,"href":"https:\/\/www.qualitester.com\/hu\/wp-json\/wp\/v2\/product_tag?post=5110"}],"curies":[{"name":"wp","href":"https:\/\/api.w.org\/{rel}","templated":true}]}}