{"id":4401,"date":"2024-07-23T11:40:39","date_gmt":"2024-07-23T03:40:39","guid":{"rendered":"https:\/\/www.qualitester.com\/?post_type=product&#038;p=4401"},"modified":"2024-12-27T14:18:45","modified_gmt":"2024-12-27T06:18:45","slug":"best-balloon-burst-tester-for-sale","status":"publish","type":"product","link":"https:\/\/www.qualitester.com\/hu\/termek\/best-balloon-burst-tester-for-sale\/","title":{"rendered":"LSST-01 Sziv\u00e1rg\u00e1s- \u00e9s t\u00f6m\u00edt\u00e9sszil\u00e1rds\u00e1g-vizsg\u00e1lat"},"content":{"rendered":"<p>A <strong>Ballon kipukkan\u00e1s teszter<\/strong> sokoldal\u00fa, \u00e9s sz\u00e1mos \u00e1gazatban, csomagol\u00f3anyagban, t\u00f6bbek k\u00f6z\u00f6tt m\u0171anyag f\u00f3li\u00e1kban \u00e9s lamin\u00e1tumokban, orvostechnikai eszk\u00f6z\u00f6k csomagol\u00e1s\u00e1ban, gy\u00f3gyszeripari csomagol\u00e1sban, \u00e9lelmiszer- \u00e9s italcsomagol\u00e1sban, fogyaszt\u00e1si cikkek csomagol\u00e1s\u00e1ban tal\u00e1l alkalmaz\u00e1st.<\/p>\n<h2>A Ballon Burst Tester teljes k\u00f6r\u0171 bemutat\u00e1sa<\/h2>\n<p>A <strong>Ballon kipukkan\u00e1s teszter<\/strong> \u00fagy tervezt\u00e9k, hogy pontos \u00e9s megb\u00edzhat\u00f3 <em><span style=\"text-decoration: underline;\">a csomagol\u00f3anyagok sz\u00e9les sk\u00e1l\u00e1j\u00e1n v\u00e9gzett szak\u00edt\u00f3vizsg\u00e1lat<\/span><\/em>s. Ez egy PLC-vez\u00e9rl\u00e9s\u0171 egys\u00e9g, amely ipari szint\u0171 stabilit\u00e1st biztos\u00edt, kieg\u00e9sz\u00edtve egy felhaszn\u00e1l\u00f3bar\u00e1t HMI \u00e9rint\u0151k\u00e9perny\u0151vel a k\u00f6nny\u0171 kezelhet\u0151s\u00e9g \u00e9rdek\u00e9ben. A tesztel\u0151 automatikus teszteredm\u00e9ny-statisztik\u00e1val \u00e9s -t\u00e1rol\u00e1ssal van felszerelve, ami n\u00f6veli a hat\u00e9konys\u00e1got \u00e9s az adatkezel\u00e9st.<\/p>\n<p><a href=\"https:\/\/www.qualitester.com\/hu\/termekkategoria-2\/test-items\/bursting-tester\/\"><img fetchpriority=\"high\" decoding=\"async\" class=\"wp-image-4402 size-full aligncenter\" src=\"https:\/\/www.qualitester.com\/wp-content\/uploads\/2024\/07\/astm-f1440-Balloon-Burst-Tester-astm-f2054.jpg\" alt=\"astm f1440 l\u00e9gg\u00f6mbszaggat\u00f3 tesztel\u0151 astm f2054\" width=\"600\" height=\"600\" srcset=\"https:\/\/www.qualitester.com\/wp-content\/uploads\/2024\/07\/astm-f1440-Balloon-Burst-Tester-astm-f2054.jpg 600w, https:\/\/www.qualitester.com\/wp-content\/uploads\/2024\/07\/astm-f1440-Balloon-Burst-Tester-astm-f2054-300x300.jpg 300w, https:\/\/www.qualitester.com\/wp-content\/uploads\/2024\/07\/astm-f1440-Balloon-Burst-Tester-astm-f2054-150x150.jpg 150w, https:\/\/www.qualitester.com\/wp-content\/uploads\/2024\/07\/astm-f1440-Balloon-Burst-Tester-astm-f2054-100x100.jpg 100w\" sizes=\"(max-width: 600px) 100vw, 600px\" \/><\/a><\/p>\n<h2>M\u0171szaki specifik\u00e1ci\u00f3k<\/h2>\n<ul>\n<li><strong>PLC-vez\u00e9relt egys\u00e9g<\/strong>: Ipari szint\u0171 stabilit\u00e1st \u00e9s pontos vez\u00e9rl\u00e9st biztos\u00edt.<\/li>\n<li><strong>Felhaszn\u00e1l\u00f3bar\u00e1t HMI \u00e9rint\u0151k\u00e9perny\u0151<\/strong>: Egyszer\u0171s\u00edti a m\u0171k\u00f6d\u00e9st \u00e9s cs\u00f6kkenti a betan\u00edt\u00e1si id\u0151t.<\/li>\n<li><strong>Automatikus teszteredm\u00e9ny-statisztika \u00e9s t\u00e1rol\u00e1s<\/strong>: El\u0151seg\u00edti a hat\u00e9kony adatkezel\u00e9st \u00e9s elemz\u00e9st.<\/li>\n<li><strong>Kompatibilit\u00e1s k\u00fcl\u00f6nb\u00f6z\u0151 l\u00e1mpatestekkel<\/strong>: Lehet\u0151v\u00e9 teszi a k\u00fcl\u00f6nb\u00f6z\u0151 csomagol\u00e1si form\u00e1k vizsg\u00e1lat\u00e1t, bele\u00e9rtve a h\u00e1romoldalas pecs\u00e9ttel ell\u00e1tott csomagokat, z\u00e1rt csomagokat, doy-csomagol\u00e1sokat, cs\u00f6veket, lez\u00e1rt t\u00e1lc\u00e1kat \u00e9s poharakat.<\/li>\n<li><strong>H\u00e1rom vizsg\u00e1lati m\u00f3d<\/strong>: Szakad\u00e1s, k\u00fasz\u00e1s \u00e9s k\u00fasz\u00e1s a meghib\u00e1sod\u00e1sig, a k\u00fcl\u00f6nb\u00f6z\u0151 tesztel\u00e9si k\u00f6vetelm\u00e9nyek kiel\u00e9g\u00edt\u00e9se \u00e9rdek\u00e9ben.<\/li>\n<li><strong>Szem\u00e9lyre szabott \u00e9rz\u00e9kenys\u00e9gi \u00e9s k\u00fcsz\u00f6b\u00e9rt\u00e9k-be\u00e1ll\u00edt\u00e1sok<\/strong>: Lehet\u0151v\u00e9 teszi a testreszab\u00e1st az egyedi tesztel\u00e9si ig\u00e9nyekhez.<\/li>\n<li><strong>Nyom\u00e1startom\u00e1ny 600 KPa-ig<\/strong>: Testre szabhat\u00f3, hogy megfeleljen az egyedi vizsg\u00e1lati el\u0151\u00edr\u00e1soknak.<\/li>\n<li><strong>Testreszabhat\u00f3 programoz\u00e1s<\/strong>: Rugalmass\u00e1got biztos\u00edt az egyedi vizsg\u00e1lati protokollokhoz val\u00f3 alkalmazkod\u00e1shoz.<\/li>\n<\/ul>\n<h2>Vizsg\u00e1lati m\u00f3dszerek<\/h2>\n<h3>A csomagol\u00e1s felszakad\u00e1svizsg\u00e1lat\u00e1nak elve<\/h3>\n<p><em><span style=\"text-decoration: underline;\">A l\u00e9gg\u00f6mb\u00f6k kipukkad\u00e1s\u00e1nak vizsg\u00e1lata sor\u00e1n a csomagot addig kell felf\u00fajni, am\u00edg az ki nem pukkad, \u00e9s meg kell m\u00e9rni a nyom\u00e1st \u00e9s a t\u00e9rfogatot, amelyn\u00e9l a kipukkad\u00e1s bek\u00f6vetkezik.<\/span> <\/em>Ez a vizsg\u00e1lat d\u00f6nt\u0151 fontoss\u00e1g\u00fa a csomagol\u00f3anyagok felszak\u00edt\u00e1si szil\u00e1rds\u00e1g\u00e1nak \u00e9rt\u00e9kel\u00e9s\u00e9hez, biztos\u00edtva, hogy azok ellen\u00e1lljanak a bels\u0151 nyom\u00e1snak a kezel\u00e9s \u00e9s t\u00e1rol\u00e1s sor\u00e1n.<\/p>\n<div class=\"ast-oembed-container\" style=\"height: 100%;\"><iframe title=\"Doy csomag \u00e9s ki\u00f6nt\u0151csomag t\u00f6m\u00edt\u00e9sszil\u00e1rds\u00e1g-ellen\u0151rz\u0151 k\u00e9sz\u00fcl\u00e9k Min\u0151s\u00e9gellen\u0151rz\u00e9s a doy-csomagol\u00e1shoz\" width=\"500\" height=\"281\" src=\"https:\/\/www.youtube.com\/embed\/abNWfwlLaVQ?feature=oembed\" frameborder=\"0\" allow=\"accelerometer; autoplay; clipboard-write; encrypted-media; gyroscope; picture-in-picture; web-share\" referrerpolicy=\"strict-origin-when-cross-origin\" allowfullscreen><\/iframe><\/div>\n<h3>Szabv\u00e1nyos vizsg\u00e1lati elj\u00e1r\u00e1sok<\/h3>\n<ol>\n<li><strong>Minta el\u0151k\u00e9sz\u00edt\u00e9s \u00e9s kondicion\u00e1l\u00e1s<\/strong>: A mint\u00e1kat a meghat\u00e1rozott szabv\u00e1nyok szerint k\u00e9sz\u00edtik el, \u00e9s a vizsg\u00e1lat el\u0151tt a megfelel\u0151 k\u00f6rnyezethez igaz\u00edtj\u00e1k.<\/li>\n<li><strong>A teszt be\u00e1ll\u00edt\u00e1sa \u00e9s a param\u00e9terek konfigur\u00e1l\u00e1sa<\/strong>: A ballonszaggat\u00f3 tesztel\u0151t a megfelel\u0151 szerelv\u00e9nyekkel \u00e1ll\u00edtj\u00e1k be, \u00e9s a vizsg\u00e1lati param\u00e9tereket a minta t\u00edpusa \u00e9s a vizsg\u00e1lati k\u00f6vetelm\u00e9nyek alapj\u00e1n konfigur\u00e1lj\u00e1k.<\/li>\n<li><strong>A vizsg\u00e1lat \u00e9s a m\u00e9r\u00e9s r\u00f6gz\u00edt\u00e9s\u00e9nek v\u00e9grehajt\u00e1sa<\/strong>: A csomagot addig f\u00fajjuk fel, am\u00edg ki nem pukkad, a tesztel\u0151 pedig r\u00f6gz\u00edti a felszakad\u00e1si nyom\u00e1st \u00e9s a t\u00e9rfogatot.<\/li>\n<li><strong>Az eredm\u00e9nyek \u00e9rtelmez\u00e9se<\/strong>: A felszakad\u00e1si nyom\u00e1s \u00e9s a t\u00e9rfogat elemz\u00e9se az anyag szil\u00e1rds\u00e1g\u00e1nak \u00e9s teljes\u00edtm\u00e9ny\u00e9nek \u00e9rt\u00e9kel\u00e9s\u00e9hez, megk\u00f6nny\u00edtve a min\u0151s\u00e9gellen\u0151rz\u00e9st \u00e9s az anyagok \u00f6sszehasonl\u00edt\u00e1s\u00e1t.<\/li>\n<\/ol>\n<h2>Csomagol\u00e1s felszakad\u00e1s\u00e1nak vizsg\u00e1lata az ASTM szabv\u00e1nyban<\/h2>\n<h3><a href=\"https:\/\/www.qualitester.com\/hu\/termekkategoria-2\/astm\/astm-f1140\/\">ASTM F1140<\/a><\/h3>\n<p style=\"padding-left: 40px;\">-Szabv\u00e1nyos vizsg\u00e1lati m\u00f3dszerek a korl\u00e1tlan csomagok bels\u0151 nyom\u00e1s al\u00e1 helyez\u00e9si hiba\u00e1ll\u00f3s\u00e1g\u00e1nak vizsg\u00e1lat\u00e1ra<\/p>\n<ul>\n<li><strong>\u00c1ttekint\u00e9s a <a href=\"https:\/\/www.astm.org\/f1140_f1140m-13r20e01.html\" target=\"_blank\" rel=\"noopener nofollow\">ASTM F1140<\/a><\/strong>: Ez a szabv\u00e1ny meghat\u00e1rozza a korl\u00e1tlan csomagok bels\u0151 nyom\u00e1s alatti meghib\u00e1sod\u00e1ssal szembeni ellen\u00e1ll\u00e1s\u00e1nak vizsg\u00e1lat\u00e1ra szolg\u00e1l\u00f3 m\u00f3dszereket.<\/li>\n<li><strong>R\u00e9szletes vizsg\u00e1lati elj\u00e1r\u00e1s az ASTM F1140 szabv\u00e1ny szerint<\/strong>: A csomagot addig kell felf\u00fajni, am\u00edg ki nem pukkad, \u00e9s fel kell jegyezni a felszakad\u00e1si nyom\u00e1st \u00e9s a t\u00e9rfogatot.<\/li>\n<li><strong>Az ASTM F1140 szabv\u00e1nynak val\u00f3 megfelel\u00e9s fontoss\u00e1ga<\/strong>: Biztos\u00edtja a csomagol\u00e1s integrit\u00e1s\u00e1t \u00e9s megb\u00edzhat\u00f3s\u00e1g\u00e1t, ami kritikus a term\u00e9kbiztons\u00e1g \u00e9s a teljes\u00edtm\u00e9ny szempontj\u00e1b\u00f3l.<\/li>\n<\/ul>\n<h4><a href=\"https:\/\/www.qualitester.com\/hu\/termekkategoria-2\/astm\/astm-f2054\/\">ASTM F2054<\/a><\/h4>\n<p style=\"padding-left: 40px;\">-Szabv\u00e1nyos vizsg\u00e1lati m\u00f3dszer rugalmas csomagol\u00e1st\u00f6m\u00edt\u00e9sek felszak\u00edt\u00e1si vizsg\u00e1lat\u00e1ra bels\u0151 l\u00e9gnyom\u00e1ssal a visszatart\u00f3 lemezeken bel\u00fcli nyom\u00e1s al\u00e1 helyez\u00e9ssel<\/p>\n<ul>\n<li><strong>\u00c1ttekint\u00e9s a <a href=\"https:\/\/www.astm.org\/f2054_f2054m-13r20.html\" target=\"_blank\" rel=\"noopener nofollow\">ASTM F2054<\/a><\/strong>: Ez a szabv\u00e1ny meghat\u00e1rozza a rugalmas csomagol\u00e1si t\u00f6m\u00edt\u00e9sek felszak\u00edt\u00e1si vizsg\u00e1lat\u00e1nak m\u00f3dszer\u00e9t, bels\u0151 l\u00e9gnyom\u00e1ssal t\u00f6rt\u00e9n\u0151, visszatart\u00f3 lemezeken bel\u00fcli nyom\u00e1s al\u00e1 helyez\u00e9ssel.<\/li>\n<li><strong>R\u00e9szletes vizsg\u00e1lati elj\u00e1r\u00e1s az ASTM F2054 szabv\u00e1ny szerint<\/strong>: A csomagot r\u00f6gz\u00edt\u0151 lemezekbe helyezik, felf\u00fajj\u00e1k, \u00e9s r\u00f6gz\u00edtik a felszakad\u00e1si nyom\u00e1st \u00e9s a t\u00e9rfogatot.<\/li>\n<li><strong>Az ASTM F2054 jelent\u0151s\u00e9ge<\/strong>: Alapvet\u0151 fontoss\u00e1g\u00fa a t\u00f6m\u00edt\u00e9s szil\u00e1rds\u00e1g\u00e1nak \u00e9rt\u00e9kel\u00e9s\u00e9hez \u00e9s a csomagol\u00e1s integrit\u00e1s\u00e1nak biztos\u00edt\u00e1s\u00e1hoz, k\u00fcl\u00f6n\u00f6sen a rugalmas csomagol\u00e1sok eset\u00e9ben.<\/li>\n<\/ul>\n<h2>A Ballon Burst Tester haszn\u00e1lat\u00e1nak el\u0151nyei<\/h2>\n<p><strong>1. Pontoss\u00e1g \u00e9s megb\u00edzhat\u00f3s\u00e1g<\/strong><\/p>\n<ul>\n<li><strong>Nagy m\u00e9r\u00e9si pontoss\u00e1g<\/strong>: Pontos \u00e9s megb\u00edzhat\u00f3 szak\u00edt\u00f3szil\u00e1rds\u00e1gi adatokat biztos\u00edt.<\/li>\n<li><strong>K\u00f6vetkezetes \u00e9s megism\u00e9telhet\u0151 eredm\u00e9nyek<\/strong>: Megb\u00edzhat\u00f3s\u00e1got biztos\u00edt a vizsg\u00e1lati eredm\u00e9nyek \u00e9s az anyagteljes\u00edtm\u00e9ny \u00e9rt\u00e9kel\u00e9s\u00e9ben.<\/li>\n<\/ul>\n<p><strong>2. Sokoldal\u00fas\u00e1g<\/strong><\/p>\n<ul>\n<li><em><span style=\"text-decoration: underline;\"><strong>Anyagok \u00e9s csomagol\u00e1st\u00edpusok sz\u00e9les sk\u00e1l\u00e1j\u00e1hoz haszn\u00e1lhat\u00f3<\/strong>: K\u00fcl\u00f6nb\u00f6z\u0151 ipar\u00e1gak k\u00fcl\u00f6nb\u00f6z\u0151 tesztel\u00e9si k\u00f6vetelm\u00e9nyeinek megfelel.<\/span><\/em><\/li>\n<li><em><span style=\"text-decoration: underline;\"><strong>\u00c1ll\u00edthat\u00f3 vizsg\u00e1lati param\u00e9terek a k\u00fcl\u00f6nb\u00f6z\u0151 vizsg\u00e1lati k\u00f6vetelm\u00e9nyekhez<\/strong>: Rugalmass\u00e1got biztos\u00edt a k\u00fcl\u00f6nb\u00f6z\u0151 anyagok \u00e9s csomagok vizsg\u00e1lat\u00e1hoz.<\/span><\/em><\/li>\n<\/ul>\n<p><strong>3. K\u00f6nny\u0171 haszn\u00e1lat<\/strong><\/p>\n<ul>\n<li><strong>Intuit\u00edv szoftver interf\u00e9sz<\/strong>: Egyszer\u0171s\u00edti a m\u0171k\u00f6d\u00e9st \u00e9s cs\u00f6kkenti a tanul\u00e1si folyamatot.<\/li>\n<li><strong>Minim\u00e1lis k\u00e9pz\u00e9s sz\u00fcks\u00e9ges a kezel\u0151k sz\u00e1m\u00e1ra<\/strong>: N\u00f6veli a haszn\u00e1lhat\u00f3s\u00e1got \u00e9s a hat\u00e9konys\u00e1got.<\/li>\n<\/ul>\n<p><strong>4. Megfelel\u00e9s<\/strong><\/p>\n<ul>\n<li><strong>Megfelel az ASTM F1140 \u00e9s ASTM F2054 szabv\u00e1nyoknak<\/strong>: Biztos\u00edtja az ipari szabv\u00e1nyok \u00e9s el\u0151\u00edr\u00e1sok betart\u00e1s\u00e1t.<\/li>\n<li><strong>Biztos\u00edtja az ipar\u00e1gi el\u0151\u00edr\u00e1soknak \u00e9s a min\u0151s\u00e9gi szabv\u00e1nyoknak val\u00f3 megfelel\u00e9st<\/strong>: Garant\u00e1lja a vizsg\u00e1lati eredm\u00e9nyek megb\u00edzhat\u00f3s\u00e1g\u00e1t \u00e9s integrit\u00e1s\u00e1t.<\/li>\n<\/ul>\n<h3>GYIK<\/h3>\n<h4>Mi a c\u00e9lja a lufi kipukkad\u00e1s\u00e1nak vizsg\u00e1lat\u00e1nak?<\/h4>\n<p>A l\u00e9gg\u00f6mbszil\u00e1rds\u00e1gi tesztet a csomagol\u00e1s felszakad\u00e1si tesztj\u00e9nek meghat\u00e1roz\u00e1s\u00e1ra haszn\u00e1lj\u00e1k, biztos\u00edtva, hogy a csomagol\u00e1sok ellen\u00e1lljanak a bels\u0151 nyom\u00e1snak a kezel\u00e9s, a t\u00e1rol\u00e1s \u00e9s a sz\u00e1ll\u00edt\u00e1s sor\u00e1n.<\/p>\n<h4>Hogyan m\u00e9ri a l\u00e9gg\u00f6mb kipukkad\u00e1s\u00e1nak erej\u00e9t a l\u00e9gg\u00f6mb kipukkan\u00e1sm\u00e9r\u0151?<\/h4>\n<p>A tesztel\u0151 a csomagot addig f\u00fajja fel, am\u00edg az ki nem pukkad, \u00e9s r\u00f6gz\u00edti a felszakad\u00e1si nyom\u00e1st \u00e9s a t\u00e9rfogatot az anyag szil\u00e1rds\u00e1g\u00e1nak \u00e9s teljes\u00edtm\u00e9ny\u00e9nek \u00e9rt\u00e9kel\u00e9s\u00e9hez.<\/p>\n<h4>Milyen t\u00edpus\u00fa anyagok vizsg\u00e1lhat\u00f3k a ballonszaggat\u00f3val?<\/h4>\n<p>A tesztel\u0151 az anyagok sz\u00e9les sk\u00e1l\u00e1j\u00e1t tudja \u00e9rt\u00e9kelni, bele\u00e9rtve a m\u0171anyag f\u00f3li\u00e1kat, lamin\u00e1tumokat, orvosi eszk\u00f6z\u00f6k csomagol\u00e1s\u00e1t, gy\u00f3gyszeripari csomagol\u00e1sokat, \u00e9lelmiszer- \u00e9s italcsomagol\u00e1sokat, valamint fogyaszt\u00e1si cikkek csomagol\u00e1s\u00e1t.<!--more--><\/p>\n<h2>Kapcsol\u00f3d\u00f3 term\u00e9kek<\/h2>\n<figure id=\"attachment_4059\" aria-describedby=\"caption-attachment-4059\" style=\"width: 300px\" class=\"wp-caption alignleft\"><a href=\"https:\/\/www.qualitester.com\/hu\/termek\/lt-01-leak-tester\/\"><img decoding=\"async\" class=\"wp-image-4059 size-medium\" src=\"https:\/\/www.qualitester.com\/wp-content\/uploads\/2023\/07\/LT-01-Leak-Tester-2-300x300.jpg\" alt=\"ASTM D3078 sziv\u00e1rg\u00e1svizsg\u00e1l\u00f3\" width=\"300\" height=\"300\" srcset=\"https:\/\/www.qualitester.com\/wp-content\/uploads\/2023\/07\/LT-01-Leak-Tester-2-300x300.jpg 300w, https:\/\/www.qualitester.com\/wp-content\/uploads\/2023\/07\/LT-01-Leak-Tester-2-150x150.jpg 150w, https:\/\/www.qualitester.com\/wp-content\/uploads\/2023\/07\/LT-01-Leak-Tester-2-600x600.jpg 600w, https:\/\/www.qualitester.com\/wp-content\/uploads\/2023\/07\/LT-01-Leak-Tester-2-100x100.jpg 100w, https:\/\/www.qualitester.com\/wp-content\/uploads\/2023\/07\/LT-01-Leak-Tester-2.jpg 750w\" sizes=\"(max-width: 300px) 100vw, 300px\" \/><\/a><figcaption id=\"caption-attachment-4059\" class=\"wp-caption-text\"><strong><a href=\"https:\/\/www.qualitester.com\/hu\/termek\/lt-01-leak-tester\/\" target=\"_blank\" rel=\"noopener\">LT-01 sziv\u00e1rg\u00e1svizsg\u00e1l\u00f3<\/a><\/strong><\/figcaption><\/figure>\n<figure id=\"attachment_3905\" aria-describedby=\"caption-attachment-3905\" style=\"width: 300px\" class=\"wp-caption alignleft\"><a href=\"https:\/\/www.qualitester.com\/hu\/termek\/leak-tester-lt-02\/\"><img decoding=\"async\" class=\"wp-image-3905 size-medium\" src=\"https:\/\/www.qualitester.com\/wp-content\/uploads\/2023\/04\/LT-02-Leak-Tester-01-300x300.jpg\" alt=\"ASTM D3078 sziv\u00e1rg\u00e1svizsg\u00e1l\u00f3\" width=\"300\" height=\"300\" srcset=\"https:\/\/www.qualitester.com\/wp-content\/uploads\/2023\/04\/LT-02-Leak-Tester-01-300x300.jpg 300w, https:\/\/www.qualitester.com\/wp-content\/uploads\/2023\/04\/LT-02-Leak-Tester-01-150x150.jpg 150w, https:\/\/www.qualitester.com\/wp-content\/uploads\/2023\/04\/LT-02-Leak-Tester-01-600x600.jpg 600w, https:\/\/www.qualitester.com\/wp-content\/uploads\/2023\/04\/LT-02-Leak-Tester-01-100x100.jpg 100w, https:\/\/www.qualitester.com\/wp-content\/uploads\/2023\/04\/LT-02-Leak-Tester-01.jpg 750w\" sizes=\"(max-width: 300px) 100vw, 300px\" \/><\/a><figcaption id=\"caption-attachment-3905\" class=\"wp-caption-text\"><strong><a href=\"https:\/\/www.qualitester.com\/hu\/termek\/leak-tester-lt-02\/\" target=\"_blank\" rel=\"noopener\">LT-02 sziv\u00e1rg\u00e1svizsg\u00e1l\u00f3<\/a><\/strong><\/figcaption><\/figure>\n<figure id=\"attachment_3694\" aria-describedby=\"caption-attachment-3694\" style=\"width: 300px\" class=\"wp-caption alignleft\"><a href=\"https:\/\/www.qualitester.com\/hu\/termek\/lt-03-seal-strength-testing-machine\/\"><img loading=\"lazy\" decoding=\"async\" class=\"wp-image-3694 size-medium\" src=\"https:\/\/www.qualitester.com\/wp-content\/uploads\/2023\/04\/LT-03-Leak-Tester-04-300x300.jpg\" alt=\"ASTM D3078 sziv\u00e1rg\u00e1svizsg\u00e1l\u00f3\" width=\"300\" height=\"300\" srcset=\"https:\/\/www.qualitester.com\/wp-content\/uploads\/2023\/04\/LT-03-Leak-Tester-04-300x300.jpg 300w, https:\/\/www.qualitester.com\/wp-content\/uploads\/2023\/04\/LT-03-Leak-Tester-04-150x150.jpg 150w, https:\/\/www.qualitester.com\/wp-content\/uploads\/2023\/04\/LT-03-Leak-Tester-04-600x600.jpg 600w, https:\/\/www.qualitester.com\/wp-content\/uploads\/2023\/04\/LT-03-Leak-Tester-04-100x100.jpg 100w, https:\/\/www.qualitester.com\/wp-content\/uploads\/2023\/04\/LT-03-Leak-Tester-04.jpg 750w\" sizes=\"(max-width: 300px) 100vw, 300px\" \/><\/a><figcaption id=\"caption-attachment-3694\" class=\"wp-caption-text\"><strong><a href=\"https:\/\/www.qualitester.com\/hu\/termek\/lt-03-seal-strength-testing-machine\/\" target=\"_blank\" rel=\"noopener\">LT-03 sziv\u00e1rg\u00e1svizsg\u00e1l\u00f3<\/a><\/strong><\/figcaption><\/figure>","protected":false},"excerpt":{"rendered":"<p><strong>Ballon kipukkan\u00e1s teszter<\/strong> az anyag- \u00e9s csomagol\u00f3anyag-vizsg\u00e1latok kritikus m\u0171szere, amelyet a k\u00fcl\u00f6nb\u00f6z\u0151 csomagol\u00f3anyagok szak\u00edt\u00f3szil\u00e1rds\u00e1g\u00e1nak m\u00e9r\u00e9s\u00e9re terveztek. Ez a fejlett berendez\u00e9s kulcsfontoss\u00e1g\u00fa a csomagol\u00e1s tart\u00f3ss\u00e1g\u00e1nak \u00e9s megb\u00edzhat\u00f3s\u00e1g\u00e1nak biztos\u00edt\u00e1s\u00e1ban, k\u00fcl\u00f6n\u00f6sen az olyan ipar\u00e1gakban, mint a gy\u00f3gyszeripar, az \u00e9lelmiszer- \u00e9s italgy\u00e1rt\u00e1s, az orvostechnikai eszk\u00f6z\u00f6k \u00e9s a fogyaszt\u00e1si cikkek. A Balloon Burst Tester kiemelkedik pontoss\u00e1g\u00e1val, sokoldal\u00fas\u00e1g\u00e1val \u00e9s az ipari szabv\u00e1nyoknak val\u00f3 megfelel\u00e9s\u00e9vel, ami a min\u0151s\u00e9gbiztos\u00edt\u00e1s n\u00e9lk\u00fcl\u00f6zhetetlen eszk\u00f6z\u00e9v\u00e9 teszi.<\/p>","protected":false},"featured_media":6136,"comment_status":"closed","ping_status":"closed","template":"","meta":{"site-sidebar-layout":"default","site-content-layout":"default","ast-global-header-display":"","ast-main-header-display":"","ast-hfb-above-header-display":"","ast-hfb-below-header-display":"","ast-hfb-mobile-header-display":"","site-post-title":"","ast-breadcrumbs-content":"","ast-featured-img":"","footer-sml-layout":"","theme-transparent-header-meta":"default","adv-header-id-meta":"","stick-header-meta":"","header-above-stick-meta":"","header-main-stick-meta":"","header-below-stick-meta":""},"product_cat":[845,953,676,675,17,149,16,108,109,95],"product_tag":[994],"class_list":{"0":"post-4401","1":"product","2":"type-product","3":"status-publish","4":"has-post-thumbnail","6":"product_cat-customization","7":"product_cat-bursting-tester","8":"product_cat-seal-strength-tester","9":"product_cat-leak-tester","10":"product_cat-package-container-testers","11":"product_cat-pharma-and-medical-testers","12":"product_cat-plastic-packaging-testers","13":"product_cat-astm-f1140","14":"product_cat-astm-f2054","15":"product_cat-products","16":"product_tag-leak-and-seal-strength-tester","17":"desktop-align-left","18":"tablet-align-left","19":"mobile-align-left","21":"first","22":"instock","23":"shipping-taxable","24":"product-type-simple"},"_links":{"self":[{"href":"https:\/\/www.qualitester.com\/hu\/wp-json\/wp\/v2\/product\/4401","targetHints":{"allow":["GET"]}}],"collection":[{"href":"https:\/\/www.qualitester.com\/hu\/wp-json\/wp\/v2\/product"}],"about":[{"href":"https:\/\/www.qualitester.com\/hu\/wp-json\/wp\/v2\/types\/product"}],"replies":[{"embeddable":true,"href":"https:\/\/www.qualitester.com\/hu\/wp-json\/wp\/v2\/comments?post=4401"}],"version-history":[{"count":0,"href":"https:\/\/www.qualitester.com\/hu\/wp-json\/wp\/v2\/product\/4401\/revisions"}],"wp:featuredmedia":[{"embeddable":true,"href":"https:\/\/www.qualitester.com\/hu\/wp-json\/wp\/v2\/media\/6136"}],"wp:attachment":[{"href":"https:\/\/www.qualitester.com\/hu\/wp-json\/wp\/v2\/media?parent=4401"}],"wp:term":[{"taxonomy":"product_cat","embeddable":true,"href":"https:\/\/www.qualitester.com\/hu\/wp-json\/wp\/v2\/product_cat?post=4401"},{"taxonomy":"product_tag","embeddable":true,"href":"https:\/\/www.qualitester.com\/hu\/wp-json\/wp\/v2\/product_tag?post=4401"}],"curies":[{"name":"wp","href":"https:\/\/api.w.org\/{rel}","templated":true}]}}