{"id":3218,"date":"2023-08-07T08:23:57","date_gmt":"2023-08-07T00:23:57","guid":{"rendered":"https:\/\/www.qualitester.com\/?post_type=product&#038;p=3218"},"modified":"2024-12-04T15:55:52","modified_gmt":"2024-12-04T07:55:52","slug":"hast-01-hot-air-thermal-shrinkage-tester","status":"publish","type":"product","link":"https:\/\/www.qualitester.com\/hu\/termek\/hast-01-hot-air-thermal-shrinkage-tester\/","title":{"rendered":"HAST-01 forr\u00f3 leveg\u0151vel m\u0171k\u00f6d\u0151 termikus zsugorod\u00e1si teszter"},"content":{"rendered":"<h2><strong>Bevezet\u00e9s a termikus zsugorod\u00e1si tesztel\u0151h\u00f6z<\/strong><\/h2>\n<p>A <strong>Termikus zsugorod\u00e1si tesztel\u0151<\/strong> (pl, <strong>HAST-01 forr\u00f3 leveg\u0151vel m\u0171k\u00f6d\u0151 termikus zsugorod\u00e1si teszter<\/strong>) a fonalak \u00e9s zsin\u00f3rok termikus zsugorod\u00e1si erej\u00e9nek \u00e9s sebess\u00e9g\u00e9nek m\u00e9r\u00e9s\u00e9re szolg\u00e1l ellen\u0151rz\u00f6tt h\u0151m\u00e9rs\u00e9kleti k\u00f6r\u00fclm\u00e9nyek k\u00f6z\u00f6tt. Els\u0151sorban olyan anyagokb\u00f3l k\u00e9sz\u00fclt fonalak \u00e9s zsin\u00f3rok vizsg\u00e1lat\u00e1ra haszn\u00e1lj\u00e1k, mint a nejlon, poli\u00e9szter \u00e9s m\u00e1s polimerek, amelyeket \u00e1ltal\u00e1ban a textiliparban, az aut\u00f3iparban, a csomagol\u00e1sban \u00e9s az ipari gy\u00e1rt\u00e1sban haszn\u00e1lnak.<\/p>\n<p>Ez a nagy pontoss\u00e1g\u00fa tesztel\u0151 biztos\u00edtja, hogy a gy\u00e1rt\u00f3k val\u00f3s k\u00f6r\u00fclm\u00e9nyek k\u00f6z\u00f6tt \u00e9rt\u00e9kelhess\u00e9k a fonalak \u00e9s zsin\u00f3rok zsugorod\u00e1si viselked\u00e9s\u00e9t, ami elengedhetetlen a min\u0151s\u00e9g \u00e9s a tart\u00f3ss\u00e1g biztos\u00edt\u00e1s\u00e1hoz t\u00f6bb alkalmaz\u00e1sban.<\/p>\n<h3><strong><a href=\"https:\/\/www.astm.org\/d5591-22.html\" target=\"_blank\" rel=\"noopener nofollow\">ASTM D5591<\/a> Zsugorod\u00e1si er\u0151 teszt<\/strong><\/h3>\n<p>A <a href=\"https:\/\/www.qualitester.com\/hu\/termekkategoria-2\/astm\/astm-d5591\/\" target=\"_blank\" rel=\"noopener\"><strong>ASTM D5591<\/strong><\/a> A szabv\u00e1ny a fonalak \u00e9s zsin\u00f3rok zsugorod\u00e1si erej\u00e9nek m\u00e9r\u00e9si m\u00f3dszer\u00e9t ismerteti. A vizsg\u00e1lat sor\u00e1n a fonal vagy zsin\u00f3r egyik v\u00e9g\u00e9t r\u00f6gz\u00edtik, a m\u00e1sik v\u00e9g\u00e9re pedig egy el\u0151fesz\u00edt\u0151 t\u00f6meget er\u0151s\u00edtenek. A t\u00f6meg elt\u00e1vol\u00edt\u00e1sa ut\u00e1n a mintadarabot ellen\u0151rz\u00f6tt h\u0151m\u00e9rs\u00e9kleten sz\u00e1raz h\u0151nek teszik ki, \u00e9s m\u00e9rik a zsugorod\u00e1si er\u0151t.<\/p>\n<ul>\n<li><strong>C\u00e9l<\/strong>: A fonalak \u00e9s zsin\u00f3rok h\u0151 hat\u00e1s\u00e1nak kitett zsugorod\u00e1si er\u0151 meghat\u00e1roz\u00e1sa, a teljes\u00edtm\u00e9nyszabv\u00e1nyoknak val\u00f3 megfelel\u00e9s biztos\u00edt\u00e1sa \u00e9rdek\u00e9ben.<\/li>\n<li><strong>Vizsg\u00e1lati param\u00e9terek<\/strong>:\n<ul>\n<li>H\u0151m\u00e9rs\u00e9klet-tartom\u00e1ny: 250\u00b0C-ig<\/li>\n<li>Zsugorod\u00e1si er\u0151 felbont\u00e1sa: 0.01N<\/li>\n<li>Zsugorod\u00e1si er\u0151tartom\u00e1ny: (testreszabhat\u00f3)<\/li>\n<\/ul>\n<\/li>\n<li><strong>M\u00e1sodlagos kulcssz\u00f3<\/strong>: Fonal termikus zsugorod\u00e1si er\u0151.<\/li>\n<\/ul>\n<h3><strong><a href=\"https:\/\/www.astm.org\/d4974-04r16.html\" target=\"_blank\" rel=\"noopener nofollow\">ASTM D4974<\/a> Zsugorod\u00e1si sebess\u00e9g teszt<\/strong><\/h3>\n<p>A <a href=\"https:\/\/www.qualitester.com\/hu\/termekkategoria-2\/astm\/astm-d4974\/\" target=\"_blank\" rel=\"noopener\"><strong>ASTM D4974<\/strong><\/a> vizsg\u00e1lati m\u00f3dszer a fonalak \u00e9s zsin\u00f3rok zsugorod\u00e1si sebess\u00e9g\u00e9nek m\u00e9r\u00e9s\u00e9re szolg\u00e1l. A mintadarabot meghat\u00e1rozott ideig, bizonyos fesz\u00fclts\u00e9g mellett sz\u00e1raz h\u0151nek vetik al\u00e1, \u00e9s a zsugorod\u00e1si sz\u00e1zal\u00e9kot r\u00f6gz\u00edtik, mik\u00f6zben a mintadarab fesz\u00fclts\u00e9g alatt \u00e9s h\u0151 hat\u00e1s\u00e1nak kit\u00e9ve marad.<\/p>\n<ul>\n<li><strong>C\u00e9l<\/strong>: Az anyagok zsugorod\u00e1si sebess\u00e9g\u00e9nek m\u00e9r\u00e9se ellen\u0151rz\u00f6tt k\u00f6r\u00fclm\u00e9nyek k\u00f6z\u00f6tt, biztos\u00edtva, hogy az anyagok megfeleljenek a meghat\u00e1rozott tart\u00f3ss\u00e1gi \u00e9s teljes\u00edtm\u00e9nykrit\u00e9riumoknak.<\/li>\n<li><strong>Vizsg\u00e1lati param\u00e9terek<\/strong>:\n<ul>\n<li>H\u0151m\u00e9rs\u00e9kleti pontoss\u00e1g: \u00b10,1\u00b0C<\/li>\n<li>Zsugorod\u00e1si felbont\u00e1s: (100% megfelel 250mm hossz\u00fas\u00e1gnak)<\/li>\n<\/ul>\n<\/li>\n<li><strong>M\u00e1sodlagos kulcssz\u00f3<\/strong>: Fonal termikus zsugorod\u00e1si er\u0151.<\/li>\n<\/ul>\n<h3><strong>Termikus zsugorod\u00e1si tesztel\u0151: F\u0151bb jellemz\u0151k \u00e9s el\u0151ny\u00f6k<\/strong><\/h3>\n<h3><strong>M\u0171szaki jellemz\u0151k<\/strong><\/h3>\n<ul>\n<li><strong>Tart\u00f3ss\u00e1g<\/strong>: Kiv\u00e1l\u00f3 min\u0151s\u00e9g\u0171 f\u00e9mb\u0151l k\u00e9sz\u00fclt, amely hossz\u00fa \u00e9lettartamot biztos\u00edt ipari k\u00f6rnyezetben is.<\/li>\n<li><strong>K\u00f6nny\u0171 haszn\u00e1lat<\/strong>: Nagym\u00e9ret\u0171, felhaszn\u00e1l\u00f3bar\u00e1t \u00e9rint\u0151k\u00e9perny\u0151s kezel\u0151fel\u00fclettel rendelkezik, amely leegyszer\u0171s\u00edti a kezel\u00e9st \u00e9s az adatgy\u0171jt\u00e9st.<\/li>\n<li><strong>Hordozhat\u00f3s\u00e1g<\/strong>: A kompakt, integr\u00e1lt kialak\u00edt\u00e1s lehet\u0151v\u00e9 teszi a k\u00f6nny\u0171 sz\u00e1ll\u00edt\u00e1st \u00e9s fel\u00e1ll\u00edt\u00e1st, \u00edgy ide\u00e1lis a k\u00fcl\u00f6nb\u00f6z\u0151 vizsg\u00e1lati helysz\u00edneken val\u00f3 haszn\u00e1latra.<\/li>\n<li><strong>Termikus nyomtat\u00f3<\/strong>: Be\u00e9p\u00edtett mikroh\u0151nyomtat\u00f3val rendelkezik a vizsg\u00e1lati eredm\u00e9nyek nyomtat\u00e1s\u00e1hoz a k\u00f6nny\u0171 dokument\u00e1l\u00e1s \u00e9rdek\u00e9ben.<\/li>\n<li><strong>Opcion\u00e1lis PC integr\u00e1ci\u00f3<\/strong>: Felszerelve RS232 porttal \u00e9s kompatibilis a professzion\u00e1lis PC szoftverrel a fejlett adatelemz\u00e9shez \u00e9s jelent\u00e9sk\u00e9sz\u00edt\u00e9shez.<\/li>\n<\/ul>\n<h3><strong>Testreszab\u00e1si lehet\u0151s\u00e9gek<\/strong><\/h3>\n<ul>\n<li><strong>El\u0151fesz\u00edt\u00e9si s\u00falyok<\/strong>: A teszter t\u00f6bbf\u00e9le s\u00falykombin\u00e1ci\u00f3val (pl. 200g, 150g, 100g) rendelkezik, hogy megfeleljen a k\u00fcl\u00f6nb\u00f6z\u0151 mintam\u00e9reteknek \u00e9s vizsg\u00e1lati ig\u00e9nyeknek.<\/li>\n<li><strong>Testreszabott zsugorod\u00e1si er\u0151 tartom\u00e1ny<\/strong>: A zsugorod\u00e1si er\u0151 tartom\u00e1nya 0 \u00e9s 50 N k\u00f6z\u00f6tt testre szabhat\u00f3, \u00edgy rugalmasan alkalmazhat\u00f3 a k\u00fcl\u00f6nb\u00f6z\u0151 alkalmaz\u00e1sokhoz.<\/li>\n<\/ul>\n<h2><strong>Termikus zsugorod\u00e1si teszterrel vizsg\u00e1lt mintat\u00edpusok<\/strong><\/h2>\n<p>A <strong>Termikus zsugorod\u00e1si tesztel\u0151<\/strong> sokoldal\u00fa, a text\u00edli\u00e1kban \u00e9s ipari alkalmaz\u00e1sokban \u00e1ltal\u00e1nosan haszn\u00e1lt k\u00fcl\u00f6nf\u00e9le anyagok vizsg\u00e1lat\u00e1ra alkalmas:<\/p>\n<ul>\n<li><strong>Poli\u00e9szter \u00e9s nejlon zsin\u00f3rok<\/strong>: Sz\u00e9les k\u00f6rben haszn\u00e1lj\u00e1k aut\u00f3ipari \u00e9s ipari alkalmaz\u00e1sokban.<\/li>\n<li><strong>Aramid \u00e9s para-Aramid zsin\u00f3rok<\/strong>: Ide\u00e1lis a nagy teljes\u00edtm\u00e9ny\u0171, rendk\u00edv\u00fcli tart\u00f3ss\u00e1got ig\u00e9nyl\u0151 alkalmaz\u00e1sokhoz.<\/li>\n<li><strong>Ipari poli\u00e9szter sz\u00e1l<\/strong>: Alkalmas gy\u00e1rt\u00e1si \u00e9s csomagol\u00e1si alkalmaz\u00e1sokhoz.<\/li>\n<li><strong>Gumiabroncs zsin\u00f3rok \u00e9s speci\u00e1lis anyagok<\/strong>: T\u00f6k\u00e9letes a gumiabroncszsin\u00f3rok \u00e9s m\u00e1s speci\u00e1lis fonalak zsugorod\u00e1si tulajdons\u00e1gainak vizsg\u00e1lat\u00e1ra.<\/li>\n<\/ul>\n<h2><strong>A termikus zsugorod\u00e1svizsg\u00e1l\u00f3k haszn\u00e1lat\u00e1nak el\u0151nyei a min\u0151s\u00e9gellen\u0151rz\u00e9sben<\/strong><\/h2>\n<ul>\n<li><strong>K\u00f6vetkezetes min\u0151s\u00e9gellen\u0151rz\u00e9s<\/strong>: Biztos\u00edtja, hogy az anyagok h\u0151 hat\u00e1s\u00e1ra is meg\u0151rizz\u00e9k teljes\u00edtm\u00e9nyjellemz\u0151iket, ami kritikus a min\u0151s\u00e9gbiztos\u00edt\u00e1s \u00e9s a term\u00e9k hossz\u00fa \u00e9lettartama szempontj\u00e1b\u00f3l.<\/li>\n<li><strong>Az ipari szabv\u00e1nyoknak val\u00f3 megfelel\u00e9s<\/strong>: Betartja a szigor\u00fa k\u00f6vetelm\u00e9nyeket <strong>ASTM D5591<\/strong> \u00e9s <strong>ASTM D4974<\/strong>, megb\u00edzhat\u00f3 \u00e9s megism\u00e9telhet\u0151 eredm\u00e9nyeket biztos\u00edtva.<\/li>\n<li><strong>Jav\u00edtott term\u00e9k tart\u00f3ss\u00e1g<\/strong>: Seg\u00edt azonos\u00edtani a h\u0151 hat\u00e1s\u00e1ra t\u00falzottan zsugorod\u00f3 anyagokat, lehet\u0151v\u00e9 t\u00e9ve a gy\u00e1rt\u00f3k sz\u00e1m\u00e1ra, hogy jav\u00edts\u00e1k term\u00e9keik tart\u00f3ss\u00e1g\u00e1t \u00e9s funkcionalit\u00e1s\u00e1t.<\/li>\n<li><strong>A kutat\u00e1s \u00e9s fejleszt\u00e9s t\u00e1mogat\u00e1sa<\/strong>: Ide\u00e1lis az \u00faj anyagok kifejleszt\u00e9s\u00e9re vagy a megl\u00e9v\u0151 k\u00e9sz\u00edtm\u00e9nyek jav\u00edt\u00e1s\u00e1ra \u00f6sszpontos\u00edt\u00f3 K+F laborat\u00f3riumok sz\u00e1m\u00e1ra.<\/li>\n<\/ul>\n<p>&nbsp;<\/p>\n<h2><strong>Gyakran ism\u00e9telt k\u00e9rd\u00e9sek (GYIK)<\/strong><\/h2>\n<ol>\n<li><strong>Milyen anyagok vizsg\u00e1lhat\u00f3k a termikus zsugorod\u00e1si teszterrel?<\/strong>\n<ul>\n<li>A tesztel\u0151 ide\u00e1lis a nylonb\u00f3l, poli\u00e9szterb\u0151l, aramidb\u00f3l \u00e9s m\u00e1s szintetikus sz\u00e1lakb\u00f3l k\u00e9sz\u00fclt fonalak \u00e9s zsin\u00f3rok vizsg\u00e1lat\u00e1ra, amelyeket \u00e1ltal\u00e1ban ipari text\u00edli\u00e1kban \u00e9s csomagol\u00f3anyagokban haszn\u00e1lnak.<\/li>\n<\/ul>\n<\/li>\n<li><strong>Hogyan sz\u00e1m\u00edtj\u00e1k ki a zsugorod\u00e1si ar\u00e1nyt?<\/strong>\n<ul>\n<li>A zsugorod\u00e1s m\u00e9rt\u00e9k\u00e9t a minta hossz\u00e1nak h\u0151 hat\u00e1s\u00e1ra bek\u00f6vetkez\u0151 v\u00e1ltoz\u00e1s\u00e1nak m\u00e9r\u00e9s\u00e9vel sz\u00e1m\u00edtj\u00e1k ki, \u00e9s az eredm\u00e9nyeket az eredeti hossz sz\u00e1zal\u00e9k\u00e1ban adj\u00e1k meg.<\/li>\n<\/ul>\n<\/li>\n<li><strong>Mekkora a termikus zsugorod\u00e1sm\u00e9r\u0151 maxim\u00e1lis h\u0151m\u00e9rs\u00e9klettartom\u00e1nya?<\/strong>\n<ul>\n<li>A tesztel\u0151 h\u0151m\u00e9rs\u00e9klettartom\u00e1nya a k\u00f6rnyezeti h\u0151m\u00e9rs\u00e9klett\u0151l 250\u00b0C-ig terjed, \u00edgy a tesztel\u00e9si k\u00f6vetelm\u00e9nyek sz\u00e9les sk\u00e1l\u00e1j\u00e1t tudja kiel\u00e9g\u00edteni.<\/li>\n<\/ul>\n<\/li>\n<li><strong>A teszteredm\u00e9nyek kinyomtathat\u00f3k?<\/strong>\n<ul>\n<li>Igen, a tesztel\u0151 fel van szerelve termikus mikronyomtat\u00f3val, amely dokument\u00e1lja \u00e9s kinyomtatja az eredm\u00e9nyeket a nyilv\u00e1ntart\u00e1s \u00e9s a tov\u00e1bbi elemz\u00e9s c\u00e9lj\u00e1b\u00f3l.<\/li>\n<\/ul>\n<\/li>\n<li><strong>Testre szabhat\u00f3 a termikus zsugorod\u00e1svizsg\u00e1l\u00f3?<\/strong>\n<ul>\n<li>Igen, a tesztel\u0151 k\u00fcl\u00f6nb\u00f6z\u0151 el\u0151fesz\u00edt\u00e9si s\u00falyokkal \u00e9s zsugorod\u00e1si er\u0151tartom\u00e1nyokkal (0-50N) testre szabhat\u00f3, hogy megfeleljen az egyedi vizsg\u00e1lati ig\u00e9nyeknek.<\/li>\n<\/ul>\n<\/li>\n<\/ol>\n<p>A <strong>Termikus zsugorod\u00e1si tesztel\u0151<\/strong> a Cell Instruments \u00e1ltal kifejlesztett, szak\u00e9rtelemmel megtervezett, prec\u00edzi\u00f3s m\u0171szer, amely a fonalak \u00e9s zsin\u00f3rok zsugorod\u00e1si erej\u00e9nek \u00e9s sebess\u00e9g\u00e9nek vizsg\u00e1lat\u00e1ra k\u00e9sz\u00fclt. P\u00e1ratlan pontoss\u00e1got \u00e9s megb\u00edzhat\u00f3s\u00e1got k\u00edn\u00e1l, \u00edgy n\u00e9lk\u00fcl\u00f6zhetetlen eszk\u00f6z a k\u00fcl\u00f6nb\u00f6z\u0151 ipar\u00e1gakban, t\u00f6bbek k\u00f6z\u00f6tt a textiliparban, az aut\u00f3iparban \u00e9s a csomagol\u00f3iparban dolgoz\u00f3 gy\u00e1rt\u00f3k sz\u00e1m\u00e1ra. A testreszabhat\u00f3 funkci\u00f3kkal \u00e9s a nemzetk\u00f6zi vizsg\u00e1lati szabv\u00e1nyok betart\u00e1s\u00e1val ez a m\u0171szer biztos\u00edtja, hogy a gy\u00e1rt\u00f3k megfeleljenek a szigor\u00fa min\u0151s\u00e9gi k\u00f6vetelm\u00e9nyeknek, \u00e9s kiv\u00e1l\u00f3 min\u0151s\u00e9g\u0171 term\u00e9keket sz\u00e1ll\u00edthassanak.<\/p>","protected":false},"excerpt":{"rendered":"<p>A <strong>Termikus zsugorod\u00e1si tesztel\u0151<\/strong> (pl, <strong>HAST-01 forr\u00f3 leveg\u0151vel m\u0171k\u00f6d\u0151 termikus zsugorod\u00e1si teszter<\/strong>) a fonalak \u00e9s zsin\u00f3rok termikus zsugorod\u00e1si erej\u00e9nek \u00e9s sebess\u00e9g\u00e9nek m\u00e9r\u00e9s\u00e9re szolg\u00e1l ellen\u0151rz\u00f6tt h\u0151m\u00e9rs\u00e9kleti k\u00f6r\u00fclm\u00e9nyek k\u00f6z\u00f6tt. Els\u0151sorban olyan anyagokb\u00f3l k\u00e9sz\u00fclt fonalak \u00e9s zsin\u00f3rok vizsg\u00e1lat\u00e1ra haszn\u00e1lj\u00e1k, mint a nejlon, poli\u00e9szter \u00e9s m\u00e1s polimerek, amelyeket \u00e1ltal\u00e1ban a textiliparban, az aut\u00f3iparban, a csomagol\u00e1sban \u00e9s az ipari gy\u00e1rt\u00e1sban haszn\u00e1lnak.<\/p>","protected":false},"featured_media":6118,"comment_status":"closed","ping_status":"closed","template":"","meta":{"site-sidebar-layout":"default","site-content-layout":"default","ast-global-header-display":"","ast-main-header-display":"","ast-hfb-above-header-display":"","ast-hfb-below-header-display":"","ast-hfb-mobile-header-display":"","site-post-title":"","ast-breadcrumbs-content":"","ast-featured-img":"","footer-sml-layout":"","theme-transparent-header-meta":"default","adv-header-id-meta":"","stick-header-meta":"","header-above-stick-meta":"","header-main-stick-meta":"","header-below-stick-meta":""},"product_cat":[953,956,955,845,954,957,958,952,959,938,939,134,136,95],"product_tag":[],"class_list":{"0":"post-3218","1":"product","2":"type-product","3":"status-publish","4":"has-post-thumbnail","6":"product_cat-bursting-tester","7":"product_cat-cobb-tester","8":"product_cat-crush-tester","9":"product_cat-customization","10":"product_cat-paper-tear-tester","11":"product_cat-plybond-tester","12":"product_cat-puncture-tester","13":"product_cat-rub-tester","14":"product_cat-stiffness-tester","15":"product_cat-textile-tester","16":"product_cat-yarn-shrinkage","17":"product_cat-astm-d4974","18":"product_cat-astm-d5591","19":"product_cat-products","20":"desktop-align-left","21":"tablet-align-left","22":"mobile-align-left","24":"first","25":"instock","26":"shipping-taxable","27":"product-type-simple"},"_links":{"self":[{"href":"https:\/\/www.qualitester.com\/hu\/wp-json\/wp\/v2\/product\/3218","targetHints":{"allow":["GET"]}}],"collection":[{"href":"https:\/\/www.qualitester.com\/hu\/wp-json\/wp\/v2\/product"}],"about":[{"href":"https:\/\/www.qualitester.com\/hu\/wp-json\/wp\/v2\/types\/product"}],"replies":[{"embeddable":true,"href":"https:\/\/www.qualitester.com\/hu\/wp-json\/wp\/v2\/comments?post=3218"}],"version-history":[{"count":0,"href":"https:\/\/www.qualitester.com\/hu\/wp-json\/wp\/v2\/product\/3218\/revisions"}],"wp:featuredmedia":[{"embeddable":true,"href":"https:\/\/www.qualitester.com\/hu\/wp-json\/wp\/v2\/media\/6118"}],"wp:attachment":[{"href":"https:\/\/www.qualitester.com\/hu\/wp-json\/wp\/v2\/media?parent=3218"}],"wp:term":[{"taxonomy":"product_cat","embeddable":true,"href":"https:\/\/www.qualitester.com\/hu\/wp-json\/wp\/v2\/product_cat?post=3218"},{"taxonomy":"product_tag","embeddable":true,"href":"https:\/\/www.qualitester.com\/hu\/wp-json\/wp\/v2\/product_tag?post=3218"}],"curies":[{"name":"wp","href":"https:\/\/api.w.org\/{rel}","templated":true}]}}