{"id":3055,"date":"2023-08-02T16:15:51","date_gmt":"2023-08-02T08:15:51","guid":{"rendered":"https:\/\/www.qualitester.com\/?post_type=product&#038;p=3055"},"modified":"2024-12-04T14:44:39","modified_gmt":"2024-12-04T06:44:39","slug":"jelly-puncture-resistance-test-gel-strength-tester","status":"publish","type":"product","link":"https:\/\/www.qualitester.com\/hu\/termek\/jelly-puncture-resistance-test-gel-strength-tester\/","title":{"rendered":"Jelly Puncture Resistance Test Gel Strength Tester"},"content":{"rendered":"<div data-elementor-type=\"wp-post\" data-elementor-id=\"3055\" class=\"elementor elementor-3055\" data-elementor-post-type=\"product\">\n\t\t\t\t<div class=\"elementor-element elementor-element-e2b9e15 e-flex e-con-boxed e-con e-parent\" data-id=\"e2b9e15\" data-element_type=\"container\">\n\t\t\t\t\t<div class=\"e-con-inner\">\n\t\t<div class=\"elementor-element elementor-element-d7985d0 e-con-full e-flex e-con e-parent\" data-id=\"d7985d0\" data-element_type=\"container\">\n\t\t\t\t<div class=\"elementor-element elementor-element-9581fe1 elementor-widget elementor-widget-image\" data-id=\"9581fe1\" data-element_type=\"widget\" data-widget_type=\"image.default\">\n\t\t\t\t<div class=\"elementor-widget-container\">\n\t\t\t\t\t\t\t\t\t\t\t\t\t<img fetchpriority=\"high\" decoding=\"async\" width=\"750\" height=\"750\" src=\"https:\/\/www.qualitester.com\/wp-content\/uploads\/2023\/04\/Gel-strength08_\u526f\u672c.png\" class=\"attachment-large size-large wp-image-1599\" alt=\"\" srcset=\"https:\/\/www.qualitester.com\/wp-content\/uploads\/2023\/04\/Gel-strength08_\u526f\u672c.png 750w, https:\/\/www.qualitester.com\/wp-content\/uploads\/2023\/04\/Gel-strength08_\u526f\u672c-300x300.png 300w, https:\/\/www.qualitester.com\/wp-content\/uploads\/2023\/04\/Gel-strength08_\u526f\u672c-150x150.png 150w, https:\/\/www.qualitester.com\/wp-content\/uploads\/2023\/04\/Gel-strength08_\u526f\u672c-600x600.png 600w, https:\/\/www.qualitester.com\/wp-content\/uploads\/2023\/04\/Gel-strength08_\u526f\u672c-100x100.png 100w\" sizes=\"(max-width: 750px) 100vw, 750px\" \/>\t\t\t\t\t\t\t\t\t\t\t\t\t<\/div>\n\t\t\t\t<\/div>\n\t\t\t\t<\/div>\n\t\t<div class=\"elementor-element elementor-element-559656c e-con-full e-flex e-con e-parent\" data-id=\"559656c\" data-element_type=\"container\">\n\t\t\t\t<div class=\"elementor-element elementor-element-ef8a65c elementor-widget elementor-widget-text-editor\" data-id=\"ef8a65c\" data-element_type=\"widget\" data-widget_type=\"text-editor.default\">\n\t\t\t\t<div class=\"elementor-widget-container\">\n\t\t\t\t\t\t\t<p><strong>Alkalmaz\u00e1s<\/strong><\/p><p><em>A g\u00e9lszil\u00e1rds\u00e1got \u00fagy lehet meghat\u00e1rozni, mint egy kolloid diszperzi\u00f3 azon k\u00e9pess\u00e9g\u00e9nek m\u00e9rt\u00e9k\u00e9t, hogy g\u00e9lform\u00e1t alak\u00edtson ki \u00e9s tartson fenn a ny\u00edr\u00e1ssal szembeni ellen\u00e1ll\u00e1sa alapj\u00e1n.<\/em><\/p><p><em>A Bloom a zselatin g\u00e9ler\u0151ss\u00e9g\u00e9nek\/szil\u00e1rds\u00e1g\u00e1nak konkr\u00e9t m\u00e9r\u0151sz\u00e1ma. A Bloom-\u00e9rt\u00e9keket \u00fagy hat\u00e1rozz\u00e1k meg, hogy megm\u00e9rik azt az er\u0151t (g-ban), amely egy 6,67% zselatin g\u00e9l fel\u00fclet\u00e9nek 4 mm-es t\u00e1vols\u00e1gba t\u00f6rt\u00e9n\u0151 lenyom\u00e1s\u00e1hoz sz\u00fcks\u00e9ges (16-18 \u00f3ra 10\u00b0C-on t\u00f6rt\u00e9n\u0151 zsel\u00e9sed\u00e9s ut\u00e1n). Teh\u00e1t min\u00e9l magasabb az \u00e9rt\u00e9k, ann\u00e1l er\u0151sebb a g\u00e9l szil\u00e1rds\u00e1ga. a Bloom \u00e9rt\u00e9ket grammban m\u00e9rik egy meghat\u00e1rozott szond\u00e1val a g\u00e9l fel\u00fclet\u00e9nek lenyom\u00e1s\u00e1hoz.<\/em><\/p><h6>Tesztelemek<\/h6><p><em>S\u00daLY: A t\u00e1vols\u00e1g m\u00e9r\u00e9se bizonyos terhel\u00e9s mellett.<\/em><br \/><em>PEAK: A g\u00e9l szil\u00e1rds\u00e1g\u00e1nak m\u00e9r\u00e9s\u00e9re<\/em><br \/><em>T\u00c1VOL: A terhel\u00e9s m\u00e9r\u00e9se egy bizonyos t\u00e1vols\u00e1gban.<\/em><\/p>\t\t\t\t\t\t<\/div>\n\t\t\t\t<\/div>\n\t\t\t\t<\/div>\n\t\t\t\t\t<\/div>\n\t\t\t\t<\/div>\n\t\t<div class=\"elementor-element elementor-element-21d38fb e-flex e-con-boxed e-con e-parent\" data-id=\"21d38fb\" data-element_type=\"container\">\n\t\t\t\t\t<div class=\"e-con-inner\">\n\t\t<div class=\"elementor-element elementor-element-36722a2 e-con-full e-flex e-con e-parent\" data-id=\"36722a2\" data-element_type=\"container\">\n\t\t\t\t<div class=\"elementor-element elementor-element-2c66356 elementor-widget elementor-widget-image\" data-id=\"2c66356\" data-element_type=\"widget\" data-widget_type=\"image.default\">\n\t\t\t\t<div class=\"elementor-widget-container\">\n\t\t\t\t\t\t\t\t\t\t\t\t\t<img decoding=\"async\" width=\"750\" height=\"750\" src=\"https:\/\/www.qualitester.com\/wp-content\/uploads\/2023\/04\/Gel-strength07_\u526f\u672c.png\" class=\"attachment-large size-large wp-image-1598\" alt=\"\" srcset=\"https:\/\/www.qualitester.com\/wp-content\/uploads\/2023\/04\/Gel-strength07_\u526f\u672c.png 750w, https:\/\/www.qualitester.com\/wp-content\/uploads\/2023\/04\/Gel-strength07_\u526f\u672c-300x300.png 300w, https:\/\/www.qualitester.com\/wp-content\/uploads\/2023\/04\/Gel-strength07_\u526f\u672c-150x150.png 150w, https:\/\/www.qualitester.com\/wp-content\/uploads\/2023\/04\/Gel-strength07_\u526f\u672c-600x600.png 600w, https:\/\/www.qualitester.com\/wp-content\/uploads\/2023\/04\/Gel-strength07_\u526f\u672c-100x100.png 100w\" sizes=\"(max-width: 750px) 100vw, 750px\" \/>\t\t\t\t\t\t\t\t\t\t\t\t\t<\/div>\n\t\t\t\t<\/div>\n\t\t\t\t<\/div>\n\t\t<div class=\"elementor-element elementor-element-6eb280f e-con-full e-flex e-con e-parent\" data-id=\"6eb280f\" data-element_type=\"container\">\n\t\t\t\t<div class=\"elementor-element elementor-element-2c2e734 elementor-widget elementor-widget-text-editor\" data-id=\"2c2e734\" data-element_type=\"widget\" data-widget_type=\"text-editor.default\">\n\t\t\t\t<div class=\"elementor-widget-container\">\n\t\t\t\t\t\t\t<h6><strong>M\u0171szaki jellemz\u0151k<\/strong><\/h6><p><em>Ez egy PLC vez\u00e9relt egys\u00e9g (ipari szinten stabil) \u00e9s HMI \u00e9rint\u0151k\u00e9perny\u0151vel m\u0171k\u00f6dtethet\u0151. A prec\u00edzi\u00f3s goly\u00f3s \u00f3lomcsavaros mechanizmus biztos\u00edtja a j\u00f3 \u00e9s egyenletes sebess\u00e9g- \u00e9s elmozdul\u00e1sszab\u00e1lyoz\u00e1st. Speci\u00e1lisan tervezett programja a g\u00e9lszil\u00e1rds\u00e1g vizsg\u00e1lat\u00e1ra vonatkoz\u00f3 k\u00fcl\u00f6nb\u00f6z\u0151 param\u00e9terekhez haszn\u00e1lhat\u00f3.<\/em><\/p><ul><li><em>7 h\u00fcvelykes HMI \u00e9rint\u0151k\u00e9perny\u0151<\/em><\/li><li><em>PLC vez\u00e9rl\u0151egys\u00e9g bel\u00fcl<\/em><\/li><li><em>Prec\u00edzi\u00f3s goly\u00f3s \u00f3lomcsavar<\/em><\/li><li><em>\u00c1ll\u00edthat\u00f3 vizsg\u00e1lati sebess\u00e9g<\/em><\/li><li><em>T\u00f6bbf\u00e9le r\u00f6gz\u00edt\u0151elem \u00e1ll rendelkez\u00e9sre egy\u00e9b text\u00faraelemz\u00e9shez<\/em><\/li><li><em>A biztons\u00e1g a mi gondunk Utaz\u00e1si hat\u00e1r\u00e9rt\u00e9k v\u00e9delme; automatikus visszat\u00e9r\u00e9s; terhel\u00e9scell\u00e1s v\u00e9d\u0151burkolat<\/em><\/li><li><em>T\u00f6bbf\u00e9le tesztelem \u00e1ll rendelkez\u00e9sre: S\u00daLY, T\u00d6MEG, T\u00c1VOLS\u00c1G.\u00a0<\/em><\/li><li><em>Dot m\u00e1trix t\u00edpus\u00fa mikronyomtat\u00f3val felszerelve<\/em><\/li><\/ul>\t\t\t\t\t\t<\/div>\n\t\t\t\t<\/div>\n\t\t\t\t<\/div>\n\t\t\t\t\t<\/div>\n\t\t\t\t<\/div>\n\t\t<div class=\"elementor-element elementor-element-c30d7f2 e-flex e-con-boxed e-con e-parent\" data-id=\"c30d7f2\" data-element_type=\"container\">\n\t\t\t\t\t<div class=\"e-con-inner\">\n\t\t<div class=\"elementor-element elementor-element-3ca2567 e-con-full e-flex e-con e-parent\" data-id=\"3ca2567\" data-element_type=\"container\">\n\t\t\t\t<div class=\"elementor-element elementor-element-a572bbd elementor-widget elementor-widget-image\" data-id=\"a572bbd\" data-element_type=\"widget\" data-widget_type=\"image.default\">\n\t\t\t\t<div class=\"elementor-widget-container\">\n\t\t\t\t\t\t\t\t\t\t\t\t\t<img decoding=\"async\" width=\"750\" height=\"750\" src=\"https:\/\/www.qualitester.com\/wp-content\/uploads\/2023\/04\/Gel-strength03_\u526f\u672c.png\" class=\"attachment-large size-large wp-image-1597\" alt=\"\" srcset=\"https:\/\/www.qualitester.com\/wp-content\/uploads\/2023\/04\/Gel-strength03_\u526f\u672c.png 750w, https:\/\/www.qualitester.com\/wp-content\/uploads\/2023\/04\/Gel-strength03_\u526f\u672c-300x300.png 300w, https:\/\/www.qualitester.com\/wp-content\/uploads\/2023\/04\/Gel-strength03_\u526f\u672c-150x150.png 150w, https:\/\/www.qualitester.com\/wp-content\/uploads\/2023\/04\/Gel-strength03_\u526f\u672c-600x600.png 600w, https:\/\/www.qualitester.com\/wp-content\/uploads\/2023\/04\/Gel-strength03_\u526f\u672c-100x100.png 100w\" sizes=\"(max-width: 750px) 100vw, 750px\" \/>\t\t\t\t\t\t\t\t\t\t\t\t\t<\/div>\n\t\t\t\t<\/div>\n\t\t\t\t<\/div>\n\t\t<div class=\"elementor-element elementor-element-100375d e-con-full e-flex e-con e-parent\" data-id=\"100375d\" data-element_type=\"container\">\n\t\t\t\t<div class=\"elementor-element elementor-element-4d2e9cd elementor-widget elementor-widget-text-editor\" data-id=\"4d2e9cd\" data-element_type=\"widget\" data-widget_type=\"text-editor.default\">\n\t\t\t\t<div class=\"elementor-widget-container\">\n\t\t\t\t\t\t\t<h6><strong>F\u0151 param\u00e9terek<\/strong><\/h6><p><em>Vizsg\u00e1lati tartom\u00e1ny 0-50N (vagy sz\u00fcks\u00e9g szerint)<\/em><\/p><p><em>L\u00f6ket 1 1<\/em><em style=\"font-weight: inherit; text-align: var(--text-align); background-color: var(--ast-global-color-4); color: var(--ast-global-color-3);\">0mm (szonda n\u00e9lk\u00fcl)<\/em><\/p><p><em>Vizsg\u00e1lati sebess\u00e9g 1~100mm\/min<\/em><\/p><p><em>Elmozdul\u00e1s pontoss\u00e1g 0.01mm<\/em><\/p><p><em>Pontoss\u00e1g 0,5% F.S.<\/em><\/p><p><em>Vez\u00e9rl\u0151 PLC \u00e9s ember-g\u00e9p interf\u00e9sz<\/em><\/p><p><em>Kimeneti k\u00e9perny\u0151, mikronyomtat\u00f3, RS232 (opcion\u00e1lis)<\/em><\/p><p><em>Teljes\u00edtm\u00e9ny 110~220V<\/em><\/p>\t\t\t\t\t\t<\/div>\n\t\t\t\t<\/div>\n\t\t\t\t<\/div>\n\t\t\t\t\t<\/div>\n\t\t\t\t<\/div>\n\t\t<div class=\"elementor-element elementor-element-4034acd e-flex e-con-boxed e-con e-parent\" data-id=\"4034acd\" data-element_type=\"container\">\n\t\t\t\t\t<div class=\"e-con-inner\">\n\t\t\t\t<div class=\"elementor-element elementor-element-c6ca644 elementor-widget elementor-widget-wpforms\" data-id=\"c6ca644\" data-element_type=\"widget\" data-widget_type=\"wpforms.default\">\n\t\t\t\t<div class=\"elementor-widget-container\">\n\t\t\t<div class=\"wpforms-container\" id=\"wpforms-11\"><form id=\"wpforms-form-11\" class=\"wpforms-validate wpforms-form wpforms-ajax-form\" data-formid=\"11\" method=\"post\" enctype=\"multipart\/form-data\" action=\"\/hu\/wp-json\/wp\/v2\/product\/3055\" data-token=\"e79a37c8e1278f1434d715431c5ed954\" data-trp-original-action=\"\/hu\/wp-json\/wp\/v2\/product\/3055\"><noscript class=\"wpforms-error-noscript\">K\u00e9rj\u00fck, enged\u00e9lyezze a JavaScriptet a b\u00f6ng\u00e9sz\u0151j\u00e9ben az \u0171rlap kit\u00f6lt\u00e9s\u00e9hez.<\/noscript><div class=\"wpforms-field-container\"><div id=\"wpforms-11-field_1-container\" class=\"wpforms-field wpforms-field-text\" data-field-id=\"1\"><label class=\"wpforms-field-label\" for=\"wpforms-11-field_1\">N\u00e9v <span class=\"wpforms-required-label\">*<\/span><\/label><input type=\"text\" id=\"wpforms-11-field_1\" class=\"wpforms-field-medium wpforms-field-required\" name=\"wpforms[fields][1]\" placeholder=\"N\u00e9v\" required><\/div><div id=\"wpforms-11-field_5-container\" class=\"wpforms-field wpforms-field-text\" data-field-id=\"5\"><label class=\"wpforms-field-label\" for=\"wpforms-11-field_5\">C\u00e9g<\/label><input type=\"text\" id=\"wpforms-11-field_5\" class=\"wpforms-field-medium\" name=\"wpforms[fields][5]\" ><\/div><div id=\"wpforms-11-field_4-container\" class=\"wpforms-field wpforms-field-number\" data-field-id=\"4\"><label class=\"wpforms-field-label\" for=\"wpforms-11-field_4\">Telefon<\/label><input type=\"number\" pattern=\"\\d*\" id=\"wpforms-11-field_4\" class=\"wpforms-field-medium\" name=\"wpforms[fields][4]\" placeholder=\"Telefon\" ><\/div><div id=\"wpforms-11-field_3-container\" class=\"wpforms-field wpforms-field-email\" data-field-id=\"3\"><label class=\"wpforms-field-label\" for=\"wpforms-11-field_3\">E-mail <span class=\"wpforms-required-label\">*<\/span><\/label><input type=\"email\" id=\"wpforms-11-field_3\" class=\"wpforms-field-medium wpforms-field-required\" name=\"wpforms[fields][3]\" placeholder=\"E-mail\" spellcheck=\"false\" required><\/div><div id=\"wpforms-11-field_2-container\" class=\"wpforms-field wpforms-field-textarea\" data-field-id=\"2\"><label class=\"wpforms-field-label\" for=\"wpforms-11-field_2\">\u00dczenet<\/label><textarea id=\"wpforms-11-field_2\" class=\"wpforms-field-large\" name=\"wpforms[fields][2]\" ><\/textarea><\/div><\/div><!-- .wpforms-field-container --><input type=\"hidden\" name=\"wpforms[recaptcha]\" value=\"\"><div class=\"wpforms-submit-container\" ><input type=\"hidden\" name=\"wpforms[id]\" value=\"11\"><input type=\"hidden\" name=\"wpforms[author]\" value=\"4\"><button type=\"submit\" name=\"wpforms[submit]\" id=\"wpforms-submit-11\" class=\"wpforms-submit\" data-alt-text=\"Submitting\" data-submit-text=\"Submit\" aria-live=\"assertive\" value=\"wpforms-submit\">K\u00fcldje be a<\/button><img loading=\"lazy\" decoding=\"async\" src=\"https:\/\/www.qualitester.com\/wp-content\/plugins\/wpforms-lite\/assets\/images\/submit-spin.svg\" class=\"wpforms-submit-spinner\" style=\"display: none;\" width=\"26\" height=\"26\" alt=\"Bet\u00f6lt\u00e9s\"><\/div><input type=\"hidden\" name=\"trp-form-language\" value=\"hu\"\/><\/form><\/div>  <!-- .wpforms-container -->\t\t<\/div>\n\t\t\t\t<\/div>\n\t\t\t\t\t<\/div>\n\t\t\t\t<\/div>\n\t\t\t\t<\/div>","protected":false},"excerpt":{"rendered":"<p>A g\u00e9lszil\u00e1rds\u00e1got \u00fagy lehet meghat\u00e1rozni, mint egy kolloid diszperzi\u00f3 azon k\u00e9pess\u00e9g\u00e9nek m\u00e9rt\u00e9k\u00e9t, hogy g\u00e9lform\u00e1t alak\u00edtson ki \u00e9s tartson fenn a ny\u00edr\u00e1ssal szembeni ellen\u00e1ll\u00e1sa alapj\u00e1n.<\/p>","protected":false},"featured_media":3039,"comment_status":"closed","ping_status":"closed","template":"","meta":{"site-sidebar-layout":"default","site-content-layout":"default","ast-global-header-display":"","ast-main-header-display":"","ast-hfb-above-header-display":"","ast-hfb-below-header-display":"","ast-hfb-mobile-header-display":"","site-post-title":"disabled","ast-breadcrumbs-content":"","ast-featured-img":"disabled","footer-sml-layout":"","theme-transparent-header-meta":"default","adv-header-id-meta":"","stick-header-meta":"","header-above-stick-meta":"","header-main-stick-meta":"","header-below-stick-meta":""},"product_cat":[682,99,150],"product_tag":[147,507,148,471,830,832,831,22],"class_list":{"0":"post-3055","1":"product","2":"type-product","3":"status-publish","4":"has-post-thumbnail","6":"product_cat-protrusion-tester","7":"product_cat-astm","8":"product_cat-other-testers","9":"product_tag-gel","10":"product_tag-gel-mechanical-properties","11":"product_tag-gel-strength","12":"product_tag-hydrogel-strength","13":"product_tag-industrial-glue-strength-test","14":"product_tag-jelly-gel-strength","15":"product_tag-jelly-puncture-resistance","16":"product_tag-pressure","17":"desktop-align-left","18":"tablet-align-left","19":"mobile-align-left","21":"first","22":"instock","23":"shipping-taxable","24":"product-type-simple"},"_links":{"self":[{"href":"https:\/\/www.qualitester.com\/hu\/wp-json\/wp\/v2\/product\/3055","targetHints":{"allow":["GET"]}}],"collection":[{"href":"https:\/\/www.qualitester.com\/hu\/wp-json\/wp\/v2\/product"}],"about":[{"href":"https:\/\/www.qualitester.com\/hu\/wp-json\/wp\/v2\/types\/product"}],"replies":[{"embeddable":true,"href":"https:\/\/www.qualitester.com\/hu\/wp-json\/wp\/v2\/comments?post=3055"}],"version-history":[{"count":0,"href":"https:\/\/www.qualitester.com\/hu\/wp-json\/wp\/v2\/product\/3055\/revisions"}],"wp:featuredmedia":[{"embeddable":true,"href":"https:\/\/www.qualitester.com\/hu\/wp-json\/wp\/v2\/media\/3039"}],"wp:attachment":[{"href":"https:\/\/www.qualitester.com\/hu\/wp-json\/wp\/v2\/media?parent=3055"}],"wp:term":[{"taxonomy":"product_cat","embeddable":true,"href":"https:\/\/www.qualitester.com\/hu\/wp-json\/wp\/v2\/product_cat?post=3055"},{"taxonomy":"product_tag","embeddable":true,"href":"https:\/\/www.qualitester.com\/hu\/wp-json\/wp\/v2\/product_tag?post=3055"}],"curies":[{"name":"wp","href":"https:\/\/api.w.org\/{rel}","templated":true}]}}