{"id":3018,"date":"2023-08-01T14:09:18","date_gmt":"2023-08-01T06:09:18","guid":{"rendered":"https:\/\/www.qualitester.com\/?post_type=product&#038;p=3018"},"modified":"2024-12-04T16:06:05","modified_gmt":"2024-12-04T08:06:05","slug":"manufacturer-positive-pressure-leak-tester-of-vacuum-storage-bags","status":"publish","type":"product","link":"https:\/\/www.qualitester.com\/hu\/termek\/manufacturer-positive-pressure-leak-tester-of-vacuum-storage-bags\/","title":{"rendered":"Manufacturer Positive Pressure Leak Tester of Vacuum Storage Bags"},"content":{"rendered":"<div data-elementor-type=\"wp-post\" data-elementor-id=\"3018\" class=\"elementor elementor-3018\" data-elementor-post-type=\"product\">\n\t\t\t\t<div class=\"elementor-element elementor-element-53b9189 e-flex e-con-boxed e-con e-parent\" data-id=\"53b9189\" data-element_type=\"container\">\n\t\t\t\t\t<div class=\"e-con-inner\">\n\t\t<div class=\"elementor-element elementor-element-babf4b2 e-con-full e-flex e-con e-parent\" data-id=\"babf4b2\" data-element_type=\"container\">\n\t\t\t\t<div class=\"elementor-element elementor-element-808566d elementor-widget elementor-widget-image\" data-id=\"808566d\" data-element_type=\"widget\" data-widget_type=\"image.default\">\n\t\t\t\t<div class=\"elementor-widget-container\">\n\t\t\t\t\t\t\t\t\t\t\t\t\t<img fetchpriority=\"high\" decoding=\"async\" width=\"750\" height=\"750\" src=\"https:\/\/www.qualitester.com\/wp-content\/uploads\/2023\/04\/Leak-and-Seal-Strength-Tester.jpg\" class=\"attachment-large size-large wp-image-1718\" alt=\"\" srcset=\"https:\/\/www.qualitester.com\/wp-content\/uploads\/2023\/04\/Leak-and-Seal-Strength-Tester.jpg 750w, https:\/\/www.qualitester.com\/wp-content\/uploads\/2023\/04\/Leak-and-Seal-Strength-Tester-300x300.jpg 300w, https:\/\/www.qualitester.com\/wp-content\/uploads\/2023\/04\/Leak-and-Seal-Strength-Tester-150x150.jpg 150w, https:\/\/www.qualitester.com\/wp-content\/uploads\/2023\/04\/Leak-and-Seal-Strength-Tester-600x600.jpg 600w, https:\/\/www.qualitester.com\/wp-content\/uploads\/2023\/04\/Leak-and-Seal-Strength-Tester-100x100.jpg 100w\" sizes=\"(max-width: 750px) 100vw, 750px\" \/>\t\t\t\t\t\t\t\t\t\t\t\t\t<\/div>\n\t\t\t\t<\/div>\n\t\t\t\t<\/div>\n\t\t<div class=\"elementor-element elementor-element-6563451 e-con-full e-flex e-con e-parent\" data-id=\"6563451\" data-element_type=\"container\">\n\t\t\t\t<div class=\"elementor-element elementor-element-72ae959 elementor-widget elementor-widget-text-editor\" data-id=\"72ae959\" data-element_type=\"widget\" data-widget_type=\"text-editor.default\">\n\t\t\t\t<div class=\"elementor-widget-container\">\n\t\t\t\t\t\t\t<h6><strong>Alkalmaz\u00e1s<\/strong><\/h6><p><em>Az integrit\u00e1s vizsg\u00e1lata seg\u00edt biztos\u00edtani, hogy a minta biztos\u00edtja a sz\u00fcks\u00e9ges term\u00e9kv\u00e9delmet. A fenntarthat\u00f3 csomagol\u00e1si alternat\u00edv\u00e1kat, az alacsonyabb k\u00f6lts\u00e9g\u0171 csomagol\u00e1sokat \u00e9s a gy\u00e1rt\u00f3sorok t\u00f6m\u00edt\u00e9si param\u00e9tereinek elt\u00e9r\u00e9seit gyakran \u00e9rt\u00e9kelik a t\u00f6m\u00edt\u00e9s integrit\u00e1s\u00e1nak vizsg\u00e1lat\u00e1val. A csomagol\u00e1si t\u00f6m\u00edt\u00e9sek megb\u00edzhat\u00f3s\u00e1g\u00e1nak fenntart\u00e1sa kritikus fontoss\u00e1g\u00fa a term\u00e9kmin\u0151s\u00e9g \u00e9s a biztons\u00e1g szempontj\u00e1b\u00f3l.<\/em><\/p><h6><strong>Vizsg\u00e1lati m\u00f3dszer<\/strong><\/h6><p><em>A nyom\u00e1sroml\u00e1s az egyik legsz\u00e9lesebb k\u00f6rben alkalmazott sziv\u00e1rg\u00e1svizsg\u00e1lati m\u00f3dszer. A minta belsej\u00e9ben fell\u00e9p\u0151 nyom\u00e1scs\u00f6kken\u00e9st m\u00e9ri. A mint\u00e1t el\u0151sz\u00f6r egy c\u00e9lszintre nyom\u00e1s al\u00e1 helyezik, majd elv\u00e1gj\u00e1k a leveg\u0151forr\u00e1st. A nyom\u00e1st ezut\u00e1n \u00e9rz\u00e9kelik, \u00e9s a nyom\u00e1ses\u00e9s sziv\u00e1rg\u00e1st jelez. A minta teljes\u00edtm\u00e9ny\u00e9nek elemz\u00e9s\u00e9re h\u00e1romf\u00e9le m\u00f3dszer l\u00e9tezik, a felszakad\u00e1si, a k\u00fasz\u00e1si \u00e9s a t\u00f6nkremenetelig tart\u00f3 k\u00fasz\u00e1svizsg\u00e1lat.<\/em><\/p>\t\t\t\t\t\t<\/div>\n\t\t\t\t<\/div>\n\t\t\t\t<\/div>\n\t\t\t\t\t<\/div>\n\t\t\t\t<\/div>\n\t\t<div class=\"elementor-element elementor-element-ea768c6 e-flex e-con-boxed e-con e-parent\" data-id=\"ea768c6\" data-element_type=\"container\">\n\t\t\t\t\t<div class=\"e-con-inner\">\n\t\t<div class=\"elementor-element elementor-element-8194a01 e-con-full e-flex e-con e-parent\" data-id=\"8194a01\" data-element_type=\"container\">\n\t\t\t\t<div class=\"elementor-element elementor-element-b433e1e elementor-widget elementor-widget-image\" data-id=\"b433e1e\" data-element_type=\"widget\" data-widget_type=\"image.default\">\n\t\t\t\t<div class=\"elementor-widget-container\">\n\t\t\t\t\t\t\t\t\t\t\t\t\t<img decoding=\"async\" width=\"750\" height=\"750\" src=\"https:\/\/www.qualitester.com\/wp-content\/uploads\/2023\/04\/LSST-01-Leak-and-Seal-Strength-Tester.jpg\" class=\"attachment-large size-large wp-image-1719\" alt=\"\" srcset=\"https:\/\/www.qualitester.com\/wp-content\/uploads\/2023\/04\/LSST-01-Leak-and-Seal-Strength-Tester.jpg 750w, https:\/\/www.qualitester.com\/wp-content\/uploads\/2023\/04\/LSST-01-Leak-and-Seal-Strength-Tester-300x300.jpg 300w, https:\/\/www.qualitester.com\/wp-content\/uploads\/2023\/04\/LSST-01-Leak-and-Seal-Strength-Tester-150x150.jpg 150w, https:\/\/www.qualitester.com\/wp-content\/uploads\/2023\/04\/LSST-01-Leak-and-Seal-Strength-Tester-600x600.jpg 600w, https:\/\/www.qualitester.com\/wp-content\/uploads\/2023\/04\/LSST-01-Leak-and-Seal-Strength-Tester-100x100.jpg 100w\" sizes=\"(max-width: 750px) 100vw, 750px\" \/>\t\t\t\t\t\t\t\t\t\t\t\t\t<\/div>\n\t\t\t\t<\/div>\n\t\t\t\t<\/div>\n\t\t<div class=\"elementor-element elementor-element-e4da271 e-con-full e-flex e-con e-parent\" data-id=\"e4da271\" data-element_type=\"container\">\n\t\t\t\t<div class=\"elementor-element elementor-element-88c7448 elementor-widget elementor-widget-text-editor\" data-id=\"88c7448\" data-element_type=\"widget\" data-widget_type=\"text-editor.default\">\n\t\t\t\t<div class=\"elementor-widget-container\">\n\t\t\t\t\t\t\t<h6><strong>M\u0171szaki jellemz\u0151k<\/strong><\/h6><ul><li>PLC vez\u00e9relt egys\u00e9g (ipari szinten stabil) \u00e9s HMI \u00e9rint\u0151k\u00e9perny\u0151vel m\u0171k\u00f6dtetett.<\/li><li>A tesztel\u0151 h\u00e1rom vizsg\u00e1lati m\u00f3dot k\u00e9pes megval\u00f3s\u00edtani: a robban\u00e1s, a k\u00fasz\u00e1s \u00e9s a meghib\u00e1sod\u00e1sig tart\u00f3 k\u00fasz\u00e1s.<\/li><li>Teszteredm\u00e9ny automatikus statisztika \u00e9s t\u00e1rol\u00e1s.<\/li><li>\u00c9rz\u00e9kenys\u00e9g \u00e9s k\u00fcsz\u00f6b\u00e9rt\u00e9k szem\u00e9lyre szabott be\u00e1ll\u00edt\u00e1sa.<\/li><li>Fel lehet szerelni r\u00f6gz\u00edt\u0151lemezekkel.<\/li><li>Program testreszab\u00e1s el\u00e9rhet\u0151.<\/li><li>Standard nyom\u00e1s ak\u00e1r 600KPa (87 psi) \u00e9s a felhaszn\u00e1l\u00f3 ig\u00e9nyei szerint m\u00f3dos\u00edthat\u00f3<\/li><li>Kompatibilis m\u00e1s form\u00e1j\u00fa szerelv\u00e9nyekkel, hogy megk\u00f6nny\u00edtse a csomagol\u00e1si forma tesztel\u00e9s\u00e9t, mint p\u00e9ld\u00e1ul nyitott csomag (h\u00e1romoldalas lez\u00e1r\u00e1s), z\u00e1rt csomag, doy pack, cs\u0151, lez\u00e1rt t\u00e1lca \u00e9s poh\u00e1r stb.<\/li><\/ul>\t\t\t\t\t\t<\/div>\n\t\t\t\t<\/div>\n\t\t\t\t<\/div>\n\t\t\t\t\t<\/div>\n\t\t\t\t<\/div>\n\t\t<div class=\"elementor-element elementor-element-4a2e865 e-flex e-con-boxed e-con e-parent\" data-id=\"4a2e865\" data-element_type=\"container\">\n\t\t\t\t\t<div class=\"e-con-inner\">\n\t\t<div class=\"elementor-element elementor-element-6a65618 e-con-full e-flex e-con e-parent\" data-id=\"6a65618\" data-element_type=\"container\">\n\t\t\t\t<div class=\"elementor-element elementor-element-c5a4412 elementor-widget elementor-widget-image\" data-id=\"c5a4412\" data-element_type=\"widget\" data-widget_type=\"image.default\">\n\t\t\t\t<div class=\"elementor-widget-container\">\n\t\t\t\t\t\t\t\t\t\t\t\t\t<img decoding=\"async\" width=\"750\" height=\"750\" src=\"https:\/\/www.qualitester.com\/wp-content\/uploads\/2023\/04\/Leak-and-Seal-Strength-Tester-LSST-01-1.jpg\" class=\"attachment-large size-large wp-image-1717\" alt=\"\" srcset=\"https:\/\/www.qualitester.com\/wp-content\/uploads\/2023\/04\/Leak-and-Seal-Strength-Tester-LSST-01-1.jpg 750w, https:\/\/www.qualitester.com\/wp-content\/uploads\/2023\/04\/Leak-and-Seal-Strength-Tester-LSST-01-1-300x300.jpg 300w, https:\/\/www.qualitester.com\/wp-content\/uploads\/2023\/04\/Leak-and-Seal-Strength-Tester-LSST-01-1-150x150.jpg 150w, https:\/\/www.qualitester.com\/wp-content\/uploads\/2023\/04\/Leak-and-Seal-Strength-Tester-LSST-01-1-600x600.jpg 600w, https:\/\/www.qualitester.com\/wp-content\/uploads\/2023\/04\/Leak-and-Seal-Strength-Tester-LSST-01-1-100x100.jpg 100w\" sizes=\"(max-width: 750px) 100vw, 750px\" \/>\t\t\t\t\t\t\t\t\t\t\t\t\t<\/div>\n\t\t\t\t<\/div>\n\t\t\t\t<\/div>\n\t\t<div class=\"elementor-element elementor-element-edfb459 e-con-full e-flex e-con e-parent\" data-id=\"edfb459\" data-element_type=\"container\">\n\t\t\t\t<div class=\"elementor-element elementor-element-5946c3b elementor-widget elementor-widget-text-editor\" data-id=\"5946c3b\" data-element_type=\"widget\" data-widget_type=\"text-editor.default\">\n\t\t\t\t<div class=\"elementor-widget-container\">\n\t\t\t\t\t\t\t<h6><strong>F\u0151 param\u00e9terek<\/strong><\/h6><p><em>Vizsg\u00e1lati tartom\u00e1ny 0~-600KPa<\/em><\/p><p><em>Minta sz\u00e9less\u00e9ge 300mm (standard)<\/em><\/p><p><em>Felf\u00fajhat\u00f3 fej \u03a64mm<\/em><\/p><p><em>S\u0171r\u00edtett leveg\u0151 0,4 ~ 0,7MPa (a felhaszn\u00e1l\u00f3 \u00e1ltal k\u00e9sz\u00edtett)<\/em><\/p><p><em>Teljes\u00edtm\u00e9ny 110~220V 50\/60Hz<\/em><\/p>\t\t\t\t\t\t<\/div>\n\t\t\t\t<\/div>\n\t\t\t\t<\/div>\n\t\t\t\t\t<\/div>\n\t\t\t\t<\/div>\n\t\t<div class=\"elementor-element elementor-element-0c8e8fc e-flex e-con-boxed e-con e-parent\" data-id=\"0c8e8fc\" data-element_type=\"container\">\n\t\t\t\t\t<div class=\"e-con-inner\">\n\t\t\t\t<div class=\"elementor-element elementor-element-2473ce3 elementor-widget elementor-widget-wpforms\" data-id=\"2473ce3\" data-element_type=\"widget\" data-widget_type=\"wpforms.default\">\n\t\t\t\t<div class=\"elementor-widget-container\">\n\t\t\t<div class=\"wpforms-container\" id=\"wpforms-11\"><form id=\"wpforms-form-11\" class=\"wpforms-validate wpforms-form wpforms-ajax-form\" data-formid=\"11\" method=\"post\" enctype=\"multipart\/form-data\" action=\"\/hu\/wp-json\/wp\/v2\/product\/3018\" data-token=\"9d24770f1d10a347f14497a8d468f002\" data-trp-original-action=\"\/hu\/wp-json\/wp\/v2\/product\/3018\"><noscript class=\"wpforms-error-noscript\">K\u00e9rj\u00fck, enged\u00e9lyezze a JavaScriptet a b\u00f6ng\u00e9sz\u0151j\u00e9ben az \u0171rlap kit\u00f6lt\u00e9s\u00e9hez.<\/noscript><div class=\"wpforms-field-container\"><div id=\"wpforms-11-field_1-container\" class=\"wpforms-field wpforms-field-text\" data-field-id=\"1\"><label class=\"wpforms-field-label\" for=\"wpforms-11-field_1\">N\u00e9v <span class=\"wpforms-required-label\">*<\/span><\/label><input type=\"text\" id=\"wpforms-11-field_1\" class=\"wpforms-field-medium wpforms-field-required\" name=\"wpforms[fields][1]\" placeholder=\"N\u00e9v\" required><\/div><div id=\"wpforms-11-field_5-container\" class=\"wpforms-field wpforms-field-text\" data-field-id=\"5\"><label class=\"wpforms-field-label\" for=\"wpforms-11-field_5\">C\u00e9g<\/label><input type=\"text\" id=\"wpforms-11-field_5\" class=\"wpforms-field-medium\" name=\"wpforms[fields][5]\" ><\/div><div id=\"wpforms-11-field_4-container\" class=\"wpforms-field wpforms-field-number\" data-field-id=\"4\"><label class=\"wpforms-field-label\" for=\"wpforms-11-field_4\">Telefon<\/label><input type=\"number\" pattern=\"\\d*\" id=\"wpforms-11-field_4\" class=\"wpforms-field-medium\" name=\"wpforms[fields][4]\" placeholder=\"Telefon\" ><\/div><div id=\"wpforms-11-field_3-container\" class=\"wpforms-field wpforms-field-email\" data-field-id=\"3\"><label class=\"wpforms-field-label\" for=\"wpforms-11-field_3\">E-mail <span class=\"wpforms-required-label\">*<\/span><\/label><input type=\"email\" id=\"wpforms-11-field_3\" class=\"wpforms-field-medium wpforms-field-required\" name=\"wpforms[fields][3]\" placeholder=\"E-mail\" spellcheck=\"false\" required><\/div><div id=\"wpforms-11-field_2-container\" class=\"wpforms-field wpforms-field-textarea\" data-field-id=\"2\"><label class=\"wpforms-field-label\" for=\"wpforms-11-field_2\">\u00dczenet<\/label><textarea id=\"wpforms-11-field_2\" class=\"wpforms-field-large\" name=\"wpforms[fields][2]\" ><\/textarea><\/div><\/div><!-- .wpforms-field-container --><input type=\"hidden\" name=\"wpforms[recaptcha]\" value=\"\"><div class=\"wpforms-submit-container\" ><input type=\"hidden\" name=\"wpforms[id]\" value=\"11\"><input type=\"hidden\" name=\"wpforms[author]\" value=\"4\"><button type=\"submit\" name=\"wpforms[submit]\" id=\"wpforms-submit-11\" class=\"wpforms-submit\" data-alt-text=\"Submitting\" data-submit-text=\"Submit\" aria-live=\"assertive\" value=\"wpforms-submit\">K\u00fcldje be a<\/button><img loading=\"lazy\" decoding=\"async\" src=\"https:\/\/www.qualitester.com\/wp-content\/plugins\/wpforms-lite\/assets\/images\/submit-spin.svg\" class=\"wpforms-submit-spinner\" style=\"display: none;\" width=\"26\" height=\"26\" alt=\"Bet\u00f6lt\u00e9s\"><\/div><input type=\"hidden\" name=\"trp-form-language\" value=\"hu\"\/><\/form><\/div>  <!-- .wpforms-container -->\t\t<\/div>\n\t\t\t\t<\/div>\n\t\t\t\t\t<\/div>\n\t\t\t\t<\/div>\n\t\t\t\t<\/div>","protected":false},"excerpt":{"rendered":"<p>Az integrit\u00e1s vizsg\u00e1lata seg\u00edt biztos\u00edtani, hogy a minta biztos\u00edtja a sz\u00fcks\u00e9ges term\u00e9kv\u00e9delmet.<\/p>","protected":false},"featured_media":1717,"comment_status":"closed","ping_status":"closed","template":"","meta":{"site-sidebar-layout":"default","site-content-layout":"default","ast-global-header-display":"","ast-main-header-display":"","ast-hfb-above-header-display":"","ast-hfb-below-header-display":"","ast-hfb-mobile-header-display":"","site-post-title":"disabled","ast-breadcrumbs-content":"","ast-featured-img":"disabled","footer-sml-layout":"","theme-transparent-header-meta":"default","adv-header-id-meta":"","stick-header-meta":"","header-above-stick-meta":"","header-main-stick-meta":"","header-below-stick-meta":""},"product_cat":[17,149,16,99,108,109,100,156,95],"product_tag":[549,40,552,553,572,473,177,817],"class_list":{"0":"post-3018","1":"product","2":"type-product","3":"status-publish","4":"has-post-thumbnail","6":"product_cat-package-container-testers","7":"product_cat-pharma-and-medical-testers","8":"product_cat-plastic-packaging-testers","9":"product_cat-astm","10":"product_cat-astm-f1140","11":"product_cat-astm-f2054","12":"product_cat-iso","13":"product_cat-iso-11607","14":"product_cat-products","15":"product_tag-astm-f1140","16":"product_tag-astm-f2054","17":"product_tag-iso-11607","18":"product_tag-leak-testing","19":"product_tag-packaging-sealing-performance","20":"product_tag-positive-pressure-method","21":"product_tag-seal-strength","22":"product_tag-vacuum-storage-bags-strength","23":"desktop-align-left","24":"tablet-align-left","25":"mobile-align-left","27":"first","28":"instock","29":"shipping-taxable","30":"product-type-simple"},"_links":{"self":[{"href":"https:\/\/www.qualitester.com\/hu\/wp-json\/wp\/v2\/product\/3018","targetHints":{"allow":["GET"]}}],"collection":[{"href":"https:\/\/www.qualitester.com\/hu\/wp-json\/wp\/v2\/product"}],"about":[{"href":"https:\/\/www.qualitester.com\/hu\/wp-json\/wp\/v2\/types\/product"}],"replies":[{"embeddable":true,"href":"https:\/\/www.qualitester.com\/hu\/wp-json\/wp\/v2\/comments?post=3018"}],"version-history":[{"count":0,"href":"https:\/\/www.qualitester.com\/hu\/wp-json\/wp\/v2\/product\/3018\/revisions"}],"wp:featuredmedia":[{"embeddable":true,"href":"https:\/\/www.qualitester.com\/hu\/wp-json\/wp\/v2\/media\/1717"}],"wp:attachment":[{"href":"https:\/\/www.qualitester.com\/hu\/wp-json\/wp\/v2\/media?parent=3018"}],"wp:term":[{"taxonomy":"product_cat","embeddable":true,"href":"https:\/\/www.qualitester.com\/hu\/wp-json\/wp\/v2\/product_cat?post=3018"},{"taxonomy":"product_tag","embeddable":true,"href":"https:\/\/www.qualitester.com\/hu\/wp-json\/wp\/v2\/product_tag?post=3018"}],"curies":[{"name":"wp","href":"https:\/\/api.w.org\/{rel}","templated":true}]}}