{"id":2942,"date":"2023-07-24T10:49:11","date_gmt":"2023-07-24T02:49:11","guid":{"rendered":"https:\/\/www.qualitester.com\/?post_type=product&#038;p=2942"},"modified":"2024-12-04T14:14:45","modified_gmt":"2024-12-04T06:14:45","slug":"how-to-test-the-pharmaceutical-packaging-sealing-strength","status":"publish","type":"product","link":"https:\/\/www.qualitester.com\/hu\/termek\/how-to-test-the-pharmaceutical-packaging-sealing-strength\/","title":{"rendered":"How to Test the Pharmaceutical Packaging Sealing Strength?"},"content":{"rendered":"<div data-elementor-type=\"wp-post\" data-elementor-id=\"2942\" class=\"elementor elementor-2942\" data-elementor-post-type=\"product\">\n\t\t\t\t<div class=\"elementor-element elementor-element-25d0ee8 e-flex e-con-boxed e-con e-parent\" data-id=\"25d0ee8\" data-element_type=\"container\">\n\t\t\t\t\t<div class=\"e-con-inner\">\n\t\t<div class=\"elementor-element elementor-element-4bd5d70 e-con-full e-flex e-con e-parent\" data-id=\"4bd5d70\" data-element_type=\"container\">\n\t\t\t\t<div class=\"elementor-element elementor-element-53701e7 elementor-widget elementor-widget-image\" data-id=\"53701e7\" data-element_type=\"widget\" data-widget_type=\"image.default\">\n\t\t\t\t<div class=\"elementor-widget-container\">\n\t\t\t\t\t\t\t\t\t\t\t\t\t<img fetchpriority=\"high\" decoding=\"async\" width=\"750\" height=\"750\" src=\"https:\/\/www.qualitester.com\/wp-content\/uploads\/2023\/04\/Lt-01leak-tester.jpg\" class=\"attachment-large size-large wp-image-1725\" alt=\"\" srcset=\"https:\/\/www.qualitester.com\/wp-content\/uploads\/2023\/04\/Lt-01leak-tester.jpg 750w, https:\/\/www.qualitester.com\/wp-content\/uploads\/2023\/04\/Lt-01leak-tester-300x300.jpg 300w, https:\/\/www.qualitester.com\/wp-content\/uploads\/2023\/04\/Lt-01leak-tester-150x150.jpg 150w, https:\/\/www.qualitester.com\/wp-content\/uploads\/2023\/04\/Lt-01leak-tester-600x600.jpg 600w, https:\/\/www.qualitester.com\/wp-content\/uploads\/2023\/04\/Lt-01leak-tester-100x100.jpg 100w\" sizes=\"(max-width: 750px) 100vw, 750px\" \/>\t\t\t\t\t\t\t\t\t\t\t\t\t<\/div>\n\t\t\t\t<\/div>\n\t\t\t\t<\/div>\n\t\t<div class=\"elementor-element elementor-element-7035dc3 e-con-full e-flex e-con e-parent\" data-id=\"7035dc3\" data-element_type=\"container\">\n\t\t\t\t<div class=\"elementor-element elementor-element-6a55305 elementor-widget elementor-widget-text-editor\" data-id=\"6a55305\" data-element_type=\"widget\" data-widget_type=\"text-editor.default\">\n\t\t\t\t<div class=\"elementor-widget-container\">\n\t\t\t\t\t\t\t<h6><strong>Alkalmaz\u00e1s<\/strong><\/h6><p><em>A csomagol\u00e1sok t\u00f6m\u00edt\u00e9seinek integrit\u00e1s\u00e1nak vizsg\u00e1lata seg\u00edt biztos\u00edtani, hogy a csomagol\u00e1s a sz\u00fcks\u00e9ges term\u00e9kv\u00e9delmet biztos\u00edtsa. A fenntarthat\u00f3 csomagol\u00e1si alternat\u00edv\u00e1kat, az alacsonyabb k\u00f6lts\u00e9g\u0171 csomagol\u00e1sokat \u00e9s a gy\u00e1rt\u00f3sorok z\u00e1r\u00e1si param\u00e9tereinek elt\u00e9r\u00e9seit gyakran \u00e9rt\u00e9kelik a t\u00f6m\u00edt\u00e9s integrit\u00e1s\u00e1nak vizsg\u00e1lat\u00e1val. A csomagol\u00e1st\u00f6m\u00edt\u00e9sek megb\u00edzhat\u00f3s\u00e1g\u00e1nak fenntart\u00e1sa kritikus fontoss\u00e1g\u00fa a term\u00e9kmin\u0151s\u00e9g \u00e9s -biztons\u00e1g szempontj\u00e1b\u00f3l.<\/em> <\/p><h6><strong>Teszt Le\u00edr\u00e1s<\/strong><\/h6><p><em>A mint\u00e1t a v\u00edzzel t\u00f6lt\u00f6tt kamr\u00e1ba helyezz\u00fck. Ezut\u00e1n a kamr\u00e1t lefedj\u00fck egy fed\u00e9llel, \u00e9s j\u00f3l lez\u00e1rjuk. K\u00e9zzel nyissa ki a g\u00e1zkapcsol\u00f3t, \u00edgy s\u0171r\u00edtett leveg\u0151 \u00e1ramlik \u00e1t a venturi cs\u00f6v\u00f6n, hogy v\u00e1kuum be\u00e1raml\u00e1st biztos\u00edtson, amely a kamr\u00e1hoz csatlakozik. Egy g\u00e1zszab\u00e1lyoz\u00f3val be\u00e1ll\u00edthat\u00f3 a v\u00e1kuum m\u00e9rt\u00e9ke, \u00edgy a minta v\u00e1kuumos k\u00f6rnyezetben van. A minta belseje \u00e9s k\u00fclseje k\u00f6z\u00f6tti nyom\u00e1sk\u00fcl\u00f6nbs\u00e9g miatt a fejt\u00e9rg\u00e1z sziv\u00e1rg\u00e1s eset\u00e9n t\u00e1vozik. A sziv\u00e1rg\u00e1st a sziv\u00e1rg\u00e1si ter\u00fcletr\u0151l kil\u00e9p\u0151 bubor\u00e9k\u00e1raml\u00e1s mutatja.<\/em><\/p><p>\u00a0<\/p>\t\t\t\t\t\t<\/div>\n\t\t\t\t<\/div>\n\t\t\t\t<\/div>\n\t\t\t\t\t<\/div>\n\t\t\t\t<\/div>\n\t\t<div class=\"elementor-element elementor-element-2541963 e-flex e-con-boxed e-con e-parent\" data-id=\"2541963\" data-element_type=\"container\">\n\t\t\t\t\t<div class=\"e-con-inner\">\n\t\t<div class=\"elementor-element elementor-element-02de2ca e-con-full e-flex e-con e-parent\" data-id=\"02de2ca\" data-element_type=\"container\">\n\t\t\t\t<div class=\"elementor-element elementor-element-c61b18b elementor-widget elementor-widget-image\" data-id=\"c61b18b\" data-element_type=\"widget\" data-widget_type=\"image.default\">\n\t\t\t\t<div class=\"elementor-widget-container\">\n\t\t\t\t\t\t\t\t\t\t\t\t\t<img fetchpriority=\"high\" decoding=\"async\" width=\"750\" height=\"750\" src=\"https:\/\/www.qualitester.com\/wp-content\/uploads\/2023\/04\/Lt-01leak-tester.jpg\" class=\"attachment-large size-large wp-image-1725\" alt=\"\" srcset=\"https:\/\/www.qualitester.com\/wp-content\/uploads\/2023\/04\/Lt-01leak-tester.jpg 750w, https:\/\/www.qualitester.com\/wp-content\/uploads\/2023\/04\/Lt-01leak-tester-300x300.jpg 300w, https:\/\/www.qualitester.com\/wp-content\/uploads\/2023\/04\/Lt-01leak-tester-150x150.jpg 150w, https:\/\/www.qualitester.com\/wp-content\/uploads\/2023\/04\/Lt-01leak-tester-600x600.jpg 600w, https:\/\/www.qualitester.com\/wp-content\/uploads\/2023\/04\/Lt-01leak-tester-100x100.jpg 100w\" sizes=\"(max-width: 750px) 100vw, 750px\" \/>\t\t\t\t\t\t\t\t\t\t\t\t\t<\/div>\n\t\t\t\t<\/div>\n\t\t\t\t<\/div>\n\t\t<div class=\"elementor-element elementor-element-9480376 e-con-full e-flex e-con e-parent\" data-id=\"9480376\" data-element_type=\"container\">\n\t\t\t\t<div class=\"elementor-element elementor-element-06bf7f8 elementor-widget elementor-widget-text-editor\" data-id=\"06bf7f8\" data-element_type=\"widget\" data-widget_type=\"text-editor.default\">\n\t\t\t\t<div class=\"elementor-widget-container\">\n\t\t\t\t\t\t\t<h6><strong>M\u0171szaki jellemz\u0151k<\/strong><\/h6><p><em>Az LT-01 sziv\u00e1rg\u00e1svizsg\u00e1l\u00f3 a k\u00e9zi modell. Ez egy gazdas\u00e1gos, er\u0151s \u00e9s hossz\u00fa \u00e9lettartam\u00fa modell.<\/em><\/p><ul><li><em>A stabil v\u00e1kuum el\u00e9r\u00e9se \u00e9rdek\u00e9ben, \u00e9s figyelembe v\u00e9ve azt a t\u00e9nyt, hogy a s\u0171r\u00edtett leveg\u0151 k\u00f6nnyebben beszerezhet\u0151 a felhaszn\u00e1l\u00f3 l\u00e9tes\u00edtm\u00e9ny\u00e9ben, Venturi cs\u00f6vet haszn\u00e1lunk a magas szint\u0171 v\u00e1kuum el\u00e9r\u00e9s\u00e9hez, ak\u00e1r -90KPa-ig.<\/em><\/li><li><em>Er\u0151s \u00e9s tiszta kamra, ugyanolyan t\u00edpus\u00fa, mint az automata modelljeinkhez felszerelt; k\u00fcl\u00f6nb\u00f6z\u0151 m\u00e9retek \u00e9s form\u00e1k testre szabhat\u00f3k<\/em><\/li><li><em>M\u00f3dos\u00edthat\u00f3 v\u00e1kuumszivatty\u00faval val\u00f3 m\u0171k\u00f6d\u00e9sre, hogy nagyobb v\u00e1kuumot \u00e9rjen el (ASTM D4991)<\/em><\/li><li><em>Nincs sz\u00fcks\u00e9g kalibr\u00e1l\u00e1sra<\/em><\/li><li><em>Nincs sz\u00fcks\u00e9g \u00e1ramra<\/em><\/li><\/ul>\t\t\t\t\t\t<\/div>\n\t\t\t\t<\/div>\n\t\t\t\t<\/div>\n\t\t\t\t\t<\/div>\n\t\t\t\t<\/div>\n\t\t<div class=\"elementor-element elementor-element-fedbb4d e-flex e-con-boxed e-con e-parent\" data-id=\"fedbb4d\" data-element_type=\"container\">\n\t\t\t\t\t<div class=\"e-con-inner\">\n\t\t<div class=\"elementor-element elementor-element-ca5f134 e-con-full e-flex e-con e-parent\" data-id=\"ca5f134\" data-element_type=\"container\">\n\t\t\t\t<div class=\"elementor-element elementor-element-6cbc3b4 elementor-widget elementor-widget-image\" data-id=\"6cbc3b4\" data-element_type=\"widget\" data-widget_type=\"image.default\">\n\t\t\t\t<div class=\"elementor-widget-container\">\n\t\t\t\t\t\t\t\t\t\t\t\t\t<img decoding=\"async\" width=\"750\" height=\"750\" src=\"https:\/\/www.qualitester.com\/wp-content\/uploads\/2023\/04\/leak-tester-lt-01.jpg\" class=\"attachment-large size-large wp-image-1724\" alt=\"\" srcset=\"https:\/\/www.qualitester.com\/wp-content\/uploads\/2023\/04\/leak-tester-lt-01.jpg 750w, https:\/\/www.qualitester.com\/wp-content\/uploads\/2023\/04\/leak-tester-lt-01-300x300.jpg 300w, https:\/\/www.qualitester.com\/wp-content\/uploads\/2023\/04\/leak-tester-lt-01-150x150.jpg 150w, https:\/\/www.qualitester.com\/wp-content\/uploads\/2023\/04\/leak-tester-lt-01-600x600.jpg 600w, https:\/\/www.qualitester.com\/wp-content\/uploads\/2023\/04\/leak-tester-lt-01-100x100.jpg 100w, https:\/\/www.qualitester.com\/wp-content\/uploads\/2023\/04\/elementor\/thumbs\/leak-tester-lt-01-q5kh93o7opoiwnp999u5sbqq9138j2l84521ndx6xy.jpg 375w\" sizes=\"(max-width: 750px) 100vw, 750px\" \/>\t\t\t\t\t\t\t\t\t\t\t\t\t<\/div>\n\t\t\t\t<\/div>\n\t\t\t\t<\/div>\n\t\t<div class=\"elementor-element elementor-element-328b260 e-con-full e-flex e-con e-parent\" data-id=\"328b260\" data-element_type=\"container\">\n\t\t\t\t<div class=\"elementor-element elementor-element-0e8c403 elementor-widget elementor-widget-text-editor\" data-id=\"0e8c403\" data-element_type=\"widget\" data-widget_type=\"text-editor.default\">\n\t\t\t\t<div class=\"elementor-widget-container\">\n\t\t\t\t\t\t\t<h6><strong>F\u0151 param\u00e9terek<\/strong><\/h6><p><em>Vizsg\u00e1lati tartom\u00e1ny 0~-90 KPa<\/em><\/p><p><em>Kamra Akril henger alak\u00fa<\/em><\/p><p><em>\u03a6270 * H210mm (bels\u0151 haszn\u00e1lhat\u00f3)<\/em><\/p><p><em>S\u0171r\u00edtett leveg\u0151 0,7MPa (a felhaszn\u00e1l\u00f3 \u00e1ltal el\u0151k\u00e9sz\u00edtve)<\/em><\/p><p><em>Nincs sz\u00fcks\u00e9g villamos energi\u00e1ra<\/em><\/p>\t\t\t\t\t\t<\/div>\n\t\t\t\t<\/div>\n\t\t\t\t<\/div>\n\t\t\t\t\t<\/div>\n\t\t\t\t<\/div>\n\t\t<div class=\"elementor-element elementor-element-16a35e3 e-flex e-con-boxed e-con e-parent\" data-id=\"16a35e3\" data-element_type=\"container\">\n\t\t\t\t\t<div class=\"e-con-inner\">\n\t\t\t\t<div class=\"elementor-element elementor-element-b9a616f elementor-widget elementor-widget-wpforms\" data-id=\"b9a616f\" data-element_type=\"widget\" data-widget_type=\"wpforms.default\">\n\t\t\t\t<div class=\"elementor-widget-container\">\n\t\t\t<div class=\"wpforms-container\" id=\"wpforms-11\"><form id=\"wpforms-form-11\" class=\"wpforms-validate wpforms-form wpforms-ajax-form\" data-formid=\"11\" method=\"post\" enctype=\"multipart\/form-data\" action=\"\/hu\/wp-json\/wp\/v2\/product\/2942\" data-token=\"3e0856ec8ba4dc297cb677fbfdaa9ac0\" data-trp-original-action=\"\/hu\/wp-json\/wp\/v2\/product\/2942\"><noscript class=\"wpforms-error-noscript\">K\u00e9rj\u00fck, enged\u00e9lyezze a JavaScriptet a b\u00f6ng\u00e9sz\u0151j\u00e9ben az \u0171rlap kit\u00f6lt\u00e9s\u00e9hez.<\/noscript><div class=\"wpforms-field-container\"><div id=\"wpforms-11-field_1-container\" class=\"wpforms-field wpforms-field-text\" data-field-id=\"1\"><label class=\"wpforms-field-label\" for=\"wpforms-11-field_1\">N\u00e9v <span class=\"wpforms-required-label\">*<\/span><\/label><input type=\"text\" id=\"wpforms-11-field_1\" class=\"wpforms-field-medium wpforms-field-required\" name=\"wpforms[fields][1]\" placeholder=\"N\u00e9v\" required><\/div><div id=\"wpforms-11-field_5-container\" class=\"wpforms-field wpforms-field-text\" data-field-id=\"5\"><label class=\"wpforms-field-label\" for=\"wpforms-11-field_5\">C\u00e9g<\/label><input type=\"text\" id=\"wpforms-11-field_5\" class=\"wpforms-field-medium\" name=\"wpforms[fields][5]\" ><\/div><div id=\"wpforms-11-field_4-container\" class=\"wpforms-field wpforms-field-number\" data-field-id=\"4\"><label class=\"wpforms-field-label\" for=\"wpforms-11-field_4\">Telefon<\/label><input type=\"number\" pattern=\"\\d*\" id=\"wpforms-11-field_4\" class=\"wpforms-field-medium\" name=\"wpforms[fields][4]\" placeholder=\"Telefon\" ><\/div><div id=\"wpforms-11-field_3-container\" class=\"wpforms-field wpforms-field-email\" data-field-id=\"3\"><label class=\"wpforms-field-label\" for=\"wpforms-11-field_3\">E-mail <span class=\"wpforms-required-label\">*<\/span><\/label><input type=\"email\" id=\"wpforms-11-field_3\" class=\"wpforms-field-medium wpforms-field-required\" name=\"wpforms[fields][3]\" placeholder=\"E-mail\" spellcheck=\"false\" required><\/div><div id=\"wpforms-11-field_2-container\" class=\"wpforms-field wpforms-field-textarea\" data-field-id=\"2\"><label class=\"wpforms-field-label\" for=\"wpforms-11-field_2\">\u00dczenet<\/label><textarea id=\"wpforms-11-field_2\" class=\"wpforms-field-large\" name=\"wpforms[fields][2]\" ><\/textarea><\/div><\/div><!-- .wpforms-field-container --><input type=\"hidden\" name=\"wpforms[recaptcha]\" value=\"\"><div class=\"wpforms-submit-container\" ><input type=\"hidden\" name=\"wpforms[id]\" value=\"11\"><input type=\"hidden\" name=\"wpforms[author]\" value=\"4\"><button type=\"submit\" name=\"wpforms[submit]\" id=\"wpforms-submit-11\" class=\"wpforms-submit\" data-alt-text=\"Submitting\" data-submit-text=\"Submit\" aria-live=\"assertive\" value=\"wpforms-submit\">K\u00fcldje be a<\/button><img decoding=\"async\" src=\"https:\/\/www.qualitester.com\/wp-content\/plugins\/wpforms-lite\/assets\/images\/submit-spin.svg\" class=\"wpforms-submit-spinner\" style=\"display: none;\" width=\"26\" height=\"26\" alt=\"Bet\u00f6lt\u00e9s\"><\/div><input type=\"hidden\" name=\"trp-form-language\" value=\"hu\"\/><\/form><\/div>  <!-- .wpforms-container -->\t\t<\/div>\n\t\t\t\t<\/div>\n\t\t\t\t\t<\/div>\n\t\t\t\t<\/div>\n\t\t\t\t<\/div>","protected":false},"excerpt":{"rendered":"<p>A csomagol\u00e1sok t\u00f6m\u00edt\u00e9seinek integrit\u00e1s\u00e1nak vizsg\u00e1lata seg\u00edt biztos\u00edtani, hogy a csomagol\u00e1s a sz\u00fcks\u00e9ges term\u00e9kv\u00e9delmet biztos\u00edtsa.<\/p>","protected":false},"featured_media":1732,"comment_status":"closed","ping_status":"closed","template":"","meta":{"site-sidebar-layout":"default","site-content-layout":"default","ast-global-header-display":"","ast-main-header-display":"","ast-hfb-above-header-display":"","ast-hfb-below-header-display":"","ast-hfb-mobile-header-display":"","site-post-title":"disabled","ast-breadcrumbs-content":"","ast-featured-img":"disabled","footer-sml-layout":"","theme-transparent-header-meta":"default","adv-header-id-meta":"","stick-header-meta":"","header-above-stick-meta":"","header-main-stick-meta":"","header-below-stick-meta":""},"product_cat":[674,675,672,17,149,16,99,105,135,95],"product_tag":[357,358,536,424,572,761,177,366],"class_list":{"0":"post-2942","1":"product","2":"type-product","3":"status-publish","4":"has-post-thumbnail","6":"product_cat-test-items","7":"product_cat-leak-tester","8":"product_cat-applied-materials","9":"product_cat-package-container-testers","10":"product_cat-pharma-and-medical-testers","11":"product_cat-plastic-packaging-testers","12":"product_cat-astm","13":"product_cat-astm-d3078","14":"product_cat-astm-d4991","15":"product_cat-products","16":"product_tag-astm-d3078","17":"product_tag-astm-d4991","18":"product_tag-leak-test","19":"product_tag-negative-pressure-detection","20":"product_tag-packaging-sealing-performance","21":"product_tag-pharmaceutical-packaging-sealing-strength","22":"product_tag-seal-strength","23":"product_tag-sealed-packaging","24":"desktop-align-left","25":"tablet-align-left","26":"mobile-align-left","28":"first","29":"instock","30":"shipping-taxable","31":"product-type-simple"},"_links":{"self":[{"href":"https:\/\/www.qualitester.com\/hu\/wp-json\/wp\/v2\/product\/2942","targetHints":{"allow":["GET"]}}],"collection":[{"href":"https:\/\/www.qualitester.com\/hu\/wp-json\/wp\/v2\/product"}],"about":[{"href":"https:\/\/www.qualitester.com\/hu\/wp-json\/wp\/v2\/types\/product"}],"replies":[{"embeddable":true,"href":"https:\/\/www.qualitester.com\/hu\/wp-json\/wp\/v2\/comments?post=2942"}],"version-history":[{"count":0,"href":"https:\/\/www.qualitester.com\/hu\/wp-json\/wp\/v2\/product\/2942\/revisions"}],"wp:featuredmedia":[{"embeddable":true,"href":"https:\/\/www.qualitester.com\/hu\/wp-json\/wp\/v2\/media\/1732"}],"wp:attachment":[{"href":"https:\/\/www.qualitester.com\/hu\/wp-json\/wp\/v2\/media?parent=2942"}],"wp:term":[{"taxonomy":"product_cat","embeddable":true,"href":"https:\/\/www.qualitester.com\/hu\/wp-json\/wp\/v2\/product_cat?post=2942"},{"taxonomy":"product_tag","embeddable":true,"href":"https:\/\/www.qualitester.com\/hu\/wp-json\/wp\/v2\/product_tag?post=2942"}],"curies":[{"name":"wp","href":"https:\/\/api.w.org\/{rel}","templated":true}]}}