{"id":2900,"date":"2023-07-20T11:14:02","date_gmt":"2023-07-20T03:14:02","guid":{"rendered":"https:\/\/www.qualitester.com\/?post_type=product&#038;p=2900"},"modified":"2024-11-27T13:24:58","modified_gmt":"2024-11-27T05:24:58","slug":"how-to-determine-the-plastic-bags-heat-sealing-parameters","status":"publish","type":"product","link":"https:\/\/www.qualitester.com\/hu\/termek\/how-to-determine-the-plastic-bags-heat-sealing-parameters\/","title":{"rendered":"Hogyan hat\u00e1rozzuk meg a m\u0171anyag zacsk\u00f3k h\u0151szigetel\u0151 param\u00e9tereit?"},"content":{"rendered":"<div data-elementor-type=\"wp-post\" data-elementor-id=\"2900\" class=\"elementor elementor-2900\" data-elementor-post-type=\"product\">\n\t\t\t\t\t\t<section class=\"elementor-section elementor-top-section elementor-element elementor-element-67447f3 elementor-section-boxed elementor-section-height-default elementor-section-height-default\" data-id=\"67447f3\" data-element_type=\"section\">\n\t\t\t\t\t\t<div class=\"elementor-container elementor-column-gap-default\">\n\t\t\t\t\t<div class=\"elementor-column elementor-col-50 elementor-top-column elementor-element elementor-element-aa8956e\" data-id=\"aa8956e\" data-element_type=\"column\">\n\t\t\t<div class=\"elementor-widget-wrap elementor-element-populated\">\n\t\t\t\t\t\t<div class=\"elementor-element elementor-element-e051404 elementor-widget elementor-widget-image\" data-id=\"e051404\" data-element_type=\"widget\" data-widget_type=\"image.default\">\n\t\t\t\t<div class=\"elementor-widget-container\">\n\t\t\t\t\t\t\t\t\t\t\t\t\t<img fetchpriority=\"high\" decoding=\"async\" width=\"750\" height=\"750\" src=\"https:\/\/www.qualitester.com\/wp-content\/uploads\/2023\/04\/Heat-Seal-Tester-1.jpg\" class=\"attachment-large size-large wp-image-1562\" alt=\"\" srcset=\"https:\/\/www.qualitester.com\/wp-content\/uploads\/2023\/04\/Heat-Seal-Tester-1.jpg 750w, https:\/\/www.qualitester.com\/wp-content\/uploads\/2023\/04\/Heat-Seal-Tester-1-300x300.jpg 300w, https:\/\/www.qualitester.com\/wp-content\/uploads\/2023\/04\/Heat-Seal-Tester-1-100x100.jpg 100w, https:\/\/www.qualitester.com\/wp-content\/uploads\/2023\/04\/Heat-Seal-Tester-1-600x600.jpg 600w, https:\/\/www.qualitester.com\/wp-content\/uploads\/2023\/04\/Heat-Seal-Tester-1-150x150.jpg 150w\" sizes=\"(max-width: 750px) 100vw, 750px\" \/>\t\t\t\t\t\t\t\t\t\t\t\t\t<\/div>\n\t\t\t\t<\/div>\n\t\t\t\t\t<\/div>\n\t\t<\/div>\n\t\t\t\t<div class=\"elementor-column elementor-col-50 elementor-top-column elementor-element elementor-element-57d3751\" data-id=\"57d3751\" data-element_type=\"column\">\n\t\t\t<div class=\"elementor-widget-wrap elementor-element-populated\">\n\t\t\t\t\t\t<div class=\"elementor-element elementor-element-31cd7f3 elementor-widget elementor-widget-text-editor\" data-id=\"31cd7f3\" data-element_type=\"widget\" data-widget_type=\"text-editor.default\">\n\t\t\t\t<div class=\"elementor-widget-container\">\n\t\t\t\t\t\t\t<h6><strong>Alkalmaz\u00e1s<\/strong><\/h6><p><em>A h\u0151szigetel\u0151 tesztel\u0151t a f\u00f3li\u00e1k, lamin\u00e1tumok, kompozitok \u00e9s polimerek stb. fel\u00fclet\u00e9nek vagy t\u00f6m\u00edt\u0151r\u00e9teg\u00e9nek h\u0151szigetel\u0151 k\u00e9pess\u00e9g\u00e9nek m\u00e9r\u00e9s\u00e9re alkalmazz\u00e1k. Azt, hogy az anyag mennyire j\u00f3l h\u0151szigetel, a h\u0151m\u00e9rs\u00e9klet, az id\u0151 \u00e9s a nyom\u00e1s pecs\u00e9tel\u00e9si k\u00f6r\u00fclm\u00e9nyeinek f\u00fcggv\u00e9ny\u00e9ben pecs\u00e9tel\u0151szil\u00e1rds\u00e1gk\u00e9nt fejezz\u00fck ki mennyis\u00e9gileg.<\/em><\/p><h6><strong>Standard<\/strong><\/h6><p><em>ASTM F2029<\/em> <\/p>\t\t\t\t\t\t<\/div>\n\t\t\t\t<\/div>\n\t\t\t\t\t<\/div>\n\t\t<\/div>\n\t\t\t\t\t<\/div>\n\t\t<\/section>\n\t\t\t\t<section class=\"elementor-section elementor-top-section elementor-element elementor-element-ed6dd23 elementor-section-boxed elementor-section-height-default elementor-section-height-default\" data-id=\"ed6dd23\" data-element_type=\"section\">\n\t\t\t\t\t\t<div class=\"elementor-container elementor-column-gap-default\">\n\t\t\t\t\t<div class=\"elementor-column elementor-col-50 elementor-top-column elementor-element elementor-element-11dcd7c\" data-id=\"11dcd7c\" data-element_type=\"column\">\n\t\t\t<div class=\"elementor-widget-wrap elementor-element-populated\">\n\t\t\t\t\t\t<div class=\"elementor-element elementor-element-3917b4d elementor-widget elementor-widget-image\" data-id=\"3917b4d\" data-element_type=\"widget\" data-widget_type=\"image.default\">\n\t\t\t\t<div class=\"elementor-widget-container\">\n\t\t\t\t\t\t\t\t\t\t\t\t\t<img decoding=\"async\" width=\"750\" height=\"750\" src=\"https:\/\/www.qualitester.com\/wp-content\/uploads\/2023\/04\/Heat-Seal-Tester-HST-01-1.jpg\" class=\"attachment-large size-large wp-image-1561\" alt=\"\" srcset=\"https:\/\/www.qualitester.com\/wp-content\/uploads\/2023\/04\/Heat-Seal-Tester-HST-01-1.jpg 750w, https:\/\/www.qualitester.com\/wp-content\/uploads\/2023\/04\/Heat-Seal-Tester-HST-01-1-300x300.jpg 300w, https:\/\/www.qualitester.com\/wp-content\/uploads\/2023\/04\/Heat-Seal-Tester-HST-01-1-100x100.jpg 100w, https:\/\/www.qualitester.com\/wp-content\/uploads\/2023\/04\/Heat-Seal-Tester-HST-01-1-600x600.jpg 600w, https:\/\/www.qualitester.com\/wp-content\/uploads\/2023\/04\/Heat-Seal-Tester-HST-01-1-150x150.jpg 150w\" sizes=\"(max-width: 750px) 100vw, 750px\" \/>\t\t\t\t\t\t\t\t\t\t\t\t\t<\/div>\n\t\t\t\t<\/div>\n\t\t\t\t\t<\/div>\n\t\t<\/div>\n\t\t\t\t<div class=\"elementor-column elementor-col-50 elementor-top-column elementor-element elementor-element-d753da4\" data-id=\"d753da4\" data-element_type=\"column\">\n\t\t\t<div class=\"elementor-widget-wrap elementor-element-populated\">\n\t\t\t\t\t\t<div class=\"elementor-element elementor-element-02968b4 elementor-widget elementor-widget-text-editor\" data-id=\"02968b4\" data-element_type=\"widget\" data-widget_type=\"text-editor.default\">\n\t\t\t\t<div class=\"elementor-widget-container\">\n\t\t\t\t\t\t\t<h6><strong>M\u0171szaki jellemz\u0151<\/strong><\/h6><ul><li>HMI \u00e9rint\u0151k\u00e9perny\u0151vel m\u0171k\u00f6dtethet\u0151 <\/li><li>PLC \u00e9s nagy felbont\u00e1s\u00fa nyom\u00e1s\u00e9rz\u00e9kel\u0151 a pontos tart\u00f3zkod\u00e1si id\u0151h\u00f6z \u00e9s t\u00f6m\u00edt\u00e9si nyom\u00e1shoz <\/li><li>PLC \u00e9s nagy felbont\u00e1s\u00fa nyom\u00e1s\u00e9rz\u00e9kel\u0151 a pontos tart\u00f3zkod\u00e1si id\u0151h\u00f6z \u00e9s t\u00f6m\u00edt\u00e9si nyom\u00e1shoz <\/li><li>P.I.D. h\u0151m\u00e9rs\u00e9klet-szab\u00e1lyoz\u00e1s <\/li><li>Egyenletes f\u0171t\u00e9s az alum\u00ednium tokoz\u00e1s\u00fa t\u00f6m\u00edt\u0151pof\u00e1kkal <\/li><li>A t\u00f6m\u00edt\u0151pofa testreszab\u00e1sa el\u00e9rhet\u0151 a m\u00e9ret, az alak \u00e9s a fel\u00fclet stb. tekintet\u00e9ben <\/li><li>Param\u00e9terek digit\u00e1lis bemenet <\/li><li>Fels\u0151 \u00e9s als\u00f3 t\u00f6m\u00edt\u0151pof\u00e1k f\u00fcggetlen f\u0171t\u00e9se <\/li><li>K\u00e9zi \u00e9s l\u00e1bkapcsol\u00f3s ind\u00edt\u00e1si teszt, leforr\u00e1z\u00e1sg\u00e1tl\u00f3 kialak\u00edt\u00e1s<\/li><\/ul>\t\t\t\t\t\t<\/div>\n\t\t\t\t<\/div>\n\t\t\t\t\t<\/div>\n\t\t<\/div>\n\t\t\t\t\t<\/div>\n\t\t<\/section>\n\t\t\t\t<section class=\"elementor-section elementor-top-section elementor-element elementor-element-976be9c elementor-section-boxed elementor-section-height-default elementor-section-height-default\" data-id=\"976be9c\" data-element_type=\"section\">\n\t\t\t\t\t\t<div class=\"elementor-container elementor-column-gap-default\">\n\t\t\t\t\t<div class=\"elementor-column elementor-col-50 elementor-top-column elementor-element elementor-element-14bb9b0\" data-id=\"14bb9b0\" data-element_type=\"column\">\n\t\t\t<div class=\"elementor-widget-wrap elementor-element-populated\">\n\t\t\t\t\t\t<div class=\"elementor-element elementor-element-e86cf4c elementor-widget elementor-widget-image\" data-id=\"e86cf4c\" data-element_type=\"widget\" data-widget_type=\"image.default\">\n\t\t\t\t<div class=\"elementor-widget-container\">\n\t\t\t\t\t\t\t\t\t\t\t\t\t<img decoding=\"async\" width=\"750\" height=\"750\" src=\"https:\/\/www.qualitester.com\/wp-content\/uploads\/2023\/04\/HST-01-Heat-Seal-Tester-2.jpg\" class=\"attachment-large size-large wp-image-1563\" alt=\"\" srcset=\"https:\/\/www.qualitester.com\/wp-content\/uploads\/2023\/04\/HST-01-Heat-Seal-Tester-2.jpg 750w, https:\/\/www.qualitester.com\/wp-content\/uploads\/2023\/04\/HST-01-Heat-Seal-Tester-2-300x300.jpg 300w, https:\/\/www.qualitester.com\/wp-content\/uploads\/2023\/04\/HST-01-Heat-Seal-Tester-2-100x100.jpg 100w, https:\/\/www.qualitester.com\/wp-content\/uploads\/2023\/04\/HST-01-Heat-Seal-Tester-2-600x600.jpg 600w, https:\/\/www.qualitester.com\/wp-content\/uploads\/2023\/04\/HST-01-Heat-Seal-Tester-2-150x150.jpg 150w\" sizes=\"(max-width: 750px) 100vw, 750px\" \/>\t\t\t\t\t\t\t\t\t\t\t\t\t<\/div>\n\t\t\t\t<\/div>\n\t\t\t\t\t<\/div>\n\t\t<\/div>\n\t\t\t\t<div class=\"elementor-column elementor-col-50 elementor-top-column elementor-element elementor-element-b05b152\" data-id=\"b05b152\" data-element_type=\"column\">\n\t\t\t<div class=\"elementor-widget-wrap elementor-element-populated\">\n\t\t\t\t\t\t<div class=\"elementor-element elementor-element-7d83003 elementor-widget elementor-widget-text-editor\" data-id=\"7d83003\" data-element_type=\"widget\" data-widget_type=\"text-editor.default\">\n\t\t\t\t<div class=\"elementor-widget-container\">\n\t\t\t\t\t\t\t<h6><strong>Kulcsadatok<\/strong><\/h6><p><em>T\u00f6m\u00edt\u00e9si h\u0151m\u00e9rs\u00e9klet                     Szobatemp. \uff5e 300\u2103<\/em><\/p><p><em>Elt\u00e9r\u00e9s \u00b10,2 \u2103<\/em><\/p><p><em>T\u00f6m\u00edt\u00e9si id\u0151 0.1s\uff5e9999s<\/em><\/p><p><em>T\u00f6m\u00edt\u00e9si nyom\u00e1s 0,15 MPa \uff5e 0,7 MPa<\/em><\/p><p><em>Pecs\u00e9t\u00e1llkapcsok 330 mm \u00d7 10 mm (testreszabhat\u00f3)<\/em><\/p><p><em>G\u00e1znyom\u00e1s 0,7 MPa<\/em><\/p><p><em>Portm\u00e9ret \u04246 mm PU t\u00f6ml\u0151<\/em><\/p><p><em>M\u00e9retek 455mm (hossz\u00fas\u00e1g) \u00d7320mm (sz\u00e9less\u00e9g) \u00d7440mm (magass\u00e1g)<\/em><\/p><p><em>Teljes\u00edtm\u00e9ny AC 220V 50Hz (testreszab\u00e1s el\u00e9rhet\u0151)<\/em><\/p>\t\t\t\t\t\t<\/div>\n\t\t\t\t<\/div>\n\t\t\t\t\t<\/div>\n\t\t<\/div>\n\t\t\t\t\t<\/div>\n\t\t<\/section>\n\t\t\t\t<section class=\"elementor-section elementor-top-section elementor-element elementor-element-32057cd elementor-section-boxed elementor-section-height-default elementor-section-height-default\" data-id=\"32057cd\" data-element_type=\"section\">\n\t\t\t\t\t\t<div class=\"elementor-container elementor-column-gap-default\">\n\t\t\t\t\t<div class=\"elementor-column elementor-col-100 elementor-top-column elementor-element elementor-element-911ccc1\" data-id=\"911ccc1\" data-element_type=\"column\">\n\t\t\t<div class=\"elementor-widget-wrap elementor-element-populated\">\n\t\t\t\t\t\t<div class=\"elementor-element elementor-element-e56b00f elementor-widget elementor-widget-wpforms\" data-id=\"e56b00f\" data-element_type=\"widget\" data-widget_type=\"wpforms.default\">\n\t\t\t\t<div class=\"elementor-widget-container\">\n\t\t\t<div class=\"wpforms-container\" id=\"wpforms-11\"><form id=\"wpforms-form-11\" class=\"wpforms-validate wpforms-form wpforms-ajax-form\" data-formid=\"11\" method=\"post\" enctype=\"multipart\/form-data\" action=\"\/hu\/wp-json\/wp\/v2\/product\/2900\" data-token=\"247af31d49a1f4f920c155648b7dd2d5\" data-trp-original-action=\"\/hu\/wp-json\/wp\/v2\/product\/2900\"><noscript class=\"wpforms-error-noscript\">K\u00e9rj\u00fck, enged\u00e9lyezze a JavaScriptet a b\u00f6ng\u00e9sz\u0151j\u00e9ben az \u0171rlap kit\u00f6lt\u00e9s\u00e9hez.<\/noscript><div class=\"wpforms-field-container\"><div id=\"wpforms-11-field_1-container\" class=\"wpforms-field wpforms-field-text\" data-field-id=\"1\"><label class=\"wpforms-field-label\" for=\"wpforms-11-field_1\">N\u00e9v <span class=\"wpforms-required-label\">*<\/span><\/label><input type=\"text\" id=\"wpforms-11-field_1\" class=\"wpforms-field-medium wpforms-field-required\" name=\"wpforms[fields][1]\" placeholder=\"N\u00e9v\" required><\/div><div id=\"wpforms-11-field_5-container\" class=\"wpforms-field wpforms-field-text\" data-field-id=\"5\"><label class=\"wpforms-field-label\" for=\"wpforms-11-field_5\">C\u00e9g<\/label><input type=\"text\" id=\"wpforms-11-field_5\" class=\"wpforms-field-medium\" name=\"wpforms[fields][5]\" ><\/div><div id=\"wpforms-11-field_4-container\" class=\"wpforms-field wpforms-field-number\" data-field-id=\"4\"><label class=\"wpforms-field-label\" for=\"wpforms-11-field_4\">Telefon<\/label><input type=\"number\" pattern=\"\\d*\" id=\"wpforms-11-field_4\" class=\"wpforms-field-medium\" name=\"wpforms[fields][4]\" placeholder=\"Telefon\" ><\/div><div id=\"wpforms-11-field_3-container\" class=\"wpforms-field wpforms-field-email\" data-field-id=\"3\"><label class=\"wpforms-field-label\" for=\"wpforms-11-field_3\">E-mail <span class=\"wpforms-required-label\">*<\/span><\/label><input type=\"email\" id=\"wpforms-11-field_3\" class=\"wpforms-field-medium wpforms-field-required\" name=\"wpforms[fields][3]\" placeholder=\"E-mail\" spellcheck=\"false\" required><\/div><div id=\"wpforms-11-field_2-container\" class=\"wpforms-field wpforms-field-textarea\" data-field-id=\"2\"><label class=\"wpforms-field-label\" for=\"wpforms-11-field_2\">\u00dczenet<\/label><textarea id=\"wpforms-11-field_2\" class=\"wpforms-field-large\" name=\"wpforms[fields][2]\" ><\/textarea><\/div><\/div><!-- .wpforms-field-container --><input type=\"hidden\" name=\"wpforms[recaptcha]\" value=\"\"><div class=\"wpforms-submit-container\" ><input type=\"hidden\" name=\"wpforms[id]\" value=\"11\"><input type=\"hidden\" name=\"wpforms[author]\" value=\"4\"><button type=\"submit\" name=\"wpforms[submit]\" id=\"wpforms-submit-11\" class=\"wpforms-submit\" data-alt-text=\"Submitting\" data-submit-text=\"Submit\" aria-live=\"assertive\" value=\"wpforms-submit\">K\u00fcldje be a<\/button><img loading=\"lazy\" decoding=\"async\" src=\"https:\/\/www.qualitester.com\/wp-content\/plugins\/wpforms-lite\/assets\/images\/submit-spin.svg\" class=\"wpforms-submit-spinner\" style=\"display: none;\" width=\"26\" height=\"26\" alt=\"Bet\u00f6lt\u00e9s\"><\/div><input type=\"hidden\" name=\"trp-form-language\" value=\"hu\"\/><\/form><\/div>  <!-- .wpforms-container -->\t\t<\/div>\n\t\t\t\t<\/div>\n\t\t\t\t\t<\/div>\n\t\t<\/div>\n\t\t\t\t\t<\/div>\n\t\t<\/section>\n\t\t\t\t<\/div>","protected":false},"excerpt":{"rendered":"<p>A HST-01 k\u00e9pes m\u00e9rni a m\u0171anyag zacsk\u00f3k \u00e9s m\u00e1s h\u0151z\u00e1rhat\u00f3 lamin\u00e1tumok param\u00e9tereit a h\u0151z\u00e1r\u00e1si id\u0151, a nyom\u00e1s \u00e9s a h\u0151m\u00e9rs\u00e9klet tekintet\u00e9ben.<\/p>","protected":false},"featured_media":1562,"comment_status":"closed","ping_status":"closed","template":"","meta":{"site-sidebar-layout":"default","site-content-layout":"default","ast-global-header-display":"","ast-main-header-display":"","ast-hfb-above-header-display":"","ast-hfb-below-header-display":"","ast-hfb-mobile-header-display":"","site-post-title":"","ast-breadcrumbs-content":"","ast-featured-img":"","footer-sml-layout":"","theme-transparent-header-meta":"default","adv-header-id-meta":"","stick-header-meta":"","header-above-stick-meta":"","header-main-stick-meta":"","header-below-stick-meta":""},"product_cat":[677,149,16,142],"product_tag":[64,731,732,730,733],"class_list":{"0":"post-2900","1":"product","2":"type-product","3":"status-publish","4":"has-post-thumbnail","6":"product_cat-heat-seal-tester","7":"product_cat-pharma-and-medical-testers","8":"product_cat-plastic-packaging-testers","9":"product_cat-astm-f2029","10":"product_tag-astm-f2029","11":"product_tag-heat-seal-pressure","12":"product_tag-heat-seal-temperature","13":"product_tag-heat-seal-test","14":"product_tag-heat-seal-time","15":"desktop-align-left","16":"tablet-align-left","17":"mobile-align-left","19":"first","20":"instock","21":"shipping-taxable","22":"product-type-simple"},"_links":{"self":[{"href":"https:\/\/www.qualitester.com\/hu\/wp-json\/wp\/v2\/product\/2900","targetHints":{"allow":["GET"]}}],"collection":[{"href":"https:\/\/www.qualitester.com\/hu\/wp-json\/wp\/v2\/product"}],"about":[{"href":"https:\/\/www.qualitester.com\/hu\/wp-json\/wp\/v2\/types\/product"}],"replies":[{"embeddable":true,"href":"https:\/\/www.qualitester.com\/hu\/wp-json\/wp\/v2\/comments?post=2900"}],"version-history":[{"count":0,"href":"https:\/\/www.qualitester.com\/hu\/wp-json\/wp\/v2\/product\/2900\/revisions"}],"wp:featuredmedia":[{"embeddable":true,"href":"https:\/\/www.qualitester.com\/hu\/wp-json\/wp\/v2\/media\/1562"}],"wp:attachment":[{"href":"https:\/\/www.qualitester.com\/hu\/wp-json\/wp\/v2\/media?parent=2900"}],"wp:term":[{"taxonomy":"product_cat","embeddable":true,"href":"https:\/\/www.qualitester.com\/hu\/wp-json\/wp\/v2\/product_cat?post=2900"},{"taxonomy":"product_tag","embeddable":true,"href":"https:\/\/www.qualitester.com\/hu\/wp-json\/wp\/v2\/product_tag?post=2900"}],"curies":[{"name":"wp","href":"https:\/\/api.w.org\/{rel}","templated":true}]}}