{"id":2845,"date":"2023-07-18T13:58:07","date_gmt":"2023-07-18T05:58:07","guid":{"rendered":"https:\/\/www.qualitester.com\/?post_type=product&#038;p=2845"},"modified":"2024-11-20T13:13:00","modified_gmt":"2024-11-20T05:13:00","slug":"digital-film-coefficient-of-friction-tester-cof-tester","status":"publish","type":"product","link":"https:\/\/www.qualitester.com\/hu\/termek\/digital-film-coefficient-of-friction-tester-cof-tester\/","title":{"rendered":"Digit\u00e1lis film s\u00farl\u00f3d\u00e1si egy\u00fctthat\u00f3 tesztel\u0151 COF tesztel\u0151"},"content":{"rendered":"<div data-elementor-type=\"wp-post\" data-elementor-id=\"2845\" class=\"elementor elementor-2845\" data-elementor-post-type=\"product\">\n\t\t\t\t\t\t<section class=\"elementor-section elementor-top-section elementor-element elementor-element-3c6dd13 elementor-section-boxed elementor-section-height-default elementor-section-height-default\" data-id=\"3c6dd13\" data-element_type=\"section\">\n\t\t\t\t\t\t<div class=\"elementor-container elementor-column-gap-default\">\n\t\t\t\t\t<div class=\"elementor-column elementor-col-50 elementor-top-column elementor-element elementor-element-20957ab\" data-id=\"20957ab\" data-element_type=\"column\">\n\t\t\t<div class=\"elementor-widget-wrap elementor-element-populated\">\n\t\t\t\t\t\t<div class=\"elementor-element elementor-element-d9ef681 elementor-widget elementor-widget-image\" data-id=\"d9ef681\" data-element_type=\"widget\" data-widget_type=\"image.default\">\n\t\t\t\t<div class=\"elementor-widget-container\">\n\t\t\t\t\t\t\t\t\t\t\t\t\t<img fetchpriority=\"high\" decoding=\"async\" width=\"750\" height=\"750\" src=\"https:\/\/www.qualitester.com\/wp-content\/uploads\/2023\/04\/Coefficient-of-Friction-Tester-COF-01-1.jpg\" class=\"attachment-large size-large wp-image-1472\" alt=\"\" srcset=\"https:\/\/www.qualitester.com\/wp-content\/uploads\/2023\/04\/Coefficient-of-Friction-Tester-COF-01-1.jpg 750w, https:\/\/www.qualitester.com\/wp-content\/uploads\/2023\/04\/Coefficient-of-Friction-Tester-COF-01-1-300x300.jpg 300w, https:\/\/www.qualitester.com\/wp-content\/uploads\/2023\/04\/Coefficient-of-Friction-Tester-COF-01-1-100x100.jpg 100w, https:\/\/www.qualitester.com\/wp-content\/uploads\/2023\/04\/Coefficient-of-Friction-Tester-COF-01-1-600x600.jpg 600w, https:\/\/www.qualitester.com\/wp-content\/uploads\/2023\/04\/Coefficient-of-Friction-Tester-COF-01-1-150x150.jpg 150w\" sizes=\"(max-width: 750px) 100vw, 750px\" \/>\t\t\t\t\t\t\t\t\t\t\t\t\t<\/div>\n\t\t\t\t<\/div>\n\t\t\t\t\t<\/div>\n\t\t<\/div>\n\t\t\t\t<div class=\"elementor-column elementor-col-50 elementor-top-column elementor-element elementor-element-7a05e15\" data-id=\"7a05e15\" data-element_type=\"column\">\n\t\t\t<div class=\"elementor-widget-wrap elementor-element-populated\">\n\t\t\t\t\t\t<div class=\"elementor-element elementor-element-38ae7a1 elementor-widget elementor-widget-text-editor\" data-id=\"38ae7a1\" data-element_type=\"widget\" data-widget_type=\"text-editor.default\">\n\t\t\t\t<div class=\"elementor-widget-container\">\n\t\t\t\t\t\t\t<h6><strong>H\u00e1tt\u00e9r<\/strong><\/h6><p><em>A s\u00farl\u00f3d\u00e1si egy\u00fctthat\u00f3 a k\u00e9t fel\u00fclet k\u00f6z\u00f6tti s\u00farl\u00f3d\u00e1s m\u00e9rt\u00e9ke. A s\u00farl\u00f3d\u00e1si egy\u00fctthat\u00f3 alacsony \u00e9rt\u00e9ke azt jelenti, hogy a cs\u00fasz\u00e1shoz kisebb er\u0151re van sz\u00fcks\u00e9g. A magasabb \u00e9rt\u00e9k azt jelenti, hogy nagyobb er\u0151re van sz\u00fcks\u00e9g. <\/em><br \/><em>A COF az egym\u00e1ssal k\u00f6lcs\u00f6nhat\u00e1sban l\u00e9v\u0151 anyagokt\u00f3l f\u00fcgg\u0151en elt\u00e9r\u0151 lesz. A csomagol\u00f3f\u00f3lia COF a csomagol\u00f3anyag \u2018cs\u00fasz\u00e1s\u00e1nak\u2019 szintj\u00e9re utal, amikor a csomagol\u00f3g\u00e9p k\u00fcl\u00f6nb\u00f6z\u0151 r\u00e9szeivel vagy anyagaival k\u00f6lcs\u00f6nhat\u00e1sba l\u00e9p. <\/em><br \/><em>A COF szab\u00e1lyoz\u00e1sa fontos a teljes\u00edtm\u00e9ny optimaliz\u00e1l\u00e1s\u00e1ban \u00e9s a csomagok form\u00e1z\u00e1sa, sz\u00e1ll\u00edt\u00e1sa \u00e9s t\u00e1rol\u00e1sa sor\u00e1n felmer\u00fcl\u0151 probl\u00e9m\u00e1k elker\u00fcl\u00e9s\u00e9ben. A COF-et sz\u00e1mos t\u00e9nyez\u0151 befoly\u00e1solhatja, bele\u00e9rtve a blokkol\u00e1sg\u00e1tl\u00f3 adal\u00e9kanyagokat, a koronakezel\u00e9st, az antisztatokat, a tint\u00e1kat, a lakkokat \u00e9s a ragaszt\u00f3kat.<\/em><\/p><h6><strong>Alkalmaz\u00e1s<\/strong><\/h6><p><em>A COF-01 s\u00farl\u00f3d\u00e1si egy\u00fctthat\u00f3t m\u00e9r\u0151 k\u00e9sz\u00fcl\u00e9k a m\u0171anyag f\u00f3li\u00e1k, lemezek, gumi, pap\u00edr, karton, sz\u00f6v\u00f6tt \u00e9s nem sz\u0151tt anyagok, sz\u00f6vetek, f\u00e9m-m\u0171anyag kompozit szalagok, kommunik\u00e1ci\u00f3s k\u00e1belek, sz\u00e1ll\u00edt\u00f3szalagok, fa, bevonatok, f\u00e9kbet\u00e9tek, sz\u00e9lv\u00e9d\u0151t\u00f6rl\u0151k, cip\u0151anyagok \u00e9s gumiabroncsok statikus \u00e9s kinetikus s\u00farl\u00f3d\u00e1si egy\u00fctthat\u00f3j\u00e1nak m\u00e9r\u00e9s\u00e9re szolg\u00e1l. M\u00f3dos\u00edt\u00e1ssal sz\u00e1mos m\u00e1s t\u00edpus\u00fa anyaghoz \u00e9s vizsg\u00e1lati szabv\u00e1nyhoz is haszn\u00e1lhat\u00f3.<\/em><\/p>\t\t\t\t\t\t<\/div>\n\t\t\t\t<\/div>\n\t\t\t\t\t<\/div>\n\t\t<\/div>\n\t\t\t\t\t<\/div>\n\t\t<\/section>\n\t\t\t\t<section class=\"elementor-section elementor-top-section elementor-element elementor-element-f2765f3 elementor-section-boxed elementor-section-height-default elementor-section-height-default\" data-id=\"f2765f3\" data-element_type=\"section\">\n\t\t\t\t\t\t<div class=\"elementor-container elementor-column-gap-default\">\n\t\t\t\t\t<div class=\"elementor-column elementor-col-50 elementor-top-column elementor-element elementor-element-61f4ef5\" data-id=\"61f4ef5\" data-element_type=\"column\">\n\t\t\t<div class=\"elementor-widget-wrap elementor-element-populated\">\n\t\t\t\t\t\t<div class=\"elementor-element elementor-element-5c727b4 elementor-widget elementor-widget-image\" data-id=\"5c727b4\" data-element_type=\"widget\" data-widget_type=\"image.default\">\n\t\t\t\t<div class=\"elementor-widget-container\">\n\t\t\t\t\t\t\t\t\t\t\t\t\t<img decoding=\"async\" width=\"750\" height=\"750\" src=\"https:\/\/www.qualitester.com\/wp-content\/uploads\/2023\/04\/COF-01-Coefficient-of-Friction-Tester.jpg\" class=\"attachment-large size-large wp-image-1474\" alt=\"\" srcset=\"https:\/\/www.qualitester.com\/wp-content\/uploads\/2023\/04\/COF-01-Coefficient-of-Friction-Tester.jpg 750w, https:\/\/www.qualitester.com\/wp-content\/uploads\/2023\/04\/COF-01-Coefficient-of-Friction-Tester-300x300.jpg 300w, https:\/\/www.qualitester.com\/wp-content\/uploads\/2023\/04\/COF-01-Coefficient-of-Friction-Tester-100x100.jpg 100w, https:\/\/www.qualitester.com\/wp-content\/uploads\/2023\/04\/COF-01-Coefficient-of-Friction-Tester-600x600.jpg 600w, https:\/\/www.qualitester.com\/wp-content\/uploads\/2023\/04\/COF-01-Coefficient-of-Friction-Tester-150x150.jpg 150w\" sizes=\"(max-width: 750px) 100vw, 750px\" \/>\t\t\t\t\t\t\t\t\t\t\t\t\t<\/div>\n\t\t\t\t<\/div>\n\t\t\t\t\t<\/div>\n\t\t<\/div>\n\t\t\t\t<div class=\"elementor-column elementor-col-50 elementor-top-column elementor-element elementor-element-f97400e\" data-id=\"f97400e\" data-element_type=\"column\">\n\t\t\t<div class=\"elementor-widget-wrap elementor-element-populated\">\n\t\t\t\t\t\t<div class=\"elementor-element elementor-element-fa99f8f elementor-widget elementor-widget-text-editor\" data-id=\"fa99f8f\" data-element_type=\"widget\" data-widget_type=\"text-editor.default\">\n\t\t\t\t<div class=\"elementor-widget-container\">\n\t\t\t\t\t\t\t<h6><strong>M\u0171szaki jellemz\u0151k<\/strong><\/h6><p><em>A COF-01 s\u00farl\u00f3d\u00e1si egy\u00fctthat\u00f3t vizsg\u00e1l\u00f3 k\u00e9sz\u00fcl\u00e9k a kezdetek \u00f3ta seg\u00edti a rugalmas ipar\u00e1gat. PLC-vez\u00e9rl\u00e9st \u00e9s HMI (ember-g\u00e9p interf\u00e9sz) \u00e9rint\u0151k\u00e9perny\u0151t haszn\u00e1l. Az ipari oszt\u00e1ly\u00fa kialak\u00edt\u00e1s biztos\u00edtja a stabilit\u00e1st \u00e9s a hossz\u00fa \u00e9lettartamot.<\/em><\/p><ul><li><em>PLC vez\u00e9rl\u0151egys\u00e9geket \u00e9s HMI \u00e9rint\u0151k\u00e9perny\u0151t haszn\u00e1l.<\/em><\/li><li><em>L\u00e9p\u00e9ses motor \u00e9s prec\u00edzi\u00f3s goly\u00f3s vezet\u0151csavaros meghajt\u00f3 mechanizmus.<\/em><\/li><li><em>Val\u00f3s idej\u0171 tesztg\u00f6rbe kijelz\u00e9s, max, min \u00e9s \u00e1tlagos teszteredm\u00e9ny automatikus r\u00f6gz\u00edt\u00e9se.<\/em><\/li><li><em>Statikus \u00e9s kinetikus s\u00farl\u00f3d\u00e1si egy\u00fctthat\u00f3 \u00e9s m\u00e9r\u00e9s.<\/em><\/li><li><em>Megfelel t\u00f6bb vizsg\u00e1lati szabv\u00e1nynak.<\/em><\/li><li><em>Be\u00e1gyazott pontm\u00e1trix t\u00edpus\u00fa mikronyomtat\u00f3.<\/em><\/li><li><em>Teljesen alum\u00ednium tesztrep\u00fcl\u0151g\u00e9p.<\/em><\/li><li><em>RS232 kimenet \u00e9s professzion\u00e1lis szoftver (opcion\u00e1lis)<\/em><\/li><li><em>Helyi nyelvi megjelen\u00edt\u00e9s t\u00e1mogat\u00e1sa<\/em><\/li><\/ul>\t\t\t\t\t\t<\/div>\n\t\t\t\t<\/div>\n\t\t\t\t\t<\/div>\n\t\t<\/div>\n\t\t\t\t\t<\/div>\n\t\t<\/section>\n\t\t\t\t<section class=\"elementor-section elementor-top-section elementor-element elementor-element-1ccdde6 elementor-section-boxed elementor-section-height-default elementor-section-height-default\" data-id=\"1ccdde6\" data-element_type=\"section\">\n\t\t\t\t\t\t<div class=\"elementor-container elementor-column-gap-default\">\n\t\t\t\t\t<div class=\"elementor-column elementor-col-50 elementor-top-column elementor-element elementor-element-649e46d\" data-id=\"649e46d\" data-element_type=\"column\">\n\t\t\t<div class=\"elementor-widget-wrap elementor-element-populated\">\n\t\t\t\t\t\t<div class=\"elementor-element elementor-element-351b82d elementor-widget elementor-widget-image\" data-id=\"351b82d\" data-element_type=\"widget\" data-widget_type=\"image.default\">\n\t\t\t\t<div class=\"elementor-widget-container\">\n\t\t\t\t\t\t\t\t\t\t\t\t\t<img decoding=\"async\" width=\"750\" height=\"750\" src=\"https:\/\/www.qualitester.com\/wp-content\/uploads\/2023\/04\/COF-01-Coefficient-of-Friction-Tester.jpg\" class=\"attachment-large size-large wp-image-1474\" alt=\"\" srcset=\"https:\/\/www.qualitester.com\/wp-content\/uploads\/2023\/04\/COF-01-Coefficient-of-Friction-Tester.jpg 750w, https:\/\/www.qualitester.com\/wp-content\/uploads\/2023\/04\/COF-01-Coefficient-of-Friction-Tester-300x300.jpg 300w, https:\/\/www.qualitester.com\/wp-content\/uploads\/2023\/04\/COF-01-Coefficient-of-Friction-Tester-100x100.jpg 100w, https:\/\/www.qualitester.com\/wp-content\/uploads\/2023\/04\/COF-01-Coefficient-of-Friction-Tester-600x600.jpg 600w, https:\/\/www.qualitester.com\/wp-content\/uploads\/2023\/04\/COF-01-Coefficient-of-Friction-Tester-150x150.jpg 150w\" sizes=\"(max-width: 750px) 100vw, 750px\" \/>\t\t\t\t\t\t\t\t\t\t\t\t\t<\/div>\n\t\t\t\t<\/div>\n\t\t\t\t\t<\/div>\n\t\t<\/div>\n\t\t\t\t<div class=\"elementor-column elementor-col-50 elementor-top-column elementor-element elementor-element-c4a7507\" data-id=\"c4a7507\" data-element_type=\"column\">\n\t\t\t<div class=\"elementor-widget-wrap elementor-element-populated\">\n\t\t\t\t\t\t<div class=\"elementor-element elementor-element-3d3b93a elementor-widget elementor-widget-text-editor\" data-id=\"3d3b93a\" data-element_type=\"widget\" data-widget_type=\"text-editor.default\">\n\t\t\t\t<div class=\"elementor-widget-container\">\n\t\t\t\t\t\t\t<h6><strong>F\u0151 param\u00e9terek<\/strong><\/h6><p><em>Terhel\u00e9scell\u00e1s 5 N (vagy sz\u00fcks\u00e9g szerint)<\/em><\/p><p><em>Pontoss\u00e1g 0,5 F.S.<\/em><\/p><p><em>Sz\u00e1nk\u00f3 200 g (vagy sz\u00fcks\u00e9g szerint)<\/em><\/p><p><em>Sz\u00e1n m\u00e9rete 63.5mm * 63.5mm (vagy ig\u00e9ny szerint)<\/em><\/p><p><em>Vizsg\u00e1lati sebess\u00e9g 100mm\/min (ISO), 150mm\/min (ASTM)<\/em><\/p><p><em>Dimensions 540mm(L)*380mm(W)*240mm(H)<\/em><\/p><p><em>S\u00faly NW 21kg<\/em><\/p><p><em>T\u00e1pell\u00e1t\u00e1s 110-~220V 50\/60Hz\u00a0<\/em><\/p><h6><strong>F\u0151bb szabv\u00e1nyok<\/strong><\/h6><p><em>ASTM D1894, ISO 8295, TAPPI T816, GB 10006 <\/em><\/p>\t\t\t\t\t\t<\/div>\n\t\t\t\t<\/div>\n\t\t\t\t\t<\/div>\n\t\t<\/div>\n\t\t\t\t\t<\/div>\n\t\t<\/section>\n\t\t\t\t<section class=\"elementor-section elementor-top-section elementor-element elementor-element-8809266 elementor-section-boxed elementor-section-height-default elementor-section-height-default\" data-id=\"8809266\" data-element_type=\"section\">\n\t\t\t\t\t\t<div class=\"elementor-container elementor-column-gap-default\">\n\t\t\t\t\t<div class=\"elementor-column elementor-col-100 elementor-top-column elementor-element elementor-element-1561530\" data-id=\"1561530\" data-element_type=\"column\">\n\t\t\t<div class=\"elementor-widget-wrap elementor-element-populated\">\n\t\t\t\t\t\t<div class=\"elementor-element elementor-element-f358ec6 elementor-widget elementor-widget-wpforms\" data-id=\"f358ec6\" data-element_type=\"widget\" data-widget_type=\"wpforms.default\">\n\t\t\t\t<div class=\"elementor-widget-container\">\n\t\t\t<div class=\"wpforms-container\" id=\"wpforms-11\"><form id=\"wpforms-form-11\" class=\"wpforms-validate wpforms-form wpforms-ajax-form\" data-formid=\"11\" method=\"post\" enctype=\"multipart\/form-data\" action=\"\/hu\/wp-json\/wp\/v2\/product\/2845\" data-token=\"ebf49c1ce04dfaef27d4b4767a96eeec\" data-trp-original-action=\"\/hu\/wp-json\/wp\/v2\/product\/2845\"><noscript class=\"wpforms-error-noscript\">K\u00e9rj\u00fck, enged\u00e9lyezze a JavaScriptet a b\u00f6ng\u00e9sz\u0151j\u00e9ben az \u0171rlap kit\u00f6lt\u00e9s\u00e9hez.<\/noscript><div class=\"wpforms-field-container\"><div id=\"wpforms-11-field_1-container\" class=\"wpforms-field wpforms-field-text\" data-field-id=\"1\"><label class=\"wpforms-field-label\" for=\"wpforms-11-field_1\">N\u00e9v <span class=\"wpforms-required-label\">*<\/span><\/label><input type=\"text\" id=\"wpforms-11-field_1\" class=\"wpforms-field-medium wpforms-field-required\" name=\"wpforms[fields][1]\" placeholder=\"N\u00e9v\" required><\/div><div id=\"wpforms-11-field_5-container\" class=\"wpforms-field wpforms-field-text\" data-field-id=\"5\"><label class=\"wpforms-field-label\" for=\"wpforms-11-field_5\">C\u00e9g<\/label><input type=\"text\" id=\"wpforms-11-field_5\" class=\"wpforms-field-medium\" name=\"wpforms[fields][5]\" ><\/div><div id=\"wpforms-11-field_4-container\" class=\"wpforms-field wpforms-field-number\" data-field-id=\"4\"><label class=\"wpforms-field-label\" for=\"wpforms-11-field_4\">Telefon<\/label><input type=\"number\" pattern=\"\\d*\" id=\"wpforms-11-field_4\" class=\"wpforms-field-medium\" name=\"wpforms[fields][4]\" placeholder=\"Telefon\" ><\/div><div id=\"wpforms-11-field_3-container\" class=\"wpforms-field wpforms-field-email\" data-field-id=\"3\"><label class=\"wpforms-field-label\" for=\"wpforms-11-field_3\">E-mail <span class=\"wpforms-required-label\">*<\/span><\/label><input type=\"email\" id=\"wpforms-11-field_3\" class=\"wpforms-field-medium wpforms-field-required\" name=\"wpforms[fields][3]\" placeholder=\"E-mail\" spellcheck=\"false\" required><\/div><div id=\"wpforms-11-field_2-container\" class=\"wpforms-field wpforms-field-textarea\" data-field-id=\"2\"><label class=\"wpforms-field-label\" for=\"wpforms-11-field_2\">\u00dczenet<\/label><textarea id=\"wpforms-11-field_2\" class=\"wpforms-field-large\" name=\"wpforms[fields][2]\" ><\/textarea><\/div><\/div><!-- .wpforms-field-container --><input type=\"hidden\" name=\"wpforms[recaptcha]\" value=\"\"><div class=\"wpforms-submit-container\" ><input type=\"hidden\" name=\"wpforms[id]\" value=\"11\"><input type=\"hidden\" name=\"wpforms[author]\" value=\"4\"><button type=\"submit\" name=\"wpforms[submit]\" id=\"wpforms-submit-11\" class=\"wpforms-submit\" data-alt-text=\"Submitting\" data-submit-text=\"Submit\" aria-live=\"assertive\" value=\"wpforms-submit\">K\u00fcldje be a<\/button><img decoding=\"async\" src=\"https:\/\/www.qualitester.com\/wp-content\/plugins\/wpforms-lite\/assets\/images\/submit-spin.svg\" class=\"wpforms-submit-spinner\" style=\"display: none;\" width=\"26\" height=\"26\" alt=\"Bet\u00f6lt\u00e9s\"><\/div><input type=\"hidden\" name=\"trp-form-language\" value=\"hu\"\/><\/form><\/div>  <!-- .wpforms-container -->\t\t<\/div>\n\t\t\t\t<\/div>\n\t\t\t\t\t<\/div>\n\t\t<\/div>\n\t\t\t\t\t<\/div>\n\t\t<\/section>\n\t\t\t\t<\/div>","protected":false},"excerpt":{"rendered":"<p>A film k\u00f6z\u00f6tti s\u00farl\u00f3d\u00e1si egy\u00fctthat\u00f3 m\u00e9r\u00e9se digit\u00e1lis film s\u00farl\u00f3d\u00e1si egy\u00fctthat\u00f3 tesztel\u0151 haszn\u00e1lat\u00e1val<\/p>","protected":false},"featured_media":1472,"comment_status":"closed","ping_status":"closed","template":"","meta":{"site-sidebar-layout":"default","site-content-layout":"default","ast-global-header-display":"","ast-main-header-display":"","ast-hfb-above-header-display":"","ast-hfb-below-header-display":"","ast-hfb-mobile-header-display":"","site-post-title":"","ast-breadcrumbs-content":"","ast-featured-img":"","footer-sml-layout":"","theme-transparent-header-meta":"default","adv-header-id-meta":"","stick-header-meta":"","header-above-stick-meta":"","header-main-stick-meta":"","header-below-stick-meta":""},"product_cat":[683,44,16,106,170],"product_tag":[36,37,38,704,310,443,309],"class_list":{"0":"post-2845","1":"product","2":"type-product","3":"status-publish","4":"has-post-thumbnail","6":"product_cat-coefficient-of-friction-tester","7":"product_cat-paper-and-board-testers","8":"product_cat-plastic-packaging-testers","9":"product_cat-astm-d1894","10":"product_cat-iso-8295","11":"product_tag-astm-d1894","12":"product_tag-coefficient-of-friction","13":"product_tag-friction","14":"product_tag-friction-coefficient","15":"product_tag-gb-10006","16":"product_tag-iso-8295","17":"product_tag-tappi-t816","18":"desktop-align-left","19":"tablet-align-left","20":"mobile-align-left","22":"first","23":"instock","24":"shipping-taxable","25":"product-type-simple"},"_links":{"self":[{"href":"https:\/\/www.qualitester.com\/hu\/wp-json\/wp\/v2\/product\/2845","targetHints":{"allow":["GET"]}}],"collection":[{"href":"https:\/\/www.qualitester.com\/hu\/wp-json\/wp\/v2\/product"}],"about":[{"href":"https:\/\/www.qualitester.com\/hu\/wp-json\/wp\/v2\/types\/product"}],"replies":[{"embeddable":true,"href":"https:\/\/www.qualitester.com\/hu\/wp-json\/wp\/v2\/comments?post=2845"}],"version-history":[{"count":0,"href":"https:\/\/www.qualitester.com\/hu\/wp-json\/wp\/v2\/product\/2845\/revisions"}],"wp:featuredmedia":[{"embeddable":true,"href":"https:\/\/www.qualitester.com\/hu\/wp-json\/wp\/v2\/media\/1472"}],"wp:attachment":[{"href":"https:\/\/www.qualitester.com\/hu\/wp-json\/wp\/v2\/media?parent=2845"}],"wp:term":[{"taxonomy":"product_cat","embeddable":true,"href":"https:\/\/www.qualitester.com\/hu\/wp-json\/wp\/v2\/product_cat?post=2845"},{"taxonomy":"product_tag","embeddable":true,"href":"https:\/\/www.qualitester.com\/hu\/wp-json\/wp\/v2\/product_tag?post=2845"}],"curies":[{"name":"wp","href":"https:\/\/api.w.org\/{rel}","templated":true}]}}