{"id":2743,"date":"2023-07-17T15:11:03","date_gmt":"2023-07-17T07:11:03","guid":{"rendered":"https:\/\/www.qualitester.com\/?post_type=product&#038;p=2743"},"modified":"2025-06-12T13:59:32","modified_gmt":"2025-06-12T05:59:32","slug":"fdt-01-polypropylene-film-drop-dart-tester","status":"publish","type":"product","link":"https:\/\/www.qualitester.com\/hu\/termek\/fdt-01-polypropylene-film-drop-dart-tester\/","title":{"rendered":"FDT-01 Falling Dart \u00fctk\u00f6z\u00e9svizsg\u00e1l\u00f3"},"content":{"rendered":"<p>A\u00a0<strong>Falling Dart \u00fct\u00e9sm\u00e9r\u0151 <\/strong>egy kritikus m\u0171szer, amelyet az 1 mm-n\u00e9l kisebb vastags\u00e1g\u00fa m\u0171anyag f\u00f3li\u00e1k, lemezek, kompozit f\u00f3li\u00e1k, f\u00f3li\u00e1k \u00e9s pap\u00edr \u00fct\u00e9s\u00e1ll\u00f3s\u00e1g\u00e1nak \u00e9rt\u00e9kel\u00e9s\u00e9re terveztek. Ez a vizsg\u00e1lat elengedhetetlen az anyag k\u00fcls\u0151 er\u0151kkel szembeni ellen\u00e1ll\u00f3 k\u00e9pess\u00e9g\u00e9nek \u00e9rt\u00e9kel\u00e9s\u00e9hez, ami k\u00f6zvetlen\u00fcl befoly\u00e1solja a term\u00e9k teljes\u00edtm\u00e9ny\u00e9t \u00e9s tart\u00f3ss\u00e1g\u00e1t a kezel\u00e9s, sz\u00e1ll\u00edt\u00e1s \u00e9s t\u00e1rol\u00e1s sor\u00e1n. A val\u00f3s k\u00f6r\u00fclm\u00e9nyek szimul\u00e1l\u00e1s\u00e1val a tesztel\u0151 \u00e9rt\u00e9kes adatokat szolg\u00e1ltat, amelyek seg\u00edtik az anyagv\u00e1laszt\u00e1st, a term\u00e9ktervez\u00e9st \u00e9s a min\u0151s\u00e9gellen\u0151rz\u00e9st.<\/p>\n<h2><strong>Mi az a Drop Dart \u00fct\u00e9svizsg\u00e1lat?<\/strong><\/h2>\n<p>A zuhan\u00f3 dart \u00fct\u00e9svizsg\u00e1lat sz\u00e9les k\u00f6rben elismert m\u00f3dszer az anyagok \u00fct\u00e9s\u00e1ll\u00f3s\u00e1g\u00e1nak meghat\u00e1roz\u00e1s\u00e1ra. Ennek sor\u00e1n egy s\u00falyozott d\u00e1rd\u00e1t dobnak egy meghat\u00e1rozott magass\u00e1gb\u00f3l a vizsg\u00e1lt anyagra, hogy megm\u00e9rj\u00e9k a t\u00f6nkremenetelhez sz\u00fcks\u00e9ges energi\u00e1t. Az eredm\u00e9nyek seg\u00edtenek a gy\u00e1rt\u00f3knak az anyag sz\u00edv\u00f3ss\u00e1g\u00e1nak \u00e9rt\u00e9kel\u00e9s\u00e9ben, biztos\u00edtva, hogy a term\u00e9kek elviselik a kezel\u00e9si ig\u00e9nybev\u00e9teleket \u00e9s meg\u0151rizhetik integrit\u00e1sukat az alkalmaz\u00e1sukban.<\/p>\n<div class=\"ast-oembed-container\" style=\"height: 100%;\"><iframe title=\"zuhan\u00f3 dart \u00fct\u00e9svizsg\u00e1lat lemezes f\u00f3li\u00e1n \u00e9s lemezen A. \u00e9s B. m\u00f3dszer ASTM D1709 ISO 7765-1\" width=\"500\" height=\"281\" src=\"https:\/\/www.youtube.com\/embed\/a3_9M0x3w7U?feature=oembed\" frameborder=\"0\" allow=\"accelerometer; autoplay; clipboard-write; encrypted-media; gyroscope; picture-in-picture; web-share\" referrerpolicy=\"strict-origin-when-cross-origin\" allowfullscreen><\/iframe><\/div>\n<h2><strong>A szabv\u00e1nyoknak val\u00f3 megfelel\u00e9s<\/strong><\/h2>\n<p>A Drop Dart Impact Tester sz\u00e1mos nemzetk\u00f6zi szabv\u00e1nynak megfelel, \u00edgy megb\u00edzhat\u00f3 \u00e9s pontos eredm\u00e9nyeket biztos\u00edt:<\/p>\n<ul>\n<li><span style=\"color: #00ccff;\"><a style=\"color: #00ccff;\" href=\"https:\/\/www.qualitester.com\/hu\/standards\/astm-d1709\/\" target=\"_blank\" rel=\"noopener\"><strong><span style=\"color: #75c22c;\">ASTM <\/span><span style=\"color: #75c22c;\">D1709<\/span><\/strong><\/a><\/span>: Ez a szabv\u00e1ny meghat\u00e1rozza az elj\u00e1r\u00e1st a <strong>m\u0171anyag f\u00f3li\u00e1k \u00fct\u00e9s\u00e1ll\u00f3s\u00e1ga<\/strong> egy szabadon zuhan\u00f3 dart seg\u00edts\u00e9g\u00e9vel.<\/li>\n<li><a href=\"https:\/\/www.qualitester.com\/hu\/standards\/iso\/iso-7765-1\/\" target=\"_blank\" rel=\"noopener\"><strong><span style=\"color: #75c22c;\">ISO 7765-1<\/span><\/strong><\/a>: Nemzetk\u00f6zi szabv\u00e1ny a<strong> m\u0171anyag f\u00f3li\u00e1k \u00fct\u00e9svizsg\u00e1lata<\/strong>.<\/li>\n<li><strong>JIS K7124-1<\/strong>: Jap\u00e1n ipari szabv\u00e1ny az al\u00e1bbiak \u00e9rt\u00e9kel\u00e9s\u00e9re <strong>a filmek hat\u00e1sa<\/strong>.<\/li>\n<li><strong>GB\/T 9639.1<\/strong>: K\u00ednai nemzeti szabv\u00e1ny a glob\u00e1lis gyakorlatokhoz igazodva a <strong>anyag \u00fct\u00e9s\u00e1ll\u00f3s\u00e1g<\/strong>.<\/li>\n<\/ul>\n<h2><strong>A Drop Dart \u00fct\u00e9sm\u00e9r\u0151 f\u0151 jellemz\u0151i<\/strong><\/h2>\n<ol>\n<li><strong>PLC vez\u00e9rl\u00e9s \u00e9s \u00e9rint\u0151k\u00e9perny\u0151s kezel\u00e9s<\/strong><\/li>\n<li><strong>Kett\u0151s vizsg\u00e1lati m\u00f3dszerek<\/strong>\n<ul>\n<li><strong>A m\u00f3dszer<\/strong>: Alkalmas 38 \u00b1 1 mm-es ny\u00edl\u00e1tm\u00e9r\u0151h\u00f6z \u00e9s 660 mm-es es\u00e9si magass\u00e1ghoz.<\/li>\n<li><strong>B m\u00f3dszer<\/strong>\u00a0(opcion\u00e1lis): 50 \u00b1 1 mm-es ny\u00edl\u00e1tm\u00e9r\u0151re \u00e9s 1500 mm-es es\u00e9si magass\u00e1gra tervezt\u00e9k.<\/li>\n<\/ul>\n<\/li>\n<li><strong>Biztons\u00e1gos \u00e9s k\u00e9nyelmes m\u0171k\u00f6d\u00e9s: <\/strong>Tesztgombbal \u00e9s l\u00e1bkapcsol\u00f3val is felszerelt.<\/li>\n<li><strong>Automatiz\u00e1lt sz\u00e1m\u00edt\u00e1sok: <\/strong>A be\u00e1gyazott program automatikusan kisz\u00e1m\u00edtja az eredm\u00e9nyeket grammban \u00e9s joule-ban.<\/li>\n<li><strong>Megfigyel\u0151f\u00e9ny \u00e9s pneumatikus r\u00f6gz\u00edt\u00e9s: <\/strong>A megfigyel\u0151 l\u00e1mpa seg\u00edti a minta ellen\u0151rz\u00e9s\u00e9t a vizsg\u00e1latok sor\u00e1n, m\u00edg a pneumatikus bilincs a minta biztons\u00e1gos r\u00f6gz\u00edt\u00e9s\u00e9t biztos\u00edtja.<\/li>\n<li><strong>Adatkimenet: <\/strong>A teszter tartalmaz egy pontm\u00e1trix mikronyomtat\u00f3t a k\u00f6zvetlen adatkimenethez.<\/li>\n<li><strong>Szoftverintegr\u00e1ci\u00f3: <\/strong>Az opcion\u00e1lis professzion\u00e1lis szoftver jav\u00edtja az adatkezel\u00e9si \u00e9s jelent\u00e9st\u00e9teli k\u00e9pess\u00e9geket.<\/li>\n<\/ol>\n<h2><strong>M\u0171szaki specifik\u00e1ci\u00f3k<\/strong><\/h2>\n<table style=\"height: 433px;\" width=\"799\">\n<tbody>\n<tr>\n<td width=\"162\">\n<p style=\"text-align: center;\">Vizsg\u00e1lati m\u00f3dszer M\u00f3dszer<\/p>\n<\/td>\n<td width=\"274\">\n<p style=\"text-align: center;\">A vagy B m\u00f3dszer (v\u00e1laszthat\u00f3)<\/p>\n<\/td>\n<\/tr>\n<tr>\n<td width=\"162\">\n<p style=\"text-align: center;\">Teszt tartom\u00e1ny<\/p>\n<\/td>\n<td style=\"text-align: center;\" width=\"274\">A m\u00f3dszer: 50~2000g\/<br \/>\nB m\u00f3dszer: 300~2000g<\/td>\n<\/tr>\n<tr>\n<td width=\"162\">\n<p style=\"text-align: center;\">Dart \u00e1tm\u00e9r\u0151<\/p>\n<\/td>\n<td style=\"text-align: center;\" width=\"274\">A m\u00f3dszer: 38\u00b11mm<br \/>\nB m\u00f3dszer: 50\u00b11mm<\/td>\n<\/tr>\n<tr>\n<td style=\"text-align: center;\" width=\"162\">\u00dct\u00e9smagass\u00e1g<\/td>\n<td width=\"274\">\n<p style=\"text-align: center;\">660mm\/1500mm<\/p>\n<\/td>\n<\/tr>\n<tr>\n<td width=\"162\">\n<p style=\"text-align: center;\">Pontoss\u00e1g<\/p>\n<\/td>\n<td style=\"text-align: center;\" width=\"274\">0,1g (0,1J)<\/td>\n<\/tr>\n<tr>\n<td style=\"text-align: center;\" width=\"162\">Clamp<\/td>\n<td width=\"274\">\n<p style=\"text-align: center;\">Pneumatikus bilincs<\/p>\n<\/td>\n<\/tr>\n<tr>\n<td width=\"162\">\n<p style=\"text-align: center;\">G\u00e1zell\u00e1t\u00e1s<\/p>\n<\/td>\n<td style=\"text-align: center;\" width=\"274\">0,6 MPa \u03a68 mm PU cs\u0151<\/td>\n<\/tr>\n<tr>\n<td style=\"text-align: center;\" width=\"162\">Minta m\u00e9rete<\/td>\n<td width=\"274\">\n<p style=\"text-align: center;\">&gt; 150 mm x 150 mm<\/p>\n<\/td>\n<\/tr>\n<tr>\n<td width=\"162\">\n<p style=\"text-align: center;\">T\u00e1pegys\u00e9g<\/p>\n<\/td>\n<td style=\"text-align: center;\" width=\"274\">AC 110~220V 50Hz<\/td>\n<\/tr>\n<tr>\n<td style=\"text-align: center;\" width=\"162\">Dimenzi\u00f3<\/td>\n<td width=\"274\">\n<p style=\"text-align: center;\">A m\u00f3dszer: 500*450*1200 mm (LWH)<br \/>\nB m\u00f3dszer: 500*450*2200 mm (LWH)<\/p>\n<\/td>\n<\/tr>\n<\/tbody>\n<\/table>\n<h2><strong>Falling Dart \u00fct\u00e9svizsg\u00e1l\u00f3 g\u00e9p alkalmaz\u00e1sok<\/strong><\/h2>\n<p>A Drop Dart \u00fct\u00e9sm\u00e9r\u0151 ide\u00e1lis:<\/p>\n<ul>\n<li><strong>M\u0171anyag f\u00f3li\u00e1k \u00e9s lemezek<\/strong>\u00a0a csomagol\u00e1sban \u00e9s a term\u00e9kv\u00e9delemben haszn\u00e1lj\u00e1k.<\/li>\n<li><strong>Kompozit filmek \u00e9s f\u00f3li\u00e1k<\/strong>\u00a0\u00fct\u00e9s\u00e1ll\u00f3s\u00e1gi vizsg\u00e1latot ig\u00e9nyel.<\/li>\n<li><strong>Pap\u00edralap\u00fa anyagok<\/strong>\u00a0kezel\u00e9si ig\u00e9nybev\u00e9telnek van kit\u00e9ve.<\/li>\n<\/ul>\n<h2><strong>A Dart Drop Impact Tester el\u0151nyei<\/strong><\/h2>\n<ul>\n<li><strong>Jav\u00edtott min\u0151s\u00e9gellen\u0151rz\u00e9s<\/strong>: Haszn\u00e1lat el\u0151tt biztos\u00edtja, hogy az anyagok megfeleljenek a tart\u00f3ss\u00e1gi el\u0151\u00edr\u00e1soknak.<\/li>\n<li><strong>Tov\u00e1bbfejlesztett term\u00e9ktervez\u00e9s<\/strong>: Betekint\u00e9st ny\u00fajt az anyag teljes\u00edtm\u00e9ny\u00e9be, seg\u00edtve az optim\u00e1lis tervez\u00e9st.<\/li>\n<li><strong>K\u00f6lts\u00e9ghat\u00e9konys\u00e1g<\/strong>: Cs\u00f6kkenti az anyagpazarl\u00e1st a gyenge pontok korai felismer\u00e9s\u00e9vel.<\/li>\n<\/ul>\n<h2><strong>GYIK a Drop Dart \u00fct\u00e9sm\u00e9r\u0151vel kapcsolatban<\/strong><\/h2>\n<ol>\n<li><strong>Mi\u00e9rt fontos a drop dart \u00fct\u00e9svizsg\u00e1lat?<\/strong><br \/>\nAz anyagok sz\u00edv\u00f3ss\u00e1g\u00e1t val\u00f3s \u00fctk\u00f6z\u00e9si k\u00f6r\u00fclm\u00e9nyek szimul\u00e1l\u00e1s\u00e1val hat\u00e1rozza meg, ami seg\u00edt a term\u00e9k megb\u00edzhat\u00f3s\u00e1g\u00e1nak biztos\u00edt\u00e1s\u00e1ban.<\/li>\n<li><strong>Milyen ipar\u00e1gak sz\u00e1m\u00e1ra el\u0151ny\u00f6s a tesztel\u0151 haszn\u00e1lata?<\/strong><br \/>\nAz olyan ipar\u00e1gak, mint a csomagol\u00f3ipar, az \u00e9lelmiszeripar, az orvostudom\u00e1ny \u00e9s a gy\u00f3gyszeripar sz\u00e1m\u00e1ra el\u0151ny\u00f6s az anyagok \u00fct\u00e9s\u00e1ll\u00f3s\u00e1g\u00e1nak \u00e9rt\u00e9kel\u00e9se.<\/li>\n<li><strong>Mi a jelent\u0151s\u00e9ge az ASTM D1709 szabv\u00e1nynak?<\/strong><br \/>\n<a href=\"https:\/\/www.astm.org\/d1709-22.html\" target=\"_blank\" rel=\"nofollow noopener\">ASTM D1709<\/a> szabv\u00e1nyos\u00edtott elj\u00e1r\u00e1sokat biztos\u00edt a cseppd\u00e1rda-\u00fctk\u00f6z\u00e9ses vizsg\u00e1latok elv\u00e9gz\u00e9s\u00e9hez, biztos\u00edtva az eredm\u00e9nyek k\u00f6vetkezetess\u00e9g\u00e9t \u00e9s megb\u00edzhat\u00f3s\u00e1g\u00e1t.<\/li>\n<li><strong>Hogyan m\u0171k\u00f6dik a pneumatikus szor\u00edt\u00f3rendszer?<\/strong><br \/>\nA pneumatikus rendszer biztons\u00e1gosan a hely\u00e9n tartja a mint\u00e1t, megakad\u00e1lyozva a vizsg\u00e1lat k\u00f6zbeni mozg\u00e1st \u00e9s biztos\u00edtva a pontos eredm\u00e9nyeket.<\/li>\n<li><strong>Az eredm\u00e9nyek export\u00e1lhat\u00f3k tov\u00e1bbi elemz\u00e9s c\u00e9lj\u00e1b\u00f3l?<\/strong><br \/>\nIgen, a teszter tartalmaz egy be\u00e9p\u00edtett nyomtat\u00f3t az azonnali eredm\u00e9nyekhez \u00e9s egy opcion\u00e1lis szoftvert a r\u00e9szletes adatkezel\u00e9shez.<\/li>\n<\/ol>","protected":false},"excerpt":{"rendered":"<p>A <strong>Szabadon es\u0151 dart \u00fct\u00e9sm\u00e9r\u0151<\/strong> a m\u0171anyag f\u00f3li\u00e1k, csomagol\u00f3anyagok \u00e9s m\u00e1s v\u00e9kony anyagok \u00fct\u00e9s\u00e1ll\u00f3s\u00e1g\u00e1nak m\u00e9r\u00e9s\u00e9re szolg\u00e1l. A vizsg\u00e1lat sor\u00e1n egy s\u00falyozott d\u00e1rda meghat\u00e1rozott magass\u00e1gb\u00f3l t\u00f6rt\u00e9n\u0151, az anyagra t\u00f6rt\u00e9n\u0151 leejt\u00e9s\u00e9vel hat\u00e1rozz\u00e1k meg a meghib\u00e1sod\u00e1shoz sz\u00fcks\u00e9ges energi\u00e1t. Olyan szabv\u00e1nyokat k\u00f6vet, mint p\u00e9ld\u00e1ul <strong>ASTM D1709<\/strong> \u00e9s <strong>ISO 7765-1<\/strong>.<\/p>","protected":false},"featured_media":5961,"comment_status":"closed","ping_status":"closed","template":"","meta":{"site-sidebar-layout":"default","site-content-layout":"default","ast-global-header-display":"","ast-main-header-display":"","ast-hfb-above-header-display":"","ast-hfb-below-header-display":"","ast-hfb-mobile-header-display":"","site-post-title":"disabled","ast-breadcrumbs-content":"","ast-featured-img":"disabled","footer-sml-layout":"","theme-transparent-header-meta":"default","adv-header-id-meta":"","stick-header-meta":"","header-above-stick-meta":"","header-main-stick-meta":"","header-below-stick-meta":""},"product_cat":[845,684,44,149,16,111,169,95],"product_tag":[],"class_list":{"0":"post-2743","1":"product","2":"type-product","3":"status-publish","4":"has-post-thumbnail","6":"product_cat-customization","7":"product_cat-impact-tester","8":"product_cat-paper-and-board-testers","9":"product_cat-pharma-and-medical-testers","10":"product_cat-plastic-packaging-testers","11":"product_cat-astm-d1709","12":"product_cat-iso-7765-1","13":"product_cat-products","14":"desktop-align-left","15":"tablet-align-left","16":"mobile-align-left","18":"first","19":"instock","20":"shipping-taxable","21":"product-type-simple"},"_links":{"self":[{"href":"https:\/\/www.qualitester.com\/hu\/wp-json\/wp\/v2\/product\/2743","targetHints":{"allow":["GET"]}}],"collection":[{"href":"https:\/\/www.qualitester.com\/hu\/wp-json\/wp\/v2\/product"}],"about":[{"href":"https:\/\/www.qualitester.com\/hu\/wp-json\/wp\/v2\/types\/product"}],"replies":[{"embeddable":true,"href":"https:\/\/www.qualitester.com\/hu\/wp-json\/wp\/v2\/comments?post=2743"}],"version-history":[{"count":0,"href":"https:\/\/www.qualitester.com\/hu\/wp-json\/wp\/v2\/product\/2743\/revisions"}],"wp:featuredmedia":[{"embeddable":true,"href":"https:\/\/www.qualitester.com\/hu\/wp-json\/wp\/v2\/media\/5961"}],"wp:attachment":[{"href":"https:\/\/www.qualitester.com\/hu\/wp-json\/wp\/v2\/media?parent=2743"}],"wp:term":[{"taxonomy":"product_cat","embeddable":true,"href":"https:\/\/www.qualitester.com\/hu\/wp-json\/wp\/v2\/product_cat?post=2743"},{"taxonomy":"product_tag","embeddable":true,"href":"https:\/\/www.qualitester.com\/hu\/wp-json\/wp\/v2\/product_tag?post=2743"}],"curies":[{"name":"wp","href":"https:\/\/api.w.org\/{rel}","templated":true}]}}