{"id":2636,"date":"2023-06-29T09:53:14","date_gmt":"2023-06-29T01:53:14","guid":{"rendered":"https:\/\/www.qualitester.com\/?post_type=product&#038;p=2636"},"modified":"2024-12-05T09:38:10","modified_gmt":"2024-12-05T01:38:10","slug":"sld-01-elimendorf-tear-resistance-testing-machine","status":"publish","type":"product","link":"https:\/\/www.qualitester.com\/hu\/termek\/sld-01-elimendorf-tear-resistance-testing-machine\/","title":{"rendered":"SLD-01 szakad\u00e1svizsg\u00e1l\u00f3"},"content":{"rendered":"<h2>Bevezet\u00e9s a szakad\u00e1svizsg\u00e1latba<\/h2>\n<p>A szak\u00edt\u00f3szil\u00e1rds\u00e1g, m\u00e1s n\u00e9ven szak\u00edt\u00f3szil\u00e1rds\u00e1g egy olyan fontos mechanikai tulajdons\u00e1g, amely azt m\u00e9ri, hogy egy anyag mennyire k\u00e9pes ellen\u00e1llni a szak\u00edt\u00f3er\u0151knek. Ez a tulajdons\u00e1g alapvet\u0151 fontoss\u00e1g\u00fa azokban az ipar\u00e1gakban, ahol az anyag tart\u00f3ss\u00e1ga kritikus, mint p\u00e9ld\u00e1ul a csomagol\u00e1s, a text\u00edli\u00e1k, az orvosi eszk\u00f6z\u00f6k csomagol\u00e1sa \u00e9s \u00edgy tov\u00e1bb. A <strong>szakad\u00e1svizsg\u00e1l\u00f3 g\u00e9p<\/strong> a gy\u00e1rt\u00f3k sz\u00e1m\u00e1ra l\u00e9tfontoss\u00e1g\u00fa eszk\u00f6z az anyagok sz\u00e9les k\u00f6r\u00e9nek szak\u00edt\u00f3szil\u00e1rds\u00e1g\u00e1nak \u00e9rt\u00e9kel\u00e9s\u00e9hez. Ez a vizsg\u00e1lat \u00e9rt\u00e9kes adatokat szolg\u00e1ltat annak biztos\u00edt\u00e1s\u00e1hoz, hogy a term\u00e9kek megfeleljenek a teljes\u00edtm\u00e9nyszabv\u00e1nyoknak, \u00e9s ellen\u00e1lljanak a kezel\u00e9s, sz\u00e1ll\u00edt\u00e1s \u00e9s haszn\u00e1lat sor\u00e1n fell\u00e9p\u0151 er\u0151knek.<\/p>\n<p>A <strong>SLD-01 szakad\u00e1svizsg\u00e1l\u00f3<\/strong> a szak\u00edt\u00f3szil\u00e1rds\u00e1g pontos \u00e9s megb\u00edzhat\u00f3 m\u00e9r\u00e9s\u00e9re szolg\u00e1l olyan anyagok eset\u00e9ben, mint a pap\u00edr, m\u0171anyag f\u00f3li\u00e1k, text\u00edli\u00e1k \u00e9s m\u00e1s rugalmas anyagok. A k\u00e9sz\u00fcl\u00e9k a min\u0151s\u00e9gellen\u0151rz\u00e9s \u00e9s az anyagv\u00e1laszt\u00e1s elengedhetetlen eszk\u00f6ze sz\u00e1mos ipar\u00e1gban.<\/p>\n<h2>Mi az a szak\u00edt\u00f3szil\u00e1rds\u00e1gi teszt?<\/h2>\n<h3>A szakad\u00e1si szil\u00e1rds\u00e1g meg\u00e9rt\u00e9se<\/h3>\n<p>A <strong>szak\u00edt\u00f3szil\u00e1rds\u00e1gi vizsg\u00e1lat<\/strong> azt az er\u0151t m\u00e9ri, amely egy szakad\u00e1s terjed\u00e9s\u00e9hez sz\u00fcks\u00e9ges egy anyagon kereszt\u00fcl. Ez a vizsg\u00e1lat seg\u00edt meghat\u00e1rozni az anyag szak\u00edt\u00f3er\u0151kkel szembeni ellen\u00e1ll\u00f3 k\u00e9pess\u00e9g\u00e9t, \u00e9rt\u00e9kes betekint\u00e9st ny\u00fajtva annak tart\u00f3ss\u00e1g\u00e1ba \u00e9s teljes\u00edtm\u00e9ny\u00e9be. A szak\u00edt\u00f3szil\u00e1rds\u00e1g k\u00fcl\u00f6n\u00f6sen fontos a csomagol\u00f3anyagok, text\u00edli\u00e1k \u00e9s orvosi csomagol\u00e1sok eset\u00e9ben, ahol az anyag meghib\u00e1sod\u00e1sa vesz\u00e9lyeztetheti a term\u00e9k integrit\u00e1s\u00e1t vagy a biztons\u00e1got.<\/p>\n<p>Ebben a vizsg\u00e1latban a mintaanyagot ellen\u0151rz\u00f6tt er\u0151nek vetik al\u00e1, hogy szakad\u00e1st okozzon, \u00e9s a szakad\u00e1s terjed\u00e9s\u00e9hez sz\u00fcks\u00e9ges energi\u00e1t haszn\u00e1lj\u00e1k a szakad\u00e1si szil\u00e1rds\u00e1g meghat\u00e1roz\u00e1s\u00e1hoz. A <strong>szakad\u00e1svizsg\u00e1l\u00f3 g\u00e9p<\/strong> \u00fagy tervezt\u00e9k, hogy ezt az er\u0151t nagy pontoss\u00e1ggal m\u00e9rje, \u00edgy biztos\u00edtva, hogy a gy\u00e1rt\u00f3k megb\u00edzhat\u00f3an \u00e9rt\u00e9kelhess\u00e9k az anyag szak\u00edt\u00f3szil\u00e1rds\u00e1g\u00e1t.<\/p>\n<h2>A szak\u00edt\u00f3vizsg\u00e1lati g\u00e9pekre vonatkoz\u00f3 legfontosabb szabv\u00e1nyok<\/h2>\n<p>A <strong>szakad\u00e1svizsg\u00e1l\u00f3 g\u00e9p<\/strong> \u00fagy tervezt\u00e9k, hogy megfeleljen sz\u00e1mos nemzetk\u00f6zileg elismert szabv\u00e1nynak, biztos\u00edtva a vizsg\u00e1lati eredm\u00e9nyek k\u00f6vetkezetess\u00e9g\u00e9t \u00e9s megb\u00edzhat\u00f3s\u00e1g\u00e1t. Az al\u00e1bbiakban a szak\u00edt\u00f3szil\u00e1rds\u00e1g vizsg\u00e1lat\u00e1nak n\u00e9h\u00e1ny legfontosabb szabv\u00e1ny\u00e1t mutatjuk be:<\/p>\n<h3>ASTM D1922 - Szabv\u00e1nyos vizsg\u00e1lati m\u00f3dszer a terjed\u0151 k\u00e9s vizsg\u00e1lat\u00e1ra<\/h3>\n<p><a href=\"https:\/\/www.qualitester.com\/hu\/termekkategoria-2\/astm\/astm-d1922\/\" target=\"_blank\" rel=\"noopener\"><strong>ASTM D1922<\/strong><\/a> az egyik leggyakrabban haszn\u00e1lt szabv\u00e1ny a pap\u00edr- \u00e9s m\u0171anyag f\u00f3li\u00e1k szak\u00edt\u00f3szil\u00e1rds\u00e1g\u00e1nak m\u00e9r\u00e9s\u00e9re. Ez a szabv\u00e1ny egy olyan vizsg\u00e1lati m\u00f3dszert ismertet, amelyben egy ing\u00e1s eszk\u00f6zt haszn\u00e1lnak az anyagban a szakad\u00e1s elind\u00edt\u00e1s\u00e1ra \u00e9s tov\u00e1bbvitel\u00e9re.<\/p>\n<ul>\n<li><strong>Vizsg\u00e1lati m\u00f3dszer:<\/strong> A mint\u00e1t felhas\u00edtj\u00e1k, \u00e9s az inga elenged\u00e9s\u00e9vel a szakad\u00e1s tov\u00e1bbterjed. A szakad\u00e1s terjed\u00e9s\u00e9hez sz\u00fcks\u00e9ges energi\u00e1t m\u00e9rik, \u00e9s a szakad\u00e1si ellen\u00e1ll\u00e1s meghat\u00e1roz\u00e1s\u00e1ra haszn\u00e1lj\u00e1k.<\/li>\n<li><strong>Anyagf\u00f3kusz:<\/strong> Els\u0151sorban pap\u00edr \u00e9s m\u0171anyag f\u00f3li\u00e1khoz haszn\u00e1lj\u00e1k.<\/li>\n<li><strong>Relevancia:<\/strong> Sz\u00e9les k\u00f6rben haszn\u00e1lj\u00e1k a csomagol\u00e1sban \u00e9s m\u00e1s ipar\u00e1gakban az anyagok szak\u00edt\u00f3szil\u00e1rds\u00e1g\u00e1nak \u00e9rt\u00e9kel\u00e9s\u00e9re.<\/li>\n<\/ul>\n<h3>ASTM D1424 - A pap\u00edr \u00e9s karton szak\u00edt\u00f3szil\u00e1rds\u00e1g\u00e1nak szabv\u00e1nyos vizsg\u00e1lati m\u00f3dszere<\/h3>\n<p><a href=\"https:\/\/www.qualitester.com\/hu\/termekkategoria-2\/astm\/astm-d1424\/\" target=\"_blank\" rel=\"noopener\"><strong>ASTM D1424<\/strong><\/a> egy olyan szabv\u00e1ny, amely a kartonanyagok szak\u00edt\u00f3szil\u00e1rds\u00e1g\u00e1t m\u00e9ri. Ezt a vizsg\u00e1latot gyakran haszn\u00e1lj\u00e1k a csomagol\u00f3iparban a kartondobozok \u00e9s m\u00e1s pap\u00edrterm\u00e9kek szil\u00e1rds\u00e1g\u00e1nak \u00e9rt\u00e9kel\u00e9s\u00e9re.<\/p>\n<ul>\n<li><strong>Vizsg\u00e1lati m\u00f3dszer:<\/strong> Az inga szak\u00edt\u00f3pr\u00f3b\u00e1t az anyagon kereszt\u00fcl t\u00f6rt\u00e9n\u0151 szakad\u00e1s terjed\u00e9s\u00e9hez sz\u00fcks\u00e9ges er\u0151 m\u00e9r\u00e9s\u00e9re haszn\u00e1lj\u00e1k.<\/li>\n<li><strong>Anyagf\u00f3kusz:<\/strong> Pap\u00edr \u00e9s karton anyagok.<\/li>\n<li><strong>Relevancia:<\/strong> Kritikus a csomagol\u00f3anyagok vizsg\u00e1lat\u00e1hoz, k\u00fcl\u00f6n\u00f6sen a kartoncsomagol\u00e1s gy\u00e1rt\u00e1sa sor\u00e1n.<\/li>\n<\/ul>\n<h3>ASTM D689 - Szabv\u00e1nyos \u00fatmutat\u00f3 pap\u00edr \u00e9s karton szak\u00edt\u00f3vizsg\u00e1lati m\u00f3dszerekhez<\/h3>\n<p><a href=\"https:\/\/www.qualitester.com\/hu\/termekkategoria-2\/astm\/astm-d689\/\" target=\"_blank\" rel=\"noopener\"><strong>ASTM D689<\/strong><\/a> \u00fatmutat\u00f3t ny\u00fajt a pap\u00edr- \u00e9s kartonanyagok szak\u00edt\u00f3vizsg\u00e1lati m\u00f3dszereinek kiv\u00e1laszt\u00e1s\u00e1hoz. Ez a szabv\u00e1ny k\u00fcl\u00f6n\u00f6sen akkor hasznos, ha k\u00fcl\u00f6nb\u00f6z\u0151 szak\u00edt\u00f3vizsg\u00e1lati m\u00f3dszerek \u00e1llnak rendelkez\u00e9sre, \u00e9s seg\u00edt a felhaszn\u00e1l\u00f3knak az anyagt\u00edpus \u00e9s az alkalmaz\u00e1s alapj\u00e1n a legmegfelel\u0151bb vizsg\u00e1lat kiv\u00e1laszt\u00e1s\u00e1ban.<\/p>\n<ul>\n<li><strong>Vizsg\u00e1lati m\u00f3dszer:<\/strong> \u00datmutat\u00e1st ny\u00fajt a legmegfelel\u0151bb szakad\u00e1svizsg\u00e1lati m\u00f3dszer kiv\u00e1laszt\u00e1s\u00e1hoz.<\/li>\n<li><strong>Anyagf\u00f3kusz:<\/strong> Pap\u00edr \u00e9s karton anyagok.<\/li>\n<li><strong>Relevancia:<\/strong> Seg\u00edt biztos\u00edtani, hogy a gy\u00e1rt\u00f3k a megfelel\u0151 vizsg\u00e1lati m\u00f3dszert v\u00e1lassz\u00e1k ki az anyagaikhoz.<\/li>\n<\/ul>\n<h3>ISO 6383 - M\u0171anyag f\u00f3lia \u00e9s f\u00f3li\u00e1k: A szak\u00edt\u00f3szil\u00e1rds\u00e1g meghat\u00e1roz\u00e1sa<\/h3>\n<p><a href=\"https:\/\/www.qualitester.com\/hu\/termekkategoria-2\/iso\/iso-6383\/\" target=\"_blank\" rel=\"noopener\"><strong>ISO 6383<\/strong><\/a> meghat\u00e1rozza a m\u0171anyag f\u00f3li\u00e1k \u00e9s f\u00f3lialapok szak\u00edt\u00f3szil\u00e1rds\u00e1g\u00e1nak m\u00e9r\u00e9s\u00e9re szolg\u00e1l\u00f3 m\u00f3dszert. Ez a szabv\u00e1ny kritikus fontoss\u00e1g\u00fa a m\u0171anyag csomagol\u00f3anyagok tart\u00f3ss\u00e1g\u00e1nak \u00e9rt\u00e9kel\u00e9s\u00e9hez, amelyeknek ellen kell \u00e1llniuk a kezel\u00e9s \u00e9s haszn\u00e1lat sor\u00e1n fell\u00e9p\u0151 ig\u00e9nybev\u00e9teleknek.<\/p>\n<ul>\n<li><strong>Vizsg\u00e1lati m\u00f3dszer:<\/strong> A vizsg\u00e1lat sor\u00e1n a m\u0171anyag f\u00f3li\u00e1k szak\u00edt\u00f3szil\u00e1rds\u00e1g\u00e1t ing\u00e1s teszterrel m\u00e9rik.<\/li>\n<li><strong>Anyagf\u00f3kusz:<\/strong> M\u0171anyag f\u00f3li\u00e1k \u00e9s f\u00f3li\u00e1k.<\/li>\n<li><strong>Relevancia:<\/strong> Alapvet\u0151 fontoss\u00e1g\u00fa a m\u0171anyag csomagol\u00e1sok szak\u00edt\u00f3szil\u00e1rds\u00e1g\u00e1nak vizsg\u00e1lat\u00e1hoz.<\/li>\n<\/ul>\n<h3>ISO 1974 - M\u0171anyagok: A szak\u00edt\u00f3szil\u00e1rds\u00e1g meghat\u00e1roz\u00e1sa ingam\u00f3dszerrel.<\/h3>\n<p><a href=\"https:\/\/www.qualitester.com\/hu\/termekkategoria-2\/iso\/iso-1974\/\" target=\"_blank\" rel=\"noopener\"><strong>ISO 1974<\/strong><\/a> szabv\u00e1nyos\u00edtott m\u00f3dszert biztos\u00edt a m\u0171anyag f\u00f3li\u00e1k \u00e9s lemezek szak\u00edt\u00f3szil\u00e1rds\u00e1g\u00e1nak m\u00e9r\u00e9s\u00e9re, az ASTM szabv\u00e1nyokhoz hasonl\u00f3an, de glob\u00e1lisan. Ezt a vizsg\u00e1latot annak biztos\u00edt\u00e1s\u00e1ra haszn\u00e1lj\u00e1k, hogy a m\u0171anyag f\u00f3li\u00e1k megfeleljenek a szak\u00edt\u00f3szil\u00e1rds\u00e1gra vonatkoz\u00f3 nemzetk\u00f6zi min\u0151s\u00e9gi szabv\u00e1nyoknak.<\/p>\n<ul>\n<li><strong>Vizsg\u00e1lati m\u00f3dszer:<\/strong> Az inga szak\u00edt\u00f3pr\u00f3b\u00e1t a m\u0171anyag f\u00f3li\u00e1n kereszt\u00fcl t\u00f6rt\u00e9n\u0151 szakad\u00e1s terjed\u00e9s\u00e9hez sz\u00fcks\u00e9ges energia m\u00e9r\u00e9s\u00e9re haszn\u00e1lj\u00e1k.<\/li>\n<li><strong>Anyagf\u00f3kusz:<\/strong> Els\u0151sorban m\u0171anyag f\u00f3li\u00e1khoz \u00e9s lemezekhez haszn\u00e1lj\u00e1k.<\/li>\n<li><strong>Relevancia:<\/strong> Fontos a m\u0171anyag csomagol\u00f3anyagok \u00e9s f\u00f3liaterm\u00e9kek gy\u00e1rt\u00f3i sz\u00e1m\u00e1ra.<\/li>\n<\/ul>\n<h2>A szakad\u00e1svizsg\u00e1l\u00f3 g\u00e9p vizsg\u00e1lati folyamata (SLD-01 Tear Tester)<\/h2>\n<h3>Hogyan m\u0171k\u00f6dik az SLD-01 Tear Tester<\/h3>\n<p>A <strong>SLD-01 szakad\u00e1svizsg\u00e1l\u00f3<\/strong> prec\u00edz ingamechanizmust haszn\u00e1l az anyagok szak\u00edt\u00f3szil\u00e1rds\u00e1g\u00e1nak meghat\u00e1roz\u00e1s\u00e1ra. \u00cdgy m\u0171k\u00f6dik a folyamat:<\/p>\n<ol>\n<li><strong>Minta el\u0151k\u00e9sz\u00edt\u00e9se:<\/strong> Az anyagon egy has\u00edt\u00e9kot k\u00e9sz\u00edtenek, \u00e1ltal\u00e1ban 43 mm-re a sz\u00e9l\u00e9t\u0151l.<\/li>\n<li><strong>Pendulum kiad\u00e1s:<\/strong> Az ing\u00e1t egy r\u00f6gz\u00edtett magass\u00e1gb\u00f3l elengedik, \u00e9s a szakad\u00e1st az anyagon kereszt\u00fcl tov\u00e1bb\u00edtja.<\/li>\n<li><strong>M\u00e9r\u00e9s:<\/strong> Az inga \u00e1ltal elvesztett energi\u00e1t m\u00e9rik, \u00e9s a szakad\u00e1s terjed\u00e9s\u00e9hez sz\u00fcks\u00e9ges \u00e1tlagos er\u0151 kisz\u00e1m\u00edt\u00e1s\u00e1hoz haszn\u00e1lj\u00e1k, \u00edgy pontosan m\u00e9rhet\u0151 az anyag szak\u00edt\u00f3szil\u00e1rds\u00e1ga.<\/li>\n<\/ol>\n<p>Ez a folyamat teljesen automatiz\u00e1lt \u00e9s PLC rendszer \u00e1ltal vez\u00e9relt, amely minden egyes vizsg\u00e1latn\u00e1l biztos\u00edtja a k\u00f6vetkezetess\u00e9get \u00e9s pontoss\u00e1got.<\/p>\n<h2>Az SLD-01 szakad\u00e1svizsg\u00e1l\u00f3 m\u0171szaki jellemz\u0151i<\/h2>\n<ul>\n<li><strong>PLC vez\u00e9rl\u00e9s \u00e9s HMI \u00e9rint\u0151k\u00e9perny\u0151:<\/strong> A teszter ipari min\u0151s\u00e9g\u0171 programozhat\u00f3 logikai vez\u00e9rl\u0151vel (PLC) \u00e9s ember-g\u00e9p interf\u00e9sz (HMI) \u00e9rint\u0151k\u00e9perny\u0151vel van felszerelve a pontos vez\u00e9rl\u00e9s \u00e9s a k\u00f6nny\u0171 kezelhet\u0151s\u00e9g \u00e9rdek\u00e9ben.<\/li>\n<li><strong>Sz\u00e9les vizsg\u00e1lati tartom\u00e1ny:<\/strong> K\u00fcl\u00f6nb\u00f6z\u0151 anyagok befogad\u00e1s\u00e1ra alkalmas, a v\u00e9kony f\u00f3li\u00e1t\u00f3l a vastag kartonig, a k\u00fcl\u00f6nb\u00f6z\u0151 anyagokhoz testreszabhat\u00f3 be\u00e1ll\u00edt\u00e1sokkal.<\/li>\n<li><strong>Pneumatikus mintafesz\u00edt\u00e9s:<\/strong> Biztos\u00edtja a minta biztons\u00e1gos \u00e9s k\u00f6vetkezetes megfog\u00e1s\u00e1t a megb\u00edzhat\u00f3 vizsg\u00e1lati eredm\u00e9nyek \u00e9rdek\u00e9ben.<\/li>\n<li><strong>Automatikus adatgy\u0171jt\u00e9s:<\/strong> Automatikusan \u00f6sszegy\u0171jti a tesztadatokat \u00e9s elemz\u00e9si c\u00e9llal t\u00e1rolja az eredm\u00e9nyeket.<\/li>\n<li><strong>Mikronyomtat\u00f3:<\/strong> Be\u00e9p\u00edtett mikronyomtat\u00f3val rendelkezik a vizsg\u00e1lati eredm\u00e9nyek azonnali kinyomtat\u00e1s\u00e1hoz.<\/li>\n<li><strong>RS-232 port \u00e9s opcion\u00e1lis szoftver:<\/strong> Lehet\u0151v\u00e9 teszi az adatexportot \u00e9s a fejlett elemz\u00e9st az opcion\u00e1lis szoftverrel az \u00e1tfog\u00f3 jelent\u00e9sk\u00e9sz\u00edt\u00e9shez.<\/li>\n<\/ul>\n<h2>A szakad\u00e1svizsg\u00e1l\u00f3 g\u00e9p alkalmaz\u00e1si ter\u00fcletei<\/h2>\n<ul>\n<li><strong>Csomagol\u00f3ipar:<\/strong> Biztos\u00edtja, hogy a csomagol\u00f3anyagok, p\u00e9ld\u00e1ul a pap\u00edr, a m\u0171anyag f\u00f3li\u00e1k \u00e9s a karton megfeleljenek a tart\u00f3ss\u00e1gi el\u0151\u00edr\u00e1soknak.<\/li>\n<li><strong>Orvostechnikai eszk\u00f6z\u00f6k csomagol\u00e1sa:<\/strong> \u00c9rt\u00e9keli az orvosi alkalmaz\u00e1sokban haszn\u00e1lt csomagol\u00f3anyagok szak\u00edt\u00f3szil\u00e1rds\u00e1g\u00e1t a v\u00e9delem \u00e9s a biztons\u00e1g garant\u00e1l\u00e1sa \u00e9rdek\u00e9ben.<\/li>\n<li><strong>Text\u00edli\u00e1k:<\/strong> Vizsg\u00e1lja a sz\u00f6vetek szak\u00edt\u00f3szil\u00e1rds\u00e1g\u00e1t annak \u00e9rdek\u00e9ben, hogy azok alkalmasak legyenek ruh\u00e1zati, k\u00e1rpitoz\u00e1si \u00e9s egy\u00e9b alkalmaz\u00e1sokhoz.<\/li>\n<li><strong>\u00c9telek \u00e9s italok:<\/strong> \u00c9rv\u00e9nyes\u00edti az \u00e9lelmiszerek \u00e9s italok szennyez\u0151d\u00e9s\u00e9t\u0151l \u00e9s k\u00e1rosod\u00e1s\u00e1t\u00f3l v\u00e9d\u0151 csomagol\u00f3anyagok szakad\u00e1s\u00e1ll\u00f3s\u00e1g\u00e1t.<\/li>\n<\/ul>\n<p>A <strong>szakad\u00e1svizsg\u00e1l\u00f3 g\u00e9p<\/strong> n\u00e9lk\u00fcl\u00f6zhetetlen eszk\u00f6z az anyagok tart\u00f3ss\u00e1g\u00e1ra t\u00e1maszkod\u00f3 ipar\u00e1gak sz\u00e1m\u00e1ra. Ak\u00e1r pap\u00edrt, m\u0171anyag f\u00f3li\u00e1kat vagy text\u00edli\u00e1kat vizsg\u00e1l, a <strong>SLD-01 szakad\u00e1svizsg\u00e1l\u00f3<\/strong> pontos \u00e9s megism\u00e9telhet\u0151 eredm\u00e9nyeket k\u00edn\u00e1l, amelyek biztos\u00edtj\u00e1k, hogy az anyagok megfeleljenek a sz\u00fcks\u00e9ges min\u0151s\u00e9gi el\u0151\u00edr\u00e1soknak. Megfelel az ipari szabv\u00e1nyoknak, mint p\u00e9ld\u00e1ul <a href=\"https:\/\/www.astm.org\/d1922-15r20.html\" target=\"_blank\" rel=\"noopener nofollow\"><strong>ASTM D1922<\/strong><\/a>, <a href=\"https:\/\/www.astm.org\/d1424-21.html\" target=\"_blank\" rel=\"noopener nofollow\"><strong>ASTM D1424<\/strong><\/a>, <a href=\"https:\/\/www.astm.org\/d0689-17.html\" target=\"_blank\" rel=\"noopener nofollow\"><strong>ASTM D689<\/strong><\/a>, <strong>ISO 6383<\/strong>, \u00e9s <strong>ISO 1974<\/strong>, ez a tesztel\u0151 ide\u00e1lis olyan gy\u00e1rt\u00f3k sz\u00e1m\u00e1ra, akiknek megb\u00edzhat\u00f3 szak\u00edt\u00f3szil\u00e1rds\u00e1gi adatokra van sz\u00fcks\u00e9g\u00fck term\u00e9keikhez. Biztos\u00edtsa, hogy anyagai megfeleljenek a teljes\u00edtm\u00e9nyszabv\u00e1nyoknak, \u00e9s kiv\u00e1l\u00f3 min\u0151s\u00e9g\u0171 term\u00e9keket sz\u00e1ll\u00edtson az SLD-01 szak\u00edt\u00f3szil\u00e1rds\u00e1g-vizsg\u00e1l\u00f3val.<\/p>\n<h2>GYIK<\/h2>\n<p><strong>1. Milyen anyagok vizsg\u00e1lat\u00e1ra haszn\u00e1lhat\u00f3 a szakad\u00e1svizsg\u00e1l\u00f3 g\u00e9p?<\/strong><br \/>\nA szakad\u00e1svizsg\u00e1l\u00f3 g\u00e9p olyan anyagok vizsg\u00e1lat\u00e1ra haszn\u00e1lhat\u00f3, mint a pap\u00edr, karton, m\u0171anyag f\u00f3li\u00e1k, text\u00edli\u00e1k \u00e9s egy\u00e9b rugalmas anyagok.<\/p>\n<p><strong>2. Hogyan m\u0171k\u00f6dik a szak\u00edt\u00f3szil\u00e1rds\u00e1gi teszt?<\/strong><br \/>\nA szak\u00edt\u00f3szil\u00e1rds\u00e1gi vizsg\u00e1lat sor\u00e1n az anyagon egy kis has\u00edt\u00e9kot k\u00e9sz\u00edtenek, \u00e9s egy inga mechanizmussal tov\u00e1bb\u00edtj\u00e1k a szakad\u00e1st. Az inga \u00e1ltal elvesztett energi\u00e1t m\u00e9rik, \u00e9s a szak\u00edt\u00f3szil\u00e1rds\u00e1g kisz\u00e1m\u00edt\u00e1s\u00e1hoz haszn\u00e1lj\u00e1k.<\/p>\n<p><strong>3. Mi az ASTM D1922, \u00e9s mi\u00e9rt fontos?<\/strong><br \/>\nAz ASTM D1922 szabv\u00e1nyos vizsg\u00e1lati m\u00f3dszer a pap\u00edr- \u00e9s m\u0171anyag f\u00f3li\u00e1k szak\u00edt\u00f3szil\u00e1rds\u00e1g\u00e1nak m\u00e9r\u00e9s\u00e9re. Biztos\u00edtja, hogy a csomagol\u00f3anyagok megfeleljenek a val\u00f3s haszn\u00e1lathoz sz\u00fcks\u00e9ges tart\u00f3ss\u00e1gi szabv\u00e1nyoknak.<\/p>\n<p><strong>4. Miben k\u00fcl\u00f6nb\u00f6zik az SLD-01 k\u00f6nnypr\u00f3ba a t\u00f6bbi k\u00f6nnypr\u00f3ba k\u00e9sz\u00fcl\u00e9kt\u0151l?<\/strong><br \/>\nAz SLD-01 szakad\u00e1svizsg\u00e1l\u00f3 PLC vez\u00e9rl\u0151rendszerrel, sz\u00e9les vizsg\u00e1lati tartom\u00e1nyban, pneumatikus mintafesz\u00edt\u00e9ssel \u00e9s automatikus adatgy\u0171jt\u00e9ssel rendelkezik, \u00edgy m\u00e1s modellekhez k\u00e9pest hat\u00e9konyabb \u00e9s pontosabb.<\/p>\n<p><strong>5. Haszn\u00e1lhat\u00f3-e a szakad\u00e1svizsg\u00e1l\u00f3 g\u00e9p orvosi csomagol\u00f3anyagokhoz?<\/strong><br \/>\nIgen, a szakad\u00e1svizsg\u00e1l\u00f3 g\u00e9p ide\u00e1lis az orvosi csomagol\u00f3anyagok vizsg\u00e1lat\u00e1ra, hogy azok megfeleljenek az orvosi term\u00e9kekhez sz\u00fcks\u00e9ges tart\u00f3ss\u00e1gi \u00e9s biztons\u00e1gi el\u0151\u00edr\u00e1soknak.<\/p>","protected":false},"excerpt":{"rendered":"<p>A szak\u00edt\u00f3szil\u00e1rds\u00e1g, m\u00e1s n\u00e9ven szak\u00edt\u00f3szil\u00e1rds\u00e1g egy olyan fontos mechanikai tulajdons\u00e1g, amely azt m\u00e9ri, hogy egy anyag mennyire k\u00e9pes ellen\u00e1llni a szak\u00edt\u00f3er\u0151knek. Ez a tulajdons\u00e1g alapvet\u0151 fontoss\u00e1g\u00fa azokban az ipar\u00e1gakban, ahol az anyag tart\u00f3ss\u00e1ga kritikus, mint p\u00e9ld\u00e1ul a csomagol\u00e1s, a text\u00edli\u00e1k, az orvosi eszk\u00f6z\u00f6k csomagol\u00e1sa \u00e9s \u00edgy tov\u00e1bb. A <strong>szakad\u00e1svizsg\u00e1l\u00f3 g\u00e9p<\/strong> a gy\u00e1rt\u00f3k sz\u00e1m\u00e1ra l\u00e9tfontoss\u00e1g\u00fa eszk\u00f6z az anyagok sz\u00e9les k\u00f6r\u00e9nek szak\u00edt\u00f3szil\u00e1rds\u00e1g\u00e1nak \u00e9rt\u00e9kel\u00e9s\u00e9hez. Ez a vizsg\u00e1lat \u00e9rt\u00e9kes adatokat szolg\u00e1ltat annak biztos\u00edt\u00e1s\u00e1hoz, hogy a term\u00e9kek megfeleljenek a teljes\u00edtm\u00e9nyszabv\u00e1nyoknak, \u00e9s ellen\u00e1lljanak a kezel\u00e9s, sz\u00e1ll\u00edt\u00e1s \u00e9s haszn\u00e1lat sor\u00e1n fell\u00e9p\u0151 er\u0151knek.<\/p>","protected":false},"featured_media":5998,"comment_status":"closed","ping_status":"closed","template":"","meta":{"site-sidebar-layout":"default","site-content-layout":"default","ast-global-header-display":"","ast-main-header-display":"","ast-hfb-above-header-display":"","ast-hfb-below-header-display":"","ast-hfb-mobile-header-display":"","site-post-title":"disabled","ast-breadcrumbs-content":"","ast-featured-img":"disabled","footer-sml-layout":"","theme-transparent-header-meta":"default","adv-header-id-meta":"","stick-header-meta":"","header-above-stick-meta":"","header-main-stick-meta":"","header-below-stick-meta":""},"product_cat":[845,680,44,149,16,119,121,137,159,165,95],"product_tag":[],"class_list":{"0":"post-2636","1":"product","2":"type-product","3":"status-publish","4":"has-post-thumbnail","6":"product_cat-customization","7":"product_cat-tear-tester","8":"product_cat-paper-and-board-testers","9":"product_cat-pharma-and-medical-testers","10":"product_cat-plastic-packaging-testers","11":"product_cat-astm-d1424","12":"product_cat-astm-d1922","13":"product_cat-astm-d689","14":"product_cat-iso-1974","15":"product_cat-iso-6383","16":"product_cat-products","17":"desktop-align-left","18":"tablet-align-left","19":"mobile-align-left","21":"first","22":"instock","23":"featured","24":"shipping-taxable","25":"product-type-simple"},"_links":{"self":[{"href":"https:\/\/www.qualitester.com\/hu\/wp-json\/wp\/v2\/product\/2636","targetHints":{"allow":["GET"]}}],"collection":[{"href":"https:\/\/www.qualitester.com\/hu\/wp-json\/wp\/v2\/product"}],"about":[{"href":"https:\/\/www.qualitester.com\/hu\/wp-json\/wp\/v2\/types\/product"}],"replies":[{"embeddable":true,"href":"https:\/\/www.qualitester.com\/hu\/wp-json\/wp\/v2\/comments?post=2636"}],"version-history":[{"count":0,"href":"https:\/\/www.qualitester.com\/hu\/wp-json\/wp\/v2\/product\/2636\/revisions"}],"wp:featuredmedia":[{"embeddable":true,"href":"https:\/\/www.qualitester.com\/hu\/wp-json\/wp\/v2\/media\/5998"}],"wp:attachment":[{"href":"https:\/\/www.qualitester.com\/hu\/wp-json\/wp\/v2\/media?parent=2636"}],"wp:term":[{"taxonomy":"product_cat","embeddable":true,"href":"https:\/\/www.qualitester.com\/hu\/wp-json\/wp\/v2\/product_cat?post=2636"},{"taxonomy":"product_tag","embeddable":true,"href":"https:\/\/www.qualitester.com\/hu\/wp-json\/wp\/v2\/product_tag?post=2636"}],"curies":[{"name":"wp","href":"https:\/\/api.w.org\/{rel}","templated":true}]}}