{"id":2454,"date":"2023-06-14T08:35:29","date_gmt":"2023-06-14T00:35:29","guid":{"rendered":"https:\/\/www.qualitester.com\/?post_type=product&#038;p=2454"},"modified":"2024-11-28T10:12:04","modified_gmt":"2024-11-28T02:12:04","slug":"fbt-01-impact-testing-machine-falling-ball-impact-cardboard","status":"publish","type":"product","link":"https:\/\/www.qualitester.com\/hu\/termek\/fbt-01-impact-testing-machine-falling-ball-impact-cardboard\/","title":{"rendered":"FBT-01 Zuhan\u00f3 goly\u00f3 \u00fctk\u00f6z\u00e9svizsg\u00e1l\u00f3"},"content":{"rendered":"<h2>Bevezet\u00e9s a zuhan\u00f3 labda \u00fctk\u00f6z\u00e9ses vizsg\u00e1lat\u00e1ba<\/h2>\n<p>A <strong>zuhan\u00f3 goly\u00f3 \u00fctk\u00f6z\u00e9svizsg\u00e1lat<\/strong> kritikus m\u00f3dszer annak \u00e9rt\u00e9kel\u00e9s\u00e9re, hogy egy anyag mennyire k\u00e9pes ellen\u00e1llni a hirtelen \u00fct\u00e9seknek vagy l\u00f6k\u00e9sszer\u0171 terhel\u00e9seknek. Ez a vizsg\u00e1lat olyan val\u00f3s k\u00f6r\u00fclm\u00e9nyeket szimul\u00e1l, amelyekben az anyagok k\u00fcls\u0151 er\u0151knek vannak kit\u00e9ve, \u00edgy seg\u00edtve a gy\u00e1rt\u00f3kat a term\u00e9kek tart\u00f3ss\u00e1g\u00e1nak \u00e9s min\u0151s\u00e9g\u00e9nek biztos\u00edt\u00e1s\u00e1ban. Az \u00fct\u00e9s\u00e1ll\u00f3s\u00e1g alapvet\u0151 fontoss\u00e1g\u00fa a szakad\u00e1s, reped\u00e9s vagy deform\u00e1ci\u00f3 megel\u0151z\u00e9s\u00e9ben a k\u00fcl\u00f6nb\u00f6z\u0151 ipar\u00e1gakban, t\u00f6bbek k\u00f6z\u00f6tt a csomagol\u00e1sban, az orvosi eszk\u00f6z\u00f6kben \u00e9s az elektronik\u00e1ban haszn\u00e1lt anyagok eset\u00e9ben.<\/p>\n<h2>Az FBT-01 Falling Ball Impact Tester \u00e1ttekint\u00e9se<\/h2>\n<p>A <strong>FBT-01 Zuhan\u00f3 goly\u00f3 \u00fctk\u00f6z\u00e9svizsg\u00e1l\u00f3<\/strong> egy rendk\u00edv\u00fcl pontos \u00e9s sokoldal\u00fa m\u0171szer, amelyet v\u00e9kony anyagok, p\u00e9ld\u00e1ul filmek, lemezek, kompozitok, f\u00f3li\u00e1k \u00e9s pap\u00edr \u00fct\u00e9s\u00e1ll\u00f3s\u00e1g\u00e1nak m\u00e9r\u00e9s\u00e9re terveztek. A k\u00e9sz\u00fcl\u00e9k egy ac\u00e9lgoly\u00f3 meghat\u00e1rozott magass\u00e1gb\u00f3l t\u00f6rt\u00e9n\u0151 ellen\u0151rz\u00f6tt leejt\u00e9s\u00e9vel szimul\u00e1lja az \u00fct\u0151er\u0151t, \u00e9s \u00edgy kritikus betekint\u00e9st ny\u00fajt az anyag terhel\u00e9s alatti teljes\u00edtm\u00e9ny\u00e9be.<\/p>\n<h3>Legfontosabb el\u0151ny\u00f6k:<\/h3>\n<ul>\n<li>Pontos, megism\u00e9telhet\u0151 eredm\u00e9nyek a min\u0151s\u00e9gellen\u0151rz\u00e9shez<\/li>\n<li>Felhaszn\u00e1l\u00f3bar\u00e1t kezel\u00e9s HMI \u00e9rint\u0151k\u00e9perny\u0151n kereszt\u00fcl<\/li>\n<\/ul>\n<h2>Vizsg\u00e1lati m\u00f3dszerek a zuhan\u00f3 goly\u00f3 \u00fctk\u00f6z\u00e9ses vizsg\u00e1lat\u00e1hoz<\/h2>\n<p>Ebben a vizsg\u00e1latban egy ismert t\u00f6meg\u0171 \u00e9s \u00e1tm\u00e9r\u0151j\u0171 ac\u00e9lgoly\u00f3t engednek ki egy el\u0151re meghat\u00e1rozott magass\u00e1gb\u00f3l, \u00e9s a pr\u00f3badarabnak \u00fctk\u00f6zik. A keletkez\u0151 s\u00e9r\u00fcl\u00e9st vagy deform\u00e1ci\u00f3t megfigyelik \u00e9s elemzik az anyag \u00fct\u00e9s\u00e1ll\u00f3s\u00e1g\u00e1nak felm\u00e9r\u00e9se \u00e9rdek\u00e9ben.<\/p>\n<h3>A teszteredm\u00e9nyeket befoly\u00e1sol\u00f3 legfontosabb t\u00e9nyez\u0151k:<\/h3>\n<ul>\n<li><strong>Ejt\u00e9si magass\u00e1g:<\/strong> Az \u00e1ll\u00edthat\u00f3 magass\u00e1g lehet\u0151v\u00e9 teszi a k\u00fcl\u00f6nb\u00f6z\u0151 \u00fctk\u00f6z\u00e9si forgat\u00f3k\u00f6nyvek szimul\u00e1l\u00e1s\u00e1t, ami az anyagteljes\u00edtm\u00e9ny \u00e1tfog\u00f3bb elemz\u00e9s\u00e9t teszi lehet\u0151v\u00e9.<\/li>\n<li><strong>Goly\u00f3 m\u00e9rete \u00e9s t\u00f6mege:<\/strong> Az ac\u00e9lgoly\u00f3 m\u00e9rete \u00e9s s\u00falya a konkr\u00e9t vizsg\u00e1lati k\u00f6vetelm\u00e9nyek alapj\u00e1n v\u00e1laszthat\u00f3 ki, \u00edgy biztos\u00edtva a val\u00f3s alkalmaz\u00e1sokhoz val\u00f3 alkalmazhat\u00f3s\u00e1got.<\/li>\n<\/ul>\n<h2>A Drop Ball Impact Tester jellemz\u0151i<\/h2>\n<p>A <strong>drop ball \u00fct\u00e9sm\u00e9r\u0151<\/strong> fejlett funkci\u00f3kkal van felszerelve a pontoss\u00e1g \u00e9s a k\u00f6nny\u0171 haszn\u00e1lat \u00e9rdek\u00e9ben:<\/p>\n<ul>\n<li><strong>Prec\u00edzi\u00f3s vez\u00e9rl\u00e9s:<\/strong> PLC-alap\u00fa rendszer nagy felbont\u00e1s\u00fa HMI \u00e9rint\u0151k\u00e9perny\u0151vel az intuit\u00edv kezel\u00e9s \u00e9rdek\u00e9ben.<\/li>\n<li><strong>\u00c1ll\u00edthat\u00f3 \u00fctk\u00f6z\u00e9si magass\u00e1g:<\/strong> 300 mm-t\u0151l 600 mm-ig terjed, egyedi ig\u00e9nyek alapj\u00e1n b\u0151v\u00edt\u00e9si lehet\u0151s\u00e9ggel.<\/li>\n<li><strong>Elektrom\u00e1gneses felf\u00fcggeszt\u00e9s:<\/strong> Biztos\u00edtja az ac\u00e9lgoly\u00f3 automatikus \u00e9s k\u00f6vetkezetes kiold\u00e1s\u00e1t a megb\u00edzhat\u00f3 vizsg\u00e1lati felt\u00e9telek \u00e9rdek\u00e9ben.<\/li>\n<li><strong>Pneumatikus r\u00f6gz\u00edt\u00e9s:<\/strong> Biztons\u00e1gosan a hely\u00e9n tartja a mint\u00e1kat, cs\u00f6kkentve az eredm\u00e9nyek v\u00e1ltoz\u00e9konys\u00e1g\u00e1t.<\/li>\n<li><strong>T\u00f6bb egys\u00e9gb\u0151l \u00e1ll\u00f3 kijelz\u0151:<\/strong> Az eredm\u00e9nyek k\u00fcl\u00f6nb\u00f6z\u0151 m\u00e9rt\u00e9kegys\u00e9gekben tekinthet\u0151k meg, ami rugalmass\u00e1got biztos\u00edt az adatok \u00e9rtelmez\u00e9s\u00e9ben.<\/li>\n<li><strong>Opcion\u00e1lis professzion\u00e1lis szoftver:<\/strong> Fejlett adatelemz\u00e9shez \u00e9s jelent\u00e9sk\u00e9sz\u00edt\u00e9shez.<\/li>\n<\/ul>\n<h3>M\u0171szaki specifik\u00e1ci\u00f3k:<\/h3>\n<table>\n<tbody>\n<tr>\n<td style=\"text-align: center;\" width=\"147\">\u00dct\u00e9smagass\u00e1g<\/td>\n<td style=\"text-align: center;\" width=\"277\">300mm-600mm (b\u0151v\u00edthet\u0151)<\/td>\n<\/tr>\n<tr>\n<td style=\"text-align: center;\" width=\"147\">Goly\u00f3\u00e1tm\u00e9r\u0151 (mm)<\/td>\n<td style=\"text-align: center;\" width=\"277\">23, 25, 28.6, 38.1, 50.8 (egy felszerelt)<\/td>\n<\/tr>\n<tr>\n<td style=\"text-align: center;\" width=\"147\">Pontoss\u00e1g<\/td>\n<td style=\"text-align: center;\" width=\"277\">0,1g (0,1J)<\/td>\n<\/tr>\n<tr>\n<td style=\"text-align: center;\" width=\"147\">Mintap\u00e9ld\u00e1ny bilincs<\/td>\n<td style=\"text-align: center;\" width=\"277\">Pneumatikus bilincs<\/td>\n<\/tr>\n<tr>\n<td style=\"text-align: center;\" width=\"147\">G\u00e1zell\u00e1t\u00e1s<\/td>\n<td style=\"text-align: center;\" width=\"277\">0,6 MPa \u03a68 mm PU cs\u0151<\/td>\n<\/tr>\n<tr>\n<td style=\"text-align: center;\" width=\"147\">Minta m\u00e9rete<\/td>\n<td style=\"text-align: center;\" width=\"277\">&gt; 150 mm x 150 mm<\/td>\n<\/tr>\n<tr>\n<td style=\"text-align: center;\" width=\"147\">T\u00e1pegys\u00e9g<\/td>\n<td style=\"text-align: center;\" width=\"277\">AC 110~220V 50Hz<\/td>\n<\/tr>\n<\/tbody>\n<\/table>\n<h2>Alkalmaz\u00e1sok \u00e9s ipari jelent\u0151s\u00e9g<\/h2>\n<p>Az FBT-01 alapvet\u0151 eszk\u00f6z a k\u00fcl\u00f6nb\u00f6z\u0151 ipar\u00e1gak sz\u00e1m\u00e1ra a term\u00e9kbiztons\u00e1g \u00e9s a teljes\u00edtm\u00e9ny biztos\u00edt\u00e1s\u00e1hoz:<\/p>\n<ul>\n<li><strong>Csomagol\u00e1s:<\/strong> A csomagol\u00e1sban haszn\u00e1lt f\u00f3li\u00e1k, f\u00f3li\u00e1k \u00e9s lapok tart\u00f3ss\u00e1g\u00e1nak \u00e9rt\u00e9kel\u00e9se.<\/li>\n<li><strong>Orvostechnikai eszk\u00f6z\u00f6k:<\/strong> Az orvosi csomagol\u00e1sokban \u00e9s alkatr\u00e9szekben haszn\u00e1lt anyagok \u00fct\u00e9s\u00e1ll\u00f3s\u00e1g\u00e1nak biztos\u00edt\u00e1sa.<\/li>\n<li><strong>Elektronika \u00e9s aut\u00f3ipar:<\/strong> Az alkatr\u00e9szek tesztel\u00e9se a haszn\u00e1lat vagy sz\u00e1ll\u00edt\u00e1s k\u00f6zbeni \u00fct\u00e9sekkel szembeni ellen\u00e1ll\u00f3 k\u00e9pess\u00e9g szempontj\u00e1b\u00f3l.<\/li>\n<li><strong>Min\u0151s\u00e9gellen\u0151rz\u00e9s \u00e9s vizsg\u00e1lat:<\/strong> Szabv\u00e1nyos\u00edtott m\u00f3dszerek biztos\u00edt\u00e1sa a tesztel\u00e9shez \u00e9s a megfelel\u00e9shez.<\/li>\n<\/ul>\n<h2>A szabv\u00e1nyoknak val\u00f3 megfelel\u00e9s<\/h2>\n<p>Az FBT-01 seg\u00edt megfelelni az \u00fct\u00e9svizsg\u00e1lat k\u00fcl\u00f6nb\u00f6z\u0151 ipari szabv\u00e1nyainak, biztos\u00edtva, hogy a term\u00e9kek megfeleljenek a szigor\u00fa min\u0151s\u00e9gi k\u00f6vetelm\u00e9nyeknek. Ez a megfelel\u00e9s l\u00e9tfontoss\u00e1g\u00fa a gy\u00e1rt\u00f3k sz\u00e1m\u00e1ra, akik a versenyk\u00e9pes piacokon tan\u00fas\u00edtv\u00e1nyokat \u00e9s j\u00f3v\u00e1hagy\u00e1sokat keresnek.<\/p>\n<h2>Mi\u00e9rt v\u00e1lassza az FBT-01 Falling Ball Impact Testert?<\/h2>\n<p>Az FBT-01 kiemelkedik pontoss\u00e1g\u00e1val, sokoldal\u00fas\u00e1g\u00e1val \u00e9s felhaszn\u00e1l\u00f3bar\u00e1t kialak\u00edt\u00e1s\u00e1val. Az anyagok sz\u00e9les k\u00f6r\u00e9nek vizsg\u00e1lat\u00e1ra \u00e9s a fejlett adatelemz\u00e9sre val\u00f3 k\u00e9pess\u00e9ge n\u00e9lk\u00fcl\u00f6zhetetlen eszk\u00f6zz\u00e9 teszi a min\u0151s\u00e9gellen\u0151rz\u00e9sben olyan ipar\u00e1gakban, ahol az anyagok tart\u00f3ss\u00e1ga kritikus fontoss\u00e1g\u00fa.<\/p>\n<h3>Egyedi \u00e9rt\u00e9kes\u00edt\u00e9si pontok:<\/h3>\n<ul>\n<li>Nagy pontoss\u00e1g\u00fa \u00fct\u00e9sm\u00e9r\u00e9sek<\/li>\n<li>Testre szabhat\u00f3 vizsg\u00e1lati param\u00e9terek az egyedi ig\u00e9nyeknek megfelel\u0151en<\/li>\n<li>R\u00e9szletes jelent\u00e9st\u00e9teli lehet\u0151s\u00e9gek a fejlett szoftverben<\/li>\n<li>Tart\u00f3s konstrukci\u00f3 \u00e9s megb\u00edzhat\u00f3 teljes\u00edtm\u00e9ny<\/li>\n<\/ul>\n<h2>GYIK<\/h2>\n<ol>\n<li><strong>Milyen t\u00edpus\u00fa anyagokat vizsg\u00e1lhat az FBT-01?<\/strong><br \/>\nA k\u00e9sz\u00fcl\u00e9k alkalmas v\u00e9kony anyagok, p\u00e9ld\u00e1ul 2 mm-n\u00e9l kisebb vastags\u00e1g\u00fa filmek, lemezek, kompozitok, f\u00f3li\u00e1k \u00e9s pap\u00edrok vizsg\u00e1lat\u00e1ra.<\/li>\n<li><strong>Hogyan \u00e1ll\u00edthat\u00f3 be az ejt\u00e9si magass\u00e1g?<\/strong><br \/>\nA cseppmagass\u00e1g a HMI \u00e9rint\u0151k\u00e9perny\u0151j\u00e9n kereszt\u00fcl \u00e1ll\u00edthat\u00f3, lehet\u0151v\u00e9 t\u00e9ve a testreszab\u00e1st a vizsg\u00e1lati k\u00f6vetelm\u00e9nyek alapj\u00e1n.<\/li>\n<li><strong>Mi\u00e9rt fontos a labda m\u00e9rete a tesztben?<\/strong><br \/>\nA k\u00fcl\u00f6nb\u00f6z\u0151 m\u00e9ret\u0171 \u00e9s s\u00faly\u00fa goly\u00f3k k\u00fcl\u00f6nb\u00f6z\u0151 \u00fct\u0151er\u0151ket szimul\u00e1lnak, \u00edgy az anyag teljes\u00edtm\u00e9ny\u00e9nek \u00e1tfog\u00f3bb meg\u00e9rt\u00e9s\u00e9t teszik lehet\u0151v\u00e9.<\/li>\n<li><strong>Haszn\u00e1lhatom az FBT-01-et fejlett adatelemz\u00e9sre?<\/strong><br \/>\nIgen, az FBT-01 professzion\u00e1lis szoftverrel is felszerelhet\u0151 a m\u00e9lyrehat\u00f3 elemz\u00e9shez \u00e9s jelent\u00e9sk\u00e9sz\u00edt\u00e9shez.<\/li>\n<li><strong>Hogyan n\u00f6veli a pneumatikus r\u00f6gz\u00edt\u0151 rendszer a pontoss\u00e1got?<\/strong><br \/>\nA pneumatikus bilincs biztons\u00e1gosan tartja a mint\u00e1t, minim\u00e1lisra cs\u00f6kkentve az \u00fctk\u00f6z\u00e9s k\u00f6zbeni mozg\u00e1st \u00e9s biztos\u00edtva a k\u00f6vetkezetes, pontos eredm\u00e9nyeket.<\/li>\n<\/ol>\n<h2>Kapcsol\u00f3d\u00f3 term\u00e9k<\/h2>\n<p>FDT-01 <a href=\"https:\/\/www.qualitester.com\/hu\/termek\/fdt-01-polypropylene-film-drop-dart-tester\/\" target=\"_blank\" rel=\"noopener\">Falling Dart \u00fct\u00e9sm\u00e9r\u0151<\/a><\/p>","protected":false},"excerpt":{"rendered":"<p>A <strong>zuhan\u00f3 goly\u00f3 \u00fctk\u00f6z\u00e9svizsg\u00e1lat<\/strong> kritikus m\u00f3dszer annak \u00e9rt\u00e9kel\u00e9s\u00e9re, hogy egy anyag mennyire k\u00e9pes ellen\u00e1llni a hirtelen \u00fct\u00e9seknek vagy l\u00f6k\u00e9sszer\u0171 terhel\u00e9seknek. Ez a vizsg\u00e1lat olyan val\u00f3s k\u00f6r\u00fclm\u00e9nyeket szimul\u00e1l, amelyekben az anyagok k\u00fcls\u0151 er\u0151knek vannak kit\u00e9ve, \u00edgy seg\u00edtve a gy\u00e1rt\u00f3kat a term\u00e9kek tart\u00f3ss\u00e1g\u00e1nak \u00e9s min\u0151s\u00e9g\u00e9nek biztos\u00edt\u00e1s\u00e1ban. Az \u00fct\u00e9s\u00e1ll\u00f3s\u00e1g alapvet\u0151 fontoss\u00e1g\u00fa a szakad\u00e1s, reped\u00e9s vagy deform\u00e1ci\u00f3 megel\u0151z\u00e9s\u00e9ben a k\u00fcl\u00f6nb\u00f6z\u0151 ipar\u00e1gakban, t\u00f6bbek k\u00f6z\u00f6tt a csomagol\u00e1sban, az orvosi eszk\u00f6z\u00f6kben \u00e9s az elektronik\u00e1ban haszn\u00e1lt anyagok eset\u00e9ben.<\/p>","protected":false},"featured_media":5940,"comment_status":"closed","ping_status":"closed","template":"","meta":{"site-sidebar-layout":"default","site-content-layout":"default","ast-global-header-display":"","ast-main-header-display":"","ast-hfb-above-header-display":"","ast-hfb-below-header-display":"","ast-hfb-mobile-header-display":"","site-post-title":"disabled","ast-breadcrumbs-content":"","ast-featured-img":"","footer-sml-layout":"","theme-transparent-header-meta":"default","adv-header-id-meta":"","stick-header-meta":"","header-above-stick-meta":"","header-main-stick-meta":"","header-below-stick-meta":""},"product_cat":[44,149,16,111,169,95],"product_tag":[],"class_list":{"0":"post-2454","1":"product","2":"type-product","3":"status-publish","4":"has-post-thumbnail","6":"product_cat-paper-and-board-testers","7":"product_cat-pharma-and-medical-testers","8":"product_cat-plastic-packaging-testers","9":"product_cat-astm-d1709","10":"product_cat-iso-7765-1","11":"product_cat-products","12":"desktop-align-left","13":"tablet-align-left","14":"mobile-align-left","16":"first","17":"instock","18":"shipping-taxable","19":"product-type-simple"},"_links":{"self":[{"href":"https:\/\/www.qualitester.com\/hu\/wp-json\/wp\/v2\/product\/2454","targetHints":{"allow":["GET"]}}],"collection":[{"href":"https:\/\/www.qualitester.com\/hu\/wp-json\/wp\/v2\/product"}],"about":[{"href":"https:\/\/www.qualitester.com\/hu\/wp-json\/wp\/v2\/types\/product"}],"replies":[{"embeddable":true,"href":"https:\/\/www.qualitester.com\/hu\/wp-json\/wp\/v2\/comments?post=2454"}],"version-history":[{"count":0,"href":"https:\/\/www.qualitester.com\/hu\/wp-json\/wp\/v2\/product\/2454\/revisions"}],"wp:featuredmedia":[{"embeddable":true,"href":"https:\/\/www.qualitester.com\/hu\/wp-json\/wp\/v2\/media\/5940"}],"wp:attachment":[{"href":"https:\/\/www.qualitester.com\/hu\/wp-json\/wp\/v2\/media?parent=2454"}],"wp:term":[{"taxonomy":"product_cat","embeddable":true,"href":"https:\/\/www.qualitester.com\/hu\/wp-json\/wp\/v2\/product_cat?post=2454"},{"taxonomy":"product_tag","embeddable":true,"href":"https:\/\/www.qualitester.com\/hu\/wp-json\/wp\/v2\/product_tag?post=2454"}],"curies":[{"name":"wp","href":"https:\/\/api.w.org\/{rel}","templated":true}]}}