{"id":2316,"date":"2023-05-31T11:09:30","date_gmt":"2023-05-31T03:09:30","guid":{"rendered":"https:\/\/www.qualitester.com\/?post_type=product&#038;p=2316"},"modified":"2024-12-05T15:56:17","modified_gmt":"2024-12-05T07:56:17","slug":"tst-01-tensile-tester","status":"publish","type":"product","link":"https:\/\/www.qualitester.com\/hu\/termek\/tst-01-tensile-tester\/","title":{"rendered":"TST-01 szak\u00edt\u00f3m\u00e9r\u0151"},"content":{"rendered":"<p><img fetchpriority=\"high\" decoding=\"async\" src=\"https:\/\/www.qualitester.com\/wp-content\/uploads\/2023\/04\/Tensile-Tester-TST-01-Front-view-1.jpg\" sizes=\"(max-width: 750px) 100vw, 750px\" srcset=\"https:\/\/www.qualitester.com\/wp-content\/uploads\/2023\/04\/Tensile-Tester-TST-01-Front-view-1.jpg 750w, https:\/\/www.qualitester.com\/wp-content\/uploads\/2023\/04\/Tensile-Tester-TST-01-Front-view-1-300x300.jpg 300w, https:\/\/www.qualitester.com\/wp-content\/uploads\/2023\/04\/Tensile-Tester-TST-01-Front-view-1-150x150.jpg 150w, https:\/\/www.qualitester.com\/wp-content\/uploads\/2023\/04\/Tensile-Tester-TST-01-Front-view-1-600x600.jpg 600w, https:\/\/www.qualitester.com\/wp-content\/uploads\/2023\/04\/Tensile-Tester-TST-01-Front-view-1-100x100.jpg 100w\" alt=\"\" width=\"750\" height=\"750\" \/><\/p>\n<h6><strong>Alkalmaz\u00e1s<\/strong><\/h6>\n<p>A TST-01 szak\u00edt\u00f3m\u00e9r\u0151 haszn\u00e1lhat\u00f3 a m\u0171anyag f\u00f3li\u00e1k (k\u00fcl\u00f6nb\u00f6z\u0151 bilincsek vagy r\u00f6gz\u00edt\u0151k sz\u00fcks\u00e9gesek), kompozit anyagok, puha csomagol\u00f3anyagok, m\u0171anyag rugalmas cs\u00f6vek, ragaszt\u00f3k, ragaszt\u00f3szalagok, ragaszt\u00f3szalagok, c\u00edmk\u00e9k, orvosi tapaszok, lev\u00e1laszt\u00f3pap\u00edr, v\u00e9d\u0151f\u00f3li\u00e1k, kombin\u00e1lt kupakok, alum\u00ednium f\u00f3lia, membr\u00e1n, h\u00e1tlapok, nem sz\u0151tt sz\u00f6vetek, gumi, pap\u00edr stb. szak\u00edt\u00f3-, h\u00e1ml\u00f3-, deform\u00e1ci\u00f3s, szak\u00edt\u00f3-, h\u0151szigetel\u0151-, ragaszt\u00f3-, sz\u00far\u00f3- \u00e9s nyit\u00f3erej\u00e9nek m\u00e9r\u00e9s\u00e9re.<\/p>\n<p><img decoding=\"async\" src=\"https:\/\/www.qualitester.com\/wp-content\/uploads\/2023\/04\/Tensile-Tester-TST-01-Right-view-1.jpg\" sizes=\"(max-width: 750px) 100vw, 750px\" srcset=\"https:\/\/www.qualitester.com\/wp-content\/uploads\/2023\/04\/Tensile-Tester-TST-01-Right-view-1.jpg 750w, https:\/\/www.qualitester.com\/wp-content\/uploads\/2023\/04\/Tensile-Tester-TST-01-Right-view-1-300x300.jpg 300w, https:\/\/www.qualitester.com\/wp-content\/uploads\/2023\/04\/Tensile-Tester-TST-01-Right-view-1-150x150.jpg 150w, https:\/\/www.qualitester.com\/wp-content\/uploads\/2023\/04\/Tensile-Tester-TST-01-Right-view-1-600x600.jpg 600w, https:\/\/www.qualitester.com\/wp-content\/uploads\/2023\/04\/Tensile-Tester-TST-01-Right-view-1-100x100.jpg 100w\" alt=\"\" width=\"750\" height=\"750\" \/><\/p>\n<h6><strong>M\u0171szaki jellemz\u0151k<\/strong><\/h6>\n<p>Ez egy PLC vez\u00e9relt egys\u00e9g (ipari szinten stabil) \u00e9s HMI \u00e9rint\u0151k\u00e9perny\u0151vel m\u0171k\u00f6dtethet\u0151. A prec\u00edzi\u00f3s goly\u00f3s \u00f3lomcsavaros mechanizmus biztos\u00edtja a j\u00f3 \u00e9s egyenletes sebess\u00e9g- \u00e9s elmozdul\u00e1sszab\u00e1lyoz\u00e1st. Speci\u00e1lisan tervezett programja haszn\u00e1lhat\u00f3 a szakad\u00e1s, a fesz\u00fclts\u00e9g, a ny\u00fal\u00e1s, a t\u00f6m\u00edt\u00e9s szil\u00e1rds\u00e1g\u00e1nak, a 90\u00b0-os h\u00e1ml\u00e1s, a 180\u00b0-os h\u00e1ml\u00e1s, a szakad\u00e1s vizsg\u00e1lat\u00e1ra.<\/p>\n<ul>\n<li>7 h\u00fcvelykes TFT \u00e9rint\u0151k\u00e9perny\u0151s m\u0171k\u00f6d\u00e9s<\/li>\n<li>PLC vez\u00e9rl\u00e9s<\/li>\n<li>Prec\u00edzi\u00f3s goly\u00f3s \u00f3lomcsavar<\/li>\n<li>A teszt sebess\u00e9ge \u00e1ll\u00edthat\u00f3.<\/li>\n<li>T\u00f6bbf\u00e9le r\u00f6gz\u00edt\u0151elem \u00e1ll rendelkez\u00e9sre<\/li>\n<li>Korl\u00e1toz\u00f3 eszk\u00f6z \u00e9s automatikus visszat\u00e9r\u00e9si funkci\u00f3<\/li>\n<li>T\u00f6bb tesztelem \u00e1ll rendelkez\u00e9sre.<\/li>\n<li>Mikronyomtat\u00f3 (opcion\u00e1lis)<\/li>\n<\/ul>\n<p><img decoding=\"async\" src=\"https:\/\/www.qualitester.com\/wp-content\/uploads\/2023\/04\/Tensile-Tester-TST-01.jpg\" sizes=\"(max-width: 750px) 100vw, 750px\" srcset=\"https:\/\/www.qualitester.com\/wp-content\/uploads\/2023\/04\/Tensile-Tester-TST-01.jpg 750w, https:\/\/www.qualitester.com\/wp-content\/uploads\/2023\/04\/Tensile-Tester-TST-01-300x300.jpg 300w, https:\/\/www.qualitester.com\/wp-content\/uploads\/2023\/04\/Tensile-Tester-TST-01-150x150.jpg 150w, https:\/\/www.qualitester.com\/wp-content\/uploads\/2023\/04\/Tensile-Tester-TST-01-600x600.jpg 600w, https:\/\/www.qualitester.com\/wp-content\/uploads\/2023\/04\/Tensile-Tester-TST-01-100x100.jpg 100w\" alt=\"\" width=\"750\" height=\"750\" \/><\/p>\n<h6><strong>F\u0151 param\u00e9terek<\/strong><\/h6>\n<p>Test Range\u00a0 \u00a0 \u00a0 \u00a0 \u00a0 \u00a0 \u00a0 \u00a0 \u00a0 \u00a0 \u00a0 \u00a0 \u00a0 \u00a00-500N (Standard, 50N,100N,200N are optional)<\/p>\n<p>Stroke\u00a0 \u00a0 \u00a0 \u00a0 \u00a0 \u00a0 \u00a0 \u00a0 \u00a0 \u00a0 \u00a0 \u00a0 \u00a0 \u00a0 \u00a0 \u00a0 \u00a0 \u00a0 800mm (other strokes available)<\/p>\n<p>Test Speed\u00a0 \u00a0 \u00a0 \u00a0 \u00a0 \u00a0 \u00a0 \u00a0 \u00a0 \u00a0 \u00a0 \u00a0 \u00a0 \u00a0 1~500mm\/min<\/p>\n<p>Displacement Accuracy\u00a0 \u00a00.01mm<\/p>\n<p>Accuracy\u00a0 \u00a0 \u00a0 \u00a0 \u00a0 \u00a0 \u00a0 \u00a0 \u00a0 \u00a0 \u00a0 \u00a0 \u00a0 \u00a0 \u00a0 0.5% F.S.<\/p>\n<p>Sample Width\u00a0 \u00a0 \u00a0 \u00a0 \u00a0 \u00a0 \u00a0 \u00a0 \u00a0 \u00a0 \u00a0 27mm (other optional)<\/p>\n<p>Control\u00a0 \u00a0 \u00a0 \u00a0 \u00a0 \u00a0 \u00a0 \u00a0 \u00a0 \u00a0 \u00a0 \u00a0 \u00a0 \u00a0 \u00a0 \u00a0 \u00a0 \u00a0PLC and human machine interface<\/p>\n<p>Data Output\u00a0 \u00a0 \u00a0 \u00a0 \u00a0 \u00a0 \u00a0 \u00a0 \u00a0 \u00a0 \u00a0 \u00a0 \u00a0Screen, Microprinter (optional), RS232(optional)<\/p>\n<h6><strong>F\u0151bb szabv\u00e1nyok<\/strong><\/h6>\n<p>ISO 37, ASTM D882, ASTM E4, ASTM D3330, ASTM F904, ASTM F88, ASTM D1938, JIS P8113<\/p>","protected":false},"excerpt":{"rendered":"<p>A TST-01 az anyagok k\u00fcl\u00f6nb\u00f6z\u0151 fizikai \u00e9s mechanikai tulajdons\u00e1gainak m\u00e9r\u00e9s\u00e9re haszn\u00e1lhat\u00f3.<\/p>","protected":false},"featured_media":6313,"comment_status":"closed","ping_status":"closed","template":"","meta":{"site-sidebar-layout":"default","site-content-layout":"default","ast-global-header-display":"","ast-main-header-display":"","ast-hfb-above-header-display":"","ast-hfb-below-header-display":"","ast-hfb-mobile-header-display":"","site-post-title":"disabled","ast-breadcrumbs-content":"","ast-featured-img":"disabled","footer-sml-layout":"","theme-transparent-header-meta":"default","adv-header-id-meta":"","stick-header-meta":"","header-above-stick-meta":"","header-main-stick-meta":"","header-below-stick-meta":""},"product_cat":[945,944,933,845,934,965,954,958,938,674,681,682,680,679,672,673,17,44,149,16,99,122,126,110,139,145,146,100,161,95],"product_tag":[],"class_list":{"0":"post-2316","1":"product","2":"type-product","3":"status-publish","4":"has-post-thumbnail","6":"product_cat-180-peeling-tester","7":"product_cat-90-peeling-tester","8":"product_cat-ampoule-breaking-tester","9":"product_cat-customization","10":"product_cat-medical-packaging-tester","11":"product_cat-package-compression-tester","12":"product_cat-paper-tear-tester","13":"product_cat-puncture-tester","14":"product_cat-textile-tester","15":"product_cat-test-items","16":"product_cat-peel-tester","17":"product_cat-protrusion-tester","18":"product_cat-tear-tester","19":"product_cat-tensile-tester","20":"product_cat-applied-materials","21":"product_cat-adhesive-tester","22":"product_cat-package-container-testers","23":"product_cat-paper-and-board-testers","24":"product_cat-pharma-and-medical-testers","25":"product_cat-plastic-packaging-testers","26":"product_cat-astm","27":"product_cat-astm-d1938","28":"product_cat-astm-d3330","29":"product_cat-astm-d882","30":"product_cat-astm-e4","31":"product_cat-astm-f88","32":"product_cat-astm-f904","33":"product_cat-iso","34":"product_cat-iso-37","35":"product_cat-products","36":"desktop-align-left","37":"tablet-align-left","38":"mobile-align-left","40":"first","41":"instock","42":"shipping-taxable","43":"product-type-simple"},"_links":{"self":[{"href":"https:\/\/www.qualitester.com\/hu\/wp-json\/wp\/v2\/product\/2316","targetHints":{"allow":["GET"]}}],"collection":[{"href":"https:\/\/www.qualitester.com\/hu\/wp-json\/wp\/v2\/product"}],"about":[{"href":"https:\/\/www.qualitester.com\/hu\/wp-json\/wp\/v2\/types\/product"}],"replies":[{"embeddable":true,"href":"https:\/\/www.qualitester.com\/hu\/wp-json\/wp\/v2\/comments?post=2316"}],"version-history":[{"count":0,"href":"https:\/\/www.qualitester.com\/hu\/wp-json\/wp\/v2\/product\/2316\/revisions"}],"wp:featuredmedia":[{"embeddable":true,"href":"https:\/\/www.qualitester.com\/hu\/wp-json\/wp\/v2\/media\/6313"}],"wp:attachment":[{"href":"https:\/\/www.qualitester.com\/hu\/wp-json\/wp\/v2\/media?parent=2316"}],"wp:term":[{"taxonomy":"product_cat","embeddable":true,"href":"https:\/\/www.qualitester.com\/hu\/wp-json\/wp\/v2\/product_cat?post=2316"},{"taxonomy":"product_tag","embeddable":true,"href":"https:\/\/www.qualitester.com\/hu\/wp-json\/wp\/v2\/product_tag?post=2316"}],"curies":[{"name":"wp","href":"https:\/\/api.w.org\/{rel}","templated":true}]}}