{"id":1799,"date":"2023-04-27T07:55:53","date_gmt":"2023-04-26T23:55:53","guid":{"rendered":"https:\/\/www.qualitester.com\/?post_type=product&#038;p=1799"},"modified":"2024-12-04T14:39:32","modified_gmt":"2024-12-04T06:39:32","slug":"stretch-film-peel-cling-tester-spc-01","status":"publish","type":"product","link":"https:\/\/www.qualitester.com\/hu\/termek\/stretch-film-peel-cling-tester-spc-01\/","title":{"rendered":"SPC-01 Stretch Film Peel Cling tesztel\u0151"},"content":{"rendered":"<h2>A Peel Cling Tester bevezet\u00e9se<\/h2>\n<p>Az ASTM D5458 Peel Cling Tester k\u00e9t filmr\u00e9teg k\u00f6z\u00f6tti tapad\u00e1st m\u00e9r, \u00e9s seg\u00edt meghat\u00e1rozni a stretch wrap anyag tapad\u00e1si k\u00e9pess\u00e9g\u00e9t. A csomagol\u00f3anyagok ter\u00fclet\u00e9n a term\u00e9kbiztons\u00e1g \u00e9s a stabilit\u00e1s biztos\u00edt\u00e1sa a k\u00fcl\u00f6nb\u00f6z\u0151 ipar\u00e1gakban kiemelked\u0151 fontoss\u00e1g\u00fa. Ezen anyagok k\u00f6z\u00fcl a stretchf\u00f3lia, m\u00e1s n\u00e9ven a ragaszt\u00f3f\u00f3lia d\u00f6nt\u0151 szerepet j\u00e1tszik az \u00e1ruk biztons\u00e1gos csomagol\u00e1s\u00e1ban \u00e9s v\u00e9delm\u00e9ben a sz\u00e1ll\u00edt\u00e1s \u00e9s a t\u00e1rol\u00e1s sor\u00e1n. A stretchf\u00f3lia tapad\u00e1si szil\u00e1rds\u00e1g\u00e1nak \u00e9s \u00e1ltal\u00e1nos teljes\u00edtm\u00e9ny\u00e9nek \u00e9rt\u00e9kel\u00e9s\u00e9hez elengedhetetlen a f\u00f3lia tapad\u00e1si szil\u00e1rds\u00e1g\u00e1nak \u00e9s \u00e1ltal\u00e1nos teljes\u00edtm\u00e9ny\u00e9nek \u00e9rt\u00e9kel\u00e9se.<\/p>\n<p><img fetchpriority=\"high\" decoding=\"async\" class=\"wp-image-4157 size-woocommerce_single aligncenter\" src=\"https:\/\/www.qualitester.com\/wp-content\/uploads\/2023\/04\/stretch-film-peel-cling-testser-600x600.jpg\" alt=\"m\u0171anyag ragaszt\u00f3f\u00f3lia h\u00e1ml\u00e1si tesztel\u0151je az astm d5458 szerint\" width=\"600\" height=\"600\" srcset=\"https:\/\/www.qualitester.com\/wp-content\/uploads\/2023\/04\/stretch-film-peel-cling-testser-600x600.jpg 600w, https:\/\/www.qualitester.com\/wp-content\/uploads\/2023\/04\/stretch-film-peel-cling-testser-300x300.jpg 300w, https:\/\/www.qualitester.com\/wp-content\/uploads\/2023\/04\/stretch-film-peel-cling-testser-150x150.jpg 150w, https:\/\/www.qualitester.com\/wp-content\/uploads\/2023\/04\/stretch-film-peel-cling-testser-100x100.jpg 100w, https:\/\/www.qualitester.com\/wp-content\/uploads\/2023\/04\/stretch-film-peel-cling-testser.jpg 750w\" sizes=\"(max-width: 600px) 100vw, 600px\" \/><\/p>\n<h2>Mi\u00e9rt fontos a h\u00e9jtapad\u00e1si tesztel\u00e9s?<\/h2>\n<p>A leh\u00fazhat\u00f3s\u00e1gi vizsg\u00e1lat a stretchf\u00f3li\u00e1k eset\u00e9ben kulcsfontoss\u00e1g\u00fa, mivel ez a vizsg\u00e1lat \u00e9rt\u00e9keli a f\u00f3lia \u00f6ntapad\u00e1si k\u00e9pess\u00e9g\u00e9t \u00e9s a becsomagolt \u00e1ru integrit\u00e1s\u00e1nak meg\u0151rz\u00e9s\u00e9t.<\/p>\n<h3>Terhel\u00e9s stabilit\u00e1sa<\/h3>\n<p>A stretchf\u00f3lia els\u0151dleges funkci\u00f3ja a rakom\u00e1nyok stabiliz\u00e1l\u00e1sa a sz\u00e1ll\u00edt\u00e1s \u00e9s a t\u00e1rol\u00e1s sor\u00e1n. Ha a f\u00f3lia nem tapad megfelel\u0151en mag\u00e1hoz, az a rakom\u00e1ny elmozdul\u00e1s\u00e1hoz vezethet, ami az \u00e1ruk s\u00e9r\u00fcl\u00e9s\u00e9t vagy ak\u00e1r baleseteket is okozhat a sz\u00e1ll\u00edt\u00e1s sor\u00e1n.<\/p>\n<h3>Term\u00e9kv\u00e9delem<\/h3>\n<p>A megfelel\u0151 ragaszt\u00e1s biztos\u00edtja, hogy a becsomagolt \u00e1rukat biztons\u00e1gosan \u00f6sszetartja, \u00e9s megv\u00e9di \u0151ket a port\u00f3l, nedvess\u00e9gt\u0151l \u00e9s m\u00e1s k\u00fcls\u0151 t\u00e9nyez\u0151kt\u0151l, amelyek potenci\u00e1lisan k\u00e1ros\u00edthatj\u00e1k vagy szennyezhetik \u0151ket.<\/p>\n<h3>Hat\u00e9kony kezel\u00e9s<\/h3>\n<p>A j\u00f3 tapad\u00e1si tulajdons\u00e1gokkal rendelkez\u0151 stretchf\u00f3lia megk\u00f6nny\u00edti a raklapos rakom\u00e1nyok kezel\u00e9s\u00e9t \u00e9s sz\u00e1ll\u00edt\u00e1s\u00e1t, \u00e9s cs\u00f6kkenti a cs\u00fasz\u00e1s vagy a sz\u00e9tv\u00e1l\u00e1s kock\u00e1zat\u00e1t a kezel\u00e9s sor\u00e1n.<\/p>\n<h3>K\u00f6lts\u00e9gmegtakar\u00edt\u00e1s<\/h3>\n<p>A hat\u00e9kony tapad\u00e1si tulajdons\u00e1gok azt jelentik, hogy kevesebb f\u00f3lia sz\u00fcks\u00e9ges a rakom\u00e1ny biztons\u00e1gos becsomagol\u00e1s\u00e1hoz. Ez nemcsak az anyagk\u00f6lts\u00e9geket cs\u00f6kkenti, hanem a felesleges csomagol\u00e1ssal j\u00e1r\u00f3 k\u00f6rnyezeti terhel\u00e9st is minimaliz\u00e1lja.<\/p>\n<h3>\u00dcgyf\u00e9l-el\u00e9gedetts\u00e9g<\/h3>\n<p>A v\u00e1s\u00e1rl\u00f3i el\u00e9gedetts\u00e9ghez elengedhetetlen, hogy a term\u00e9kek s\u00e9rtetlen\u00fcl \u00e9s s\u00e9rtetlen\u00fcl \u00e9rkezzenek meg a c\u00e9l\u00e1llom\u00e1sra. A megfelel\u0151 tapad\u00e1svizsg\u00e1lat seg\u00edt a gy\u00e1rt\u00f3knak fenntartani term\u00e9keik min\u0151s\u00e9g\u00e9t a teljes ell\u00e1t\u00e1si l\u00e1ncban.<\/p>\n<p><img decoding=\"async\" class=\"wp-image-4156 size-woocommerce_single aligncenter\" src=\"https:\/\/www.qualitester.com\/wp-content\/uploads\/2023\/04\/astm-d5458-peel-cling-testing-machine-for-sale-600x600.jpg\" alt=\"m\u0171anyag ragaszt\u00f3f\u00f3lia h\u00e1ml\u00e1si tesztel\u0151je az astm d5458 szerint\" width=\"600\" height=\"600\" srcset=\"https:\/\/www.qualitester.com\/wp-content\/uploads\/2023\/04\/astm-d5458-peel-cling-testing-machine-for-sale-600x600.jpg 600w, https:\/\/www.qualitester.com\/wp-content\/uploads\/2023\/04\/astm-d5458-peel-cling-testing-machine-for-sale-300x300.jpg 300w, https:\/\/www.qualitester.com\/wp-content\/uploads\/2023\/04\/astm-d5458-peel-cling-testing-machine-for-sale-150x150.jpg 150w, https:\/\/www.qualitester.com\/wp-content\/uploads\/2023\/04\/astm-d5458-peel-cling-testing-machine-for-sale-100x100.jpg 100w, https:\/\/www.qualitester.com\/wp-content\/uploads\/2023\/04\/astm-d5458-peel-cling-testing-machine-for-sale.jpg 750w\" sizes=\"(max-width: 600px) 100vw, 600px\" \/><\/p>\n<h2>A h\u00e1moz\u00e1si tapad\u00e1si vizsg\u00e1lat alkalmaz\u00e1sa az anyagvizsg\u00e1latban<\/h2>\n<p>A Peel Cling Tester l\u00e9tfontoss\u00e1g\u00fa eszk\u00f6z a k\u00e9t stretchf\u00f3lia r\u00e9teg k\u00f6z\u00f6tti tapad\u00e1si szil\u00e1rds\u00e1g \u00e9rt\u00e9kel\u00e9s\u00e9hez. A pontos m\u00e9r\u00e9sek biztos\u00edt\u00e1s\u00e1val ez a tesztel\u0151 jelent\u0151sen hozz\u00e1j\u00e1rul a term\u00e9kmin\u0151s\u00e9g \u00e9s -biztons\u00e1g jav\u00edt\u00e1s\u00e1hoz a legk\u00fcl\u00f6nb\u00f6z\u0151bb \u00e1gazatokban, t\u00f6bbek k\u00f6z\u00f6tt a csomagol\u00e1si, \u00e9lelmiszeripari \u00e9s orvosi szektorokban.<\/p>\n<h2>A szabv\u00e1nyoknak val\u00f3 megfelel\u00e9s<\/h2>\n<ul>\n<li>A <a title=\"ASTM D5458 h\u00e1moz\u00e1si tapad\u00e1si teszter\" href=\"https:\/\/www.astm.org\/d5458-95r20.html\" target=\"_blank\" rel=\"noopener nofollow\"><span style=\"color: #3366ff;\"><strong>ASTM D5458<\/strong><\/span><\/a> A stretchf\u00f3li\u00e1k leh\u00fazhat\u00f3 tapad\u00e1s\u00e1nak szabv\u00e1nyos vizsg\u00e1lati m\u00f3dszere szabv\u00e1nyos\u00edtott megk\u00f6zel\u00edt\u00e9st k\u00edn\u00e1l a f\u00f3liar\u00e9tegek k\u00f6z\u00f6tti tapad\u00e1si szil\u00e1rds\u00e1g sz\u00e1mszer\u0171s\u00edt\u00e9s\u00e9re. Ez a m\u00f3dszer seg\u00edt a fels\u0151bbrend\u0171 tapad\u00f3 r\u00e9teg meghat\u00e1roz\u00e1s\u00e1ban, ak\u00e1r k\u00fcls\u0151, ak\u00e1r bels\u0151 tapad\u00e1sr\u00f3l van sz\u00f3.<\/li>\n<\/ul>\n<h2>A Peel Cling Tester m\u0171szaki jellemz\u0151i<\/h2>\n<ol>\n<li>Felhaszn\u00e1l\u00f3bar\u00e1t fel\u00fclet: A 7 h\u00fcvelykes TFT \u00e9rint\u0151k\u00e9perny\u0151 biztos\u00edtja a k\u00f6nny\u0171 kezelhet\u0151s\u00e9get \u00e9s interakci\u00f3t.<\/li>\n<li>Megb\u00edzhat\u00f3 teljes\u00edtm\u00e9ny: Bels\u0151 PLC vez\u00e9rl\u0151egys\u00e9g garant\u00e1lja a k\u00f6vetkezetes \u00e9s megb\u00edzhat\u00f3 teljes\u00edtm\u00e9nyt.<\/li>\n<li>Precizit\u00e1s \u00e9s pontoss\u00e1g: A pontos sebess\u00e9g- \u00e9s elmozdul\u00e1sm\u00e9r\u00e9s \u00e9rdek\u00e9ben prec\u00edzi\u00f3s goly\u00f3scsavaros mechanizmust haszn\u00e1l.<\/li>\n<li>\u00c1ll\u00edthat\u00f3 vizsg\u00e1lati sebess\u00e9g: Rugalmass\u00e1got biztos\u00edt a vizsg\u00e1lati param\u00e9terekben, hogy megfeleljen az egyedi vizsg\u00e1lati k\u00f6vetelm\u00e9nyeknek.<\/li>\n<li>Minim\u00e1lis interferencia: A k\u00fcl\u00f6nb\u00f6z\u0151 terhel\u00e9scell\u00e1s csatlakoz\u00e1sok kik\u00fcsz\u00f6b\u00f6lik a s\u00farl\u00f3d\u00e1s \u00e9s a gravit\u00e1ci\u00f3 \u00e1ltal \u00e1ltal\u00e1ban okozott interferenci\u00e1t, biztos\u00edtva a pontos eredm\u00e9nyeket.<\/li>\n<li>Tov\u00e1bbfejlesztett funkcionalit\u00e1s: A tov\u00e1bbi k\u00e9nyelem \u00e9rdek\u00e9ben korl\u00e1toz\u00f3 eszk\u00f6zzel \u00e9s automatikus visszat\u00e9r\u00e9si funkci\u00f3val van felszerelve.<\/li>\n<li>Val\u00f3s idej\u0171 adatmegjelen\u00edt\u00e9s: A vizsg\u00e1lati g\u00f6rb\u00e9k val\u00f3s idej\u0171 megjelen\u00edt\u00e9se \u00e9s a cs\u00facs\u00e9rt\u00e9kek r\u00f6gz\u00edt\u00e9se elemz\u00e9s c\u00e9lj\u00e1b\u00f3l.<\/li>\n<li>Sokoldal\u00fa felhaszn\u00e1l\u00e1s: T\u00e1mogatja az 50%, 100% \u00e9s 200% ny\u00fal\u00e1si sebess\u00e9geket, \u00edgy a vizsg\u00e1lati ig\u00e9nyek sz\u00e9les k\u00f6r\u00e9t kiel\u00e9g\u00edti.<\/li>\n<li>Dokument\u00e1ci\u00f3: Be\u00e1gyazott mikronyomtat\u00f3t tartalmaz a vizsg\u00e1lati eredm\u00e9nyek k\u00e9nyelmes dokument\u00e1l\u00e1s\u00e1hoz.<\/li>\n<li>Opcion\u00e1lis jellemz\u0151k: A s\u00farl\u00f3d\u00e1si egy\u00fctthat\u00f3 funkci\u00f3 hozz\u00e1ad\u00e1s\u00e1nak lehet\u0151s\u00e9g\u00e9t k\u00edn\u00e1lja az \u00e1tfog\u00f3 vizsg\u00e1lati k\u00e9pess\u00e9gek \u00e9rdek\u00e9ben.<\/li>\n<\/ol>\n<p>A sztreccsf\u00f3lia leh\u00fazhat\u00f3s\u00e1ga kulcsfontoss\u00e1g\u00fa a csomagolt \u00e1ruk s\u00e9rtetlens\u00e9g\u00e9nek \u00e9s stabilit\u00e1s\u00e1nak biztos\u00edt\u00e1sa szempontj\u00e1b\u00f3l a sz\u00e1ll\u00edt\u00e1s \u00e9s a t\u00e1rol\u00e1s sor\u00e1n. A Peel Cling Tester megb\u00edzhat\u00f3 megold\u00e1st jelent a tapad\u00e1si szil\u00e1rds\u00e1g pontos \u00e9rt\u00e9kel\u00e9s\u00e9re, \u00e9s ez\u00e1ltal hozz\u00e1j\u00e1rul a term\u00e9kmin\u0151s\u00e9g \u00e9s a biztons\u00e1g jav\u00edt\u00e1s\u00e1hoz a k\u00fcl\u00f6nb\u00f6z\u0151 ipar\u00e1gakban.<\/p>\n<h2>Hogyan tesztelj\u00fck a Stretch film h\u00e1moz\u00e1si tapad\u00e1si erej\u00e9t?<\/h2>\n<div class=\"ast-oembed-container\" style=\"height: 100%;\"><iframe title=\"F\u00f3liah\u00e9jh\u00e9j-megtapad\u00e1si tesztk\u00e9sz\u00fcl\u00e9k | ASTM D5458\" width=\"500\" height=\"281\" src=\"https:\/\/www.youtube.com\/embed\/gRpUEGeIRNw?feature=oembed\" frameborder=\"0\" allow=\"accelerometer; autoplay; clipboard-write; encrypted-media; gyroscope; picture-in-picture; web-share\" referrerpolicy=\"strict-origin-when-cross-origin\" allowfullscreen><\/iframe><\/div>\n<h2>GYIK<\/h2>\n<ol>\n<li>Mely ipar\u00e1gak profit\u00e1lnak legink\u00e1bb a <strong>h\u00e9jtapad\u00e1si tesztel\u00e9s<\/strong>?<br \/>\nA h\u00e1ml\u00e1svizsg\u00e1lat felbecs\u00fclhetetlen \u00e9rt\u00e9k\u0171 az olyan ipar\u00e1gakban, mint a csomagol\u00e1s, az \u00e9lelmiszeripar, az orvostudom\u00e1ny \u00e9s a gy\u00f3gyszeripar, ahol az \u00e1ruk sz\u00e1ll\u00edt\u00e1s k\u00f6zbeni biztos\u00edt\u00e1sa kritikus fontoss\u00e1g\u00fa.<\/li>\n<li>Lehet-e a <strong>Peel Cling Tester<\/strong> egyedi tesztel\u00e9si k\u00f6vetelm\u00e9nyekhez alkalmazkodni?<br \/>\nIgen, a Peel Cling Tester \u00e1ll\u00edthat\u00f3 param\u00e9terekkel rendelkezik, \u00edgy alkalmas a k\u00fcl\u00f6nb\u00f6z\u0151 vizsg\u00e1lati ig\u00e9nyek kiel\u00e9g\u00edt\u00e9s\u00e9re, bele\u00e9rtve az egyedi automatiz\u00e1l\u00e1st is.<\/li>\n<li>Megfelel-e a h\u00e1ml\u00e1svizsg\u00e1lat a nemzetk\u00f6zi szabv\u00e1nyoknak?<br \/>\nA Peel Cling Tester \u00e1ltal v\u00e9gzett h\u00e1ml\u00e1si tapad\u00e1si tesztek term\u00e9szetesen megfelelnek az olyan nemzetk\u00f6zi szabv\u00e1nyoknak, mint az ASTM D5458, biztos\u00edtva a pontos \u00e9s megb\u00edzhat\u00f3 eredm\u00e9nyeket.<\/li>\n<li>Hogyan j\u00e1rul hozz\u00e1 a h\u00e1ml\u00e1si vizsg\u00e1lat a min\u0151s\u00e9gellen\u0151rz\u00e9shez?<br \/>\nA leh\u00fazhat\u00f3 f\u00f3lia vizsg\u00e1lata l\u00e9tfontoss\u00e1g\u00fa min\u0151s\u00e9gellen\u0151rz\u00e9si int\u00e9zked\u00e9sk\u00e9nt szolg\u00e1l, amely biztos\u00edtja a stretchf\u00f3lia tapad\u00e1s\u00e1t \u00e9s teljes\u00edtm\u00e9ny\u00e9t a csomagolt \u00e1ruk hat\u00e9kony r\u00f6gz\u00edt\u00e9s\u00e9ben.<\/li>\n<li>Milyen m\u00f3don seg\u00edti a Peel Cling Tester a v\u00e1llalkoz\u00e1sok k\u00f6lts\u00e9gmegtakar\u00edt\u00e1s\u00e1t?<br \/>\nA tapad\u00e1si er\u0151ss\u00e9g pontos \u00e9rt\u00e9kel\u00e9s\u00e9vel a Peel Cling Tester seg\u00edt a v\u00e1llalkoz\u00e1soknak optimaliz\u00e1lni csomagol\u00e1si folyamataikat, minimaliz\u00e1lja az anyagpazarl\u00e1st \u00e9s biztos\u00edtja a hat\u00e9kony er\u0151forr\u00e1s-felhaszn\u00e1l\u00e1st.<\/li>\n<\/ol>\n<h2>Kapcsol\u00f3d\u00f3 vizsg\u00e1lati eszk\u00f6z\u00f6k<\/h2>\n<p><img decoding=\"async\" class=\"alignnone wp-image-4121 size-woocommerce_single\" src=\"https:\/\/www.qualitester.com\/wp-content\/uploads\/2023\/04\/TST-01-Tensile-Tester-puncture-test-1-1-600x600.jpg\" alt=\"ASTM D5748 fesz\u00edtett csomagol\u00f3f\u00f3lia lyukaszt\u00e1si tesztel\u0151\" width=\"600\" height=\"600\" srcset=\"https:\/\/www.qualitester.com\/wp-content\/uploads\/2023\/04\/TST-01-Tensile-Tester-puncture-test-1-1-600x600.jpg 600w, https:\/\/www.qualitester.com\/wp-content\/uploads\/2023\/04\/TST-01-Tensile-Tester-puncture-test-1-1-300x300.jpg 300w, https:\/\/www.qualitester.com\/wp-content\/uploads\/2023\/04\/TST-01-Tensile-Tester-puncture-test-1-1-150x150.jpg 150w, https:\/\/www.qualitester.com\/wp-content\/uploads\/2023\/04\/TST-01-Tensile-Tester-puncture-test-1-1-100x100.jpg 100w, https:\/\/www.qualitester.com\/wp-content\/uploads\/2023\/04\/TST-01-Tensile-Tester-puncture-test-1-1.jpg 750w\" sizes=\"(max-width: 600px) 100vw, 600px\" \/><\/p>\n<p>TST-01 <a title=\"ASTM D5748 sz\u00far\u00e1sm\u00e9r\u0151\" href=\"https:\/\/www.qualitester.com\/hu\/termek\/tensile-tester-tst-01\/\" target=\"_blank\" rel=\"noopener\"><span style=\"color: #3366ff;\">Szak\u00edt\u00f3 tesztel\u0151<\/span><\/a> a kiemelked\u00e9s eset\u00e9ben <strong>A stretch f\u00f3lia sz\u00far\u00e1s\u00e1ll\u00f3s\u00e1ga<\/strong><\/p>","protected":false},"excerpt":{"rendered":"<p>A stretchf\u00f3lia, m\u00e1s n\u00e9ven f\u00f3liaf\u00f3lia, d\u00f6nt\u0151 szerepet j\u00e1tszik az \u00e1ruk biztons\u00e1gos csomagol\u00e1s\u00e1ban \u00e9s v\u00e9delm\u00e9ben a sz\u00e1ll\u00edt\u00e1s \u00e9s a t\u00e1rol\u00e1s sor\u00e1n. A sztreccsf\u00f3lia tapad\u00e1si szil\u00e1rds\u00e1g\u00e1nak \u00e9s \u00e1ltal\u00e1nos teljes\u00edtm\u00e9ny\u00e9nek \u00e9rt\u00e9kel\u00e9s\u00e9hez elengedhetetlen a f\u00f3lia leh\u00fazhat\u00f3s\u00e1g\u00e1nak vizsg\u00e1lata.<\/p>","protected":false},"featured_media":6101,"comment_status":"closed","ping_status":"closed","template":"","meta":{"site-sidebar-layout":"default","site-content-layout":"default","ast-global-header-display":"","ast-main-header-display":"","ast-hfb-above-header-display":"","ast-hfb-below-header-display":"","ast-hfb-mobile-header-display":"","site-post-title":"disabled","ast-breadcrumbs-content":"","ast-featured-img":"disabled","footer-sml-layout":"","theme-transparent-header-meta":"default","adv-header-id-meta":"","stick-header-meta":"","header-above-stick-meta":"","header-main-stick-meta":"","header-below-stick-meta":""},"product_cat":[845,681,16,390,95],"product_tag":[],"class_list":{"0":"post-1799","1":"product","2":"type-product","3":"status-publish","4":"has-post-thumbnail","6":"product_cat-customization","7":"product_cat-peel-tester","8":"product_cat-plastic-packaging-testers","9":"product_cat-astm-d5458","10":"product_cat-products","11":"desktop-align-left","12":"tablet-align-left","13":"mobile-align-left","15":"first","16":"instock","17":"shipping-taxable","18":"product-type-simple"},"_links":{"self":[{"href":"https:\/\/www.qualitester.com\/hu\/wp-json\/wp\/v2\/product\/1799","targetHints":{"allow":["GET"]}}],"collection":[{"href":"https:\/\/www.qualitester.com\/hu\/wp-json\/wp\/v2\/product"}],"about":[{"href":"https:\/\/www.qualitester.com\/hu\/wp-json\/wp\/v2\/types\/product"}],"replies":[{"embeddable":true,"href":"https:\/\/www.qualitester.com\/hu\/wp-json\/wp\/v2\/comments?post=1799"}],"version-history":[{"count":0,"href":"https:\/\/www.qualitester.com\/hu\/wp-json\/wp\/v2\/product\/1799\/revisions"}],"wp:featuredmedia":[{"embeddable":true,"href":"https:\/\/www.qualitester.com\/hu\/wp-json\/wp\/v2\/media\/6101"}],"wp:attachment":[{"href":"https:\/\/www.qualitester.com\/hu\/wp-json\/wp\/v2\/media?parent=1799"}],"wp:term":[{"taxonomy":"product_cat","embeddable":true,"href":"https:\/\/www.qualitester.com\/hu\/wp-json\/wp\/v2\/product_cat?post=1799"},{"taxonomy":"product_tag","embeddable":true,"href":"https:\/\/www.qualitester.com\/hu\/wp-json\/wp\/v2\/product_tag?post=1799"}],"curies":[{"name":"wp","href":"https:\/\/api.w.org\/{rel}","templated":true}]}}