{"id":1792,"date":"2023-04-26T17:08:02","date_gmt":"2023-04-26T09:08:02","guid":{"rendered":"https:\/\/www.qualitester.com\/?post_type=product&#038;p=1792"},"modified":"2025-06-30T17:31:24","modified_gmt":"2025-06-30T09:31:24","slug":"pendulum-impact-tester-pit-01","status":"publish","type":"product","link":"https:\/\/www.qualitester.com\/hu\/termek\/pendulum-impact-tester-pit-01\/","title":{"rendered":"PIT-01 ing\u00e1s \u00fct\u00e9sm\u00e9r\u0151"},"content":{"rendered":"<h2 data-start=\"474\" data-end=\"521\">Bevezet\u00e9s a filmes inga\u00fctk\u00f6z\u00e9sm\u00e9r\u0151h\u00f6z<\/h2>\n<p data-start=\"523\" data-end=\"894\">A <strong data-start=\"527\" data-end=\"558\">film ing\u00e1s \u00fct\u00e9sm\u00e9r\u0151<\/strong> egy prec\u00edzi\u00f3s m\u0171szer, amelyet a <strong data-start=\"606\" data-end=\"627\">\u00fct\u00e9s\u00e1ll\u00f3s\u00e1g<\/strong> m\u0171anyag f\u00f3li\u00e1k, f\u00f3li\u00e1k \u00e9s v\u00e9kony lemezek. A csomagol\u00f3-, \u00e9lelmiszer-, orvosi \u00e9s anyagkutat\u00f3 iparban n\u00e9lk\u00fcl\u00f6zhetetlen eszk\u00f6z. A val\u00f3s \u00fct\u00e9sekhez hasonl\u00f3 dinamikus terhel\u00e9si k\u00f6r\u00fclm\u00e9nyek reproduk\u00e1l\u00e1s\u00e1val ez a tesztel\u0151 seg\u00edt az anyag tart\u00f3ss\u00e1g\u00e1nak \u00e9s sz\u00edv\u00f3ss\u00e1g\u00e1nak \u00e9rt\u00e9kel\u00e9s\u00e9ben.<\/p>\n<p data-start=\"896\" data-end=\"1227\">Amikor a f\u00f3li\u00e1kat csomagol\u00e1sban vagy term\u00e9kv\u00e9delemben haszn\u00e1lj\u00e1k, a hirtelen fell\u00e9p\u0151 er\u0151kkel szembeni ellen\u00e1ll\u00e1suk meg\u00e9rt\u00e9se kritikus fontoss\u00e1g\u00fa. Ez az a ter\u00fclet, ahol a <strong data-start=\"1031\" data-end=\"1062\">film ing\u00e1s \u00fct\u00e9sm\u00e9r\u0151<\/strong> l\u00e9tfontoss\u00e1g\u00fa szerepet j\u00e1tszik - nagy sebess\u00e9g\u0171 lyukaszt\u00e1st szimul\u00e1l, \u00e9s m\u00e9ri a <strong data-start=\"1132\" data-end=\"1175\">az anyag felszakad\u00e1s\u00e1hoz sz\u00fcks\u00e9ges energia<\/strong>, megb\u00edzhat\u00f3 adatokat ny\u00fajtva a teljes\u00edtm\u00e9ny\u00e9rt\u00e9kel\u00e9shez.<\/p>\n<h2 data-start=\"1234\" data-end=\"1293\">ASTM D3420 a film ing\u00e1s \u00fct\u00e9s\u00e1ll\u00f3s\u00e1g\u00e1hoz<\/h2>\n<p data-start=\"1295\" data-end=\"1561\">A <a href=\"https:\/\/www.qualitester.com\/hu\/termek\/pendulum-impact-tester-pit-01\/\" target=\"_blank\" rel=\"noopener\"><strong data-start=\"1299\" data-end=\"1313\">ASTM D3420<\/strong><\/a> vizsg\u00e1lati m\u00f3dszer a nemzetk\u00f6zileg elismert szabv\u00e1ny a m\u0171anyag f\u00f3li\u00e1k leng\u0151 \u00fct\u00e9s\u00e1ll\u00f3s\u00e1g\u00e1nak meghat\u00e1roz\u00e1s\u00e1ra. R\u00e9szletes utas\u00edt\u00e1sokat tartalmaz a pontos, megism\u00e9telhet\u0151 \u00e9s \u00f6sszehasonl\u00edthat\u00f3 eredm\u00e9nyek biztos\u00edt\u00e1sa \u00e9rdek\u00e9ben a k\u00fcl\u00f6nb\u00f6z\u0151 vizsg\u00e1lati k\u00f6rnyezetekben.<\/p>\n<p data-start=\"1563\" data-end=\"1829\">Ez a m\u00f3dszer a k\u00f6vetkez\u0151ket foglalja mag\u00e1ban <strong data-start=\"1584\" data-end=\"1641\">egy r\u00f6gz\u00edtett filmmint\u00e1t egy ingafejjel \u00fct\u00f6getve<\/strong> ismert sebess\u00e9ggel \u00e9s energiaszinten. A <strong data-start=\"1684\" data-end=\"1703\">elnyelt energia<\/strong> az inga mozg\u00e1s\u00e1b\u00f3l sz\u00e1m\u00edtj\u00e1k ki, amely a pr\u00f3badarab \u00e1ltal okozott, szakad\u00e1shoz vagy \u00e1tsz\u00far\u00e1shoz vezet. A vizsg\u00e1lat k\u00e9t f\u0151 elj\u00e1r\u00e1st alkalmaz:<\/p>\n<ul>\n<li data-start=\"1833\" data-end=\"1907\"><strong data-start=\"1833\" data-end=\"1848\">A elj\u00e1r\u00e1s<\/strong>: 25,4 mm \u00e1tm\u00e9r\u0151j\u0171 \u00fctk\u00f6z\u0151fejet \u00e9s 60 mm ny\u00edl\u00e1sm\u00e9retet haszn\u00e1l.<\/li>\n<li data-start=\"1910\" data-end=\"2011\"><strong data-start=\"1910\" data-end=\"1925\">B elj\u00e1r\u00e1s<\/strong>: 19,0 mm \u00e1tm\u00e9r\u0151j\u0171 fejet \u00e9s 89 mm ny\u00edl\u00e1sm\u00e9retet haszn\u00e1l (m\u00e1s n\u00e9ven Spencer-teszt).<\/li>\n<\/ul>\n<p data-start=\"2013\" data-end=\"2218\">Mindegyik m\u00f3dszer k\u00fcl\u00f6nb\u00f6z\u0151 anyagt\u00edpusokhoz \u00e9s vizsg\u00e1lati be\u00e1ll\u00edt\u00e1sokhoz illik. Azonban, <strong data-start=\"2085\" data-end=\"2143\">az A \u00e9s B elj\u00e1r\u00e1s eredm\u00e9nyei nem felcser\u00e9lhet\u0151k egym\u00e1ssal.<\/strong>, mivel mintam\u00e9ret\u00fck \u00e9s fej\u00e1tm\u00e9r\u0151j\u00fck elt\u00e9r\u0151 \u00fct\u00e9sdinamik\u00e1t eredm\u00e9nyez.<\/p>\n<h2 data-start=\"2225\" data-end=\"2281\">A film ing\u00e1s \u00fctk\u00f6z\u00e9sm\u00e9r\u0151 m\u0171k\u00f6d\u00e9si elve<\/h2>\n<p data-start=\"2283\" data-end=\"2310\">Az ASTM D3420 vizsg\u00e1lat sor\u00e1n:<\/p>\n<ol>\n<li data-start=\"2315\" data-end=\"2442\">Egy lapos, hibamentes mintadarabot (jellemz\u0151en 100 mm \u00d7 100 mm vagy \u00d8100 mm) k\u00e9t lemez k\u00f6z\u00e9 szor\u00edtanak be, egy <strong data-start=\"2420\" data-end=\"2441\">k\u00f6r alak\u00fa ny\u00edl\u00e1s<\/strong>.<\/li>\n<li data-start=\"2446\" data-end=\"2587\">Az ing\u00e1t egy <strong data-start=\"2478\" data-end=\"2498\">reteszelt helyzet<\/strong>, leng\u0151 egy <strong data-start=\"2516\" data-end=\"2549\">maxim\u00e1lis sebess\u00e9g ~74 m\/min<\/strong> \u00e9s energia ak\u00e1r <strong data-start=\"2567\" data-end=\"2586\">5 J (50 cm-kgf)<\/strong>.<\/li>\n<li data-start=\"2591\" data-end=\"2666\">A <strong data-start=\"2595\" data-end=\"2617\">f\u00e9lg\u00f6mb alak\u00fa fej<\/strong> a f\u00f3lia k\u00f6zep\u00e9be csap\u00f3dik, \u00e9s szakad\u00e1st okoz.<\/li>\n<li data-start=\"2670\" data-end=\"2793\">Az inga mozg\u00e1si energiavesztes\u00e9g\u00e9t m\u00e9rik \u00e9s \u00e1tv\u00e1ltj\u00e1k a k\u00f6vetkez\u0151 \u00e9rt\u00e9kekre <strong data-start=\"2747\" data-end=\"2768\">\u00fctk\u00f6z\u00e9si energia (J)<\/strong> szabv\u00e1nyos k\u00e9pletekkel:<\/li>\n<\/ol>\n<ul>\n<li style=\"list-style-type: none;\">\n<ul>\n<li>Az A. elj\u00e1r\u00e1s eset\u00e9ben:<br data-start=\"2815\" data-end=\"2818\" \/><em data-start=\"2823\" data-end=\"2861\">E = (sk\u00e1la\u00e9rt\u00e9k cm-kgf-ben) \/ 10,2<\/em><\/li>\n<li>A B. elj\u00e1r\u00e1shoz:<br data-start=\"2883\" data-end=\"2886\" \/><em data-start=\"2891\" data-end=\"2910\">E = (R \/ 100) \u00d7 C<\/em>,<br data-start=\"2911\" data-end=\"2914\" \/>ahol <em data-start=\"2925\" data-end=\"2928\">R<\/em> a sk\u00e1la \u00e9rt\u00e9ke \u00e9s <em data-start=\"2954\" data-end=\"2957\">C<\/em> az eszk\u00f6z kapacit\u00e1sa (pl. 0,17 J \u00e9s 2,7 J k\u00f6z\u00f6tt).<\/li>\n<\/ul>\n<\/li>\n<\/ul>\n<p data-start=\"3009\" data-end=\"3117\">Egyes m\u00f3dszerekkel ellent\u00e9tben itt nem t\u00f6rt\u00e9nik korrekci\u00f3 a kilyukasztott apr\u00f3 szil\u00e1nkok miatt, mivel azok t\u00f6mege elhanyagolhat\u00f3.<\/p>\n<h2 data-start=\"3124\" data-end=\"3187\">A PIT-01 filmes ing\u00e1s \u00fct\u00e9sm\u00e9r\u0151 speci\u00e1lis jellemz\u0151i<\/h2>\n<p data-start=\"3189\" data-end=\"3389\">Gy\u00e1rt\u00f3: <strong data-start=\"3205\" data-end=\"3235\">Cell Instruments Co., Ltd.<\/strong>, a <strong data-start=\"3241\" data-end=\"3279\">PIT-01 filmes inga\u00fctk\u00f6z\u00e9sm\u00e9r\u0151 k\u00e9sz\u00fcl\u00e9k<\/strong> teljes k\u00f6r\u0171 <strong data-start=\"3298\" data-end=\"3323\">ASTM D3420 megfelel\u00e9s<\/strong>, felaj\u00e1nlva <strong data-start=\"3334\" data-end=\"3346\">pontoss\u00e1g<\/strong>, <strong data-start=\"3348\" data-end=\"3362\">automatiz\u00e1l\u00e1s<\/strong>, \u00e9s <strong data-start=\"3368\" data-end=\"3388\">felhaszn\u00e1l\u00f3i k\u00e9nyelem<\/strong>:<\/p>\n<ul>\n<li data-start=\"3393\" data-end=\"3478\"><strong data-start=\"3393\" data-end=\"3418\">PLC \u00e9s \u00e9rint\u0151k\u00e9perny\u0151s HMI<\/strong>: Lehet\u0151v\u00e9 teszi az egyszer\u0171 tesztkonfigur\u00e1ci\u00f3t \u00e9s a val\u00f3s idej\u0171 fel\u00fcgyeletet.<\/li>\n<li data-start=\"3481\" data-end=\"3567\"><strong data-start=\"3481\" data-end=\"3510\">Pneumatikus O-gy\u0171r\u0171s r\u00f6gz\u00edt\u00e9s<\/strong>: Biztos\u00edtja a biztons\u00e1gos, cs\u00fasz\u00e1smentes r\u00f6gz\u00edt\u00e9st a konzisztens adatokhoz.<\/li>\n<li data-start=\"3570\" data-end=\"3632\"><strong data-start=\"3570\" data-end=\"3600\">Automatikus inga kiold\u00e1s<\/strong>: N\u00f6veli a pontoss\u00e1got \u00e9s a biztons\u00e1got.<\/li>\n<li data-start=\"3635\" data-end=\"3747\"><strong data-start=\"3635\" data-end=\"3670\">Automatikus adatfeldolgoz\u00e1s \u00e9s nyomtat\u00e1s<\/strong>: Azonnal r\u00f6gz\u00edti, kisz\u00e1m\u00edtja \u00e9s kinyomtatja az eredm\u00e9nyeket, minimaliz\u00e1lva az emberi hib\u00e1k sz\u00e1m\u00e1t.<\/li>\n<li data-start=\"3750\" data-end=\"3851\"><strong data-start=\"3750\" data-end=\"3780\">T\u00f6bbf\u00e9le \u00fct\u0151fej m\u00e9ret<\/strong>: \u03a625,4 mm-es, \u03a619 mm-es \u00e9s \u03a612,7 mm-es fejjel rendelkezik a rugalmas tesztel\u00e9s \u00e9rdek\u00e9ben.<\/li>\n<\/ul>\n<h3><strong>F\u0151 param\u00e9ter<\/strong><\/h3>\n<table>\n<tbody>\n<tr>\n<td style=\"text-align: center;\" width=\"135\">Hat\u00e1sos energia<\/td>\n<td style=\"text-align: center;\" width=\"204\">1 J, 2 J, 3 J<\/td>\n<\/tr>\n<tr>\n<td style=\"text-align: center;\" width=\"135\">Felbont\u00e1s<\/td>\n<td style=\"text-align: center;\" width=\"204\">\u00a00.001 J<\/td>\n<\/tr>\n<tr>\n<td style=\"text-align: center;\" width=\"135\">\u00dct\u0151fej m\u00e9rete<\/td>\n<td style=\"text-align: center;\" width=\"204\">\u042425,4, \u042419, \u042412,7 mm<\/td>\n<\/tr>\n<tr>\n<td style=\"text-align: center;\" width=\"135\">Mintap\u00e9ld\u00e1ny bilincs<\/td>\n<td style=\"text-align: center;\" width=\"204\">Pneumatikus bilincs<\/td>\n<\/tr>\n<tr>\n<td style=\"text-align: center;\" width=\"135\">R\u00f6gz\u00edt\u0151 \u00e1tm\u00e9r\u0151je<\/td>\n<td style=\"text-align: center;\" width=\"204\">\u042489 mm, \u042460 mm<\/td>\n<\/tr>\n<tr>\n<td style=\"text-align: center;\" width=\"135\">G\u00e1zell\u00e1t\u00e1s<\/td>\n<td style=\"text-align: center;\" width=\"204\">0,6 MPa \u03a66 mm PU cs\u0151<\/td>\n<\/tr>\n<tr>\n<td style=\"text-align: center;\" width=\"135\">Minta m\u00e9rete<\/td>\n<td style=\"text-align: center;\" width=\"204\">100*100 mm vagy \u0424100 mm<\/td>\n<\/tr>\n<tr>\n<td style=\"text-align: center;\" width=\"135\">T\u00e1pegys\u00e9g<\/td>\n<td style=\"text-align: center;\" width=\"204\">AC 110~220V 50Hz<\/td>\n<\/tr>\n<\/tbody>\n<\/table>\n<p data-start=\"3853\" data-end=\"4018\">A <strong data-start=\"3862\" data-end=\"3903\">nagy \u00e9rz\u00e9kenys\u00e9g (0,001 J felbont\u00e1s)<\/strong> \u00e9s <strong data-start=\"3908\" data-end=\"3942\">sz\u00e9les energiatartom\u00e1ny (1 J-t\u00f3l 3 J-ig)<\/strong>, A PIT-01 ide\u00e1lis mind a <strong data-start=\"3973\" data-end=\"3992\">min\u0151s\u00e9gellen\u0151rz\u00e9s<\/strong> \u00e9s <strong data-start=\"3997\" data-end=\"4017\">K+F alkalmaz\u00e1sok<\/strong>.<\/p>\n<h2 data-start=\"4025\" data-end=\"4078\">Vizsg\u00e1lati elj\u00e1r\u00e1s f\u0151bb jellemz\u0151i az ASTM D3420 szabv\u00e1ny szerint<\/h2>\n<ul>\n<li data-start=\"4082\" data-end=\"4186\"><strong data-start=\"4082\" data-end=\"4106\">Minta el\u0151k\u00e9sz\u00edt\u00e9se<\/strong>: Haszn\u00e1ljon sima, egyenletes, hib\u00e1kt\u00f3l mentes f\u00f3li\u00e1kat. Legal\u00e1bb \u00f6t mintadarabra van sz\u00fcks\u00e9g.<\/li>\n<li data-start=\"4189\" data-end=\"4260\"><strong data-start=\"4189\" data-end=\"4214\">Vastags\u00e1g m\u00e9r\u00e9se<\/strong>: A vastags\u00e1got 0,00125 mm pontoss\u00e1ggal m\u00e9rje.<\/li>\n<li data-start=\"4263\" data-end=\"4384\"><strong data-start=\"4263\" data-end=\"4284\">Szerel\u00e9s \u00e9s hat\u00e1s<\/strong>: R\u00f6gz\u00edtse a mint\u00e1t a tart\u00f3ba, emelje fel \u00e9s reteszelje az ing\u00e1t, majd engedje el a minta \u00fctk\u00f6z\u00e9s\u00e9hez.<\/li>\n<li data-start=\"4387\" data-end=\"4524\"><strong data-start=\"4387\" data-end=\"4405\">Adatfelv\u00e9tel<\/strong>: R\u00f6gz\u00edtse a sk\u00e1la leolvas\u00e1s\u00e1t. Ha az inga nem sz\u00farja \u00e1t teljesen a f\u00f3li\u00e1t, n\u00f6velje az energi\u00e1t vagy cs\u00f6kkentse a f\u00f3lia vastags\u00e1g\u00e1t.<\/li>\n<li data-start=\"4527\" data-end=\"4638\"><strong data-start=\"4527\" data-end=\"4544\">Ism\u00e9telhet\u0151s\u00e9g<\/strong>: Ha cs\u00fasz\u00e1st \u00e9szlel, \u00faj mint\u00e1val v\u00e9gezze el a vizsg\u00e1latot, \u00e9s gy\u0151z\u0151dj\u00f6n meg arr\u00f3l, hogy a bilincsek megfelel\u0151en meg vannak h\u00fazva.<\/li>\n<\/ul>\n<h2 data-start=\"4645\" data-end=\"4679\">Alkalmaz\u00e1sok az ipar\u00e1gakban<\/h2>\n<p data-start=\"4681\" data-end=\"4748\">A <strong data-start=\"4685\" data-end=\"4716\">film ing\u00e1s \u00fct\u00e9sm\u00e9r\u0151<\/strong> sz\u00e9lesk\u00f6r\u0171en alkalmazz\u00e1k a k\u00f6vetkez\u0151kben:<\/p>\n<ul>\n<li data-start=\"4752\" data-end=\"4827\"><strong data-start=\"4752\" data-end=\"4774\">Rugalmas csomagol\u00e1s<\/strong>: Biztos\u00edtja, hogy a f\u00f3li\u00e1k ellen\u00e1lljanak a sz\u00e1ll\u00edt\u00e1snak \u00e9s a kezel\u00e9snek.<\/li>\n<li data-start=\"4830\" data-end=\"4904\"><strong data-start=\"4830\" data-end=\"4851\">Orvosi csomagol\u00e1s<\/strong>: \u00c9rv\u00e9nyes\u00edti a sz\u00far\u00e1s\u00e1ll\u00f3s\u00e1got steril csomagol\u00e1sban.<\/li>\n<li data-start=\"4907\" data-end=\"4978\"><strong data-start=\"4907\" data-end=\"4932\">\u00c9lelmiszer \u00e9s ital filmek<\/strong>: Meger\u0151s\u00edti a s\u00e9rtetlens\u00e9get a lees\u00e9sekkel \u00e9s \u00fct\u00e9sekkel szemben.<\/li>\n<li data-start=\"4981\" data-end=\"5068\"><strong data-start=\"4981\" data-end=\"5007\">\u00c9p\u00edt\u0151anyagok<\/strong>: Vizsg\u00e1lja az \u00e9p\u00fcletek szigetel\u00e9s\u00e9hez \u00e9s v\u00e9delm\u00e9hez haszn\u00e1lt g\u00e1tl\u00f3 f\u00f3li\u00e1kat.<\/li>\n<li data-start=\"5071\" data-end=\"5162\"><strong data-start=\"5071\" data-end=\"5097\">Kutat\u00e1s \u00e9s fejleszt\u00e9s<\/strong>: T\u00e1mogatja az \u00faj anyagok megfogalmaz\u00e1s\u00e1t \u00e9s a teljes\u00edtm\u00e9ny\u00e9rt\u00e9kel\u00e9st.<\/li>\n<\/ul>\n<h2 data-start=\"5169\" data-end=\"5213\">Mi\u00e9rt v\u00e1lassza a PIT-01-et a Cell Instruments-t\u0151l?<\/h2>\n<p data-start=\"5215\" data-end=\"5440\">Cell Instruments' <strong data-start=\"5233\" data-end=\"5243\">PIT-01<\/strong> kiemelkedik a <strong data-start=\"5266\" data-end=\"5301\">prec\u00edzi\u00f3san tervezett alkatr\u00e9szek<\/strong>, <strong data-start=\"5303\" data-end=\"5333\">az ASTM D3420 szabv\u00e1nynak val\u00f3 megfelel\u00e9s<\/strong>, \u00e9s <strong data-start=\"5339\" data-end=\"5362\">intuit\u00edv m\u0171k\u00f6d\u00e9s<\/strong>. Ak\u00e1r a szab\u00e1lyoz\u00e1si valid\u00e1ci\u00f3hoz, ak\u00e1r a gy\u00e1rt\u00e1si min\u0151s\u00e9gellen\u0151rz\u00e9shez, biztos\u00edtja:<\/p>\n<ul>\n<li data-start=\"5444\" data-end=\"5478\"><strong data-start=\"5444\" data-end=\"5478\">Megb\u00edzhat\u00f3, szabv\u00e1nyos\u00edtott eredm\u00e9nyek<\/strong><\/li>\n<li data-start=\"5481\" data-end=\"5519\"><strong data-start=\"5481\" data-end=\"5519\">Cs\u00f6kkentett emberi hiba az automatiz\u00e1l\u00e1s r\u00e9v\u00e9n<\/strong><\/li>\n<li data-start=\"5522\" data-end=\"5559\"><strong data-start=\"5522\" data-end=\"5559\">Sokoldal\u00fas\u00e1g a f\u00f3liaanyagok k\u00f6z\u00f6tt<\/strong><\/li>\n<li data-start=\"5562\" data-end=\"5609\"><strong data-start=\"5562\" data-end=\"5609\">Megfelel\u00e9s a glob\u00e1lis min\u0151s\u00e9gi elv\u00e1r\u00e1soknak<\/strong><\/li>\n<\/ul>\n<p data-start=\"5632\" data-end=\"6042\">A <strong data-start=\"5636\" data-end=\"5667\">film ing\u00e1s \u00fct\u00e9sm\u00e9r\u0151<\/strong> kritikus eszk\u00f6z az anyag sz\u00edv\u00f3ss\u00e1g\u00e1nak dinamikus ig\u00e9nybev\u00e9tel alatti \u00e9rt\u00e9kel\u00e9s\u00e9hez. A <strong data-start=\"5759\" data-end=\"5773\">ASTM D3420<\/strong> szabv\u00e1nynak megfelel\u0151en pontosan szimul\u00e1lja a val\u00f3s k\u00f6r\u00fclm\u00e9nyeket, hogy a f\u00f3li\u00e1k \u00e9s rugalmas csomagol\u00e1sok megfeleljenek a szigor\u00fa min\u0151s\u00e9gi k\u00f6vetelm\u00e9nyeknek. A <strong data-start=\"5914\" data-end=\"5946\">PIT-01 a Cell Instruments-t\u0151l<\/strong>, a laborat\u00f3riumok hat\u00e9kony, pontos \u00e9s megfelel\u0151 megold\u00e1st kapnak az \u00fct\u00e9s\u00e1ll\u00f3s\u00e1gi vizsg\u00e1latokhoz.<\/p>\n<h2 data-start=\"6049\" data-end=\"6056\">GYIK<\/h2>\n<p data-start=\"6058\" data-end=\"6226\"><strong data-start=\"6058\" data-end=\"6104\">1. Mi az ASTM D3420 f\u0151 c\u00e9lja?<\/strong><br data-start=\"6104\" data-end=\"6107\" \/>Az ASTM D3420 szabv\u00e1nyos\u00edtott m\u00f3dszert biztos\u00edt a m\u0171anyag f\u00f3li\u00e1k \u00fct\u00e9s\u00e1ll\u00f3s\u00e1g\u00e1nak m\u00e9r\u00e9s\u00e9re ingaeszk\u00f6zzel.<\/p>\n<p data-start=\"6228\" data-end=\"6472\"><strong data-start=\"6228\" data-end=\"6286\">2. Mi a k\u00fcl\u00f6nbs\u00e9g az A \u00e9s a B elj\u00e1r\u00e1s k\u00f6z\u00f6tt?<\/strong><br data-start=\"6286\" data-end=\"6289\" \/>Az A elj\u00e1r\u00e1s 60 mm-es ny\u00edl\u00e1ssal \u00e9s 25,4 mm-es \u00fct\u0151fejjel dolgozik; a B elj\u00e1r\u00e1s (Spencer) 89 mm-es ny\u00edl\u00e1ssal \u00e9s 19 mm-es \u00fct\u0151fejjel dolgozik. K\u00fcl\u00f6nb\u00f6z\u0151 mintat\u00edpusokat szolg\u00e1lnak ki, \u00e9s nem cser\u00e9lhet\u0151k fel egym\u00e1ssal.<\/p>\n<p data-start=\"6474\" data-end=\"6646\"><strong data-start=\"6474\" data-end=\"6530\">3. Hogyan sz\u00e1m\u00edtj\u00e1k ki az \u00fctk\u00f6z\u00e9si energi\u00e1t ebben a vizsg\u00e1latban?<\/strong><br data-start=\"6530\" data-end=\"6533\" \/>Az \u00fctk\u00f6z\u00e9si energia kisz\u00e1m\u00edt\u00e1sa a m\u00e9rleg leolvas\u00e1sa \u00e9s az inga kapacit\u00e1sa alapj\u00e1n t\u00f6rt\u00e9nik az ASTM D3420 szabv\u00e1nyban meghat\u00e1rozott k\u00e9pletek alapj\u00e1n.<\/p>\n<p data-start=\"6648\" data-end=\"6830\"><strong data-start=\"6648\" data-end=\"6701\">4. Milyen anyagok vizsg\u00e1lhat\u00f3k a PIT-01 k\u00e9sz\u00fcl\u00e9kkel?<\/strong><br data-start=\"6701\" data-end=\"6704\" \/>M\u0171anyag f\u00f3li\u00e1k, lamin\u00e1lt f\u00f3li\u00e1k, bevonatos pap\u00edr \u00e9s m\u00e1s v\u00e9kony, rugalmas anyagok, amelyeket csomagol\u00e1si \u00e9s v\u00e9delmi alkalmaz\u00e1sokban haszn\u00e1lnak.<\/p>\n<p data-start=\"6832\" data-end=\"6975\" data-is-last-node=\"\" data-is-only-node=\"\"><strong data-start=\"6832\" data-end=\"6884\">5. Hogyan jav\u00edtja a pneumatikus r\u00f6gz\u00edt\u00e9s a pontoss\u00e1got?<\/strong><br data-start=\"6884\" data-end=\"6887\" \/>Minim\u00e1lisra cs\u00f6kkenti a minta elcs\u00fasz\u00e1s\u00e1t, \u00edgy biztos\u00edtja a k\u00f6vetkezetes pozicion\u00e1l\u00e1st \u00e9s a megb\u00edzhat\u00f3 vizsg\u00e1lati eredm\u00e9nyeket.<\/p>\n<h2>Hasonl\u00f3 modellek \u00e9s \u00f6sszehasonl\u00edt\u00e1sok<\/h2>\n<ol>\n<li><strong>Falling Dart \u00fctk\u00f6z\u00e9svizsg\u00e1l\u00f3 (FDT-01)<\/strong><br \/>\nA <strong><a href=\"https:\/\/www.qualitester.com\/hu\/termek\/fdt-01-polypropylene-film-drop-dart-tester\/\" target=\"_blank\" rel=\"noopener\">Falling Dart \u00fct\u00e9sm\u00e9r\u0151<\/a> (FDT-01)<\/strong> egy m\u00e1sik sz\u00e9les k\u00f6rben haszn\u00e1lt \u00fct\u00e9svizsg\u00e1lati eszk\u00f6z, amely egy lees\u0151 dartot haszn\u00e1l az anyag \u00fct\u00e9s\u00e1ll\u00f3s\u00e1g\u00e1nak m\u00e9r\u00e9s\u00e9re. Az ingam\u00f3dszert\u0151l elt\u00e9r\u0151en a zuhan\u00f3 d\u00e1rdavizsg\u00e1l\u00f3t olyan anyagok \u00e9rt\u00e9kel\u00e9s\u00e9re tervezt\u00e9k, amelyek \u00fct\u00e9s hat\u00e1s\u00e1ra hajlamosak \u00e1tsz\u00far\u00f3dni.<\/li>\n<li><strong>Falling Ball Impact Tester (FBT-01)<\/strong><br \/>\nA <strong><a href=\"https:\/\/www.qualitester.com\/hu\/termek\/fbt-01-impact-testing-machine-falling-ball-impact-cardboard\/\" target=\"_blank\" rel=\"noopener\">Falling Ball Impact Tester<\/a> (FBT-01)<\/strong> az anyagokat \u00fagy vizsg\u00e1lja, hogy egy ac\u00e9lgoly\u00f3t egy meghat\u00e1rozott magass\u00e1gb\u00f3l a mintadarabra dob. Ezt a m\u00f3dszert gyakran haszn\u00e1lj\u00e1k nagyobb vastags\u00e1g\u00fa vagy kem\u00e9nys\u00e9g\u0171 anyagok vizsg\u00e1lat\u00e1ra.<\/li>\n<li><strong>Charpy \u00e9s Izod \u00fct\u00e9svizsg\u00e1l\u00f3k<\/strong><br \/>\nA <strong><a href=\"https:\/\/www.qualitester.com\/hu\/termek\/phs-01-electrical-equipment-pendulum-impact-tester\/\" target=\"_blank\" rel=\"noopener\">Charpy \u00e9s Izod \u00fct\u00e9sm\u00e9r\u0151<\/a><\/strong>\u00a0az anyagok, k\u00fcl\u00f6n\u00f6sen a f\u00e9mek \u00e9s a m\u0171anyagok \u00fct\u00e9s\u00e1ll\u00f3s\u00e1g\u00e1nak m\u00e9r\u00e9s\u00e9re haszn\u00e1lj\u00e1k. Ezek a m\u00f3dszerek m\u00e1s megk\u00f6zel\u00edt\u00e9st alkalmaznak, egy bev\u00e1gott pr\u00f3badarabot leng\u0151 kalap\u00e1csnak vetnek al\u00e1, de bizonyos alkalmaz\u00e1sokn\u00e1l gyakran \u00f6sszehasonl\u00edtj\u00e1k az inga\u00fctk\u00f6z\u00e9ses vizsg\u00e1latokkal.<\/li>\n<\/ol>","protected":false},"excerpt":{"rendered":"<p>A PIT-01 inga\u00fctk\u00f6z\u00e9sm\u00e9r\u0151 a minta k\u00f6z\u00e9ppontj\u00e1nak felszakad\u00e1s\u00e1hoz \u00e9s \u00e1thatol\u00e1s\u00e1hoz sz\u00fcks\u00e9ges energia m\u00e9r\u00e9s\u00e9re szolg\u00e1l.<\/p>","protected":false},"featured_media":5994,"comment_status":"closed","ping_status":"closed","template":"","meta":{"site-sidebar-layout":"default","site-content-layout":"default","ast-global-header-display":"","ast-main-header-display":"","ast-hfb-above-header-display":"","ast-hfb-below-header-display":"","ast-hfb-mobile-header-display":"","site-post-title":"disabled","ast-breadcrumbs-content":"","ast-featured-img":"disabled","footer-sml-layout":"","theme-transparent-header-meta":"default","adv-header-id-meta":"","stick-header-meta":"","header-above-stick-meta":"","header-main-stick-meta":"","header-below-stick-meta":""},"product_cat":[845,684,44,16,127,95],"product_tag":[],"class_list":{"0":"post-1792","1":"product","2":"type-product","3":"status-publish","4":"has-post-thumbnail","6":"product_cat-customization","7":"product_cat-impact-tester","8":"product_cat-paper-and-board-testers","9":"product_cat-plastic-packaging-testers","10":"product_cat-astm-d3420","11":"product_cat-products","12":"desktop-align-left","13":"tablet-align-left","14":"mobile-align-left","16":"first","17":"instock","18":"shipping-taxable","19":"product-type-simple"},"_links":{"self":[{"href":"https:\/\/www.qualitester.com\/hu\/wp-json\/wp\/v2\/product\/1792","targetHints":{"allow":["GET"]}}],"collection":[{"href":"https:\/\/www.qualitester.com\/hu\/wp-json\/wp\/v2\/product"}],"about":[{"href":"https:\/\/www.qualitester.com\/hu\/wp-json\/wp\/v2\/types\/product"}],"replies":[{"embeddable":true,"href":"https:\/\/www.qualitester.com\/hu\/wp-json\/wp\/v2\/comments?post=1792"}],"version-history":[{"count":0,"href":"https:\/\/www.qualitester.com\/hu\/wp-json\/wp\/v2\/product\/1792\/revisions"}],"wp:featuredmedia":[{"embeddable":true,"href":"https:\/\/www.qualitester.com\/hu\/wp-json\/wp\/v2\/media\/5994"}],"wp:attachment":[{"href":"https:\/\/www.qualitester.com\/hu\/wp-json\/wp\/v2\/media?parent=1792"}],"wp:term":[{"taxonomy":"product_cat","embeddable":true,"href":"https:\/\/www.qualitester.com\/hu\/wp-json\/wp\/v2\/product_cat?post=1792"},{"taxonomy":"product_tag","embeddable":true,"href":"https:\/\/www.qualitester.com\/hu\/wp-json\/wp\/v2\/product_tag?post=1792"}],"curies":[{"name":"wp","href":"https:\/\/api.w.org\/{rel}","templated":true}]}}