{"id":1789,"date":"2023-04-26T15:37:45","date_gmt":"2023-04-26T07:37:45","guid":{"rendered":"https:\/\/www.qualitester.com\/?post_type=product&#038;p=1789"},"modified":"2024-12-04T11:20:32","modified_gmt":"2024-12-04T03:20:32","slug":"drawing-volume-tester-rdvt-01","status":"publish","type":"product","link":"https:\/\/www.qualitester.com\/hu\/termek\/drawing-volume-tester-rdvt-01\/","title":{"rendered":"RDVT-01 Rajzol\u00e1si t\u00e9rfogatm\u00e9r\u0151"},"content":{"rendered":"<h2><strong>Bevezet\u00e9s a Vacutainer v\u00e9rv\u00e9teli t\u00e9rfogatm\u00e9r\u0151h\u00f6z<\/strong><\/h2>\n<p>A <strong>Vacutainer v\u00e9rv\u00e9tel t\u00e9rfogatm\u00e9r\u0151<\/strong> egy fejlett vizsg\u00e1lati eszk\u00f6z, amelyet a Vacutainer cs\u0151be vett v\u00e9r mennyis\u00e9g\u00e9nek m\u00e9r\u00e9s\u00e9re terveztek. Az orvosi diagnosztik\u00e1ban a pontos v\u00e9rv\u00e9tel elengedhetetlen a megb\u00edzhat\u00f3 vizsg\u00e1lati eredm\u00e9nyekhez. A Vacutainer cs\u0151 egy speci\u00e1lis, \u00e1ltal\u00e1ban \u00fcvegb\u0151l vagy m\u0171anyagb\u00f3l k\u00e9sz\u00fclt tart\u00e1ly, amely egy v\u00e1kuumz\u00e1r\u00f3 gumidug\u00f3t haszn\u00e1l, hogy egy meghat\u00e1rozott mennyis\u00e9g\u0171 folyad\u00e9kot a cs\u0151be h\u00fazza. Ez a prec\u00edz v\u00e9rv\u00e9teli folyamat elengedhetetlen a laborat\u00f3riumokban, k\u00f3rh\u00e1zakban \u00e9s klinikai vizsg\u00e1latokban a diagnosztikai tesztek pontoss\u00e1g\u00e1nak biztos\u00edt\u00e1s\u00e1hoz.<\/p>\n<p>A Vacutainer v\u00e9rv\u00e9teli t\u00e9rfogatm\u00e9r\u0151 kritikus szerepet j\u00e1tszik annak meger\u0151s\u00edt\u00e9s\u00e9ben, hogy minden egyes Vacutainer cs\u0151 a megfelel\u0151 v\u00e9rmennyis\u00e9get gy\u0171jti, t\u00e1mogatva az orvosi vizsg\u00e1latok integrit\u00e1s\u00e1t \u00e9s megb\u00edzhat\u00f3s\u00e1g\u00e1t.<\/p>\n<h2><strong>Vacutainer cs\u0151 \u00e1ttekint\u00e9se<\/strong><\/h2>\n<p>A <strong>Vacutainer cs\u0151<\/strong> egy speci\u00e1lisan v\u00e9r vagy m\u00e1s foly\u00e9kony mint\u00e1k gy\u0171jt\u00e9s\u00e9re szolg\u00e1l\u00f3 tart\u00e1ly. Jellemz\u0151i:<\/p>\n<ul>\n<li><strong>Anyagok<\/strong>: \u00dcvegb\u0151l vagy m\u0171anyagb\u00f3l k\u00e9sz\u00fclt, l\u00e9gmentesen z\u00e1r\u00f3 gumidug\u00f3val.<\/li>\n<li><strong>V\u00e1kuum funkci\u00f3<\/strong>: A cs\u0151ben l\u00e9v\u0151 v\u00e1kuum seg\u00edt a v\u00e9rt a tart\u00e1lyba sz\u00edvni, amikor a t\u0171 \u00e1tsz\u00farja a gumidug\u00f3t.<\/li>\n<li><strong>Adal\u00e9kanyagok<\/strong>: A k\u00fcl\u00f6nb\u00f6z\u0151 sz\u00edn\u0171 dug\u00f3k jelzik a cs\u0151ben l\u00e9v\u0151 speci\u00e1lis adal\u00e9kanyagokat, amelyek meg\u0151rzik vagy stabiliz\u00e1lj\u00e1k a v\u00e9rt a k\u00fcl\u00f6nb\u00f6z\u0151 laborat\u00f3riumi vizsg\u00e1latokhoz.<\/li>\n<li><strong>Biztons\u00e1g \u00e9s c\u00edmk\u00e9z\u00e9s<\/strong>: A cs\u00f6vek gyakran tartalmaznak biztons\u00e1gi elemeket a szennyez\u0151d\u00e9s megel\u0151z\u00e9s\u00e9re, \u00e9s a testre szabhat\u00f3 c\u00edmk\u00e9z\u00e9si lehet\u0151s\u00e9gek biztos\u00edtj\u00e1k a mint\u00e1k hat\u00e9kony nyomon k\u00f6vet\u00e9s\u00e9t \u00e9s azonos\u00edt\u00e1s\u00e1t.<\/li>\n<\/ul>\n<h2><strong>Vizsg\u00e1lati m\u00f3dszertan<\/strong><\/h2>\n<p>A Vacutainer-cs\u0151ben levett v\u00e9rmennyis\u00e9g m\u00e9r\u00e9s\u00e9nek vizsg\u00e1lati folyamata egyszer\u0171, \u00e9s a k\u00f6vetkez\u0151 l\u00e9p\u00e9sekb\u0151l \u00e1ll:<\/p>\n<ol>\n<li><strong>A Vacutainer cs\u0151 behelyez\u00e9se<\/strong>:\n<ul>\n<li>Helyezze be az el\u0151re evaku\u00e1lt Vacutainer cs\u00f6vet a vizsg\u00e1lati rendszer sz\u00far\u00e1si hely\u00e9re. A rendszer bels\u0151 nyom\u00e1sa \u00fagy van be\u00e1ll\u00edtva, hogy megfeleljen a cs\u0151ben l\u00e9v\u0151 nyom\u00e1snak a pontos t\u00e9rfogatm\u00e9r\u00e9s biztos\u00edt\u00e1sa \u00e9rdek\u00e9ben.<\/li>\n<\/ul>\n<\/li>\n<li><strong>A nyom\u00e1s be\u00e1ll\u00edt\u00e1sa a tengerszint feletti magass\u00e1gnak megfelel\u0151en<\/strong>:\n<ul>\n<li>A bels\u0151 rendszernyom\u00e1s a vizsg\u00e1lati ter\u00fclet magass\u00e1ga alapj\u00e1n ker\u00fcl be\u00e1ll\u00edt\u00e1sra (mivel a l\u00e9gk\u00f6ri nyom\u00e1s a magass\u00e1ggal v\u00e1ltozik). Ez a be\u00e1ll\u00edt\u00e1s biztos\u00edtja az egyenletes teljes\u00edtm\u00e9nyt v\u00e1ltoz\u00f3 k\u00f6rnyezeti felt\u00e9telek mellett.<\/li>\n<\/ul>\n<\/li>\n<li><strong>A levett v\u00e9r mennyis\u00e9g\u00e9nek m\u00e9r\u00e9se<\/strong>:\n<ul>\n<li>A v\u00e1kuum v\u00e9rt sz\u00edv a cs\u0151be, \u00e9s a cs\u0151 s\u00faly\u00e1t a vizsg\u00e1lat el\u0151tt \u00e9s ut\u00e1n megm\u00e9rik. A s\u00falyk\u00fcl\u00f6nbs\u00e9get a Vacutainer-cs\u0151be vett v\u00e9r pontos mennyis\u00e9g\u00e9nek kisz\u00e1m\u00edt\u00e1s\u00e1hoz haszn\u00e1lj\u00e1k.<\/li>\n<\/ul>\n<\/li>\n<\/ol>\n<h2><strong>M\u0171szaki jellemz\u0151k<\/strong><\/h2>\n<ul>\n<li><strong>PLC vez\u00e9rl\u00e9s \u00e9s HMI \u00e9rint\u0151k\u00e9perny\u0151<\/strong>:<br \/>\nA Vacutainer v\u00e9rv\u00e9teli t\u00e9rfogat teszter vez\u00e9rl\u00e9se egy <strong>Programozhat\u00f3 logikai vez\u00e9rl\u0151 (PLC)<\/strong>, stabil ipari szint\u0171 teljes\u00edtm\u00e9nyt biztos\u00edtva. A <strong>Ember-g\u00e9p interf\u00e9sz (HMI) \u00e9rint\u0151k\u00e9perny\u0151<\/strong> k\u00f6nny\u0171 kezelhet\u0151s\u00e9get \u00e9s intuit\u00edv vez\u00e9rl\u00e9st tesz lehet\u0151v\u00e9, \u00edgy felhaszn\u00e1l\u00f3bar\u00e1t \u00e9s hat\u00e9kony a kezel\u0151k sz\u00e1m\u00e1ra.<\/li>\n<li><strong>\u00c1lland\u00f3 nyom\u00e1sszab\u00e1lyoz\u00e1s<\/strong>:<br \/>\nA tesztel\u0151 a vizsg\u00e1lat sor\u00e1n egyenletes nyom\u00e1st tart fenn a rendszerben, \u00e9s automatikusan be\u00e1ll\u00edtja a folyad\u00e9kszint v\u00e1ltoz\u00e1sainak figyelembev\u00e9tel\u00e9vel. Ez biztos\u00edtja, hogy minden egyes v\u00e9rv\u00e9tel nagy pontoss\u00e1ggal, az eredm\u00e9nyek ingadoz\u00e1sa n\u00e9lk\u00fcl ker\u00fclj\u00f6n m\u00e9r\u00e9sre.<\/li>\n<li><strong>Be\u00e1gyazott v\u00e1kuumszivatty\u00fa<\/strong>:<br \/>\nA rendszer be\u00e9p\u00edtett v\u00e1kuumszivatty\u00faval van felszerelve, ami a k\u00fcls\u0151 szivatty\u00fak haszn\u00e1lat\u00e1hoz k\u00e9pest helyet takar\u00edt meg \u00e9s cs\u00f6kkenti az \u00fczemeltet\u00e9si k\u00f6lts\u00e9geket. A be\u00e1gyazott kialak\u00edt\u00e1s optim\u00e1lis helytakar\u00e9koss\u00e1got biztos\u00edt a nagy teljes\u00edtm\u00e9ny fenntart\u00e1sa mellett.<\/li>\n<\/ul>\n<h2><strong>F\u0151 param\u00e9terek \u00e9s specifik\u00e1ci\u00f3k<\/strong><\/h2>\n<ul>\n<li><strong>V\u00e1kuum fokozat<\/strong>: 0~-40 KPa (3600 m\u00e9teres magass\u00e1gnak felel meg)\n<ul>\n<li>Ez a tartom\u00e1ny biztos\u00edtja, hogy a rendszer k\u00e9pes szimul\u00e1lni a val\u00f3s k\u00f6r\u00fclm\u00e9nyeket, a tengerszintt\u0151l a nagy magass\u00e1gokig, \u00e9s helyt\u0151l f\u00fcggetlen\u00fcl pontos v\u00e9rmennyis\u00e9gm\u00e9r\u00e9st biztos\u00edt.<\/li>\n<\/ul>\n<\/li>\n<li><strong>Vez\u00e9rl\u0151rendszer<\/strong>:\n<ul>\n<li>PLC \u00e9s <strong>Ember-g\u00e9p interf\u00e9sz (HMI)<\/strong> az \u00f6sszes vizsg\u00e1lati param\u00e9ter z\u00f6kken\u0151mentes, pontos vez\u00e9rl\u00e9s\u00e9hez.<\/li>\n<\/ul>\n<\/li>\n<li><strong>Teljes\u00edtm\u00e9nyk\u00f6vetelm\u00e9nyek<\/strong>:\n<ul>\n<li>220V, 50\/60Hz a szabv\u00e1nyos ipari \u00e1ramell\u00e1t\u00f3 rendszerekkel val\u00f3 glob\u00e1lis kompatibilit\u00e1s \u00e9rdek\u00e9ben.<\/li>\n<\/ul>\n<\/li>\n<\/ul>\n<h2><strong>Ipari szabv\u00e1nyok \u00e9s megfelel\u00e9s<\/strong><\/h2>\n<p>A Vacutainer v\u00e9rv\u00e9teli t\u00e9rfogatm\u00e9r\u0151 megfelel sz\u00e1mos ipari szabv\u00e1nynak a pontoss\u00e1g \u00e9s megb\u00edzhat\u00f3s\u00e1g tekintet\u00e9ben, \u00edgy biztos\u00edtva, hogy megfeleljen az eg\u00e9szs\u00e9g\u00fcgyi, gy\u00f3gyszeripari \u00e9s diagnosztikai laborat\u00f3riumok szigor\u00fa k\u00f6vetelm\u00e9nyeinek. A bevett szabv\u00e1nyok betart\u00e1s\u00e1val ez a tesztel\u0151 biztos\u00edtja, hogy a v\u00e9rmennyis\u00e9g m\u00e9r\u00e9se k\u00f6vetkezetes, megb\u00edzhat\u00f3 \u00e9s reproduk\u00e1lhat\u00f3 legyen.<\/p>\n<h2><strong>A vizsg\u00e1lati eredm\u00e9nyek \u00e9rtelmez\u00e9se<\/strong><\/h2>\n<p>A <a href=\"https:\/\/www.qualitester.com\/hu\/termekkategoria-2\/test-items\/vacutainer-drawing-volume-tester\/\" target=\"_blank\" rel=\"noopener\">Vacutainer v\u00e9rv\u00e9tel t\u00e9rfogatm\u00e9r\u0151<\/a> pontos eredm\u00e9nyeket ad a vizsg\u00e1lat el\u0151tti \u00e9s ut\u00e1ni s\u00falyk\u00fcl\u00f6nbs\u00e9g kisz\u00e1m\u00edt\u00e1s\u00e1val. Ez a s\u00falyv\u00e1ltoz\u00e1s megfelel a levett v\u00e9r pontos mennyis\u00e9g\u00e9nek, \u00edgy biztos\u00edtva, hogy a laborat\u00f3riumi vizsg\u00e1lathoz megfelel\u0151 mennyis\u00e9g\u0171 mint\u00e1t gy\u0171jts\u00f6n. A rendszer kik\u00fcsz\u00f6b\u00f6li az emberi hiba lehet\u0151s\u00e9g\u00e9t a t\u00e9rfogatm\u00e9r\u00e9s sor\u00e1n, \u00edgy minden vizsg\u00e1lat sor\u00e1n k\u00f6vetkezetes \u00e9s kiv\u00e1l\u00f3 min\u0151s\u00e9g\u0171 eredm\u00e9nyeket biztos\u00edt.<\/p>\n<h2><strong>A Vacutainer v\u00e9rv\u00e9teli t\u00e9rfogatm\u00e9r\u0151 haszn\u00e1lat\u00e1nak legfontosabb el\u0151nyei<\/strong><\/h2>\n<ul>\n<li><strong>Pontoss\u00e1g \u00e9s k\u00f6vetkezetess\u00e9g<\/strong>:<br \/>\nPontos \u00e9s megb\u00edzhat\u00f3 v\u00e9rmennyis\u00e9gm\u00e9r\u00e9st biztos\u00edt, ami kritikus fontoss\u00e1g\u00fa a diagnosztikai vizsg\u00e1latokhoz \u00e9s a mintaelemz\u00e9shez.<\/li>\n<li><strong>Jav\u00edtott hat\u00e9konys\u00e1g<\/strong>:<br \/>\nEgyszer\u0171s\u00edti a v\u00e9rv\u00e9teli folyamatot, cs\u00f6kkentve a vizsg\u00e1lathoz sz\u00fcks\u00e9ges id\u0151t \u00e9s er\u0151fesz\u00edt\u00e9st, mik\u00f6zben jav\u00edtja az \u00e1tereszt\u0151k\u00e9pess\u00e9get a nagy ig\u00e9nybev\u00e9tel\u0171 k\u00f6rnyezetekben.<\/li>\n<li><strong>Fokozott biztons\u00e1g<\/strong>:<br \/>\nMegakad\u00e1lyozza a cs\u00f6vek t\u00fal- vagy alult\u00f6lt\u00e9s\u00e9nek kock\u00e1zat\u00e1t, ami vesz\u00e9lyeztetheti a vizsg\u00e1lati eredm\u00e9nyeket \u00e9s a betegbiztons\u00e1got.<\/li>\n<li><strong>K\u00f6lts\u00e9ghat\u00e9konys\u00e1g<\/strong>:<br \/>\nAz integr\u00e1lt v\u00e1kuumszivatty\u00fa \u00e9s az automatiz\u00e1lt vez\u00e9rl\u0151rendszer cs\u00f6kkenti a m\u0171k\u00f6d\u00e9si k\u00f6lts\u00e9geket, mik\u00f6zben n\u00f6veli a vizsg\u00e1lati pontoss\u00e1got \u00e9s hat\u00e9konys\u00e1got.<\/li>\n<\/ul>\n<h2><strong>GYIK<\/strong><\/h2>\n<ol>\n<li><strong>Mi a c\u00e9lja a Vacutainer v\u00e9rv\u00e9teli t\u00e9rfogatm\u00e9r\u0151nek?<\/strong>\n<ul>\n<li>Pontosan m\u00e9ri a Vacutainer cs\u0151be vett v\u00e9rmennyis\u00e9get, \u00edgy biztos\u00edtva a pontos v\u00e9rv\u00e9telt a diagnosztikai \u00e9s laborat\u00f3riumi vizsg\u00e1latokhoz.<\/li>\n<\/ul>\n<\/li>\n<li><strong>Hogyan m\u0171k\u00f6dik a Vacutainer v\u00e9rv\u00e9teli t\u00e9rfogatm\u00e9r\u0151?<\/strong>\n<ul>\n<li>A rendszer v\u00e1kuumot haszn\u00e1l a Vacutainer-cs\u0151be t\u00f6rt\u00e9n\u0151 v\u00e9rsz\u00edv\u00e1shoz, \u00e9s a vizsg\u00e1lat el\u0151tti \u00e9s ut\u00e1ni s\u00falyk\u00fcl\u00f6nbs\u00e9get haszn\u00e1lj\u00e1k a gy\u0171jt\u00f6tt v\u00e9r mennyis\u00e9g\u00e9nek meghat\u00e1roz\u00e1s\u00e1hoz.<\/li>\n<\/ul>\n<\/li>\n<li><strong>Haszn\u00e1lhat\u00f3-e a Vacutainer v\u00e9rv\u00e9teli t\u00e9rfogatm\u00e9r\u0151 k\u00fcl\u00f6nb\u00f6z\u0151 k\u00f6rnyezetekben?<\/strong>\n<ul>\n<li>Igen, a tesztel\u0151 a magass\u00e1g alapj\u00e1n \u00e1ll\u00edtja be a nyom\u00e1st, \u00edgy biztos\u00edtva a k\u00fcl\u00f6nb\u00f6z\u0151 f\u00f6ldrajzi helyeken is egyenletes teljes\u00edtm\u00e9nyt \u00e9s pontoss\u00e1got.<\/li>\n<\/ul>\n<\/li>\n<li><strong>K\u00f6nnyen kezelhet\u0151 a Vacutainer v\u00e9rv\u00e9teli t\u00e9rfogatm\u00e9r\u0151?<\/strong>\n<ul>\n<li>Igen, a tesztel\u0151t egy <strong>PLC<\/strong> \u00e9s <strong>HMI \u00e9rint\u0151k\u00e9perny\u0151<\/strong>, \u00edgy intuit\u00edv \u00e9s k\u00f6nnyen kezelhet\u0151.<\/li>\n<\/ul>\n<\/li>\n<li><strong>Milyen ipar\u00e1gak sz\u00e1m\u00e1ra el\u0151ny\u00f6s a Vacutainer v\u00e9rv\u00e9teli t\u00e9rfogatm\u00e9r\u0151 haszn\u00e1lata?<\/strong>\n<ul>\n<li>Els\u0151sorban az eg\u00e9szs\u00e9g\u00fcgyben, a klinikai laborat\u00f3riumokban \u00e9s a gy\u00f3gyszeriparban haszn\u00e1lj\u00e1k, ahol a pontos v\u00e9rv\u00e9tel elengedhetetlen a diagnosztikai vizsg\u00e1latokhoz.<\/li>\n<\/ul>\n<\/li>\n<\/ol>\n<p>A <strong>Vacutainer v\u00e9rv\u00e9tel t\u00e9rfogatm\u00e9r\u0151<\/strong> az orvosi diagnosztik\u00e1ban, laborat\u00f3riumi vizsg\u00e1latokban \u00e9s gy\u00f3gyszer\u00e9szeti alkalmaz\u00e1sokban a pontos v\u00e9rv\u00e9tel biztos\u00edt\u00e1s\u00e1nak alapvet\u0151 eszk\u00f6ze. Felhaszn\u00e1l\u00f3bar\u00e1t kezel\u0151fel\u00fclet\u00e9vel, k\u00f6vetkezetes teljes\u00edtm\u00e9ny\u00e9vel \u00e9s nagy pontoss\u00e1g\u00e1val jelent\u0151s el\u0151ny\u00f6ket k\u00edn\u00e1l az eg\u00e9szs\u00e9g\u00fcgyi szolg\u00e1ltat\u00f3k \u00e9s a kutat\u00f3k sz\u00e1m\u00e1ra egyar\u00e1nt. Ez az eszk\u00f6z garant\u00e1lja, hogy minden egyes v\u00e9rminta a megfelel\u0151 mennyis\u00e9gben ker\u00fcl lev\u00e9telre, hozz\u00e1j\u00e1rulva a diagnosztikai eredm\u00e9nyek pontoss\u00e1g\u00e1hoz \u00e9s megb\u00edzhat\u00f3s\u00e1g\u00e1hoz.<\/p>","protected":false},"excerpt":{"rendered":"<p>A <strong>Vacutainer v\u00e9rv\u00e9tel t\u00e9rfogatm\u00e9r\u0151<\/strong> egy fejlett vizsg\u00e1lati eszk\u00f6z, amelyet a Vacutainer cs\u0151be vett v\u00e9r mennyis\u00e9g\u00e9nek m\u00e9r\u00e9s\u00e9re terveztek. Az orvosi diagnosztik\u00e1ban a pontos v\u00e9rv\u00e9tel elengedhetetlen a megb\u00edzhat\u00f3 vizsg\u00e1lati eredm\u00e9nyekhez. A Vacutainer cs\u0151 egy speci\u00e1lis, \u00e1ltal\u00e1ban \u00fcvegb\u0151l vagy m\u0171anyagb\u00f3l k\u00e9sz\u00fclt tart\u00e1ly, amely egy v\u00e1kuumz\u00e1r\u00f3 gumidug\u00f3t haszn\u00e1l, hogy egy meghat\u00e1rozott mennyis\u00e9g\u0171 folyad\u00e9kot a cs\u0151be h\u00fazza. Ez a prec\u00edz v\u00e9rv\u00e9teli folyamat elengedhetetlen a laborat\u00f3riumokban, k\u00f3rh\u00e1zakban \u00e9s klinikai vizsg\u00e1latokban a diagnosztikai tesztek pontoss\u00e1g\u00e1nak biztos\u00edt\u00e1s\u00e1hoz.<\/p>","protected":false},"featured_media":6023,"comment_status":"closed","ping_status":"closed","template":"","meta":{"site-sidebar-layout":"default","site-content-layout":"default","ast-global-header-display":"","ast-main-header-display":"","ast-hfb-above-header-display":"","ast-hfb-below-header-display":"","ast-hfb-mobile-header-display":"","site-post-title":"disabled","ast-breadcrumbs-content":"","ast-featured-img":"disabled","footer-sml-layout":"","theme-transparent-header-meta":"default","adv-header-id-meta":"","stick-header-meta":"","header-above-stick-meta":"","header-main-stick-meta":"","header-below-stick-meta":""},"product_cat":[845,936,674,149,95],"product_tag":[],"class_list":{"0":"post-1789","1":"product","2":"type-product","3":"status-publish","4":"has-post-thumbnail","6":"product_cat-customization","7":"product_cat-vacutainer-drawing-volume-tester","8":"product_cat-test-items","9":"product_cat-pharma-and-medical-testers","10":"product_cat-products","11":"desktop-align-left","12":"tablet-align-left","13":"mobile-align-left","15":"first","16":"instock","17":"shipping-taxable","18":"product-type-simple"},"_links":{"self":[{"href":"https:\/\/www.qualitester.com\/hu\/wp-json\/wp\/v2\/product\/1789","targetHints":{"allow":["GET"]}}],"collection":[{"href":"https:\/\/www.qualitester.com\/hu\/wp-json\/wp\/v2\/product"}],"about":[{"href":"https:\/\/www.qualitester.com\/hu\/wp-json\/wp\/v2\/types\/product"}],"replies":[{"embeddable":true,"href":"https:\/\/www.qualitester.com\/hu\/wp-json\/wp\/v2\/comments?post=1789"}],"version-history":[{"count":0,"href":"https:\/\/www.qualitester.com\/hu\/wp-json\/wp\/v2\/product\/1789\/revisions"}],"wp:featuredmedia":[{"embeddable":true,"href":"https:\/\/www.qualitester.com\/hu\/wp-json\/wp\/v2\/media\/6023"}],"wp:attachment":[{"href":"https:\/\/www.qualitester.com\/hu\/wp-json\/wp\/v2\/media?parent=1789"}],"wp:term":[{"taxonomy":"product_cat","embeddable":true,"href":"https:\/\/www.qualitester.com\/hu\/wp-json\/wp\/v2\/product_cat?post=1789"},{"taxonomy":"product_tag","embeddable":true,"href":"https:\/\/www.qualitester.com\/hu\/wp-json\/wp\/v2\/product_tag?post=1789"}],"curies":[{"name":"wp","href":"https:\/\/api.w.org\/{rel}","templated":true}]}}