{"id":1742,"date":"2023-04-26T14:30:49","date_gmt":"2023-04-26T06:30:49","guid":{"rendered":"https:\/\/www.qualitester.com\/?post_type=product&#038;p=1742"},"modified":"2024-12-04T14:11:33","modified_gmt":"2024-12-04T06:11:33","slug":"leak-tester-lt-03","status":"publish","type":"product","link":"https:\/\/www.qualitester.com\/hu\/termek\/leak-tester-lt-03\/","title":{"rendered":"Sziv\u00e1rg\u00e1svizsg\u00e1l\u00f3 LT-03"},"content":{"rendered":"<div data-elementor-type=\"wp-post\" data-elementor-id=\"1742\" class=\"elementor elementor-1742\" data-elementor-post-type=\"product\">\n\t\t\t\t<div class=\"elementor-element elementor-element-5aef0fb e-flex e-con-boxed e-con e-parent\" data-id=\"5aef0fb\" data-element_type=\"container\">\n\t\t\t\t\t<div class=\"e-con-inner\">\n\t\t<div class=\"elementor-element elementor-element-b131450 e-con-full e-flex e-con e-child\" data-id=\"b131450\" data-element_type=\"container\">\n\t\t\t\t<div class=\"elementor-element elementor-element-48f0a04 elementor-widget elementor-widget-image\" data-id=\"48f0a04\" data-element_type=\"widget\" data-widget_type=\"image.default\">\n\t\t\t\t<div class=\"elementor-widget-container\">\n\t\t\t\t\t\t\t\t\t\t\t\t\t<img fetchpriority=\"high\" decoding=\"async\" width=\"750\" height=\"750\" src=\"https:\/\/www.qualitester.com\/wp-content\/uploads\/2023\/04\/Instruments-for-testing-leaks-1.jpg\" class=\"attachment-large size-large wp-image-1745\" alt=\"\" srcset=\"https:\/\/www.qualitester.com\/wp-content\/uploads\/2023\/04\/Instruments-for-testing-leaks-1.jpg 750w, https:\/\/www.qualitester.com\/wp-content\/uploads\/2023\/04\/Instruments-for-testing-leaks-1-300x300.jpg 300w, https:\/\/www.qualitester.com\/wp-content\/uploads\/2023\/04\/Instruments-for-testing-leaks-1-150x150.jpg 150w, https:\/\/www.qualitester.com\/wp-content\/uploads\/2023\/04\/Instruments-for-testing-leaks-1-600x600.jpg 600w, https:\/\/www.qualitester.com\/wp-content\/uploads\/2023\/04\/Instruments-for-testing-leaks-1-100x100.jpg 100w\" sizes=\"(max-width: 750px) 100vw, 750px\" \/>\t\t\t\t\t\t\t\t\t\t\t\t\t<\/div>\n\t\t\t\t<\/div>\n\t\t\t\t<\/div>\n\t\t<div class=\"elementor-element elementor-element-94ff92f e-con-full e-flex e-con e-child\" data-id=\"94ff92f\" data-element_type=\"container\">\n\t\t\t\t<div class=\"elementor-element elementor-element-02aa210 elementor-widget elementor-widget-text-editor\" data-id=\"02aa210\" data-element_type=\"widget\" data-widget_type=\"text-editor.default\">\n\t\t\t\t<div class=\"elementor-widget-container\">\n\t\t\t\t\t\t\t<h6><strong>Alkalmaz\u00e1s<\/strong><\/h6><p><em>A csomagol\u00e1sok t\u00f6m\u00edt\u00e9seinek integrit\u00e1s\u00e1nak vizsg\u00e1lata seg\u00edt biztos\u00edtani, hogy a csomagol\u00e1s a sz\u00fcks\u00e9ges term\u00e9kv\u00e9delmet biztos\u00edtsa. A fenntarthat\u00f3 csomagol\u00e1si alternat\u00edv\u00e1kat, az alacsonyabb k\u00f6lts\u00e9g\u0171 csomagol\u00e1sokat \u00e9s a gy\u00e1rt\u00f3sorok z\u00e1r\u00e1si param\u00e9tereinek elt\u00e9r\u00e9seit gyakran \u00e9rt\u00e9kelik a t\u00f6m\u00edt\u00e9s integrit\u00e1s\u00e1nak vizsg\u00e1lat\u00e1val. A csomagol\u00e1st\u00f6m\u00edt\u00e9sek megb\u00edzhat\u00f3s\u00e1g\u00e1nak fenntart\u00e1sa kritikus fontoss\u00e1g\u00fa a term\u00e9kmin\u0151s\u00e9g \u00e9s -biztons\u00e1g szempontj\u00e1b\u00f3l.<\/em><\/p><h6><strong>Teszt Le\u00edr\u00e1s<\/strong><\/h6><p><em>A mint\u00e1t a v\u00edzzel t\u00f6lt\u00f6tt kamr\u00e1ba helyezz\u00fck. Miut\u00e1n a fedelet visszatett\u00fck, a vez\u00e9rl\u0151egys\u00e9g elkezdi a kamr\u00e1ban l\u00e9v\u0151 leveg\u0151t kisz\u00edvni, am\u00edg az el\u0151re be\u00e1ll\u00edtott v\u00e1kuumot el nem \u00e9rj\u00fck. A minta belseje \u00e9s k\u00fclseje k\u00f6z\u00f6tti nyom\u00e1sk\u00fcl\u00f6nbs\u00e9g miatt a benne l\u00e9v\u0151 leveg\u0151 kis sziv\u00e1rg\u00e1s eset\u00e9n kisz\u00f6kik. A sziv\u00e1rg\u00e1st a sziv\u00e1rg\u00e1si ter\u00fcletr\u0151l \u00e9rkez\u0151 bubor\u00e9k\u00e1radat jelzi.<\/em><\/p>\t\t\t\t\t\t<\/div>\n\t\t\t\t<\/div>\n\t\t\t\t<\/div>\n\t\t\t\t\t<\/div>\n\t\t\t\t<\/div>\n\t\t<div class=\"elementor-element elementor-element-b82bd73 e-flex e-con-boxed e-con e-parent\" data-id=\"b82bd73\" data-element_type=\"container\">\n\t\t\t\t\t<div class=\"e-con-inner\">\n\t\t<div class=\"elementor-element elementor-element-6833f68 e-con-full e-flex e-con e-child\" data-id=\"6833f68\" data-element_type=\"container\">\n\t\t\t\t<div class=\"elementor-element elementor-element-98f9279 elementor-widget elementor-widget-image\" data-id=\"98f9279\" data-element_type=\"widget\" data-widget_type=\"image.default\">\n\t\t\t\t<div class=\"elementor-widget-container\">\n\t\t\t\t\t\t\t\t\t\t\t\t\t<img fetchpriority=\"high\" decoding=\"async\" width=\"750\" height=\"750\" src=\"https:\/\/www.qualitester.com\/wp-content\/uploads\/2023\/04\/Instruments-for-testing-leaks-1.jpg\" class=\"attachment-large size-large wp-image-1745\" alt=\"\" srcset=\"https:\/\/www.qualitester.com\/wp-content\/uploads\/2023\/04\/Instruments-for-testing-leaks-1.jpg 750w, https:\/\/www.qualitester.com\/wp-content\/uploads\/2023\/04\/Instruments-for-testing-leaks-1-300x300.jpg 300w, https:\/\/www.qualitester.com\/wp-content\/uploads\/2023\/04\/Instruments-for-testing-leaks-1-150x150.jpg 150w, https:\/\/www.qualitester.com\/wp-content\/uploads\/2023\/04\/Instruments-for-testing-leaks-1-600x600.jpg 600w, https:\/\/www.qualitester.com\/wp-content\/uploads\/2023\/04\/Instruments-for-testing-leaks-1-100x100.jpg 100w\" sizes=\"(max-width: 750px) 100vw, 750px\" \/>\t\t\t\t\t\t\t\t\t\t\t\t\t<\/div>\n\t\t\t\t<\/div>\n\t\t\t\t<\/div>\n\t\t<div class=\"elementor-element elementor-element-682a697 e-con-full e-flex e-con e-child\" data-id=\"682a697\" data-element_type=\"container\">\n\t\t\t\t<div class=\"elementor-element elementor-element-7fee0b0 elementor-widget elementor-widget-text-editor\" data-id=\"7fee0b0\" data-element_type=\"widget\" data-widget_type=\"text-editor.default\">\n\t\t\t\t<div class=\"elementor-widget-container\">\n\t\t\t\t\t\t\t<h6><strong>M\u0171szaki jellemz\u0151k<\/strong><\/h6><ul><li>PLC vez\u00e9relt egys\u00e9g (ipari szinten stabil) \u00e9s HMI \u00e9rint\u0151k\u00e9perny\u0151vel m\u0171k\u00f6dtetett. <\/li><li>A stabil v\u00e1kuum el\u00e9r\u00e9se \u00e9rdek\u00e9ben, \u00e9s figyelembe v\u00e9ve azt a t\u00e9nyt, hogy a s\u0171r\u00edtett leveg\u0151 k\u00f6nnyebben beszerezhet\u0151 a felhaszn\u00e1l\u00f3 l\u00e9tes\u00edtm\u00e9ny\u00e9ben, Venturi cs\u00f6vet haszn\u00e1lunk a magas szint\u0171 v\u00e1kuum el\u00e9r\u00e9s\u00e9hez, ak\u00e1r -90KPa-ig. <\/li><li>Ez a vizsg\u00e1lati m\u00f3dszer szemmel t\u00f6rt\u00e9n\u0151 megfigyel\u00e9sen alapul, ami azt jelenti, hogy a vizsg\u00e1l\u00f3 nem ad k\u00f6zvetlen eredm\u00e9nyt arr\u00f3l, hogy a minta \u00e1tmegy-e vagy nem. Az\u00e1ltal, hogy a tesztel\u0151 \u201cmegmondja\u201d a minta \u00e1llapot\u00e1t, automatikusan felhalmozza az eredm\u00e9nysz\u00e1mokat. <\/li><li>A k\u00fcl\u00f6nb\u00f6z\u0151 t\u00edpus\u00fa mint\u00e1kkal \u00e9s vizsg\u00e1lati k\u00f6r\u00fclm\u00e9nyekkel (v\u00e1kuumszint \u00e9s vizsg\u00e1lati id\u0151) rendelkez\u0151 felhaszn\u00e1l\u00f3k sz\u00e1m\u00e1ra az LT-03 5 csoportos param\u00e9termegtakar\u00edt\u00e1si funkci\u00f3val rendelkezik a hat\u00e9konys\u00e1g jav\u00edt\u00e1sa \u00e9rdek\u00e9ben.<\/li><\/ul>\t\t\t\t\t\t<\/div>\n\t\t\t\t<\/div>\n\t\t\t\t<\/div>\n\t\t\t\t\t<\/div>\n\t\t\t\t<\/div>\n\t\t<div class=\"elementor-element elementor-element-8aa2dc1 e-flex e-con-boxed e-con e-parent\" data-id=\"8aa2dc1\" data-element_type=\"container\">\n\t\t\t\t\t<div class=\"e-con-inner\">\n\t\t<div class=\"elementor-element elementor-element-d5515f8 e-con-full e-flex e-con e-child\" data-id=\"d5515f8\" data-element_type=\"container\">\n\t\t\t\t<div class=\"elementor-element elementor-element-760a465 elementor-widget elementor-widget-image\" data-id=\"760a465\" data-element_type=\"widget\" data-widget_type=\"image.default\">\n\t\t\t\t<div class=\"elementor-widget-container\">\n\t\t\t\t\t\t\t\t\t\t\t\t\t<img decoding=\"async\" width=\"750\" height=\"750\" src=\"https:\/\/www.qualitester.com\/wp-content\/uploads\/2023\/04\/leak-tester-2.jpg\" class=\"attachment-large size-large wp-image-1746\" alt=\"\" srcset=\"https:\/\/www.qualitester.com\/wp-content\/uploads\/2023\/04\/leak-tester-2.jpg 750w, https:\/\/www.qualitester.com\/wp-content\/uploads\/2023\/04\/leak-tester-2-300x300.jpg 300w, https:\/\/www.qualitester.com\/wp-content\/uploads\/2023\/04\/leak-tester-2-150x150.jpg 150w, https:\/\/www.qualitester.com\/wp-content\/uploads\/2023\/04\/leak-tester-2-600x600.jpg 600w, https:\/\/www.qualitester.com\/wp-content\/uploads\/2023\/04\/leak-tester-2-100x100.jpg 100w\" sizes=\"(max-width: 750px) 100vw, 750px\" \/>\t\t\t\t\t\t\t\t\t\t\t\t\t<\/div>\n\t\t\t\t<\/div>\n\t\t\t\t<\/div>\n\t\t<div class=\"elementor-element elementor-element-223f44f e-con-full e-flex e-con e-child\" data-id=\"223f44f\" data-element_type=\"container\">\n\t\t\t\t<div class=\"elementor-element elementor-element-7154c8a elementor-widget elementor-widget-text-editor\" data-id=\"7154c8a\" data-element_type=\"widget\" data-widget_type=\"text-editor.default\">\n\t\t\t\t<div class=\"elementor-widget-container\">\n\t\t\t\t\t\t\t<p>F\u0151 param\u00e9terek<\/p><p>Vizsg\u00e1lati tartom\u00e1ny 0~-90 KPa<\/p><p>Kamra Akril henger alak\u00fa<\/p><p>\u03a6270 * H210mm (bels\u0151 haszn\u00e1lhat\u00f3)<\/p><p>S\u0171r\u00edtett leveg\u0151 0,7MPa (a felhaszn\u00e1l\u00f3 \u00e1ltal el\u0151k\u00e9sz\u00edtve)\u00a0<\/p><p>Teljes\u00edtm\u00e9ny 110~220V 50\/60Hz<\/p>\t\t\t\t\t\t<\/div>\n\t\t\t\t<\/div>\n\t\t\t\t<\/div>\n\t\t\t\t\t<\/div>\n\t\t\t\t<\/div>\n\t\t<div class=\"elementor-element elementor-element-7edcf53 e-flex e-con-boxed e-con e-parent\" data-id=\"7edcf53\" data-element_type=\"container\">\n\t\t\t\t\t<div class=\"e-con-inner\">\n\t\t\t\t<div class=\"elementor-element elementor-element-48094ba elementor-widget elementor-widget-wpforms\" data-id=\"48094ba\" data-element_type=\"widget\" data-widget_type=\"wpforms.default\">\n\t\t\t\t<div class=\"elementor-widget-container\">\n\t\t\t<div class=\"wpforms-container\" id=\"wpforms-11\"><form id=\"wpforms-form-11\" class=\"wpforms-validate wpforms-form wpforms-ajax-form\" data-formid=\"11\" method=\"post\" enctype=\"multipart\/form-data\" action=\"\/hu\/wp-json\/wp\/v2\/product\/1742\" data-token=\"04df857188661b35ec3ce44c64e02aa2\" data-trp-original-action=\"\/hu\/wp-json\/wp\/v2\/product\/1742\"><noscript class=\"wpforms-error-noscript\">K\u00e9rj\u00fck, enged\u00e9lyezze a JavaScriptet a b\u00f6ng\u00e9sz\u0151j\u00e9ben az \u0171rlap kit\u00f6lt\u00e9s\u00e9hez.<\/noscript><div class=\"wpforms-field-container\"><div id=\"wpforms-11-field_1-container\" class=\"wpforms-field wpforms-field-text\" data-field-id=\"1\"><label class=\"wpforms-field-label\" for=\"wpforms-11-field_1\">N\u00e9v <span class=\"wpforms-required-label\">*<\/span><\/label><input type=\"text\" id=\"wpforms-11-field_1\" class=\"wpforms-field-medium wpforms-field-required\" name=\"wpforms[fields][1]\" placeholder=\"N\u00e9v\" required><\/div><div id=\"wpforms-11-field_5-container\" class=\"wpforms-field wpforms-field-text\" data-field-id=\"5\"><label class=\"wpforms-field-label\" for=\"wpforms-11-field_5\">C\u00e9g<\/label><input type=\"text\" id=\"wpforms-11-field_5\" class=\"wpforms-field-medium\" name=\"wpforms[fields][5]\" ><\/div><div id=\"wpforms-11-field_4-container\" class=\"wpforms-field wpforms-field-number\" data-field-id=\"4\"><label class=\"wpforms-field-label\" for=\"wpforms-11-field_4\">Telefon<\/label><input type=\"number\" pattern=\"\\d*\" id=\"wpforms-11-field_4\" class=\"wpforms-field-medium\" name=\"wpforms[fields][4]\" placeholder=\"Telefon\" ><\/div><div id=\"wpforms-11-field_3-container\" class=\"wpforms-field wpforms-field-email\" data-field-id=\"3\"><label class=\"wpforms-field-label\" for=\"wpforms-11-field_3\">E-mail <span class=\"wpforms-required-label\">*<\/span><\/label><input type=\"email\" id=\"wpforms-11-field_3\" class=\"wpforms-field-medium wpforms-field-required\" name=\"wpforms[fields][3]\" placeholder=\"E-mail\" spellcheck=\"false\" required><\/div><div id=\"wpforms-11-field_2-container\" class=\"wpforms-field wpforms-field-textarea\" data-field-id=\"2\"><label class=\"wpforms-field-label\" for=\"wpforms-11-field_2\">\u00dczenet<\/label><textarea id=\"wpforms-11-field_2\" class=\"wpforms-field-large\" name=\"wpforms[fields][2]\" ><\/textarea><\/div><\/div><!-- .wpforms-field-container --><input type=\"hidden\" name=\"wpforms[recaptcha]\" value=\"\"><div class=\"wpforms-submit-container\" ><input type=\"hidden\" name=\"wpforms[id]\" value=\"11\"><input type=\"hidden\" name=\"wpforms[author]\" value=\"3\"><button type=\"submit\" name=\"wpforms[submit]\" id=\"wpforms-submit-11\" class=\"wpforms-submit\" data-alt-text=\"Submitting\" data-submit-text=\"Submit\" aria-live=\"assertive\" value=\"wpforms-submit\">K\u00fcldje be a<\/button><img decoding=\"async\" src=\"https:\/\/www.qualitester.com\/wp-content\/plugins\/wpforms-lite\/assets\/images\/submit-spin.svg\" class=\"wpforms-submit-spinner\" style=\"display: none;\" width=\"26\" height=\"26\" alt=\"Bet\u00f6lt\u00e9s\"><\/div><input type=\"hidden\" name=\"trp-form-language\" value=\"hu\"\/><\/form><\/div>  <!-- .wpforms-container -->\t\t<\/div>\n\t\t\t\t<\/div>\n\t\t\t\t\t<\/div>\n\t\t\t\t<\/div>\n\t\t\t\t<\/div>","protected":false},"excerpt":{"rendered":"<p>A csomagol\u00e1sok t\u00f6m\u00edt\u00e9seinek integrit\u00e1s\u00e1nak vizsg\u00e1lata seg\u00edt biztos\u00edtani, hogy a csomagol\u00e1s a sz\u00fcks\u00e9ges term\u00e9kv\u00e9delmet biztos\u00edtsa.<\/p>","protected":false},"featured_media":1746,"comment_status":"closed","ping_status":"closed","template":"","meta":{"site-sidebar-layout":"default","site-content-layout":"default","ast-global-header-display":"","ast-main-header-display":"","ast-hfb-above-header-display":"","ast-hfb-below-header-display":"","ast-hfb-mobile-header-display":"","site-post-title":"disabled","ast-breadcrumbs-content":"","ast-featured-img":"disabled","footer-sml-layout":"","theme-transparent-header-meta":"default","adv-header-id-meta":"","stick-header-meta":"","header-above-stick-meta":"","header-main-stick-meta":"","header-below-stick-meta":""},"product_cat":[845,674,675,672,17,149,16,99,105,135,95],"product_tag":[357,358,41,42,177],"class_list":{"0":"post-1742","1":"product","2":"type-product","3":"status-publish","4":"has-post-thumbnail","6":"product_cat-customization","7":"product_cat-test-items","8":"product_cat-leak-tester","9":"product_cat-applied-materials","10":"product_cat-package-container-testers","11":"product_cat-pharma-and-medical-testers","12":"product_cat-plastic-packaging-testers","13":"product_cat-astm","14":"product_cat-astm-d3078","15":"product_cat-astm-d4991","16":"product_cat-products","17":"product_tag-astm-d3078","18":"product_tag-astm-d4991","19":"product_tag-leak","20":"product_tag-seal","21":"product_tag-seal-strength","22":"desktop-align-left","23":"tablet-align-left","24":"mobile-align-left","26":"first","27":"instock","28":"shipping-taxable","29":"product-type-simple"},"_links":{"self":[{"href":"https:\/\/www.qualitester.com\/hu\/wp-json\/wp\/v2\/product\/1742","targetHints":{"allow":["GET"]}}],"collection":[{"href":"https:\/\/www.qualitester.com\/hu\/wp-json\/wp\/v2\/product"}],"about":[{"href":"https:\/\/www.qualitester.com\/hu\/wp-json\/wp\/v2\/types\/product"}],"replies":[{"embeddable":true,"href":"https:\/\/www.qualitester.com\/hu\/wp-json\/wp\/v2\/comments?post=1742"}],"version-history":[{"count":0,"href":"https:\/\/www.qualitester.com\/hu\/wp-json\/wp\/v2\/product\/1742\/revisions"}],"wp:featuredmedia":[{"embeddable":true,"href":"https:\/\/www.qualitester.com\/hu\/wp-json\/wp\/v2\/media\/1746"}],"wp:attachment":[{"href":"https:\/\/www.qualitester.com\/hu\/wp-json\/wp\/v2\/media?parent=1742"}],"wp:term":[{"taxonomy":"product_cat","embeddable":true,"href":"https:\/\/www.qualitester.com\/hu\/wp-json\/wp\/v2\/product_cat?post=1742"},{"taxonomy":"product_tag","embeddable":true,"href":"https:\/\/www.qualitester.com\/hu\/wp-json\/wp\/v2\/product_tag?post=1742"}],"curies":[{"name":"wp","href":"https:\/\/api.w.org\/{rel}","templated":true}]}}