{"id":1516,"date":"2023-04-23T13:57:31","date_gmt":"2023-04-23T05:57:31","guid":{"rendered":"https:\/\/www.qualitester.com\/?post_type=product&#038;p=1516"},"modified":"2026-04-23T10:05:49","modified_gmt":"2026-04-23T02:05:49","slug":"film-free-shrink-tester-fst-01","status":"publish","type":"product","link":"https:\/\/www.qualitester.com\/hu\/termek\/film-free-shrink-tester-fst-01\/","title":{"rendered":"FST-01 Filmmentes zsugorod\u00e1si teszter"},"content":{"rendered":"<h2>1. Bevezet\u00e9s a filmmentes zsugorod\u00e1si teszterhez<\/h2>\n<p>A <strong>Filmmentes zsugorod\u00e1si tesztel\u0151<\/strong> egy fejlett m\u0171szer, amelyet a m\u0171anyag f\u00f3li\u00e1k h\u0151 hat\u00e1s\u00e1ra bek\u00f6vetkez\u0151 zsugorod\u00e1si tulajdons\u00e1gainak m\u00e9r\u00e9s\u00e9re terveztek. Ez a k\u00e9sz\u00fcl\u00e9k d\u00f6nt\u0151 szerepet j\u00e1tszik az anyagok min\u0151s\u00e9g\u00e9nek \u00e9s teljes\u00edtm\u00e9ny\u00e9nek biztos\u00edt\u00e1s\u00e1ban k\u00fcl\u00f6nb\u00f6z\u0151 ipar\u00e1gakban, t\u00f6bbek k\u00f6z\u00f6tt a csomagol\u00f3iparban, az \u00e9lelmiszeriparban, az orvostudom\u00e1nyban \u00e9s a gy\u00f3gyszeriparban. A f\u00f3li\u00e1k h\u0151re zsugorod\u00e1s\u00e1nak \u00e9rt\u00e9kel\u00e9s\u00e9vel a gy\u00e1rt\u00f3k optimaliz\u00e1lhatj\u00e1k term\u00e9keik tart\u00f3ss\u00e1g\u00e1t \u00e9s hat\u00e9konys\u00e1g\u00e1t, megfelelve mind az ipari szabv\u00e1nyoknak, mind a fogyaszt\u00f3i elv\u00e1r\u00e1soknak.<\/p>\n<p><img fetchpriority=\"high\" decoding=\"async\" class=\"aligncenter wp-image-4262\" src=\"https:\/\/www.qualitester.com\/wp-content\/uploads\/2023\/04\/ASTM-D2732-film-free-shrink-tester.jpg\" alt=\"ASTM D2732 filmmentes zsugorod\u00e1si teszter\" width=\"450\" height=\"450\" srcset=\"https:\/\/www.qualitester.com\/wp-content\/uploads\/2023\/04\/ASTM-D2732-film-free-shrink-tester.jpg 600w, https:\/\/www.qualitester.com\/wp-content\/uploads\/2023\/04\/ASTM-D2732-film-free-shrink-tester-300x300.jpg 300w, https:\/\/www.qualitester.com\/wp-content\/uploads\/2023\/04\/ASTM-D2732-film-free-shrink-tester-150x150.jpg 150w, https:\/\/www.qualitester.com\/wp-content\/uploads\/2023\/04\/ASTM-D2732-film-free-shrink-tester-100x100.jpg 100w\" sizes=\"(max-width: 450px) 100vw, 450px\" \/><\/p>\n<h2>2. A term\u00e9k jellemz\u0151i<\/h2>\n<h3>(1) M\u0171szaki specifik\u00e1ci\u00f3k<\/h3>\n<table width=\"308\">\n<tbody>\n<tr>\n<td width=\"150\">Minta m\u00e9rete<\/td>\n<td width=\"158\">\u2264160 mm x 160 mm<\/td>\n<\/tr>\n<tr>\n<td>H\u0151m\u00e9rs\u00e9klet tartom\u00e1ny<\/td>\n<td>K\u00f6rnyezeti h\u0151m\u00e9rs\u00e9klet ~ 200\u00b0C<\/td>\n<\/tr>\n<tr>\n<td>Pontoss\u00e1g<\/td>\n<td>\u00b10.3\u00b0C<\/td>\n<\/tr>\n<tr>\n<td>Dimenzi\u00f3<\/td>\n<td>37*44*28 LWH cm<\/td>\n<\/tr>\n<tr>\n<td>T\u00e1pegys\u00e9g<\/td>\n<td>220V 50Hz<\/td>\n<\/tr>\n<\/tbody>\n<\/table>\n<h3>(2) Megb\u00edzhat\u00f3 eszk\u00f6z<\/h3>\n<h4><strong>Pontoss\u00e1g \u00e9s megb\u00edzhat\u00f3s\u00e1g<\/strong><\/h4>\n<p>A Film Free Shrink Tester p\u00e1ratlan pontoss\u00e1got \u00e9s megb\u00edzhat\u00f3s\u00e1got k\u00edn\u00e1l. Nagy pontoss\u00e1g\u00fa h\u0151m\u00e9rs\u00e9klet-szab\u00e1lyoz\u00f3 rendszer\u00e9vel biztos\u00edtja, hogy a vizsg\u00e1lati k\u00f6r\u00fclm\u00e9nyek \u00e1lland\u00f3ak maradjanak, \u00edgy minden alkalommal megism\u00e9telhet\u0151 eredm\u00e9nyeket ad. Ez a pontoss\u00e1g kritikus fontoss\u00e1g\u00fa a vizsg\u00e1lat integrit\u00e1s\u00e1nak fenntart\u00e1s\u00e1hoz, valamint annak biztos\u00edt\u00e1s\u00e1hoz, hogy az \u00f6sszegy\u0171jt\u00f6tt adatok megb\u00edzhat\u00f3ak \u00e9s felhaszn\u00e1lhat\u00f3k legyenek.<\/p>\n<h4><strong>Felhaszn\u00e1l\u00f3bar\u00e1t fel\u00fclet<\/strong><\/h4>\n<p>Az egyszer\u0171 haszn\u00e1latot szem el\u0151tt tartva tervezett Film Free Shrink Tester intuit\u00edv vez\u00e9rl\u0151panellel rendelkezik, amely leegyszer\u0171s\u00edti a tesztel\u00e9si folyamatot. A digit\u00e1lis kijelz\u0151 vil\u00e1gos \u00e9s t\u00f6m\u00f6r adatnapl\u00f3z\u00e1st biztos\u00edt, \u00edgy a kezel\u0151k sz\u00e1m\u00e1ra egyszer\u0171v\u00e9 v\u00e1lik a vizsg\u00e1lati eredm\u00e9nyek nyomon k\u00f6vet\u00e9se \u00e9s r\u00f6gz\u00edt\u00e9se. Ez a felhaszn\u00e1l\u00f3bar\u00e1t kezel\u0151fel\u00fclet cs\u00f6kkenti a tanul\u00e1si g\u00f6rb\u00e9t \u00e9s n\u00f6veli a vizsg\u00e1lati folyamat hat\u00e9konys\u00e1g\u00e1t.<\/p>\n<h3>(3) \u00c1tfog\u00f3 szolg\u00e1ltat\u00e1s - testreszab\u00e1si lehet\u0151s\u00e9gek<\/h3>\n<h4><strong>Testre szabott megold\u00e1sok speci\u00e1lis tesztel\u00e9si ig\u00e9nyekre<\/strong><\/h4>\n<p>A Cell Instrumentsn\u00e9l meg\u00e9rtj\u00fck, hogy a k\u00fcl\u00f6nb\u00f6z\u0151 ipar\u00e1gaknak egyedi vizsg\u00e1lati k\u00f6vetelm\u00e9nyei vannak. Ez\u00e9rt szem\u00e9lyre szabott megold\u00e1sokat k\u00edn\u00e1lunk az egyedi ig\u00e9nyek kiel\u00e9g\u00edt\u00e9s\u00e9re. Ak\u00e1r a tesztel\u0151t bizonyos t\u00edpus\u00fa f\u00f3li\u00e1khoz igaz\u00edtjuk, ak\u00e1r megl\u00e9v\u0151 automatiz\u00e1lt rendszerekbe integr\u00e1ljuk, csapatunk k\u00e9pes a m\u0171szert az \u00d6n pontos specifik\u00e1ci\u00f3inak megfelel\u0151en m\u00f3dos\u00edtani.<\/p>\n<h4><strong>Integr\u00e1ci\u00f3 automatiz\u00e1lt rendszerekkel<\/strong><\/h4>\n<p>A Film Free Shrink Tester z\u00f6kken\u0151mentesen integr\u00e1lhat\u00f3 az automatiz\u00e1lt tesztel\u00e9si rendszerekbe, n\u00f6velve a termel\u00e9kenys\u00e9get \u00e9s a pontoss\u00e1got. Ez az integr\u00e1ci\u00f3 lehet\u0151v\u00e9 teszi a folyamatos tesztel\u00e9st \u00e9s fel\u00fcgyeletet, ami a nagy volumen\u0171 gy\u00e1rt\u00e1si k\u00f6rnyezetekben elengedhetetlen.<\/p>\n<h2>3. Vizsg\u00e1lati m\u00f3dszerek<\/h2>\n<h3>(1) A filmmentes zsugorod\u00e1si teszt \u00e1ttekint\u00e9se<\/h3>\n<h4><strong>A vizsg\u00e1lat c\u00e9lja<\/strong><\/h4>\n<p>A f\u00f3liamentes zsugorod\u00e1si vizsg\u00e1lat els\u0151dleges c\u00e9lja annak meghat\u00e1roz\u00e1sa, hogy a m\u0171anyag f\u00f3li\u00e1k hogyan reag\u00e1lnak a h\u0151re. Ez a vizsg\u00e1lat d\u00f6nt\u0151 fontoss\u00e1g\u00fa az anyagok h\u0151tani tulajdons\u00e1gainak meg\u00e9rt\u00e9s\u00e9hez, ami hat\u00e1ssal lehet a val\u00f3s alkalmaz\u00e1sokban ny\u00fajtott teljes\u00edtm\u00e9ny\u00fckre.<\/p>\n<h4><strong>Vizsg\u00e1lt filmt\u00edpusok<\/strong><\/h4>\n<p>A Film Free Shrink Tester a f\u00f3li\u00e1k sz\u00e9les sk\u00e1l\u00e1j\u00e1hoz alkalmas, bele\u00e9rtve a csomagol\u00f3anyagokat, \u00e9lelmiszercsomagol\u00f3 f\u00f3li\u00e1kat, orvosi eszk\u00f6z\u00f6k csomagol\u00e1s\u00e1t, gy\u00f3gyszeripari csomagol\u00e1sokat, ragaszt\u00f3f\u00f3li\u00e1kat \u00e9s text\u00edli\u00e1kat. Minden f\u00f3liat\u00edpusnak megvannak a saj\u00e1tos jellemz\u0151i, amelyeket az optim\u00e1lis teljes\u00edtm\u00e9ny biztos\u00edt\u00e1sa \u00e9rdek\u00e9ben \u00e9rt\u00e9kelni kell.<\/p>\n<h3>(2) ASTM D2732 szabv\u00e1ny<\/h3>\n<h4><strong>A szabv\u00e1ny le\u00edr\u00e1sa<\/strong><\/h4>\n<p><a href=\"https:\/\/www.qualitester.com\/hu\/standards\/astm-d2732\/\" target=\"_blank\" rel=\"noopener\">ASTM D2732<\/a> egy szabv\u00e1nyos\u00edtott vizsg\u00e1lati m\u00f3dszer, amelyet a m\u0171anyag f\u00f3li\u00e1k szabad zsugorod\u00e1s\u00e1nak m\u00e9r\u00e9s\u00e9re haszn\u00e1lnak, amikor meghat\u00e1rozott h\u0151m\u00e9rs\u00e9kletnek vannak kit\u00e9ve. Ez a szabv\u00e1ny egys\u00e9ges keretet biztos\u00edt a vizsg\u00e1lat elv\u00e9gz\u00e9s\u00e9hez, biztos\u00edtva, hogy az eredm\u00e9nyek \u00f6sszehasonl\u00edthat\u00f3ak legyenek a k\u00fcl\u00f6nb\u00f6z\u0151 laborat\u00f3riumokban \u00e9s alkalmaz\u00e1sokban.<\/p>\n<h4><strong>Vizsg\u00e1lati elj\u00e1r\u00e1s v\u00e1zlata<\/strong><\/h4>\n<h5><strong>Minta el\u0151k\u00e9sz\u00edt\u00e9se<\/strong><\/h5>\n<p>A mint\u00e1kat pontos m\u00e9retre \u00e9s alakra, jellemz\u0151en n\u00e9gyzetre vagy t\u00e9glalapra v\u00e1gj\u00e1k. A megfelel\u0151 el\u0151k\u00e9sz\u00edt\u00e9s elengedhetetlen ahhoz, hogy az eredm\u00e9nyek pontosak legyenek \u00e9s t\u00fckr\u00f6zz\u00e9k az anyag tulajdons\u00e1gait.<\/p>\n<h5><strong>Vizsg\u00e1lati felt\u00e9telek<\/strong><\/h5>\n<p>A vizsg\u00e1lat sor\u00e1n a mint\u00e1kat egy el\u0151re meghat\u00e1rozott h\u0151m\u00e9rs\u00e9kletre meleg\u00edtik. A Film Free Shrink Tester prec\u00edz h\u0151m\u00e9rs\u00e9klet-szab\u00e1lyoz\u00e1sa biztos\u00edtja, hogy a mint\u00e1k pontosan az ASTM D2732 szabv\u00e1ny \u00e1ltal el\u0151\u00edrt k\u00f6r\u00fclm\u00e9nyeknek legyenek kit\u00e9ve.<\/p>\n<h5><strong>M\u00e9r\u00e9s \u00e9s elemz\u00e9s<\/strong><\/h5>\n<p>A meleg\u00edt\u00e9s ut\u00e1n a mint\u00e1kat megm\u00e9rik, hogy meghat\u00e1rozz\u00e1k a zsugorod\u00e1s m\u00e9rt\u00e9k\u00e9t. A vizsg\u00e1lat el\u0151tti \u00e9s ut\u00e1ni m\u00e9reteket \u00f6sszehasonl\u00edtj\u00e1k a zsugorod\u00e1s sz\u00e1zal\u00e9kos m\u00e9rt\u00e9k\u00e9nek kisz\u00e1m\u00edt\u00e1s\u00e1hoz. Ezek az adatok betekint\u00e9st ny\u00fajtanak a f\u00f3lia termikus viselked\u00e9s\u00e9be \u00e9s az adott alkalmaz\u00e1sokhoz val\u00f3 alkalmass\u00e1g\u00e1ba.<\/p>\n<h2>4. Ipari alkalmaz\u00e1sok<\/h2>\n<p>A Film Free Shrink Tester n\u00e9lk\u00fcl\u00f6zhetetlen a k\u00fcl\u00f6nb\u00f6z\u0151 ipar\u00e1gak sz\u00e1m\u00e1ra, amelyek mindegyike egyedi k\u00f6vetelm\u00e9nyeket t\u00e1maszt az anyagok teljes\u00edtm\u00e9ny\u00e9vel szemben.<\/p>\n<h3>(1) Csomagol\u00f3anyagok<\/h3>\n<p>A csomagol\u00f3iparban a f\u00f3lia zsugorod\u00e1si vizsg\u00e1lata seg\u00edt az optim\u00e1lis v\u00e9delmet \u00e9s stabilit\u00e1st ny\u00fajt\u00f3 anyagok tervez\u00e9s\u00e9ben. A f\u00f3li\u00e1k h\u0151re adott reakci\u00f3j\u00e1nak meg\u00e9rt\u00e9se biztos\u00edtja, hogy a csomagol\u00e1s meg\u0151rzi integrit\u00e1s\u00e1t a feldolgoz\u00e1s \u00e9s a t\u00e1rol\u00e1s sor\u00e1n.<\/p>\n<h3>(2) \u00c9lelmiszer-csomagol\u00f3 f\u00f3li\u00e1k<\/h3>\n<p>Az \u00e9lelmiszercsomagol\u00e1s eset\u00e9ben a term\u00e9k min\u0151s\u00e9g\u00e9nek \u00e9s biztons\u00e1g\u00e1nak meg\u0151rz\u00e9se a legfontosabb. A h\u0151zsugorod\u00e1si vizsg\u00e1lat biztos\u00edtja, hogy az \u00e9lelmiszercsomagol\u00e1shoz haszn\u00e1lt f\u00f3li\u00e1k tart\u00f3sak legyenek, \u00e9s ellen\u00e1lljanak a r\u00e1juk hat\u00f3 k\u00f6r\u00fclm\u00e9nyeknek.<\/p>\n<h3>(3) Orvostechnikai eszk\u00f6z\u00f6k csomagol\u00e1sa<\/h3>\n<p>Az orvostechnikai eszk\u00f6z\u00f6k csomagol\u00e1s\u00e1hoz olyan anyagokra van sz\u00fcks\u00e9g, amelyek egyszerre v\u00e9delmet \u00e9s sterilit\u00e1st biztos\u00edtanak. A f\u00f3lia zsugorod\u00e1si teszt seg\u00edt kiv\u00e1lasztani azokat a f\u00f3li\u00e1kat, amelyek megfelelnek ezeknek a szigor\u00fa k\u00f6vetelm\u00e9nyeknek, \u00e9s biztos\u00edtj\u00e1k az orvosi term\u00e9kek biztons\u00e1g\u00e1t \u00e9s hat\u00e9konys\u00e1g\u00e1t.<\/p>\n<h3>(4) Gy\u00f3gyszeripari csomagol\u00e1s<\/h3>\n<p>A gy\u00f3gyszeripari csomagol\u00e1snak meg kell v\u00e9denie a term\u00e9keket a szennyez\u0151d\u00e9st\u0151l \u00e9s a leboml\u00e1st\u00f3l. A zsugorod\u00e1si vizsg\u00e1lat biztos\u00edtja, hogy az ebben az ipar\u00e1gban haszn\u00e1lt f\u00f3li\u00e1k biztos\u00edts\u00e1k a sz\u00fcks\u00e9ges barrier tulajdons\u00e1gokat.<\/p>\n<h3>(5) \u00d6ntapad\u00f3 f\u00f3li\u00e1k<\/h3>\n<p>A ragaszt\u00f3f\u00f3li\u00e1knak k\u00fcl\u00f6nb\u00f6z\u0151 k\u00f6r\u00fclm\u00e9nyek k\u00f6z\u00f6tt is meg kell \u0151rizni\u00fck tulajdons\u00e1gaikat. A f\u00f3lia zsugorod\u00e1si vizsg\u00e1lata seg\u00edt a teljes\u00edtm\u00e9ny\u00fck \u00e9rt\u00e9kel\u00e9s\u00e9ben, biztos\u00edtja a megfelel\u0151 tapad\u00e1st \u00e9s hat\u00e9konys\u00e1guk meg\u0151rz\u00e9s\u00e9t.<\/p>\n<h3>(6) Text\u00edli\u00e1k \u00e9s egy\u00e9b<\/h3>\n<p>A textiliparban \u00e9s m\u00e1s ipar\u00e1gakban a f\u00f3li\u00e1k zsugorod\u00e1si tulajdons\u00e1gainak meg\u00e9rt\u00e9se hat\u00e1ssal lehet a v\u00e9gterm\u00e9k tart\u00f3ss\u00e1g\u00e1ra \u00e9s teljes\u00edtm\u00e9ny\u00e9re. Ez a vizsg\u00e1lat \u00e9rt\u00e9kes adatokat szolg\u00e1ltat az anyagv\u00e1laszt\u00e1s \u00e9s a term\u00e9ktervez\u00e9s jav\u00edt\u00e1s\u00e1hoz.<\/p>\n<h2>5. Egyedi tesztel\u00e9si k\u00e9pess\u00e9gek - Speci\u00e1lis tesztel\u00e9si k\u00f6vetelm\u00e9nyek<\/h2>\n<p>A Cell Instruments egyedi tesztel\u00e9si megold\u00e1sokat k\u00edn\u00e1l az egyedi ig\u00e9nyek kiel\u00e9g\u00edt\u00e9s\u00e9re. Ak\u00e1r egyedi anyagokat kell vizsg\u00e1lnia, ak\u00e1r k\u00fcl\u00f6nleges vizsg\u00e1lati felt\u00e9teleket ig\u00e9nyel, a Film Free Shrink Tester k\u00e9sz\u00fcl\u00e9ket az \u00d6n ig\u00e9nyeihez tudjuk igaz\u00edtani.<\/p>\n<h2>GYIK<\/h2>\n<p><strong>1. k\u00e9rd\u00e9s: Mi a c\u00e9lja a filmmentes zsugorod\u00e1si tesztnek?<\/strong><\/p>\n<p>A : A f\u00f3lia n\u00e9lk\u00fcli zsugorod\u00e1si teszt a m\u0171anyag f\u00f3li\u00e1k h\u0151 hat\u00e1s\u00e1ra bek\u00f6vetkez\u0151 zsugorod\u00e1si tulajdons\u00e1gait m\u00e9ri, \u00edgy betekint\u00e9st nyerhet\u00fcnk a f\u00f3li\u00e1k termikus viselked\u00e9s\u00e9be \u00e9s k\u00fcl\u00f6nb\u00f6z\u0151 alkalmaz\u00e1sokhoz val\u00f3 alkalmass\u00e1g\u00e1ba.<\/p>\n<p><strong>2. k\u00e9rd\u00e9s: Milyen t\u00edpus\u00fa f\u00f3li\u00e1k vizsg\u00e1lhat\u00f3k a Film Free Shrink Testerrel?<\/strong><\/p>\n<p>A : A tesztel\u0151 a f\u00f3li\u00e1k sz\u00e9les sk\u00e1l\u00e1j\u00e1hoz alkalmas, bele\u00e9rtve a csomagol\u00f3anyagokat, \u00e9lelmiszercsomagol\u00f3 f\u00f3li\u00e1kat, orvostechnikai eszk\u00f6z\u00f6k csomagol\u00e1s\u00e1t, gy\u00f3gyszercsomagol\u00e1sokat, ragaszt\u00f3f\u00f3li\u00e1kat \u00e9s text\u00edli\u00e1kat.<\/p>\n<p><strong>3. k\u00e9rd\u00e9s: Hogyan szabv\u00e1nyos\u00edtja az ASTM D2732 a film zsugorod\u00e1si vizsg\u00e1latot?<\/strong><\/p>\n<p>A : Az ASTM D2732 szabv\u00e1ny egys\u00e9ges keretet biztos\u00edt a vizsg\u00e1lat elv\u00e9gz\u00e9s\u00e9hez, meghat\u00e1rozva a minta el\u0151k\u00e9sz\u00edt\u00e9s\u00e9t, a vizsg\u00e1lati felt\u00e9teleket \u00e9s a m\u00e9r\u00e9si elj\u00e1r\u00e1sokat a megb\u00edzhat\u00f3 \u00e9s \u00f6sszehasonl\u00edthat\u00f3 eredm\u00e9nyek biztos\u00edt\u00e1sa \u00e9rdek\u00e9ben.<\/p>\n<p><strong>4. k\u00e9rd\u00e9s: A Film Free Shrink Tester tester testreszabhat\u00f3 egyedi ig\u00e9nyekhez?<\/strong><\/p>\n<p>V : Igen, a Cell Instruments testreszab\u00e1si lehet\u0151s\u00e9geket k\u00edn\u00e1l az egyedi tesztel\u00e9si k\u00f6vetelm\u00e9nyek teljes\u00edt\u00e9s\u00e9hez, bele\u00e9rtve a testre szabott megold\u00e1sokat \u00e9s az automatiz\u00e1lt rendszerekkel val\u00f3 integr\u00e1ci\u00f3t.<\/p>\n<h2>Kapcsol\u00f3d\u00f3 cikk<\/h2>\n<p><a href=\"https:\/\/www.qualitester.com\/hu\/best-shrinkage-films-tester-astm-d2732\/\" target=\"_blank\" rel=\"noopener\">ASTM D2732 Zsugorod\u00e1si f\u00f3li\u00e1k vizsg\u00e1lata<\/a><\/p>\n<p><a href=\"https:\/\/www.qualitester.com\/hu\/film-shrinkage-tester-for-plastic-packaging\/\" target=\"_blank\" rel=\"noopener\">Film zsugorod\u00e1si tesztel\u0151 m\u0171anyag csomagol\u00e1shoz<\/a><br \/>\n<a href=\"https:\/\/www.qualitester.com\/hu\/thermal-shrinkage-tester-for-plastic-film\/\" target=\"_blank\" rel=\"noopener\">Termikus zsugorod\u00e1si tesztel\u0151 m\u0171anyag filmhez<\/a><br \/>\n<a href=\"https:\/\/www.qualitester.com\/hu\/film-heat-shrink-tester-for-plastic-film\/\" target=\"_blank\" rel=\"noopener\">Film h\u0151zsugor\u00edt\u00f3 tesztel\u0151 m\u0171anyag filmhez<\/a><\/p>\n<h2>Hivatkoz\u00e1s<\/h2>\n<p><a href=\"https:\/\/www.astm.org\/d2732-14r20.html\" target=\"_blank\" rel=\"noopener nofollow\">ASTM D2732<\/a><\/p>","protected":false},"excerpt":{"rendered":"<p>A <strong>Filmmentes zsugorod\u00e1si tesztel\u0151<\/strong> egy fejlett m\u0171szer, amelyet a m\u0171anyag f\u00f3li\u00e1k h\u0151 hat\u00e1s\u00e1ra bek\u00f6vetkez\u0151 zsugorod\u00e1si tulajdons\u00e1gainak m\u00e9r\u00e9s\u00e9re terveztek. Ez a k\u00e9sz\u00fcl\u00e9k d\u00f6nt\u0151 szerepet j\u00e1tszik az anyagok min\u0151s\u00e9g\u00e9nek \u00e9s teljes\u00edtm\u00e9ny\u00e9nek biztos\u00edt\u00e1s\u00e1ban k\u00fcl\u00f6nb\u00f6z\u0151 ipar\u00e1gakban, t\u00f6bbek k\u00f6z\u00f6tt a csomagol\u00f3iparban, az \u00e9lelmiszeriparban, az orvostudom\u00e1nyban \u00e9s a gy\u00f3gyszeriparban. A f\u00f3li\u00e1k h\u0151re zsugorod\u00e1s\u00e1nak \u00e9rt\u00e9kel\u00e9s\u00e9vel a gy\u00e1rt\u00f3k optimaliz\u00e1lhatj\u00e1k term\u00e9keik tart\u00f3ss\u00e1g\u00e1t \u00e9s hat\u00e9konys\u00e1g\u00e1t, megfelelve mind az ipari szabv\u00e1nyoknak, mind a fogyaszt\u00f3i elv\u00e1r\u00e1soknak.<\/p>","protected":false},"featured_media":4264,"comment_status":"closed","ping_status":"closed","template":"","meta":{"site-sidebar-layout":"default","site-content-layout":"default","ast-global-header-display":"","ast-main-header-display":"","ast-hfb-above-header-display":"","ast-hfb-below-header-display":"","ast-hfb-mobile-header-display":"","site-post-title":"","ast-breadcrumbs-content":"","ast-featured-img":"","footer-sml-layout":"","theme-transparent-header-meta":"default","adv-header-id-meta":"","stick-header-meta":"","header-above-stick-meta":"","header-main-stick-meta":"","header-below-stick-meta":""},"product_cat":[1044,845,686,16,95],"product_tag":[60,61,117,62,63],"class_list":{"0":"post-1516","1":"product","2":"type-product","3":"status-publish","4":"has-post-thumbnail","6":"product_cat-astm-d2732","7":"product_cat-customization","8":"product_cat-shrink-tester","9":"product_cat-plastic-packaging-testers","10":"product_cat-products","11":"product_tag-astm-d2732","12":"product_tag-feel-shrink","13":"product_tag-film-free-shrink","14":"product_tag-shrink-force","15":"product_tag-shrink-rate","16":"desktop-align-left","17":"tablet-align-left","18":"mobile-align-left","20":"first","21":"instock","22":"featured","23":"downloadable","24":"shipping-taxable","25":"product-type-simple"},"_links":{"self":[{"href":"https:\/\/www.qualitester.com\/hu\/wp-json\/wp\/v2\/product\/1516","targetHints":{"allow":["GET"]}}],"collection":[{"href":"https:\/\/www.qualitester.com\/hu\/wp-json\/wp\/v2\/product"}],"about":[{"href":"https:\/\/www.qualitester.com\/hu\/wp-json\/wp\/v2\/types\/product"}],"replies":[{"embeddable":true,"href":"https:\/\/www.qualitester.com\/hu\/wp-json\/wp\/v2\/comments?post=1516"}],"version-history":[{"count":1,"href":"https:\/\/www.qualitester.com\/hu\/wp-json\/wp\/v2\/product\/1516\/revisions"}],"predecessor-version":[{"id":7943,"href":"https:\/\/www.qualitester.com\/hu\/wp-json\/wp\/v2\/product\/1516\/revisions\/7943"}],"wp:featuredmedia":[{"embeddable":true,"href":"https:\/\/www.qualitester.com\/hu\/wp-json\/wp\/v2\/media\/4264"}],"wp:attachment":[{"href":"https:\/\/www.qualitester.com\/hu\/wp-json\/wp\/v2\/media?parent=1516"}],"wp:term":[{"taxonomy":"product_cat","embeddable":true,"href":"https:\/\/www.qualitester.com\/hu\/wp-json\/wp\/v2\/product_cat?post=1516"},{"taxonomy":"product_tag","embeddable":true,"href":"https:\/\/www.qualitester.com\/hu\/wp-json\/wp\/v2\/product_tag?post=1516"}],"curies":[{"name":"wp","href":"https:\/\/api.w.org\/{rel}","templated":true}]}}