{"id":7608,"date":"2025-12-10T17:05:57","date_gmt":"2025-12-10T09:05:57","guid":{"rendered":"https:\/\/www.qualitester.com\/?page_id=7608"},"modified":"2025-12-11T10:06:03","modified_gmt":"2025-12-11T02:06:03","slug":"iso-1974","status":"publish","type":"page","link":"https:\/\/www.qualitester.com\/hu\/standards\/iso-1974\/","title":{"rendered":"ISO 1974"},"content":{"rendered":"<h1 style=\"text-align: center;\">ISO 1974 A pap\u00edr szak\u00edt\u00f3szil\u00e1rds\u00e1ga<br \/>\n<small>Elmendorf Tear m\u00f3dszer<\/small><\/h1>\n<article class=\"text-token-text-primary w-full focus:outline-none [--shadow-height:45px] has-data-writing-block:pointer-events-none has-data-writing-block:-mt-(--shadow-height) has-data-writing-block:pt-(--shadow-height) [&amp;:has([data-writing-block])&gt;*]:pointer-events-auto [content-visibility:auto] supports-[content-visibility:auto]:[contain-intrinsic-size:auto_100lvh] scroll-mt-[calc(var(--header-height)+min(200px,max(70px,20svh)))]\" dir=\"auto\" tabindex=\"-1\" data-turn-id=\"26ab3c2b-f32c-4c37-a0a5-4b33349f1a55\" data-testid=\"conversation-turn-2\" data-scroll-anchor=\"true\" data-turn=\"assistant\">\n<div class=\"text-base my-auto mx-auto pb-10 [--thread-content-margin:--spacing(4)] @w-sm\/main:[--thread-content-margin:--spacing(6)] @w-lg\/main:[--thread-content-margin:--spacing(16)] px-(--thread-content-margin)\">\n<div class=\"[--thread-content-max-width:40rem] @w-lg\/main:[--thread-content-max-width:48rem] mx-auto max-w-(--thread-content-max-width) flex-1 group\/turn-messages focus-visible:outline-hidden relative flex w-full min-w-0 flex-col agent-turn\" tabindex=\"-1\">\n<div class=\"flex max-w-full flex-col grow\">\n<div class=\"min-h-8 text-message relative flex w-full flex-col items-end gap-2 text-start break-words whitespace-normal [.text-message+&amp;]:mt-1\" dir=\"auto\" data-message-author-role=\"assistant\" data-message-id=\"6bad024f-2a22-41ca-944f-0435aa45780b\" data-message-model-slug=\"gpt-5-1\">\n<div class=\"flex w-full flex-col gap-1 empty:hidden first:pt-[1px]\">\n<div class=\"markdown prose dark:prose-invert w-full break-words light markdown-new-styling\">\n<p data-start=\"468\" data-end=\"1023\">Az ISO 1974 meghat\u00e1rozza a pap\u00edr szak\u00edt\u00f3szil\u00e1rds\u00e1g\u00e1nak nemzetk\u00f6zileg elismert m\u00e9r\u00e9si m\u00f3dszer\u00e9t az Elmendorf-ingarendszer seg\u00edts\u00e9g\u00e9vel. Ez a szabv\u00e1ny t\u00e1mogatja a k\u00f6vetkez\u0151k pontos \u00e9rt\u00e9kel\u00e9s\u00e9t <strong data-start=\"652\" data-end=\"675\">pap\u00edr szak\u00edt\u00f3szil\u00e1rds\u00e1g<\/strong>, lehet\u0151v\u00e9 t\u00e9ve a pap\u00edrgy\u00e1rt\u00f3k, feldolgoz\u00f3k \u00e9s min\u0151s\u00e9gellen\u0151rz\u0151 laborat\u00f3riumok sz\u00e1m\u00e1ra, hogy sz\u00e1mszer\u0171s\u00edts\u00e9k, hogyan viselkedik egy lap, amikor s\u00edkbeli szak\u00edt\u00f3er\u0151knek van kit\u00e9ve. Azokban az ipar\u00e1gakban, ahol a fut\u00e1s\u00e1ll\u00f3s\u00e1g, a tart\u00f3ss\u00e1g \u00e9s a feldolgoz\u00e1si stabilit\u00e1s sz\u00e1m\u00edt, az ISO 1974 vil\u00e1gos meg\u00e9rt\u00e9se biztos\u00edtja az alapot a k\u00f6vetkezetes anyagteljes\u00edtm\u00e9nyhez \u00e9s a folyamatoptimaliz\u00e1l\u00e1shoz.<\/p>\n<p data-start=\"1025\" data-end=\"1289\">Ezt a m\u00f3dszert sz\u00e9les k\u00f6rben alkalmazz\u00e1k a nyomdai pap\u00edrok, csomagol\u00f3anyagok, sz\u00f6vetek, speci\u00e1lis pap\u00edrok \u00e9s kis t\u00f6meg\u0171 kartonok eset\u00e9ben. K\u00f6zvetlen\u00fcl kapcsol\u00f3dik az olyan min\u0151s\u00e9gi mutat\u00f3khoz is, mint a szakad\u00e1si index, amely a szak\u00edt\u00f3er\u0151t \u00e9s a grammatikai t\u00f6meget kombin\u00e1lja a szil\u00e1rds\u00e1g hat\u00e9konys\u00e1g\u00e1nak kifejez\u00e9s\u00e9re.<\/p>\n<hr data-start=\"1291\" data-end=\"1294\" \/>\n<h2 data-start=\"1296\" data-end=\"1365\">A pap\u00edr szak\u00edt\u00f3szil\u00e1rds\u00e1ga \u00e9s annak jelent\u0151s\u00e9ge az ISO 1974 vizsg\u00e1lat\u00e1ban<\/h2>\n<p data-start=\"1367\" data-end=\"1756\">A <strong data-start=\"1371\" data-end=\"1402\">a pap\u00edr szak\u00edt\u00f3szil\u00e1rds\u00e1ga<\/strong> azt t\u00fckr\u00f6zi, hogy a lemez mennyire j\u00f3l ellen\u00e1ll az el\u0151re v\u00e1gott szakad\u00e1s terjed\u00e9s\u00e9nek. Kritikus mutat\u00f3 olyan alkalmaz\u00e1sokban, mint a csomagol\u00f3sorok teljes\u00edtm\u00e9nye, a zacsk\u00f3k \u00e9s bor\u00edt\u00e9kok tart\u00f3ss\u00e1ga, valamint a nyomdag\u00e9pek megb\u00edzhat\u00f3s\u00e1ga. Az ISO 1974 szabv\u00e1ny struktur\u00e1lt megk\u00f6zel\u00edt\u00e9st biztos\u00edt e tulajdons\u00e1g m\u00e9r\u00e9s\u00e9re oly m\u00f3don, hogy minim\u00e1lisra cs\u00f6kkentse a kezel\u0151i befoly\u00e1st \u00e9s biztos\u00edtsa a glob\u00e1lis \u00f6sszehasonl\u00edthat\u00f3s\u00e1got.<\/p>\n<p data-start=\"1758\" data-end=\"2073\">Az ISO 1974 el\u0151\u00edrja, hogy a vizsg\u00e1lathoz n\u00e9gy egym\u00e1sra helyezett lapot haszn\u00e1lnak, egy kezdeti r\u00e9ssel. Egy inga egy meghat\u00e1rozott t\u00e1vols\u00e1gon kereszt\u00fcl t\u00e9pi a lapokat, \u00e9s az inga \u00e1ltal elvesz\u00edtett energia szak\u00edt\u00f3er\u0151re v\u00e1ltozik. Az elv\u00e9gzett munka \u00e9s az anyag ellen\u00e1ll\u00e1sa k\u00f6z\u00f6tti k\u00f6zvetlen kapcsolat teszi a m\u00f3dszert megb\u00edzhat\u00f3v\u00e1 a k\u00fcl\u00f6nb\u00f6z\u0151 pap\u00edrt\u00edpusok eset\u00e9ben.<\/p>\n<hr data-start=\"2075\" data-end=\"2078\" \/>\n<h2 data-start=\"2080\" data-end=\"2138\">Az Elmendorf Tear Test alapelvei \u00e9s m\u00e9r\u00e9si megk\u00f6zel\u00edt\u00e9se<\/h2>\n<p data-start=\"2140\" data-end=\"2296\">A <strong data-start=\"2144\" data-end=\"2167\">Elmendorf k\u00f6nnyez\u00e9si teszt<\/strong> az ISO 1974 magja. M\u00f3dszertana a k\u00f6vetkezetes mechanikai hat\u00e1s \u00e9s az energiavesztes\u00e9g pontos sz\u00e1mszer\u0171s\u00edt\u00e9se k\u00f6r\u00fcl forog.<\/p>\n<p data-start=\"2298\" data-end=\"2831\">A legfontosabb l\u00e9p\u00e9sek a k\u00f6vetkez\u0151k:<\/p>\n<ol>\n<li data-start=\"2298\" data-end=\"2831\">T\u00edz pr\u00f3badarab el\u0151k\u00e9sz\u00edt\u00e9se kondicion\u00e1lt mint\u00e1kb\u00f3l<\/li>\n<li data-start=\"2298\" data-end=\"2831\">A megfelel\u0151 ingatartom\u00e1ny kiv\u00e1laszt\u00e1sa \u00fagy, hogy a v\u00e1rhat\u00f3 k\u00f6z\u00e9p\u00e9rt\u00e9k a teljes sk\u00e1la 20% \u00e9s 80% k\u00f6z\u00e9 essen.<\/li>\n<li data-start=\"2298\" data-end=\"2831\">N\u00e9gy lap elhelyez\u00e9se a szor\u00edt\u00f3kban, biztos\u00edtva, hogy a has\u00edt\u00e9k k\u00f6z\u00e9pre igazodjon.<\/li>\n<li data-start=\"2298\" data-end=\"2831\">Az inga elenged\u00e9se, hogy a szakad\u00e1s ellen\u0151rz\u00f6tt t\u00e1vols\u00e1gon kereszt\u00fcl haladjon.<\/li>\n<li data-start=\"2298\" data-end=\"2831\">A szakad\u00e1si ellen\u00e1ll\u00e1s vagy a sk\u00e1la m\u00e9r\u00e9si \u00e9rt\u00e9keinek r\u00f6gz\u00edt\u00e9se<\/li>\n<li data-start=\"2298\" data-end=\"2831\">Annak meger\u0151s\u00edt\u00e9se, hogy a szakad\u00e1si elt\u00e9r\u00e9s a megengedett hat\u00e1r\u00e9rt\u00e9keken bel\u00fcl marad-e<\/li>\n<li data-start=\"2298\" data-end=\"2831\">A szakad\u00e1si ellen\u00e1ll\u00e1s kisz\u00e1m\u00edt\u00e1sa laponk\u00e9nt \u00e9s sz\u00fcks\u00e9g eset\u00e9n a szakad\u00e1si index kisz\u00e1m\u00edt\u00e1sa<\/li>\n<\/ol>\n<p data-start=\"2833\" data-end=\"3139\">A szabv\u00e1ny egyenleteket ad a k\u00f6zvetlen szak\u00edt\u00f3ellen\u00e1ll\u00e1s-m\u00e9r\u00e9sekhez, valamint az inga-t\u00e9nyez\u0151vel ell\u00e1tott sk\u00e1la-alap\u00fa m\u00e9r\u00e9sekhez is. Ezek a sz\u00e1m\u00edt\u00e1sok lehet\u0151v\u00e9 teszik a g\u00e9pi ir\u00e1ny\u00fa \u00e9s keresztir\u00e1ny\u00fa szil\u00e1rds\u00e1g\u00e9rt\u00e9kel\u00e9seket, amelyek alapvet\u0151 fontoss\u00e1g\u00faak a sz\u00e1lorient\u00e1ci\u00f3 \u00e9s a finom\u00edt\u00e1si folyamat felt\u00e9teleinek diagnosztiz\u00e1l\u00e1s\u00e1hoz.<\/p>\n<hr data-start=\"3141\" data-end=\"3144\" \/>\n<h2 data-start=\"3146\" data-end=\"3204\">Pap\u00edr szak\u00edt\u00f3szil\u00e1rds\u00e1gi teszt alkalmaz\u00e1sok az ipar\u00e1gakban<\/h2>\n<p data-start=\"3206\" data-end=\"3592\">A <strong data-start=\"3210\" data-end=\"3238\">pap\u00edr szak\u00edt\u00f3szil\u00e1rds\u00e1gi teszt<\/strong> olyan betekint\u00e9st ny\u00fajt, amely befoly\u00e1solja:<\/p>\n<ul>\n<li data-start=\"3206\" data-end=\"3592\">Pap\u00edrgy\u00e1rt\u00e1si folyamat optimaliz\u00e1l\u00e1sa (ver\u00e9si fok, rostkever\u00e9k, t\u00f6lt\u0151anyagok)<\/li>\n<li data-start=\"3206\" data-end=\"3592\">Csomagol\u00e1si tervez\u00e9si d\u00f6nt\u00e9sek zs\u00e1kok, kartondobozok \u00e9s rugalmas lamin\u00e1lt anyagok eset\u00e9ben<\/li>\n<li data-start=\"3206\" data-end=\"3592\">Nyomtathat\u00f3s\u00e1gi \u00e9rt\u00e9kel\u00e9sek \u00e9s a berendez\u00e9sek kompatibilit\u00e1sa<\/li>\n<li data-start=\"3206\" data-end=\"3592\">Sz\u00f6vet \u00e9s speci\u00e1lis pap\u00edrok teljes\u00edtm\u00e9ny\u00e9nek \u00e9rt\u00e9kel\u00e9se<\/li>\n<li data-start=\"3206\" data-end=\"3592\">Min\u0151s\u00e9gbiztos\u00edt\u00e1s a beszerz\u00e9shez \u00e9s a besz\u00e1ll\u00edt\u00f3k valid\u00e1l\u00e1s\u00e1hoz<\/li>\n<\/ul>\n<p data-start=\"3594\" data-end=\"3768\">Mivel a szakad\u00e1si viselked\u00e9s gyakran korrel\u00e1l a sz\u00e1lhosszal \u00e9s a k\u00f6t\u00e9ssel, az ISO 1974 eredm\u00e9nyei seg\u00edtenek a gy\u00e1rt\u00f3csapatoknak megtal\u00e1lni a megfelel\u0151 egyens\u00falyt a futhat\u00f3s\u00e1g, a szil\u00e1rds\u00e1g \u00e9s a k\u00f6lts\u00e9gek k\u00f6z\u00f6tt.<\/p>\n<hr data-start=\"3770\" data-end=\"3773\" \/>\n<h2 data-start=\"3775\" data-end=\"3840\">Elmendorf Tear Strength berendez\u00e9sek \u00e9s kiv\u00e1laszt\u00e1si megfontol\u00e1sok<\/h2>\n<p data-start=\"3842\" data-end=\"4063\"><a href=\"https:\/\/www.qualitester.com\/hu\/termek\/sld-01-elimendorf-tear-resistance-testing-machine\/\"><img fetchpriority=\"high\" decoding=\"async\" class=\"alignleft wp-image-7610 size-medium\" src=\"https:\/\/www.qualitester.com\/wp-content\/uploads\/2025\/12\/ISO-1974-Tearing-Resistance-of-Paper-Elmendorf-Tear-Method-300x300.webp\" alt=\"ISO 1974 A pap\u00edr szak\u00edt\u00f3szil\u00e1rds\u00e1ga - Elmendorf szak\u00edt\u00e1si m\u00f3dszer\" width=\"300\" height=\"300\" srcset=\"https:\/\/www.qualitester.com\/wp-content\/uploads\/2025\/12\/ISO-1974-Tearing-Resistance-of-Paper-Elmendorf-Tear-Method-300x300.webp 300w, https:\/\/www.qualitester.com\/wp-content\/uploads\/2025\/12\/ISO-1974-Tearing-Resistance-of-Paper-Elmendorf-Tear-Method-150x150.webp 150w, https:\/\/www.qualitester.com\/wp-content\/uploads\/2025\/12\/ISO-1974-Tearing-Resistance-of-Paper-Elmendorf-Tear-Method-12x12.webp 12w, https:\/\/www.qualitester.com\/wp-content\/uploads\/2025\/12\/ISO-1974-Tearing-Resistance-of-Paper-Elmendorf-Tear-Method-100x100.webp 100w, https:\/\/www.qualitester.com\/wp-content\/uploads\/2025\/12\/ISO-1974-Tearing-Resistance-of-Paper-Elmendorf-Tear-Method.webp 600w\" sizes=\"(max-width: 300px) 100vw, 300px\" \/><\/a><\/p>\n<p data-start=\"3842\" data-end=\"4063\">Pontos <strong data-start=\"3851\" data-end=\"3878\">elmendorf szak\u00edt\u00f3szil\u00e1rds\u00e1g<\/strong> az eredm\u00e9nyek a j\u00f3l megtervezett vizsg\u00e1l\u00f3berendez\u00e9sekt\u0151l f\u00fcggnek. A laborat\u00f3riumok egyre ink\u00e1bb olyan automatiz\u00e1lt rendszereket keresnek, amelyek jav\u00edtj\u00e1k a megism\u00e9telhet\u0151s\u00e9get, cs\u00f6kkentik az emberi hib\u00e1kat \u00e9s nyomon k\u00f6vethet\u0151 adatkimeneteket biztos\u00edtanak.<\/p>\n<ul>\n<li data-start=\"4065\" data-end=\"4364\">Egy modern digit\u00e1lis inga tesztel\u0151 jav\u00edtja:<\/li>\n<li data-start=\"4065\" data-end=\"4364\">K\u00f6vetkezetess\u00e9g az ellen\u0151rz\u00f6tt szor\u00edt\u00f3er\u0151k r\u00e9v\u00e9n<\/li>\n<li data-start=\"4065\" data-end=\"4364\">Pontoss\u00e1g az automatikus inga kiold\u00e1s r\u00e9v\u00e9n<\/li>\n<li data-start=\"4065\" data-end=\"4364\">Rugalmass\u00e1g t\u00f6bbf\u00e9le inga kapacit\u00e1ssal<\/li>\n<li data-start=\"4065\" data-end=\"4364\">Hat\u00e9konys\u00e1g a fed\u00e9lzeti sz\u00e1m\u00edt\u00e1sokkal \u00e9s statisztik\u00e1kkal<\/li>\n<li data-start=\"4065\" data-end=\"4364\">Nyomonk\u00f6vethet\u0151s\u00e9g mikronyomtat\u00e1ssal vagy adatexporttal<\/li>\n<\/ul>\n<p data-start=\"4366\" data-end=\"4935\">Olyan szervezetek sz\u00e1m\u00e1ra, amelyek a k\u00f6vetkez\u0151kkel \u00f6sszehangolt, megb\u00edzhat\u00f3 megold\u00e1st keresnek <a href=\"https:\/\/www.iso.org\/standard\/52430.html\" target=\"_blank\" rel=\"noopener nofollow\">ISO 1974<\/a>, a <strong data-start=\"4437\" data-end=\"4479\">Cell Instruments <a href=\"https:\/\/www.qualitester.com\/hu\/termek\/sld-01-elimendorf-tear-resistance-testing-machine\/\">SLD-01 szak\u00edt\u00f3 tesztel\u0151<\/a><\/strong> megfelel az \u00fczemeltet\u00e9si \u00e9s m\u0171szaki k\u00f6vetelm\u00e9nyeknek. A pneumatikus r\u00f6gz\u00edt\u00e9s, a PLC-alap\u00fa vez\u00e9rl\u00e9s, az automatikus inga kiold\u00e1s \u00e9s az opcion\u00e1lis szoftveres analitika alkalmass\u00e1 teszi a k\u00e9sz\u00fcl\u00e9ket pap\u00edrgy\u00e1rak, csomagol\u00f3anyag-feldolgoz\u00f3k, kutat\u00f3int\u00e9zetek \u00e9s harmadik f\u00e9lt\u0151l sz\u00e1rmaz\u00f3 tesztlaborat\u00f3riumok sz\u00e1m\u00e1ra. A t\u00f6bbf\u00e9le ingakapacit\u00e1s el\u00e9rhet\u0151s\u00e9ge biztos\u00edtja a szak\u00edt\u00f3szil\u00e1rds\u00e1gi szintek sz\u00e9les sk\u00e1l\u00e1j\u00e1val val\u00f3 kompatibilit\u00e1st, bele\u00e9rtve a nagy szil\u00e1rds\u00e1g\u00fa csomagol\u00f3anyagokat \u00e9s a k\u00f6nnyebb speci\u00e1lis pap\u00edrokat is.<\/p>\n<\/div>\n<\/div>\n<\/div>\n<\/div>\n<div class=\"z-0 flex min-h-[46px] justify-start\">\n<h2 data-start=\"148\" data-end=\"170\">GYIK az ISO 1974-r\u0151l<\/h2>\n<p data-start=\"172\" data-end=\"566\"><strong data-start=\"172\" data-end=\"220\">1. Mi az ISO 1974 \u00e9s mi\u00e9rt fontos?<\/strong><br data-start=\"220\" data-end=\"223\" \/>Az ISO 1974 az a nemzetk\u00f6zi szabv\u00e1ny, amely meghat\u00e1rozza az Elmendorf-m\u00f3dszert a pap\u00edr \u00e9s a kis t\u00f6meg\u0171 karton szak\u00edt\u00f3szil\u00e1rds\u00e1g\u00e1nak m\u00e9r\u00e9s\u00e9re. Az\u00e9rt fontos, mert olyan, vil\u00e1gszerte egys\u00e9ges elj\u00e1r\u00e1st biztos\u00edt, amely biztos\u00edtja a pap\u00edr szak\u00edt\u00f3szil\u00e1rds\u00e1g\u00e1nak megb\u00edzhat\u00f3 \u00e9rt\u00e9kel\u00e9s\u00e9t, \u00e9s t\u00e1mogatja a min\u0151s\u00e9gellen\u0151rz\u00e9st, a term\u00e9kfejleszt\u00e9st \u00e9s a besz\u00e1ll\u00edt\u00f3k teljes\u00edtm\u00e9ny\u00e9rt\u00e9kel\u00e9s\u00e9t.<\/p>\n<p data-start=\"568\" data-end=\"899\"><strong data-start=\"568\" data-end=\"611\">2. Mit m\u00e9r az ISO 1974-es teszt?<\/strong><br data-start=\"611\" data-end=\"614\" \/>Az ISO 1974-es teszt a pap\u00edr s\u00edkbeli szakad\u00e1si ellen\u00e1ll\u00e1s\u00e1t m\u00e9ri. A vizsg\u00e1lat egy inga mechanizmussal sz\u00e1mszer\u0171s\u00edti a megindult szakad\u00e1s terjed\u00e9s\u00e9hez sz\u00fcks\u00e9ges er\u0151t. Az \u00edgy kapott \u00e9rt\u00e9kek seg\u00edtenek \u00e9rt\u00e9kelni a sz\u00e1lak k\u00f6t\u00e9s\u00e9t, az anyag tart\u00f3ss\u00e1g\u00e1t, a feldolgoz\u00e1si teljes\u00edtm\u00e9nyt \u00e9s a lap \u00e1ltal\u00e1nos szil\u00e1rds\u00e1g\u00e1t.<\/p>\n<p data-start=\"901\" data-end=\"1251\"><strong data-start=\"901\" data-end=\"962\">3. Milyen t\u00edpus\u00fa anyagok vizsg\u00e1lhat\u00f3k az ISO 1974 szabv\u00e1ny szerint?<\/strong><br data-start=\"962\" data-end=\"965\" \/>Az ISO 1974 a pap\u00edrt\u00edpusok sz\u00e9les sk\u00e1l\u00e1j\u00e1ra vonatkozik, bele\u00e9rtve a nyomdai pap\u00edrokat, csomagol\u00f3pap\u00edrokat, sz\u00f6vetpap\u00edrokat, speci\u00e1lis min\u0151s\u00e9g\u0171 pap\u00edrokat \u00e9s kis t\u00f6meg\u0171 kartonokat. Ha a szak\u00edt\u00f3szil\u00e1rds\u00e1g a m\u0171szer kapacit\u00e1s\u00e1n bel\u00fcl van, a m\u00f3dszer b\u00e1tran haszn\u00e1lhat\u00f3 rutinszer\u0171 min\u0151s\u00e9gellen\u0151rz\u00e9sre \u00e9s kutat\u00e1si alkalmaz\u00e1sokhoz.<\/p>\n<p data-start=\"1253\" data-end=\"1638\"><strong data-start=\"1253\" data-end=\"1307\">4. Milyen felszerel\u00e9sre van sz\u00fcks\u00e9g az ISO 1974 elv\u00e9gz\u00e9s\u00e9hez?<\/strong><br data-start=\"1307\" data-end=\"1310\" \/>A szabv\u00e1ny Elmendorf-t\u00edpus\u00fa szak\u00edt\u00f3pr\u00f3b\u00e1t \u00edr el\u0151 megfelel\u0151 ingakapacit\u00e1ssal. A modern digit\u00e1lis m\u0171szerek, mint p\u00e9ld\u00e1ul a Cell Instruments SLD-01 szakad\u00e1svizsg\u00e1l\u00f3ja, automatikus inga kiold\u00e1st, pneumatikus r\u00f6gz\u00edt\u00e9st, t\u00f6bbf\u00e9le er\u0151tartom\u00e1nyt \u00e9s be\u00e9p\u00edtett statisztik\u00e1t k\u00edn\u00e1lnak a vizsg\u00e1lat megism\u00e9telhet\u0151s\u00e9g\u00e9nek \u00e9s m\u0171k\u00f6d\u00e9si hat\u00e9konys\u00e1g\u00e1nak jav\u00edt\u00e1sa \u00e9rdek\u00e9ben.<\/p>\n<p data-start=\"1640\" data-end=\"2035\"><strong data-start=\"1640\" data-end=\"1681\">5. Hogyan jelentik az ISO 1974 eredm\u00e9nyeit?<\/strong><br data-start=\"1681\" data-end=\"1684\" \/>Az eredm\u00e9nyeket jellemz\u0151en laponk\u00e9nti szak\u00edt\u00f3szil\u00e1rds\u00e1gban, millinewtonban adj\u00e1k meg, k\u00fcl\u00f6n \u00e9rt\u00e9kekkel a g\u00e9pi ir\u00e1nyra \u00e9s a keresztir\u00e1nyra vonatkoz\u00f3an. Sz\u00fcks\u00e9g eset\u00e9n a szakad\u00e1si indexet \u00fagy is ki lehet sz\u00e1m\u00edtani, hogy a szakad\u00e1si ellen\u00e1ll\u00e1st elosztjuk a grammalit\u00e1ssal. A szabv\u00e1ny javasolja, hogy h\u00e1rom jelent\u0151s sz\u00e1mjegy pontoss\u00e1ggal adj\u00e1k meg a m\u00e9r\u00e9si eredm\u00e9nyeket, \u00e9s dokument\u00e1lj\u00e1k a vizsg\u00e1lati elj\u00e1r\u00e1s esetleges elt\u00e9r\u00e9seit.<\/p>\n<\/div>\n<\/div>\n<\/div>\n<\/article>","protected":false},"excerpt":{"rendered":"<p>ISO 1974 A pap\u00edr szak\u00edt\u00f3szil\u00e1rds\u00e1ga Elmendorf-szakad\u00e1si m\u00f3dszer Az ISO 1974 meghat\u00e1rozza a pap\u00edr szak\u00edt\u00f3szil\u00e1rds\u00e1g\u00e1nak nemzetk\u00f6zileg elismert m\u00e9r\u00e9si m\u00f3dszer\u00e9t az Elmendorf-inga rendszer seg\u00edts\u00e9g\u00e9vel. Ez a szabv\u00e1ny t\u00e1mogatja a pap\u00edr szak\u00edt\u00f3szil\u00e1rds\u00e1g\u00e1nak pontos \u00e9rt\u00e9kel\u00e9s\u00e9t, lehet\u0151v\u00e9 t\u00e9ve a pap\u00edrgy\u00e1rt\u00f3k, feldolgoz\u00f3k \u00e9s min\u0151s\u00e9gellen\u0151rz\u0151 laborat\u00f3riumok sz\u00e1m\u00e1ra, hogy sz\u00e1mszer\u0171s\u00edts\u00e9k, hogyan viselkedik egy lap, amikor s\u00edkb\u00f3l ki\u00e1ll\u00f3 ...<\/p>\n<p class=\"read-more\"> <a class=\"\" href=\"https:\/\/www.qualitester.com\/hu\/standards\/iso-1974\/\"> <span class=\"screen-reader-text\">ISO 1974<\/span> Olvass tov\u00e1bb \"<\/a><\/p>","protected":false},"author":4,"featured_media":7610,"parent":4948,"menu_order":0,"comment_status":"closed","ping_status":"closed","template":"","meta":{"site-sidebar-layout":"default","site-content-layout":"default","ast-global-header-display":"","ast-main-header-display":"","ast-hfb-above-header-display":"","ast-hfb-below-header-display":"","ast-hfb-mobile-header-display":"","site-post-title":"disabled","ast-breadcrumbs-content":"","ast-featured-img":"disabled","footer-sml-layout":"","theme-transparent-header-meta":"default","adv-header-id-meta":"","stick-header-meta":"","header-above-stick-meta":"","header-main-stick-meta":"","header-below-stick-meta":"","footnotes":""},"class_list":["post-7608","page","type-page","status-publish","has-post-thumbnail","hentry"],"_links":{"self":[{"href":"https:\/\/www.qualitester.com\/hu\/wp-json\/wp\/v2\/pages\/7608","targetHints":{"allow":["GET"]}}],"collection":[{"href":"https:\/\/www.qualitester.com\/hu\/wp-json\/wp\/v2\/pages"}],"about":[{"href":"https:\/\/www.qualitester.com\/hu\/wp-json\/wp\/v2\/types\/page"}],"author":[{"embeddable":true,"href":"https:\/\/www.qualitester.com\/hu\/wp-json\/wp\/v2\/users\/4"}],"replies":[{"embeddable":true,"href":"https:\/\/www.qualitester.com\/hu\/wp-json\/wp\/v2\/comments?post=7608"}],"version-history":[{"count":0,"href":"https:\/\/www.qualitester.com\/hu\/wp-json\/wp\/v2\/pages\/7608\/revisions"}],"up":[{"embeddable":true,"href":"https:\/\/www.qualitester.com\/hu\/wp-json\/wp\/v2\/pages\/4948"}],"wp:featuredmedia":[{"embeddable":true,"href":"https:\/\/www.qualitester.com\/hu\/wp-json\/wp\/v2\/media\/7610"}],"wp:attachment":[{"href":"https:\/\/www.qualitester.com\/hu\/wp-json\/wp\/v2\/media?parent=7608"}],"curies":[{"name":"wp","href":"https:\/\/api.w.org\/{rel}","templated":true}]}}