{"id":7487,"date":"2025-09-19T16:03:19","date_gmt":"2025-09-19T08:03:19","guid":{"rendered":"https:\/\/www.qualitester.com\/?page_id=7487"},"modified":"2025-09-19T16:03:19","modified_gmt":"2025-09-19T08:03:19","slug":"cobb-tester-for-paper","status":"publish","type":"page","link":"https:\/\/www.qualitester.com\/hu\/cobb-tester-for-paper\/","title":{"rendered":"Cobb tesztel\u0151 pap\u00edrhoz: Pontos v\u00edzfelvev\u0151 k\u00e9pess\u00e9g vizsg\u00e1lat\u00e1nak biztos\u00edt\u00e1sa"},"content":{"rendered":"<p><a href=\"https:\/\/www.qualitester.com\/hu\/?s=COBB\"><img fetchpriority=\"high\" decoding=\"async\" class=\"size-medium wp-image-7490 alignleft\" src=\"https:\/\/www.qualitester.com\/wp-content\/uploads\/2025\/09\/COBB--300x300.webp\" alt=\"cobb tesztel\u0151 pap\u00edrhoz\" width=\"300\" height=\"300\" srcset=\"https:\/\/www.qualitester.com\/wp-content\/uploads\/2025\/09\/COBB--300x300.webp 300w, https:\/\/www.qualitester.com\/wp-content\/uploads\/2025\/09\/COBB--150x150.webp 150w, https:\/\/www.qualitester.com\/wp-content\/uploads\/2025\/09\/COBB--12x12.webp 12w, https:\/\/www.qualitester.com\/wp-content\/uploads\/2025\/09\/COBB--600x600.webp 600w, https:\/\/www.qualitester.com\/wp-content\/uploads\/2025\/09\/COBB--100x100.webp 100w, https:\/\/www.qualitester.com\/wp-content\/uploads\/2025\/09\/COBB-.webp 756w\" sizes=\"(max-width: 300px) 100vw, 300px\" \/><\/a>A pap\u00edr \u00e9s a karton v\u00edzfelvev\u0151 k\u00e9pess\u00e9g\u00e9nek meg\u00e9rt\u00e9se elengedhetetlen a nyomdai, csomagol\u00e1si \u00e9s pap\u00edrgy\u00e1rt\u00e1si min\u0151s\u00e9gellen\u0151rz\u00e9shez. A <strong data-start=\"436\" data-end=\"461\">Cobb tesztel\u0151 pap\u00edrhoz<\/strong> egy speci\u00e1lis m\u0171szer, amelyet arra terveztek, hogy szabv\u00e1nyos\u00edtott k\u00f6r\u00fclm\u00e9nyek k\u00f6z\u00f6tt m\u00e9rje a minta \u00e1ltal felsz\u00edvott v\u00edz mennyis\u00e9g\u00e9t. Az ISO 535 szabv\u00e1nyoknak megfelel\u0151en ez a vizsg\u00e1lati m\u00f3dszer megb\u00edzhat\u00f3 adatokat szolg\u00e1ltat az anyagv\u00e1laszt\u00e1s, a gy\u00e1rt\u00e1si folyamatok \u00e9s a term\u00e9kteljes\u00edtm\u00e9ny \u00e9rt\u00e9kel\u00e9s\u00e9hez.<\/p>\n<hr \/>\n<h2>Cobb abszorpci\u00f3s ellen\u00e1ll\u00e1sm\u00e9r\u0151: Cobb Cobb Cobb Cobb: F\u0151bb jellemz\u0151k \u00e9s alkalmaz\u00e1sok<\/h2>\n<p data-start=\"817\" data-end=\"1165\">A <strong data-start=\"821\" data-end=\"858\">Cobb abszorpci\u00f3s ellen\u00e1ll\u00e1s teszter<\/strong> \u00fagy m\u0171k\u00f6dik, hogy egy meghat\u00e1rozott mennyis\u00e9g\u0171 vizet helyez\u00fcnk a pap\u00edr vagy karton egy meghat\u00e1rozott ter\u00fclet\u00e9re, \u00e9s m\u00e9rj\u00fck az abszorpci\u00f3t. Egy meghat\u00e1rozott id\u0151 eltelt\u00e9vel a felesleges vizet elt\u00e1vol\u00edtj\u00e1k, \u00e9s kisz\u00e1m\u00edtj\u00e1k az elnyelt mennyis\u00e9get. Ez a m\u00f3dszer biztos\u00edtja, hogy az eredm\u00e9nyek k\u00f6vetkezetesek, pontosak \u00e9s \u00f6sszehasonl\u00edthat\u00f3ak legyenek a k\u00fcl\u00f6nb\u00f6z\u0151 laborat\u00f3riumokban.<\/p>\n<p data-start=\"1167\" data-end=\"1223\">A Cobb-pap\u00edr tesztel\u0151 legfontosabb alkalmaz\u00e1sai a k\u00f6vetkez\u0151k:<\/p>\n<ul data-start=\"1225\" data-end=\"1686\">\n<li data-start=\"1225\" data-end=\"1353\">\n<p data-start=\"1227\" data-end=\"1353\"><strong data-start=\"1227\" data-end=\"1256\">Pap\u00edrmin\u0151s\u00e9g-\u00e9rt\u00e9kel\u00e9s:<\/strong> A nyomdaipari pap\u00edr, a csomagol\u00f3pap\u00edr \u00e9s a hull\u00e1mpap\u00edr v\u00edz\u00e1ll\u00f3s\u00e1g\u00e1nak \u00e9rt\u00e9kel\u00e9se.<\/p>\n<\/li>\n<li data-start=\"1354\" data-end=\"1450\">\n<p data-start=\"1356\" data-end=\"1450\"><strong data-start=\"1356\" data-end=\"1376\">Folyamatszab\u00e1lyoz\u00e1s:<\/strong> A bevonat egyenletess\u00e9g\u00e9nek \u00e9s a fel\u00fcletkezel\u00e9snek a gy\u00e1rt\u00e1s sor\u00e1n t\u00f6rt\u00e9n\u0151 ellen\u0151rz\u00e9se.<\/p>\n<\/li>\n<li data-start=\"1451\" data-end=\"1563\">\n<p data-start=\"1453\" data-end=\"1563\"><strong data-start=\"1453\" data-end=\"1469\">K+F tesztel\u00e9s:<\/strong> A k\u00edv\u00e1nt abszorpci\u00f3s tulajdons\u00e1gokkal rendelkez\u0151 \u00faj pap\u00edrfajt\u00e1k \u00e9s bevonatok fejleszt\u00e9s\u00e9nek t\u00e1mogat\u00e1sa.<\/p>\n<\/li>\n<li data-start=\"1564\" data-end=\"1686\">\n<p data-start=\"1566\" data-end=\"1686\"><strong data-start=\"1566\" data-end=\"1591\">\u00d6sszehasonl\u00edt\u00f3 elemz\u00e9s:<\/strong> K\u00fcl\u00f6nb\u00f6z\u0151 sz\u00e1ll\u00edt\u00f3k vagy t\u00e9telek \u00f6sszehasonl\u00edt\u00e1sa a term\u00e9kalkalmaz\u00e1sok k\u00f6vetkezetes teljes\u00edtm\u00e9nye \u00e9rdek\u00e9ben.<\/p>\n<hr \/>\n<h2 data-start=\"1566\" data-end=\"1686\">Mi\u00e9rt fontos a v\u00edzfelsz\u00edv\u00f3k\u00e9pess\u00e9g vizsg\u00e1lata<\/h2>\n<\/li>\n<\/ul>\n<p data-start=\"1736\" data-end=\"2010\">A v\u00edzfelv\u00e9tel a pap\u00edr fizikai \u00e9s funkcion\u00e1lis tulajdons\u00e1gait egyar\u00e1nt befoly\u00e1solja. A magas abszorpci\u00f3 a tinta sz\u00e9tterjed\u00e9s\u00e9hez vagy gyenge barrier teljes\u00edtm\u00e9nyhez vezethet, m\u00edg az alacsony abszorpci\u00f3 a fel\u00fclet el\u00e9gtelen kezel\u00e9s\u00e9t jelezheti. Az\u00e1ltal, hogy egy <strong data-start=\"1963\" data-end=\"1988\">Cobb tesztel\u0151 pap\u00edrhoz<\/strong>, a gy\u00e1rt\u00f3k is:<\/p>\n<ol data-start=\"2012\" data-end=\"2418\">\n<li data-start=\"2012\" data-end=\"2100\">\n<p data-start=\"2015\" data-end=\"2100\"><strong data-start=\"2015\" data-end=\"2046\">A term\u00e9k konzisztenci\u00e1j\u00e1nak biztos\u00edt\u00e1sa:<\/strong> Egys\u00e9ges min\u0151s\u00e9g fenntart\u00e1sa a gy\u00e1rt\u00e1si t\u00e9telek k\u00f6z\u00f6tt.<\/p>\n<\/li>\n<li data-start=\"2101\" data-end=\"2204\">\n<p data-start=\"2104\" data-end=\"2204\"><strong data-start=\"2104\" data-end=\"2148\">Optimaliz\u00e1lja a bevonat- \u00e9s fel\u00fcletkezel\u00e9st:<\/strong> \u00c1ll\u00edtsa be a folyamatokat a k\u00edv\u00e1nt felsz\u00edv\u00f3d\u00e1si ar\u00e1nyok el\u00e9r\u00e9s\u00e9hez.<\/p>\n<\/li>\n<li data-start=\"2205\" data-end=\"2336\">\n<p data-start=\"2208\" data-end=\"2336\"><strong data-start=\"2208\" data-end=\"2249\">Megfelel\u0151s\u00e9g \u00e9s tan\u00fas\u00edt\u00e1s t\u00e1mogat\u00e1sa:<\/strong> A tesztel\u00e9s \u00f6sszehangol\u00e1sa az ISO 535 szabv\u00e1nyokkal, biztos\u00edtva az eredm\u00e9nyek nemzetk\u00f6zi elismer\u00e9s\u00e9t.<\/p>\n<\/li>\n<li data-start=\"2337\" data-end=\"2418\">\n<p data-start=\"2340\" data-end=\"2418\"><strong data-start=\"2340\" data-end=\"2366\">Cs\u00f6kkentse az anyaghullad\u00e9kot:<\/strong> A hib\u00e1k korai felismer\u00e9se \u00e9s a selejtes \u00e1ruk\u00e9szlet minimaliz\u00e1l\u00e1sa.<\/p>\n<hr \/>\n<h2 data-start=\"2340\" data-end=\"2418\">Vizsg\u00e1lati elj\u00e1r\u00e1s az al\u00e1bbiak szerint <a href=\"https:\/\/www.iso.org\/standard\/61486.html\" target=\"_blank\" rel=\"noopener nofollow\">ISO 535<\/a><\/h2>\n<\/li>\n<\/ol>\n<p data-start=\"2466\" data-end=\"2501\">A pontos Cobb-teszt elv\u00e9gz\u00e9se:<\/p>\n<ol data-start=\"2503\" data-end=\"3012\">\n<li data-start=\"2503\" data-end=\"2644\">\n<p data-start=\"2506\" data-end=\"2644\"><strong data-start=\"2506\" data-end=\"2529\">Minta el\u0151k\u00e9sz\u00edt\u00e9se:<\/strong> V\u00e1gja a pap\u00edrt vagy kartont a k\u00edv\u00e1nt m\u00e9retre (\u00e1ltal\u00e1ban \u226550 g\/m\u00b2), \u00e9s kondicion\u00e1lja a szok\u00e1sos laborat\u00f3riumi k\u00f6r\u00fclm\u00e9nyek k\u00f6z\u00f6tt.<\/p>\n<\/li>\n<li data-start=\"2645\" data-end=\"2724\">\n<p data-start=\"2648\" data-end=\"2724\"><strong data-start=\"2648\" data-end=\"2664\">Pozicion\u00e1l\u00e1s:<\/strong> Helyezze a mint\u00e1t a Cobb-tesztel\u0151 v\u00edztart\u00e1lya al\u00e1.<\/p>\n<\/li>\n<li data-start=\"2725\" data-end=\"2803\">\n<p data-start=\"2728\" data-end=\"2803\"><strong data-start=\"2728\" data-end=\"2747\">V\u00edzzel val\u00f3 \u00e9rintkez\u00e9s:<\/strong> Vigyen fel egy kim\u00e9rt mennyis\u00e9g\u0171 vizet, \u00e9s ind\u00edtsa el az id\u0151z\u00edt\u0151t.<\/p>\n<\/li>\n<li data-start=\"2804\" data-end=\"2902\">\n<p data-start=\"2807\" data-end=\"2902\"><strong data-start=\"2807\" data-end=\"2830\">A felesleges v\u00edz elvezet\u00e9se:<\/strong> A megadott id\u0151 (\u00e1ltal\u00e1ban 60 m\u00e1sodperc) ut\u00e1n t\u00e1vol\u00edtsa el a felesleges vizet.<\/p>\n<\/li>\n<li data-start=\"2903\" data-end=\"3012\">\n<p data-start=\"2906\" data-end=\"3012\"><strong data-start=\"2906\" data-end=\"2922\">M\u00e9r\u00e9s:<\/strong> M\u00e9rje meg az elnyelt vizet, \u00e9s sz\u00e1m\u00edtsa ki a Cobb-\u00e9rt\u00e9ket gramm\/n\u00e9gyzetm\u00e9terben (g\/m\u00b2).<\/p>\n<\/li>\n<\/ol>\n<p data-start=\"3014\" data-end=\"3208\">Ez a m\u00f3dszer lehet\u0151v\u00e9 teszi a min\u0151s\u00e9gellen\u0151rz\u00e9st v\u00e9gz\u0151 szem\u00e9lyzet \u00e9s a kutat\u00f3k sz\u00e1m\u00e1ra, hogy <strong data-start=\"3078\" data-end=\"3141\">a pap\u00edr \u00e9s a karton v\u00edzfelvev\u0151 k\u00e9pess\u00e9g\u00e9nek megb\u00edzhat\u00f3 \u00e9rt\u00e9kel\u00e9se<\/strong>, megk\u00f6nny\u00edtve a megalapozott d\u00f6nt\u00e9seket a gy\u00e1rt\u00e1s \u00e9s az alkalmaz\u00e1s tekintet\u00e9ben.<\/p>\n<hr \/>\n<h2 data-start=\"3014\" data-end=\"3208\">A megfelel\u0151 Cobb-tesztel\u0151 kiv\u00e1laszt\u00e1sa a pap\u00edrhoz<\/h2>\n<p data-start=\"3259\" data-end=\"3420\">A precizit\u00e1st \u00e9s hat\u00e9konys\u00e1got ig\u00e9nyl\u0151 laborat\u00f3riumok \u00e9s gy\u00e1rt\u00f3 l\u00e9tes\u00edtm\u00e9nyek sz\u00e1m\u00e1ra a <strong data-start=\"3342\" data-end=\"3385\">Cell Instruments COBB abszorpci\u00f3s teszter<\/strong> ide\u00e1lis v\u00e1laszt\u00e1s. T\u00e1mogatja:<\/p>\n<ul data-start=\"3422\" data-end=\"3640\">\n<li data-start=\"3422\" data-end=\"3464\">\n<p data-start=\"3424\" data-end=\"3464\">T\u00f6bbf\u00e9le mintam\u00e9ret \u00e9s pap\u00edrt\u00edpus.<\/p>\n<\/li>\n<li data-start=\"3465\" data-end=\"3518\">\n<p data-start=\"3467\" data-end=\"3518\">Gyors, megism\u00e9telhet\u0151 m\u00e9r\u00e9sek nagy pontoss\u00e1ggal.<\/p>\n<\/li>\n<li data-start=\"3519\" data-end=\"3575\">\n<p data-start=\"3521\" data-end=\"3575\">Felhaszn\u00e1l\u00f3bar\u00e1t m\u0171k\u00f6d\u00e9s, egy\u00e9rtelm\u0171 digit\u00e1lis kijelz\u00e9sekkel.<\/p>\n<\/li>\n<li data-start=\"3576\" data-end=\"3640\">\n<p data-start=\"3578\" data-end=\"3640\">Megfelel\u00e9s az ISO 535 szabv\u00e1nyos\u00edtott vizsg\u00e1lati elj\u00e1r\u00e1soknak.<\/p>\n<\/li>\n<\/ul>\n<hr \/>\n<h2>A pap\u00edr Cobb-tesztel\u0151 haszn\u00e1lat\u00e1nak el\u0151nyei<\/h2>\n<ul>\n<li data-start=\"3693\" data-end=\"3770\">\n<p data-start=\"3695\" data-end=\"3770\"><strong data-start=\"3695\" data-end=\"3717\">Fokozott pontoss\u00e1g:<\/strong> Cs\u00f6kkenti a kezel\u0151i hib\u00e1kat \u00e9s jav\u00edtja az ism\u00e9telhet\u0151s\u00e9get.<\/p>\n<\/li>\n<li data-start=\"3771\" data-end=\"3839\">\n<p data-start=\"3773\" data-end=\"3839\"><strong data-start=\"3773\" data-end=\"3793\">Id\u0151hat\u00e9konys\u00e1g:<\/strong> Gyorsabb, mint a k\u00e9zi abszorpci\u00f3s m\u00e9r\u00e9sek.<\/p>\n<\/li>\n<li data-start=\"3840\" data-end=\"3941\">\n<p data-start=\"3842\" data-end=\"3941\"><strong data-start=\"3842\" data-end=\"3865\">\u00c1tfog\u00f3 adatok:<\/strong> Jelent\u00e9sekhez, ellen\u0151rz\u00e9sekhez \u00e9s term\u00e9kfejleszt\u00e9shez alkalmas eredm\u00e9nyeket szolg\u00e1ltat.<\/p>\n<\/li>\n<li data-start=\"3942\" data-end=\"4047\">\n<p data-start=\"3944\" data-end=\"4047\"><strong data-start=\"3944\" data-end=\"3969\">Ipari megb\u00edzhat\u00f3s\u00e1g:<\/strong> Sz\u00e9les k\u00f6rben elfogadott a nyomdai, csomagol\u00e1si \u00e9s pap\u00edrgy\u00e1rt\u00e1si \u00e1gazatokban.<\/p>\n<\/li>\n<\/ul>\n<hr \/>\n<h2>K\u00f6vetkeztet\u00e9s<\/h2>\n<p>A <strong data-start=\"4071\" data-end=\"4096\">Cobb tesztel\u0151 pap\u00edrhoz<\/strong> n\u00e9lk\u00fcl\u00f6zhetetlen eszk\u00f6z az ISO 535 szabv\u00e1ny szerinti v\u00edzfelvev\u0151 k\u00e9pess\u00e9g \u00e9rt\u00e9kel\u00e9s\u00e9hez. E vizsg\u00e1latnak a gy\u00e1rt\u00e1sba \u00e9s a min\u0151s\u00e9gellen\u0151rz\u00e9sbe t\u00f6rt\u00e9n\u0151 integr\u00e1l\u00e1s\u00e1val a gy\u00e1rt\u00f3k \u00e9s a laborat\u00f3riumok kiv\u00e1l\u00f3 min\u0151s\u00e9g\u0171, konzisztens pap\u00edrterm\u00e9keket biztos\u00edthatnak, optimaliz\u00e1lhatj\u00e1k a bevon\u00e1si folyamatokat \u00e9s fenntarthatj\u00e1k a nemzetk\u00f6zi megfelel\u0151s\u00e9get. A <strong data-start=\"4398\" data-end=\"4435\">Cobb abszorpci\u00f3s ellen\u00e1ll\u00e1s teszter<\/strong> a Cell Instruments-t\u0151l a pontoss\u00e1g, a hat\u00e9konys\u00e1g \u00e9s a megb\u00edzhat\u00f3s\u00e1g kombin\u00e1ci\u00f3ja, amely t\u00e1mogatja a szakembereket a pontos, szabv\u00e1nyos\u00edtott eredm\u00e9nyek el\u00e9r\u00e9s\u00e9ben.<\/p>\n<hr \/>\n<h2>GYIK<\/h2>\n<p data-start=\"4592\" data-end=\"4746\"><strong data-start=\"4592\" data-end=\"4599\">Q1:<\/strong> A Cobb-tesztel\u0151 k\u00e9pes a bevonatos \u00e9s a bevonat n\u00e9lk\u00fcli pap\u00edrokat is m\u00e9rni?<br data-start=\"4655\" data-end=\"4658\" \/><strong data-start=\"4658\" data-end=\"4664\">A:<\/strong> Igen, mindkett\u0151re alkalmas, felt\u00e9ve, hogy a grammatika megfelel az ISO 535 k\u00f6vetelm\u00e9nyeinek.<\/p>\n<p data-start=\"4748\" data-end=\"4874\"><strong data-start=\"4748\" data-end=\"4755\">Q2:<\/strong> Milyen mintam\u00e9ret aj\u00e1nlott?<br data-start=\"4788\" data-end=\"4791\" \/><strong data-start=\"4791\" data-end=\"4797\">A:<\/strong> Jellemz\u0151en \u226550 g\/m\u00b2-es mint\u00e1k, ker\u00fclve az er\u0151sen por\u00f3zus pap\u00edrokat, mint p\u00e9ld\u00e1ul az \u00fajs\u00e1gpap\u00edrt.<\/p>\n<p data-start=\"4876\" data-end=\"5012\"><strong data-start=\"4876\" data-end=\"4883\">Q3:<\/strong> Mennyi ideig tart egy standard Cobb-teszt?<br data-start=\"4924\" data-end=\"4927\" \/><strong data-start=\"4927\" data-end=\"4933\">A:<\/strong> A standard expoz\u00edci\u00f3 \u00e1ltal\u00e1ban 60 m\u00e1sodperc, de ez ISO 535 szerint \u00e1ll\u00edthat\u00f3.<\/p>\n<p data-start=\"5014\" data-end=\"5152\"><strong data-start=\"5014\" data-end=\"5021\">Q4:<\/strong> Felhaszn\u00e1lhat\u00f3k-e az eredm\u00e9nyek tan\u00fas\u00edt\u00e1si c\u00e9lokra?<br data-start=\"5073\" data-end=\"5076\" \/><strong data-start=\"5076\" data-end=\"5082\">A:<\/strong> Igen, az ISO 535 megfelel\u00e9s nemzetk\u00f6zileg elismert eredm\u00e9nyeket biztos\u00edt.<\/p>\n<p data-start=\"5154\" data-end=\"5287\"><strong data-start=\"5154\" data-end=\"5161\">Q5:<\/strong> Sz\u00fcks\u00e9g van-e kezel\u0151i k\u00e9pz\u00e9sre?<br data-start=\"5192\" data-end=\"5195\" \/><strong data-start=\"5195\" data-end=\"5201\">A:<\/strong> Az alapk\u00e9pz\u00e9s biztos\u00edtja a pontos mintakezel\u00e9st \u00e9s a konzisztens m\u00e9r\u00e9si eredm\u00e9nyeket.<\/p>","protected":false},"excerpt":{"rendered":"<p>A pap\u00edr \u00e9s a karton v\u00edzfelvev\u0151 k\u00e9pess\u00e9g\u00e9nek meg\u00e9rt\u00e9se alapvet\u0151 fontoss\u00e1g\u00fa a nyomdai, csomagol\u00e1si \u00e9s pap\u00edrgy\u00e1rt\u00e1si min\u0151s\u00e9gellen\u0151rz\u00e9shez. A pap\u00edrhoz val\u00f3 Cobb-tesztel\u0151 egy speci\u00e1lis m\u0171szer, amelyet arra terveztek, hogy szabv\u00e1nyos\u00edtott k\u00f6r\u00fclm\u00e9nyek k\u00f6z\u00f6tt m\u00e9rje a minta \u00e1ltal felsz\u00edvott v\u00edz mennyis\u00e9g\u00e9t. Az ISO 535 szabv\u00e1nyt k\u00f6vetve ez a vizsg\u00e1lati m\u00f3dszer megb\u00edzhat\u00f3 adatokat szolg\u00e1ltat az anyag ...<\/p>\n<p class=\"read-more\"> <a class=\"\" href=\"https:\/\/www.qualitester.com\/hu\/cobb-tester-for-paper\/\"> <span class=\"screen-reader-text\">Cobb tesztel\u0151 pap\u00edrhoz: Pontos v\u00edzfelvev\u0151 k\u00e9pess\u00e9g vizsg\u00e1lat\u00e1nak biztos\u00edt\u00e1sa<\/span> Olvass tov\u00e1bb \"<\/a><\/p>","protected":false},"author":3,"featured_media":0,"parent":0,"menu_order":0,"comment_status":"closed","ping_status":"closed","template":"","meta":{"site-sidebar-layout":"default","site-content-layout":"default","ast-global-header-display":"","ast-main-header-display":"","ast-hfb-above-header-display":"","ast-hfb-below-header-display":"","ast-hfb-mobile-header-display":"","site-post-title":"","ast-breadcrumbs-content":"","ast-featured-img":"","footer-sml-layout":"","theme-transparent-header-meta":"default","adv-header-id-meta":"","stick-header-meta":"","header-above-stick-meta":"","header-main-stick-meta":"","header-below-stick-meta":"","footnotes":""},"class_list":["post-7487","page","type-page","status-publish","hentry"],"_links":{"self":[{"href":"https:\/\/www.qualitester.com\/hu\/wp-json\/wp\/v2\/pages\/7487","targetHints":{"allow":["GET"]}}],"collection":[{"href":"https:\/\/www.qualitester.com\/hu\/wp-json\/wp\/v2\/pages"}],"about":[{"href":"https:\/\/www.qualitester.com\/hu\/wp-json\/wp\/v2\/types\/page"}],"author":[{"embeddable":true,"href":"https:\/\/www.qualitester.com\/hu\/wp-json\/wp\/v2\/users\/3"}],"replies":[{"embeddable":true,"href":"https:\/\/www.qualitester.com\/hu\/wp-json\/wp\/v2\/comments?post=7487"}],"version-history":[{"count":0,"href":"https:\/\/www.qualitester.com\/hu\/wp-json\/wp\/v2\/pages\/7487\/revisions"}],"wp:attachment":[{"href":"https:\/\/www.qualitester.com\/hu\/wp-json\/wp\/v2\/media?parent=7487"}],"curies":[{"name":"wp","href":"https:\/\/api.w.org\/{rel}","templated":true}]}}