{"id":7000,"date":"2025-07-17T09:22:18","date_gmt":"2025-07-17T01:22:18","guid":{"rendered":"https:\/\/www.qualitester.com\/?page_id=7000"},"modified":"2025-07-23T14:32:24","modified_gmt":"2025-07-23T06:32:24","slug":"rupture-test-for-soft-gelatin-capsules","status":"publish","type":"page","link":"https:\/\/www.qualitester.com\/hu\/applications\/rupture-test-for-soft-gelatin-capsules\/","title":{"rendered":"L\u00e1gy zselatin kapszul\u00e1k szakad\u00e1si tesztje"},"content":{"rendered":"<h1 id=\"rupture-test-for-soft-gelatin-capsules-ensuring-ca\" class=\"mb-2 mt-6 text-base font-[500] first:mt-0 md:text-lg dark:font-[475] [hr+&amp;]:mt-4\" style=\"text-align: center;\">L\u00e1gy zselatin kapszul\u00e1k szak\u00edt\u00f3vizsg\u00e1lata<\/h1>\n<h2 class=\"mb-2 mt-6 text-base font-[500] first:mt-0 md:text-lg dark:font-[475] [hr+&amp;]:mt-4\" style=\"text-align: center;\">A kapszula szil\u00e1rds\u00e1g\u00e1nak \u00e9s integrit\u00e1s\u00e1nak biztos\u00edt\u00e1sa<\/h2>\n<h2><\/h2>\n<p data-start=\"787\" data-end=\"1123\">A l\u00e1gyzselatin kapszul\u00e1k a vitaminok, \u00e1sv\u00e1nyi anyagok \u00e9s gy\u00f3gyszerek kulcsfontoss\u00e1g\u00fa sz\u00e1ll\u00edt\u00f3rendszer\u00e9v\u00e9 v\u00e1ltak, mivel k\u00e9pesek a foly\u00e9kony t\u00f6ltel\u00e9keket biztons\u00e1gosan zselatinh\u00e9jba z\u00e1rni. E kapszul\u00e1k hat\u00e9konys\u00e1ga jelent\u0151sen f\u00fcgg a zselatinh\u00e9j szil\u00e1rds\u00e1g\u00e1t\u00f3l \u00e9s min\u0151s\u00e9g\u00e9t\u0151l. A\u00a0<strong>l\u00e1gy zselatinkapszul\u00e1k szak\u00edt\u00f3pr\u00f3b\u00e1ja<\/strong>\u00a0a gy\u00e1rt\u00f3knak \u00e9s a min\u0151s\u00e9gellen\u0151rz\u00e9ssel foglalkoz\u00f3 szem\u00e9lyzetnek meg kell \u00e9rtenie a term\u00e9k megb\u00edzhat\u00f3s\u00e1g\u00e1nak \u00e9s a fogyaszt\u00f3k biztons\u00e1g\u00e1nak biztos\u00edt\u00e1sa \u00e9rdek\u00e9ben.<\/p>\n<hr \/>\n<h2>A l\u00e1gyzselatin kapszul\u00e1k szak\u00edt\u00f3vizsg\u00e1lat\u00e1nak jelent\u0151s\u00e9ge<\/h2>\n<p class=\"my-0\">A\u00a0<strong>l\u00e1gy zselatinkapszul\u00e1k szak\u00edt\u00f3pr\u00f3b\u00e1ja<\/strong>\u00a0\u00e9rt\u00e9keli a kapszula fal\u00e1nak mechanikai stabilit\u00e1s\u00e1t, meghat\u00e1rozva, hogy a zselatinh\u00e9j mekkora er\u0151t k\u00e9pes elviselni a t\u00f6r\u00e9s el\u0151tt. Ez a vizsg\u00e1lat az\u00e9rt l\u00e9nyeges, mert a zselatinkapszula h\u00e9j\u00e1nak integrit\u00e1sa befoly\u00e1solja:<\/p>\n<ul class=\"marker:text-textOff list-disc\">\n<li>\n<p class=\"my-0\">A hat\u00f3anyagok v\u00e9delme az olyan k\u00f6rnyezeti t\u00e9nyez\u0151kkel szemben, mint a nedvess\u00e9g \u00e9s az oxig\u00e9n.<\/p>\n<\/li>\n<li>\n<p class=\"my-0\">A kapszul\u00e1ban l\u00e9v\u0151 gy\u00f3gyszer vagy \u00e9trend-kieg\u00e9sz\u00edt\u0151 felszabadul\u00e1si profilja.<\/p>\n<\/li>\n<li>\n<p class=\"my-0\">A kapszula k\u00e9pess\u00e9ge, hogy id\u0151 el\u0151tti sz\u00e9trobban\u00e1s n\u00e9lk\u00fcl t\u00fal\u00e9lje a kezel\u00e9st, csomagol\u00e1st, sz\u00e1ll\u00edt\u00e1st \u00e9s t\u00e1rol\u00e1st.<\/p>\n<\/li>\n<\/ul>\n<p class=\"my-0\">A teszt olyan val\u00f3s k\u00f6r\u00fclm\u00e9nyeket szimul\u00e1l, amelyek k\u00f6z\u00f6tt a kapszul\u00e1k \u00f6sszenyom\u00f3dhatnak, \u00f6sszenyom\u00f3dhatnak, \u00f6sszepr\u00e9sel\u0151dhetnek, vagy \u00fctk\u00f6zhetnek, \u00e9s \u00edgy felt\u00e1rj\u00e1k a term\u00e9k min\u0151s\u00e9g\u00e9t vesz\u00e9lyeztet\u0151 gyenges\u00e9geket.<\/p>\n<hr \/>\n<h2 class=\"mb-xs mt-5 text-base font-[500] first:mt-0 dark:font-[475]\">Zselatin kapszula kem\u00e9nys\u00e9gteszt \u00e9s Bloom Tester: F\u0151bb m\u00e1sodlagos szempontok<\/h2>\n<p class=\"my-0\">A kapszula min\u0151s\u00e9g\u00e9nek \u00e9rt\u00e9kel\u00e9s\u00e9nek egyik l\u00e9nyeges szempontja a\u00a0<strong>zselatin kapszula kem\u00e9nys\u00e9gteszt<\/strong>, amely a kapszulah\u00e9j mechanikai szil\u00e1rds\u00e1g\u00e1t \u00e9s rugalmass\u00e1g\u00e1t m\u00e9ri. Ez a vizsg\u00e1lat gyakran kieg\u00e9sz\u00edti a szakad\u00e1si vizsg\u00e1latot, mivel betekint\u00e9st ny\u00fajt abba, hogy a kapszula hogyan viselkedik fokozatos nyom\u00e1s alatt, nem pedig hirtelen \u00fct\u00e9s vagy lyukaszt\u00e1s hat\u00e1s\u00e1ra.<\/p>\n<p class=\"my-0\">A\u00a0<strong>bloom teszter<\/strong>\u00a0kritikus szerepet j\u00e1tszik ebben az \u00f6sszef\u00fcgg\u00e9sben a zselatin vir\u00e1gz\u00e1si szil\u00e1rds\u00e1g\u00e1nak m\u00e9r\u00e9s\u00e9vel, amely t\u00fckr\u00f6zi az anyag g\u00e9lszil\u00e1rds\u00e1g\u00e1t. A vir\u00e1gz\u00e1si szil\u00e1rds\u00e1g a kapszulaf\u00f3lia kem\u00e9nys\u00e9g\u00e9t \u00e9s rugalmass\u00e1g\u00e1t egyar\u00e1nt befoly\u00e1solja. A magasabb bloom-\u00e9rt\u00e9kek szil\u00e1rdabb g\u00e9lnek felelnek meg, ami befoly\u00e1solja a kapszula szakad\u00e1ssal \u00e9s deform\u00e1ci\u00f3val szembeni ellen\u00e1ll\u00e1s\u00e1t.<\/p>\n<h2 class=\"mb-xs mt-5 text-base font-[500] first:mt-0 dark:font-[475]\">A l\u00e1gyzselatin kapszul\u00e1k szak\u00edt\u00f3vizsg\u00e1lat\u00e1nak elv\u00e9gz\u00e9s\u00e9re szolg\u00e1l\u00f3 m\u00f3dszerek<\/h2>\n<p class=\"my-0\">A szak\u00edt\u00f3vizsg\u00e1lat els\u0151sorban ellen\u0151rz\u00f6tt nyom\u00f3- vagy behatol\u00e1si vizsg\u00e1latot jelent, ahol a kapszul\u00e1ra addig hatnak, am\u00edg a burkolata el nem t\u00f6rik. A vizsg\u00e1lat sor\u00e1n a legfontosabb szempontok a k\u00f6vetkez\u0151k:<\/p>\n<ul class=\"marker:text-textOff list-disc\">\n<li>\n<p class=\"my-0\"><strong>Teszt szonda m\u00e9retek<\/strong>: \u00c1ltal\u00e1ban egy 10 mm \u00e1tm\u00e9r\u0151j\u0171 vagy 10 mm\u00b2 fel\u00fclet\u0171 hengeres szond\u00e1t haszn\u00e1lnak a kapszula fel\u00fclet\u00e9n egyenletes er\u0151 kifejt\u00e9s\u00e9re.<\/p>\n<\/li>\n<li>\n<p class=\"my-0\"><strong>Er\u0151m\u00e9r\u00e9s<\/strong>: A cs\u00facser\u0151 m\u00e9r\u00e9se, amelyn\u00e9l a kapszulah\u00e9j felszakad, lehet\u0151v\u00e9 teszi a h\u00e9j szil\u00e1rds\u00e1g\u00e1nak mennyis\u00e9gi \u00e9rt\u00e9kel\u00e9s\u00e9t.<\/p>\n<\/li>\n<li>\n<p class=\"my-0\"><strong>Rugalmass\u00e1gi \u00e9rt\u00e9kel\u00e9s<\/strong>: A szak\u00edt\u00f3er\u0151n t\u00fal a kompresszi\u00f3 alatti deform\u00e1ci\u00f3 m\u00e9r\u00e9se seg\u00edt a kapszulaf\u00f3lia rugalmass\u00e1g\u00e1nak \u00e9s rugalmass\u00e1g\u00e1nak meghat\u00e1roz\u00e1s\u00e1ban.<\/p>\n<\/li>\n<li>\n<p class=\"my-0\"><strong>Pecs\u00e9t er\u0151ss\u00e9g\u00e9nek vizsg\u00e1lata<\/strong>: A kapszulaz\u00e1r felt\u00f6r\u00e9s\u00e9hez sz\u00fcks\u00e9ges er\u0151 vizsg\u00e1lata biztos\u00edtja, hogy a folyad\u00e9kot a gy\u00e1rt\u00e1s \u00e9s a forgalmaz\u00e1s sor\u00e1n biztons\u00e1gosan elz\u00e1rj\u00e1k.<\/p>\n<\/li>\n<\/ul>\n<p class=\"my-0\">A kifejezetten ezeknek a vizsg\u00e1lati k\u00f6vetelm\u00e9nyeknek val\u00f3 megfelel\u00e9sre tervezett eszk\u00f6z a Cell Instruments<a href=\"https:\/\/www.qualitester.com\/hu\/termek\/sale-soft-gel-capsule-hardness-tester\/\" target=\"_blank\" rel=\"noopener\"> CHT-01 puha g\u00e9lkapszula kem\u00e9nys\u00e9gm\u00e9r\u0151je<\/a>. Automatiz\u00e1lt tesztel\u00e9st biztos\u00edt t\u00f6bb programmal, bele\u00e9rtve az er\u0151szab\u00e1lyoz\u00e1st, a cs\u00facser\u0151 \u00e9rz\u00e9kel\u00e9s\u00e9t \u00e9s a t\u00e1vols\u00e1g alap\u00fa er\u0151m\u00e9r\u00e9st, n\u00f6velve a min\u0151s\u00e9gellen\u0151rz\u00e9si folyamatok hat\u00e9konys\u00e1g\u00e1t \u00e9s k\u00f6vetkezetess\u00e9g\u00e9t.<\/p>\n<div class=\"ast-oembed-container\" style=\"height: 100%;\"><iframe title=\"Softgel kapszula kem\u00e9nys\u00e9gm\u00e9r\u0151 CHT-01\" width=\"500\" height=\"281\" src=\"https:\/\/www.youtube.com\/embed\/pGYrer6N-Mk?feature=oembed\" frameborder=\"0\" allow=\"accelerometer; autoplay; clipboard-write; encrypted-media; gyroscope; picture-in-picture; web-share\" referrerpolicy=\"strict-origin-when-cross-origin\" allowfullscreen><\/iframe><\/div>\n<hr \/>\n<h2 class=\"mb-xs mt-5 text-base font-[500] first:mt-0 dark:font-[475]\">Mi\u00e9rt haszn\u00e1lja a Cell Instruments CHT-01 Soft Gel Capsule kem\u00e9nys\u00e9gm\u00e9r\u0151 k\u00e9sz\u00fcl\u00e9ket?<\/h2>\n<p class=\"my-0\">A Cell Instruments prec\u00edz, testre szabhat\u00f3 anyagvizsg\u00e1lati megold\u00e1sokra specializ\u00e1l\u00f3dott:<\/p>\n<ul class=\"marker:text-textOff list-disc\">\n<li>\n<p class=\"my-0\">A CHT-01 PLC vez\u00e9rl\u0151egys\u00e9ggel \u00e9s felhaszn\u00e1l\u00f3bar\u00e1t 7 colos HMI \u00e9rint\u0151k\u00e9perny\u0151vel van felszerelve.<img fetchpriority=\"high\" decoding=\"async\" class=\"alignright wp-image-7007 size-medium\" src=\"https:\/\/www.qualitester.com\/wp-content\/uploads\/2025\/07\/2.CHT-01-soft-gel-capsule-hardness-tester2_11zon-300x300.webp\" alt=\"A l\u00e1gyzselatin kapszul\u00e1k szak\u00edt\u00f3vizsg\u00e1lata a zselatinh\u00e9j mechanikai szil\u00e1rds\u00e1g\u00e1t \u00e9s integrit\u00e1s\u00e1t \u00e9rt\u00e9keli.\" width=\"300\" height=\"300\" srcset=\"https:\/\/www.qualitester.com\/wp-content\/uploads\/2025\/07\/2.CHT-01-soft-gel-capsule-hardness-tester2_11zon-300x300.webp 300w, https:\/\/www.qualitester.com\/wp-content\/uploads\/2025\/07\/2.CHT-01-soft-gel-capsule-hardness-tester2_11zon-1024x1024.webp 1024w, https:\/\/www.qualitester.com\/wp-content\/uploads\/2025\/07\/2.CHT-01-soft-gel-capsule-hardness-tester2_11zon-150x150.webp 150w, https:\/\/www.qualitester.com\/wp-content\/uploads\/2025\/07\/2.CHT-01-soft-gel-capsule-hardness-tester2_11zon-768x768.webp 768w, https:\/\/www.qualitester.com\/wp-content\/uploads\/2025\/07\/2.CHT-01-soft-gel-capsule-hardness-tester2_11zon-12x12.webp 12w, https:\/\/www.qualitester.com\/wp-content\/uploads\/2025\/07\/2.CHT-01-soft-gel-capsule-hardness-tester2_11zon-600x600.webp 600w, https:\/\/www.qualitester.com\/wp-content\/uploads\/2025\/07\/2.CHT-01-soft-gel-capsule-hardness-tester2_11zon-100x100.webp 100w, https:\/\/www.qualitester.com\/wp-content\/uploads\/2025\/07\/2.CHT-01-soft-gel-capsule-hardness-tester2_11zon.webp 1080w\" sizes=\"(max-width: 300px) 100vw, 300px\" \/><\/p>\n<\/li>\n<li>\n<p class=\"my-0\">V\u00e1ltoztathat\u00f3 vizsg\u00e1lati sebess\u00e9ge \u00e9s prec\u00edzi\u00f3s alkatr\u00e9szei a k\u00fcl\u00f6nb\u00f6z\u0151 kapszulaspecifik\u00e1ci\u00f3khoz val\u00f3 alkalmazkod\u00f3k\u00e9pess\u00e9get biztos\u00edtj\u00e1k.<\/p>\n<\/li>\n<li>\n<p class=\"my-0\">Olyan val\u00f3s\u00e1gh\u0171 stresszforgat\u00f3k\u00f6nyveket szimul\u00e1l, mint a t\u00f6m\u00f6r\u00edt\u00e9s \u00e9s a t\u00f6m\u00edt\u00e9s felszakad\u00e1sa, amelyek a gy\u00f3gyszeripari csomagol\u00e1s \u00e9s a stabilit\u00e1s szempontj\u00e1b\u00f3l l\u00e9tfontoss\u00e1g\u00faak.<\/p>\n<\/li>\n<li>\n<p class=\"my-0\">A tesztel\u0151 automatikus visszat\u00e9r\u00e9si funkci\u00f3ja \u00e9s a t\u00f6bbf\u00e9le r\u00f6gz\u00edt\u00e9si lehet\u0151s\u00e9g n\u00f6veli az \u00e1tereszt\u0151k\u00e9pess\u00e9get \u00e9s cs\u00f6kkenti a k\u00e9zi kezel\u00e9si hib\u00e1kat, \u00e9sszer\u0171s\u00edtve a tesztel\u00e9si munkafolyamatot.<\/p>\n<\/li>\n<\/ul>\n<p class=\"my-0\">Ha ezt a fejlett tesztel\u0151t be\u00e9p\u00edti min\u0151s\u00e9gbiztos\u00edt\u00e1si elj\u00e1r\u00e1saiba, biztos\u00edthatja a gy\u00f3gyszeripari min\u0151s\u00e9gi szabv\u00e1nyoknak val\u00f3 megfelel\u00e9st \u00e9s fokozhatja a betegbiztons\u00e1got.<\/p>\n<hr \/>\n<h2 class=\"mb-xs mt-5 text-base font-[500] first:mt-0 dark:font-[475]\">Szabv\u00e1nyok \u00e9s legjobb szakmai gyakorlatok<\/h2>\n<p class=\"my-0\">A nemzetk\u00f6zi szabv\u00e1nyok, p\u00e9ld\u00e1ul az ASTM \u00e9s az ISO szabv\u00e1nyok betart\u00e1sa l\u00e9tfontoss\u00e1g\u00fa a szak\u00edt\u00f3vizsg\u00e1lat sor\u00e1n, hogy garant\u00e1ljuk az eredm\u00e9nyek megb\u00edzhat\u00f3s\u00e1g\u00e1t \u00e9s reproduk\u00e1lhat\u00f3s\u00e1g\u00e1t. B\u00e1r a zselatinkapszul\u00e1k szakad\u00e1s\u00e1ra kifejezetten vonatkoz\u00f3 konkr\u00e9t gy\u00f3gyszerk\u00f6nyvi szabv\u00e1nyok elt\u00e9r\u0151ek lehetnek, a mechanikai vizsg\u00e1lati norm\u00e1khoz val\u00f3 igazod\u00e1s biztos\u00edtja a gy\u00f3gyszercsomagol\u00e1s integrit\u00e1s\u00e1t \u00e9s t\u00e1mogatja a hat\u00f3s\u00e1gi beadv\u00e1nyok beny\u00fajt\u00e1s\u00e1t.<\/p>\n<p class=\"my-0\">Ipari szak\u00e9rt\u0151k aj\u00e1nlj\u00e1k:<\/p>\n<ul class=\"marker:text-textOff list-disc\">\n<li>\n<p class=\"my-0\">A gy\u00e1rt\u00e1si t\u00e9telek rendszeres szak\u00edt\u00f3vizsg\u00e1latainak elv\u00e9gz\u00e9se a gy\u00e1rt\u00e1si k\u00f6vetkezetlens\u00e9gek felder\u00edt\u00e9se \u00e9rdek\u00e9ben.<\/p>\n<\/li>\n<li>\n<p class=\"my-0\">A kem\u00e9nys\u00e9g \u00e9s a vir\u00e1gz\u00e1sszil\u00e1rds\u00e1g vizsg\u00e1lat\u00e1nak kombin\u00e1l\u00e1sa a zselatinfilm \u00e1tfog\u00f3 mechanikai profilj\u00e1nak meg\u00e9rt\u00e9se \u00e9rdek\u00e9ben.<\/p>\n<\/li>\n<li>\n<p class=\"my-0\">A kapszula szil\u00e1rds\u00e1g\u00e1val kapcsolatos tendenci\u00e1k dokument\u00e1l\u00e1sa \u00e9s elemz\u00e9se a gy\u00e1rt\u00e1s kiigaz\u00edt\u00e1saihoz.<\/p>\n<\/li>\n<\/ul>\n<hr \/>\n<h2>K\u00f6vetkeztet\u00e9s: A min\u0151s\u00e9gellen\u0151rz\u00e9s jav\u00edt\u00e1sa inform\u00e1lt tesztel\u00e9ssel<\/h2>\n<h2><\/h2>\n<p class=\"my-0\">A\u00a0<strong>l\u00e1gy zselatinkapszul\u00e1k szak\u00edt\u00f3pr\u00f3b\u00e1ja<\/strong>\u00a0kritikus min\u0151s\u00e9gi int\u00e9zked\u00e9sk\u00e9nt szolg\u00e1l, amely biztos\u00edtja, hogy a kapszul\u00e1k s\u00e9r\u00fcl\u00e9s n\u00e9lk\u00fcl ellen\u00e1lljanak a mechanikai ig\u00e9nybev\u00e9teleknek, \u00e9s ez\u00e1ltal meg\u00f3vj\u00e1k a term\u00e9k hat\u00e9konys\u00e1g\u00e1t. A\u00a0<strong>zselatin kapszula kem\u00e9nys\u00e9gteszt<\/strong>\u00a0\u00e9s a vir\u00e1gz\u00e1s er\u0151ss\u00e9g\u00e9nek m\u00e9r\u00e9se tov\u00e1bb finom\u00edtja a kapszula robusztuss\u00e1g\u00e1nak meg\u00e9rt\u00e9s\u00e9t.<\/p>\n<p class=\"my-0\"><a href=\"https:\/\/www.celtec.cn\" target=\"_blank\" rel=\"noopener nofollow\">Cell Instruments<\/a> megb\u00edzhat\u00f3, testre szabhat\u00f3 megold\u00e1sokat k\u00edn\u00e1l, mint p\u00e9ld\u00e1ul a <a href=\"https:\/\/www.qualitester.com\/hu\/termek\/sale-soft-gel-capsule-hardness-tester\/\" target=\"_blank\" rel=\"noopener\"><strong>CHT-01 kem\u00e9nys\u00e9gm\u00e9r\u0151<\/strong><\/a> amelyek megk\u00f6nny\u00edtik a pontos \u00e9s hat\u00e9kony tesztel\u00e9st. Az ilyen berendez\u00e9sek kihaszn\u00e1l\u00e1sa \u00e9s a legjobb gyakorlatok k\u00f6vet\u00e9se seg\u00edt a gy\u00f3gyszergy\u00e1rt\u00f3knak \u00e9s a min\u0151s\u00e9gellen\u0151rz\u00e9ssel foglalkoz\u00f3 szakembereknek a magas sz\u00ednvonal fenntart\u00e1s\u00e1ban, a term\u00e9khib\u00e1k cs\u00f6kkent\u00e9s\u00e9ben \u00e9s a fogyaszt\u00f3i bizalom n\u00f6vel\u00e9s\u00e9ben.<\/p>\n<p data-start=\"5570\" data-end=\"5722\">","protected":false},"excerpt":{"rendered":"<p>Rupture Test for Soft Gelatin Capsules Ensuring Capsule Strength and Integrity Soft gelatin capsules have become a crucial delivery system for vitamins, minerals, and pharmaceuticals, owing to their ability to safely enclose liquid fills within a gelatin shell. The effectiveness of these capsules depends significantly on the strength and quality of their gelatin film. The\u00a0rupture &hellip;<\/p>\n<p class=\"read-more\"> <a class=\"\" href=\"https:\/\/www.qualitester.com\/hu\/applications\/rupture-test-for-soft-gelatin-capsules\/\"> <span class=\"screen-reader-text\">L\u00e1gy zselatin kapszul\u00e1k szakad\u00e1si tesztje<\/span> Olvass tov\u00e1bb \"<\/a><\/p>","protected":false},"author":3,"featured_media":0,"parent":6794,"menu_order":0,"comment_status":"closed","ping_status":"closed","template":"","meta":{"site-sidebar-layout":"default","site-content-layout":"default","ast-global-header-display":"","ast-main-header-display":"","ast-hfb-above-header-display":"","ast-hfb-below-header-display":"","ast-hfb-mobile-header-display":"","site-post-title":"","ast-breadcrumbs-content":"","ast-featured-img":"","footer-sml-layout":"","theme-transparent-header-meta":"default","adv-header-id-meta":"","stick-header-meta":"","header-above-stick-meta":"","header-main-stick-meta":"","header-below-stick-meta":"","footnotes":""},"class_list":["post-7000","page","type-page","status-publish","hentry"],"_links":{"self":[{"href":"https:\/\/www.qualitester.com\/hu\/wp-json\/wp\/v2\/pages\/7000","targetHints":{"allow":["GET"]}}],"collection":[{"href":"https:\/\/www.qualitester.com\/hu\/wp-json\/wp\/v2\/pages"}],"about":[{"href":"https:\/\/www.qualitester.com\/hu\/wp-json\/wp\/v2\/types\/page"}],"author":[{"embeddable":true,"href":"https:\/\/www.qualitester.com\/hu\/wp-json\/wp\/v2\/users\/3"}],"replies":[{"embeddable":true,"href":"https:\/\/www.qualitester.com\/hu\/wp-json\/wp\/v2\/comments?post=7000"}],"version-history":[{"count":0,"href":"https:\/\/www.qualitester.com\/hu\/wp-json\/wp\/v2\/pages\/7000\/revisions"}],"up":[{"embeddable":true,"href":"https:\/\/www.qualitester.com\/hu\/wp-json\/wp\/v2\/pages\/6794"}],"wp:attachment":[{"href":"https:\/\/www.qualitester.com\/hu\/wp-json\/wp\/v2\/media?parent=7000"}],"curies":[{"name":"wp","href":"https:\/\/api.w.org\/{rel}","templated":true}]}}