{"id":6805,"date":"2025-07-15T16:40:14","date_gmt":"2025-07-15T08:40:14","guid":{"rendered":"https:\/\/www.qualitester.com\/?page_id=6805"},"modified":"2025-07-15T16:40:14","modified_gmt":"2025-07-15T08:40:14","slug":"astm-f2096","status":"publish","type":"page","link":"https:\/\/www.qualitester.com\/hu\/standards\/astm-f2096\/","title":{"rendered":"ASTM F2096"},"content":{"rendered":"<h1 style=\"text-align: center;\">ASTM F2096<br \/>\n<small>Brutt\u00f3 bubor\u00e9k sziv\u00e1rg\u00e1svizsg\u00e1lat<\/small><\/h1>\n<hr \/>\n<p data-start=\"328\" data-end=\"647\"><strong data-start=\"328\" data-end=\"342\"><a href=\"https:\/\/www.qualitester.com\/hu\/\"><img decoding=\"async\" class=\"alignleft wp-image-6814\" src=\"https:\/\/www.qualitester.com\/wp-content\/uploads\/2025\/07\/Headquarters_\u526f\u672c-300x300.webp\" alt=\"ASTM F2096-brutt\u00f3 sziv\u00e1rg\u00e1sm\u00e9r\u0151 bubor\u00e9kteszter\" width=\"199\" height=\"199\" srcset=\"https:\/\/www.qualitester.com\/wp-content\/uploads\/2025\/07\/Headquarters_\u526f\u672c-300x300.webp 300w, https:\/\/www.qualitester.com\/wp-content\/uploads\/2025\/07\/Headquarters_\u526f\u672c-150x150.webp 150w, https:\/\/www.qualitester.com\/wp-content\/uploads\/2025\/07\/Headquarters_\u526f\u672c-12x12.webp 12w, https:\/\/www.qualitester.com\/wp-content\/uploads\/2025\/07\/Headquarters_\u526f\u672c-100x100.webp 100w, https:\/\/www.qualitester.com\/wp-content\/uploads\/2025\/07\/Headquarters_\u526f\u672c.webp 600w\" sizes=\"(max-width: 199px) 100vw, 199px\" \/><\/a>ASTM F2096<\/strong> egy sz\u00e9les k\u00f6rben elismert szabv\u00e1nyos vizsg\u00e1lati m\u00f3dszer, amelyet a <strong data-start=\"396\" data-end=\"434\">brutt\u00f3 sziv\u00e1rg\u00e1sok felder\u00edt\u00e9se a csomagol\u00e1sban<\/strong> bels\u0151 nyom\u00e1s al\u00e1 helyez\u00e9ssel, k\u00f6zismert nev\u00e9n a <strong data-start=\"490\" data-end=\"510\">bubor\u00e9kos sziv\u00e1rg\u00e1svizsg\u00e1lat<\/strong>. Ez a vizsg\u00e1lat kritikus fontoss\u00e1g\u00fa az orvostechnikai eszk\u00f6z\u00f6k, gy\u00f3gyszerek \u00e9s m\u00e1s, magas integr\u00e1lts\u00e1g\u00fa csomagol\u00e1si \u00e1gazatok min\u0151s\u00e9gbiztos\u00edt\u00e1si protokolljaiban.<\/p>\n<p data-start=\"649\" data-end=\"924\">A m\u00f3dszer l\u00e9nyege, hogy a csomagot v\u00edz al\u00e1 mer\u00edtik, \u00e9s leveg\u0151t fecskendeznek bele. A l\u00e1that\u00f3 <strong data-start=\"738\" data-end=\"759\">bubor\u00e9kfolyam<\/strong> sziv\u00e1rg\u00e1si utat vagy t\u00f6m\u00edt\u00e9shib\u00e1t jelez. A k\u00f6nny\u0171 kivitelez\u00e9s, a vizu\u00e1lis egy\u00e9rtelm\u0171s\u00e9g \u00e9s a k\u00fcl\u00f6nb\u00f6z\u0151 csomagol\u00e1st\u00edpusok kezel\u00e9s\u00e9re val\u00f3 k\u00e9pess\u00e9g teszi az ipar\u00e1g \u00e1ltal kedvelt megold\u00e1ss\u00e1.<\/p>\n<p data-start=\"926\" data-end=\"1127\">A Cell Instruments-n\u00e9l az ASTM F2096-ra szabott, nagy teljes\u00edtm\u00e9ny\u0171 vizsg\u00e1lati megold\u00e1sokat k\u00edn\u00e1lunk, bele\u00e9rtve az al\u00e1bbiakat is <a href=\"https:\/\/www.qualitester.com\/hu\/termek\/sale-gross-bubble-leak-test-equipment\/\"><strong data-start=\"1030\" data-end=\"1065\">GLT-01 Brutt\u00f3 sziv\u00e1rg\u00e1sm\u00e9r\u0151 bubor\u00e9ktesztel\u0151<\/strong><\/a>, \u00e9rz\u00e9keny \u00e9s pontos bubor\u00e9kkibocs\u00e1t\u00e1si vizsg\u00e1latokhoz tervezt\u00e9k.<\/p>\n<hr \/>\n<h2 data-start=\"926\" data-end=\"1127\">A bubor\u00e9kos sziv\u00e1rg\u00e1svizsg\u00e1lati elj\u00e1r\u00e1s \u00e1ttekint\u00e9se<\/h2>\n<h3 data-start=\"1181\" data-end=\"1227\">Bubor\u00e9kkibocs\u00e1t\u00e1si teszt a csomag integrit\u00e1s\u00e1nak vizsg\u00e1lat\u00e1ra<\/h3>\n<p data-start=\"1229\" data-end=\"1468\">A <strong data-start=\"1233\" data-end=\"1257\">bubor\u00e9kkibocs\u00e1t\u00e1si teszt<\/strong> az ASTM F2096 szabv\u00e1ny szerint \u00fagy tervezt\u00e9k, hogy szimul\u00e1lja a csomagol\u00e1s val\u00f3s meghib\u00e1sod\u00e1si forgat\u00f3k\u00f6nyveit. Olyan hib\u00e1kat \u00e9rt\u00e9kel, mint <strong data-start=\"1371\" data-end=\"1388\">t\u00f6m\u00edt\u00e9s hib\u00e1k<\/strong>, <strong data-start=\"1390\" data-end=\"1402\">lyukak<\/strong>, vagy <strong data-start=\"1407\" data-end=\"1426\">anyagreped\u00e9sek<\/strong>, biztos\u00edtva a term\u00e9k sterilit\u00e1s\u00e1t \u00e9s biztons\u00e1g\u00e1t.<\/p>\n<p data-start=\"1470\" data-end=\"1506\">K\u00e9t els\u0151dleges elj\u00e1r\u00e1st v\u00e1zolunk fel:<\/p>\n<ul>\n<li data-start=\"1510\" data-end=\"1551\"><strong data-start=\"1510\" data-end=\"1527\">A vizsg\u00e1lati m\u00f3dszer<\/strong> nem por\u00f3zus csomagol\u00e1shoz<\/li>\n<li data-start=\"1554\" data-end=\"1607\"><strong data-start=\"1554\" data-end=\"1571\">B vizsg\u00e1lati m\u00f3dszer<\/strong> por\u00f3zus anyagokhoz (pl. Tyvek\u00ae)<\/li>\n<\/ul>\n<p data-start=\"1609\" data-end=\"1640\">A tipikus vizsg\u00e1lati l\u00e9p\u00e9sek a k\u00f6vetkez\u0151k:<\/p>\n<ol>\n<li data-start=\"1644\" data-end=\"1690\">Ellen\u0151rz\u00f6tt lyukaszt\u00e1s l\u00e9trehoz\u00e1sa a csomagol\u00e1son.<\/li>\n<li data-start=\"1694\" data-end=\"1745\">Kb. 25,4 mm v\u00edz al\u00e1 mer\u00edtve.<\/li>\n<li data-start=\"1749\" data-end=\"1791\">Leveg\u0151 befecskendez\u00e9se el\u0151re meghat\u00e1rozott nyom\u00e1son.<\/li>\n<li data-start=\"1795\" data-end=\"1841\">A sziv\u00e1rg\u00e1st jelz\u0151 bubor\u00e9kfolyamok megfigyel\u00e9se.<\/li>\n<\/ol>\n<p data-start=\"1843\" data-end=\"1972\">Ez a <strong data-start=\"1848\" data-end=\"1872\">brutt\u00f3 sziv\u00e1rg\u00e1s\u00e9rz\u00e9kel\u00e9s<\/strong> m\u00f3dszer <strong data-start=\"1883\" data-end=\"1898\">destrukt\u00edv<\/strong> \u00e9s ide\u00e1lis a tervez\u00e9s valid\u00e1l\u00e1s\u00e1ra, min\u0151s\u00e9gellen\u0151rz\u00e9sre \u00e9s megfelel\u0151s\u00e9gi tesztel\u00e9sre.<\/p>\n<div class=\"ast-oembed-container\" style=\"height: 100%;\"><iframe title=\"ASTM F2096 brutt\u00f3 sziv\u00e1rg\u00e1svizsg\u00e1lat orvosi csomagol\u00e1sokhoz\" width=\"500\" height=\"281\" src=\"https:\/\/www.youtube.com\/embed\/r9kJf2d8xDw?feature=oembed\" frameborder=\"0\" allow=\"accelerometer; autoplay; clipboard-write; encrypted-media; gyroscope; picture-in-picture; web-share\" referrerpolicy=\"strict-origin-when-cross-origin\" allowfullscreen><\/iframe><\/div>\n<hr \/>\n<h2 data-start=\"1843\" data-end=\"1972\">Brutt\u00f3 sziv\u00e1rg\u00e1s bubor\u00e9ktesztel\u0151: Bubor\u00e9kbubor\u00e9k: Szerep \u00e9s jelent\u0151s\u00e9ge<\/h2>\n<p data-start=\"2029\" data-end=\"2136\">Az ASTM F2096 hat\u00e9kony v\u00e9grehajt\u00e1s\u00e1hoz egy <strong data-start=\"2066\" data-end=\"2094\">brutt\u00f3 sziv\u00e1rg\u00e1s bubor\u00e9ktesztel\u0151<\/strong> elengedhetetlen. Ez a k\u00e9sz\u00fcl\u00e9k a k\u00f6vetkez\u0151kb\u0151l \u00e1ll:<\/p>\n<ul>\n<li data-start=\"2140\" data-end=\"2201\">Nyom\u00e1sell\u00e1t\u00f3 rendszer egy <strong data-start=\"2174\" data-end=\"2201\">vez\u00e9rl\u0151szelep<\/strong><\/li>\n<li data-start=\"2204\" data-end=\"2242\">\u00c1tl\u00e1tsz\u00f3 <strong data-start=\"2218\" data-end=\"2242\">v\u00edzmer\u00fcl\u0151 tart\u00e1ly<\/strong><\/li>\n<li data-start=\"2245\" data-end=\"2301\">K\u00e9sz\u00fcl\u00e9k a bels\u0151 nyom\u00e1s \u00e1tlyukaszt\u00e1s\u00e1ra \u00e9s ellen\u0151rz\u00e9s\u00e9re<\/li>\n<\/ul>\n<p data-start=\"2303\" data-end=\"2437\">Megfelel\u0151en kalibr\u00e1lt tesztel\u0151 haszn\u00e1lata biztos\u00edtja az ism\u00e9telhet\u0151 \u00e9s <strong data-start=\"2361\" data-end=\"2388\">pontos sziv\u00e1rg\u00e1s\u00e9rz\u00e9kel\u00e9s<\/strong>, cs\u00f6kkentve a hamis pozit\u00edv vagy figyelmen k\u00edv\u00fcl hagyott hib\u00e1k sz\u00e1m\u00e1t.<\/p>\n<p data-start=\"2439\" data-end=\"2534\"><strong data-start=\"2439\" data-end=\"2485\"><a href=\"https:\/\/www.qualitester.com\/hu\/\">Cell Instruments<\/a>' GLT-01 brutt\u00f3 sziv\u00e1rg\u00e1sm\u00e9r\u0151<\/strong> kifejezetten erre a szabv\u00e1nyra k\u00e9sz\u00fclt. T\u00e1mogatja:<\/p>\n<ul>\n<li data-start=\"2537\" data-end=\"2577\">Pontos alacsony nyom\u00e1sszab\u00e1lyoz\u00e1s (0-50 mbar)<\/li>\n<li data-start=\"2580\" data-end=\"2635\">\u00c1tl\u00e1tsz\u00f3 megfigyel\u0151 kamra a jobb l\u00e1that\u00f3s\u00e1g \u00e9rdek\u00e9ben<\/li>\n<li data-start=\"2638\" data-end=\"2687\">Testreszabhat\u00f3 r\u00f6gz\u00edt\u0151k k\u00fcl\u00f6nb\u00f6z\u0151 csomagol\u00e1si form\u00e1tumokhoz<\/li>\n<\/ul>\n<p data-start=\"2689\" data-end=\"2849\">Ez ide\u00e1lis megold\u00e1s a gy\u00e1rt\u00f3k sz\u00e1m\u00e1ra a k\u00f6vetkez\u0151 ter\u00fcleteken <strong data-start=\"2742\" data-end=\"2779\">orvosi, \u00e9lelmiszeripari \u00e9s gy\u00f3gyszeripari<\/strong> ipar\u00e1gak, amelyeknek szigor\u00fa csomagol\u00e1si integrit\u00e1si el\u0151\u00edr\u00e1soknak kell megfelelni\u00fck.<\/p>\n<hr \/>\n<h2 data-start=\"2689\" data-end=\"2849\">Az ASTM F2096 alkalmaz\u00e1sa az iparban<\/h2>\n<h3>Mi\u00e9rt fontos az ASTM F2096<\/h3>\n<p data-start=\"2926\" data-end=\"2974\">A  honlap biztos\u00edt\u00e1sa <strong data-start=\"2935\" data-end=\"2956\">csomag integrit\u00e1sa<\/strong> elengedhetetlen a k\u00f6vetkez\u0151kh\u00f6z:<\/p>\n<ul>\n<li data-start=\"2977\" data-end=\"3021\"><strong data-start=\"2977\" data-end=\"3000\">Sterilit\u00e1s biztos\u00edt\u00e1sa<\/strong> orvosi csomagol\u00e1sban<\/li>\n<li data-start=\"3024\" data-end=\"3067\"><strong data-start=\"3024\" data-end=\"3049\">Szennyez\u0151d\u00e9s-ellen\u0151rz\u00e9s<\/strong> az \u00e9lelmiszer-csomagol\u00e1sban<\/li>\n<li data-start=\"3070\" data-end=\"3114\"><strong data-start=\"3070\" data-end=\"3094\">Szavatoss\u00e1gi id\u0151 stabilit\u00e1s<\/strong> gy\u00f3gyszeripari term\u00e9kek eset\u00e9ben<\/li>\n<\/ul>\n<p data-start=\"3116\" data-end=\"3410\">Ez a szabv\u00e1ny t\u00e1mogatja a szab\u00e1lyoz\u00e1si \u00e9s fogyaszt\u00f3i elv\u00e1r\u00e1sokat az\u00e1ltal, hogy <strong data-start=\"3189\" data-end=\"3236\">vizu\u00e1lis \u00e9s egyszer\u0171 integrit\u00e1svizsg\u00e1lat<\/strong> sz\u00e1mszer\u0171s\u00edthet\u0151 \u00e9rz\u00e9kenys\u00e9ggel. A szabv\u00e1ny szerint m\u00e1r olyan kis sziv\u00e1rg\u00e1sok kimutat\u00e1s\u00e1ra is alkalmas, mint a <strong data-start=\"3327\" data-end=\"3337\">250 \u03bcm<\/strong> a  c\u00edmen <strong data-start=\"3343\" data-end=\"3362\">81% val\u00f3sz\u00edn\u0171s\u00e9g<\/strong>, ami alkalmass\u00e1 teszi a nagy kock\u00e1zat\u00fa alkalmaz\u00e1sokhoz.<\/p>\n<p data-start=\"3412\" data-end=\"3563\">Azok a gy\u00e1rt\u00f3k, akik az ASTM F2096-ot rutin QC-m\u00f3dszerk\u00e9nt alkalmazz\u00e1k, elk\u00f6telezetts\u00e9get mutatnak a k\u00f6vetkez\u0151k ir\u00e1nt <strong data-start=\"3496\" data-end=\"3514\">term\u00e9kbiztons\u00e1g<\/strong>, <strong data-start=\"3516\" data-end=\"3541\">szab\u00e1lyoz\u00e1si megfelel\u00e9s<\/strong>, \u00e9s <strong data-start=\"3547\" data-end=\"3562\">m\u00e1rka bizalom<\/strong>.<\/p>\n<hr \/>\n<h2 data-start=\"3412\" data-end=\"3563\">A Cell Instruments GLT-01 haszn\u00e1lat\u00e1nak el\u0151nyei<\/h2>\n<p data-start=\"3616\" data-end=\"3808\">Amikor egy <strong data-start=\"3634\" data-end=\"3664\">bubor\u00e9kos sziv\u00e1rg\u00e1svizsg\u00e1lati elj\u00e1r\u00e1s<\/strong>, a megfelel\u0151 berendez\u00e9sek haszn\u00e1lata jelent\u0151sen befoly\u00e1solja a pontoss\u00e1got \u00e9s a hat\u00e9konys\u00e1got. A <strong data-start=\"3743\" data-end=\"3778\">GLT-01 Brutt\u00f3 sziv\u00e1rg\u00e1sm\u00e9r\u0151 bubor\u00e9ktesztel\u0151<\/strong> a Cell Instruments k\u00edn\u00e1lat\u00e1b\u00f3l:<\/p>\n<ul>\n<li data-start=\"3812\" data-end=\"3876\"><strong data-start=\"3812\" data-end=\"3844\">Megb\u00edzhat\u00f3 nyom\u00e1sszab\u00e1lyoz\u00e1s<\/strong> a k\u00f6vetkezetes teszt\u00e9rz\u00e9kenys\u00e9g \u00e9rdek\u00e9ben<\/li>\n<li data-start=\"3879\" data-end=\"3941\"><strong data-start=\"3879\" data-end=\"3902\">\u00c1tl\u00e1tsz\u00f3 kamra<\/strong> a kis sziv\u00e1rg\u00e1sok k\u00f6nny\u0171 felismer\u00e9se \u00e9rdek\u00e9ben<\/li>\n<li data-start=\"3944\" data-end=\"4015\"><strong data-start=\"3944\" data-end=\"3964\">Alkalmazkod\u00f3 kialak\u00edt\u00e1s<\/strong> alkalmas tasakokhoz, t\u00e1lc\u00e1khoz \u00e9s p\u00e1ratlan m\u00e9ret\u0171 mint\u00e1khoz<\/li>\n<li data-start=\"4018\" data-end=\"4093\"><strong data-start=\"4018\" data-end=\"4048\">Megfelel az ASTM F2096 szabv\u00e1nynak<\/strong>, ISO-szabv\u00e1nyok \u00e9s GMP-v\u00e1ltoztat\u00e1si jegyz\u0151k\u00f6nyvek<\/li>\n<\/ul>\n<p data-start=\"4095\" data-end=\"4260\">Ez a tesztel\u0151 seg\u00edt a laborat\u00f3riumoknak \u00e9s a gy\u00e1rt\u00f3soroknak <strong data-start=\"4139\" data-end=\"4177\">racionaliz\u00e1lj\u00e1k tesztel\u00e9si folyamataikat<\/strong>, cs\u00f6kkenti az emberi hib\u00e1kat, \u00e9s jav\u00edtja a csomagol\u00e1si integrit\u00e1s \u00e9rt\u00e9kel\u00e9s\u00e9nek megism\u00e9telhet\u0151s\u00e9g\u00e9t.<\/p>\n<hr \/>\n<h2 data-start=\"4095\" data-end=\"4260\">V\u00e9gs\u0151 gondolatok<\/h2>\n<p data-start=\"4286\" data-end=\"4584\"><strong data-start=\"4286\" data-end=\"4300\"><a href=\"http:\/\/www.qualitester.com\/hu\/termek\/sale-gross-bubble-leak-test-equipment\/\"><img fetchpriority=\"high\" decoding=\"async\" class=\"alignright wp-image-6813 size-medium\" src=\"https:\/\/www.qualitester.com\/wp-content\/uploads\/2025\/07\/Bubble-Leak-Test-Equipment-ASTM-F2096-Gross-Leak-Testing_\u526f\u672c-300x300.webp\" alt=\"ASTM F2096-bubor\u00e9kkibocs\u00e1t\u00e1si teszt\" width=\"300\" height=\"300\" srcset=\"https:\/\/www.qualitester.com\/wp-content\/uploads\/2025\/07\/Bubble-Leak-Test-Equipment-ASTM-F2096-Gross-Leak-Testing_\u526f\u672c-300x300.webp 300w, https:\/\/www.qualitester.com\/wp-content\/uploads\/2025\/07\/Bubble-Leak-Test-Equipment-ASTM-F2096-Gross-Leak-Testing_\u526f\u672c-150x150.webp 150w, https:\/\/www.qualitester.com\/wp-content\/uploads\/2025\/07\/Bubble-Leak-Test-Equipment-ASTM-F2096-Gross-Leak-Testing_\u526f\u672c-12x12.webp 12w, https:\/\/www.qualitester.com\/wp-content\/uploads\/2025\/07\/Bubble-Leak-Test-Equipment-ASTM-F2096-Gross-Leak-Testing_\u526f\u672c-100x100.webp 100w, https:\/\/www.qualitester.com\/wp-content\/uploads\/2025\/07\/Bubble-Leak-Test-Equipment-ASTM-F2096-Gross-Leak-Testing_\u526f\u672c.webp 600w\" sizes=\"(max-width: 300px) 100vw, 300px\" \/><\/a>ASTM F2096<\/strong> praktikus \u00e9s hat\u00e9kony eszk\u00f6zt biztos\u00edt a <strong data-start=\"4346\" data-end=\"4370\">brutt\u00f3 sziv\u00e1rg\u00e1s\u00e9rz\u00e9kel\u00e9s<\/strong> a <strong data-start=\"4383\" data-end=\"4407\">bubor\u00e9kkibocs\u00e1t\u00e1si teszt<\/strong>. A megfelel\u0151 eszk\u00f6z\u00f6kkel, mint p\u00e9ld\u00e1ul a <strong data-start=\"4443\" data-end=\"4478\">GLT-01 brutt\u00f3 sziv\u00e1rg\u00e1sm\u00e9r\u0151 bubor\u00e9ktesztel\u0151<\/strong>, a v\u00e1llalkoz\u00e1sok biztos\u00edthatj\u00e1k a kiv\u00e1l\u00f3 min\u0151s\u00e9g\u0171 csomagol\u00e1si teljes\u00edtm\u00e9nyt, minimaliz\u00e1lhatj\u00e1k a visszah\u00edv\u00e1sokat \u00e9s betarthatj\u00e1k a biztons\u00e1gi el\u0151\u00edr\u00e1sokat.<\/p>\n<p data-start=\"4586\" data-end=\"4788\">Az orvosi, \u00e9lelmiszeripari \u00e9s gy\u00f3gyszeripari szektorok gy\u00e1rt\u00f3i sz\u00e1m\u00e1ra az ASTM F2096 integr\u00e1l\u00e1sa a min\u0151s\u00e9gbiztos\u00edt\u00e1si munkafolyamatokba meger\u0151s\u00edti a k\u00f6vetkez\u0151ket <strong data-start=\"4726\" data-end=\"4751\">szab\u00e1lyoz\u00e1si megfelel\u00e9s<\/strong> \u00e9s n\u00f6veli <strong data-start=\"4763\" data-end=\"4786\">fogyaszt\u00f3i bizalom<\/strong>.<\/p>\n<p data-start=\"4790\" data-end=\"4906\">Fedezzen fel t\u00f6bbet a <strong data-start=\"4813\" data-end=\"4823\">GLT-01<\/strong> teszter, \u00e9s hogy a Cell Instruments hogyan tud megold\u00e1sokat szabni az \u00d6n sziv\u00e1rg\u00e1s\u00e9rz\u00e9kel\u00e9si ig\u00e9nyeihez.<\/p>","protected":false},"excerpt":{"rendered":"<p>ASTM F2096 Gross Bubble Leak Testing ASTM F2096 is a widely recognized standard test method used for detecting gross leaks in packaging through internal pressurization, commonly known as the bubble leak test. This test is critical in quality assurance protocols for medical devices, pharmaceuticals, and other high-integrity packaging sectors. The method involves submerging a package &hellip;<\/p>\n<p class=\"read-more\"> <a class=\"\" href=\"https:\/\/www.qualitester.com\/hu\/standards\/astm-f2096\/\"> <span class=\"screen-reader-text\">ASTM F2096<\/span> Olvass tov\u00e1bb \"<\/a><\/p>","protected":false},"author":3,"featured_media":0,"parent":4948,"menu_order":0,"comment_status":"closed","ping_status":"closed","template":"","meta":{"site-sidebar-layout":"default","site-content-layout":"default","ast-global-header-display":"","ast-main-header-display":"","ast-hfb-above-header-display":"","ast-hfb-below-header-display":"","ast-hfb-mobile-header-display":"","site-post-title":"","ast-breadcrumbs-content":"","ast-featured-img":"","footer-sml-layout":"","theme-transparent-header-meta":"default","adv-header-id-meta":"","stick-header-meta":"","header-above-stick-meta":"","header-main-stick-meta":"","header-below-stick-meta":"","footnotes":""},"class_list":["post-6805","page","type-page","status-publish","hentry"],"_links":{"self":[{"href":"https:\/\/www.qualitester.com\/hu\/wp-json\/wp\/v2\/pages\/6805","targetHints":{"allow":["GET"]}}],"collection":[{"href":"https:\/\/www.qualitester.com\/hu\/wp-json\/wp\/v2\/pages"}],"about":[{"href":"https:\/\/www.qualitester.com\/hu\/wp-json\/wp\/v2\/types\/page"}],"author":[{"embeddable":true,"href":"https:\/\/www.qualitester.com\/hu\/wp-json\/wp\/v2\/users\/3"}],"replies":[{"embeddable":true,"href":"https:\/\/www.qualitester.com\/hu\/wp-json\/wp\/v2\/comments?post=6805"}],"version-history":[{"count":0,"href":"https:\/\/www.qualitester.com\/hu\/wp-json\/wp\/v2\/pages\/6805\/revisions"}],"up":[{"embeddable":true,"href":"https:\/\/www.qualitester.com\/hu\/wp-json\/wp\/v2\/pages\/4948"}],"wp:attachment":[{"href":"https:\/\/www.qualitester.com\/hu\/wp-json\/wp\/v2\/media?parent=6805"}],"curies":[{"name":"wp","href":"https:\/\/api.w.org\/{rel}","templated":true}]}}