{"id":6558,"date":"2025-03-17T16:04:02","date_gmt":"2025-03-17T08:04:02","guid":{"rendered":"https:\/\/www.qualitester.com\/?page_id=6558"},"modified":"2025-03-17T16:56:01","modified_gmt":"2025-03-17T08:56:01","slug":"iso-8510-2","status":"publish","type":"page","link":"https:\/\/www.qualitester.com\/hu\/standards\/iso-8510-2\/","title":{"rendered":"ISO 8510-2"},"content":{"rendered":"<h1 style=\"text-align: center;\">ISO 8510-2<\/h1>\n<p data-pm-slice=\"1 1 []\">Az ISO 8510-2 meghat\u00e1rozza a 180 fokos h\u00e1ml\u00e1si tapad\u00e1si vizsg\u00e1latot az al\u00e1bbiak \u00e9rt\u00e9kel\u00e9s\u00e9hez <strong>ragaszt\u00e1si h\u00e1ml\u00e1si szil\u00e1rds\u00e1g<\/strong> ragasztott anyagok. Ez a szabv\u00e1ny alapvet\u0151 fontoss\u00e1g\u00fa az olyan ipar\u00e1gakban, mint <strong>csomagol\u00e1s, orvosi eszk\u00f6z\u00f6k, elektronika \u00e9s ragaszt\u00f3k<\/strong>, ahol az er\u0151s \u00e9s megb\u00edzhat\u00f3 tapad\u00e1s l\u00e9tfontoss\u00e1g\u00fa. A teszt kritikus betekint\u00e9st ny\u00fajt a <strong>a ragaszt\u00f3k teljes\u00edtm\u00e9nye \u00e9s tart\u00f3ss\u00e1ga<\/strong> a rugalmas tapad\u00f3elem \u00e9s a merev tapad\u00f3elem sz\u00e9tv\u00e1laszt\u00e1s\u00e1hoz sz\u00fcks\u00e9ges er\u0151 m\u00e9r\u00e9s\u00e9vel, ellen\u0151rz\u00f6tt k\u00f6r\u00fclm\u00e9nyek k\u00f6z\u00f6tt.<\/p>\n<h2>Az ISO 8510-2 szerinti vizsg\u00e1lati elj\u00e1r\u00e1s<\/h2>\n<p>A <strong><a href=\"https:\/\/www.qualitester.com\/hu\/termekkategoria-2\/iso\/iso-8510-2\/\" target=\"_blank\" rel=\"noopener\">ISO 8510-<\/a>2 vizsg\u00e1lati m\u00f3dszer<\/strong> mag\u00e1ban foglalja a ragasztott mint\u00e1k szabv\u00e1nyos\u00edtott k\u00f6r\u00fclm\u00e9nyek k\u00f6z\u00f6tti el\u0151k\u00e9sz\u00edt\u00e9s\u00e9t \u00e9s vizsg\u00e1lat\u00e1t. A l\u00e9p\u00e9sek a k\u00f6vetkez\u0151k:<\/p>\n<h3>1. A vizsg\u00e1lati minta el\u0151k\u00e9sz\u00edt\u00e9se<\/h3>\n<ul data-spread=\"false\">\n<li>A k\u00f6tv\u00e9nyes <strong>rugalmas-merev<\/strong> a szerelv\u00e9nyt az \u00e9rt\u00e9kelend\u0151 ragaszt\u00f3val k\u00e9sz\u00edtik el.<\/li>\n<li>A <strong>merev tapad\u00f3elem<\/strong> lehet <strong>f\u00e9m, m\u0171anyag, fa vagy gumi<\/strong> meghat\u00e1rozott vastags\u00e1ggal.<\/li>\n<li>A <strong>rugalmas tapad\u00f3elem<\/strong> ellen kell \u00e1llnia egy <strong>180 fokos hajl\u00edt\u00e1s<\/strong> deform\u00e1ci\u00f3 n\u00e9lk\u00fcl.<\/li>\n<li>A ragaszt\u00f3 alkalmaz\u00e1sa a k\u00f6vetkez\u0151 <strong>ISO 17212<\/strong> vagy a gy\u00e1rt\u00f3 ir\u00e1nymutat\u00e1sai szerint.<\/li>\n<li>A k\u00f6t\u00e9svonalnak <strong>egyenletesen felhordott \u00e9s teljesen kikem\u00e9nyedett<\/strong> a tesztel\u00e9s el\u0151tt.<\/li>\n<\/ul>\n<p><img fetchpriority=\"high\" decoding=\"async\" class=\"wp-image-6591 aligncenter\" src=\"https:\/\/www.qualitester.com\/wp-content\/uploads\/2025\/03\/ISO-8510-2-180-Degree-Peel-Adhesion-Test.png\" alt=\"ISO 8510-2 180 fokos leh\u00faz\u00e1si tapad\u00e1si vizsg\u00e1lat\" width=\"171\" height=\"366\" srcset=\"https:\/\/www.qualitester.com\/wp-content\/uploads\/2025\/03\/ISO-8510-2-180-Degree-Peel-Adhesion-Test.png 278w, https:\/\/www.qualitester.com\/wp-content\/uploads\/2025\/03\/ISO-8510-2-180-Degree-Peel-Adhesion-Test-140x300.png 140w, https:\/\/www.qualitester.com\/wp-content\/uploads\/2025\/03\/ISO-8510-2-180-Degree-Peel-Adhesion-Test-6x12.png 6w\" sizes=\"(max-width: 171px) 100vw, 171px\" \/><\/p>\n<h3>2. Vizsg\u00e1l\u00f3berendez\u00e9sekre vonatkoz\u00f3 k\u00f6vetelm\u00e9nyek<\/h3>\n<ul data-spread=\"false\">\n<li>A <strong>h\u00e1ml\u00e1si tesztg\u00e9p<\/strong> (<a href=\"https:\/\/www.qualitester.com\/hu\/termek\/tst-01-tensile-tester\/\" target=\"_blank\" rel=\"noopener\">szak\u00edt\u00f3vizsg\u00e1lati g\u00e9p<\/a>) sz\u00fcks\u00e9ges.<\/li>\n<li>A g\u00e9pnek fenn kell tartania a <strong>a tapad\u00e1s sz\u00e9tv\u00e1laszt\u00e1s\u00e1nak \u00e1lland\u00f3 m\u00e9rt\u00e9ke<\/strong> (jellemz\u0151en <strong>100 mm\/min \u00b1 10 mm\/min<\/strong>).<\/li>\n<li>A foganty\u00faknak biztons\u00e1gosan kell tartaniuk a <strong>merev \u00e9s rugalmas tapad\u00f3anyagok<\/strong>.<\/li>\n<li>Az er\u0151m\u00e9r\u00e9snek a k\u00f6vetkez\u0151 \u00e9rt\u00e9keken bel\u00fcl kell pontosnak lennie <strong>\u00b12%<\/strong>.<\/li>\n<\/ul>\n<h3>3. Vizsg\u00e1lati elj\u00e1r\u00e1s<\/h3>\n<ul data-spread=\"false\">\n<li>A <strong>merev tapad\u00f3elem<\/strong> a g\u00e9p r\u00f6gz\u00edtett markolat\u00e1ba van beszor\u00edtva.<\/li>\n<li>A <strong>rugalmas tapad\u00f3elem<\/strong> egy \u00f6nbe\u00e1ll\u00f3 markolatba van szor\u00edtva.<\/li>\n<li>A g\u00e9p a ragasztott s\u00edkkal p\u00e1rhuzamos er\u0151t fejt ki, \u00e9s a rugalmas tapad\u00f3elemet egy <strong>180 fokos sz\u00f6g<\/strong>.<\/li>\n<li>A vizsg\u00e1lat addig folytat\u00f3dik, am\u00edg legal\u00e1bb <strong>125 mm a ragasztott hosszb\u00f3l lev\u00e1lt<\/strong>.<\/li>\n<li>A leh\u00faz\u00f3d\u00e1si er\u0151t a <strong>100 mm<\/strong>, kiv\u00e9ve az els\u0151 <strong>25 mm<\/strong>.<\/li>\n<li>A t\u00f6nkremeneteli m\u00f3dot (adh\u00e9zi\u00f3s, koh\u00e9zi\u00f3s vagy adh\u00e9zi\u00f3s t\u00f6nkremenetel) fel kell jegyezni.<\/li>\n<\/ul>\n<h3>4. A h\u00e1ml\u00e1si tesztek eredm\u00e9nyeinek r\u00f6gz\u00edt\u00e9se<\/h3>\n<ul data-spread=\"false\">\n<li>A vizsg\u00e1lat meghat\u00e1rozza a <strong>\u00e1tlagos leh\u00faz\u00f3d\u00e1si er\u0151 newtonban<\/strong> a vizsg\u00e1lat hossza alatt.<\/li>\n<li><strong>Maxim\u00e1lis \u00e9s minim\u00e1lis er\u0151k<\/strong> r\u00f6gz\u00edt\u00e9sre ker\u00fclnek.<\/li>\n<li>Az eredm\u00e9nyek seg\u00edtenek <strong>ragaszt\u00f3formul\u00e1k \u00f6sszehasonl\u00edt\u00e1sa<\/strong> \u00e9s <strong>a termel\u00e9s k\u00f6vetkezetess\u00e9g\u00e9nek biztos\u00edt\u00e1sa<\/strong>.<\/li>\n<\/ul>\n<h2 data-pm-slice=\"1 3 []\">A 180 fokos leh\u00faz\u00e1si tapad\u00e1si teszt jelent\u0151s\u00e9ge<\/h2>\n<p>A <strong>180 fokos h\u00e1ml\u00e1si tapad\u00e1si teszt<\/strong> sz\u00e9les k\u00f6rben haszn\u00e1lj\u00e1k a <strong>h\u00e1ml\u00e1si ellen\u00e1ll\u00e1s<\/strong> ragaszt\u00f3k. Seg\u00edt a gy\u00e1rt\u00f3knak biztos\u00edtani, hogy ragaszt\u00f3term\u00e9keik megfeleljenek az ipar\u00e1gi teljes\u00edtm\u00e9nyelv\u00e1r\u00e1soknak. A legfontosabb alkalmaz\u00e1sok k\u00f6z\u00e9 tartoznak:<\/p>\n<ul data-spread=\"false\">\n<li><strong>Min\u0151s\u00e9gellen\u0151rz\u00e9s<\/strong> a csomagol\u00e1sban \u00e9s az orvosi alkalmaz\u00e1sokban haszn\u00e1lt ragaszt\u00f3khoz<\/li>\n<li><strong>Kutat\u00e1s \u00e9s fejleszt\u00e9s<\/strong> a ragaszt\u00f3k\u00e9sz\u00edtm\u00e9nyek jav\u00edt\u00e1s\u00e1ra<\/li>\n<li><strong>Megfelel\u00e9s<\/strong> a nemzetk\u00f6zi ragaszt\u00f3anyag-vizsg\u00e1lati szabv\u00e1nyoknak megfelel\u0151en<\/li>\n<\/ul>\n<h2>Prec\u00edzi\u00f3s Peel tesztg\u00e9p ragaszt\u00f3szalaghoz<\/h2>\n<ul data-spread=\"false\">\n<li><strong>Precizit\u00e1s \u00e9s pontoss\u00e1g<\/strong> (er\u0151m\u00e9r\u00e9s a <strong>2% tolerancia<\/strong>)<\/li>\n<li><strong>\u00c1ll\u00edthat\u00f3 fog\u00e1slev\u00e1laszt\u00e1si ar\u00e1nyok<\/strong><\/li>\n<li><strong>PLC vez\u00e9rl\u00e9s<\/strong><\/li>\n<li><strong>Adatr\u00f6gz\u00edt\u00e9si k\u00e9pess\u00e9gek<\/strong> elemz\u00e9sre<\/li>\n<li>Tov\u00e1bbi inform\u00e1ci\u00f3 <a href=\"https:\/\/www.qualitester.com\/hu\/termek\/tst-01-tensile-tester\/\" target=\"_blank\" rel=\"noopener\">H\u00e1moz\u00e1si tesztg\u00e9p<\/a>...<\/li>\n<\/ul>\n<p style=\"text-align: center;\"><big><big>Nagy pontoss\u00e1g\u00fa <a href=\"https:\/\/www.qualitester.com\/hu\/termek\/tst-01-tensile-tester\/\"><strong>a ragaszt\u00f3 h\u00e1ml\u00e1si szil\u00e1rds\u00e1g\u00e1nak vizsg\u00e1lata<\/strong><\/a>, kapcsolat <a href=\"https:\/\/www.qualitester.com\/hu\/\"><strong>Cell Instruments<\/strong><\/a> ma!<\/big><\/big><\/p>\n<h2>GYIK<\/h2>\n<p><strong>1. Mi az ISO 8510-2?<br \/>\n<\/strong>Az ISO 8510-2 egy nemzetk\u00f6zi szabv\u00e1ny, amely meghat\u00e1rozza a <strong>180 fokos h\u00e1ml\u00e1si tapad\u00e1si teszt<\/strong> m\u00e9rni <strong>ragaszt\u00e1si h\u00e1ml\u00e1si szil\u00e1rds\u00e1g<\/strong>.<\/p>\n<p><strong>2. Mi\u00e9rt fontos a 180 fokos h\u00e1ml\u00e1si tapad\u00e1si teszt?<br \/>\n<\/strong>Ez a teszt \u00e9rt\u00e9keli a <strong>k\u00f6t\u00e9si szil\u00e1rds\u00e1g<\/strong> a ragaszt\u00f3k, biztos\u00edtva, hogy megfeleljenek az ipari k\u00f6vetelm\u00e9nyeknek a <strong>tart\u00f3ss\u00e1g \u00e9s megb\u00edzhat\u00f3s\u00e1g<\/strong>.<\/p>\n<p><strong>3. Milyen felszerel\u00e9sre van sz\u00fcks\u00e9g az ISO 8510-2 vizsg\u00e1lathoz?<br \/>\n<\/strong>A <strong>h\u00e1ml\u00e1si tesztg\u00e9p<\/strong>, amely k\u00e9pes \u00e1lland\u00f3 fog\u00e1slev\u00e1laszt\u00e1si ar\u00e1nyt, pontos er\u0151m\u00e9r\u00e9st \u00e9s biztons\u00e1gos fog\u00e1sokat fenntartani.<\/p>\n<p><strong>4. Milyen t\u00e9nyez\u0151k befoly\u00e1solj\u00e1k a h\u00e1ml\u00e1si szil\u00e1rds\u00e1got ebben a vizsg\u00e1latban?<br \/>\n<\/strong>A t\u00e9nyez\u0151k k\u00f6z\u00e9 tartoznak <strong>ragaszt\u00f3 t\u00edpusa, fel\u00fclet-el\u0151k\u00e9sz\u00edt\u00e9s, ragaszt\u00f3anyag \u00e9s vizsg\u00e1lati sebess\u00e9g<\/strong>.<\/p>\n<p><strong>5. Hol alkalmazz\u00e1k az ISO 8510-2 szabv\u00e1ny szerinti vizsg\u00e1latot?<br \/>\n<\/strong>A leggyakoribb ipar\u00e1gak k\u00f6z\u00e9 tartoznak <strong>csomagol\u00f3anyag-, orvosi, elektronikai, aut\u00f3ipari \u00e9s ragaszt\u00f3anyag-gy\u00e1rt\u00e1s<\/strong>.<\/p>","protected":false},"excerpt":{"rendered":"<p>ISO 8510-2 ISO 8510-2 specifies the 180-degree peel adhesion test for evaluating the adhesive peel strength of bonded materials. This standard is essential in industries such as packaging, medical devices, electronics, and adhesives, where strong and reliable adhesion is crucial. The test provides critical insights into the performance and durability of adhesives by measuring the &hellip;<\/p>\n<p class=\"read-more\"> <a class=\"\" href=\"https:\/\/www.qualitester.com\/hu\/standards\/iso-8510-2\/\"> <span class=\"screen-reader-text\">ISO 8510-2<\/span> Olvass tov\u00e1bb \"<\/a><\/p>","protected":false},"author":4,"featured_media":0,"parent":4948,"menu_order":0,"comment_status":"closed","ping_status":"closed","template":"","meta":{"site-sidebar-layout":"default","site-content-layout":"default","ast-global-header-display":"","ast-main-header-display":"","ast-hfb-above-header-display":"","ast-hfb-below-header-display":"","ast-hfb-mobile-header-display":"","site-post-title":"disabled","ast-breadcrumbs-content":"","ast-featured-img":"","footer-sml-layout":"","theme-transparent-header-meta":"default","adv-header-id-meta":"","stick-header-meta":"","header-above-stick-meta":"","header-main-stick-meta":"","header-below-stick-meta":"","footnotes":""},"class_list":["post-6558","page","type-page","status-publish","hentry"],"_links":{"self":[{"href":"https:\/\/www.qualitester.com\/hu\/wp-json\/wp\/v2\/pages\/6558","targetHints":{"allow":["GET"]}}],"collection":[{"href":"https:\/\/www.qualitester.com\/hu\/wp-json\/wp\/v2\/pages"}],"about":[{"href":"https:\/\/www.qualitester.com\/hu\/wp-json\/wp\/v2\/types\/page"}],"author":[{"embeddable":true,"href":"https:\/\/www.qualitester.com\/hu\/wp-json\/wp\/v2\/users\/4"}],"replies":[{"embeddable":true,"href":"https:\/\/www.qualitester.com\/hu\/wp-json\/wp\/v2\/comments?post=6558"}],"version-history":[{"count":0,"href":"https:\/\/www.qualitester.com\/hu\/wp-json\/wp\/v2\/pages\/6558\/revisions"}],"up":[{"embeddable":true,"href":"https:\/\/www.qualitester.com\/hu\/wp-json\/wp\/v2\/pages\/4948"}],"wp:attachment":[{"href":"https:\/\/www.qualitester.com\/hu\/wp-json\/wp\/v2\/media?parent=6558"}],"curies":[{"name":"wp","href":"https:\/\/api.w.org\/{rel}","templated":true}]}}