{"id":7508,"date":"2025-10-10T16:06:20","date_gmt":"2025-10-10T08:06:20","guid":{"rendered":"https:\/\/www.qualitester.com\/?post_type=product&#038;p=7508"},"modified":"2025-10-10T16:06:21","modified_gmt":"2025-10-10T08:06:21","slug":"tennis-ball-compression-tester","status":"publish","type":"product","link":"https:\/\/www.qualitester.com\/fr\/produit\/tennis-ball-compression-tester\/","title":{"rendered":"TBCT-01 Testeur de compression de balles de tennis"},"content":{"rendered":"<p data-start=\"459\" data-end=\"877\">Dans le monde du tennis professionnel et de loisir, <strong data-start=\"513\" data-end=\"533\">consistance de la balle<\/strong> joue un r\u00f4le crucial en garantissant le fair-play et la performance des athl\u00e8tes. Pour ce faire, les fabricants et les inspecteurs de la qualit\u00e9 s'appuient sur des \u00e9quipements de test pr\u00e9cis tels que le <strong data-start=\"699\" data-end=\"733\">Testeur de compression pour balles de tennis<\/strong>. Cet instrument \u00e9value la d\u00e9formation d'une balle de tennis sous l'effet d'une force sp\u00e9cifique, refl\u00e9tant ainsi son degr\u00e9 de r\u00e9sistance \u00e0 l'usure. <strong data-start=\"831\" data-end=\"874\">\u00e9lasticit\u00e9, r\u00e9silience et jouabilit\u00e9<\/strong>.<\/p>\n<p data-start=\"879\" data-end=\"1156\">Selon la <strong data-start=\"896\" data-end=\"937\">F\u00e9d\u00e9ration internationale de tennis (ITF)<\/strong> et <strong data-start=\"942\" data-end=\"955\">GBT 20045<\/strong>, Le test de compression est l'un des indicateurs de qualit\u00e9 les plus essentiels pour les balles de tennis. Une balle trop molle ou trop dure peut avoir un impact significatif sur le jeu et ne r\u00e9pond pas aux normes de certification.<\/p>\n<hr data-start=\"1158\" data-end=\"1161\" \/>\n<h2 data-start=\"3930\" data-end=\"4003\">Cell Instruments TBCT-01 Testeur de compression de balles de tennis<\/h2>\n<p data-start=\"4005\" data-end=\"4202\">Pour les laboratoires et les fabricants \u00e0 la recherche d'une solution professionnelle et conforme, le <strong data-start=\"4091\" data-end=\"4150\">Cell Instruments TBCT-01 Testeur de compression de balles de tennis<\/strong> offre une plateforme de test fiable et automatis\u00e9e.<img fetchpriority=\"high\" decoding=\"async\" class=\"size-medium wp-image-7510 alignright\" src=\"https:\/\/www.qualitester.com\/wp-content\/uploads\/2025\/10\/TBCT-01-Tennis-Ball-Compression-Tester-300x300.jpg\" alt=\"TBCT-01 Testeur de compression de balles de tennis\" width=\"300\" height=\"300\" srcset=\"https:\/\/www.qualitester.com\/wp-content\/uploads\/2025\/10\/TBCT-01-Tennis-Ball-Compression-Tester-300x300.jpg 300w, https:\/\/www.qualitester.com\/wp-content\/uploads\/2025\/10\/TBCT-01-Tennis-Ball-Compression-Tester-150x150.jpg 150w, https:\/\/www.qualitester.com\/wp-content\/uploads\/2025\/10\/TBCT-01-Tennis-Ball-Compression-Tester-12x12.jpg 12w, https:\/\/www.qualitester.com\/wp-content\/uploads\/2025\/10\/TBCT-01-Tennis-Ball-Compression-Tester-100x100.jpg 100w, https:\/\/www.qualitester.com\/wp-content\/uploads\/2025\/10\/TBCT-01-Tennis-Ball-Compression-Tester.jpg 600w\" sizes=\"(max-width: 300px) 100vw, 300px\" \/><\/p>\n<p data-start=\"4204\" data-end=\"4233\"><strong data-start=\"4204\" data-end=\"4231\">Les principaux avantages sont les suivants :<\/strong><\/p>\n<ul>\n<li data-start=\"4236\" data-end=\"4298\"><strong data-start=\"4236\" data-end=\"4255\">Conformit\u00e9 totale<\/strong> avec <strong data-start=\"4261\" data-end=\"4274\">GBT 20045<\/strong> et <strong data-start=\"4279\" data-end=\"4295\">ITF TB 03\/01<\/strong>.<\/li>\n<li data-start=\"4301\" data-end=\"4364\"><strong data-start=\"4301\" data-end=\"4333\">Capteurs de force de haute pr\u00e9cision<\/strong> pour la mesure de la d\u00e9formation.<\/li>\n<li data-start=\"4367\" data-end=\"4459\"><strong data-start=\"4367\" data-end=\"4403\">Interface logicielle conviviale<\/strong> pour l'acquisition automatique de donn\u00e9es et la g\u00e9n\u00e9ration de rapports.<\/li>\n<li data-start=\"4462\" data-end=\"4537\"><strong data-start=\"4462\" data-end=\"4500\">Contr\u00f4le coh\u00e9rent de la pr\u00e9compression<\/strong>, \u00e9liminant ainsi la variabilit\u00e9 de l'op\u00e9rateur.<\/li>\n<li data-start=\"4540\" data-end=\"4611\"><strong data-start=\"4540\" data-end=\"4558\">Conception durable<\/strong> convient pour une utilisation continue en laboratoire ou en usine.<\/li>\n<\/ul>\n<p><strong>Param\u00e8tre principal :<\/strong><\/p>\n<table style=\"height: 396px;\" width=\"361\">\n<tbody>\n<tr>\n<td width=\"167\">Plage de test<\/td>\n<td width=\"337\">20 kg<\/td>\n<\/tr>\n<tr>\n<td width=\"167\">Accident vasculaire c\u00e9r\u00e9bral<\/td>\n<td width=\"337\">250 mm (sans plaques)<\/td>\n<\/tr>\n<tr>\n<td width=\"167\">Vitesse<\/td>\n<td width=\"337\">1-500 mm\/min (r\u00e9glable)<\/td>\n<\/tr>\n<tr>\n<td width=\"167\">Pr\u00e9cision du d\u00e9placement<\/td>\n<td width=\"337\">+\/-0,01 mm<\/td>\n<\/tr>\n<tr>\n<td width=\"167\">Pr\u00e9cision de la force<\/td>\n<td width=\"337\">\u00b10,5 % F.S.<\/td>\n<\/tr>\n<tr>\n<td width=\"167\">Diam\u00e8tre de la plaque<\/td>\n<td width=\"337\">70 mm (jusqu'\u00e0 100 mm)<\/td>\n<\/tr>\n<tr>\n<td width=\"167\">Contr\u00f4le et interface utilisateur<\/td>\n<td width=\"337\">PLC + \u00e9cran tactile 7\u2033 HMI<\/td>\n<\/tr>\n<tr>\n<td width=\"167\">Sortie de donn\u00e9es<\/td>\n<td width=\"337\">\u00c9cran, micro-imprimante (opt.), RS-232 (opt., exportation PDF)<\/td>\n<\/tr>\n<tr>\n<td width=\"167\">Pouvoir<\/td>\n<td width=\"337\">CA 110~220V 50\/60Hz<\/td>\n<\/tr>\n<\/tbody>\n<\/table>\n<p data-start=\"4613\" data-end=\"4810\">En int\u00e9grant le TBCT-01 dans les processus de production ou d'inspection, les utilisateurs peuvent s'assurer que chaque bille r\u00e9pond aux crit\u00e8res suivants <strong data-start=\"4715\" data-end=\"4754\">normes internationales de jouabilit\u00e9<\/strong>, am\u00e9liorer la fiabilit\u00e9 du produit et la cr\u00e9dibilit\u00e9 de la marque.<\/p>\n<hr data-start=\"4812\" data-end=\"4815\" \/>\n<h2 data-start=\"1163\" data-end=\"1217\">Importance du testeur de compression des balles de tennis<\/h2>\n<p data-start=\"1219\" data-end=\"1516\">UN <strong data-start=\"1221\" data-end=\"1255\">Testeur de compression pour balles de tennis<\/strong> veille \u00e0 ce que chaque balle r\u00e9ponde aux sp\u00e9cifications standard en mati\u00e8re de d\u00e9formation dans des conditions contr\u00f4l\u00e9es. La d\u00e9formation refl\u00e8te l'\u00e9quilibre entre la pression interne et la r\u00e9silience du caoutchouc, ce qui a une incidence directe sur les \u00e9l\u00e9ments suivants <strong data-start=\"1464\" data-end=\"1501\">vitesse, hauteur de rebond et contr\u00f4le<\/strong> pendant le jeu.<\/p>\n<p data-start=\"1518\" data-end=\"1914\">Par exemple, les tournois de tennis professionnels n'acceptent que les balles qui passent l'\u00e9preuve du <strong data-start=\"1596\" data-end=\"1619\">R\u00e8gles de tennis de l'ITF<\/strong> pour la compression et le rebond. Les balles non conformes peuvent alt\u00e9rer la vitesse des \u00e9changes ou cr\u00e9er des avantages d\u00e9loyaux sur le terrain. C'est pourquoi des tests pr\u00e9cis sont essentiels non seulement pour les fabricants, mais aussi pour <strong data-start=\"1818\" data-end=\"1872\">organisateurs de tournois, agences d'inspection de la qualit\u00e9<\/strong>, et <strong data-start=\"1878\" data-end=\"1911\">laboratoires d'\u00e9quipements sportifs<\/strong>.<\/p>\n<hr data-start=\"1916\" data-end=\"1919\" \/>\n<h2 data-start=\"1921\" data-end=\"1958\">Principe et proc\u00e9dure d'essai<\/h2>\n<p data-start=\"1960\" data-end=\"2144\">Le principe du test est d\u00e9riv\u00e9 de la <strong data-start=\"2002\" data-end=\"2042\">M\u00e9thode d'essai de d\u00e9formation ITF TB 03\/01<\/strong>, \u00e9galement sp\u00e9cifi\u00e9 dans <strong data-start=\"2062\" data-end=\"2075\">GBT 20045<\/strong>, qui d\u00e9finit le processus de compression m\u00e9canique des balles de tennis.<\/p>\n<p data-start=\"2146\" data-end=\"2392\">Avant la mesure, la balle est <strong data-start=\"2178\" data-end=\"2196\">pr\u00e9-compress\u00e9<\/strong> sur une distance de <strong data-start=\"2219\" data-end=\"2239\">2,54 cm (1 pouce)<\/strong> trois fois le long de chacun des trois axes perpendiculaires. Ce processus de pr\u00e9-conditionnement \u00e9limine le \u201cset\u201d de la balle et garantit des r\u00e9sultats de test coh\u00e9rents.<\/p>\n<p data-start=\"2394\" data-end=\"2430\">Une fois le pr\u00e9-conditionnement termin\u00e9 :<\/p>\n<ol>\n<li data-start=\"2435\" data-end=\"2515\">La balle est plac\u00e9e entre <strong data-start=\"2462\" data-end=\"2486\">deux plateaux parall\u00e8les<\/strong> du testeur de compression.<\/li>\n<li data-start=\"2519\" data-end=\"2589\">UN <strong data-start=\"2521\" data-end=\"2544\">force pr\u00e9d\u00e9termin\u00e9e<\/strong> est appliqu\u00e9e le long du diam\u00e8tre de la bille.<\/li>\n<li data-start=\"2593\" data-end=\"2668\">Le r\u00e9sultat <strong data-start=\"2607\" data-end=\"2641\">d\u00e9formation \u00e0 l'aller et au retour<\/strong> sont mesur\u00e9s avec pr\u00e9cision.<\/li>\n<li data-start=\"2672\" data-end=\"2746\">Les valeurs sont compar\u00e9es aux fourchettes standard d\u00e9finies par l'ITF et le GBT 20045.<\/li>\n<\/ol>\n<p data-start=\"2748\" data-end=\"2908\">Pour pouvoir \u00eatre utilis\u00e9e dans le cadre d'un tournoi, une balle doit \u00e9galement passer \u00e0 travers ou \u00eatre limit\u00e9e par <strong data-start=\"2829\" data-end=\"2853\">jauges d'anneaux sp\u00e9cifiques<\/strong> sous son propre poids, ce qui garantit la pr\u00e9cision des dimensions :<\/p>\n<ul>\n<li data-start=\"2912\" data-end=\"2985\"><strong data-start=\"2912\" data-end=\"2932\">Boule de type 1 et 2 :<\/strong> Doit passer par 6,86 cm et non par 6,54 cm.<\/li>\n<li data-start=\"2988\" data-end=\"3057\"><strong data-start=\"2988\" data-end=\"3004\">Type de bille 3 :<\/strong> Doit passer par 7,30 cm et non par 7,00 cm.<\/li>\n<li data-start=\"3060\" data-end=\"3138\"><strong data-start=\"3060\" data-end=\"3085\">\u00c9tape 1 (balle verte) :<\/strong> Doit passer par 6,86 cm et non par 6,30 cm.<\/li>\n<\/ul>\n<p data-start=\"3140\" data-end=\"3247\">Ces tol\u00e9rances pr\u00e9cises garantissent un diam\u00e8tre et des propri\u00e9t\u00e9s de d\u00e9formation constants dans tous les lots de production.<\/p>\n<hr data-start=\"3249\" data-end=\"3252\" \/>\n<h2 data-start=\"3254\" data-end=\"3295\">Relation avec les r\u00e8gles de l'ITF et le GBT 20045<\/h2>\n<p data-start=\"3297\" data-end=\"3524\">Les deux <strong data-start=\"3306\" data-end=\"3329\">R\u00e8gles de tennis de l'ITF<\/strong> et <strong data-start=\"3334\" data-end=\"3347\">GBT 20045<\/strong> insister sur le fait que la d\u00e9formation de la balle doit \u00eatre test\u00e9e \u00e0 l'aide d'un dispositif de compression approuv\u00e9, tel qu'un <strong data-start=\"3442\" data-end=\"3470\">modifi\u00e9e Stevens Machine<\/strong> ou \u00e9quivalent. Le testeur de compression doit pr\u00e9senter les caract\u00e9ristiques suivantes<\/p>\n<ul>\n<li data-start=\"3528\" data-end=\"3585\">Deux <strong data-start=\"3532\" data-end=\"3553\">plateaux identiques<\/strong> align\u00e9s axialement et parall\u00e8lement.<\/li>\n<li data-start=\"3588\" data-end=\"3671\">UN <strong data-start=\"3590\" data-end=\"3616\">dispositif de mesure de la force<\/strong> capable d'enregistrer une d\u00e9formation sous une charge appliqu\u00e9e.<\/li>\n<li data-start=\"3674\" data-end=\"3744\">Une structure rigide et calibr\u00e9e assurant la r\u00e9p\u00e9tabilit\u00e9 des mesures.<\/li>\n<\/ul>\n<p data-start=\"3746\" data-end=\"3923\">Le <strong data-start=\"3750\" data-end=\"3784\">Testeur de d\u00e9formation de balles de tennis<\/strong> bas\u00e9 sur ces principes fournit des donn\u00e9es pr\u00e9cises et reproductibles, essentielles pour v\u00e9rifier la conformit\u00e9 des ballons avec les normes de l <strong data-start=\"3891\" data-end=\"3920\">Exigences d'approbation de l'ITF<\/strong>.<\/p>\n<hr data-start=\"3925\" data-end=\"3928\" \/>\n<h2 data-start=\"4817\" data-end=\"4854\">L'importance des tests de compression<\/h2>\n<p data-start=\"4856\" data-end=\"5149\">Les essais de compression fournissent des donn\u00e9es objectives sur <strong data-start=\"4907\" data-end=\"4928\">sensation et r\u00e9ponse<\/strong> d'une balle de tennis. Une d\u00e9formation trop importante signifie que la balle est <strong data-start=\"4986\" data-end=\"4998\">trop doux<\/strong>, La d\u00e9formation est trop faible, ce qui entra\u00eene un ralentissement de la vitesse et une diminution du rebond. Une d\u00e9formation trop faible indique <strong data-start=\"5075\" data-end=\"5092\">duret\u00e9 excessive<\/strong>, ce qui peut accro\u00eetre la fatigue du joueur et r\u00e9duire le contr\u00f4le.<\/p>\n<p data-start=\"5151\" data-end=\"5446\">Gr\u00e2ce \u00e0 la <strong data-start=\"5163\" data-end=\"5197\">Testeur de compression pour balles de tennis<\/strong>, Gr\u00e2ce \u00e0 l'utilisation de l'ITF, ces variations subtiles peuvent \u00eatre quantifi\u00e9es et corrig\u00e9es d\u00e8s le d\u00e9but de la production. Cette m\u00e9thode de test aide les fabricants \u00e0 maintenir un profil de performance stable d'un lot \u00e0 l'autre - une condition essentielle pour la certification ITF et la satisfaction des clients.<\/p>\n<hr data-start=\"5448\" data-end=\"5451\" \/>\n<p data-start=\"5471\" data-end=\"5769\">Le <strong data-start=\"5475\" data-end=\"5509\">Testeur de compression pour balles de tennis<\/strong> est indispensable pour garantir l'int\u00e9grit\u00e9 structurelle et l'uniformit\u00e9 des performances des balles de tennis. En adh\u00e9rant \u00e0 <strong data-start=\"5624\" data-end=\"5647\">R\u00e8gles de tennis de l'ITF<\/strong> et <strong data-start=\"5652\" data-end=\"5665\">GBT 20045<\/strong>, Les fabricants peuvent donc produire en toute confiance des balles qui r\u00e9pondent aux normes internationales pour le jeu professionnel.<\/p>\n<p data-start=\"5771\" data-end=\"5961\">Pour les organisations qui recherchent des solutions d'essai fiables, pr\u00e9cises et conformes, la <strong data-start=\"5856\" data-end=\"5884\">Cell Instruments TBCT-01<\/strong> offre un choix id\u00e9al, \u00e9quilibrant pr\u00e9cision, efficacit\u00e9 et fiabilit\u00e9.<\/p>","protected":false},"excerpt":{"rendered":"<p>Dans le monde du tennis professionnel et de loisir, la r\u00e9gularit\u00e9 de la balle joue un r\u00f4le crucial pour garantir le fair-play et la performance des athl\u00e8tes. Pour y parvenir, les fabricants et les inspecteurs de qualit\u00e9 s'appuient sur un \u00e9quipement de test pr\u00e9cis comme le testeur de compression de balles de tennis. Cet instrument \u00e9value la d\u00e9formation d'une balle de tennis sous l'effet d'une force sp\u00e9cifique, refl\u00e9tant ainsi son \u00e9lasticit\u00e9, sa ...<\/p>\n<p class=\"read-more\"> <a class=\"\" href=\"https:\/\/www.qualitester.com\/fr\/produit\/tennis-ball-compression-tester\/\"> <span class=\"screen-reader-text\">TBCT-01 Testeur de compression de balles de tennis<\/span> Lire la suite \"<\/a><\/p>","protected":false},"featured_media":7510,"comment_status":"closed","ping_status":"closed","template":"","meta":{"site-sidebar-layout":"default","site-content-layout":"default","ast-global-header-display":"","ast-main-header-display":"","ast-hfb-above-header-display":"","ast-hfb-below-header-display":"","ast-hfb-mobile-header-display":"","site-post-title":"","ast-breadcrumbs-content":"","ast-featured-img":"","footer-sml-layout":"","theme-transparent-header-meta":"default","adv-header-id-meta":"","stick-header-meta":"","header-above-stick-meta":"","header-main-stick-meta":"","header-below-stick-meta":""},"product_cat":[1186],"product_tag":[],"class_list":{"0":"post-7508","1":"product","2":"type-product","3":"status-publish","4":"has-post-thumbnail","6":"product_cat-compression-tester","7":"desktop-align-left","8":"tablet-align-left","9":"mobile-align-left","11":"first","12":"instock","13":"shipping-taxable","14":"product-type-simple"},"_links":{"self":[{"href":"https:\/\/www.qualitester.com\/fr\/wp-json\/wp\/v2\/product\/7508","targetHints":{"allow":["GET"]}}],"collection":[{"href":"https:\/\/www.qualitester.com\/fr\/wp-json\/wp\/v2\/product"}],"about":[{"href":"https:\/\/www.qualitester.com\/fr\/wp-json\/wp\/v2\/types\/product"}],"replies":[{"embeddable":true,"href":"https:\/\/www.qualitester.com\/fr\/wp-json\/wp\/v2\/comments?post=7508"}],"version-history":[{"count":0,"href":"https:\/\/www.qualitester.com\/fr\/wp-json\/wp\/v2\/product\/7508\/revisions"}],"wp:featuredmedia":[{"embeddable":true,"href":"https:\/\/www.qualitester.com\/fr\/wp-json\/wp\/v2\/media\/7510"}],"wp:attachment":[{"href":"https:\/\/www.qualitester.com\/fr\/wp-json\/wp\/v2\/media?parent=7508"}],"wp:term":[{"taxonomy":"product_cat","embeddable":true,"href":"https:\/\/www.qualitester.com\/fr\/wp-json\/wp\/v2\/product_cat?post=7508"},{"taxonomy":"product_tag","embeddable":true,"href":"https:\/\/www.qualitester.com\/fr\/wp-json\/wp\/v2\/product_tag?post=7508"}],"curies":[{"name":"wp","href":"https:\/\/api.w.org\/{rel}","templated":true}]}}