{"id":6683,"date":"2025-06-03T15:41:39","date_gmt":"2025-06-03T07:41:39","guid":{"rendered":"https:\/\/www.qualitester.com\/?post_type=product&#038;p=6683"},"modified":"2025-06-03T15:51:24","modified_gmt":"2025-06-03T07:51:24","slug":"box-compression-test-machine","status":"publish","type":"product","link":"https:\/\/www.qualitester.com\/fr\/produit\/box-compression-test-machine\/","title":{"rendered":"Machine d'essai de compression de bo\u00eetes BCT-600"},"content":{"rendered":"<article class=\"text-token-text-primary w-full\" dir=\"auto\" data-testid=\"conversation-turn-2\" data-scroll-anchor=\"true\">\n<div class=\"text-base my-auto mx-auto py-5 [--thread-content-margin:--spacing(4)] @[37rem]:[--thread-content-margin:--spacing(6)] @[72rem]:[--thread-content-margin:--spacing(16)] px-(--thread-content-margin)\">\n<div class=\"[--thread-content-max-width:32rem] @[34rem]:[--thread-content-max-width:40rem] @[64rem]:[--thread-content-max-width:48rem] mx-auto flex max-w-(--thread-content-max-width) flex-1 text-base gap-4 md:gap-5 lg:gap-6 group\/turn-messages focus-visible:outline-hidden\" tabindex=\"-1\">\n<div class=\"group\/conversation-turn relative flex w-full min-w-0 flex-col agent-turn\">\n<div class=\"relative flex-col gap-1 md:gap-3\">\n<div class=\"flex max-w-full flex-col grow\">\n<div class=\"min-h-8 text-message relative flex w-full flex-col items-end gap-2 text-start break-words whitespace-normal [.text-message+&amp;]:mt-5\" dir=\"auto\" data-message-author-role=\"assistant\" data-message-id=\"08f376dd-ec5f-4b94-bf17-6fe7cdf85fc2\" data-message-model-slug=\"gpt-4o\">\n<div class=\"flex w-full flex-col gap-1 empty:hidden first:pt-[3px]\">\n<div class=\"markdown prose dark:prose-invert w-full break-words light\">\n<h2 data-start=\"430\" data-end=\"957\">Comprendre le r\u00f4le d'une machine d'essai de compression en bo\u00eete<\/h2>\n<p data-start=\"430\" data-end=\"957\">Le <a href=\"https:\/\/www.qualitester.com\/fr\/produit\/box-compression-test-machine\/\"><strong data-start=\"497\" data-end=\"529\">machine d'essai de compression de bo\u00eetes<\/strong><\/a> joue un r\u00f4le essentiel en garantissant la solidit\u00e9 et la fiabilit\u00e9 des mat\u00e9riaux d'emballage dans divers secteurs. Dans les secteurs de la logistique, de l'entreposage et du commerce \u00e9lectronique, la r\u00e9sistance des emballages a un impact direct sur la s\u00e9curit\u00e9 des produits et l'efficacit\u00e9 op\u00e9rationnelle. L'utilisation d'un <strong data-start=\"784\" data-end=\"816\">machine d'essai de compression de bo\u00eetes<\/strong> permet aux fabricants d'\u00e9valuer la r\u00e9sistance \u00e0 la compression des emballages, ce qui contribue \u00e0 r\u00e9duire les risques de dommages et \u00e0 se conformer aux normes internationales.<\/p>\n<h2 data-start=\"959\" data-end=\"1228\">Applications de la machine d'essai de compression en bo\u00eete<\/h2>\n<p data-start=\"959\" data-end=\"1228\">UN <strong data-start=\"1016\" data-end=\"1048\">machine d'essai de compression de bo\u00eetes<\/strong> \u00e9value la mani\u00e8re dont les mat\u00e9riaux d'emballage, tels que les bo\u00eetes en carton ondul\u00e9, les conteneurs en plastique et les caisses en bois, se comportent sous l'effet de charges de compression ou de pressions d'empilage. Les principales applications sont les suivantes :<\/p>\n<ul data-start=\"1230\" data-end=\"1646\">\n<li data-start=\"1230\" data-end=\"1323\">\n<p data-start=\"1232\" data-end=\"1323\"><strong data-start=\"1232\" data-end=\"1267\">Bo\u00eetes en carton ondul\u00e9 et panneaux de fibres<\/strong> - Courant dans les emballages de commerce \u00e9lectronique, de produits alimentaires et de boissons.<\/p>\n<\/li>\n<li data-start=\"1324\" data-end=\"1432\">\n<p data-start=\"1326\" data-end=\"1432\"><strong data-start=\"1326\" data-end=\"1358\">Conteneurs et f\u00fbts en plastique<\/strong> - Essentiel dans les industries pharmaceutiques, chimiques et chimiques quotidiennes.<\/p>\n<\/li>\n<li data-start=\"1433\" data-end=\"1537\">\n<p data-start=\"1435\" data-end=\"1537\"><strong data-start=\"1435\" data-end=\"1476\">Caisses en bois et mat\u00e9riaux composites<\/strong> - Largement utilis\u00e9 dans les machines lourdes et les emballages automobiles.<\/p>\n<\/li>\n<li data-start=\"1538\" data-end=\"1646\">\n<p data-start=\"1540\" data-end=\"1646\"><strong data-start=\"1540\" data-end=\"1567\">R&amp;D et contr\u00f4le de la qualit\u00e9<\/strong> - Optimiser l'\u00e9paisseur des mat\u00e9riaux, valider les conceptions et confirmer les performances.<\/p>\n<\/li>\n<\/ul>\n<p data-start=\"1648\" data-end=\"1814\">Ces machines servent <strong data-start=\"1669\" data-end=\"1696\">fabricants d'emballages<\/strong>, <strong data-start=\"1698\" data-end=\"1729\">agences d'inspection de la qualit\u00e9<\/strong>, et <strong data-start=\"1735\" data-end=\"1771\">les laboratoires d'essai tiers<\/strong>garantissant des r\u00e9sultats fiables et coh\u00e9rents.<\/p>\n<h2 data-start=\"1816\" data-end=\"1978\">M\u00e9thodes d'essai de compression des bo\u00eetes et leur importance<\/h2>\n<p data-start=\"1816\" data-end=\"1978\">Le <strong data-start=\"1876\" data-end=\"1908\">machine d'essai de compression de bo\u00eetes<\/strong> effectue plusieurs modes d'essai critiques pour \u00e9valuer l'int\u00e9grit\u00e9 de l'emballage :<\/p>\n<ul>\n<li data-start=\"1982\" data-end=\"2262\"><strong data-start=\"1982\" data-end=\"2033\">Crush Tes<\/strong>t (essai de charge maximale\/r\u00e9sistance \u00e0 la compression)<br data-start=\"2033\" data-end=\"2036\" \/>L'essai d'\u00e9crasement applique une force qui augmente r\u00e9guli\u00e8rement jusqu'\u00e0 ce que la bo\u00eete c\u00e8de ou se d\u00e9forme de mani\u00e8re significative. Il mesure la charge maximale et la d\u00e9formation, ce qui permet de s'assurer que les bo\u00eetes peuvent r\u00e9sister aux contraintes de manutention et de levage pendant l'exp\u00e9dition.<\/li>\n<li data-start=\"2266\" data-end=\"2535\">Essai d'empilement (charge constante dans le temps)<br data-start=\"2309\" data-end=\"2312\" \/>Ce test maintient une charge de compression sp\u00e9cifi\u00e9e pendant une dur\u00e9e d\u00e9termin\u00e9e afin de simuler les conditions r\u00e9elles d'empilage dans un entrep\u00f4t. Il mesure les performances \u00e0 long terme, en mettant en \u00e9vidence les effets du fluage du mat\u00e9riau et de la d\u00e9formation progressive.<\/li>\n<li data-start=\"2539\" data-end=\"2833\">Test de d\u00e9formation fixe<br data-start=\"2565\" data-end=\"2568\" \/>La bo\u00eete est comprim\u00e9e jusqu'\u00e0 un point de d\u00e9formation pr\u00e9d\u00e9fini, et la force n\u00e9cessaire pour atteindre ou maintenir cette d\u00e9formation est enregistr\u00e9e. Ce test permet de d\u00e9terminer comment les mat\u00e9riaux d'emballage se comportent \u00e0 des niveaux de contrainte sp\u00e9cifiques, ce qui donne une id\u00e9e de la rigidit\u00e9 et de la capacit\u00e9 de charge.<\/li>\n<li data-start=\"2837\" data-end=\"3086\">Charge fixe (fluage)<strong data-start=\"2837\" data-end=\"2864\"> Test<\/strong><br data-start=\"2864\" data-end=\"2867\" \/>En appliquant une charge constante dans le temps, ce test quantifie la d\u00e9formation de la bo\u00eete sous l'effet d'un poids continu. Il \u00e9value la durabilit\u00e9 \u00e0 long terme et permet de s'assurer que l'emballage conserve ses dimensions lors d'un stockage prolong\u00e9.<\/li>\n<\/ul>\n<p data-start=\"3088\" data-end=\"3277\">L'ensemble de ces tests fournit une vue d'ensemble des performances de l'emballage dans diff\u00e9rents sc\u00e9narios de stress, ce qui est essentiel pour le maintien de l'int\u00e9grit\u00e9 de l'emballage. <strong data-start=\"3227\" data-end=\"3246\">la qualit\u00e9 des produits<\/strong> et <strong data-start=\"3251\" data-end=\"3276\">fiabilit\u00e9 de la logistique<\/strong>.<\/p>\n<h2 data-start=\"3279\" data-end=\"3502\">Caract\u00e9ristiques et avantages de la machine d'essai de compression en bo\u00eete<\/h2>\n<p data-start=\"3279\" data-end=\"3502\">Moderne <strong data-start=\"3350\" data-end=\"3383\">machines d'essai de compression de bo\u00eetes<\/strong> comme le BCT-600 sont dot\u00e9s de fonctions avanc\u00e9es qui permettent d'obtenir des r\u00e9sultats pr\u00e9cis et constants. Les principales caract\u00e9ristiques sont les suivantes :<\/p>\n<ul data-start=\"3504\" data-end=\"4190\">\n<li data-start=\"3504\" data-end=\"3580\">\n<p data-start=\"3506\" data-end=\"3580\"><strong data-start=\"3506\" data-end=\"3532\">IHM \u00e0 \u00e9cran tactile de 7 pouces<\/strong> avec des flux de travail guid\u00e9s et l'affichage des courbes en direct.<\/p>\n<\/li>\n<li data-start=\"3581\" data-end=\"3654\">\n<p data-start=\"3583\" data-end=\"3654\"><strong data-start=\"3583\" data-end=\"3615\">Trois modes de test ind\u00e9pendants<\/strong>-La force, la valeur fixe et l'empilement.<\/p>\n<\/li>\n<li data-start=\"3655\" data-end=\"3740\">\n<p data-start=\"3657\" data-end=\"3740\"><strong data-start=\"3657\" data-end=\"3689\">Mouvement entra\u00een\u00e9 par un servo-cylindre<\/strong> pour un d\u00e9placement pr\u00e9cis du plateau \u00e0 des vitesses variables.<\/p>\n<\/li>\n<li data-start=\"3741\" data-end=\"3802\">\n<p data-start=\"3743\" data-end=\"3802\"><strong data-start=\"3743\" data-end=\"3769\">Micro-imprimante int\u00e9gr\u00e9e<\/strong> pour obtenir instantan\u00e9ment des r\u00e9sultats sur papier.<\/p>\n<\/li>\n<li data-start=\"3803\" data-end=\"3877\">\n<p data-start=\"3805\" data-end=\"3877\"><strong data-start=\"3805\" data-end=\"3826\">Saisie automatique des donn\u00e9es<\/strong> avec affichage en temps r\u00e9el de la force et de la d\u00e9formation.<\/p>\n<\/li>\n<li data-start=\"3878\" data-end=\"3962\">\n<p data-start=\"3880\" data-end=\"3962\"><strong data-start=\"3880\" data-end=\"3901\">Verrouillages de s\u00e9curit\u00e9<\/strong> et des but\u00e9es m\u00e9caniques pour prot\u00e9ger les op\u00e9rateurs et les capteurs.<\/p>\n<\/li>\n<li data-start=\"3963\" data-end=\"4049\">\n<p data-start=\"3965\" data-end=\"4049\"><strong data-start=\"3965\" data-end=\"3988\">Cadre \u00e0 haute rigidit\u00e9<\/strong> avec guidage sur quatre colonnes pour un alignement coh\u00e9rent du plateau.<\/p>\n<\/li>\n<li data-start=\"4050\" data-end=\"4118\">\n<p data-start=\"4052\" data-end=\"4118\"><strong data-start=\"4052\" data-end=\"4082\">Mesure pr\u00e9cise de la charge<\/strong> \u00e0 l'aide de capteurs \u00e0 cellule de charge avanc\u00e9s.<\/p>\n<\/li>\n<li data-start=\"4119\" data-end=\"4190\">\n<p data-start=\"4121\" data-end=\"4190\"><strong data-start=\"4121\" data-end=\"4145\">Logiciel PC en option<\/strong> pour l'exportation de donn\u00e9es et l'\u00e9tablissement de rapports complets.<\/p>\n<\/li>\n<\/ul>\n<p data-start=\"4192\" data-end=\"4298\">Ces caract\u00e9ristiques garantissent <strong data-start=\"4214\" data-end=\"4231\">des donn\u00e9es fiables<\/strong>, <strong data-start=\"4233\" data-end=\"4255\">des r\u00e9sultats reproductibles<\/strong>, et <strong data-start=\"4261\" data-end=\"4275\">conformit\u00e9<\/strong> avec les normes mondiales.<\/p>\n<h2 data-start=\"4300\" data-end=\"4712\">Respect des normes mondiales<\/h2>\n<p data-start=\"4300\" data-end=\"4712\">UN <strong data-start=\"4341\" data-end=\"4373\">machine d'essai de compression de bo\u00eetes<\/strong> est con\u00e7u pour r\u00e9pondre \u00e0 une s\u00e9rie de <strong data-start=\"4405\" data-end=\"4440\">normes d'essai internationales<\/strong>y compris :<br data-start=\"4452\" data-end=\"4455\" \/><a href=\"https:\/\/www.iso.org\/standard\/32410.html\" target=\"_blank\" rel=\"noopener nofollow\">ISO 2234<\/a>ISO 12048, ISO 2874, ISO 2872, ASTM D642, ASTM D4169, TAPPI T804, JIS Z0212, GB\/T 4857.3, GB\/T 4857.4 et QB\/T 1047.<br data-start=\"4582\" data-end=\"4585\" \/>Cela permet de s'assurer que vos processus de test s'alignent sur les <strong data-start=\"4641\" data-end=\"4671\">les crit\u00e8res de qualit\u00e9 les plus \u00e9lev\u00e9s<\/strong>permettant une comp\u00e9titivit\u00e9 sur le march\u00e9 mondial.<\/p>\n<h2 style=\"text-align: center;\" data-start=\"4714\" data-end=\"5431\">Choisir la bonne machine d'essai de compression de bo\u00eetes<\/h2>\n<p style=\"text-align: center;\" data-start=\"4714\" data-end=\"5431\">Pour les industries qui d\u00e9pendent d'un emballage s\u00fbr et s\u00e9curis\u00e9, la <strong data-start=\"4839\" data-end=\"4871\">machine d'essai de compression de bo\u00eetes<\/strong> est un outil indispensable. Il permet non seulement de valider les <strong data-start=\"4924\" data-end=\"4948\">r\u00e9sistance \u00e0 la compression<\/strong> des mat\u00e9riaux d'emballage, mais fournit \u00e9galement des informations essentielles sur leur comportement lors de l'empilage et du stockage \u00e0 long terme.<br data-start=\"5065\" data-end=\"5068\" \/>Au <strong data-start=\"5071\" data-end=\"5101\">Cell Instruments Co.<\/strong>Nous sommes sp\u00e9cialis\u00e9s dans la fabrication <strong data-start=\"5134\" data-end=\"5184\">machines d'essai de compression de bo\u00eetes \u00e0 haute performance<\/strong> adapt\u00e9s \u00e0 vos besoins uniques en mati\u00e8re d'essais. Gr\u00e2ce \u00e0 une automatisation avanc\u00e9e et \u00e0 une conception robuste, nos instruments garantissent une validation pr\u00e9cise et efficace des emballages dans les secteurs suivants <strong data-start=\"5363\" data-end=\"5385\">aliments et boissons<\/strong> \u00e0 <strong data-start=\"5389\" data-end=\"5408\">produits pharmaceutiques<\/strong> et <strong data-start=\"5413\" data-end=\"5428\">\u00e9lectronique<\/strong>.<\/p>\n<p style=\"text-align: center;\" data-start=\"5433\" data-end=\"5591\" data-is-last-node=\"\" data-is-only-node=\"\"><strong data-start=\"5433\" data-end=\"5591\" data-is-last-node=\"\">D\u00e9couvrez comment nos machines de test de compression de bo\u00eetes peuvent am\u00e9liorer vos normes d'emballage et prot\u00e9ger vos produits contre les dommages. Contactez-nous d\u00e8s aujourd'hui pour en savoir plus.<\/strong><\/p>\n<\/div>\n<\/div>\n<\/div>\n<\/div>\n<\/div>\n<\/div>\n<\/div>\n<\/div>\n<\/article>","protected":false},"excerpt":{"rendered":"<p>Comprendre le r\u00f4le d'une machine d'essai de compression de bo\u00eetes La machine d'essai de compression de bo\u00eetes joue un r\u00f4le essentiel en garantissant la r\u00e9sistance et la fiabilit\u00e9 des mat\u00e9riaux d'emballage dans divers secteurs. Dans les secteurs de la logistique, de l'entreposage et du commerce \u00e9lectronique, la r\u00e9sistance des emballages a un impact direct sur la s\u00e9curit\u00e9 des produits et l'efficacit\u00e9 op\u00e9rationnelle. L'utilisation d'une machine d'essai de compression de bo\u00eetes permet aux fabricants de ...<\/p>\n<p class=\"read-more\"> <a class=\"\" href=\"https:\/\/www.qualitester.com\/fr\/produit\/box-compression-test-machine\/\"> <span class=\"screen-reader-text\">Machine d'essai de compression de bo\u00eetes BCT-600<\/span> Lire la suite \"<\/a><\/p>","protected":false},"featured_media":6686,"comment_status":"closed","ping_status":"closed","template":"","meta":{"site-sidebar-layout":"default","site-content-layout":"default","ast-global-header-display":"","ast-main-header-display":"","ast-hfb-above-header-display":"","ast-hfb-below-header-display":"","ast-hfb-mobile-header-display":"","site-post-title":"","ast-breadcrumbs-content":"","ast-featured-img":"","footer-sml-layout":"","theme-transparent-header-meta":"default","adv-header-id-meta":"","stick-header-meta":"","header-above-stick-meta":"","header-main-stick-meta":"","header-below-stick-meta":""},"product_cat":[845,964,17,44],"product_tag":[],"class_list":{"0":"post-6683","1":"product","2":"type-product","3":"status-publish","4":"has-post-thumbnail","6":"product_cat-customization","7":"product_cat-box-compression-tester","8":"product_cat-package-container-testers","9":"product_cat-paper-and-board-testers","10":"desktop-align-left","11":"tablet-align-left","12":"mobile-align-left","14":"first","15":"instock","16":"shipping-taxable","17":"product-type-simple"},"_links":{"self":[{"href":"https:\/\/www.qualitester.com\/fr\/wp-json\/wp\/v2\/product\/6683","targetHints":{"allow":["GET"]}}],"collection":[{"href":"https:\/\/www.qualitester.com\/fr\/wp-json\/wp\/v2\/product"}],"about":[{"href":"https:\/\/www.qualitester.com\/fr\/wp-json\/wp\/v2\/types\/product"}],"replies":[{"embeddable":true,"href":"https:\/\/www.qualitester.com\/fr\/wp-json\/wp\/v2\/comments?post=6683"}],"version-history":[{"count":0,"href":"https:\/\/www.qualitester.com\/fr\/wp-json\/wp\/v2\/product\/6683\/revisions"}],"wp:featuredmedia":[{"embeddable":true,"href":"https:\/\/www.qualitester.com\/fr\/wp-json\/wp\/v2\/media\/6686"}],"wp:attachment":[{"href":"https:\/\/www.qualitester.com\/fr\/wp-json\/wp\/v2\/media?parent=6683"}],"wp:term":[{"taxonomy":"product_cat","embeddable":true,"href":"https:\/\/www.qualitester.com\/fr\/wp-json\/wp\/v2\/product_cat?post=6683"},{"taxonomy":"product_tag","embeddable":true,"href":"https:\/\/www.qualitester.com\/fr\/wp-json\/wp\/v2\/product_tag?post=6683"}],"curies":[{"name":"wp","href":"https:\/\/api.w.org\/{rel}","templated":true}]}}