{"id":6624,"date":"2025-04-23T10:13:39","date_gmt":"2025-04-23T02:13:39","guid":{"rendered":"https:\/\/www.qualitester.com\/?post_type=product&#038;p=6624"},"modified":"2025-04-23T10:16:05","modified_gmt":"2025-04-23T02:16:05","slug":"syringe-air-leakage-tester-iso-7886-1","status":"publish","type":"product","link":"https:\/\/www.qualitester.com\/fr\/produit\/syringe-air-leakage-tester-iso-7886-1\/","title":{"rendered":"SLT-02 Testeur de fuite d'air en seringue"},"content":{"rendered":"<p class=\"\" data-start=\"489\" data-end=\"995\">Pour garantir la s\u00e9curit\u00e9 et les performances des seringues m\u00e9dicales, des m\u00e9thodes d'essai rigoureuses sont indispensables. Parmi celles-ci, le <strong data-start=\"602\" data-end=\"632\">Testeur d'\u00e9tanch\u00e9it\u00e9 \u00e0 l'air \u00e0 seringue<\/strong> est un instrument vital qui joue un r\u00f4le central dans l'identification des fuites potentielles et du d\u00e9tachement du piston pendant l'aspiration. Con\u00e7u pour \u00eatre conforme aux normes <em data-start=\"778\" data-end=\"790\">ISO 7886-1<\/em> et en particulier <em data-start=\"808\" data-end=\"817\">Annexe B<\/em>, le <strong data-start=\"823\" data-end=\"853\">SLT-02 Testeur d'\u00e9tanch\u00e9it\u00e9 de seringue<\/strong> de <strong data-start=\"859\" data-end=\"879\">Instruments cellulaires<\/strong> fournit des r\u00e9sultats tr\u00e8s fiables aux professionnels impliqu\u00e9s dans <strong data-start=\"943\" data-end=\"969\">d\u00e9tection des fuites dans les seringues<\/strong> et <strong data-start=\"974\" data-end=\"994\">Essais ISO 7886<\/strong>.<\/p>\n<h2 data-start=\"1002\" data-end=\"1065\">Comprendre l'annexe B de la norme ISO 7886-1 et la d\u00e9tection des fuites dans les seringues<\/h2>\n<p class=\"\" data-start=\"1067\" data-end=\"1442\"><a href=\"https:\/\/www.qualitester.com\/fr\/categorie-produit\/iso\/iso-7886-1\/\" target=\"_blank\" rel=\"noopener\"><strong><em data-start=\"1067\" data-end=\"1079\">ISO 7886-1<\/em><\/strong><\/a>intitul\u00e9e \"Seringues hypodermiques st\u00e9riles \u00e0 usage unique - Partie 1 : Seringues \u00e0 usage manuel\", est la norme mondiale d\u00e9crivant les exigences de performance et de s\u00e9curit\u00e9 des seringues m\u00e9dicales. Dans le cadre de cette norme, <strong data-start=\"1281\" data-end=\"1292\">Annexe B<\/strong> d\u00e9crit les <strong data-start=\"1307\" data-end=\"1371\">m\u00e9thode d'essai pour la fuite d'air \u00e0 travers le bouchon du piston de la seringue<\/strong> pendant l'aspiration, ainsi que la <strong data-start=\"1406\" data-end=\"1441\">d\u00e9tection de la s\u00e9paration du piston<\/strong>.<\/p>\n<p class=\"\" data-start=\"1444\" data-end=\"1588\">Cette m\u00e9thode est cruciale car une fuite d'air dans une seringue peut compromettre la st\u00e9rilit\u00e9, la pr\u00e9cision du dosage et la s\u00e9curit\u00e9 du patient. La proc\u00e9dure consiste \u00e0<\/p>\n<ul data-start=\"1590\" data-end=\"1809\">\n<li class=\"\" data-start=\"1590\" data-end=\"1675\">\n<p class=\"\" data-start=\"1592\" data-end=\"1675\">Remplir la seringue d'au moins 25% de sa capacit\u00e9 nominale avec de l'eau (18-28\u00b0C),<\/p>\n<\/li>\n<li class=\"\" data-start=\"1676\" data-end=\"1742\">\n<p class=\"\" data-start=\"1678\" data-end=\"1742\">Cr\u00e9ation d'un <strong data-start=\"1689\" data-end=\"1718\">pression sous vide de 88 kPa<\/strong> en dessous de la pression ambiante,<\/p>\n<\/li>\n<li class=\"\" data-start=\"1743\" data-end=\"1809\">\n<p class=\"\" data-start=\"1745\" data-end=\"1809\">V\u00e9rifier qu'il n'y a pas de fuite d'air ou de <strong data-start=\"1778\" data-end=\"1808\">d\u00e9tachement du bouchon du piston<\/strong>.<\/p>\n<\/li>\n<\/ul>\n<p class=\"\" data-start=\"1811\" data-end=\"1926\">Le SLT-02 est pr\u00e9cis\u00e9ment con\u00e7u pour reproduire ces conditions de mani\u00e8re contr\u00f4l\u00e9e, automatis\u00e9e et reproductible.<\/p>\n<h2 data-start=\"1933\" data-end=\"1985\">SLT-02 Testeur de fuite d'air en seringue<\/h2>\n<p class=\"\" data-start=\"1987\" data-end=\"2247\">Le <strong data-start=\"1991\" data-end=\"2028\">SLT-02 Testeur de fuite d'air en seringue<\/strong> int\u00e8gre un syst\u00e8me sophistiqu\u00e9 de g\u00e9n\u00e9ration de vide et un m\u00e9canisme de contr\u00f4le stable, permettant aux op\u00e9rateurs de r\u00e9aliser efficacement des tests d'\u00e9tanch\u00e9it\u00e9 des seringues avec pr\u00e9cision et coh\u00e9rence. Voici ce qui en fait une solution exceptionnelle :<\/p>\n<h3 data-start=\"2249\" data-end=\"2266\">Caract\u00e9ristiques principales :<\/h3>\n<ol data-start=\"2267\" data-end=\"2625\">\n<li class=\"\" data-start=\"2267\" data-end=\"2319\">\n<p class=\"\" data-start=\"2269\" data-end=\"2319\"><strong data-start=\"2269\" data-end=\"2294\">Maintien stable du vide<\/strong> pour une mesure pr\u00e9cise.<\/p>\n<\/li>\n<li class=\"\" data-start=\"2320\" data-end=\"2393\">\n<p class=\"\" data-start=\"2322\" data-end=\"2393\"><strong data-start=\"2322\" data-end=\"2349\">Technologie du tube Venturi<\/strong> pour une g\u00e9n\u00e9ration efficace de la pression n\u00e9gative.<\/p>\n<\/li>\n<li class=\"\" data-start=\"2394\" data-end=\"2464\">\n<p class=\"\" data-start=\"2396\" data-end=\"2464\"><strong data-start=\"2396\" data-end=\"2426\">Syst\u00e8me de serrage r\u00e9glable<\/strong> s'adapte \u00e0 diff\u00e9rents volumes de seringues.<\/p>\n<\/li>\n<li class=\"\" data-start=\"2465\" data-end=\"2548\">\n<p class=\"\" data-start=\"2467\" data-end=\"2548\"><strong data-start=\"2467\" data-end=\"2490\">Fonctionnement automatique<\/strong> apr\u00e8s le lancement du test - une intervention minimale de l'utilisateur est n\u00e9cessaire.<\/p>\n<\/li>\n<li class=\"\" data-start=\"2549\" data-end=\"2625\">\n<p class=\"\" data-start=\"2551\" data-end=\"2625\"><strong data-start=\"2551\" data-end=\"2575\">Construction durable<\/strong> garantit une longue dur\u00e9e de vie dans les laboratoires de contr\u00f4le qualit\u00e9 \u00e0 haut volume.<\/p>\n<\/li>\n<\/ol>\n<h3 data-start=\"2627\" data-end=\"2656\">Sp\u00e9cifications techniques :<\/h3>\n<table style=\"height: 167px;\" width=\"1088\">\n<tbody>\n<tr>\n<td style=\"text-align: center;\" width=\"83\"><strong data-start=\"2659\" data-end=\"2674\">Plage de test<\/strong><\/td>\n<td style=\"text-align: center;\" width=\"91\">0~-90KPa<\/td>\n<\/tr>\n<tr>\n<td style=\"text-align: center;\" width=\"83\"><strong data-start=\"2691\" data-end=\"2714\">Pression d'entr\u00e9e de l'air<\/strong><\/td>\n<td style=\"text-align: center;\" width=\"91\">0,6~0,7 Mpa<\/td>\n<\/tr>\n<tr>\n<td style=\"text-align: center;\" width=\"83\"><strong data-start=\"2760\" data-end=\"2778\">Dur\u00e9e du test<\/strong><\/td>\n<td style=\"text-align: center;\" width=\"91\">Jusqu'\u00e0 9999 heures (programmable)<\/td>\n<\/tr>\n<tr>\n<td style=\"text-align: center;\" width=\"83\"><strong data-start=\"2733\" data-end=\"2750\">Alimentation \u00e9lectrique<\/strong><\/td>\n<td style=\"text-align: center;\" width=\"91\">220V<\/td>\n<\/tr>\n<\/tbody>\n<\/table>\n<p class=\"\" data-start=\"2812\" data-end=\"3018\">Le testeur comprend une unit\u00e9 de contr\u00f4le de l'\u00e9tanch\u00e9it\u00e9, un support de seringue, un tuyau de raccordement et les accessoires n\u00e9cessaires, tous construits pour r\u00e9pondre aux exigences strictes en mati\u00e8re de conformit\u00e9 des <strong data-start=\"2978\" data-end=\"2990\">GB 15810<\/strong> et <strong data-start=\"2995\" data-end=\"3017\">ISO 7886-1 Annexe B<\/strong>.<\/p>\n<h2 data-start=\"3025\" data-end=\"3087\">Applications dans le domaine du contr\u00f4le de la qualit\u00e9 m\u00e9dicale et pharmaceutique<\/h2>\n<p class=\"\" data-start=\"3089\" data-end=\"3176\">Le <strong data-start=\"3093\" data-end=\"3123\">Testeur d'\u00e9tanch\u00e9it\u00e9 \u00e0 l'air \u00e0 seringue<\/strong> est indispensable dans de nombreux secteurs, notamment<\/p>\n<ul data-start=\"3178\" data-end=\"3478\">\n<li class=\"\" data-start=\"3178\" data-end=\"3261\">\n<p class=\"\" data-start=\"3180\" data-end=\"3261\"><strong data-start=\"3180\" data-end=\"3212\">Fabrication de dispositifs m\u00e9dicaux<\/strong>et s'assurer du respect des normes r\u00e9glementaires,<\/p>\n<\/li>\n<li class=\"\" data-start=\"3262\" data-end=\"3329\">\n<p class=\"\" data-start=\"3264\" data-end=\"3329\"><strong data-start=\"3264\" data-end=\"3297\">Laboratoires d'emballage pharmaceutique<\/strong>pour l'assurance des produits st\u00e9riles,<\/p>\n<\/li>\n<li class=\"\" data-start=\"3330\" data-end=\"3407\">\n<p class=\"\" data-start=\"3332\" data-end=\"3407\"><strong data-start=\"3332\" data-end=\"3364\">Agences d'essais tierces<\/strong>v\u00e9rifier la s\u00e9curit\u00e9 et la coh\u00e9rence des produits,<\/p>\n<\/li>\n<li class=\"\" data-start=\"3408\" data-end=\"3478\">\n<p class=\"\" data-start=\"3410\" data-end=\"3478\"><strong data-start=\"3410\" data-end=\"3422\">Laboratoires de R&amp;D<\/strong>pour l'\u00e9valuation de prototypes de seringues ou de mat\u00e9riaux.<\/p>\n<\/li>\n<\/ul>\n<p class=\"\" data-start=\"3480\" data-end=\"3711\">Professionnels impliqu\u00e9s dans l'assurance qualit\u00e9 et <strong data-start=\"3528\" data-end=\"3554\">d\u00e9tection des fuites dans les seringues<\/strong> s'appuient sur des outils tels que le SLT-02 non seulement pour r\u00e9pondre aux exigences de conformit\u00e9, mais aussi pour renforcer leur cr\u00e9dibilit\u00e9 et r\u00e9duire les risques de d\u00e9faillance des produits sur le march\u00e9.<\/p>\n<h2 data-start=\"3718\" data-end=\"3778\">Pourquoi choisir le SLT-02 de Cell Instruments pour les tests ISO 7886 ?<\/h2>\n<p class=\"\" data-start=\"3780\" data-end=\"3941\">En tant que leader dans le domaine des essais de mat\u00e9riaux et d'emballages, <strong data-start=\"3838\" data-end=\"3868\">Cell Instruments Co.<\/strong> offre non seulement un mat\u00e9riel robuste, mais aussi un service exceptionnel :<\/p>\n<ul data-start=\"3943\" data-end=\"4174\">\n<li class=\"\" data-start=\"3943\" data-end=\"4013\">\n<p class=\"\" data-start=\"3945\" data-end=\"4013\">Luminaires personnalisables pour <strong data-start=\"3971\" data-end=\"4012\">tailles de seringues sp\u00e9ciales ou exigences particuli\u00e8res<\/strong>,<\/p>\n<\/li>\n<li class=\"\" data-start=\"4014\" data-end=\"4076\">\n<p class=\"\" data-start=\"4016\" data-end=\"4076\"><strong data-start=\"4016\" data-end=\"4045\">Transformation de l'automatisation<\/strong> des services pour les lignes de production,<\/p>\n<\/li>\n<li class=\"\" data-start=\"4077\" data-end=\"4174\">\n<p class=\"\" data-start=\"4079\" data-end=\"4174\">Une assistance technique fond\u00e9e sur une connaissance approfondie <strong data-start=\"4125\" data-end=\"4139\">ISO 7886-1<\/strong> et d'autres normes internationales.<\/p>\n<\/li>\n<\/ul>\n<p class=\"\" data-start=\"4176\" data-end=\"4300\">Notre engagement en faveur de la qualit\u00e9, de la pr\u00e9cision et de la satisfaction du client garantit que vos tests de seringues r\u00e9pondent aux attentes les plus \u00e9lev\u00e9es.<\/p>\n<p class=\"\" data-start=\"4323\" data-end=\"4624\">Le <strong data-start=\"4327\" data-end=\"4364\">SLT-02 Testeur d'\u00e9tanch\u00e9it\u00e9 \u00e0 l'air \u00e0 seringue<\/strong> est plus qu'un appareil, c'est une solution compl\u00e8te con\u00e7ue pour une pr\u00e9cision et une fiabilit\u00e9 de niveau m\u00e9dical. Avec une conformit\u00e9 totale aux normes <strong data-start=\"4494\" data-end=\"4516\">ISO 7886-1 Annexe B<\/strong>Il aide les professionnels \u00e0 mener des enqu\u00eates efficaces, tra\u00e7ables et normalis\u00e9es. <strong data-start=\"4597\" data-end=\"4623\">d\u00e9tection des fuites dans les seringues<\/strong>.<\/p>\n<p class=\"\" data-start=\"4626\" data-end=\"4734\">Equipez votre laboratoire avec le SLT-02 de <strong data-start=\"4662\" data-end=\"4682\">Instruments cellulaires<\/strong>-Parce que la s\u00e9curit\u00e9 de la seringue ne doit jamais \u00eatre compromise.<\/p>\n<p class=\"\" data-start=\"4741\" data-end=\"4749\"><strong data-start=\"4741\" data-end=\"4749\">FAQ<\/strong><\/p>\n<p class=\"\" data-start=\"4751\" data-end=\"4949\"><strong data-start=\"4751\" data-end=\"4812\">1. Quel est l'objectif du testeur d'\u00e9tanch\u00e9it\u00e9 \u00e0 l'air \u00e0 seringue ?<\/strong><br data-start=\"4812\" data-end=\"4815\" \/>Il est utilis\u00e9 pour d\u00e9tecter les fuites d'air au niveau du bouchon du piston de la seringue et pour v\u00e9rifier si le bouchon du piston se d\u00e9tache pendant l'aspiration.<\/p>\n<p class=\"\" data-start=\"4951\" data-end=\"5145\"><strong data-start=\"4951\" data-end=\"5015\">2. Quelle norme r\u00e9git le test d'\u00e9tanch\u00e9it\u00e9 \u00e0 l'air des seringues ?<\/strong><br data-start=\"5015\" data-end=\"5018\" \/>Le test est d\u00e9fini dans <strong data-start=\"5041\" data-end=\"5063\">ISO 7886-1 Annexe B<\/strong>qui fournit une m\u00e9thode d\u00e9taill\u00e9e pour les essais d'\u00e9tanch\u00e9it\u00e9 \u00e0 l'air et de s\u00e9paration des plongeurs.<\/p>\n<p class=\"\" data-start=\"5147\" data-end=\"5321\"><strong data-start=\"5147\" data-end=\"5207\">3. Quels types de seringues peuvent \u00eatre test\u00e9s avec le SLT-02 ?<\/strong><br data-start=\"5207\" data-end=\"5210\" \/>Le SLT-02 prend en charge une large gamme de tailles et de types de seringues con\u00e7ues pour une utilisation manuelle, comme indiqu\u00e9 dans le tableau suivant <a href=\"https:\/\/www.iso.org\/standard\/64790.html\" target=\"_blank\" rel=\"noopener nofollow\">ISO 7886-1<\/a>.<\/p>\n<p class=\"\" data-start=\"5323\" data-end=\"5476\"><strong data-start=\"5323\" data-end=\"5375\">4. Comment le SLT-02 g\u00e9n\u00e8re-t-il une pression sous vide ?<\/strong><br data-start=\"5375\" data-end=\"5378\" \/>Il utilise l'air comprim\u00e9 et la technologie du tube venturi pour cr\u00e9er un vide contr\u00f4l\u00e9 allant jusqu'\u00e0 -90 kPa.<\/p>\n<p class=\"\" data-start=\"5478\" data-end=\"5692\"><strong data-start=\"5478\" data-end=\"5549\">5. Le testeur peut-il \u00eatre personnalis\u00e9 pour des configurations de seringues sp\u00e9ciales ?<\/strong><br data-start=\"5549\" data-end=\"5552\" \/>Oui, Cell Instruments est sp\u00e9cialis\u00e9 dans <strong data-start=\"5589\" data-end=\"5617\">solutions d'essai personnalis\u00e9es<\/strong> et peut adapter le dispositif \u00e0 des conceptions de seringues uniques ou \u00e0 des exigences de test.<\/p>","protected":false},"excerpt":{"rendered":"<p>Le <strong data-start=\"1991\" data-end=\"2028\">SLT-02 Testeur de fuite d'air en seringue<\/strong> int\u00e8gre un syst\u00e8me sophistiqu\u00e9 de g\u00e9n\u00e9ration de vide et un m\u00e9canisme de contr\u00f4le stable, permettant aux op\u00e9rateurs de r\u00e9aliser efficacement des tests d'\u00e9tanch\u00e9it\u00e9 de seringues avec pr\u00e9cision et coh\u00e9rence.<\/p>","protected":false},"featured_media":6628,"comment_status":"closed","ping_status":"closed","template":"","meta":{"site-sidebar-layout":"default","site-content-layout":"default","ast-global-header-display":"","ast-main-header-display":"","ast-hfb-above-header-display":"","ast-hfb-below-header-display":"","ast-hfb-mobile-header-display":"","site-post-title":"","ast-breadcrumbs-content":"","ast-featured-img":"","footer-sml-layout":"","theme-transparent-header-meta":"default","adv-header-id-meta":"","stick-header-meta":"","header-above-stick-meta":"","header-main-stick-meta":"","header-below-stick-meta":""},"product_cat":[845,1053,675,149,95],"product_tag":[],"class_list":{"0":"post-6624","1":"product","2":"type-product","3":"status-publish","4":"has-post-thumbnail","6":"product_cat-customization","7":"product_cat-iso-7886-1","8":"product_cat-leak-tester","9":"product_cat-pharma-and-medical-testers","10":"product_cat-products","11":"desktop-align-left","12":"tablet-align-left","13":"mobile-align-left","15":"first","16":"instock","17":"shipping-taxable","18":"product-type-simple"},"_links":{"self":[{"href":"https:\/\/www.qualitester.com\/fr\/wp-json\/wp\/v2\/product\/6624","targetHints":{"allow":["GET"]}}],"collection":[{"href":"https:\/\/www.qualitester.com\/fr\/wp-json\/wp\/v2\/product"}],"about":[{"href":"https:\/\/www.qualitester.com\/fr\/wp-json\/wp\/v2\/types\/product"}],"replies":[{"embeddable":true,"href":"https:\/\/www.qualitester.com\/fr\/wp-json\/wp\/v2\/comments?post=6624"}],"version-history":[{"count":0,"href":"https:\/\/www.qualitester.com\/fr\/wp-json\/wp\/v2\/product\/6624\/revisions"}],"wp:featuredmedia":[{"embeddable":true,"href":"https:\/\/www.qualitester.com\/fr\/wp-json\/wp\/v2\/media\/6628"}],"wp:attachment":[{"href":"https:\/\/www.qualitester.com\/fr\/wp-json\/wp\/v2\/media?parent=6624"}],"wp:term":[{"taxonomy":"product_cat","embeddable":true,"href":"https:\/\/www.qualitester.com\/fr\/wp-json\/wp\/v2\/product_cat?post=6624"},{"taxonomy":"product_tag","embeddable":true,"href":"https:\/\/www.qualitester.com\/fr\/wp-json\/wp\/v2\/product_tag?post=6624"}],"curies":[{"name":"wp","href":"https:\/\/api.w.org\/{rel}","templated":true}]}}