{"id":6425,"date":"2025-01-10T11:09:00","date_gmt":"2025-01-10T03:09:00","guid":{"rendered":"https:\/\/www.qualitester.com\/?post_type=product&#038;p=6425"},"modified":"2025-01-10T11:23:17","modified_gmt":"2025-01-10T03:23:17","slug":"iso-7864-needle-penetration-force-measurement-instrument","status":"publish","type":"product","link":"https:\/\/www.qualitester.com\/fr\/produit\/iso-7864-needle-penetration-force-measurement-instrument\/","title":{"rendered":"Testeur de force de p\u00e9n\u00e9tration et de tra\u00een\u00e9e d&#039;aiguille NPD-01"},"content":{"rendered":"<p>Le <strong>Testeur de force de p\u00e9n\u00e9tration et de tra\u00een\u00e9e d&#039;aiguille NPD-01<\/strong> est un instrument de pointe con\u00e7u pour mesurer avec pr\u00e9cision les forces de p\u00e9n\u00e9tration requises pour les aiguilles hypodermiques. Il garantit la conformit\u00e9 aux normes de test internationales telles que <a href=\"https:\/\/www.qualitester.com\/fr\/categorie-produit\/iso\/iso-7864\/\" target=\"_blank\" rel=\"noopener\"><strong>ISO 7864<\/strong><\/a> et <strong>GB 15811<\/strong>, offrant une solution robuste pour tester les performances des aiguilles dans diverses applications m\u00e9dicales, notamment les dispositifs d&#039;injection, les aiguilles de test et d&#039;autres produits biom\u00e9dicaux.<\/p>\n<h2>Application des tests de force de p\u00e9n\u00e9tration et de tra\u00een\u00e9e<\/h2>\n<p>Le <strong>Instrument de mesure de la force de p\u00e9n\u00e9tration de l&#039;aiguille<\/strong> est essentiel pour tester les aiguilles utilis\u00e9es dans une large gamme d&#039;applications m\u00e9dicales, pharmaceutiques et de recherche. Les principaux domaines d&#039;application comprennent :<\/p>\n<ul>\n<li><strong>Dispositifs m\u00e9dicaux et produits pharmaceutiques<\/strong>: Garantir que les aiguilles hypodermiques, les lancettes et autres dispositifs m\u00e9dicaux tranchants permettent une insertion en douceur et minimise la douleur tout en maintenant la fiabilit\u00e9 dans les contextes cliniques.<\/li>\n<li><strong>Fabricants d&#039;aiguilles<\/strong>:Assurance qualit\u00e9 dans les lignes de production d&#039;aiguilles hypodermiques, de seringues et d&#039;autres instruments \u00e0 base d&#039;aiguilles.<\/li>\n<li><strong>Recherche m\u00e9dicale<\/strong>:Tester de nouvelles conceptions et formulations d\u2019aiguilles pour de meilleurs r\u00e9sultats cliniques.<\/li>\n<li><strong>Conditionnement<\/strong>: Veiller \u00e0 ce que les emballages m\u00e9dicaux des aiguilles et des seringues soient correctement con\u00e7us pour r\u00e9sister aux forces impliqu\u00e9es dans les syst\u00e8mes d\u2019insertion des aiguilles et d\u2019administration de m\u00e9dicaments.<\/li>\n<\/ul>\n<h2>N\u00e9cessit\u00e9 des tests de p\u00e9n\u00e9tration d&#039;aiguilles<\/h2>\n<p>Comprendre le <strong>m\u00e9thode d&#039;essai de p\u00e9n\u00e9tration d&#039;aiguille<\/strong> est fondamentale pour garantir la s\u00e9curit\u00e9 et l&#039;efficacit\u00e9 des dispositifs \u00e0 aiguilles m\u00e9dicales. Tester la <strong>force de p\u00e9n\u00e9tration<\/strong> et <strong>force de tra\u00een\u00e9e<\/strong> sert un double objectif :<\/p>\n<ol>\n<li><strong>Confort du patient<\/strong>:Une force ou une friction excessive peut provoquer des douleurs, de l&#039;anxi\u00e9t\u00e9 et des complications lors de l&#039;injection. En \u00e9valuant la force requise pour l&#039;insertion et le mouvement, les fabricants peuvent concevoir des aiguilles qui minimisent l&#039;inconfort.<\/li>\n<li><strong>Efficacit\u00e9 clinique<\/strong>:L&#039;insertion efficace de l&#039;aiguille est essentielle dans les contextes cliniques. Les aiguilles doivent p\u00e9n\u00e9trer facilement la peau ou les tissus, mais sans endommager les tissus ni affecter la qualit\u00e9 de l&#039;administration du m\u00e9dicament.<\/li>\n<li><strong>Conformit\u00e9 r\u00e9glementaire<\/strong>:Les normes internationales telles que <strong>ISO 7864<\/strong> et <strong>GB 15811<\/strong> exiger que les aiguilles r\u00e9pondent \u00e0 des crit\u00e8res de performance sp\u00e9cifiques. <strong>Testeur NPD-01<\/strong> garantit le respect de ces r\u00e9glementations, r\u00e9duisant ainsi le risque de non-conformit\u00e9 r\u00e9glementaire.<\/li>\n<\/ol>\n<p>Sans tests pr\u00e9cis, les produits \u00e0 base d\u2019aiguilles pourraient \u00e9chouer dans des domaines cruciaux tels que <strong>st\u00e9rilit\u00e9<\/strong>, <strong>douceur d&#039;injection<\/strong>, et <strong>Exp\u00e9rience utilisateur<\/strong>, ce qui peut entra\u00eener des complications cliniques et un inconfort pour le patient. Par cons\u00e9quent, <strong>test de p\u00e9n\u00e9tration d&#039;aiguille<\/strong> ce n\u2019est pas seulement une question technique ; c\u2019est une n\u00e9cessit\u00e9 pour l\u2019int\u00e9grit\u00e9 du syst\u00e8me de sant\u00e9.<\/p>\n<h2>M\u00e9thode d&#039;essai de p\u00e9n\u00e9tration d&#039;aiguille<\/h2>\n<p>Le <strong>Instrument de mesure de la force de p\u00e9n\u00e9tration de l&#039;aiguille NPD-01<\/strong> fonctionne sur un principe sophistiqu\u00e9 mais convivial :<\/p>\n<ol>\n<li><strong>Installation<\/strong>:L&#039;aiguille \u00e0 tester est fix\u00e9e en place \u00e0 l&#039;aide d&#039;un c\u00f4ne Luer m\u00e2le, qui se connecte \u00e0 l&#039; <strong>cellule de charge<\/strong>.<\/li>\n<li><strong>Insertion du substrat<\/strong>:L&#039;aiguille est d\u00e9plac\u00e9e vers un substrat sp\u00e9cifique (tel que des mat\u00e9riaux semblables \u00e0 de la peau ou des tissus synth\u00e9tiques) \u00e0 une vitesse contr\u00f4l\u00e9e.<\/li>\n<li><strong>Mesure de force<\/strong>:Lors de l&#039;insertion, un <strong>cellule de charge<\/strong> mesure en continu la force appliqu\u00e9e lors de la p\u00e9n\u00e9tration de l&#039;aiguille dans le mat\u00e9riau. Cette force est enregistr\u00e9e \u00e0 diff\u00e9rentes \u00e9tapes du processus d&#039;insertion.<\/li>\n<li><strong>\u00c9valuation de la force de tra\u00een\u00e9e<\/strong>:Apr\u00e8s la p\u00e9n\u00e9tration initiale, le <strong>force de tra\u00een\u00e9e<\/strong> ou la force de frottement n\u00e9cessaire pour d\u00e9placer l&#039;aiguille \u00e0 travers le mat\u00e9riau est mesur\u00e9e. Il s&#039;agit d&#039;un indicateur essentiel des performances de l&#039;aiguille lors de son utilisation r\u00e9elle.<\/li>\n<li><strong>Sortie de donn\u00e9es<\/strong>:Le syst\u00e8me g\u00e9n\u00e8re des donn\u00e9es via un <strong>\u00c9cran tactile IHM<\/strong> et imprime les r\u00e9sultats \u00e0 l&#039;aide d&#039;un <b>micro-imprimante<\/b>.<\/li>\n<\/ol>\n<p>Les lectures de force obtenues \u00e0 partir du test fournissent une vue d\u00e9taill\u00e9e des deux <strong>force de p\u00e9n\u00e9tration maximale initiale<\/strong> et <strong>forces de frottement<\/strong>, ce qui en fait un outil pr\u00e9cieux pour le contr\u00f4le qualit\u00e9, la R&amp;D et la conformit\u00e9 r\u00e9glementaire.<\/p>\n<h2>Sp\u00e9cifications techniques du testeur de force de tra\u00een\u00e9e \u00e0 aiguille<\/h2>\n<p>Voici les <strong>caract\u00e9ristiques techniques cl\u00e9s<\/strong> de la <strong>Testeur de force de p\u00e9n\u00e9tration et de tra\u00een\u00e9e d&#039;aiguille NPD-01<\/strong>:<\/p>\n<table>\n<tbody>\n<tr>\n<td width=\"144\">Cellule de charge<\/td>\n<td width=\"276\">50N (ou selon les besoins)<\/td>\n<\/tr>\n<tr>\n<td width=\"144\">Vitesse de test<\/td>\n<td width=\"276\">1 \u00e0 500 mm\/min<\/td>\n<\/tr>\n<tr>\n<td width=\"144\">Pr\u00e9cision de la force<\/td>\n<td width=\"276\">0,5% FS<\/td>\n<\/tr>\n<tr>\n<td width=\"144\">Pr\u00e9cision<\/td>\n<td width=\"276\">0,01 mm<\/td>\n<\/tr>\n<tr>\n<td width=\"144\">Pouvoir<\/td>\n<td width=\"276\">110~220V<\/td>\n<\/tr>\n<\/tbody>\n<\/table>\n<h2>Caract\u00e9ristiques techniques du testeur de force de p\u00e9n\u00e9tration de l&#039;aiguille<\/h2>\n<ol>\n<li><strong>Pr\u00e9cision et fiabilit\u00e9<\/strong>:Avec une pr\u00e9cision de 0,01 mm et une pr\u00e9cision de mesure de force de 0,5%.<\/li>\n<li><strong>Versatilit\u00e9<\/strong>:L&#039;instrument s&#039;adapte \u00e0 diff\u00e9rentes tailles et types d&#039;aiguilles, permettant des tests complets sur une large gamme de dispositifs m\u00e9dicaux.<\/li>\n<li><strong>Facilit\u00e9 d&#039;utilisation<\/strong>:Le syst\u00e8me contr\u00f4l\u00e9 par PLC et intuitif <strong>\u00c9cran tactile IHM<\/strong> faciliter la configuration, la surveillance et l\u2019interpr\u00e9tation des tests par les op\u00e9rateurs.<\/li>\n<li><strong>Personnalisation<\/strong>:Les r\u00e9glages de vitesse variables et la profondeur de p\u00e9n\u00e9tration r\u00e9glable garantissent que l&#039;appareil peut \u00eatre adapt\u00e9 aux exigences de test sp\u00e9cifiques.<\/li>\n<li><strong>Conformit\u00e9 aux normes<\/strong>:Adh\u00e8re pleinement aux normes internationales telles que <strong>ISO 7864<\/strong> et <strong>GB 15811<\/strong>, ce qui le rend adapt\u00e9 aux tests r\u00e9glementaires dans diverses r\u00e9gions.<\/li>\n<\/ol>\n<h2>Norme relative au test de p\u00e9n\u00e9tration des aiguilles<\/h2>\n<p>Le <strong>Instrument de mesure de la force de p\u00e9n\u00e9tration de l&#039;aiguille NPD-01<\/strong> est conforme \u00e0 diverses normes internationales, ce qui le rend adapt\u00e9 aux tests m\u00e9dicaux et pharmaceutiques dans le monde entier :<\/p>\n<h3><strong><a href=\"https:\/\/www.iso.org\/standard\/60481.html\" target=\"_blank\" rel=\"nofollow noopener\">ISO 7864<\/a> Annexe D<\/strong><\/h3>\n<ul>\n<li>Sp\u00e9cifie la m\u00e9thode d&#039;essai pour mesurer la <strong>force de p\u00e9n\u00e9tration<\/strong> et <strong>force de tra\u00een\u00e9e<\/strong> des aiguilles, ce qui est essentiel pour garantir leur performance lors de leur utilisation.<\/li>\n<\/ul>\n<h3><strong>GB 15811<\/strong><\/h3>\n<ul>\n<li>Cette norme chinoise d\u00e9crit des m\u00e9thodes sp\u00e9cifiques pour la <strong>test de p\u00e9n\u00e9tration d&#039;aiguille<\/strong>, auquel adh\u00e8re la norme NPD-01.<\/li>\n<\/ul>\n<p>L\u2019utilisation de cet instrument garantit que vos produits r\u00e9pondent aux normes les plus \u00e9lev\u00e9es de l\u2019industrie et sont adapt\u00e9s \u00e0 l\u2019approbation r\u00e9glementaire sur diff\u00e9rents march\u00e9s.<\/p>\n<h2>Assistance et formation<\/h2>\n<p>Cell Instruments fournit <strong>accompagnement et formation complets<\/strong> pour aider les utilisateurs \u00e0 tirer le meilleur parti de <strong>Instrument de mesure de la force de p\u00e9n\u00e9tration de l&#039;aiguille NPD-01<\/strong>:<\/p>\n<ul>\n<li><strong>Formation des utilisateurs<\/strong>:Nos programmes de formation sont con\u00e7us pour vous aider \u00e0 comprendre le fonctionnement de l&#039;instrument et les principes de <strong>test d&#039;aiguille<\/strong>.<\/li>\n<li><strong>Assistance technique<\/strong>:Nous offrons un support technique continu pour le d\u00e9pannage, la maintenance et l&#039;\u00e9talonnage.<\/li>\n<li><strong>Services d&#039;\u00e9talonnage<\/strong>:Pour garantir une pr\u00e9cision continue, nous fournissons des services d\u2019\u00e9talonnage professionnels sur une base annuelle.<\/li>\n<\/ul>\n<h2>Questions fr\u00e9quemment pos\u00e9es (FAQ)<\/h2>\n<p><strong>Q1 : Quels sont les avantages de tester la force de tra\u00een\u00e9e de l\u2019aiguille ?<br \/>\n<\/strong>A1 : Le test de la force de tra\u00een\u00e9e garantit que l&#039;aiguille se d\u00e9place en douceur dans les tissus, r\u00e9duisant ainsi l&#039;inconfort et am\u00e9liorant l&#039;efficacit\u00e9 clinique. Il permet \u00e9galement de pr\u00e9dire les performances des aiguilles dans diverses conditions.<\/p>\n<p><strong>Q2 : Ce testeur peut-il \u00eatre utilis\u00e9 pour tester diff\u00e9rents types d\u2019aiguilles ?<\/strong><br \/>\nA2 : Oui, le <strong>NPD-01<\/strong> est polyvalent et peut tester une large gamme d&#039;aiguilles, notamment des seringues, des lancettes et des aiguilles hypodermiques. Il comprend plusieurs fixations pour diff\u00e9rentes tailles d&#039;aiguilles.<\/p>\n<p><strong>Q3 : Le NPD-01 est-il conforme aux normes de test internationales ?<\/strong><br \/>\nA3 : Oui, le <strong>NPD-01<\/strong> adh\u00e8re \u00e0 <strong>ISO 7864<\/strong> et <strong>GB 15811<\/strong>, garantissant ainsi qu&#039;il r\u00e9pond aux normes de test mondiales pour les dispositifs m\u00e9dicaux.<\/p>\n<p><strong>Q4 : Quel type de donn\u00e9es le NPD-01 g\u00e9n\u00e8re-t-il ?<\/strong><br \/>\nA4\u00a0: Le NPD-01 fournit \u00e0 la fois des mesures de force en temps r\u00e9el et des donn\u00e9es de profondeur de p\u00e9n\u00e9tration, avec des r\u00e9sultats disponibles via le <strong>\u00c9cran tactile IHM<\/strong> et un int\u00e9gr\u00e9 <strong>micro-imprimante<\/strong>.<\/p>","protected":false},"excerpt":{"rendered":"<p>L&#039;instrument de mesure de la force de p\u00e9n\u00e9tration de l&#039;aiguille NPD-01 permet de r\u00e9aliser des tests pr\u00e9cis et fiables de la force et de la tra\u00een\u00e9e d&#039;insertion de l&#039;aiguille, essentiels pour les industries m\u00e9dicales et pharmaceutiques. D\u00e9couvrez-en plus sur ses applications, ses principes de fonctionnement et ses caract\u00e9ristiques techniques.<\/p>","protected":false},"featured_media":0,"comment_status":"closed","ping_status":"closed","template":"","meta":{"site-sidebar-layout":"default","site-content-layout":"default","ast-global-header-display":"","ast-main-header-display":"","ast-hfb-above-header-display":"","ast-hfb-below-header-display":"","ast-hfb-mobile-header-display":"","site-post-title":"","ast-breadcrumbs-content":"","ast-featured-img":"","footer-sml-layout":"","theme-transparent-header-meta":"default","adv-header-id-meta":"","stick-header-meta":"","header-above-stick-meta":"","header-main-stick-meta":"","header-below-stick-meta":""},"product_cat":[953,956,955,845,1178,1177,934,954,957,958,952,959,149,95],"product_tag":[],"class_list":{"0":"post-6425","1":"product","2":"type-product","3":"status-publish","5":"product_cat-bursting-tester","6":"product_cat-cobb-tester","7":"product_cat-crush-tester","8":"product_cat-customization","9":"product_cat-gb-15811","10":"product_cat-iso-7864","11":"product_cat-medical-packaging-tester","12":"product_cat-paper-tear-tester","13":"product_cat-plybond-tester","14":"product_cat-puncture-tester","15":"product_cat-rub-tester","16":"product_cat-stiffness-tester","17":"product_cat-pharma-and-medical-testers","18":"product_cat-products","19":"desktop-align-left","20":"tablet-align-left","21":"mobile-align-left","23":"first","24":"instock","25":"shipping-taxable","26":"product-type-simple"},"_links":{"self":[{"href":"https:\/\/www.qualitester.com\/fr\/wp-json\/wp\/v2\/product\/6425","targetHints":{"allow":["GET"]}}],"collection":[{"href":"https:\/\/www.qualitester.com\/fr\/wp-json\/wp\/v2\/product"}],"about":[{"href":"https:\/\/www.qualitester.com\/fr\/wp-json\/wp\/v2\/types\/product"}],"replies":[{"embeddable":true,"href":"https:\/\/www.qualitester.com\/fr\/wp-json\/wp\/v2\/comments?post=6425"}],"version-history":[{"count":0,"href":"https:\/\/www.qualitester.com\/fr\/wp-json\/wp\/v2\/product\/6425\/revisions"}],"wp:attachment":[{"href":"https:\/\/www.qualitester.com\/fr\/wp-json\/wp\/v2\/media?parent=6425"}],"wp:term":[{"taxonomy":"product_cat","embeddable":true,"href":"https:\/\/www.qualitester.com\/fr\/wp-json\/wp\/v2\/product_cat?post=6425"},{"taxonomy":"product_tag","embeddable":true,"href":"https:\/\/www.qualitester.com\/fr\/wp-json\/wp\/v2\/product_tag?post=6425"}],"curies":[{"name":"wp","href":"https:\/\/api.w.org\/{rel}","templated":true}]}}