{"id":5418,"date":"2024-11-19T11:08:52","date_gmt":"2024-11-19T03:08:52","guid":{"rendered":"https:\/\/www.qualitester.com\/?post_type=product&#038;p=5418"},"modified":"2024-12-05T15:47:38","modified_gmt":"2024-12-05T07:47:38","slug":"sale-melt-flow-index-tester","status":"publish","type":"product","link":"https:\/\/www.qualitester.com\/fr\/produit\/sale-melt-flow-index-tester\/","title":{"rendered":"Testeur d&#039;indice de fluidit\u00e9 \u00e0 chaud"},"content":{"rendered":"<h2><strong>Introduction au testeur d'indice de fluidit\u00e9 de la mati\u00e8re fondue<\/strong><\/h2>\n<p>Le <strong>Testeur d&#039;indice de fluidit\u00e9 \u00e0 chaud<\/strong> est un instrument de haute pr\u00e9cision con\u00e7u pour mesurer les caract\u00e9ristiques d'\u00e9coulement \u00e0 l'\u00e9tat fondu des mat\u00e9riaux thermoplastiques dans des conditions contr\u00f4l\u00e9es. En d\u00e9terminant le d\u00e9bit massique (MFR) et le d\u00e9bit volum\u00e9trique (MVR) de la mati\u00e8re fondue, ce testeur fournit des informations pr\u00e9cieuses sur la transformabilit\u00e9 des polym\u00e8res, ce qui est essentiel pour le contr\u00f4le de la qualit\u00e9, la s\u00e9lection des mat\u00e9riaux et l'optimisation de la fabrication. Qu'il soit utilis\u00e9 dans les secteurs de l'automobile, de la pharmacie, de l'emballage alimentaire ou de l'\u00e9lectronique, le testeur d'indice de fluidit\u00e9 garantit que les mat\u00e9riaux r\u00e9pondent \u00e0 des propri\u00e9t\u00e9s d'\u00e9coulement sp\u00e9cifiques pour une transformation fiable.<\/p>\n<h2><strong>Applications du testeur d'indice de fluidit\u00e9 de la mati\u00e8re fondue<\/strong><\/h2>\n<p>Le testeur d'indice de fluidit\u00e9 \u00e0 chaud est largement utilis\u00e9 dans les industries qui exigent des essais pr\u00e9cis sur les mat\u00e9riaux polym\u00e8res. Il est particuli\u00e8rement adapt\u00e9 pour tester <strong>plastiques techniques<\/strong> avec des points de fusion \u00e9lev\u00e9s, tels que <strong>polyarylsulfone, nylon, plastiques fluor\u00e9s<\/strong>, et <strong>poly\u00e9thyl\u00e8ne<\/strong>ainsi que des mati\u00e8res plastiques ayant un point de fusion plus bas, notamment <strong>polypropyl\u00e8ne<\/strong>, <strong>ABS<\/strong>, <strong>polystyr\u00e8ne<\/strong>, et <strong>polyoxym\u00e9thyl\u00e8ne<\/strong>. En mesurant avec pr\u00e9cision le d\u00e9bit de ces mat\u00e9riaux, les fabricants peuvent s'assurer que leurs plastiques se comporteront de mani\u00e8re pr\u00e9visible au cours de la transformation et qu'ils r\u00e9pondront aux sp\u00e9cifications du produit.<\/p>\n<h3><strong>Industries<\/strong>:<\/h3>\n<ul>\n<li><strong>Conditionnement<\/strong>: Assurer la coh\u00e9rence du flux de mat\u00e9riaux pour les films d'emballage et les conteneurs.<\/li>\n<li><strong>Automobile<\/strong>: V\u00e9rifie la fiabilit\u00e9 des plastiques utilis\u00e9s dans les composants des v\u00e9hicules.<\/li>\n<li><strong>M\u00e9dicaments<\/strong>: Confirme la coh\u00e9rence de la fabrication des syst\u00e8mes d'administration de m\u00e9dicaments.<\/li>\n<li><strong>\u00c9lectronique<\/strong>: Teste les caract\u00e9ristiques d'\u00e9coulement des mat\u00e9riaux utilis\u00e9s dans les composants \u00e9lectroniques.<\/li>\n<li><strong>M\u00e9dical<\/strong>: \u00c9value l'aptitude \u00e0 la transformation des mat\u00e9riaux des dispositifs m\u00e9dicaux.<\/li>\n<\/ul>\n<h2><strong>Principe du test<\/strong><\/h2>\n<p>Le testeur de l'indice de fluidit\u00e9 de la mati\u00e8re fondue d\u00e9termine l'indice de fluidit\u00e9 de la mati\u00e8re fondue. <strong>D\u00e9bit massique de la mati\u00e8re fondue (MFR)<\/strong> et <strong>Taux d'\u00e9coulement du volume de mati\u00e8re fondue (MVR)<\/strong> en extrudant un mat\u00e9riau fondu \u00e0 partir d'un cylindre chauff\u00e9 \u00e0 travers une fili\u00e8re de longueur et de diam\u00e8tre sp\u00e9cifi\u00e9s dans des conditions de temp\u00e9rature et de charge pr\u00e9d\u00e9finies.<\/p>\n<ul>\n<li><strong>MFR (Proc\u00e9dure A)<\/strong>: Cette m\u00e9thode permet de calculer le taux d'extrusion en mesurant le poids de la mati\u00e8re extrud\u00e9e sur une p\u00e9riode donn\u00e9e (g\u00e9n\u00e9ralement 10 minutes) en grammes par 10 minutes (g\/10 min).<\/li>\n<li><strong>MVR (Proc\u00e9dure B)<\/strong>: Dans cette m\u00e9thode, le d\u00e9placement du piston est mesur\u00e9 sur une dur\u00e9e ou une distance donn\u00e9e, ce qui permet d'obtenir le taux d'extrusion en centim\u00e8tres cubes par 10 minutes (cm\u00b3\/10 min).<\/li>\n<\/ul>\n<p>Le MVR peut \u00eatre converti en MFR, ou vice versa, si le <strong>densit\u00e9 de fusion<\/strong> du mat\u00e9riau \u00e0 la temp\u00e9rature d'essai est connue.<\/p>\n<h2><strong>Normes ISO 1133 et ASTM D1238<\/strong><\/h2>\n<p>Le testeur d'indice de fluidit\u00e9 \u00e0 chaud est conforme aux normes internationales reconnues. <strong>ISO 1133<\/strong> et <strong>ASTM D1238<\/strong>Le syst\u00e8me de mesure de l'\u00e9coulement des thermoplastiques permet d'obtenir des r\u00e9sultats pr\u00e9cis et reproductibles.<\/p>\n<ul>\n<li><a href=\"https:\/\/www.iso.org\/standard\/83905.html\" target=\"_blank\" rel=\"noopener nofollow\"><strong>ISO 1133-1<\/strong><\/a> et <a href=\"https:\/\/www.iso.org\/standard\/44274.html\" target=\"_blank\" rel=\"noopener nofollow\"><strong>ISO 1133-2<\/strong><\/a> sp\u00e9cifier des m\u00e9thodes d'essai pour <strong>MFR<\/strong> et <strong>MVR<\/strong> d\u00e9termination.<\/li>\n<li><a href=\"https:\/\/www.astm.org\/d1238-10.html\" target=\"_blank\" rel=\"noopener nofollow\"><strong>ASTM D1238<\/strong><\/a> fournit des lignes directrices pour la mesure du d\u00e9bit \u00e0 l'\u00e9tat fondu des mat\u00e9riaux thermoplastiques dans des conditions de temp\u00e9rature, de charge et de fili\u00e8re contr\u00f4l\u00e9es.<\/li>\n<\/ul>\n<p>Ces normes sont essentielles pour garantir la coh\u00e9rence entre les diff\u00e9rents laboratoires, fabricants et industries.<\/p>\n<h2><strong>M\u00e9thodes d'essai pour MFR et MVR<\/strong><\/h2>\n<ul>\n<li><strong>M\u00e9thode de mesure de la masse (MFR)<\/strong>: Ce test p\u00e8se l'extrudat produit pendant un intervalle de temps donn\u00e9 et utilise ces donn\u00e9es pour calculer le d\u00e9bit de mati\u00e8re fondue en grammes par 10 minutes.<\/li>\n<li><strong>M\u00e9thode de mesure du d\u00e9placement (MVR)<\/strong>: Mesure le mouvement du piston et calcule le taux d'extrusion en centim\u00e8tres cubes par 10 minutes.<\/li>\n<\/ul>\n<p><strong>Contr\u00f4le de la charge et de la temp\u00e9rature<\/strong> sont essentiels pour garantir des r\u00e9sultats coh\u00e9rents. Le testeur d'indice de fluidit\u00e9 de la mati\u00e8re fondue peut s'adapter \u00e0 de multiples options de charge allant de <strong>0,325 kg<\/strong> \u00e0 <strong>21,6 kg<\/strong> en fonction du mat\u00e9riau test\u00e9, et la temp\u00e9rature est contr\u00f4l\u00e9e avec pr\u00e9cision pour r\u00e9pondre aux normes de test.<\/p>\n<h2><strong>Indice d'\u00e9coulement de la mati\u00e8re fondue (MFR) et d\u00e9bit-volume de la mati\u00e8re fondue (MVR)<\/strong><\/h2>\n<ul>\n<li><strong>MFR (d\u00e9bit massique de la mati\u00e8re fondue)<\/strong>: Le MFR est la vitesse \u00e0 laquelle un mat\u00e9riau polym\u00e8re est extrud\u00e9 \u00e0 travers une fili\u00e8re dans des conditions sp\u00e9cifi\u00e9es de charge, de temp\u00e9rature et de dimensions de la fili\u00e8re. La MFR est exprim\u00e9e en <strong>grammes par 10 minutes<\/strong> (g\/10 min) ou <strong>d\u00e9cigrammes par minute<\/strong> (dg\/min).<\/li>\n<li><strong>MVR (Melt Volume-Flow Rate)<\/strong>: Le MVR mesure le volume de mati\u00e8re extrud\u00e9e par unit\u00e9 de temps (centim\u00e8tres cubes par 10 minutes) et est particuli\u00e8rement utile lorsqu'il s'agit de mati\u00e8res qui n'ont pas une densit\u00e9 de fusion constante.<\/li>\n<\/ul>\n<p>Ces mesures sont essentielles pour permettre aux fabricants de d\u00e9terminer la facilit\u00e9 avec laquelle un plastique peut \u00eatre transform\u00e9, ce qui influe sur son utilisation dans diverses applications, du moulage par injection \u00e0 l'extrusion.<\/p>\n<h2><strong>Charge dans les tests MFR et MVR<\/strong><\/h2>\n<p>Le <strong>charge<\/strong> dans les essais MFR et MVR se r\u00e9f\u00e8re \u00e0 la force combin\u00e9e exerc\u00e9e par le piston et tout poids ajout\u00e9. Cette force est essentielle pour d\u00e9terminer le taux d'extrusion du mat\u00e9riau dans des conditions sp\u00e9cifiques. L'essai <strong>charges nominales<\/strong> typiquement utilis\u00e9s pour les tests sont <strong>0,325 kg, 1,200 kg, 2,160 kg, 3,800 kg, 5,000 kg, 10,000 kg<\/strong>, et <strong>21.600 kg<\/strong>. La charge correcte est s\u00e9lectionn\u00e9e en fonction de la viscosit\u00e9 du mat\u00e9riau et des conditions d'essai souhait\u00e9es.<\/p>\n<h2><strong>Principales caract\u00e9ristiques du testeur d'indice de fluidit\u00e9 de la mati\u00e8re fondue<\/strong><\/h2>\n<ul>\n<li><strong>Contr\u00f4le pr\u00e9cis de la temp\u00e9rature<\/strong>: Les \u00e9l\u00e9ments chauffants r\u00e9glables assurent un contr\u00f4le pr\u00e9cis et constant de la temp\u00e9rature pour un test fiable d'une large gamme de thermoplastiques.<\/li>\n<li><strong>Options de charge flexibles<\/strong>: Choisissez parmi une gamme de poids nominaux pour convenir \u00e0 diff\u00e9rents mat\u00e9riaux et conditions d'essai.<\/li>\n<li><strong>Interface conviviale<\/strong>: Des commandes simples rendent le testeur d'indice de fluidit\u00e9 facile \u00e0 utiliser, permettant une installation rapide et des tests pr\u00e9cis.<\/li>\n<li><strong>Enregistrement des donn\u00e9es et rapports<\/strong>: Fournit des valeurs MFR et MVR pr\u00e9cises, qui peuvent \u00eatre enregistr\u00e9es et stock\u00e9es pour une analyse ult\u00e9rieure ou \u00e0 des fins d'assurance qualit\u00e9.<\/li>\n<\/ul>\n<h2><strong>Pourquoi choisir le testeur d'indice de fluidit\u00e9 de Cell Instruments ?<\/strong><\/h2>\n<p>Le testeur d'indice de fluidit\u00e9 de Cell Instruments est con\u00e7u pour offrir le plus haut niveau de pr\u00e9cision et de coh\u00e9rence dans la mesure de l'indice de fluidit\u00e9 de la mati\u00e8re fondue et de l'indice de fluidit\u00e9 de la mati\u00e8re fondue, conform\u00e9ment aux normes ISO 1133 et ASTM D1238. Nos testeurs sont con\u00e7us dans un souci de durabilit\u00e9 et de facilit\u00e9 d'utilisation, avec une construction robuste et des commandes intuitives.<\/p>\n<h2><strong>Avantages<\/strong>:<\/h2>\n<ul>\n<li><strong>Des r\u00e9sultats pr\u00e9cis<\/strong>: R\u00e9pond aux normes internationales pour garantir des mesures de d\u00e9bit pr\u00e9cises.<\/li>\n<li><strong>Options personnalisables<\/strong>: Configurable pour une large gamme de polym\u00e8res et d'exigences d'essai.<\/li>\n<li><strong>Fiabilit\u00e9<\/strong>: Con\u00e7us pour une utilisation continue dans l'industrie et la recherche.<\/li>\n<li><strong>Conformit\u00e9 aux normes de l&#039;industrie<\/strong>: Conforme \u00e0 <strong>ISO 1133<\/strong> et <strong>ASTM D1238<\/strong>garantissant la fiabilit\u00e9 et la reproductibilit\u00e9 des essais.<\/li>\n<\/ul>\n<p>Le testeur d'indice de fluidit\u00e9 \u00e0 chaud est un outil essentiel pour \u00e9valuer le comportement d'\u00e9coulement des thermoplastiques et s'assurer que les mat\u00e9riaux r\u00e9pondent aux exigences de leur transformation. Que ce soit pour le contr\u00f4le de la qualit\u00e9, la recherche sur les mat\u00e9riaux ou l'optimisation de la fabrication, ce testeur fournit des r\u00e9sultats fiables et pr\u00e9cis, conformes aux normes de l'Union europ\u00e9enne. <strong>ISO 1133<\/strong> et <strong>ASTM D1238<\/strong> de l'industrie chimique. Avec ses options personnalisables et son fonctionnement convivial, le testeur d'indice de fluidit\u00e9 de Cell Instruments est le choix id\u00e9al pour tout laboratoire ou environnement de production.<\/p>","protected":false},"excerpt":{"rendered":"<p>Le <strong>Testeur d&#039;indice de fluidit\u00e9 \u00e0 chaud<\/strong> est un instrument de haute pr\u00e9cision con\u00e7u pour mesurer les caract\u00e9ristiques d'\u00e9coulement \u00e0 l'\u00e9tat fondu des mat\u00e9riaux thermoplastiques dans des conditions contr\u00f4l\u00e9es. En d\u00e9terminant le d\u00e9bit massique (MFR) et le d\u00e9bit volum\u00e9trique (MVR) de la mati\u00e8re fondue, ce testeur fournit des informations pr\u00e9cieuses sur la transformabilit\u00e9 des polym\u00e8res, ce qui est essentiel pour le contr\u00f4le de la qualit\u00e9, la s\u00e9lection des mat\u00e9riaux et l'optimisation de la fabrication. Qu'il soit utilis\u00e9 dans les secteurs de l'automobile, de la pharmacie, de l'emballage alimentaire ou de l'\u00e9lectronique, le testeur d'indice de fluidit\u00e9 garantit que les mat\u00e9riaux r\u00e9pondent \u00e0 des propri\u00e9t\u00e9s d'\u00e9coulement sp\u00e9cifiques pour une transformation fiable.<\/p>","protected":false},"featured_media":6307,"comment_status":"closed","ping_status":"closed","template":"","meta":{"site-sidebar-layout":"default","site-content-layout":"default","ast-global-header-display":"","ast-main-header-display":"","ast-hfb-above-header-display":"","ast-hfb-below-header-display":"","ast-hfb-mobile-header-display":"","site-post-title":"","ast-breadcrumbs-content":"","ast-featured-img":"","footer-sml-layout":"","theme-transparent-header-meta":"default","adv-header-id-meta":"","stick-header-meta":"","header-above-stick-meta":"","header-main-stick-meta":"","header-below-stick-meta":""},"product_cat":[1127,845,1126,1125,16,95],"product_tag":[],"class_list":{"0":"post-5418","1":"product","2":"type-product","3":"status-publish","4":"has-post-thumbnail","6":"product_cat-astm-d1238","7":"product_cat-customization","8":"product_cat-iso-1133-1","9":"product_cat-iso-1133-2","10":"product_cat-plastic-packaging-testers","11":"product_cat-products","12":"desktop-align-left","13":"tablet-align-left","14":"mobile-align-left","16":"first","17":"instock","18":"shipping-taxable","19":"product-type-simple"},"_links":{"self":[{"href":"https:\/\/www.qualitester.com\/fr\/wp-json\/wp\/v2\/product\/5418","targetHints":{"allow":["GET"]}}],"collection":[{"href":"https:\/\/www.qualitester.com\/fr\/wp-json\/wp\/v2\/product"}],"about":[{"href":"https:\/\/www.qualitester.com\/fr\/wp-json\/wp\/v2\/types\/product"}],"replies":[{"embeddable":true,"href":"https:\/\/www.qualitester.com\/fr\/wp-json\/wp\/v2\/comments?post=5418"}],"version-history":[{"count":0,"href":"https:\/\/www.qualitester.com\/fr\/wp-json\/wp\/v2\/product\/5418\/revisions"}],"wp:featuredmedia":[{"embeddable":true,"href":"https:\/\/www.qualitester.com\/fr\/wp-json\/wp\/v2\/media\/6307"}],"wp:attachment":[{"href":"https:\/\/www.qualitester.com\/fr\/wp-json\/wp\/v2\/media?parent=5418"}],"wp:term":[{"taxonomy":"product_cat","embeddable":true,"href":"https:\/\/www.qualitester.com\/fr\/wp-json\/wp\/v2\/product_cat?post=5418"},{"taxonomy":"product_tag","embeddable":true,"href":"https:\/\/www.qualitester.com\/fr\/wp-json\/wp\/v2\/product_tag?post=5418"}],"curies":[{"name":"wp","href":"https:\/\/api.w.org\/{rel}","templated":true}]}}