{"id":5398,"date":"2024-11-18T10:59:49","date_gmt":"2024-11-18T02:59:49","guid":{"rendered":"https:\/\/www.qualitester.com\/?post_type=product&#038;p=5398"},"modified":"2024-12-05T15:28:34","modified_gmt":"2024-12-05T07:28:34","slug":"sale-high-speed-unwinding-tester","status":"publish","type":"product","link":"https:\/\/www.qualitester.com\/fr\/produit\/sale-high-speed-unwinding-tester\/","title":{"rendered":"Testeur de d\u00e9roulement \u00e0 grande vitesse HSU-01"},"content":{"rendered":"<p>Le <strong>Testeur de d\u00e9roulement \u00e0 grande vitesse HSU-01<\/strong> est un instrument de pointe con\u00e7u pour mesurer la force n\u00e9cessaire pour d\u00e9rouler les rubans adh\u00e9sifs de leurs rouleaux \u00e0 une vitesse \u00e9lev\u00e9e et contr\u00f4l\u00e9e. Cet appareil innovant est essentiel pour l'assurance qualit\u00e9, car il garantit que les rubans adh\u00e9sifs sont conformes aux normes industrielles et qu'ils fonctionnent de mani\u00e8re fiable pendant l'application. De l'emballage \u00e0 l'automobile, en passant par le m\u00e9dical et l'\u00e9lectronique, le HSU-01 est la solution id\u00e9ale pour tester la force de d\u00e9roulement.<\/p>\n<h2>Applications<\/h2>\n<p>Les tests de force d'enroulement \u00e9valuent le comportement des rubans adh\u00e9sifs dans des conditions r\u00e9alistes. Cela garantit une qualit\u00e9 constante et la conformit\u00e9 aux normes industrielles dans des applications telles que :<\/p>\n<ul>\n<li><strong>Conditionnement<\/strong>: Assurer la performance de la bande pendant le scellement et le stockage.<\/li>\n<li><strong>Dispositifs m\u00e9dicaux<\/strong>: Garantir la fiabilit\u00e9 des adh\u00e9sifs dans les applications m\u00e9dicales critiques.<\/li>\n<li><strong>Automobile<\/strong>: \u00c9valuation de la durabilit\u00e9 des rubans pour l'assemblage et la r\u00e9paration.<\/li>\n<li><strong>\u00c9lectronique<\/strong>: Rubans de validation pour l'isolation et la protection des composants.<\/li>\n<\/ul>\n<h2>Normes et m\u00e9thodes d'essai<\/h2>\n<p>Le <strong>Testeur de d\u00e9roulement \u00e0 grande vitesse HSU-01<\/strong>\u00a0est conforme aux principales normes industrielles :<\/p>\n<h3>PSTC-13 :<\/h3>\n<p>L'\u00e9talon-or pour tester les rubans adh\u00e9sifs, assurant une mesure pr\u00e9cise de la force de d\u00e9roulement \u00e0 des vitesses \u00e9lev\u00e9es pour maintenir l'uniformit\u00e9 du produit.<\/p>\n<h3>ASTM D1000 :<\/h3>\n<p>D\u00e9finit les m\u00e9thodes d'essai pour les rubans sensibles \u00e0 la pression utilis\u00e9s dans les applications \u00e9lectriques et \u00e9lectroniques.<\/p>\n<h3>EN 12026 :<\/h3>\n<p>Couvre la durabilit\u00e9 des rubans adh\u00e9sifs sur les march\u00e9s europ\u00e9ens.<\/p>\n<h3>AFERA 4008 :<\/h3>\n<p>Norme pour l'\u00e9valuation des performances des rubans adh\u00e9sifs selon les directives europ\u00e9ennes.<\/p>\n<p><strong>M\u00e9thodes d'essai :<\/strong><\/p>\n<ul>\n<li>Fixez l'une des extr\u00e9mit\u00e9s du ruban \u00e0 une broche ou \u00e0 un mandrin en rotation pour simuler un d\u00e9roulement r\u00e9el.<\/li>\n<li>L'autre extr\u00e9mit\u00e9 est ancr\u00e9e et le testeur d\u00e9roule la bande \u00e0 une vitesse pr\u00e9d\u00e9finie (mesur\u00e9e en IPM ou mm\/s).<\/li>\n<li>Mesurer et enregistrer la force n\u00e9cessaire pour maintenir le mouvement, y compris les forces maximales et moyennes.<\/li>\n<\/ul>\n<hr \/>\n<h2>Principales caract\u00e9ristiques du testeur de d\u00e9roulement \u00e0 grande vitesse HSU-01<\/h2>\n<h3>Conception et fonctionnalit\u00e9 avanc\u00e9es<\/h3>\n<p>Le HSU-01 est un instrument sp\u00e9cialement con\u00e7u pour les tests de pr\u00e9cision. Il fournit des donn\u00e9es en temps r\u00e9el et des informations d\u00e9taill\u00e9es sur le comportement des rubans adh\u00e9sifs \u00e0 grande vitesse.<\/p>\n<h3>Sp\u00e9cifications techniques :<\/h3>\n<table style=\"height: 274px;\" width=\"573\">\n<tbody>\n<tr>\n<td width=\"133\">Taille du sp\u00e9cimen<\/td>\n<td width=\"660\">Diam\u00e8tre de la bobine 75 mm, largeur 75 mm. Diam\u00e8tre ext\u00e9rieur maximal de 300 mm (possibilit\u00e9 de personnalisation).<\/td>\n<\/tr>\n<tr>\n<td width=\"133\">Cellule de charge<\/td>\n<td width=\"660\">10kg, 20kg et 50kg en option<\/td>\n<\/tr>\n<tr>\n<td width=\"133\">R\u00e9solution de force<\/td>\n<td width=\"660\">0,01 N<\/td>\n<\/tr>\n<tr>\n<td width=\"133\">Moteur<\/td>\n<td width=\"660\">Type de servo<\/td>\n<\/tr>\n<tr>\n<td width=\"133\">Contr\u00f4le<\/td>\n<td width=\"660\">\u00c9cran tactile PLC et HMI<\/td>\n<\/tr>\n<tr>\n<td width=\"133\">Pouvoir<\/td>\n<td width=\"660\">CA 110~220V 50Hz<\/td>\n<\/tr>\n<\/tbody>\n<\/table>\n<h3>Efficacit\u00e9 et fiabilit\u00e9<\/h3>\n<ul>\n<li>Essais stables \u00e0 des vitesses \u00e9lev\u00e9es pr\u00e9d\u00e9finies.<\/li>\n<li>Des mesures pr\u00e9cises garantissent la qualit\u00e9 du produit et le respect des normes telles que <strong>PSTC-13<\/strong>.<\/li>\n<li>Les servomoteurs robustes et les syst\u00e8mes de contr\u00f4le avanc\u00e9s permettent d'obtenir des r\u00e9sultats constants.<\/li>\n<\/ul>\n<h2>Avantages du HSU-01<\/h2>\n<h3>Am\u00e9lioration de l'assurance qualit\u00e9<\/h3>\n<p>En mesurant pr\u00e9cis\u00e9ment la force de d\u00e9roulement, le HSU-01 aide les fabricants \u00e0 maintenir des normes de haute qualit\u00e9, garantissant que leurs produits r\u00e9pondent aux attentes des clients et aux exigences de l'industrie.<\/p>\n<h3>Personnalisation et flexibilit\u00e9<\/h3>\n<p>Le testeur peut \u00eatre adapt\u00e9 \u00e0 diff\u00e9rentes tailles de bande, capacit\u00e9s de cellule de charge et besoins d'application.<\/p>\n<h3>Utilisation conviviale<\/h3>\n<p>Avec un contr\u00f4le PLC et un \u00e9cran tactile HMI, le HSU-01 assure une configuration, un fonctionnement et une analyse des donn\u00e9es faciles.<\/p>\n<h2>FAQ<\/h2>\n<p><strong>1. Quelle est la fonction principale du testeur de d\u00e9roulement \u00e0 grande vitesse HSU-01 ?<\/strong><br \/>\nLe HSU-01 mesure la force n\u00e9cessaire pour d\u00e9rouler les rubans adh\u00e9sifs \u00e0 des vitesses \u00e9lev\u00e9es, garantissant ainsi la qualit\u00e9 et la constance des performances.<\/p>\n<p><strong>2. Pourquoi l'essai de la force de d\u00e9roulement est-il essentiel ?<\/strong><br \/>\nLes tests de force de d\u00e9roulement garantissent la fiabilit\u00e9 du ruban adh\u00e9sif pendant l'application, aidant les fabricants \u00e0 respecter les normes industrielles telles que PSTC-13.<\/p>\n<p><strong>3. Quelles sont les industries qui utilisent les tests de force de d\u00e9roulement ?<\/strong><br \/>\nLes industries de l'emballage, de l'automobile, de la m\u00e9decine et de l'\u00e9lectronique s'appuient sur ces tests pour garantir les performances de leurs produits.<\/p>\n<p><strong>4. Qu'est-ce qui distingue le HSU-01 des autres testeurs ?<\/strong><br \/>\nLe HSU-01 offre une pr\u00e9cision in\u00e9gal\u00e9e, des options personnalisables et des commandes intuitives, soutenues par la technologie PLC et HMI.<\/p>\n<p><strong>5. Le HSU-01 peut-il \u00eatre personnalis\u00e9 ?<\/strong><br \/>\nOui, le HSU-01 peut \u00eatre adapt\u00e9 pour r\u00e9pondre \u00e0 des exigences de test sp\u00e9cifiques, notamment en ce qui concerne la taille des bobines, la capacit\u00e9 des cellules de charge et la vitesse des tests.<\/p>\n<p>Le <strong>Testeur de d\u00e9roulement \u00e0 grande vitesse HSU-01<\/strong>\u00a0est une solution de pointe pour les essais de force de d\u00e9roulement. Conforme \u00e0 des normes telles que <strong>PSTC-13<\/strong>, Il garantit la performance et la qualit\u00e9 des rubans adh\u00e9sifs dans de nombreux secteurs d'activit\u00e9. Avec ses fonctions avanc\u00e9es, ses commandes conviviales et ses options de personnalisation, le HSU-01 est l'outil id\u00e9al pour les fabricants soucieux d'exceller dans le contr\u00f4le de la qualit\u00e9.<\/p>\n<div id=\"gtx-anchor\" style=\"position: absolute; visibility: hidden; left: 475.688px; top: 26px; width: 84px; height: 19px;\"><\/div>\n<div class=\"jfk-bubble gtx-bubble\" style=\"visibility: visible; left: -150px; top: 55px; opacity: 1;\" role=\"alertdialog\" aria-describedby=\"bubble-12\">\n<div id=\"bubble-12\" class=\"jfk-bubble-content-id\">\n<div id=\"gtx-host\" style=\"min-width: 200px; max-width: 400px;\"><\/div>\n<\/div>\n<div class=\"jfk-bubble-closebtn-id jfk-bubble-closebtn\" tabindex=\"0\" role=\"button\" aria-label=\"Fermer\"><\/div>\n<div class=\"jfk-bubble-arrow-id jfk-bubble-arrow jfk-bubble-arrowup\" style=\"left: 517.688px;\">\n<div class=\"jfk-bubble-arrowimplbefore\"><\/div>\n<div class=\"jfk-bubble-arrowimplafter\"><\/div>\n<\/div>\n<\/div>","protected":false},"excerpt":{"rendered":"<p>Le <strong>Testeur de d\u00e9roulement \u00e0 grande vitesse HSU-01<\/strong> est un instrument de pointe con\u00e7u pour mesurer la force n\u00e9cessaire pour d\u00e9rouler les rubans adh\u00e9sifs de leurs rouleaux \u00e0 une vitesse \u00e9lev\u00e9e et contr\u00f4l\u00e9e. Cet appareil innovant est essentiel pour l'assurance qualit\u00e9, car il garantit que les rubans adh\u00e9sifs sont conformes aux normes industrielles et qu'ils fonctionnent de mani\u00e8re fiable pendant l'application. De l'emballage \u00e0 l'automobile, en passant par le m\u00e9dical et l'\u00e9lectronique, le HSU-01 est la solution id\u00e9ale pour tester la force de d\u00e9roulement.<\/p>","protected":false},"featured_media":6296,"comment_status":"closed","ping_status":"closed","template":"","meta":{"site-sidebar-layout":"default","site-content-layout":"default","ast-global-header-display":"","ast-main-header-display":"","ast-hfb-above-header-display":"","ast-hfb-below-header-display":"","ast-hfb-mobile-header-display":"","site-post-title":"","ast-breadcrumbs-content":"","ast-featured-img":"","footer-sml-layout":"","theme-transparent-header-meta":"default","adv-header-id-meta":"","stick-header-meta":"","header-above-stick-meta":"","header-main-stick-meta":"","header-below-stick-meta":""},"product_cat":[953,956,955,845,947,954,957,1116,958,952,959,673,118,95],"product_tag":[],"class_list":{"0":"post-5398","1":"product","2":"type-product","3":"status-publish","4":"has-post-thumbnail","6":"product_cat-bursting-tester","7":"product_cat-cobb-tester","8":"product_cat-crush-tester","9":"product_cat-customization","10":"product_cat-high-speed-unwinding-force","11":"product_cat-paper-tear-tester","12":"product_cat-plybond-tester","13":"product_cat-pstc-13","14":"product_cat-puncture-tester","15":"product_cat-rub-tester","16":"product_cat-stiffness-tester","17":"product_cat-adhesive-tester","18":"product_cat-astm-d1000","19":"product_cat-products","20":"desktop-align-left","21":"tablet-align-left","22":"mobile-align-left","24":"first","25":"instock","26":"shipping-taxable","27":"product-type-simple"},"_links":{"self":[{"href":"https:\/\/www.qualitester.com\/fr\/wp-json\/wp\/v2\/product\/5398","targetHints":{"allow":["GET"]}}],"collection":[{"href":"https:\/\/www.qualitester.com\/fr\/wp-json\/wp\/v2\/product"}],"about":[{"href":"https:\/\/www.qualitester.com\/fr\/wp-json\/wp\/v2\/types\/product"}],"replies":[{"embeddable":true,"href":"https:\/\/www.qualitester.com\/fr\/wp-json\/wp\/v2\/comments?post=5398"}],"version-history":[{"count":0,"href":"https:\/\/www.qualitester.com\/fr\/wp-json\/wp\/v2\/product\/5398\/revisions"}],"wp:featuredmedia":[{"embeddable":true,"href":"https:\/\/www.qualitester.com\/fr\/wp-json\/wp\/v2\/media\/6296"}],"wp:attachment":[{"href":"https:\/\/www.qualitester.com\/fr\/wp-json\/wp\/v2\/media?parent=5398"}],"wp:term":[{"taxonomy":"product_cat","embeddable":true,"href":"https:\/\/www.qualitester.com\/fr\/wp-json\/wp\/v2\/product_cat?post=5398"},{"taxonomy":"product_tag","embeddable":true,"href":"https:\/\/www.qualitester.com\/fr\/wp-json\/wp\/v2\/product_tag?post=5398"}],"curies":[{"name":"wp","href":"https:\/\/api.w.org\/{rel}","templated":true}]}}