{"id":5394,"date":"2024-11-18T10:48:02","date_gmt":"2024-11-18T02:48:02","guid":{"rendered":"https:\/\/www.qualitester.com\/?post_type=product&#038;p=5394"},"modified":"2024-11-18T10:48:04","modified_gmt":"2024-11-18T02:48:04","slug":"sale-rolling-ball-tack-tester","status":"publish","type":"product","link":"https:\/\/www.qualitester.com\/fr\/produit\/sale-rolling-ball-tack-tester\/","title":{"rendered":"Testeur d'adh\u00e9rence BTT Rolling Ball"},"content":{"rendered":"<h2><strong>Introduction au testeur d'adh\u00e9rence \u00e0 bille roulante<\/strong><\/h2>\n<p>Le <strong>Test d'adh\u00e9rence de la bille roulante<\/strong> est un outil essentiel pour \u00e9valuer l'adh\u00e9sivit\u00e9 des adh\u00e9sifs sensibles \u00e0 la pression (PSA). Il mesure la capacit\u00e9 de l'adh\u00e9sif \u00e0 adh\u00e9rer rapidement \u00e0 une surface \u00e0 l'aide d'une m\u00e9thode de test simple et reproductible. Ce testeur est largement utilis\u00e9 dans des secteurs tels que l'emballage, les dispositifs m\u00e9dicaux, l'\u00e9lectronique et la fabrication d'adh\u00e9sifs, o\u00f9 la constance des performances de l'adh\u00e9sif est essentielle. Con\u00e7u pour le contr\u00f4le de la qualit\u00e9, le test d'adh\u00e9rence \u00e0 bille roulante permet de d\u00e9tecter avec pr\u00e9cision les variations d'un lot \u00e0 l'autre, ce qui le rend indispensable pour maintenir des normes de produit \u00e9lev\u00e9es.<\/p>\n<h2><strong>Principales caract\u00e9ristiques du testeur d'adh\u00e9rence Rolling Ball<\/strong><\/h2>\n<ul>\n<li><strong>Des r\u00e9sultats pr\u00e9cis et reproductibles :<\/strong> Con\u00e7u pour une utilisation en laboratoire, il permet une d\u00e9tection fiable des variations de l'adh\u00e9sif.<\/li>\n<li><strong>Deux mod\u00e8les robustes :<\/strong>\n<ul>\n<li><strong>BTT-01 Tough Type :<\/strong> Comprend une cuvette inclin\u00e9e et un levier de d\u00e9clenchement permettant \u00e0 une bille d'acier de 11,1 mm de rouler sur l'adh\u00e9sif.<\/li>\n<li><strong>BTT-02 Type d'inclinaison :<\/strong> Livr\u00e9 avec des plaques inclin\u00e9es r\u00e9glables (20\u00b0, 30\u00b0 ou 40\u00b0) pour des configurations de test flexibles et une polyvalence accrue.<\/li>\n<\/ul>\n<\/li>\n<li><strong>Facilit\u00e9 d'utilisation :<\/strong> Une formation minimale est n\u00e9cessaire pour son utilisation, ce qui en fait un outil id\u00e9al pour un contr\u00f4le de qualit\u00e9 rapide et rentable.<\/li>\n<\/ul>\n<h3>Param\u00e8tre principal<\/h3>\n<h4>BTT-01<\/h4>\n<table>\n<tbody>\n<tr>\n<td width=\"167\">Longueur de l'auge<\/td>\n<td width=\"167\">6,5 pouces<\/td>\n<\/tr>\n<tr>\n<td width=\"167\">Angle d'inclinaison<\/td>\n<td width=\"167\">21.3\u00b0<\/td>\n<\/tr>\n<tr>\n<td width=\"167\">Boule roulante<\/td>\n<td width=\"167\">7\/16 de pouce (No. 14)<\/td>\n<\/tr>\n<tr>\n<td width=\"167\">Dimension<\/td>\n<td width=\"167\">210*50*80mm LWH<\/td>\n<\/tr>\n<tr>\n<td width=\"167\">Poids<\/td>\n<td width=\"167\">0,5 kg<\/td>\n<\/tr>\n<\/tbody>\n<\/table>\n<h4>BTT-02<\/h4>\n<table>\n<tbody>\n<tr>\n<td width=\"167\">Angle inclin\u00e9<\/td>\n<td width=\"167\">0~60\u00b0<\/td>\n<\/tr>\n<tr>\n<td width=\"167\">Largeur de la zone d'essai<\/td>\n<td width=\"167\">120 mm<\/td>\n<\/tr>\n<tr>\n<td width=\"167\">Boule roulante<\/td>\n<td width=\"167\">1\/32~1 pouce<\/td>\n<\/tr>\n<tr>\n<td width=\"167\">Dimension<\/td>\n<td width=\"167\">320*140*180mm LWH<\/td>\n<\/tr>\n<tr>\n<td width=\"167\">Poids<\/td>\n<td width=\"167\">6kg<\/td>\n<\/tr>\n<\/tbody>\n<\/table>\n<h2><strong>Applications du testeur d'adh\u00e9rence \u00e0 bille roulante<\/strong><\/h2>\n<p>Le testeur est largement utilis\u00e9 dans diverses industries, notamment :<\/p>\n<ul>\n<li><strong>Emballage :<\/strong> Veille \u00e0 ce que les \u00e9tiquettes et les scell\u00e9s adh\u00e8rent de mani\u00e8re coh\u00e9rente.<\/li>\n<li><strong>Fabrication d'adh\u00e9sifs :<\/strong> Confirme la performance des rubans et films adh\u00e9sifs sensibles \u00e0 la pression.<\/li>\n<li><strong>\u00c9lectronique :<\/strong> \u00c9valuer les adh\u00e9sifs pour l'assemblage des dispositifs.<\/li>\n<li><strong>Dispositifs m\u00e9dicaux :<\/strong> V\u00e9rifie la fiabilit\u00e9 de l'adh\u00e9sif pour un collage s\u00fbr.<\/li>\n<\/ul>\n<h2><strong>Normes pertinentes pour les essais d'adh\u00e9rence des billes de roulement<\/strong><\/h2>\n<p>Le <strong>Test d'adh\u00e9rence de la bille roulante<\/strong> est conforme aux normes cl\u00e9s suivantes :<\/p>\n<ul>\n<li><strong><a href=\"https:\/\/pstc.org\/resources\/test-methods\/\" target=\"_blank\" rel=\"noopener nofollow\">PSTC-6<\/a>:<\/strong> Se concentre sur la mesure comparative de l'adh\u00e9rence des adh\u00e9sifs et fournit des lignes directrices claires pour les applications de contr\u00f4le de la qualit\u00e9.<\/li>\n<li><strong><a href=\"https:\/\/www.astm.org\/d3121-17.html\" target=\"_blank\" rel=\"noopener nofollow\">ASTM D3121<\/a>:<\/strong> Sp\u00e9cifie la m\u00e9thode de la bille roulante pour d\u00e9terminer l'adh\u00e9rence, garantissant la reproductibilit\u00e9 et la pr\u00e9cision de l'\u00e9valuation des adh\u00e9sifs.<\/li>\n<li><strong>JIS Z0237 :<\/strong> Norme industrielle japonaise pour les essais d'adh\u00e9rence, mettant l'accent sur l'uniformit\u00e9 et la pr\u00e9cision des r\u00e9sultats des essais.<br \/>\nCes normes \u00e9tablissent un cadre solide, faisant du testeur un outil de confiance pour l'assurance qualit\u00e9 des adh\u00e9sifs dans le monde entier.<\/li>\n<\/ul>\n<h2><strong>M\u00e9thodologie de test<\/strong><\/h2>\n<ol>\n<li><strong>Pr\u00e9parer l'\u00e9chantillon d'adh\u00e9sif :<\/strong> Fixer le film adh\u00e9sif ou le substrat sur la surface d'essai.<\/li>\n<li><strong>D\u00e9finir l'angle d'inclinaison :<\/strong> R\u00e9gler la plaque inclin\u00e9e \u00e0 l'angle d\u00e9sir\u00e9 (20\u00b0, 30\u00b0 ou 40\u00b0 pour le BTT-02).<\/li>\n<li><strong>Rel\u00e2cher le ballon :<\/strong> Placez une bille d'acier au sommet de l'inclinaison et rel\u00e2chez-la \u00e0 l'aide du levier ou de la plaque.<\/li>\n<li><strong>\u00c9valuer les performances de l'harnachement :<\/strong> Observez la distance parcourue par la balle avant de s'arr\u00eater, ce qui indique la force d'adh\u00e9rence de l'adh\u00e9sif.<\/li>\n<\/ol>\n<p>Cette m\u00e9thode simple mais efficace garantit des r\u00e9sultats coh\u00e9rents et reproductibles, ce qui la rend id\u00e9ale pour les contr\u00f4les de qualit\u00e9 de routine.<\/p>\n<h2><strong>Avantages du testeur d'adh\u00e9rence \u00e0 bille roulante<\/strong><\/h2>\n<ul>\n<li><strong>Rapide et rentable :<\/strong> Une m\u00e9thode rapide qui ne n\u00e9cessite qu'un investissement minimal en mat\u00e9riel.<\/li>\n<li><strong>Un contr\u00f4le de qualit\u00e9 fiable :<\/strong> D\u00e9tecte efficacement les incoh\u00e9rences de l'adh\u00e9sif, garantissant ainsi la qualit\u00e9 du lot.<\/li>\n<li><strong>Facilit\u00e9 d'utilisation :<\/strong> Processus de test simple, adapt\u00e9 aux op\u00e9rateurs de tous niveaux d'exp\u00e9rience.<\/li>\n<li><strong>Conforme aux normes :<\/strong> Conforme aux normes de test internationales telles que PSTC-6, ASTM D3121 et JIS Z0237.<\/li>\n<\/ul>\n<h2><strong>Pourquoi choisir Cell Instruments pour les tests de traction sur billes roulantes ?<\/strong><\/h2>\n<p>En tant que fabricant leader d'instruments d'essai des mat\u00e9riaux, Cell Instruments fournit des solutions de qualit\u00e9 sup\u00e9rieure adapt\u00e9es \u00e0 vos besoins. Nos <strong>BTT-01<\/strong> et <strong>BTT-02 Testeurs d'adh\u00e9rence \u00e0 bille roulante<\/strong> sont con\u00e7us pour fournir des r\u00e9sultats pr\u00e9cis tout en respectant les normes internationales. Gr\u00e2ce \u00e0 notre expertise en mati\u00e8re de personnalisation et d'automatisation, nous veillons \u00e0 ce que nos produits r\u00e9pondent \u00e0 vos exigences sp\u00e9cifiques en mati\u00e8re de tests. Faites-nous confiance pour vous aider \u00e0 maintenir des normes \u00e9lev\u00e9es en mati\u00e8re de performance des adh\u00e9sifs et d'assurance qualit\u00e9.<\/p>\n<h2><strong>FAQ sur le test d'adh\u00e9rence de la bille roulante<\/strong><\/h2>\n<ol>\n<li><strong>Qu'est-ce que le \u2018tack\u2019 dans l'industrie des adh\u00e9sifs ?<\/strong>\n<ul>\n<li>L'adh\u00e9rence fait r\u00e9f\u00e9rence \u00e0 la propri\u00e9t\u00e9 d'un adh\u00e9sif de former une liaison d'une force mesurable imm\u00e9diatement apr\u00e8s le contact avec une pression minimale.<\/li>\n<\/ul>\n<\/li>\n<li><strong>En quoi le test d'adh\u00e9rence de la bille roulante diff\u00e8re-t-il des autres tests d'adh\u00e9rence ?<\/strong>\n<ul>\n<li>Il s'agit d'une m\u00e9thode comparative qui \u00e9value l'adh\u00e9rence en observant la distance parcourue par une bille qui roule sur l'adh\u00e9sif.<\/li>\n<\/ul>\n<\/li>\n<li><strong>Quelles sont les industries qui b\u00e9n\u00e9ficient le plus de ce test ?<\/strong>\n<ul>\n<li>Des industries telles que l'emballage, les dispositifs m\u00e9dicaux, la fabrication d'adh\u00e9sifs et l'\u00e9lectronique ont recours \u00e0 ce test pour le contr\u00f4le de la qualit\u00e9.<\/li>\n<\/ul>\n<\/li>\n<li><strong>Quels types d'adh\u00e9sifs peuvent \u00eatre test\u00e9s ?<\/strong>\n<ul>\n<li>La plupart des adh\u00e9sifs sensibles \u00e0 la pression, y compris les rubans et les films, peuvent \u00eatre \u00e9valu\u00e9s \u00e0 l'aide de cette m\u00e9thode.<\/li>\n<\/ul>\n<\/li>\n<li><strong>Comment les normes PSTC-6, ASTM D3121 et JIS Z0237 garantissent-elles la pr\u00e9cision des tests ?<\/strong>\n<ul>\n<li>Ces normes fournissent des directives strictes pour la mise en place des tests, leur ex\u00e9cution et l'interpr\u00e9tation des r\u00e9sultats, garantissant ainsi des mesures fiables et reproductibles.<\/li>\n<\/ul>\n<\/li>\n<\/ol>\n<div id=\"gtx-anchor\" style=\"position: absolute; visibility: hidden; left: 77.5156px; top: 1422.97px; width: 54.8594px; height: 19px;\"><\/div>\n<div class=\"jfk-bubble gtx-bubble\" style=\"visibility: visible; left: 90px; top: 1255px; opacity: 1;\" role=\"alertdialog\" aria-describedby=\"bubble-6\">\n<div id=\"bubble-6\" class=\"jfk-bubble-content-id\">\n<div id=\"gtx-host\" style=\"min-width: 200px; max-width: 400px;\"><\/div>\n<\/div>\n<div class=\"jfk-bubble-closebtn-id jfk-bubble-closebtn\" tabindex=\"0\" role=\"button\" aria-label=\"Fermer\"><\/div>\n<div class=\"jfk-bubble-arrow-id jfk-bubble-arrow jfk-bubble-arrowdown\" style=\"left: 105.016px;\">\n<div class=\"jfk-bubble-arrowimplbefore\"><\/div>\n<div class=\"jfk-bubble-arrowimplafter\"><\/div>\n<\/div>\n<\/div>","protected":false},"excerpt":{"rendered":"<p>Le <strong>Test d'adh\u00e9rence de la bille roulante<\/strong> est un outil essentiel pour \u00e9valuer l'adh\u00e9sivit\u00e9 des adh\u00e9sifs sensibles \u00e0 la pression (PSA). Il mesure la capacit\u00e9 de l'adh\u00e9sif \u00e0 adh\u00e9rer rapidement \u00e0 une surface \u00e0 l'aide d'une m\u00e9thode de test simple et reproductible. Ce testeur est largement utilis\u00e9 dans des secteurs tels que l'emballage, les dispositifs m\u00e9dicaux, l'\u00e9lectronique et la fabrication d'adh\u00e9sifs, o\u00f9 la constance des performances de l'adh\u00e9sif est essentielle. Con\u00e7u pour le contr\u00f4le de la qualit\u00e9, le test d'adh\u00e9rence \u00e0 bille roulante permet de d\u00e9tecter avec pr\u00e9cision les variations d'un lot \u00e0 l'autre, ce qui le rend indispensable pour maintenir des normes de produit \u00e9lev\u00e9es.<\/p>","protected":false},"featured_media":5395,"comment_status":"closed","ping_status":"closed","template":"","meta":{"site-sidebar-layout":"default","site-content-layout":"default","ast-global-header-display":"","ast-main-header-display":"","ast-hfb-above-header-display":"","ast-hfb-below-header-display":"","ast-hfb-mobile-header-display":"","site-post-title":"","ast-breadcrumbs-content":"","ast-featured-img":"","footer-sml-layout":"","theme-transparent-header-meta":"default","adv-header-id-meta":"","stick-header-meta":"","header-above-stick-meta":"","header-main-stick-meta":"","header-below-stick-meta":""},"product_cat":[1115,943,1114,673],"product_tag":[],"class_list":{"0":"post-5394","1":"product","2":"type-product","3":"status-publish","4":"has-post-thumbnail","6":"product_cat-astm-d3121","7":"product_cat-ball-tack-tester","8":"product_cat-pstc-6","9":"product_cat-adhesive-tester","10":"desktop-align-left","11":"tablet-align-left","12":"mobile-align-left","14":"first","15":"instock","16":"shipping-taxable","17":"product-type-simple"},"_links":{"self":[{"href":"https:\/\/www.qualitester.com\/fr\/wp-json\/wp\/v2\/product\/5394","targetHints":{"allow":["GET"]}}],"collection":[{"href":"https:\/\/www.qualitester.com\/fr\/wp-json\/wp\/v2\/product"}],"about":[{"href":"https:\/\/www.qualitester.com\/fr\/wp-json\/wp\/v2\/types\/product"}],"replies":[{"embeddable":true,"href":"https:\/\/www.qualitester.com\/fr\/wp-json\/wp\/v2\/comments?post=5394"}],"version-history":[{"count":0,"href":"https:\/\/www.qualitester.com\/fr\/wp-json\/wp\/v2\/product\/5394\/revisions"}],"wp:featuredmedia":[{"embeddable":true,"href":"https:\/\/www.qualitester.com\/fr\/wp-json\/wp\/v2\/media\/5395"}],"wp:attachment":[{"href":"https:\/\/www.qualitester.com\/fr\/wp-json\/wp\/v2\/media?parent=5394"}],"wp:term":[{"taxonomy":"product_cat","embeddable":true,"href":"https:\/\/www.qualitester.com\/fr\/wp-json\/wp\/v2\/product_cat?post=5394"},{"taxonomy":"product_tag","embeddable":true,"href":"https:\/\/www.qualitester.com\/fr\/wp-json\/wp\/v2\/product_tag?post=5394"}],"curies":[{"name":"wp","href":"https:\/\/api.w.org\/{rel}","templated":true}]}}