{"id":5377,"date":"2024-11-15T11:08:36","date_gmt":"2024-11-15T03:08:36","guid":{"rendered":"https:\/\/www.qualitester.com\/?post_type=product&#038;p=5377"},"modified":"2024-12-05T14:18:23","modified_gmt":"2024-12-05T06:18:23","slug":"sale-bottle-crush-testing-machine","status":"publish","type":"product","link":"https:\/\/www.qualitester.com\/fr\/produit\/sale-bottle-crush-testing-machine\/","title":{"rendered":"Machine d&#039;essai d&#039;\u00e9crasement de bouteilles TLT-02"},"content":{"rendered":"<h2>Introduction \u00e0 la machine d'essai d'\u00e9crasement de bouteilles<\/h2>\n<p>Le <strong>Machine d'essai d'\u00e9crasement de bouteilles<\/strong> est un instrument sp\u00e9cialis\u00e9 con\u00e7u pour \u00e9valuer l'int\u00e9grit\u00e9 structurelle et la r\u00e9sistance \u00e0 la compression des bouteilles et des conteneurs, y compris en plastique, en verre et en mat\u00e9riaux composites. En simulant des pressions de charge sup\u00e9rieure similaires \u00e0 celles rencontr\u00e9es lors de l'empilage, de l'exp\u00e9dition et du stockage, cette machine permet de s'assurer que les contenants peuvent r\u00e9sister aux contraintes de la distribution sans s'effondrer ou se d\u00e9former. Pour les industries telles que l'emballage, l'alimentation, les boissons et les produits pharmaceutiques, les tests d'\u00e9crasement des bouteilles sont essentiels pour maintenir la s\u00e9curit\u00e9 des produits et minimiser les pertes potentielles dues \u00e0 la d\u00e9faillance des conteneurs.<\/p>\n<h2>Principales applications des tests d'\u00e9crasement de bouteilles<\/h2>\n<p>Cette machine joue un r\u00f4le essentiel dans diverses industries, notamment :<\/p>\n<ul>\n<li><strong>Conditionnement<\/strong>: Assure la durabilit\u00e9 de l'emballage pendant le stockage et le transport.<\/li>\n<li><strong>Alimentation et boissons<\/strong>: Pr\u00e9vient les fuites et la contamination en v\u00e9rifiant la solidit\u00e9 du r\u00e9cipient.<\/li>\n<li><strong>M\u00e9dicaments<\/strong>: Prot\u00e8ge les produits fragiles et sensibles lors de leur manipulation.<\/li>\n<li><strong>Produits chimiques et cosm\u00e9tiques quotidiens<\/strong>: Maintenir la r\u00e9putation de la marque en confirmant la qualit\u00e9 de l'emballage.<\/li>\n<\/ul>\n<p>La machine d'essai d'\u00e9crasement de bouteilles est tr\u00e8s polyvalente et peut traiter des bouteilles, des bocaux, des cartons, des f\u00fbts et bien d'autres choses encore.<\/p>\n<h2>Caract\u00e9ristiques techniques de la machine d'essai d'\u00e9crasement de bouteilles<\/h2>\n<p>Notre machine d'essai d'\u00e9crasement de bouteilles est con\u00e7ue avec des caract\u00e9ristiques avanc\u00e9es pour fournir des r\u00e9sultats fiables et pr\u00e9cis :<\/p>\n<ul>\n<li><strong>Contr\u00f4le PLC avec \u00e9cran tactile HMI<\/strong>: Un syst\u00e8me de contr\u00f4le PLC assure un fonctionnement stable, tandis que l'\u00e9cran tactile HMI de 7 pouces permet des tests intuitifs et conviviaux.<\/li>\n<li><strong>M\u00e9canisme de vis \u00e0 billes de pr\u00e9cision<\/strong>: Ce m\u00e9canisme garantit une vitesse de test constante et un contr\u00f4le pr\u00e9cis du d\u00e9placement, am\u00e9liorant ainsi la fiabilit\u00e9 de chaque test.<\/li>\n<li><strong>Plusieurs modes de test personnalisables<\/strong>:\n<ul>\n<li><em>Mode pic<\/em>: Mesure la charge de compression maximale.<\/li>\n<li><em>Mode de d\u00e9formation fixe<\/em>: Mesure la charge \u00e0 une d\u00e9formation d\u00e9termin\u00e9e.<\/li>\n<li><em>Mode de charge fixe<\/em>: Contr\u00f4le la d\u00e9formation sous une charge constante.<\/li>\n<li><em>Compression simple<\/em>: Applique la compression une fois pour l'analyse.<\/li>\n<li><em>Compression du cycle<\/em>: R\u00e9p\u00e9ter la compression en cycles pour \u00e9valuer la r\u00e9silience.<\/li>\n<\/ul>\n<\/li>\n<li><strong>Caract\u00e9ristiques de s\u00e9curit\u00e9<\/strong>: \u00c9quip\u00e9 d'une protection contre les surcharges, de fonctions de retour automatique et d'une compatibilit\u00e9 avec plusieurs tailles de plaques pour s'adapter \u00e0 diff\u00e9rentes formes et dimensions de conteneurs.<\/li>\n<li><strong>Options de gestion des donn\u00e9es<\/strong>: Comprend une micro-imprimante pour la sortie des donn\u00e9es et un port RS232 pour un transfert transparent des donn\u00e9es, permettant une analyse externe gr\u00e2ce \u00e0 l'int\u00e9gration d'un logiciel en option.<\/li>\n<\/ul>\n<h2>Comprendre le test de charge sup\u00e9rieure des bouteilles en plastique<\/h2>\n<p>Le <strong>Test de charge sur le dessus d'une bouteille en plastique<\/strong> est essentiel pour \u00e9valuer la r\u00e9sistance d'une bouteille \u00e0 une pression verticale appliqu\u00e9e par le haut. Ce test, particuli\u00e8rement pertinent pour les bouteilles en plastique, \u00e9value la charge que la bouteille peut supporter sans se d\u00e9former ou s'effondrer. En quantifiant la r\u00e9sistance \u00e0 la charge par le haut, les fabricants peuvent optimiser l'utilisation des mat\u00e9riaux tout en s'assurant que les conteneurs restent suffisamment robustes pour les environnements soumis \u00e0 de fortes contraintes, tels que l'empilage dans les entrep\u00f4ts et la logistique du transport.<\/p>\n<h2>Normes et conformit\u00e9 : Explication de la norme ASTM D2659<\/h2>\n<p><a href=\"https:\/\/www.astm.org\/standards\/d2659.htm\" target=\"_blank\" rel=\"noopener nofollow\"><strong>ASTM D2659<\/strong><\/a> est une m\u00e9thode d'essai normalis\u00e9e pour d\u00e9terminer la r\u00e9sistance \u00e0 la compression des r\u00e9cipients en plastique, en particulier pour mesurer leur capacit\u00e9 \u00e0 supporter la pression de la charge sup\u00e9rieure sans d\u00e9faillance. Conform\u00e9ment \u00e0 la norme ASTM D2659, notre machine d'essai d'\u00e9crasement de bouteilles \u00e9value la durabilit\u00e9 des r\u00e9cipients en appliquant des forces de compression par le haut jusqu'\u00e0 ce qu'une d\u00e9formation ou un effondrement de la structure soit observ\u00e9.<\/p>\n<p>Cette machine est \u00e9galement compatible avec d'autres normes industrielles, ce qui accro\u00eet sa polyvalence :<\/p>\n<ul>\n<li><a href=\"https:\/\/www.astm.org\/d4577-19.html\" target=\"_blank\" rel=\"noopener nofollow\"><strong>ASTM D4577<\/strong><\/a>: \u00c9value les performances des conteneurs dans des conditions de charge statique.<\/li>\n<li><a href=\"https:\/\/www.astm.org\/d0642-20.html\" target=\"_blank\" rel=\"noopener nofollow\"><strong>ASTM D642<\/strong><\/a>: Mesure la r\u00e9sistance \u00e0 la compression des conteneurs et des bo\u00eetes d'exp\u00e9dition.<\/li>\n<li><a href=\"https:\/\/www.iso.org\/standard\/35617.html\" target=\"_blank\" rel=\"noopener nofollow\"><strong>ISO 8113<\/strong><\/a>: Essais de stabilit\u00e9 m\u00e9canique des emballages.<\/li>\n<li><a href=\"https:\/\/www.astm.org\/d4169-22.html\" target=\"_blank\" rel=\"noopener nofollow\"><strong>ASTM D4169<\/strong><\/a>: Simule les conditions de l'environnement de distribution pour tester les performances de l'emballage.<\/li>\n<\/ul>\n<h2>Principe de fonctionnement de la machine d'essai d'\u00e9crasement de bouteilles<\/h2>\n<p>La machine d'essai d'\u00e9crasement de bouteilles fonctionne en positionnant le r\u00e9cipient sur une plate-forme d'essai et en appliquant progressivement une pression de charge sup\u00e9rieure jusqu'\u00e0 ce que le r\u00e9cipient se d\u00e9forme ou s'effondre. La machine enregistre les donn\u00e9es de force maximale, qui sont analys\u00e9es pour \u00e9valuer la r\u00e9sistance structurelle par rapport aux normes sp\u00e9cifi\u00e9es telles que la norme ASTM D2659. En fournissant des r\u00e9sultats pr\u00e9cis et reproductibles, cette machine permet aux fabricants de valider l'int\u00e9grit\u00e9 de l'emballage en vue d'une manipulation r\u00e9elle.<\/p>\n<h2>Principaux param\u00e8tres de la machine d'essai d'\u00e9crasement de bouteilles<\/h2>\n<p>Cette machine est hautement configurable pour r\u00e9pondre \u00e0 diverses exigences en mati\u00e8re d'essais :<\/p>\n<ul>\n<li><strong>Plage de charge<\/strong>: Plage de charge \u00e9lev\u00e9e et pr\u00e9cision adapt\u00e9es \u00e0 diff\u00e9rents types de conteneurs.<\/li>\n<li><strong>Vitesse r\u00e9glable<\/strong>: Permet d'ajuster la vitesse en fonction de protocoles d'essai sp\u00e9cifiques.<\/li>\n<li><strong>Compatibilit\u00e9 des plaques de compression<\/strong>: Plaques interchangeables pour supporter diff\u00e9rentes tailles et formes de conteneurs.<\/li>\n<li><strong>Options d'exportation de donn\u00e9es<\/strong>: Micro-imprimante et connectivit\u00e9 RS232 pour un traitement efficace des donn\u00e9es.<\/li>\n<\/ul>\n<h2>Avantages de la machine d'essai d'\u00e9crasement de bouteilles<\/h2>\n<ul>\n<li><strong>\u00c9conomies de co\u00fbts et efficacit\u00e9<\/strong>: Minimise le gaspillage de mat\u00e9riaux d'emballage en confirmant la r\u00e9sistance requise, r\u00e9duisant ainsi les co\u00fbts associ\u00e9s aux retours et aux remplacements de produits.<\/li>\n<li><strong>Fiabilit\u00e9 et protection de la marque<\/strong>: Am\u00e9liore la fiabilit\u00e9 des produits gr\u00e2ce \u00e0 des tests pr\u00e9cis, contribuant ainsi \u00e0 prot\u00e9ger la r\u00e9putation de la marque et \u00e0 garantir la satisfaction du consommateur.<\/li>\n<\/ul>\n<h2>FAQ sur les machines de test d'\u00e9crasement de bouteilles<\/h2>\n<ol>\n<li><strong>Qu'est-ce que le test d'\u00e9crasement des bouteilles et pourquoi est-il important ?<\/strong>\n<ul>\n<li>Le test d'\u00e9crasement de la bouteille applique une pression de charge sup\u00e9rieure pour \u00e9valuer la durabilit\u00e9 du contenant, afin de s'assurer que la bouteille peut r\u00e9sister aux contraintes de manipulation sans se briser ou se d\u00e9former.<\/li>\n<\/ul>\n<\/li>\n<li><strong>Comment la norme ASTM D2659 s'applique-t-elle aux tests d'\u00e9crasement de bouteilles ?<\/strong>\n<ul>\n<li>La norme ASTM D2659 d\u00e9crit les proc\u00e9dures d'\u00e9valuation de la r\u00e9sistance \u00e0 la compression des conteneurs en plastique, garantissant la conformit\u00e9 avec les normes de durabilit\u00e9 de l'industrie.<\/li>\n<\/ul>\n<\/li>\n<li><strong>Quels types de bouteilles cette machine peut-elle tester ?<\/strong>\n<ul>\n<li>Cette machine est polyvalente et prend en charge diff\u00e9rents types de bouteilles et de conteneurs, y compris les bouteilles en plastique, en verre et en mat\u00e9riaux composites.<\/li>\n<\/ul>\n<\/li>\n<li><strong>Comment la machine garantit-elle la pr\u00e9cision des r\u00e9sultats des tests ?<\/strong>\n<ul>\n<li>Gr\u00e2ce \u00e0 sa commande PLC, \u00e0 ses vis de pr\u00e9cision et \u00e0 ses multiples modes de test, la machine fournit des r\u00e9sultats coh\u00e9rents et reproductibles pour une \u00e9valuation fiable des performances.<\/li>\n<\/ul>\n<\/li>\n<li><strong>Quelles sont les principales caract\u00e9ristiques qui rendent cette machine fiable ?<\/strong>\n<ul>\n<li>Un contr\u00f4le PLC avanc\u00e9, des options de test personnalisables, des m\u00e9canismes de s\u00e9curit\u00e9 et des capacit\u00e9s \u00e9tendues de gestion des donn\u00e9es garantissent la pr\u00e9cision, l'efficacit\u00e9 et la facilit\u00e9 d'utilisation.<\/li>\n<\/ul>\n<\/li>\n<\/ol>","protected":false},"excerpt":{"rendered":"<p>Le <strong>Machine d'essai d'\u00e9crasement de bouteilles<\/strong> est un instrument sp\u00e9cialis\u00e9 con\u00e7u pour \u00e9valuer l'int\u00e9grit\u00e9 structurelle et la r\u00e9sistance \u00e0 la compression des bouteilles et des conteneurs, y compris en plastique, en verre et en mat\u00e9riaux composites. En simulant des pressions de charge sup\u00e9rieure similaires \u00e0 celles rencontr\u00e9es lors de l'empilage, de l'exp\u00e9dition et du stockage, cette machine permet de s'assurer que les contenants peuvent r\u00e9sister aux contraintes de la distribution sans s'effondrer ou se d\u00e9former. Pour les industries telles que l'emballage, l'alimentation, les boissons et les produits pharmaceutiques, les tests d'\u00e9crasement des bouteilles sont essentiels pour maintenir la s\u00e9curit\u00e9 des produits et minimiser les pertes potentielles dues \u00e0 la d\u00e9faillance des conteneurs.<\/p>","protected":false},"featured_media":6253,"comment_status":"closed","ping_status":"closed","template":"","meta":{"site-sidebar-layout":"default","site-content-layout":"default","ast-global-header-display":"","ast-main-header-display":"","ast-hfb-above-header-display":"","ast-hfb-below-header-display":"","ast-hfb-mobile-header-display":"","site-post-title":"","ast-breadcrumbs-content":"","ast-featured-img":"","footer-sml-layout":"","theme-transparent-header-meta":"default","adv-header-id-meta":"","stick-header-meta":"","header-above-stick-meta":"","header-main-stick-meta":"","header-below-stick-meta":""},"product_cat":[845,1071,1069,1072,1068,1073,1113,17,16,95],"product_tag":[],"class_list":{"0":"post-5377","1":"product","2":"type-product","3":"status-publish","4":"has-post-thumbnail","6":"product_cat-customization","7":"product_cat-astm-d2659","8":"product_cat-astm-d4169","9":"product_cat-astm-d4577","10":"product_cat-astm-d642","11":"product_cat-iso-8113","12":"product_cat-top-load-tester","13":"product_cat-package-container-testers","14":"product_cat-plastic-packaging-testers","15":"product_cat-products","16":"desktop-align-left","17":"tablet-align-left","18":"mobile-align-left","20":"first","21":"instock","22":"shipping-taxable","23":"product-type-simple"},"_links":{"self":[{"href":"https:\/\/www.qualitester.com\/fr\/wp-json\/wp\/v2\/product\/5377","targetHints":{"allow":["GET"]}}],"collection":[{"href":"https:\/\/www.qualitester.com\/fr\/wp-json\/wp\/v2\/product"}],"about":[{"href":"https:\/\/www.qualitester.com\/fr\/wp-json\/wp\/v2\/types\/product"}],"replies":[{"embeddable":true,"href":"https:\/\/www.qualitester.com\/fr\/wp-json\/wp\/v2\/comments?post=5377"}],"version-history":[{"count":0,"href":"https:\/\/www.qualitester.com\/fr\/wp-json\/wp\/v2\/product\/5377\/revisions"}],"wp:featuredmedia":[{"embeddable":true,"href":"https:\/\/www.qualitester.com\/fr\/wp-json\/wp\/v2\/media\/6253"}],"wp:attachment":[{"href":"https:\/\/www.qualitester.com\/fr\/wp-json\/wp\/v2\/media?parent=5377"}],"wp:term":[{"taxonomy":"product_cat","embeddable":true,"href":"https:\/\/www.qualitester.com\/fr\/wp-json\/wp\/v2\/product_cat?post=5377"},{"taxonomy":"product_tag","embeddable":true,"href":"https:\/\/www.qualitester.com\/fr\/wp-json\/wp\/v2\/product_tag?post=5377"}],"curies":[{"name":"wp","href":"https:\/\/api.w.org\/{rel}","templated":true}]}}