{"id":5369,"date":"2024-11-15T10:55:36","date_gmt":"2024-11-15T02:55:36","guid":{"rendered":"https:\/\/www.qualitester.com\/?post_type=product&#038;p=5369"},"modified":"2024-12-05T13:27:43","modified_gmt":"2024-12-05T05:27:43","slug":"sale-beverage-carbonation-tester","status":"publish","type":"product","link":"https:\/\/www.qualitester.com\/fr\/produit\/sale-beverage-carbonation-tester\/","title":{"rendered":"Testeur de carbonatation des boissons CLRT-02"},"content":{"rendered":"<p>Le testeur de carbonatation des boissons est un instrument essentiel pour garantir la qualit\u00e9 et la coh\u00e9rence des boissons gazeuses. Con\u00e7u pour mesurer avec pr\u00e9cision le volume de CO\u2082, cet appareil aide les producteurs \u00e0 livrer des produits qui r\u00e9pondent aux normes de go\u00fbt et de s\u00e9curit\u00e9. Largement utilis\u00e9 dans l&#039;industrie des boissons, le testeur de carbonatation aide au contr\u00f4le de la qualit\u00e9 et \u00e0 la recherche en fournissant un moyen efficace et fiable de v\u00e9rifier les niveaux de carbonatation dans les boissons comme les sodas, l&#039;eau p\u00e9tillante et les boissons aromatis\u00e9es.<\/p>\n<h2>Principales applications du testeur de carbonatation des boissons<\/h2>\n<p>Le testeur de carbonatation est d&#039;une valeur inestimable dans de nombreux secteurs, notamment la production d&#039;aliments et de boissons, l&#039;emballage et le contr\u00f4le qualit\u00e9. Gr\u00e2ce \u00e0 sa capacit\u00e9 \u00e0 mesurer avec pr\u00e9cision les niveaux de CO\u2082, le testeur garantit que les boissons conservent le p\u00e9tillant et le profil de saveur souhait\u00e9s au fil du temps. Cet \u00e9quipement est particuli\u00e8rement utile pour les agences d&#039;inspection de la qualit\u00e9, les entreprises d&#039;embouteillage et les laboratoires de R&amp;D de l&#039;industrie des boissons.<\/p>\n<h2>Pr\u00e9sentation de la norme ASTM F1115 pour les tests de carbonatation<\/h2>\n<p><a href=\"https:\/\/www.astm.org\/f1115-16r23.html\" target=\"_blank\" rel=\"noopener nofollow\">ASTM F1115<\/a>, une norme reconnue dans le domaine des tests de boissons, d\u00e9crit les m\u00e9thodes permettant de d\u00e9terminer avec pr\u00e9cision le volume de carbonatation dans les boissons conditionn\u00e9es. Elle fournit des directives claires pour mesurer la pression et la temp\u00e9rature, qui sont essentielles pour une \u00e9valuation pr\u00e9cise de la carbonatation. En suivant la norme ASTM F1115, les producteurs de boissons peuvent s&#039;assurer que leurs produits atteignent une qualit\u00e9 constante et r\u00e9pondent aux normes du march\u00e9.<\/p>\n<h2>Proc\u00e9dure de test \u00e0 l&#039;aide du testeur de carbonatation des boissons<\/h2>\n<p>Le testeur de carbonatation des boissons est dot\u00e9 d&#039;un processus simple mais efficace con\u00e7u pour produire des r\u00e9sultats pr\u00e9cis. Ce processus \u00e9tape par \u00e9tape est enti\u00e8rement conforme aux normes ASTM F1115\u00a0:<\/p>\n<ol>\n<li><strong>Percer le bouchon de la bouteille :<\/strong> Le testeur commence par percer le bouchon de la bouteille pour permettre l&#039;acc\u00e8s \u00e0 la pression interne de la boisson.<\/li>\n<li><strong>Ouvrir la vanne d&#039;a\u00e9ration :<\/strong> Rel\u00e2chez tout exc\u00e8s de pression par la soupape de ventilation pour stabiliser les conditions de mesure.<\/li>\n<li><strong>Agitez la bouteille :<\/strong> Agiter vigoureusement pendant 40 secondes pour activer la lib\u00e9ration du CO\u2082 dissous.<\/li>\n<li><strong>Fermez la vanne d&#039;a\u00e9ration :<\/strong> Apr\u00e8s la phase de rel\u00e2chement, fermez la vanne pour \u00e9viter d&#039;autres changements de pression.<\/li>\n<li><strong>Mesurer la pression et la temp\u00e9rature :<\/strong> Avec la pression stabilis\u00e9e, enregistrez les mesures en MPa ou dans une autre unit\u00e9 applicable tout en mesurant simultan\u00e9ment la temp\u00e9rature du liquide.<\/li>\n<li><strong>Calculer le volume de CO\u2082\u00a0:<\/strong> Utilisez ces valeurs avec un tableau de volume de carbonatation pour d\u00e9terminer le volume final de CO\u2082, fournissant ainsi une analyse compl\u00e8te de la carbonatation.<\/li>\n<\/ol>\n<h2>Caract\u00e9ristiques techniques du testeur de carbonatation des boissons<\/h2>\n<p>Ce testeur de carbonatation est con\u00e7u pour la pr\u00e9cision et la facilit\u00e9 d&#039;utilisation, offrant des caract\u00e9ristiques techniques qui garantissent des r\u00e9sultats fiables \u00e0 chaque test :<\/p>\n<ul>\n<li><strong>T\u00eate de per\u00e7age de trempe :<\/strong> Cette t\u00eate de per\u00e7age durable est trait\u00e9e thermiquement pour plus de long\u00e9vit\u00e9 et offre des performances stables tout au long du processus de test.<\/li>\n<li><strong>Manom\u00e8tre de haute pr\u00e9cision :<\/strong> Le manom\u00e8tre permet des conversions multi-unit\u00e9s, permettant une interpr\u00e9tation facile dans des r\u00e9gions avec des normes de mesure diverses.<\/li>\n<li><strong>Conception anti-fuite :<\/strong> Caract\u00e9ristique de conception essentielle, le syst\u00e8me anti-fuite maintient l\u2019int\u00e9grit\u00e9 du test et emp\u00eache la perte de CO\u2082, garantissant ainsi des r\u00e9sultats fiables.<\/li>\n<li><strong>Soupape et tuyau d&#039;a\u00e9ration :<\/strong> \u00c9quip\u00e9 d&#039;une soupape de ventilation et d&#039;un tuyau, le testeur permet une lib\u00e9ration contr\u00f4l\u00e9e de la pression pour stabiliser les conditions de test.<\/li>\n<\/ul>\n<h2>Principaux param\u00e8tres du testeur de carbonatation des boissons<\/h2>\n<p>Le testeur de carbonatation convient pour tester une vari\u00e9t\u00e9 de tailles de bouteilles de boissons d&#039;une hauteur allant jusqu&#039;\u00e0 350 mm et offre les sp\u00e9cifications cl\u00e9s suivantes\u00a0:<\/p>\n<ul>\n<li><strong>Plage de test :<\/strong> 0 \u00e0 1 MPa, couvrant les niveaux de carbonatation standard dans la plupart des boissons.<\/li>\n<li><strong>R\u00e9solution:<\/strong> 0,0001 MPa, garantissant la pr\u00e9cision de chaque mesure.<\/li>\n<li><strong>Agitation et per\u00e7age manuels :<\/strong> Offre aux utilisateurs un contr\u00f4le sur le processus de test, rendant l&#039;instrument polyvalent et adaptable.<\/li>\n<\/ul>\n<h2>Conformit\u00e9 aux principales normes (ASTM F1115, GB\/T 10792)<\/h2>\n<p>Ce testeur de carbonatation est conforme aux normes ASTM F1115 et GB\/T 10792. Alors que la norme ASTM F1115 r\u00e9git les m\u00e9thodes de test sur les march\u00e9s occidentaux, la norme GB\/T 10792 est largement reconnue sur les march\u00e9s asiatiques. La conformit\u00e9 \u00e0 ces normes d\u00e9montre la polyvalence du testeur et son ad\u00e9quation aux protocoles de contr\u00f4le qualit\u00e9 mondiaux, ce qui en fait un choix id\u00e9al pour les producteurs de boissons internationaux.<\/p>\n<h2>Avantages de l&#039;utilisation du testeur de carbonatation des boissons<\/h2>\n<p>Ce testeur de carbonatation offre de nombreux avantages aux producteurs de boissons qui recherchent une carbonatation constante et de haute qualit\u00e9 dans leurs produits :<\/p>\n<ul>\n<li><strong>R\u00e9sultats pr\u00e9cis et fiables :<\/strong> La conception du testeur permet une pr\u00e9cision dans les mesures de volume de CO\u2082, garantissant ainsi la qualit\u00e9 du produit et la coh\u00e9rence du go\u00fbt.<\/li>\n<li><strong>Conception conviviale :<\/strong> Gr\u00e2ce \u00e0 un processus de test simple et \u00e0 une construction durable, il facilite un fonctionnement efficace dans les environnements de R&amp;D et de production.<\/li>\n<li><strong>Conformit\u00e9 renforc\u00e9e :<\/strong> En adh\u00e9rant \u00e0 la norme ASTM F1115 et \u00e0 d\u2019autres normes pertinentes, le testeur de carbonatation prend en charge l\u2019assurance qualit\u00e9 et la conformit\u00e9 aux normes de l\u2019industrie.<\/li>\n<\/ul>\n<h2>FAQ : Testeur de carbonatation des boissons et ASTM F1115<\/h2>\n<ol>\n<li><strong>Quels types de boissons peuvent \u00eatre test\u00e9s ?<\/strong><br \/>\nLe testeur est id\u00e9al pour les boissons gazeuses, y compris les sodas, l\u2019eau p\u00e9tillante et les boissons aromatis\u00e9es.<\/li>\n<li><strong>Comment le testeur maintient-il la pr\u00e9cision de la pression ?<\/strong><br \/>\nIl dispose d&#039;un manom\u00e8tre de haute pr\u00e9cision et d&#039;une conception anti-fuite pour stabiliser les lectures.<\/li>\n<li><strong>Pourquoi la norme ASTM F1115 est-elle importante dans les tests de carbonatation ?<\/strong><br \/>\nLa norme ASTM F1115 d\u00e9crit les proc\u00e9dures n\u00e9cessaires pour une mesure pr\u00e9cise du volume de carbonatation, garantissant des r\u00e9sultats fiables.<\/li>\n<li><strong>Ce testeur peut-il \u00eatre utilis\u00e9 pour diff\u00e9rentes tailles de bouteilles ?<\/strong><br \/>\nOui, il s&#039;adapte \u00e0 des hauteurs de bouteilles jusqu&#039;\u00e0 350 mm, ce qui le rend polyvalent pour divers produits.<\/li>\n<li><strong>Comment l\u2019agitation manuelle influence-t-elle la pr\u00e9cision du test ?<\/strong><br \/>\nL&#039;agitation manuelle assure une lib\u00e9ration constante de CO\u2082, permettant une mesure plus pr\u00e9cise de la carbonatation lorsqu&#039;elle est utilis\u00e9e de mani\u00e8re coh\u00e9rente.<\/li>\n<\/ol>\n<div id=\"gtx-anchor\" style=\"position: absolute; visibility: hidden; left: 349.984px; top: 132.109px; width: 408.25px; height: 31px;\"><\/div>\n<div class=\"jfk-bubble gtx-bubble\" style=\"visibility: visible; left: -114px; top: 173px; opacity: 1;\" role=\"alertdialog\" aria-describedby=\"bubble-3\">\n<div id=\"bubble-3\" class=\"jfk-bubble-content-id\">\n<div id=\"gtx-host\" style=\"min-width: 200px; max-width: 400px;\"><\/div>\n<\/div>\n<div class=\"jfk-bubble-closebtn-id jfk-bubble-closebtn\" tabindex=\"0\" role=\"button\" aria-label=\"Fermer\"><\/div>\n<div class=\"jfk-bubble-arrow-id jfk-bubble-arrow jfk-bubble-arrowup\" style=\"left: 553.984px;\">\n<div class=\"jfk-bubble-arrowimplbefore\"><\/div>\n<div class=\"jfk-bubble-arrowimplafter\"><\/div>\n<\/div>\n<\/div>","protected":false},"excerpt":{"rendered":"<p>Le testeur de carbonatation des boissons est un instrument essentiel pour garantir la qualit\u00e9 et la coh\u00e9rence des boissons gazeuses. Con\u00e7u pour mesurer avec pr\u00e9cision le volume de CO\u2082, cet appareil aide les producteurs \u00e0 livrer des produits qui r\u00e9pondent aux normes de go\u00fbt et de s\u00e9curit\u00e9. Largement utilis\u00e9 dans l&#039;industrie des boissons, le testeur de carbonatation aide au contr\u00f4le de la qualit\u00e9 et \u00e0 la recherche en fournissant un moyen efficace et fiable de v\u00e9rifier les niveaux de carbonatation dans les boissons comme les sodas, l&#039;eau p\u00e9tillante et les boissons aromatis\u00e9es.<\/p>","protected":false},"featured_media":6239,"comment_status":"closed","ping_status":"closed","template":"","meta":{"site-sidebar-layout":"default","site-content-layout":"default","ast-global-header-display":"","ast-main-header-display":"","ast-hfb-above-header-display":"","ast-hfb-below-header-display":"","ast-hfb-mobile-header-display":"","site-post-title":"","ast-breadcrumbs-content":"","ast-featured-img":"","footer-sml-layout":"","theme-transparent-header-meta":"default","adv-header-id-meta":"","stick-header-meta":"","header-above-stick-meta":"","header-main-stick-meta":"","header-below-stick-meta":""},"product_cat":[845,953,932,956,955,954,957,958,952,959,17,140,95],"product_tag":[],"class_list":{"0":"post-5369","1":"product","2":"type-product","3":"status-publish","4":"has-post-thumbnail","6":"product_cat-customization","7":"product_cat-bursting-tester","8":"product_cat-co2-volume-tester","9":"product_cat-cobb-tester","10":"product_cat-crush-tester","11":"product_cat-paper-tear-tester","12":"product_cat-plybond-tester","13":"product_cat-puncture-tester","14":"product_cat-rub-tester","15":"product_cat-stiffness-tester","16":"product_cat-package-container-testers","17":"product_cat-astm-f1115","18":"product_cat-products","19":"desktop-align-left","20":"tablet-align-left","21":"mobile-align-left","23":"first","24":"instock","25":"shipping-taxable","26":"product-type-simple"},"_links":{"self":[{"href":"https:\/\/www.qualitester.com\/fr\/wp-json\/wp\/v2\/product\/5369","targetHints":{"allow":["GET"]}}],"collection":[{"href":"https:\/\/www.qualitester.com\/fr\/wp-json\/wp\/v2\/product"}],"about":[{"href":"https:\/\/www.qualitester.com\/fr\/wp-json\/wp\/v2\/types\/product"}],"replies":[{"embeddable":true,"href":"https:\/\/www.qualitester.com\/fr\/wp-json\/wp\/v2\/comments?post=5369"}],"version-history":[{"count":0,"href":"https:\/\/www.qualitester.com\/fr\/wp-json\/wp\/v2\/product\/5369\/revisions"}],"wp:featuredmedia":[{"embeddable":true,"href":"https:\/\/www.qualitester.com\/fr\/wp-json\/wp\/v2\/media\/6239"}],"wp:attachment":[{"href":"https:\/\/www.qualitester.com\/fr\/wp-json\/wp\/v2\/media?parent=5369"}],"wp:term":[{"taxonomy":"product_cat","embeddable":true,"href":"https:\/\/www.qualitester.com\/fr\/wp-json\/wp\/v2\/product_cat?post=5369"},{"taxonomy":"product_tag","embeddable":true,"href":"https:\/\/www.qualitester.com\/fr\/wp-json\/wp\/v2\/product_tag?post=5369"}],"curies":[{"name":"wp","href":"https:\/\/api.w.org\/{rel}","templated":true}]}}