{"id":5345,"date":"2024-11-14T11:12:56","date_gmt":"2024-11-14T03:12:56","guid":{"rendered":"https:\/\/www.qualitester.com\/?post_type=product&#038;p=5345"},"modified":"2024-12-05T15:21:34","modified_gmt":"2024-12-05T07:21:34","slug":"sale-taber-stiffness-tester-for-paper","status":"publish","type":"product","link":"https:\/\/www.qualitester.com\/fr\/produit\/sale-taber-stiffness-tester-for-paper\/","title":{"rendered":"Testeur de rigidit\u00e9 Taber WTD-02"},"content":{"rendered":"<p>Le <strong>Testeur de rigidit\u00e9 Taber<\/strong> est un outil essentiel con\u00e7u pour \u00e9valuer la r\u00e9sistance \u00e0 la flexion du papier, du carton et d&#039;autres mat\u00e9riaux \u00e0 grammage \u00e9lev\u00e9. Avec des applications dans des secteurs tels que l&#039;emballage, les appareils m\u00e9dicaux, l&#039;\u00e9lectronique et l&#039;inspection de la qualit\u00e9, cet instrument aide les fabricants \u00e0 garantir la durabilit\u00e9 et l&#039;int\u00e9grit\u00e9 structurelle des produits. Le testeur de rigidit\u00e9 Taber fournit des mesures pr\u00e9cises et fiables, ce qui le rend id\u00e9al pour les processus d&#039;assurance qualit\u00e9 o\u00f9 des donn\u00e9es de rigidit\u00e9 pr\u00e9cises sont essentielles.<\/p>\n<h2>Applications du testeur de rigidit\u00e9 Taber<\/h2>\n<p>Le testeur de rigidit\u00e9 Taber est largement utilis\u00e9 pour mesurer la rigidit\u00e9 des mat\u00e9riaux qui n\u00e9cessitent une forte r\u00e9sistance \u00e0 la flexion, tels que les mat\u00e9riaux d&#039;emballage, les \u00e9tiquettes et les couches structurelles des appareils \u00e9lectroniques et m\u00e9dicaux. Gr\u00e2ce \u00e0 sa capacit\u00e9 \u00e0 \u00e9valuer avec pr\u00e9cision la r\u00e9sistance \u00e0 la flexion des mat\u00e9riaux, il aide les industries \u00e0 garantir le respect des normes de performance, la long\u00e9vit\u00e9 des produits et la coh\u00e9rence de la qualit\u00e9 des emballages.<\/p>\n<h2>Principe de test et processus de mesure<\/h2>\n<p>Le <strong>Testeur de rigidit\u00e9 Taber<\/strong> Le testeur de rigidit\u00e9 Taber fonctionne en serrant un \u00e9chantillon d&#039;essai et en le pliant selon un angle pr\u00e9d\u00e9termin\u00e9 pour mesurer le moment de flexion r\u00e9sultant. Le moment de flexion, exprim\u00e9 en millinewton-m\u00e8tres (mN\u00b7m), refl\u00e8te directement la rigidit\u00e9 du mat\u00e9riau. Pour les mat\u00e9riaux g\u00e9n\u00e9raux, un angle de 15\u00b0 est standard, tandis qu&#039;un angle de 7,5\u00b0 est disponible pour les mat\u00e9riaux sensibles sujets \u00e0 une d\u00e9formation permanente \u00e0 des angles plus grands. La conception du testeur de rigidit\u00e9 Taber garantit une longueur et une vitesse de pliage pr\u00e9cises, garantissant des r\u00e9sultats coh\u00e9rents \u00e0 des fins de contr\u00f4le qualit\u00e9 et de recherche.<\/p>\n<h2>Normes cl\u00e9s conformes aux tests de rigidit\u00e9 Taber<\/h2>\n<p>Le <strong>Testeur de rigidit\u00e9 Taber<\/strong> r\u00e9pond \u00e0 de nombreuses normes industrielles, garantissant polyvalence et fiabilit\u00e9 dans divers environnements de test :<\/p>\n<ul>\n<li><a href=\"https:\/\/www.astm.org\/d5342-97r07.html\" target=\"_blank\" rel=\"noopener nofollow\"><strong>ASTM D5342<\/strong><\/a>:Cette norme est largement utilis\u00e9e pour mesurer la rigidit\u00e9 du papier et du carton, offrant des informations pr\u00e9cieuses sur la r\u00e9sistance \u00e0 la flexion du mat\u00e9riau et son ad\u00e9quation \u00e0 l&#039;emballage.<\/li>\n<li><a href=\"https:\/\/www.astm.org\/d5650-97r02.html\" target=\"_blank\" rel=\"noopener nofollow\"><strong>ASTM D5650<\/strong><\/a>:Sp\u00e9cifie les exigences relatives aux tests de rigidit\u00e9 des produits en papier \u00e0 grammage \u00e9lev\u00e9, couramment utilis\u00e9s dans les emballages industriels et de biens de consommation.<\/li>\n<li><a href=\"https:\/\/www.astm.org\/d3301-00.html\" target=\"_blank\" rel=\"noopener nofollow\"><strong>ASTM D3301<\/strong><\/a>:D\u00e9finit les m\u00e9thodes de mesure de la r\u00e9sistance \u00e0 la flexion dans diff\u00e9rentes qualit\u00e9s de papier, aidant les fabricants \u00e0 atteindre une coh\u00e9rence de qualit\u00e9.<\/li>\n<li><strong>Normes BS ISO 2493.2 et ISO 2493.2<\/strong>:Ces normes s\u2019appliquent \u00e0 la mesure de la rigidit\u00e9 en flexion \u00e0 l\u2019\u00e9chelle mondiale, fournissant une r\u00e9f\u00e9rence pour la qualit\u00e9 internationale.<\/li>\n<li><strong>JIS P8125.2<\/strong>:Utilis\u00e9e dans les industries japonaises, cette norme offre des lignes directrices sp\u00e9cifiques pour les tests de rigidit\u00e9 des produits \u00e0 base de papier.<\/li>\n<li><strong>TAPPI T489<\/strong>:Une norme nord-am\u00e9ricaine fr\u00e9quemment r\u00e9f\u00e9renc\u00e9e dans l\u2019industrie du carton, notamment dans l\u2019emballage.<\/li>\n<li><strong>TAPPI T566<\/strong>:Cette norme d\u00e9crit les m\u00e9thodes d&#039;essai pour la flexibilit\u00e9 et la rigidit\u00e9 des mat\u00e9riaux \u00e0 grammage \u00e9lev\u00e9, garantissant la durabilit\u00e9 dans les applications d&#039;emballage.<\/li>\n<\/ul>\n<h2>Sp\u00e9cifications techniques principales<\/h2>\n<table>\n<tbody>\n<tr>\n<td style=\"text-align: center;\" width=\"117\">Plage de test<\/td>\n<td style=\"text-align: center;\" width=\"196\">1~500 mN.m (dans 7 plages)<\/td>\n<\/tr>\n<tr>\n<td style=\"text-align: center;\" width=\"117\">Erreur d&#039;indication<\/td>\n<td style=\"text-align: center;\" width=\"196\">\u00b12%<\/td>\n<\/tr>\n<tr>\n<td style=\"text-align: center;\" width=\"117\">Longueur de pliage<\/td>\n<td style=\"text-align: center;\" width=\"196\">50 mm \u00b1 0,1 mm<\/td>\n<\/tr>\n<tr>\n<td style=\"text-align: center;\" width=\"117\">Test de vitesse<\/td>\n<td style=\"text-align: center;\" width=\"196\">(200\u00b0\u00b120\u00b0)\/min<\/td>\n<\/tr>\n<tr>\n<td style=\"text-align: center;\" width=\"117\">angle de pliage<\/td>\n<td style=\"text-align: center;\" width=\"196\">15\u00b0\u00b10,3\u00b0 et 7,5\u00b0\u00b10,3\u00b0<\/td>\n<\/tr>\n<tr>\n<td style=\"text-align: center;\" width=\"117\">\u00a0Taille de l&#039;\u00e9chantillon<\/td>\n<td style=\"text-align: center;\" width=\"196\">38*70 mm<\/td>\n<\/tr>\n<tr>\n<td style=\"text-align: center;\" width=\"117\">Dimension<\/td>\n<td style=\"text-align: center;\" width=\"196\">220*230*350mm<\/td>\n<\/tr>\n<tr>\n<td style=\"text-align: center;\" width=\"117\">Poids net<\/td>\n<td style=\"text-align: center;\" width=\"196\">15kg<\/td>\n<\/tr>\n<tr>\n<td style=\"text-align: center;\" width=\"117\">Pouvoir<\/td>\n<td style=\"text-align: center;\" width=\"196\">CA 220 V 50 Hz<\/td>\n<\/tr>\n<\/tbody>\n<\/table>\n<h2>Avantages de l&#039;utilisation du testeur de rigidit\u00e9 Taber<\/h2>\n<ol>\n<li><strong>Haute pr\u00e9cision<\/strong>:Avec une marge d&#039;erreur de seulement \u00b12%, le testeur de rigidit\u00e9 Taber fournit des mesures fiables et pr\u00e9cises pour le contr\u00f4le qualit\u00e9.<\/li>\n<li><strong>Conformit\u00e9 aux normes<\/strong>:Conforme aux normes ASTM, ISO, JIS et TAPPI, il r\u00e9pond \u00e0 un large \u00e9ventail de besoins r\u00e9glementaires, ce qui le rend adaptable \u00e0 divers secteurs industriels.<\/li>\n<li><strong>Conception conviviale<\/strong>:Les angles de flexion r\u00e9glables et la taille compacte facilitent son int\u00e9gration dans les environnements de laboratoire et de production.<\/li>\n<\/ol>\n<h2>Comment le testeur de rigidit\u00e9 Taber am\u00e9liore le contr\u00f4le qualit\u00e9<\/h2>\n<p>En mesurant la r\u00e9sistance \u00e0 la flexion des mat\u00e9riaux d&#039;emballage et d&#039;autres produits \u00e0 grammage \u00e9lev\u00e9, le testeur de rigidit\u00e9 Taber aide les fabricants \u00e0 garantir que leurs produits r\u00e9pondent aux normes industrielles en mati\u00e8re de durabilit\u00e9 et d&#039;int\u00e9grit\u00e9 structurelle. Cet instrument joue un r\u00f4le crucial dans le contr\u00f4le qualit\u00e9 dans les secteurs de l&#039;emballage, de l&#039;alimentation, de la m\u00e9decine et des biens de consommation, permettant aux entreprises de maintenir la qualit\u00e9 et les performances des produits.<\/p>\n<h2>FAQ<\/h2>\n<p><strong>Q1 : Quels mat\u00e9riaux peuvent \u00eatre test\u00e9s avec le testeur de rigidit\u00e9 Taber ?<\/strong><br \/>\n<em>Le testeur de rigidit\u00e9 Taber est con\u00e7u pour le papier, le carton et les mat\u00e9riaux similaires \u00e0 grammage \u00e9lev\u00e9 utilis\u00e9s dans les applications d&#039;emballage et structurelles.<\/em><\/p>\n<p><strong>Q2 : Comment la r\u00e9sistance \u00e0 la flexion est-elle exprim\u00e9e dans les r\u00e9sultats des tests ?<\/strong><br \/>\n<em>La r\u00e9sistance \u00e0 la flexion est enregistr\u00e9e sous la forme d&#039;un moment de flexion, mesur\u00e9 en millinewtons-m\u00e8tres (mN\u00b7m).<\/em><\/p>\n<p><strong>Q3 : Quelle est la diff\u00e9rence entre les angles de flexion de 15\u00b0 et 7,5\u00b0 ?<\/strong><br \/>\n<em>L&#039;angle de 15\u00b0 est standard pour la plupart des mat\u00e9riaux, tandis que l&#039;angle de 7,5\u00b0 est utilis\u00e9 pour les mat\u00e9riaux qui pourraient se d\u00e9former s&#039;ils \u00e9taient pli\u00e9s \u00e0 des angles plus grands.<\/em><\/p>\n<p><strong>Q4 : \u00c0 quelles normes ce testeur est-il conforme ?<\/strong><br \/>\n<em>Le testeur de rigidit\u00e9 Taber est conforme aux normes ASTM D5342, ASTM D5650, ASTM D3301, BS ISO 2493.2, ISO 2493.2, JIS P8125.2, TAPPI T489 et TAPPI T566.<\/em><\/p>\n<p><strong>Q5 : Quelles industries utilisent couramment le testeur de rigidit\u00e9 Taber ?<\/strong><br \/>\n<em>Les industries telles que l&#039;emballage, les produits pharmaceutiques, l&#039;alimentation, l&#039;\u00e9lectronique et l&#039;inspection de la qualit\u00e9 utilisent fr\u00e9quemment le testeur de rigidit\u00e9 Taber pour garantir l&#039;int\u00e9grit\u00e9 du produit.<\/em><\/p>","protected":false},"excerpt":{"rendered":"<p>Le <strong>Testeur de rigidit\u00e9 Taber<\/strong> est un outil essentiel con\u00e7u pour \u00e9valuer la r\u00e9sistance \u00e0 la flexion du papier, du carton et d&#039;autres mat\u00e9riaux \u00e0 grammage \u00e9lev\u00e9. Avec des applications dans des secteurs tels que l&#039;emballage, les appareils m\u00e9dicaux, l&#039;\u00e9lectronique et l&#039;inspection de la qualit\u00e9, cet instrument aide les fabricants \u00e0 garantir la durabilit\u00e9 et l&#039;int\u00e9grit\u00e9 structurelle des produits. Le testeur de rigidit\u00e9 Taber fournit des mesures pr\u00e9cises et fiables, ce qui le rend id\u00e9al pour les processus d&#039;assurance qualit\u00e9 o\u00f9 des donn\u00e9es de rigidit\u00e9 pr\u00e9cises sont essentielles.<\/p>","protected":false},"featured_media":6292,"comment_status":"closed","ping_status":"closed","template":"","meta":{"site-sidebar-layout":"default","site-content-layout":"default","ast-global-header-display":"","ast-main-header-display":"","ast-hfb-above-header-display":"","ast-hfb-below-header-display":"","ast-hfb-mobile-header-display":"","site-post-title":"","ast-breadcrumbs-content":"","ast-featured-img":"","footer-sml-layout":"","theme-transparent-header-meta":"default","adv-header-id-meta":"","stick-header-meta":"","header-above-stick-meta":"","header-main-stick-meta":"","header-below-stick-meta":""},"product_cat":[1096,1094,1095,845,1097,1171,1098,1099,44,95],"product_tag":[],"class_list":{"0":"post-5345","1":"product","2":"type-product","3":"status-publish","4":"has-post-thumbnail","6":"product_cat-astm-d3301","7":"product_cat-astm-d5342","8":"product_cat-astm-d5650","9":"product_cat-customization","10":"product_cat-iso-2493-2","11":"product_cat-jis-p8125-2","12":"product_cat-tappi-t489","13":"product_cat-tappi-t566","14":"product_cat-paper-and-board-testers","15":"product_cat-products","16":"desktop-align-left","17":"tablet-align-left","18":"mobile-align-left","20":"first","21":"instock","22":"shipping-taxable","23":"product-type-simple"},"_links":{"self":[{"href":"https:\/\/www.qualitester.com\/fr\/wp-json\/wp\/v2\/product\/5345","targetHints":{"allow":["GET"]}}],"collection":[{"href":"https:\/\/www.qualitester.com\/fr\/wp-json\/wp\/v2\/product"}],"about":[{"href":"https:\/\/www.qualitester.com\/fr\/wp-json\/wp\/v2\/types\/product"}],"replies":[{"embeddable":true,"href":"https:\/\/www.qualitester.com\/fr\/wp-json\/wp\/v2\/comments?post=5345"}],"version-history":[{"count":0,"href":"https:\/\/www.qualitester.com\/fr\/wp-json\/wp\/v2\/product\/5345\/revisions"}],"wp:featuredmedia":[{"embeddable":true,"href":"https:\/\/www.qualitester.com\/fr\/wp-json\/wp\/v2\/media\/6292"}],"wp:attachment":[{"href":"https:\/\/www.qualitester.com\/fr\/wp-json\/wp\/v2\/media?parent=5345"}],"wp:term":[{"taxonomy":"product_cat","embeddable":true,"href":"https:\/\/www.qualitester.com\/fr\/wp-json\/wp\/v2\/product_cat?post=5345"},{"taxonomy":"product_tag","embeddable":true,"href":"https:\/\/www.qualitester.com\/fr\/wp-json\/wp\/v2\/product_tag?post=5345"}],"curies":[{"name":"wp","href":"https:\/\/api.w.org\/{rel}","templated":true}]}}