{"id":5309,"date":"2024-11-13T09:24:25","date_gmt":"2024-11-13T01:24:25","guid":{"rendered":"https:\/\/www.qualitester.com\/?post_type=product&#038;p=5309"},"modified":"2024-12-04T16:31:54","modified_gmt":"2024-12-04T08:31:54","slug":"sale-drop-weight-impact-tester","status":"publish","type":"product","link":"https:\/\/www.qualitester.com\/fr\/produit\/sale-drop-weight-impact-tester\/","title":{"rendered":"Testeur d&#039;impact de poids tombant FBT-01S"},"content":{"rendered":"<p>La r\u00e9sistance aux chocs est une caract\u00e9ristique essentielle pour les mat\u00e9riaux expos\u00e9s \u00e0 des impacts soudains ou continus. <strong>Testeur d&#039;impact de poids tombant<\/strong> fournit une m\u00e9thode pr\u00e9cise et fiable pour \u00e9valuer la durabilit\u00e9 de divers mat\u00e9riaux, notamment les films, les feuilles, le papier, les feuilles de plastique et les composites d&#039;une \u00e9paisseur inf\u00e9rieure \u00e0 2 mm. Ce testeur joue un r\u00f4le crucial dans le contr\u00f4le qualit\u00e9 et le d\u00e9veloppement de produits dans tous les secteurs, garantissant que les mat\u00e9riaux r\u00e9pondent \u00e0 des normes strictes de performance et de durabilit\u00e9.<\/p>\n<h2>Conforme aux normes ASTM D1709 et ISO 7765-1<\/h2>\n<p>Le testeur d&#039;impact de poids tombant est con\u00e7u pour r\u00e9pondre aux exigences de <strong>ASTM D1709<\/strong> et <strong>ISO 7765-1<\/strong>\u2014deux des normes les plus largement reconnues pour les tests de r\u00e9sistance aux chocs. <strong>ASTM D1709<\/strong> se concentre sur la r\u00e9sistance aux chocs des films plastiques \u00e0 l&#039;aide d&#039;une m\u00e9thode de fl\u00e9chettes \u00e0 chute libre, garantissant que les mat\u00e9riaux r\u00e9sistent efficacement aux forces de perforation. <strong>ISO 7765-1<\/strong> fournit une m\u00e9thode d&#039;essai standard pour d\u00e9terminer la r\u00e9sistance aux chocs des films thermoplastiques, ce qui rend ce testeur id\u00e9al pour la conformit\u00e9 aux tests r\u00e9gionaux et internationaux. Le respect de ces normes garantit que ce testeur produit des r\u00e9sultats hautement fiables et standardis\u00e9s adapt\u00e9s \u00e0 un large \u00e9ventail d&#039;applications.<\/p>\n<h2>Applications du testeur d&#039;impact de poids tombant<\/h2>\n<p>Le testeur est utilis\u00e9 dans de nombreux secteurs, notamment l&#039;emballage, les produits pharmaceutiques, les aliments et les boissons, l&#039;\u00e9lectronique et les produits chimiques courants. Il \u00e9value la r\u00e9sistance des mat\u00e9riaux tels que les films d&#039;emballage, les emballages en plastique et les films de protection, qui subissent souvent des forces d&#039;impact lors de la manutention, du transport et de l&#039;utilisation par les consommateurs. En \u00e9valuant la r\u00e9sistance aux chocs des mat\u00e9riaux, ce testeur aide les fabricants \u00e0 garantir que leurs produits conservent leur int\u00e9grit\u00e9 structurelle, prot\u00e8gent leur contenu et r\u00e9pondent aux normes de l&#039;industrie.<\/p>\n<h2>M\u00e9thode d&#039;essai pour les essais d&#039;impact de chute de poids<\/h2>\n<p>Le <strong>Testeur d&#039;impact de poids tombant<\/strong> utilise une bille ou une fl\u00e9chette en acier de masse et de diam\u00e8tre sp\u00e9cifi\u00e9s, qui est l\u00e2ch\u00e9e d&#039;une hauteur pr\u00e9d\u00e9termin\u00e9e pour simuler une force d&#039;impact contr\u00f4l\u00e9e sur le mat\u00e9riau. Le testeur mesure les dommages, la d\u00e9formation et l&#039;\u00e9nergie absorb\u00e9e par le mat\u00e9riau qui en r\u00e9sultent, fournissant une analyse quantifiable de sa r\u00e9sistance aux chocs. Les facteurs cl\u00e9s influen\u00e7ant les r\u00e9sultats des tests comprennent :<\/p>\n<ul>\n<li><strong>Hauteur de chute<\/strong>:R\u00e9glable de 300 mm \u00e0 600 mm (et extensible selon les besoins), simulant diff\u00e9rentes conditions d&#039;impact pour des sc\u00e9narios de test personnalis\u00e9s.<\/li>\n<li><strong>Taille et masse de la balle<\/strong>:Configurable en fonction de la norme de test et des exigences de l&#039;application, permettant une simulation pr\u00e9cise des impacts du monde r\u00e9el.<\/li>\n<\/ul>\n<h2>Principales caract\u00e9ristiques du testeur d&#039;impact de poids tombant<\/h2>\n<ul>\n<li><strong>Hauteur d&#039;impact r\u00e9glable<\/strong>:Personnalisez la hauteur d&#039;impact pour diff\u00e9rents sc\u00e9narios de test, permettant des tests d&#039;impact pr\u00e9cis et flexibles.<\/li>\n<li><strong>Syst\u00e8me de suspension \u00e9lectromagn\u00e9tique<\/strong>:Cette fonction garantit un m\u00e9canisme de lib\u00e9ration coh\u00e9rent, minimisant la variabilit\u00e9 et am\u00e9liorant la pr\u00e9cision.<\/li>\n<li><strong>Serrage pneumatique d&#039;\u00e9chantillons<\/strong>:Le m\u00e9canisme de serrage pneumatique maintient solidement l&#039;\u00e9chantillon d&#039;essai, emp\u00eachant tout mouvement qui pourrait compromettre les r\u00e9sultats.<\/li>\n<li><strong>Utilisation conviviale<\/strong>:Le testeur est \u00e9quip\u00e9 de p\u00e9dales de commande, permettant une utilisation facile et facilitant le contr\u00f4le mains libres pour des tests s\u00fbrs et efficaces.<\/li>\n<\/ul>\n<h2>Sp\u00e9cifications techniques<\/h2>\n<table>\n<tbody>\n<tr>\n<td style=\"text-align: center;\" width=\"161\">Hauteur d&#039;impact<\/td>\n<td style=\"text-align: center;\" width=\"290\">300 mm-600 mm (peut \u00eatre rallong\u00e9)<\/td>\n<\/tr>\n<tr>\n<td style=\"text-align: center;\" width=\"161\">Diam\u00e8tres des billes (mm)<\/td>\n<td style=\"text-align: center;\" width=\"290\">23, 25, 28,6, 38,1, 50,8 (un \u00e9quip\u00e9)<\/td>\n<\/tr>\n<tr>\n<td style=\"text-align: center;\" width=\"161\">Pr\u00e9cision<\/td>\n<td style=\"text-align: center;\" width=\"290\">0,1 g (0,1 J)<\/td>\n<\/tr>\n<tr>\n<td style=\"text-align: center;\" width=\"161\">Pince \u00e0 sp\u00e9cimen<\/td>\n<td style=\"text-align: center;\" width=\"290\">Pince pneumatique<\/td>\n<\/tr>\n<tr>\n<td style=\"text-align: center;\" width=\"161\">Alimentation en gaz<\/td>\n<td style=\"text-align: center;\" width=\"290\">Tube en PU de 0,6 MPa \u03a68 mm<\/td>\n<\/tr>\n<tr>\n<td style=\"text-align: center;\" width=\"161\">Taille du sp\u00e9cimen<\/td>\n<td style=\"text-align: center;\" width=\"290\">&gt; 150 mm x 150 mm<\/td>\n<\/tr>\n<tr>\n<td style=\"text-align: center;\" width=\"161\">Alimentation \u00e9lectrique<\/td>\n<td style=\"text-align: center;\" width=\"290\">CA 110~220V 50Hz<\/td>\n<\/tr>\n<\/tbody>\n<\/table>\n<h2>Avantages du testeur d&#039;impact de poids tombant<\/h2>\n<p>L&#039;utilisation de ce testeur fournit des r\u00e9sultats coh\u00e9rents et pr\u00e9cis qui \u00e9clairent les mesures de contr\u00f4le de la qualit\u00e9 et la s\u00e9lection des mat\u00e9riaux dans la fabrication. En garantissant la conformit\u00e9 aux normes ASTM D1709 et ISO 7765-1, ce testeur d&#039;impact aide les industries \u00e0 respecter les normes r\u00e9glementaires et les attentes des clients en mati\u00e8re de durabilit\u00e9 et de s\u00e9curit\u00e9, en particulier dans la fabrication d&#039;emballages et de mat\u00e9riaux. Le testeur est \u00e9galement un choix id\u00e9al pour les environnements de recherche et d\u00e9veloppement, o\u00f9 des donn\u00e9es fiables sur la r\u00e9sistance aux chocs guident le d\u00e9veloppement de nouveaux produits.<\/p>\n<h2>Conformit\u00e9 aux normes ASTM D1709 et ISO 7765-1<\/h2>\n<p>Le testeur d&#039;impact de poids tombant est enti\u00e8rement conforme aux normes <a href=\"https:\/\/www.astm.org\/standards\/d1709\" target=\"_blank\" rel=\"noopener nofollow\"><strong>ASTM D1709<\/strong><\/a> et <a href=\"https:\/\/www.iso.org\/standard\/14629.html\" target=\"_blank\" rel=\"noopener nofollow\"><strong>ISO 7765-1<\/strong><\/a>, ce qui signifie qu&#039;il est certifi\u00e9 pour les tests standardis\u00e9s et applicable aux march\u00e9s locaux et internationaux. Cela garantit que les utilisateurs peuvent compter sur des r\u00e9sultats pr\u00e9cis et comparables dans diverses installations de test et lignes de production, simplifiant ainsi le contr\u00f4le qualit\u00e9 et la conformit\u00e9 r\u00e9glementaire.<\/p>\n<h2>Questions fr\u00e9quemment pos\u00e9es (FAQ)<\/h2>\n<ol>\n<li><strong>Quels types de mat\u00e9riaux peuvent \u00eatre test\u00e9s avec un testeur d&#039;impact de poids de chute ?<\/strong>\n<ul>\n<li>Ce testeur convient aux films, feuilles, papiers, feuilles de plastique et autres mat\u00e9riaux minces jusqu&#039;\u00e0 2 mm d&#039;\u00e9paisseur.<\/li>\n<\/ul>\n<\/li>\n<li><strong>Pourquoi les normes ASTM D1709 et ISO 7765-1 sont-elles importantes pour les tests d\u2019impact ?<\/strong>\n<ul>\n<li>Ces normes sp\u00e9cifient des m\u00e9thodes coh\u00e9rentes pour tester la r\u00e9sistance aux chocs, garantissant des r\u00e9sultats fiables et comparables dans tous les secteurs.<\/li>\n<\/ul>\n<\/li>\n<li><strong>Quels facteurs peuvent influencer la pr\u00e9cision du test d\u2019impact ?<\/strong>\n<ul>\n<li>Les facteurs cl\u00e9s comprennent la hauteur de chute, la taille de la bille et le serrage de l&#039;\u00e9chantillon, qui peuvent tous \u00eatre contr\u00f4l\u00e9s pour r\u00e9pondre \u00e0 des besoins de test sp\u00e9cifiques.<\/li>\n<\/ul>\n<\/li>\n<li><strong>Comment le syst\u00e8me de suspension \u00e9lectromagn\u00e9tique am\u00e9liore-t-il la pr\u00e9cision des tests ?<\/strong>\n<ul>\n<li>La suspension \u00e9lectromagn\u00e9tique assure une chute pr\u00e9cise et constante, r\u00e9duisant les variations et am\u00e9liorant la pr\u00e9cision des r\u00e9sultats.<\/li>\n<\/ul>\n<\/li>\n<li><strong>Quelles industries b\u00e9n\u00e9ficient le plus de l\u2019utilisation d\u2019un testeur d\u2019impact de chute de poids ?<\/strong>\n<ul>\n<li>Les industries telles que l\u2019emballage, les produits pharmaceutiques, l\u2019\u00e9lectronique et la production d\u2019aliments et de boissons b\u00e9n\u00e9ficient de la v\u00e9rification de la durabilit\u00e9 des mat\u00e9riaux face aux forces d\u2019impact.<\/li>\n<\/ul>\n<\/li>\n<\/ol>","protected":false},"excerpt":{"rendered":"<p>La r\u00e9sistance aux chocs est une caract\u00e9ristique essentielle pour les mat\u00e9riaux expos\u00e9s \u00e0 des impacts soudains ou continus. <strong>Testeur d&#039;impact de poids tombant<\/strong> fournit une m\u00e9thode pr\u00e9cise et fiable pour \u00e9valuer la durabilit\u00e9 de divers mat\u00e9riaux, notamment les films, les feuilles, le papier, les feuilles de plastique et les composites d&#039;une \u00e9paisseur inf\u00e9rieure \u00e0 2 mm. Ce testeur joue un r\u00f4le crucial dans le contr\u00f4le qualit\u00e9 et le d\u00e9veloppement de produits dans tous les secteurs, garantissant que les mat\u00e9riaux r\u00e9pondent \u00e0 des normes strictes de performance et de durabilit\u00e9.<\/p>","protected":false},"featured_media":6147,"comment_status":"closed","ping_status":"closed","template":"","meta":{"site-sidebar-layout":"default","site-content-layout":"default","ast-global-header-display":"","ast-main-header-display":"","ast-hfb-above-header-display":"","ast-hfb-below-header-display":"","ast-hfb-mobile-header-display":"","site-post-title":"","ast-breadcrumbs-content":"","ast-featured-img":"","footer-sml-layout":"","theme-transparent-header-meta":"default","adv-header-id-meta":"","stick-header-meta":"","header-above-stick-meta":"","header-main-stick-meta":"","header-below-stick-meta":""},"product_cat":[845,938,684,17,44,149,16,95],"product_tag":[],"class_list":{"0":"post-5309","1":"product","2":"type-product","3":"status-publish","4":"has-post-thumbnail","6":"product_cat-customization","7":"product_cat-textile-tester","8":"product_cat-impact-tester","9":"product_cat-package-container-testers","10":"product_cat-paper-and-board-testers","11":"product_cat-pharma-and-medical-testers","12":"product_cat-plastic-packaging-testers","13":"product_cat-products","14":"desktop-align-left","15":"tablet-align-left","16":"mobile-align-left","18":"first","19":"instock","20":"shipping-taxable","21":"product-type-simple"},"_links":{"self":[{"href":"https:\/\/www.qualitester.com\/fr\/wp-json\/wp\/v2\/product\/5309","targetHints":{"allow":["GET"]}}],"collection":[{"href":"https:\/\/www.qualitester.com\/fr\/wp-json\/wp\/v2\/product"}],"about":[{"href":"https:\/\/www.qualitester.com\/fr\/wp-json\/wp\/v2\/types\/product"}],"replies":[{"embeddable":true,"href":"https:\/\/www.qualitester.com\/fr\/wp-json\/wp\/v2\/comments?post=5309"}],"version-history":[{"count":0,"href":"https:\/\/www.qualitester.com\/fr\/wp-json\/wp\/v2\/product\/5309\/revisions"}],"wp:featuredmedia":[{"embeddable":true,"href":"https:\/\/www.qualitester.com\/fr\/wp-json\/wp\/v2\/media\/6147"}],"wp:attachment":[{"href":"https:\/\/www.qualitester.com\/fr\/wp-json\/wp\/v2\/media?parent=5309"}],"wp:term":[{"taxonomy":"product_cat","embeddable":true,"href":"https:\/\/www.qualitester.com\/fr\/wp-json\/wp\/v2\/product_cat?post=5309"},{"taxonomy":"product_tag","embeddable":true,"href":"https:\/\/www.qualitester.com\/fr\/wp-json\/wp\/v2\/product_tag?post=5309"}],"curies":[{"name":"wp","href":"https:\/\/api.w.org\/{rel}","templated":true}]}}