{"id":5304,"date":"2024-11-12T17:08:48","date_gmt":"2024-11-12T09:08:48","guid":{"rendered":"https:\/\/www.qualitester.com\/?post_type=product&#038;p=5304"},"modified":"2024-12-05T11:20:36","modified_gmt":"2024-12-05T03:20:36","slug":"sale-bekk-smoothness-tester-iso-5627","status":"publish","type":"product","link":"https:\/\/www.qualitester.com\/fr\/produit\/sale-bekk-smoothness-tester-iso-5627\/","title":{"rendered":"Testeur de lissage ST-01"},"content":{"rendered":"<h2><strong>Pr\u00e9sentation du testeur de lissage Bekk<\/strong><\/h2>\n<p>Le testeur de lissage Bekk est un appareil de haute pr\u00e9cision sp\u00e9cialement con\u00e7u pour mesurer la plan\u00e9it\u00e9 de surface des mat\u00e9riaux en papier et en carton \u00e0 l&#039;aide de la c\u00e9l\u00e8bre m\u00e9thode Bekk. Cet instrument sophistiqu\u00e9 fournit des donn\u00e9es essentielles sur la plan\u00e9it\u00e9 et l&#039;uniformit\u00e9 des surfaces de papier, des caract\u00e9ristiques cl\u00e9s influen\u00e7ant la qualit\u00e9 dans des applications telles que l&#039;impression, l&#039;emballage et la fabrication de produits. Avec le testeur de lissage Bekk de Cell Instruments, les industries peuvent s&#039;assurer que leurs mat\u00e9riaux r\u00e9pondent \u00e0 des normes de lissage \u00e9lev\u00e9es, am\u00e9liorant ainsi la qualit\u00e9 et la coh\u00e9rence du produit final.<\/p>\n<h2><strong>Comprendre le liss\u00e9 du papier et du carton<\/strong><\/h2>\n<p>Le liss\u00e9 est un param\u00e8tre de qualit\u00e9 essentiel qui mesure l&#039;uniformit\u00e9 d&#039;une surface de papier ou de carton. Il est quantifi\u00e9 comme le temps n\u00e9cessaire \u00e0 l&#039;air pour passer entre la surface de l&#039;\u00e9chantillon d&#039;essai et un anneau annulaire dans des conditions de pression contr\u00f4l\u00e9es, mesur\u00e9 en secondes (s). Des valeurs de liss\u00e9 plus \u00e9lev\u00e9es, indiqu\u00e9es par des temps de flux d&#039;air plus longs, signifient une surface plus plate, ce qui se traduit g\u00e9n\u00e9ralement par une meilleure qualit\u00e9 d&#039;impression, une meilleure adh\u00e9rence de l&#039;encre et des finitions de produit visuellement attrayantes. En garantissant un liss\u00e9 de surface \u00e9lev\u00e9, les fabricants peuvent r\u00e9pondre \u00e0 des normes de qualit\u00e9 strictes en mati\u00e8re d&#039;emballage et d&#039;impression.<\/p>\n<h2><strong>Principe de test de base du testeur de lissage Bekk<\/strong><\/h2>\n<p>Le testeur de lissage Bekk fonctionne sur le principe fondamental de la m\u00e9thode Bekk, qui utilise des mesures pr\u00e9cises de d\u00e9placement d&#039;air pour \u00e9valuer le lissage de la surface. Pendant le test, l&#039;\u00e9chantillon est plac\u00e9 sur une plaque de verre sous pression contr\u00f4l\u00e9e. Un vide partiel est cr\u00e9\u00e9, permettant \u00e0 l&#039;air atmosph\u00e9rique de se d\u00e9placer sur la surface de l&#039;\u00e9chantillon. Le temps n\u00e9cessaire pour obtenir un changement sp\u00e9cifique du niveau de vide est mesur\u00e9, les temps plus longs indiquant des surfaces plus lisses. Cette m\u00e9thode fournit des r\u00e9sultats fiables et r\u00e9p\u00e9tables, essentiels \u00e0 l&#039;assurance qualit\u00e9 dans les applications papier et carton.<\/p>\n<h2><strong>Conformit\u00e9 \u00e0 la norme ISO 5627 \u2013 Test de lissage du papier et du carton<\/strong><\/h2>\n<p>Le testeur de lissage Bekk est enti\u00e8rement conforme aux normes <strong><a href=\"https:\/\/www.iso.org\/standard\/20129.html\" target=\"_blank\" rel=\"noopener nofollow\">ISO 5627<\/a>:1995<\/strong>, la norme internationalement reconnue pour d\u00e9terminer le liss\u00e9 du papier et du carton \u00e0 l&#039;aide de la m\u00e9thode Bekk. <a href=\"https:\/\/www.qualitester.com\/fr\/categorie-produit\/iso\/iso-5627\/\" target=\"_blank\" rel=\"noopener\">ISO 5627<\/a> d\u00e9crit les conditions de test strictes, notamment les diff\u00e9rentiels de pression sp\u00e9cifi\u00e9s, la pression de contact et la dur\u00e9e de mesure, que le testeur de lissage Bekk respecte. La conformit\u00e9 \u00e0 la norme ISO 5627 garantit des tests de lissage coh\u00e9rents et pr\u00e9cis qui r\u00e9pondent aux crit\u00e8res de qualit\u00e9 mondiaux, permettant aux fabricants de respecter les normes internationales et de fournir des r\u00e9sultats fiables.<\/p>\n<h2><strong>Caract\u00e9ristiques et avantages du testeur de lissage Bekk<\/strong><\/h2>\n<ul>\n<li><strong>Haute pr\u00e9cision et fiabilit\u00e9<\/strong><br \/>\nLe testeur de lissage Bekk utilise un moteur pas \u00e0 pas et un capteur de charge de haute pr\u00e9cision, garantissant une application de pression uniforme et en douceur sans endommager les \u00e9chantillons. Contrairement \u00e0 certains testeurs de lissage qui utilisent des poids ou des m\u00e9canismes \u00e0 ressort, cette conception \u00e9vite les impacts sur l&#039;\u00e9chantillon et les impr\u00e9cisions de pression, maintenant une pr\u00e9cision de test \u00e9lev\u00e9e de 100 \u00b1 0,5 kPa.<\/li>\n<li><strong>Facilit\u00e9 d&#039;utilisation<\/strong><br \/>\nLa fonctionnalit\u00e9 de test \u00e0 un seul bouton \u00e9limine le besoin de r\u00e9glages manuels, ce qui la rend conviviale pour les op\u00e9rateurs de tout niveau de comp\u00e9tence. L&#039;\u00e9cran tactile intuitif de 7 pouces affiche les donn\u00e9es en temps r\u00e9el, permettant une navigation et une surveillance des tests efficaces.<\/li>\n<li><strong>D\u00e9tection et contr\u00f4le avanc\u00e9s du flux d&#039;air<\/strong><br \/>\nDot\u00e9 d&#039;une d\u00e9tection pr\u00e9cise du flux d&#039;air, l&#039;instrument identifie automatiquement la plage requise en fonction des propri\u00e9t\u00e9s de l&#039;\u00e9chantillon et ajuste la vitesse du flux d&#039;air en cons\u00e9quence. Cette fonction garantit un contr\u00f4le optimal de la ventilation et des r\u00e9sultats fiables, m\u00eame pour divers types d&#039;\u00e9chantillons.<\/li>\n<li><strong>Fonctionnement sans entretien<\/strong><br \/>\nLe testeur comprend une pompe \u00e0 vide import\u00e9e sans huile, con\u00e7ue pour fonctionner sans entretien pendant toute sa dur\u00e9e de vie, ajoutant fiabilit\u00e9 et commodit\u00e9 au processus de test.<\/li>\n<li><strong>Imprimante thermique int\u00e9gr\u00e9e<\/strong><br \/>\nUne imprimante thermique int\u00e9gr\u00e9e permet une impression rapide des r\u00e9sultats des tests, rationalisant ainsi les flux de travail et la documentation des dossiers de laboratoire.<\/li>\n<\/ul>\n<h2><strong>Conformit\u00e9 \u00e0 d\u2019autres normes<\/strong><\/h2>\n<p>En plus de la norme ISO 5627, le testeur de lissage Bekk adh\u00e8re \u00e0 plusieurs normes cl\u00e9s, ce qui le rend polyvalent et adapt\u00e9 aux applications mondiales :<\/p>\n<ul>\n<li><strong>GB\/T 456-2002<\/strong> \u2013 Sp\u00e9cifie la m\u00e9thode Bekk pour d\u00e9terminer le liss\u00e9 du papier et du carton, largement utilis\u00e9e sur le march\u00e9 chinois.<\/li>\n<li><strong>QB\/T1665<\/strong> \u2013 Cette norme nationale chinoise r\u00e9git les tests de lissage du papier et du carton, avec des m\u00e9thodes \u00e9troitement li\u00e9es \u00e0 la m\u00e9thode Bekk.<\/li>\n<li><strong>TAPPI T479<\/strong> \u2013 La m\u00e9thode de lissage Bekk telle que d\u00e9finie par TAPPI, couramment utilis\u00e9e sur les march\u00e9s nord-am\u00e9ricains pour tester avec pr\u00e9cision le lissage des mat\u00e9riaux en papier.<\/li>\n<\/ul>\n<h2><strong>Applications du testeur de lissage Bekk<\/strong><\/h2>\n<p>Le testeur de lissage Bekk est d&#039;une valeur inestimable dans plusieurs industries o\u00f9 la qualit\u00e9 et les performances des mat\u00e9riaux sont primordiales\u00a0:<\/p>\n<ul>\n<li><strong>Conditionnement<\/strong> \u2013 Les surfaces lisses garantissent des finitions d\u2019emballage et une durabilit\u00e9 sup\u00e9rieures.<\/li>\n<li><strong>Impression<\/strong> \u2013 Des valeurs de lissage \u00e9lev\u00e9es sont essentielles pour des r\u00e9sultats d\u2019impression clairs et \u00e9clatants.<\/li>\n<li><strong>Agences de contr\u00f4le de la qualit\u00e9<\/strong> \u2013 Les tests de conformit\u00e9 garantissent que les mat\u00e9riaux r\u00e9pondent aux normes r\u00e9glementaires et de consommation.<\/li>\n<li><strong>Fabrication de papier et de carton<\/strong> \u2013 Les mesures de lissage garantissent une qualit\u00e9 de produit constante tout au long des cycles de fabrication.<\/li>\n<li><strong>Recherche et d\u00e9veloppement<\/strong> \u2013 Tester de nouvelles formulations de mat\u00e9riaux pour la qualit\u00e9 de surface et la fonctionnalit\u00e9.<\/li>\n<\/ul>\n<h2><strong>Sp\u00e9cifications techniques du testeur de lissage Bekk<\/strong><\/h2>\n<ul>\n<li><strong>Plage de mesure<\/strong>:Lectures pr\u00e9cises de la r\u00e9gularit\u00e9 dans des conditions de pression et de vide sp\u00e9cifi\u00e9es.<\/li>\n<li><strong>Contr\u00f4le de la pression<\/strong>:Contr\u00f4le avanc\u00e9 de 100 \u00b1 0,5 kPa avec int\u00e9gration de moteur pas \u00e0 pas et de capteur de charge.<\/li>\n<li><strong>Afficher<\/strong>:Grand \u00e9cran tactile couleur de 7 pouces pour une utilisation facile et une visibilit\u00e9 des donn\u00e9es.<\/li>\n<li><strong>Imprimante<\/strong>:Micro-imprimante thermique int\u00e9gr\u00e9e pour une sortie imm\u00e9diate des r\u00e9sultats.<\/li>\n<li><strong>Pompe \u00e0 vide<\/strong>:Pompe \u00e0 vide sans huile et sans entretien pour des performances de test constantes et fiables.<\/li>\n<\/ul>\n<h2><strong>Questions fr\u00e9quemment pos\u00e9es (FAQ)<\/strong><\/h2>\n<ol>\n<li><strong>Quels types de mat\u00e9riaux peuvent \u00eatre test\u00e9s avec le testeur de lissage Bekk ?<\/strong><br \/>\nLe testeur de lissage Bekk est con\u00e7u pour les mat\u00e9riaux en papier et en carton, adapt\u00e9 aux applications d&#039;emballage, d&#039;impression et de test de qualit\u00e9 des produits.<\/li>\n<li><strong>En quoi la m\u00e9thode Bekk diff\u00e8re-t-elle des autres m\u00e9thodes de test de lissage ?<\/strong><br \/>\nLa m\u00e9thode Bekk mesure la douceur en fonction du temps de passage de l&#039;air sous une pression sp\u00e9cifique, fournissant une \u00e9valuation de la douceur tr\u00e8s sensible et pr\u00e9cise pour les surfaces fines.<\/li>\n<li><strong>Quels sont les principaux avantages de la conformit\u00e9 \u00e0 la norme ISO 5627 ?<\/strong><br \/>\nLa conformit\u00e9 \u00e0 la norme ISO 5627 garantit que le test de douceur r\u00e9pond aux normes internationalement reconnues, fournissant des r\u00e9sultats fiables et coh\u00e9rents pour l&#039;assurance qualit\u00e9.<\/li>\n<li><strong>Comment interpr\u00e9ter les r\u00e9sultats du test en termes de lissage ?<\/strong><br \/>\nDes temps de test plus longs indiquent une meilleure r\u00e9gularit\u00e9. Une r\u00e9gularit\u00e9 plus \u00e9lev\u00e9e est g\u00e9n\u00e9ralement corr\u00e9l\u00e9e \u00e0 une meilleure qualit\u00e9 d&#039;impression et \u00e0 une meilleure uniformit\u00e9 de surface.<\/li>\n<li><strong>Quel entretien est n\u00e9cessaire pour le testeur de lissage Bekk ?<\/strong><br \/>\nLe testeur de lissage Bekk n\u00e9cessite un entretien minimal gr\u00e2ce \u00e0 sa pompe \u00e0 vide sans huile, con\u00e7ue pour un fonctionnement \u00e0 long terme et sans entretien.<\/li>\n<\/ol>","protected":false},"excerpt":{"rendered":"<p>Introduction to the Bekk Smoothness Tester The Bekk Smoothness Tester is a high-precision device specifically designed to measure the surface smoothness of paper and board materials using the renowned Bekk Method. This sophisticated instrument provides vital data on the flatness and evenness of paper surfaces, key characteristics influencing quality in applications like printing, packaging, and &hellip;<\/p>\n<p class=\"read-more\"> <a class=\"\" href=\"https:\/\/www.qualitester.com\/fr\/produit\/sale-bekk-smoothness-tester-iso-5627\/\"> <span class=\"screen-reader-text\">Testeur de lissage ST-01<\/span> Lire la suite \"<\/a><\/p>","protected":false},"featured_media":6199,"comment_status":"closed","ping_status":"closed","template":"","meta":{"site-sidebar-layout":"default","site-content-layout":"default","ast-global-header-display":"","ast-main-header-display":"","ast-hfb-above-header-display":"","ast-hfb-below-header-display":"","ast-hfb-mobile-header-display":"","site-post-title":"","ast-breadcrumbs-content":"","ast-featured-img":"","footer-sml-layout":"","theme-transparent-header-meta":"default","adv-header-id-meta":"","stick-header-meta":"","header-above-stick-meta":"","header-main-stick-meta":"","header-below-stick-meta":""},"product_cat":[845,1138,961,44,95],"product_tag":[],"class_list":{"0":"post-5304","1":"product","2":"type-product","3":"status-publish","4":"has-post-thumbnail","6":"product_cat-customization","7":"product_cat-iso-5627","8":"product_cat-smoothness-tester","9":"product_cat-paper-and-board-testers","10":"product_cat-products","11":"desktop-align-left","12":"tablet-align-left","13":"mobile-align-left","15":"first","16":"instock","17":"shipping-taxable","18":"product-type-simple"},"_links":{"self":[{"href":"https:\/\/www.qualitester.com\/fr\/wp-json\/wp\/v2\/product\/5304","targetHints":{"allow":["GET"]}}],"collection":[{"href":"https:\/\/www.qualitester.com\/fr\/wp-json\/wp\/v2\/product"}],"about":[{"href":"https:\/\/www.qualitester.com\/fr\/wp-json\/wp\/v2\/types\/product"}],"replies":[{"embeddable":true,"href":"https:\/\/www.qualitester.com\/fr\/wp-json\/wp\/v2\/comments?post=5304"}],"version-history":[{"count":0,"href":"https:\/\/www.qualitester.com\/fr\/wp-json\/wp\/v2\/product\/5304\/revisions"}],"wp:featuredmedia":[{"embeddable":true,"href":"https:\/\/www.qualitester.com\/fr\/wp-json\/wp\/v2\/media\/6199"}],"wp:attachment":[{"href":"https:\/\/www.qualitester.com\/fr\/wp-json\/wp\/v2\/media?parent=5304"}],"wp:term":[{"taxonomy":"product_cat","embeddable":true,"href":"https:\/\/www.qualitester.com\/fr\/wp-json\/wp\/v2\/product_cat?post=5304"},{"taxonomy":"product_tag","embeddable":true,"href":"https:\/\/www.qualitester.com\/fr\/wp-json\/wp\/v2\/product_tag?post=5304"}],"curies":[{"name":"wp","href":"https:\/\/api.w.org\/{rel}","templated":true}]}}